{"id":7343,"date":"2025-03-23T08:14:08","date_gmt":"2025-03-23T08:14:08","guid":{"rendered":"https:\/\/fmp-components.com\/?post_type=product&#038;p=7343"},"modified":"2025-03-26T08:46:51","modified_gmt":"2025-03-26T08:46:51","slug":"steel-double-helical-gear","status":"publish","type":"product","link":"https:\/\/fmp-components.com\/tr\/product\/steel-double-helical-gear\/","title":{"rendered":"\u00c7elik \u00c7ift Helezon Di\u015fli"},"content":{"rendered":"<div>\n<h2>FMP'den Birinci S\u0131n\u0131f \u00c7elik \u00c7ift Helezon Di\u015fliler<\/h2>\n<p class=\"break-words\">\u00c7elik \u00e7ift helisel di\u015fliler, y\u00fcksek tork iletimi sa\u011flarken g\u00fcr\u00fclt\u00fc ve titre\u015fimi en aza indirme yetenekleri nedeniyle a\u011f\u0131r hizmet makinelerinde hayati \u00f6neme sahip bile\u015fenlerdir. V \u015feklinde di\u015fleriyle \u00f6ne \u00e7\u0131kan bu di\u015fliler, g\u00fcvenilirlik ve verimlili\u011fin kritik oldu\u011fu \u00e7elik \u00fcretimi, enerji \u00fcretimi ve madencilik gibi sekt\u00f6rlerde vazge\u00e7ilmezdir. Di\u015fli \u00fcretiminde g\u00fcvenilir bir lider olan FMP'de, geni\u015f bir yelpazede \u00e7elik \u00e7ift helisel di\u015fli \u00fcretiyoruz. <a href=\"https:\/\/fmp-components.com\/tr\/helical-gears\/\">Helisel Di\u015fliler<\/a> Bu sekt\u00f6rlerin \u00e7e\u015fitli taleplerini kar\u015f\u0131lamak i\u00e7in. Standart modellerden \u00f6zel tasar\u0131mlara kadar her bir di\u015fli, y\u00fcksek kaliteli \u00e7elik ve en son \u00fcretim teknikleri kullan\u0131larak titizlikle \u00fcretilir ve en zorlu uygulamalar i\u00e7in bile ola\u011fan\u00fcst\u00fc hassasiyet ve dayan\u0131kl\u0131l\u0131k sa\u011flar.<\/p>\n<h3>\u00d6zel \u00c7\u00f6z\u00fcmler ve Uzman Deste\u011fi<\/h3>\n<p class=\"break-words\">FMP olarak, her projenin kendine \u00f6zg\u00fc gereksinimleri oldu\u011funu biliyoruz ve bu nedenle \u00c7elik \u00c7ift Helisel Di\u015fliler i\u00e7in \u00f6zel \u00fcretim hizmetleri sunuyoruz. \u0130ster belirli bir boyut, malzeme veya \u00f6zel tasar\u0131m ihtiyac\u0131n\u0131z olsun, yetenekli m\u00fchendislerden olu\u015fan ekibimiz, spesifikasyonlar\u0131n\u0131za tam olarak uyan bir \u00e7\u00f6z\u00fcm olu\u015fturmak i\u00e7in donan\u0131ml\u0131d\u0131r. \u00dcr\u00fcn listemizde arad\u0131\u011f\u0131n\u0131z modeli g\u00f6rm\u00fcyorsan\u0131z, bu sadece hen\u00fcz listeleme f\u0131rsat\u0131m\u0131z olmad\u0131\u011f\u0131 anlam\u0131na gelir. Gereksinimlerinizle ilgili olarak bizimle e-posta yoluyla ileti\u015fime ge\u00e7menizi rica ederiz ve \u00f6zel ekibimiz, ihtiya\u00e7lar\u0131n\u0131z\u0131 nas\u0131l kar\u015f\u0131layabilece\u011fimiz konusunda g\u00f6r\u00fc\u015fmek \u00fczere 24 saat i\u00e7inde size yan\u0131t verecektir. FMP ile, m\u00fckemmel di\u015fli \u00e7\u00f6z\u00fcm\u00fcn\u00fc sunmak i\u00e7in ki\u015fiselle\u015ftirilmi\u015f hizmete ve sekt\u00f6r lideri uzmanl\u0131\u011fa g\u00fcvenebilirsiniz.<\/p>\n<\/div>\n<p>\u00c7elik \u00e7ift helezonlu di\u015fli<\/p>\n<p>Malzeme: Paslanmaz \u00e7elik, \u00f6zel \u00fcretim<\/p>\n<p>\u00c7ap: 20 mm, iste\u011fe g\u00f6re<\/p>\n<h2>\u00dcr\u00fcn \u00d6zellikleri<\/h2>\n<div class=\"table-responsive\">\n<table class=\"table\" style=\"width: 99.1008%; height: 212px;\" border=\"1\">\n<tbody>\n<tr>\n<td>Di\u015fli Tipi<\/td>\n<td>Helisel Di\u015fli<\/td>\n<\/tr>\n<tr>\n<td>Malzeme<\/td>\n<td>SS<\/td>\n<\/tr>\n<tr>\n<td>\u015eekil<\/td>\n<td>Yuvarlak<\/td>\n<\/tr>\n<tr>\n<td>\u00c7ap<\/td>\n<td>20 mm<\/td>\n<\/tr>\n<tr>\n<td>Y\u00fczey \u0130\u015flem<\/td>\n<td>Cilal\u0131<\/td>\n<\/tr>\n<tr>\n<td>Men\u015fei \u00fclke<\/td>\n<td>\u00c7in yap\u0131m\u0131<\/td>\n<\/tr>\n<\/tbody>\n<\/table>\n<p>&nbsp;<\/p>\n<p><img loading=\"lazy\" decoding=\"async\" class=\"size-full wp-image-4579 aligncenter\" src=\"https:\/\/fmp-components.com\/wp-content\/uploads\/2025\/01\/Steel-Double-Helical-Gear.webp\" alt=\"\u00c7elik \u00c7ift Helezon Di\u015fli\" width=\"800\" height=\"800\" title=\"\" srcset=\"https:\/\/fmp-components.com\/wp-content\/uploads\/2025\/01\/Steel-Double-Helical-Gear.webp 800w, https:\/\/fmp-components.com\/wp-content\/uploads\/2025\/01\/Steel-Double-Helical-Gear-480x480.webp 480w\" sizes=\"(min-width: 0px) and (max-width: 480px) 480px, (min-width: 481px) 800px, 100vw\" \/><\/p>\n<\/div>","protected":false},"excerpt":{"rendered":"<p>Premium Steel Double Helical Gears from FMP Steel Double Helical Gears are vital components in heavy-duty machinery, prized for their ability to transmit high torque while minimizing noise and vibration. These gears, distinguished by their V-shaped teeth, are indispensable in industries such as steel manufacturing, power generation, and mining, where reliability and efficiency are critical. [&hellip;]<\/p>","protected":false},"featured_media":4579,"comment_status":"open","ping_status":"closed","template":"","meta":{"_et_pb_use_builder":"","_et_pb_old_content":"","_et_gb_content_width":""},"product_brand":[],"product_cat":[108],"product_tag":[],"class_list":{"0":"post-7343","1":"product","2":"type-product","3":"status-publish","4":"has-post-thumbnail","6":"product_cat-helical-gear","8":"first","9":"instock","10":"shipping-taxable","11":"product-type-simple"},"_links":{"self":[{"href":"https:\/\/fmp-components.com\/tr\/wp-json\/wp\/v2\/product\/7343","targetHints":{"allow":["GET"]}}],"collection":[{"href":"https:\/\/fmp-components.com\/tr\/wp-json\/wp\/v2\/product"}],"about":[{"href":"https:\/\/fmp-components.com\/tr\/wp-json\/wp\/v2\/types\/product"}],"replies":[{"embeddable":true,"href":"https:\/\/fmp-components.com\/tr\/wp-json\/wp\/v2\/comments?post=7343"}],"wp:featuredmedia":[{"embeddable":true,"href":"https:\/\/fmp-components.com\/tr\/wp-json\/wp\/v2\/media\/4579"}],"wp:attachment":[{"href":"https:\/\/fmp-components.com\/tr\/wp-json\/wp\/v2\/media?parent=7343"}],"wp:term":[{"taxonomy":"product_brand","embeddable":true,"href":"https:\/\/fmp-components.com\/tr\/wp-json\/wp\/v2\/product_brand?post=7343"},{"taxonomy":"product_cat","embeddable":true,"href":"https:\/\/fmp-components.com\/tr\/wp-json\/wp\/v2\/product_cat?post=7343"},{"taxonomy":"product_tag","embeddable":true,"href":"https:\/\/fmp-components.com\/tr\/wp-json\/wp\/v2\/product_tag?post=7343"}],"curies":[{"name":"wp","href":"https:\/\/api.w.org\/{rel}","templated":true}]}}