{"id":7332,"date":"2025-03-23T07:37:55","date_gmt":"2025-03-23T07:37:55","guid":{"rendered":"https:\/\/fmp-components.com\/?post_type=product&#038;p=7332"},"modified":"2025-03-26T08:47:29","modified_gmt":"2025-03-26T08:47:29","slug":"industrial-alloy-steel-double-helical-gears","status":"publish","type":"product","link":"https:\/\/fmp-components.com\/tr\/product\/industrial-alloy-steel-double-helical-gears\/","title":{"rendered":"End\u00fcstriyel Ala\u015f\u0131ml\u0131 \u00c7elik \u00c7ift Helezon Di\u015fliler"},"content":{"rendered":"<div>FMP \u015eirketi olarak, \u00e7ok \u00e7e\u015fitli Ala\u015f\u0131ml\u0131 \u00c7elik \u00c7ift Katmanl\u0131 yap\u0131lar \u00fcretmekten gurur duyuyoruz. <a href=\"https:\/\/fmp-components.com\/tr\/helical-gears\/\">Helisel Di\u015fliler<\/a>\u00c7e\u015fitli end\u00fcstriyel uygulamalar i\u00e7in hassasiyet ve dayan\u0131kl\u0131l\u0131k sunmak \u00fczere tasarlanm\u0131\u015ft\u0131r. \u0130ster standart tasar\u0131mlara ister benzersiz bir \u015feye ihtiyac\u0131n\u0131z olsun, tam spesifikasyonlar\u0131n\u0131z\u0131 kar\u015f\u0131lamak i\u00e7in \u00f6zel sipari\u015fleri memnuniyetle kabul ediyoruz. \u00dcr\u00fcn listemizde arad\u0131\u011f\u0131n\u0131z belirli modeli bulamad\u0131n\u0131z m\u0131? Endi\u015felenmeyin, bu sadece \u00e7evrimi\u00e7i katalo\u011fumuzu hen\u00fcz g\u00fcncelleme f\u0131rsat\u0131m\u0131z olmad\u0131\u011f\u0131 anlam\u0131na gelir. \u0130htiya\u00e7lar\u0131n\u0131z\u0131 bize e-posta ile iletin, yetenekli m\u00fchendislerimiz 24 saat i\u00e7inde size \u00f6zel bir \u00e7\u00f6z\u00fcmle geri d\u00f6necektir. Projeniz i\u00e7in m\u00fckemmel ekipman\u0131 bulman\u0131za yard\u0131mc\u0131 olal\u0131m!<\/div>\n<div><\/div>\n<table class=\"table\" style=\"width: 101.013%; height: 165px;\" border=\"1\">\n<tbody>\n<tr>\n<td style=\"width: 38.6592%;\">Di\u015fli Tipi<\/td>\n<td style=\"width: 60.6704%;\">\u00c7ift Sarmal<\/td>\n<\/tr>\n<tr>\n<td style=\"width: 38.6592%;\">Kullan\u0131m\/Uygulama<\/td>\n<td style=\"width: 60.6704%;\">End\u00fcstriyel<\/td>\n<\/tr>\n<tr>\n<td style=\"width: 38.6592%;\">Di\u015f Formu<\/td>\n<td style=\"width: 60.6704%;\">\u00c7ift<\/td>\n<\/tr>\n<tr>\n<td style=\"width: 38.6592%;\">Malzeme<\/td>\n<td style=\"width: 60.6704%;\">Ala\u015f\u0131ml\u0131 \u00c7elik<\/td>\n<\/tr>\n<tr>\n<td style=\"width: 38.6592%;\">\u015eekil<\/td>\n<td style=\"width: 60.6704%;\">Yuvarlak<\/td>\n<\/tr>\n<tr>\n<td style=\"width: 38.6592%;\">Minimum Sipari\u015f Miktar\u0131<\/td>\n<td style=\"width: 60.6704%;\">1<\/td>\n<\/tr>\n<\/tbody>\n<\/table>\n<p><img loading=\"lazy\" decoding=\"async\" class=\"alignnone size-full wp-image-7333\" src=\"https:\/\/fmp-components.com\/wp-content\/uploads\/2025\/03\/double-helical-gear-.webp\" alt=\"\u00e7ift \u200b\u200bhelisel di\u015fli\" width=\"1000\" height=\"929\" title=\"\" srcset=\"https:\/\/fmp-components.com\/wp-content\/uploads\/2025\/03\/double-helical-gear-.webp 1000w, https:\/\/fmp-components.com\/wp-content\/uploads\/2025\/03\/double-helical-gear--980x910.webp 980w, https:\/\/fmp-components.com\/wp-content\/uploads\/2025\/03\/double-helical-gear--480x446.webp 480w\" sizes=\"(min-width: 0px) and (max-width: 480px) 480px, (min-width: 481px) and (max-width: 980px) 980px, (min-width: 981px) 1000px, 100vw\" \/><\/p>","protected":false},"excerpt":{"rendered":"<p>At FMP Company, we take pride in manufacturing a wide variety of Alloy Steel Double Helical Gears, crafted to deliver precision and durability for diverse industrial applications. Whether you need standard designs or something unique, we gladly accept custom orders to meet your exact specifications. Can\u2019t find the specific model you\u2019re looking for in our [&hellip;]<\/p>","protected":false},"featured_media":4591,"comment_status":"open","ping_status":"closed","template":"","meta":{"_et_pb_use_builder":"","_et_pb_old_content":"","_et_gb_content_width":""},"product_brand":[],"product_cat":[108],"product_tag":[],"class_list":{"0":"post-7332","1":"product","2":"type-product","3":"status-publish","4":"has-post-thumbnail","6":"product_cat-helical-gear","8":"first","9":"instock","10":"shipping-taxable","11":"product-type-simple"},"_links":{"self":[{"href":"https:\/\/fmp-components.com\/tr\/wp-json\/wp\/v2\/product\/7332","targetHints":{"allow":["GET"]}}],"collection":[{"href":"https:\/\/fmp-components.com\/tr\/wp-json\/wp\/v2\/product"}],"about":[{"href":"https:\/\/fmp-components.com\/tr\/wp-json\/wp\/v2\/types\/product"}],"replies":[{"embeddable":true,"href":"https:\/\/fmp-components.com\/tr\/wp-json\/wp\/v2\/comments?post=7332"}],"wp:featuredmedia":[{"embeddable":true,"href":"https:\/\/fmp-components.com\/tr\/wp-json\/wp\/v2\/media\/4591"}],"wp:attachment":[{"href":"https:\/\/fmp-components.com\/tr\/wp-json\/wp\/v2\/media?parent=7332"}],"wp:term":[{"taxonomy":"product_brand","embeddable":true,"href":"https:\/\/fmp-components.com\/tr\/wp-json\/wp\/v2\/product_brand?post=7332"},{"taxonomy":"product_cat","embeddable":true,"href":"https:\/\/fmp-components.com\/tr\/wp-json\/wp\/v2\/product_cat?post=7332"},{"taxonomy":"product_tag","embeddable":true,"href":"https:\/\/fmp-components.com\/tr\/wp-json\/wp\/v2\/product_tag?post=7332"}],"curies":[{"name":"wp","href":"https:\/\/api.w.org\/{rel}","templated":true}]}}