{"id":7329,"date":"2025-03-23T07:30:28","date_gmt":"2025-03-23T07:30:28","guid":{"rendered":"https:\/\/fmp-components.com\/?post_type=product&#038;p=7329"},"modified":"2025-03-23T07:30:29","modified_gmt":"2025-03-23T07:30:29","slug":"medical-double-helical-gear","status":"publish","type":"product","link":"https:\/\/fmp-components.com\/tr\/product\/medical-double-helical-gear\/","title":{"rendered":"T\u0131bbi \u00c7ift Helezon Di\u015fli"},"content":{"rendered":"<p>Boyut:\u03a63mm-\u03a6120mm<br \/>\nMod\u00fcl: M0.2<br \/>\nMalzeme T\u00fcr\u00fc: M\u00fc\u015fterinin iste\u011fine g\u00f6re ala\u015f\u0131m<\/p>\n<div class=\"table-responsive\">\n<table class=\"table\" style=\"width: 99.2996%; height: 337px;\" border=\"1\">\n<tbody>\n<tr>\n<td colspan=\"2\">T\u0131bbi \u00c7ift Helezon Di\u015fli<\/td>\n<\/tr>\n<tr>\n<td>Boyut<\/td>\n<td>\u03a612mm<\/td>\n<\/tr>\n<tr>\n<td>Mod\u00fcl<\/td>\n<td>M0.15-M2.0<\/td>\n<\/tr>\n<tr>\n<td>Malzeme T\u00fcr\u00fc<\/td>\n<td>Metal, \u00e7elik, paslanmaz \u00e7elik, bak\u0131r, pirin\u00e7 ve ala\u015f\u0131mlar, iste\u011fe g\u00f6re \u00fcretilebilir.<\/td>\n<\/tr>\n<tr>\n<td>Meshing S\u0131n\u0131f\u0131<\/td>\n<td>ISO6, JGMA 1, JIS 6, AGMA 13, DIN 6,Din5,AGMA12<\/td>\n<\/tr>\n<tr>\n<td>Ba\u015fvuru<\/td>\n<td>Otomotiv, Askeri, U\u00e7ak, Mekanik, End\u00fcstriyel, T\u0131bbi<\/td>\n<\/tr>\n<tr>\n<td>\u00d6zelle\u015ftirilmi\u015f<\/td>\n<td>ODM\/OEM<\/td>\n<\/tr>\n<tr>\n<td>\u00d6rnek<\/td>\n<td>\u00d6rnek mevcut<\/td>\n<\/tr>\n<tr>\n<td>Paketleme Y\u00f6ntemleri<\/td>\n<td>Plastik Tepsi ile Vakumlu Paketlenmi\u015f<\/td>\n<\/tr>\n<tr>\n<td>Teslimat \u015eekilleri<\/td>\n<td>DHL UPS<\/td>\n<\/tr>\n<tr>\n<td>Sertifika<\/td>\n<td>ISO 9001: 2008\/TS16949<\/td>\n<\/tr>\n<\/tbody>\n<\/table>\n<\/div>","protected":false},"excerpt":{"rendered":"<p>Dimension:\u03a63mm- \u03a6120mm Module: M0.2 Material Type: Alloy as customer required Medical Double Helical Gear Dimension \u03a612mm Module M0.15-M2.0 Material Type Metal, Steel, Stainless, copper, brass, and Alloy as customized Meshing Grade ISO6, JGMA 1, JIS 6, AGMA 13, DIN 6,Din5,AGMA12 Application Automotive, Military, Aircraft, Mechanical, industrial, Medical Customized ODM\/OEM Sample Sample available Modes of Packing [&hellip;]<\/p>","protected":false},"featured_media":7331,"comment_status":"open","ping_status":"closed","template":"","meta":{"_et_pb_use_builder":"","_et_pb_old_content":"","_et_gb_content_width":""},"product_brand":[],"product_cat":[108],"product_tag":[],"class_list":{"0":"post-7329","1":"product","2":"type-product","3":"status-publish","4":"has-post-thumbnail","6":"product_cat-helical-gear","8":"first","9":"instock","10":"shipping-taxable","11":"product-type-simple"},"_links":{"self":[{"href":"https:\/\/fmp-components.com\/tr\/wp-json\/wp\/v2\/product\/7329","targetHints":{"allow":["GET"]}}],"collection":[{"href":"https:\/\/fmp-components.com\/tr\/wp-json\/wp\/v2\/product"}],"about":[{"href":"https:\/\/fmp-components.com\/tr\/wp-json\/wp\/v2\/types\/product"}],"replies":[{"embeddable":true,"href":"https:\/\/fmp-components.com\/tr\/wp-json\/wp\/v2\/comments?post=7329"}],"wp:featuredmedia":[{"embeddable":true,"href":"https:\/\/fmp-components.com\/tr\/wp-json\/wp\/v2\/media\/7331"}],"wp:attachment":[{"href":"https:\/\/fmp-components.com\/tr\/wp-json\/wp\/v2\/media?parent=7329"}],"wp:term":[{"taxonomy":"product_brand","embeddable":true,"href":"https:\/\/fmp-components.com\/tr\/wp-json\/wp\/v2\/product_brand?post=7329"},{"taxonomy":"product_cat","embeddable":true,"href":"https:\/\/fmp-components.com\/tr\/wp-json\/wp\/v2\/product_cat?post=7329"},{"taxonomy":"product_tag","embeddable":true,"href":"https:\/\/fmp-components.com\/tr\/wp-json\/wp\/v2\/product_tag?post=7329"}],"curies":[{"name":"wp","href":"https:\/\/api.w.org\/{rel}","templated":true}]}}