{"id":7326,"date":"2025-03-23T07:03:25","date_gmt":"2025-03-23T07:03:25","guid":{"rendered":"https:\/\/fmp-components.com\/?post_type=product&#038;p=7326"},"modified":"2025-03-26T08:47:52","modified_gmt":"2025-03-26T08:47:52","slug":"aircraft-double-helical-gear","status":"publish","type":"product","link":"https:\/\/fmp-components.com\/tr\/product\/aircraft-double-helical-gear\/","title":{"rendered":"U\u00e7ak \u00c7ift Helezon Di\u015flisi"},"content":{"rendered":"<p><img loading=\"lazy\" decoding=\"async\" class=\"alignnone size-full wp-image-7327\" src=\"https:\/\/fmp-components.com\/wp-content\/uploads\/2025\/03\/Aircraft-Double-Helical-Gear-1.webp\" alt=\"U\u00e7ak \u00c7ift Helezonlu Di\u015fli\" width=\"1214\" height=\"736\" title=\"\" srcset=\"https:\/\/fmp-components.com\/wp-content\/uploads\/2025\/03\/Aircraft-Double-Helical-Gear-1.webp 1214w, https:\/\/fmp-components.com\/wp-content\/uploads\/2025\/03\/Aircraft-Double-Helical-Gear-1-980x594.webp 980w, https:\/\/fmp-components.com\/wp-content\/uploads\/2025\/03\/Aircraft-Double-Helical-Gear-1-480x291.webp 480w\" sizes=\"(min-width: 0px) and (max-width: 480px) 480px, (min-width: 481px) and (max-width: 980px) 980px, (min-width: 981px) 1214px, 100vw\" \/><\/p>\n<p>Boyut:\u03a63mm-\u03a6120mm<br \/>\nMod\u00fcl: M0.2<br \/>\nMalzeme T\u00fcr\u00fc: M\u00fc\u015fterinin iste\u011fine g\u00f6re metal<\/p>\n<div class=\"table-responsive\">\n<table class=\"table\" style=\"width: 101.086%; height: 352px;\" border=\"1\">\n<tbody>\n<tr>\n<td colspan=\"2\">U\u00e7ak \u00c7ift Helezon Di\u015flisi<\/td>\n<\/tr>\n<tr>\n<td>Boyut<\/td>\n<td>\u03a68mm<\/td>\n<\/tr>\n<tr>\n<td>Mod\u00fcl<\/td>\n<td>M0.15-M2.0<\/td>\n<\/tr>\n<tr>\n<td>Malzeme T\u00fcr\u00fc<\/td>\n<td>Metal, Bronz, \u00c7elik, Ala\u015f\u0131m, POM, \u00c7inko, Al\u00fcminyum, Demir, Paslanmaz \u00c7elik, Pirin\u00e7, Bak\u0131r<\/td>\n<\/tr>\n<tr>\n<td>Meshing S\u0131n\u0131f\u0131<\/td>\n<td>ISO6, JGMA 1, JIS 6, AGMA 13, DIN 6,Din5,AGMA12<\/td>\n<\/tr>\n<tr>\n<td>Ba\u015fvuru<\/td>\n<td>Otomotiv, Askeri, U\u00e7ak, Mekanik, End\u00fcstriyel, T\u0131bbi<\/td>\n<\/tr>\n<tr>\n<td>\u00d6zelle\u015ftirilmi\u015f<\/td>\n<td>ODM\/OEM<\/td>\n<\/tr>\n<tr>\n<td>\u00d6rnek<\/td>\n<td>\u00d6rnek mevcut<\/td>\n<\/tr>\n<tr>\n<td>Paketleme Y\u00f6ntemleri<\/td>\n<td>Plastik Tepsi ile Vakumlu Paketlenmi\u015f<\/td>\n<\/tr>\n<tr>\n<td>Teslimat \u015eekilleri<\/td>\n<td>DHL ve UPS<\/td>\n<\/tr>\n<tr>\n<td>Sertifika<\/td>\n<td>ISO 9001: 2008\/TS16949<\/td>\n<\/tr>\n<\/tbody>\n<\/table>\n<div>FMP \u015eirketi olarak, geni\u015f bir yelpazede U\u00e7ak \u00c7ift Kanatl\u0131 U\u00e7ak \u00fcretiyoruz. <a href=\"https:\/\/fmp-components.com\/tr\/helical-gears\/\">Helisel Di\u015fliler<\/a>Havac\u0131l\u0131k sekt\u00f6r\u00fcn\u00fcn \u00e7e\u015fitli ihtiya\u00e7lar\u0131n\u0131 kar\u015f\u0131lamak \u00fczere tasarlanm\u0131\u015ft\u0131r. \u0130ster standart modeller ister \u00f6zel \u00e7\u00f6z\u00fcmler ar\u0131yor olun, \u00f6zel ihtiya\u00e7lar\u0131n\u0131za g\u00f6re uyarlanm\u0131\u015f \u00f6zel sipari\u015fler de sunuyoruz. \u00dcr\u00fcn listemizde tam olarak ihtiyac\u0131n\u0131z olan modeli bulamazsan\u0131z endi\u015felenmeyin; bu, hen\u00fcz y\u00fckleme f\u0131rsat\u0131m\u0131z olmad\u0131\u011f\u0131 anlam\u0131na gelir. L\u00fctfen \u00f6zelliklerinizi bize e-posta ile g\u00f6nderin; uzman m\u00fchendislerimiz 24 saat i\u00e7inde size yard\u0131mc\u0131 olmak i\u00e7in size bir \u00e7\u00f6z\u00fcm sunacakt\u0131r.<\/div>\n<p><img loading=\"lazy\" decoding=\"async\" class=\"wp-image-7328 aligncenter\" src=\"https:\/\/fmp-components.com\/wp-content\/uploads\/2025\/03\/Aircraft-Double-Helical-Gear-2.webp\" alt=\"U\u00e7ak \u00c7ift Helezonlu Di\u015fli\" width=\"952\" height=\"213\" title=\"\" srcset=\"https:\/\/fmp-components.com\/wp-content\/uploads\/2025\/03\/Aircraft-Double-Helical-Gear-2.webp 952w, https:\/\/fmp-components.com\/wp-content\/uploads\/2025\/03\/Aircraft-Double-Helical-Gear-2-480x108.webp 480w\" sizes=\"(min-width: 0px) and (max-width: 480px) 480px, (min-width: 481px) 952px, 100vw\" \/><\/p>\n<\/div>","protected":false},"excerpt":{"rendered":"<p>Dimension:\u03a63mm- \u03a6120mm Module: M0.2 Material Type: Metal as customer required Aircraft Double Helical Gear Dimension \u03a68mm Module M0.15-M2.0 Material Type Metal, Bronze, Steel, Alloy, POM, Zinc, Aluminum, Iron, Stainless, Brass, Copper Meshing Grade ISO6, JGMA 1, JIS 6, AGMA 13, DIN 6,Din5,AGMA12 Application Automotive, Military, Aircraft, Mechanical, industrial, Medical Customized ODM\/OEM Sample Sample available Modes [&hellip;]<\/p>","protected":false},"featured_media":4580,"comment_status":"open","ping_status":"closed","template":"","meta":{"_et_pb_use_builder":"","_et_pb_old_content":"","_et_gb_content_width":""},"product_brand":[],"product_cat":[108],"product_tag":[],"class_list":{"0":"post-7326","1":"product","2":"type-product","3":"status-publish","4":"has-post-thumbnail","6":"product_cat-helical-gear","8":"first","9":"instock","10":"shipping-taxable","11":"product-type-simple"},"_links":{"self":[{"href":"https:\/\/fmp-components.com\/tr\/wp-json\/wp\/v2\/product\/7326","targetHints":{"allow":["GET"]}}],"collection":[{"href":"https:\/\/fmp-components.com\/tr\/wp-json\/wp\/v2\/product"}],"about":[{"href":"https:\/\/fmp-components.com\/tr\/wp-json\/wp\/v2\/types\/product"}],"replies":[{"embeddable":true,"href":"https:\/\/fmp-components.com\/tr\/wp-json\/wp\/v2\/comments?post=7326"}],"wp:featuredmedia":[{"embeddable":true,"href":"https:\/\/fmp-components.com\/tr\/wp-json\/wp\/v2\/media\/4580"}],"wp:attachment":[{"href":"https:\/\/fmp-components.com\/tr\/wp-json\/wp\/v2\/media?parent=7326"}],"wp:term":[{"taxonomy":"product_brand","embeddable":true,"href":"https:\/\/fmp-components.com\/tr\/wp-json\/wp\/v2\/product_brand?post=7326"},{"taxonomy":"product_cat","embeddable":true,"href":"https:\/\/fmp-components.com\/tr\/wp-json\/wp\/v2\/product_cat?post=7326"},{"taxonomy":"product_tag","embeddable":true,"href":"https:\/\/fmp-components.com\/tr\/wp-json\/wp\/v2\/product_tag?post=7326"}],"curies":[{"name":"wp","href":"https:\/\/api.w.org\/{rel}","templated":true}]}}