{"id":7228,"date":"2025-03-21T00:55:52","date_gmt":"2025-03-21T00:55:52","guid":{"rendered":"https:\/\/fmp-components.com\/?post_type=product&#038;p=7228"},"modified":"2025-03-21T01:26:57","modified_gmt":"2025-03-21T01:26:57","slug":"worm-and-wheel","status":"publish","type":"product","link":"https:\/\/fmp-components.com\/tr\/product\/worm-and-wheel\/","title":{"rendered":"Solucan ve Tekerlek"},"content":{"rendered":"<p><span style=\"color: #333333; font-size: 26px;\">Sonsuz Di\u015fli ve \u00c7ark Di\u015flileri Nelerdir?<\/span><\/p>\n<div>\n<p class=\"break-words\">A <strong>sonsuz di\u015fli ve tekerlek di\u015fli sistemi<\/strong> \u0130ki kesi\u015fmeyen \u015faft aras\u0131nda, genellikle 90 derecelik bir a\u00e7\u0131yla hareket aktaran \u00f6zel bir di\u015fli aktar\u0131m sistemidir. Sistem iki temel bile\u015fenden olu\u015fur:<\/p>\n<ul class=\"marker:text-secondary\">\n<li class=\"break-words\"><strong>Solucan<\/strong>: Spiral di\u015flere sahip, silindirik, vida benzeri bir par\u00e7a.<\/li>\n<li class=\"break-words\"><strong>Solucan Tekerle\u011fi<\/strong>: Helisel di\u015fliye benzeyen, ancak solucanla temas\u0131 en \u00fcst d\u00fczeye \u00e7\u0131karmak i\u00e7in tasarlanm\u0131\u015f i\u00e7b\u00fckey di\u015flere sahip bir di\u015fli.<\/li>\n<\/ul>\n<p class=\"break-words\">Bu benzersiz tasar\u0131m, kompakt bir formda y\u00fcksek red\u00fcksiyon oranlar\u0131na olanak tan\u0131r ve bu da sonsuz di\u015fli ve tekerlek di\u015flilerini, \u00f6nemli h\u0131z azalt\u0131m\u0131 ve tork art\u0131\u015f\u0131 gerektiren uygulamalar i\u00e7in ideal bir \u00e7\u00f6z\u00fcm haline getirir.<\/p>\n<table style=\"width: 100%;\" border=\"1\" width=\"100%\" cellspacing=\"0\" cellpadding=\"0\">\n<tbody>\n<tr style=\"height: 14.40pt;\">\n<td style=\"height: 14.4pt; width: 23.927%;\" width=\"83\" height=\"24\">\u00a0\u00a0\u00a0<img loading=\"lazy\" decoding=\"async\" class=\"alignnone size-full wp-image-7234\" src=\"https:\/\/fmp-components.com\/wp-content\/uploads\/2025\/03\/worm-and-wheel-5.webp\" alt=\"solucan ve tekerlek\" width=\"768\" height=\"695\" title=\"\" srcset=\"https:\/\/fmp-components.com\/wp-content\/uploads\/2025\/03\/worm-and-wheel-5.webp 768w, https:\/\/fmp-components.com\/wp-content\/uploads\/2025\/03\/worm-and-wheel-5-480x434.webp 480w\" sizes=\"(min-width: 0px) and (max-width: 480px) 480px, (min-width: 481px) 768px, 100vw\" \/><\/td>\n<td style=\"width: 24.4635%;\" align=\"right\" width=\"80\">\u00a0<img loading=\"lazy\" decoding=\"async\" class=\"alignnone size-full wp-image-7238\" src=\"https:\/\/fmp-components.com\/wp-content\/uploads\/2025\/03\/worm-and-wheel-1-1.webp\" alt=\"solucan ve tekerlek \" width=\"518\" height=\"345\" title=\"\" srcset=\"https:\/\/fmp-components.com\/wp-content\/uploads\/2025\/03\/worm-and-wheel-1-1.webp 518w, https:\/\/fmp-components.com\/wp-content\/uploads\/2025\/03\/worm-and-wheel-1-1-480x320.webp 480w\" sizes=\"(min-width: 0px) and (max-width: 480px) 480px, (min-width: 481px) 518px, 100vw\" \/><\/td>\n<td style=\"width: 27.146%;\" align=\"right\" width=\"154\"><img loading=\"lazy\" decoding=\"async\" class=\"alignnone size-full wp-image-7237\" src=\"https:\/\/fmp-components.com\/wp-content\/uploads\/2025\/03\/worm-and-wheel-2-1.webp\" alt=\"solucan ve tekerlek \" width=\"518\" height=\"345\" title=\"\" srcset=\"https:\/\/fmp-components.com\/wp-content\/uploads\/2025\/03\/worm-and-wheel-2-1.webp 518w, https:\/\/fmp-components.com\/wp-content\/uploads\/2025\/03\/worm-and-wheel-2-1-480x320.webp 480w\" sizes=\"(min-width: 0px) and (max-width: 480px) 480px, (min-width: 481px) 518px, 100vw\" \/><\/td>\n<td style=\"width: 24.1416%;\" width=\"80\"><img loading=\"lazy\" decoding=\"async\" class=\"alignnone size-full wp-image-7231\" src=\"https:\/\/fmp-components.com\/wp-content\/uploads\/2025\/03\/worm-and-wheel-2.webp\" alt=\"solucan ve tekerlek\" width=\"768\" height=\"695\" title=\"\" srcset=\"https:\/\/fmp-components.com\/wp-content\/uploads\/2025\/03\/worm-and-wheel-2.webp 768w, https:\/\/fmp-components.com\/wp-content\/uploads\/2025\/03\/worm-and-wheel-2-480x434.webp 480w\" sizes=\"(min-width: 0px) and (max-width: 480px) 480px, (min-width: 481px) 768px, 100vw\" \/><\/td>\n<\/tr>\n<tr style=\"height: 14.40pt;\">\n<td style=\"height: 14.4pt; width: 23.927%;\" height=\"24\"><img loading=\"lazy\" decoding=\"async\" class=\"alignnone size-full wp-image-7235\" src=\"https:\/\/fmp-components.com\/wp-content\/uploads\/2025\/03\/worm-and-wheel-6.webp\" alt=\"solucan ve tekerlek\" width=\"768\" height=\"695\" title=\"\" srcset=\"https:\/\/fmp-components.com\/wp-content\/uploads\/2025\/03\/worm-and-wheel-6.webp 768w, https:\/\/fmp-components.com\/wp-content\/uploads\/2025\/03\/worm-and-wheel-6-480x434.webp 480w\" sizes=\"(min-width: 0px) and (max-width: 480px) 480px, (min-width: 481px) 768px, 100vw\" \/><\/td>\n<td style=\"width: 24.4635%;\" align=\"right\"><img loading=\"lazy\" decoding=\"async\" class=\"alignnone size-full wp-image-7233\" src=\"https:\/\/fmp-components.com\/wp-content\/uploads\/2025\/03\/worm-and-wheel-4.webp\" alt=\"solucan ve tekerlek\" width=\"768\" height=\"695\" title=\"\" srcset=\"https:\/\/fmp-components.com\/wp-content\/uploads\/2025\/03\/worm-and-wheel-4.webp 768w, https:\/\/fmp-components.com\/wp-content\/uploads\/2025\/03\/worm-and-wheel-4-480x434.webp 480w\" sizes=\"(min-width: 0px) and (max-width: 480px) 480px, (min-width: 481px) 768px, 100vw\" \/><\/td>\n<td style=\"width: 27.146%;\" align=\"right\"><img loading=\"lazy\" decoding=\"async\" class=\"alignnone size-full wp-image-7236\" src=\"https:\/\/fmp-components.com\/wp-content\/uploads\/2025\/03\/worm-and-wheel-1.webp\" alt=\"solucan ve tekerlek\" width=\"768\" height=\"695\" title=\"\" srcset=\"https:\/\/fmp-components.com\/wp-content\/uploads\/2025\/03\/worm-and-wheel-1.webp 768w, https:\/\/fmp-components.com\/wp-content\/uploads\/2025\/03\/worm-and-wheel-1-480x434.webp 480w\" sizes=\"(min-width: 0px) and (max-width: 480px) 480px, (min-width: 481px) 768px, 100vw\" \/><\/td>\n<td style=\"width: 24.1416%;\"><img loading=\"lazy\" decoding=\"async\" class=\"alignnone size-full wp-image-7232\" src=\"https:\/\/fmp-components.com\/wp-content\/uploads\/2025\/03\/worm-and-wheel-3.webp\" alt=\"solucan ve tekerlek\" width=\"768\" height=\"695\" title=\"\" srcset=\"https:\/\/fmp-components.com\/wp-content\/uploads\/2025\/03\/worm-and-wheel-3.webp 768w, https:\/\/fmp-components.com\/wp-content\/uploads\/2025\/03\/worm-and-wheel-3-480x434.webp 480w\" sizes=\"(min-width: 0px) and (max-width: 480px) 480px, (min-width: 481px) 768px, 100vw\" \/><\/td>\n<\/tr>\n<\/tbody>\n<\/table>\n<h3>\u015eartname<\/h3>\n<p>Boyut: \u03a65mm- \u03a6120mm<br \/>\nMod\u00fcl: M0.2-M2.2<br \/>\nMalzeme T\u00fcr\u00fc: M\u00fc\u015fterinin iste\u011fine g\u00f6re Al\u00fcminyum, Bronz, \u00c7elik, Ala\u015f\u0131m, \u00c7inko vb.<\/p>\n<div class=\"table-responsive\">\n<table style=\"width: 100%;\" border=\"1\" width=\"100%\" cellspacing=\"0\" cellpadding=\"0\">\n<tbody>\n<tr class=\"firstRow\">\n<td colspan=\"2\">Otomotiv Cihazlar\u0131nda Hassas Sonsuz Di\u015fliler<\/td>\n<\/tr>\n<tr>\n<td>Boyut<\/td>\n<td>\u03a65mm - \u03a6120mm<\/td>\n<\/tr>\n<tr>\n<td>Mod\u00fcl<\/td>\n<td>M0.2-M2.2<\/td>\n<\/tr>\n<tr>\n<td>Malzeme T\u00fcr\u00fc<\/td>\n<td>M\u00fc\u015fterinin iste\u011fine g\u00f6re Al\u00fcminyum, Bronz, \u00c7elik, Ala\u015f\u0131m, \u00c7inko vb.<\/td>\n<\/tr>\n<tr>\n<td>Meshing S\u0131n\u0131f\u0131<\/td>\n<td>JGMA1\/2\/3\/4\/5\/6\/7\/8 ISO 8\/7\/6\/5\/4<br \/>\nDIN 6\/5\/4\/3 AGME 12\/13\/14\/15\/16<\/td>\n<\/tr>\n<tr>\n<td>Is\u0131l \u0130\u015flem<\/td>\n<td>\u0130YON N\u0130TR\u00dcR<\/td>\n<\/tr>\n<tr>\n<td>Ba\u015fvuru<\/td>\n<td>Otomotiv, Medikal, End\u00fcstriyel, Askeri, U\u00e7ak, Mekanik vb.<\/td>\n<\/tr>\n<tr>\n<td>\u00d6zelle\u015ftirilmi\u015f<\/td>\n<td>ODM\/OEM<\/td>\n<\/tr>\n<tr>\n<td>\u00d6rnek<\/td>\n<td>\u00d6rnek mevcut<\/td>\n<\/tr>\n<tr>\n<td>Paketleme Y\u00f6ntemleri<\/td>\n<td>Plastik Tepsi ile Vakumlu Paketlenmi\u015f<\/td>\n<\/tr>\n<tr>\n<td>Teslimat \u015eekilleri<\/td>\n<td>DHL &amp; TNT &amp; FedEx &amp; UPS<\/td>\n<\/tr>\n<tr>\n<td>Sertifika<\/td>\n<td>ISO9001:2008 ve TS\/ISO16949:2008<\/td>\n<\/tr>\n<\/tbody>\n<\/table>\n<\/div>\n<\/div>\n<p><img loading=\"lazy\" decoding=\"async\" class=\"alignnone  wp-image-7240\" src=\"https:\/\/fmp-components.com\/wp-content\/uploads\/2025\/03\/worm-and-wheel-product-3.webp\" alt=\"solucan ve tekerlek\" width=\"938\" height=\"500\" title=\"\" srcset=\"https:\/\/fmp-components.com\/wp-content\/uploads\/2025\/03\/worm-and-wheel-product-3.webp 938w, https:\/\/fmp-components.com\/wp-content\/uploads\/2025\/03\/worm-and-wheel-product-3-480x256.webp 480w\" sizes=\"(min-width: 0px) and (max-width: 480px) 480px, (min-width: 481px) 938px, 100vw\" \/> <img loading=\"lazy\" decoding=\"async\" class=\"alignnone size-full wp-image-7241\" src=\"https:\/\/fmp-components.com\/wp-content\/uploads\/2025\/03\/worm-and-wheel-product-2.webp\" alt=\"solucan ve tekerlek\" width=\"937\" height=\"469\" title=\"\" srcset=\"https:\/\/fmp-components.com\/wp-content\/uploads\/2025\/03\/worm-and-wheel-product-2.webp 937w, https:\/\/fmp-components.com\/wp-content\/uploads\/2025\/03\/worm-and-wheel-product-2-480x240.webp 480w\" sizes=\"(min-width: 0px) and (max-width: 480px) 480px, (min-width: 481px) 937px, 100vw\" \/><\/p>\n<div>\n<h2>Temel \u00d6zellikler ve Avantajlar<\/h2>\n<p class=\"break-words\">Sonsuz di\u015fliler ve \u00e7ark di\u015flileri, \u00e7e\u015fitli end\u00fcstrilerde vazge\u00e7ilmez hale gelen belirgin avantajlar sunar:<\/p>\n<ul class=\"marker:text-secondary\">\n<li class=\"break-words\"><strong>Y\u00fcksek Azaltma Oran\u0131<\/strong>: Y\u00fcksek torklu uygulamalar i\u00e7in ideal, kolayl\u0131kla \u00f6nemli h\u0131z azalt\u0131mlar\u0131 elde edin.<\/li>\n<li class=\"break-words\"><strong>Kompakt Tasar\u0131m<\/strong>:En az yer kaplayan di\u015fli sistemleri aras\u0131nda yer al\u0131r ve minimum alanda b\u00fcy\u00fck k\u00fc\u00e7\u00fcltmeler sa\u011flar.<\/li>\n<li class=\"break-words\"><strong>Kendili\u011finden Kilitlenme Yetene\u011fi<\/strong>:Bu di\u015fliler, kur\u015fun a\u00e7\u0131s\u0131 ve s\u00fcrt\u00fcnme katsay\u0131s\u0131 optimize edildi\u011finde, geri s\u00fcr\u00fc\u015f\u00fc \u00f6nleyebilir ve belirli kurulumlarda g\u00fcvenli\u011fi art\u0131rabilir.<\/li>\n<li class=\"break-words\"><strong>P\u00fcr\u00fczs\u00fcz ve Sessiz \u00c7al\u0131\u015fma<\/strong>: Sonsuz vida ile \u00e7ark aras\u0131ndaki kayan temas, di\u011fer di\u015fli tiplerine k\u0131yasla daha sessiz performans sa\u011flar.<\/li>\n<\/ul>\n<p class=\"break-words\">Bu \u00f6zellikler, sonsuz di\u015fli ve \u00e7ark di\u015flilerini hem end\u00fcstriyel hem de hassas uygulamalar i\u00e7in \u00e7ok y\u00f6nl\u00fc bir se\u00e7im haline getirir.<\/p>\n<div>\n<h2>Sonsuz Di\u015fli ve \u00c7ark Di\u015flilerinin Uygulamalar\u0131<\/h2>\n<p class=\"break-words\">Sonsuz di\u015fliler ve \u00e7ark di\u015flileri a\u015fa\u011f\u0131dakiler de dahil olmak \u00fczere \u00e7ok \u00e7e\u015fitli senaryolarda kullan\u0131l\u0131r:<\/p>\n<ul class=\"marker:text-secondary\">\n<li class=\"break-words\"><strong>H\u0131z D\u00fc\u015f\u00fcr\u00fcc\u00fcler<\/strong>: Kontroll\u00fc \u00e7\u0131k\u0131\u015f h\u0131zlar\u0131 gerektiren makinelerde yayg\u0131nd\u0131r.<\/li>\n<li class=\"break-words\"><strong>Asans\u00f6rler<\/strong>: G\u00fcvenilir kald\u0131rma mekanizmalar\u0131 sa\u011flamak.<\/li>\n<li class=\"break-words\"><strong>Tak\u0131m Tezgahlar\u0131<\/strong>: Hassasiyet ve g\u00fc\u00e7 iletiminin sa\u011flanmas\u0131.<\/li>\n<li class=\"break-words\"><strong>Zincir Bloklar\u0131<\/strong>: Kompakt di\u015fli sistemiyle a\u011f\u0131r kald\u0131rmay\u0131 kolayla\u015ft\u0131r\u0131r.<\/li>\n<li class=\"break-words\"><strong>Bal\u0131k\u00e7\u0131l\u0131k Makaralar\u0131<\/strong>: P\u00fcr\u00fczs\u00fcz, y\u00fcksek oranl\u0131 kontrol sunar.<\/li>\n<li class=\"break-words\"><strong>Otomotiv Hidrolik Direksiyon<\/strong>: Arac\u0131n manevra kabiliyetini art\u0131rmak.<\/li>\n<li class=\"break-words\"><strong>Robotik ve T\u0131bbi Ekipman<\/strong>:Hassas g\u00f6revler i\u00e7in k\u00fc\u00e7\u00fck mod\u00fcll\u00fc di\u015flilerin kullan\u0131lmas\u0131.<\/li>\n<\/ul>\n<p class=\"break-words\">\u0130talya'da otomotiv \u00fcretimi, robotik ve makine \u00fcretimi gibi Emilia-Romagna ve Lombardiya gibi b\u00f6lgelerdeki kilit sekt\u00f6rler, verimlilik ve g\u00fcvenilirlikleri nedeniyle bu di\u015flilere g\u00fcveniyor.<\/p>\n<div>\n<h2>FMP \u015eirketi: \u0130talya'daki G\u00fcvenilir Solucan ve Tekerlek \u00dcreticiniz<\/h2>\n<p class=\"break-words\">FMP Company olarak, geni\u015f \u00fcr\u00fcn yelpazemiz ve \u00f6zelle\u015ftirme olanaklar\u0131m\u0131z ile \u00e7e\u015fitli ihtiya\u00e7lara cevap veren, sonsuz di\u015fli ve tekerlek di\u015flileri alan\u0131nda lider bir tedarik\u00e7i olmaktan gurur duyuyoruz. Sundu\u011fumuz hizmetler aras\u0131nda \u015funlar yer almaktad\u0131r:<\/p>\n<ul class=\"marker:text-secondary\">\n<li class=\"break-words\"><strong>Tek ve \u00c7ok Ba\u015flang\u0131\u00e7l\u0131 Solucanlar<\/strong>: Ki\u015fiye \u00f6zel indirgeme oranlar\u0131 i\u00e7in farkl\u0131 iplik say\u0131lar\u0131 mevcuttur.<\/li>\n<li class=\"break-words\"><strong>Solucan Tekerlekleri<\/strong>: \u00d6zel uygulamalara uygun olarak farkl\u0131 di\u015f say\u0131lar\u0131 ve mod\u00fcllerle \u00fcretilir.<\/li>\n<li class=\"break-words\"><strong>\u00d6zel Tasar\u0131mlar<\/strong>: Karma\u015f\u0131kl\u0131k ne olursa olsun, benzersiz gereksinimlerinizi kar\u015f\u0131lamak \u00fczere tasarlanm\u0131\u015ft\u0131r.<\/li>\n<\/ul>\n<p><img loading=\"lazy\" decoding=\"async\" class=\"size-full wp-image-7229 aligncenter\" src=\"https:\/\/fmp-components.com\/wp-content\/uploads\/2025\/03\/worm-wheel-factory.webp\" alt=\"solucan tekerle\u011fi fabrikas\u0131\" width=\"1740\" height=\"630\" title=\"\" srcset=\"https:\/\/fmp-components.com\/wp-content\/uploads\/2025\/03\/worm-wheel-factory.webp 1740w, https:\/\/fmp-components.com\/wp-content\/uploads\/2025\/03\/worm-wheel-factory-1280x463.webp 1280w, https:\/\/fmp-components.com\/wp-content\/uploads\/2025\/03\/worm-wheel-factory-980x355.webp 980w, https:\/\/fmp-components.com\/wp-content\/uploads\/2025\/03\/worm-wheel-factory-480x174.webp 480w\" sizes=\"(min-width: 0px) and (max-width: 480px) 480px, (min-width: 481px) and (max-width: 980px) 980px, (min-width: 981px) and (max-width: 1280px) 1280px, (min-width: 1281px) 1740px, 100vw\" \/><\/p>\n<h3>Modelinizi Bulam\u0131yor musunuz?<\/h3>\n<p class=\"break-words\">\u00dcr\u00fcn listemizde tam olarak ihtiyac\u0131n\u0131z olan sonsuz di\u015fli ve \u00e7ark di\u015flisini g\u00f6rm\u00fcyorsan\u0131z endi\u015felenmeyin; muhtemelen hen\u00fcz y\u00fckleme f\u0131rsat\u0131m\u0131z olmam\u0131\u015ft\u0131r. <strong>bize e-posta g\u00f6nderin<\/strong> \u0130htiya\u00e7lar\u0131n\u0131za uygun bir \u00e7\u00f6z\u00fcmle 24 saat i\u00e7inde yan\u0131t verecek uzman m\u00fchendislerimizle. \u0130ster Milano'da, ister Torino'da veya \u0130talya'n\u0131n herhangi bir yerinde olun, h\u0131zl\u0131 ve ki\u015fiselle\u015ftirilmi\u015f hizmetimizle size destek olmak i\u00e7in buraday\u0131z.<\/p>\n<div>\n<h2>Sonsuz Di\u015fli ve \u00c7ark Di\u015flileri i\u00e7in Teknik Hususlar<\/h2>\n<p class=\"break-words\">Etkili bir solucan ve \u00e7ark sistemi tasarlamak, birka\u00e7 kritik parametreye dikkat edilmesini gerektirir:<\/p>\n<ul class=\"marker:text-secondary\">\n<li class=\"break-words\"><strong>Mod\u00fcl<\/strong>: Di\u015fli di\u015flerinin boyutunu tan\u0131mlar.<\/li>\n<li class=\"break-words\"><strong>Bas\u0131n\u00e7 A\u00e7\u0131s\u0131<\/strong>: Y\u00fck kapasitesini ve verimlili\u011fi etkiler.<\/li>\n<li class=\"break-words\"><strong>Solucan Tekerle\u011fi \u00dczerindeki Di\u015f Say\u0131s\u0131<\/strong>: Solucan\u0131n iplik say\u0131s\u0131 ile birlikte indirgeme oran\u0131n\u0131 belirler.<\/li>\n<li class=\"break-words\"><strong>Solucan \u00dczerindeki \u0130plik Say\u0131s\u0131<\/strong>: Tek, \u00e7ift veya \u00fc\u00e7l\u00fc \u00e7al\u0131\u015ft\u0131rma h\u0131z\u0131 ve tork \u00e7\u0131k\u0131\u015f\u0131n\u0131 etkiler.<\/li>\n<li class=\"break-words\"><strong>Solucan\u0131n Ad\u0131m \u00c7ap\u0131<\/strong>: Di\u015flinin geometrisini etkiler.<\/li>\n<li class=\"break-words\"><strong>Merkez Mesafesi<\/strong>: Miller aras\u0131nda do\u011fru hizalamay\u0131 sa\u011flar.<\/li>\n<\/ul>\n<p class=\"break-words\">\u00d6rne\u011fin, mod\u00fcl\u00fc 3, sonsuz vida di\u015f \u00e7ap\u0131 44 mm, merkez mesafesi 67 mm ve di\u015fli \u00e7ark\u0131 30 olan bir sistemle, di\u015f say\u0131s\u0131 de\u011fi\u015ftirilerek ayarlanabilen 30:1 (tek di\u015fli sonsuz vida) veya 15:1 (\u00e7ift di\u015fli sonsuz vida) gibi red\u00fcksiyon oranlar\u0131 elde edilebilir.<\/p>\n<p class=\"break-words\"><img loading=\"lazy\" decoding=\"async\" class=\"wp-image-7242 aligncenter\" src=\"https:\/\/fmp-components.com\/wp-content\/uploads\/2025\/03\/worm-and-wheel-product-5.webp\" alt=\"solucan-ve-tekerlek-\u00fcr\u00fcn\u00fc-5\" width=\"839\" height=\"581\" title=\"\" srcset=\"https:\/\/fmp-components.com\/wp-content\/uploads\/2025\/03\/worm-and-wheel-product-5.webp 390w, https:\/\/fmp-components.com\/wp-content\/uploads\/2025\/03\/worm-and-wheel-product-5-300x208.webp 300w, https:\/\/fmp-components.com\/wp-content\/uploads\/2025\/03\/worm-and-wheel-product-5-18x12.webp 18w\" sizes=\"(max-width: 839px) 100vw, 839px\" \/><\/p>\n<\/div>\n<\/div>\n<\/div>\n<\/div>","protected":false},"excerpt":{"rendered":"<p>Sonsuz Di\u015fli ve \u00c7ark Nedir? Sonsuz di\u015fli ve \u00e7ark sistemi, genellikle 90 derecelik bir a\u00e7\u0131yla, kesi\u015fmeyen iki \u015faft aras\u0131nda hareket aktaran \u00f6zel bir di\u015fli aktar\u0131m t\u00fcr\u00fcd\u00fcr. Sistem iki temel bile\u015fenden olu\u015fur: Sonsuz Di\u015fli: Spiral di\u015flere sahip silindirik, vida benzeri bir bile\u015fen. Sonsuz Di\u015fli \u00c7ark\u0131: Helisel bir di\u015fliye benzeyen, ancak [\u2026]<\/p>","protected":false},"featured_media":7239,"comment_status":"open","ping_status":"closed","template":"","meta":{"_et_pb_use_builder":"","_et_pb_old_content":"","_et_gb_content_width":""},"product_brand":[],"product_cat":[107],"product_tag":[],"class_list":{"0":"post-7228","1":"product","2":"type-product","3":"status-publish","4":"has-post-thumbnail","6":"product_cat-worm-gear","8":"first","9":"instock","10":"shipping-taxable","11":"product-type-simple"},"_links":{"self":[{"href":"https:\/\/fmp-components.com\/tr\/wp-json\/wp\/v2\/product\/7228","targetHints":{"allow":["GET"]}}],"collection":[{"href":"https:\/\/fmp-components.com\/tr\/wp-json\/wp\/v2\/product"}],"about":[{"href":"https:\/\/fmp-components.com\/tr\/wp-json\/wp\/v2\/types\/product"}],"replies":[{"embeddable":true,"href":"https:\/\/fmp-components.com\/tr\/wp-json\/wp\/v2\/comments?post=7228"}],"wp:featuredmedia":[{"embeddable":true,"href":"https:\/\/fmp-components.com\/tr\/wp-json\/wp\/v2\/media\/7239"}],"wp:attachment":[{"href":"https:\/\/fmp-components.com\/tr\/wp-json\/wp\/v2\/media?parent=7228"}],"wp:term":[{"taxonomy":"product_brand","embeddable":true,"href":"https:\/\/fmp-components.com\/tr\/wp-json\/wp\/v2\/product_brand?post=7228"},{"taxonomy":"product_cat","embeddable":true,"href":"https:\/\/fmp-components.com\/tr\/wp-json\/wp\/v2\/product_cat?post=7228"},{"taxonomy":"product_tag","embeddable":true,"href":"https:\/\/fmp-components.com\/tr\/wp-json\/wp\/v2\/product_tag?post=7228"}],"curies":[{"name":"wp","href":"https:\/\/api.w.org\/{rel}","templated":true}]}}