{"id":7189,"date":"2025-03-20T05:36:25","date_gmt":"2025-03-20T05:36:25","guid":{"rendered":"https:\/\/fmp-components.com\/?post_type=product&#038;p=7189"},"modified":"2025-03-26T08:51:16","modified_gmt":"2025-03-26T08:51:16","slug":"cylindrical-worm-wheel","status":"publish","type":"product","link":"https:\/\/fmp-components.com\/tr\/product\/cylindrical-worm-wheel\/","title":{"rendered":"Silindirik Sonsuz Tekerlek"},"content":{"rendered":"<p>Silindirik Solucan Tekerle\u011fi, a\u015fa\u011f\u0131dakilerin \u00f6nemli bir bile\u015fenidir: <a href=\"https:\/\/fmp-components.com\/tr\/worm-gear-and-worm-shaft-2\/\">sonsuz di\u015fli<\/a> Sorunsuz \u00e7al\u0131\u015fma ve y\u00fcksek tork kapasitesini korurken, g\u00fcc\u00fc verimli bir \u015fekilde iletmek i\u00e7in bir sonsuz vidayla kusursuz bir \u015fekilde birle\u015fecek \u015fekilde tasarlanm\u0131\u015f sistemler. FMP Company olarak, \u00f6zel uygulamalar\u0131n\u0131za uyacak \u015fekilde \u00e7e\u015fitli tip ve \u00f6zelliklerde mevcut olan ve \u00f6zelle\u015ftirme se\u00e7enekleri de sunan Silindirik Sonsuz Vidalar konusunda uzmanla\u015f\u0131yoruz. \u00dcr\u00fcn listemizde tam olarak ihtiyac\u0131n\u0131z olan modeli bulam\u0131yorsan\u0131z, muhtemelen hen\u00fcz g\u00fcncellememi\u015fizdir. L\u00fctfen ihtiya\u00e7lar\u0131n\u0131z\u0131 e-posta yoluyla bize bildirin; uzman m\u00fchendislerimiz 24 saat i\u00e7inde size yard\u0131mc\u0131 olmak i\u00e7in yan\u0131t verecektir.<\/p>\n<p><img loading=\"lazy\" decoding=\"async\" class=\"alignnone size-full wp-image-7193\" src=\"https:\/\/fmp-components.com\/wp-content\/uploads\/2025\/03\/Cylindrical-Worm-Wheel-1.webp\" alt=\"Silindirik-Solucan-Tekerlek\" width=\"986\" height=\"657\" title=\"\" srcset=\"https:\/\/fmp-components.com\/wp-content\/uploads\/2025\/03\/Cylindrical-Worm-Wheel-1.webp 986w, https:\/\/fmp-components.com\/wp-content\/uploads\/2025\/03\/Cylindrical-Worm-Wheel-1-980x653.webp 980w, https:\/\/fmp-components.com\/wp-content\/uploads\/2025\/03\/Cylindrical-Worm-Wheel-1-480x320.webp 480w\" sizes=\"(min-width: 0px) and (max-width: 480px) 480px, (min-width: 481px) and (max-width: 980px) 980px, (min-width: 981px) 986px, 100vw\" \/><\/p>\n<h3>Silindirik Sonsuz Tekerle\u011fin \u00d6zellikleri<\/h3>\n<div>\n<p class=\"break-words\">Silindirik sonsuz di\u015fli \u00e7arklar, sonsuz di\u015fli sistemlerinin ayr\u0131lmaz bir par\u00e7as\u0131d\u0131r ve iki temel konfig\u00fcrasyonda gelir: \"sonsuz ve helisel di\u015fli\" seti ve \"sonsuz ve sonsuz tekerlek\" seti. \u00c7apraz \u015faftlar i\u00e7in helisel di\u015flilerin bir alt k\u00fcmesi olan ilk tip, minimum say\u0131da di\u015fe (\u00f6rne\u011fin 1, 2 veya 3) sahip bir pinyon ve normalize edilmi\u015f standart mod\u00fcller kullan\u0131larak standart helisel di\u015flilere benzer \u015fekilde hesaplanan belirgin bir helisel a\u00e7\u0131ya sahiptir. Ancak, di\u015f yanaklar\u0131 aras\u0131ndaki nokta temas\u0131 nedeniyle, bu kurulum y\u00fcksek y\u00fck uygulamalar\u0131 i\u00e7in daha az uygundur. Buna kar\u015f\u0131l\u0131k, \"sonsuz ve sonsuz tekerlek\" konfig\u00fcrasyonu, sonsuz di\u015flinin \u00f6zelliklerine uygun bir sonsuz di\u015fli de\u011firmeni ile frezelenmi\u015f sonsuz di\u015fli \u00e7arklar\u0131 i\u00e7erir ve bu da di\u015fler aras\u0131nda hat temas\u0131 sa\u011flar ve daha y\u00fcksek y\u00fck kapasitesi i\u00e7in daha y\u00fcksek di\u015f kuvvetlerini destekler.<\/p>\n<p class=\"break-words\">Ek tasar\u0131m \u00f6zellikleri i\u015flevselli\u011fi art\u0131r\u0131r. Sonsuz yata\u011f\u0131n ya\u011fa dalma derinli\u011fi gereksinimleri kar\u015f\u0131l\u0131yor ancak sonsuz yata\u011f\u0131n derinli\u011fi yetersiz kal\u0131yorsa, sonsuz \u015fafta bir ya\u011f s\u0131\u00e7rama halkas\u0131 eklenebilir. Bu halka, \u015fanz\u0131man bile\u015fenlerini ve yataklar\u0131 ya\u011flayarak sonsuz yata\u011f\u0131n a\u015f\u0131r\u0131 ya\u011fa dalmas\u0131 riskini \u00f6nler. Sonsuz yata\u011f\u0131n \u00e7evresel h\u0131z\u0131n\u0131n (PI) 10 m\/s'yi a\u015ft\u0131\u011f\u0131 y\u00fcksek h\u0131zl\u0131 uygulamalar i\u00e7in, sonsuz di\u015fli \u00e7ark\u0131, sonsuz yata\u011f\u0131n \u00fczerine yerle\u015ftirilmi\u015f bir \u00fcstten takmal\u0131 sonsuz di\u015fli ile de\u011fi\u015ftirilir. Bu d\u00fczenleme, di\u015fli h\u0131z\u0131n\u0131 d\u00fc\u015f\u00fcr\u00fcr, ya\u011f kar\u0131\u015ft\u0131rma kay\u0131plar\u0131n\u0131 en aza indirir ve ya\u011f havuzundaki kirleticilerin veya a\u015f\u0131nd\u0131r\u0131c\u0131lar\u0131n birbirine ge\u00e7me alan\u0131na girme riskini azaltarak g\u00fcvenilir performans sa\u011flar.<\/p>\n<p><img loading=\"lazy\" decoding=\"async\" class=\"alignnone size-full wp-image-7194\" src=\"https:\/\/fmp-components.com\/wp-content\/uploads\/2025\/03\/Cylindrical-Worm-Wheel-2.webp\" alt=\"Silindirik-Solucan-Tekerlek\" width=\"1000\" height=\"664\" title=\"\" srcset=\"https:\/\/fmp-components.com\/wp-content\/uploads\/2025\/03\/Cylindrical-Worm-Wheel-2.webp 1000w, https:\/\/fmp-components.com\/wp-content\/uploads\/2025\/03\/Cylindrical-Worm-Wheel-2-980x651.webp 980w, https:\/\/fmp-components.com\/wp-content\/uploads\/2025\/03\/Cylindrical-Worm-Wheel-2-480x319.webp 480w\" sizes=\"(min-width: 0px) and (max-width: 480px) 480px, (min-width: 481px) and (max-width: 980px) 980px, (min-width: 981px) 1000px, 100vw\" \/><\/p>\n<\/div>","protected":false},"excerpt":{"rendered":"<p>A Cylindrical Worm Wheel is a key component in worm gear systems, designed to mesh seamlessly with a worm to transmit power efficiently while maintaining smooth operation and high torque capacity. At FMP Company, we specialize in producing a diverse range of Cylindrical Worm Wheels, available in various types and specifications to suit your specific [&hellip;]<\/p>","protected":false},"featured_media":7195,"comment_status":"open","ping_status":"closed","template":"","meta":{"_et_pb_use_builder":"","_et_pb_old_content":"","_et_gb_content_width":""},"product_brand":[],"product_cat":[107],"product_tag":[],"class_list":{"0":"post-7189","1":"product","2":"type-product","3":"status-publish","4":"has-post-thumbnail","6":"product_cat-worm-gear","8":"first","9":"instock","10":"shipping-taxable","11":"product-type-simple"},"_links":{"self":[{"href":"https:\/\/fmp-components.com\/tr\/wp-json\/wp\/v2\/product\/7189","targetHints":{"allow":["GET"]}}],"collection":[{"href":"https:\/\/fmp-components.com\/tr\/wp-json\/wp\/v2\/product"}],"about":[{"href":"https:\/\/fmp-components.com\/tr\/wp-json\/wp\/v2\/types\/product"}],"replies":[{"embeddable":true,"href":"https:\/\/fmp-components.com\/tr\/wp-json\/wp\/v2\/comments?post=7189"}],"wp:featuredmedia":[{"embeddable":true,"href":"https:\/\/fmp-components.com\/tr\/wp-json\/wp\/v2\/media\/7195"}],"wp:attachment":[{"href":"https:\/\/fmp-components.com\/tr\/wp-json\/wp\/v2\/media?parent=7189"}],"wp:term":[{"taxonomy":"product_brand","embeddable":true,"href":"https:\/\/fmp-components.com\/tr\/wp-json\/wp\/v2\/product_brand?post=7189"},{"taxonomy":"product_cat","embeddable":true,"href":"https:\/\/fmp-components.com\/tr\/wp-json\/wp\/v2\/product_cat?post=7189"},{"taxonomy":"product_tag","embeddable":true,"href":"https:\/\/fmp-components.com\/tr\/wp-json\/wp\/v2\/product_tag?post=7189"}],"curies":[{"name":"wp","href":"https:\/\/api.w.org\/{rel}","templated":true}]}}