{"id":7174,"date":"2025-03-20T02:01:26","date_gmt":"2025-03-20T02:01:26","guid":{"rendered":"https:\/\/fmp-components.com\/?post_type=product&#038;p=7174"},"modified":"2025-03-26T08:51:30","modified_gmt":"2025-03-26T08:51:30","slug":"duplex-worm-gear","status":"publish","type":"product","link":"https:\/\/fmp-components.com\/tr\/product\/duplex-worm-gear\/","title":{"rendered":"Dubleks Sonsuz Di\u015fli"},"content":{"rendered":"<p>Dubleks Sonsuz Di\u015fli, g\u00fc\u00e7 aktar\u0131m sistemlerinde geli\u015fmi\u015f dayan\u0131kl\u0131l\u0131k ve verimlilik sunan, y\u00fcksek hassasiyetli uygulamalar i\u00e7in tasarlanm\u0131\u015f \u00f6zel bir mekanik bile\u015fendir. FMP Company olarak, geni\u015f bir Dubleks \u00fcr\u00fcn yelpazesi \u00fcretmekten gurur duyuyoruz. <a href=\"https:\/\/fmp-components.com\/tr\/worm-gear-and-worm-shaft-2\/\">Sonsuz Di\u015fliler<\/a> \u00c7e\u015fitli sekt\u00f6r ihtiya\u00e7lar\u0131n\u0131 kar\u015f\u0131lamak i\u00e7in \u00e7e\u015fitli tip ve \u00f6zelliklerde \u00fcr\u00fcnler sunuyoruz. Ayr\u0131ca, benzersiz ihtiya\u00e7lar\u0131n\u0131za g\u00f6re \u00f6zelle\u015ftirilmi\u015f \u00e7\u00f6z\u00fcmler de sunuyoruz. Arad\u0131\u011f\u0131n\u0131z modeli \u00fcr\u00fcn listemizde bulamazsan\u0131z, bu hen\u00fcz y\u00fcklemedi\u011fimiz anlam\u0131na gelir. L\u00fctfen istedi\u011finiz \u00f6zellikleri bize e-postayla g\u00f6nderin; uzman m\u00fchendislerimiz size yard\u0131mc\u0131 olmak i\u00e7in 24 saat i\u00e7inde yan\u0131t verecektir.<\/p>\n<p><img loading=\"lazy\" decoding=\"async\" class=\"size-full wp-image-7180 aligncenter\" src=\"https:\/\/fmp-components.com\/wp-content\/uploads\/2025\/03\/duplex-worm-gear-1.webp\" alt=\"dubleks sonsuz di\u015fli\" width=\"620\" height=\"420\" title=\"\" srcset=\"https:\/\/fmp-components.com\/wp-content\/uploads\/2025\/03\/duplex-worm-gear-1.webp 620w, https:\/\/fmp-components.com\/wp-content\/uploads\/2025\/03\/duplex-worm-gear-1-480x325.webp 480w\" sizes=\"(min-width: 0px) and (max-width: 480px) 480px, (min-width: 481px) 620px, 100vw\" \/><\/p>\n<h2>Dubleks Sonsuz Di\u015flinin \u00d6zellikleri<\/h2>\n<p>\u00c7ift veya \u00e7ift u\u00e7lu sonsuz di\u015fli, iki flan\u015f\u0131n birbirinden farkl\u0131 mod\u00fcller ve \u00e7ap katsay\u0131lar\u0131yla i\u015flendi\u011fi ve her di\u015f profilinde farkl\u0131 u\u00e7 a\u00e7\u0131lar\u0131 elde edildi\u011fi bir sonsuz di\u015fli tak\u0131m\u0131d\u0131r. Bu tasar\u0131m, di\u015f kal\u0131nl\u0131\u011f\u0131n\u0131n sonsuz di\u015flinin uzunlu\u011fu boyunca kademeli olarak artmas\u0131n\u0131 sa\u011flarken, di\u015fler aras\u0131ndaki bo\u015flu\u011fu daraltarak hassas bo\u015fluk kontrol\u00fc sa\u011flar.<\/p>\n<p>Sonsuz di\u015flide, bu farkl\u0131 mod\u00fcller her bir kanatta benzersiz ek modifikasyon katsay\u0131lar\u0131 ve yuvarlanma dairesi \u00e7aplar\u0131 olu\u015fturarak \u00f6n ve arkada farkl\u0131 profiller olu\u015fturur. Ancak, di\u015f kal\u0131nl\u0131\u011f\u0131 ve bo\u015fluklar tekerle\u011fin \u00e7evresi boyunca ayn\u0131 kal\u0131r.<\/p>\n<p>Geri tepmeyi ayarlamak i\u00e7in, sonsuz vida eksenel olarak hareket ettirilir ve b\u00f6l\u00fcm, tekerle\u011fi kavramak i\u00e7in uygun di\u015f kal\u0131nl\u0131\u011f\u0131yla hizalanarak istenen geri tepme seviyesine ula\u015f\u0131l\u0131r (bkz. \u015eekil 1). Bu y\u00f6ntem, di\u015fli montaj\u0131 s\u0131ras\u0131nda geri tepmenin herhangi bir de\u011fere kolayca ayarlanmas\u0131n\u0131 sa\u011flar. A\u015f\u0131nm\u0131\u015f di\u015fliler bile, di\u015f temas\u0131n\u0131 de\u011fi\u015ftirmeden veya birbirine ge\u00e7me sorunlar\u0131na neden olmadan hassas ve s\u00fcrekli olarak ayarlanabilir.<\/p>\n<p>A\u00e7\u0131klanan \u00e7ift y\u00f6nl\u00fc yakla\u015f\u0131ma ek olarak, sonsuz di\u015fli bo\u015flu\u011funu d\u00fczenlemek i\u00e7in di\u011fer y\u00f6ntemler \u015funlar\u0131 i\u00e7erir: sonsuz \u015faft\u0131 ve tekerle\u011fi destekleyen eksantrik bir g\u00f6be\u011fi d\u00f6nd\u00fcrerek merkez mesafesini ayarlama; konik bir sonsuz di\u015fliyi eksenel olarak kayd\u0131rma (\u015fekil 2a); sonsuz di\u015fliyi birbirine g\u00f6re d\u00f6nd\u00fcr\u00fclebilen veya kayd\u0131r\u0131labilen iki par\u00e7aya ay\u0131rma (\u015fekil 2b) (Ott sistemi); veya tekerle\u011fi birbirine daha yak\u0131n ayarlanabilen iki diske b\u00f6lme (\u015fekil 2c).<\/p>\n<table style=\"width: 100%; height: 28px;\" border=\"1\" width=\"100%\" cellspacing=\"0\" cellpadding=\"0\">\n<tbody>\n<tr style=\"height: 14.40pt;\">\n<td style=\"height: 14px; width: 49.8pt;\" width=\"83\" height=\"24\">\u00a0<img loading=\"lazy\" decoding=\"async\" class=\"alignnone size-full wp-image-7176\" src=\"https:\/\/fmp-components.com\/wp-content\/uploads\/2025\/03\/Duplex-Worms-1.webp\" alt=\"Dubleks Solucanlar\" width=\"450\" height=\"450\" title=\"\" srcset=\"https:\/\/fmp-components.com\/wp-content\/uploads\/2025\/03\/Duplex-Worms-1.webp 450w, https:\/\/fmp-components.com\/wp-content\/uploads\/2025\/03\/Duplex-Worms-1-300x300.webp 300w, https:\/\/fmp-components.com\/wp-content\/uploads\/2025\/03\/Duplex-Worms-1-150x150.webp 150w, https:\/\/fmp-components.com\/wp-content\/uploads\/2025\/03\/Duplex-Worms-1-12x12.webp 12w, https:\/\/fmp-components.com\/wp-content\/uploads\/2025\/03\/Duplex-Worms-1-100x100.webp 100w\" sizes=\"(max-width: 450px) 100vw, 450px\" \/><\/td>\n<td style=\"width: 48pt; height: 14px;\" align=\"right\" width=\"80\"><img loading=\"lazy\" decoding=\"async\" class=\"alignnone size-full wp-image-7175\" src=\"https:\/\/fmp-components.com\/wp-content\/uploads\/2025\/03\/Duplex-Worms-2.webp\" alt=\"Dubleks Solucanlar\" width=\"450\" height=\"450\" title=\"\" srcset=\"https:\/\/fmp-components.com\/wp-content\/uploads\/2025\/03\/Duplex-Worms-2.webp 450w, https:\/\/fmp-components.com\/wp-content\/uploads\/2025\/03\/Duplex-Worms-2-300x300.webp 300w, https:\/\/fmp-components.com\/wp-content\/uploads\/2025\/03\/Duplex-Worms-2-150x150.webp 150w, https:\/\/fmp-components.com\/wp-content\/uploads\/2025\/03\/Duplex-Worms-2-12x12.webp 12w, https:\/\/fmp-components.com\/wp-content\/uploads\/2025\/03\/Duplex-Worms-2-100x100.webp 100w\" sizes=\"(max-width: 450px) 100vw, 450px\" \/><\/td>\n<\/tr>\n<tr style=\"height: 14.40pt;\">\n<td style=\"height: 14px; text-align: center;\" height=\"24\"><strong>\u015eekil 1<\/strong><\/td>\n<td style=\"height: 14px; text-align: center;\" align=\"right\"><strong>\u015eekil 2<\/strong><\/td>\n<\/tr>\n<\/tbody>\n<\/table>\n<div>\n<h3 class=\"break-words\">Montaj Dikkat Notu<\/h3>\n<p class=\"break-words\">Dubleks sonsuz di\u015fliler, sa\u011f ve sol di\u015f y\u00fczeylerinde farkl\u0131 mod\u00fcllere sahip oldu\u011fundan, sonsuz di\u015fli ve sonsuz di\u015fli \u00e7ark\u0131n\u0131n do\u011fru hizalanmas\u0131 \u00f6nemlidir. Montajdan \u00f6nce, l\u00fctfen a\u015fa\u011f\u0131daki iki noktan\u0131n dikkatlice kontrol edildi\u011finden emin olun.<\/p>\n<ol class=\"marker:text-secondary\">\n<li class=\"break-words\">Montaj Y\u00f6n\u00fcn\u00fc Onaylama<br \/>\nHem \u00e7ift tarafl\u0131 sonsuz di\u015fli hem de sonsuz di\u015fli \u00e7ark, do\u011fru montaj y\u00f6n\u00fcn\u00fc g\u00f6steren bir okla i\u015faretlenmi\u015ftir. Montaj s\u0131ras\u0131nda, sonsuz di\u015fli ve sonsuz di\u015fli \u00e7ark\u0131, sonsuz di\u015fli \u00fczerindeki ok, \u00f6nden g\u00f6r\u00fclebilen sonsuz di\u015fli \u00fczerindeki ok y\u00f6n\u00fcyle e\u015fle\u015fecek \u015fekilde hizalay\u0131n. Hizalama yanl\u0131\u015fsa, merkez mesafesi \"a\" standart \u00f6l\u00e7\u00fcy\u00fc a\u015facak ve bu da montaj sorunlar\u0131na ve di\u015flilerin birbirine ge\u00e7memesine yol a\u00e7acakt\u0131r. (Bkz. \u015eekil 3)<\/li>\n<\/ol>\n<p><img loading=\"lazy\" decoding=\"async\" class=\"alignnone size-full wp-image-7179\" src=\"https:\/\/fmp-components.com\/wp-content\/uploads\/2025\/03\/Duplex-Worms-3.webp\" alt=\"Dubleks Solucanlar\" width=\"900\" height=\"500\" title=\"\" srcset=\"https:\/\/fmp-components.com\/wp-content\/uploads\/2025\/03\/Duplex-Worms-3.webp 900w, https:\/\/fmp-components.com\/wp-content\/uploads\/2025\/03\/Duplex-Worms-3-480x267.webp 480w\" sizes=\"(min-width: 0px) and (max-width: 480px) 480px, (min-width: 481px) 900px, 100vw\" \/><\/p>\n<p style=\"text-align: center;\"><strong>\u015eekil 3<\/strong><\/p>\n<p>\u015eekil 3 Ok i\u015fareti, iki di\u015flinin monte edildi\u011finde do\u011fru y\u00f6n\u00fcn\u00fc g\u00f6sterir. G\u00f6sterildi\u011fi gibi, iki ok ayn\u0131 y\u00f6n\u00fc g\u00f6stermelidir.<\/p>\n<p class=\"adj\"><span class=\"bold\">2. Referans konumunun do\u011frulanmas\u0131<\/span><br \/>\n\u00c7ift di\u015fli sonsuz di\u015flinin u\u00e7 \u00e7evresinde bulunan bir V olu\u011fu (60 \u03bcm, 0,3 mm derinli\u011finde \u00e7izgi), referans di\u015fi i\u015faretler. Referans di\u015fi, sonsuz di\u015flinin d\u00f6nme merkeziyle hizaland\u0131\u011f\u0131nda ve merkez mesafesi \"a\" de\u011ferine ayarland\u0131\u011f\u0131nda, di\u015fli tak\u0131m\u0131n\u0131n neredeyse s\u0131f\u0131r (\u00b1 0,045) bo\u015fluk pay\u0131na sahip olmas\u0131 ama\u00e7lanm\u0131\u015ft\u0131r (\u015eekil 4).<\/p>\n<p><img loading=\"lazy\" decoding=\"async\" class=\"alignnone size-full wp-image-7178\" src=\"https:\/\/fmp-components.com\/wp-content\/uploads\/2025\/03\/Duplex-Worms-4.webp\" alt=\"Dubleks Solucanlar\" width=\"900\" height=\"400\" title=\"\" srcset=\"https:\/\/fmp-components.com\/wp-content\/uploads\/2025\/03\/Duplex-Worms-4.webp 900w, https:\/\/fmp-components.com\/wp-content\/uploads\/2025\/03\/Duplex-Worms-4-480x213.webp 480w\" sizes=\"(min-width: 0px) and (max-width: 480px) 480px, (min-width: 481px) 900px, 100vw\" \/><\/p>\n<p style=\"text-align: center;\"><strong>\u015eekil 4<\/strong><\/p>\n<h3>Uygulama \u00d6rne\u011fi<\/h3>\n<p><img loading=\"lazy\" decoding=\"async\" class=\"alignnone size-full wp-image-7187\" src=\"https:\/\/fmp-components.com\/wp-content\/uploads\/2025\/03\/Duplex-Worm-gear-application.webp\" alt=\"Dubleks-Sonsuz-di\u015fli-uygulamas\u0131\" width=\"1240\" height=\"391\" title=\"\" srcset=\"https:\/\/fmp-components.com\/wp-content\/uploads\/2025\/03\/Duplex-Worm-gear-application.webp 1240w, https:\/\/fmp-components.com\/wp-content\/uploads\/2025\/03\/Duplex-Worm-gear-application-980x309.webp 980w, https:\/\/fmp-components.com\/wp-content\/uploads\/2025\/03\/Duplex-Worm-gear-application-480x151.webp 480w\" sizes=\"(min-width: 0px) and (max-width: 480px) 480px, (min-width: 481px) and (max-width: 980px) 980px, (min-width: 981px) 1240px, 100vw\" \/><\/p>\n<p>Yukar\u0131daki \u00e7izimler yaln\u0131zca tasar\u0131m \u00f6rnekleridir ve ger\u00e7ek makine veya ekipmanlar\u0131n tasar\u0131mlar\u0131 de\u011fildir.<\/p>\n<h3>\u0130lgili \u00dcr\u00fcn<\/h3>\n<p>Bu \u00fcr\u00fcnlerin sadece bir k\u0131sm\u0131d\u0131r, daha fazla \u00fcr\u00fcn i\u00e7in l\u00fctfen bizimle ileti\u015fime ge\u00e7in<\/p>\n<p><img loading=\"lazy\" decoding=\"async\" class=\"size-full wp-image-7190 aligncenter\" src=\"https:\/\/fmp-components.com\/wp-content\/uploads\/2025\/03\/duplex-worm-gear-product-2.webp\" alt=\"dubleks sonsuz di\u015fli\" width=\"1000\" height=\"700\" title=\"\" srcset=\"https:\/\/fmp-components.com\/wp-content\/uploads\/2025\/03\/duplex-worm-gear-product-2.webp 1000w, https:\/\/fmp-components.com\/wp-content\/uploads\/2025\/03\/duplex-worm-gear-product-2-980x686.webp 980w, https:\/\/fmp-components.com\/wp-content\/uploads\/2025\/03\/duplex-worm-gear-product-2-480x336.webp 480w\" sizes=\"(min-width: 0px) and (max-width: 480px) 480px, (min-width: 481px) and (max-width: 980px) 980px, (min-width: 981px) 1000px, 100vw\" \/><\/p>\n<\/div>","protected":false},"excerpt":{"rendered":"<p>A Duplex Worm Gear is a specialized mechanical component designed for high-precision applications, offering enhanced durability and efficiency in power transmission systems. At FMP Company, we proudly manufacture a wide range of Duplex Worm Gears in various types and specifications to meet diverse industry needs. We also offer customized solutions tailored to your unique requirements. [&hellip;]<\/p>","protected":false},"featured_media":7188,"comment_status":"open","ping_status":"closed","template":"","meta":{"_et_pb_use_builder":"","_et_pb_old_content":"","_et_gb_content_width":""},"product_brand":[],"product_cat":[107],"product_tag":[],"class_list":{"0":"post-7174","1":"product","2":"type-product","3":"status-publish","4":"has-post-thumbnail","6":"product_cat-worm-gear","8":"first","9":"instock","10":"shipping-taxable","11":"product-type-simple"},"_links":{"self":[{"href":"https:\/\/fmp-components.com\/tr\/wp-json\/wp\/v2\/product\/7174","targetHints":{"allow":["GET"]}}],"collection":[{"href":"https:\/\/fmp-components.com\/tr\/wp-json\/wp\/v2\/product"}],"about":[{"href":"https:\/\/fmp-components.com\/tr\/wp-json\/wp\/v2\/types\/product"}],"replies":[{"embeddable":true,"href":"https:\/\/fmp-components.com\/tr\/wp-json\/wp\/v2\/comments?post=7174"}],"wp:featuredmedia":[{"embeddable":true,"href":"https:\/\/fmp-components.com\/tr\/wp-json\/wp\/v2\/media\/7188"}],"wp:attachment":[{"href":"https:\/\/fmp-components.com\/tr\/wp-json\/wp\/v2\/media?parent=7174"}],"wp:term":[{"taxonomy":"product_brand","embeddable":true,"href":"https:\/\/fmp-components.com\/tr\/wp-json\/wp\/v2\/product_brand?post=7174"},{"taxonomy":"product_cat","embeddable":true,"href":"https:\/\/fmp-components.com\/tr\/wp-json\/wp\/v2\/product_cat?post=7174"},{"taxonomy":"product_tag","embeddable":true,"href":"https:\/\/fmp-components.com\/tr\/wp-json\/wp\/v2\/product_tag?post=7174"}],"curies":[{"name":"wp","href":"https:\/\/api.w.org\/{rel}","templated":true}]}}