{"id":7168,"date":"2025-03-20T01:19:21","date_gmt":"2025-03-20T01:19:21","guid":{"rendered":"https:\/\/fmp-components.com\/?post_type=product&#038;p=7168"},"modified":"2025-03-26T08:52:09","modified_gmt":"2025-03-26T08:52:09","slug":"stainless-steel-worm-gear-for-cnc-machinery","status":"publish","type":"product","link":"https:\/\/fmp-components.com\/tr\/product\/stainless-steel-worm-gear-for-cnc-machinery\/","title":{"rendered":"CNC Makineleri i\u00e7in Paslanmaz \u00c7elik Sonsuz Di\u015fli"},"content":{"rendered":"<p>FMP \u015eirketi olarak, geni\u015f bir yelpazede paslanmaz \u00e7elik \u00fcr\u00fcnlerin imalat\u0131nda uzmanla\u015fm\u0131\u015f bulunmaktay\u0131z. <a href=\"https:\/\/fmp-components.com\/tr\/worm-gear-and-worm-shaft-2\/\">Sonsuz Di\u015fliler<\/a> \u00c7e\u015fitli end\u00fcstriyel ihtiya\u00e7lar\u0131 kar\u015f\u0131lamak \u00fczere tasarlanm\u0131\u015ft\u0131r. Geni\u015f katalo\u011fumuza ek olarak, \u00f6zel gereksinimlerinize g\u00f6re uyarlanm\u0131\u015f \u00f6zel \u00e7\u00f6z\u00fcmler de sunuyoruz. \u00dcr\u00fcn listemizde arad\u0131\u011f\u0131n\u0131z modeli bulamazsan\u0131z, muhtemelen hen\u00fcz g\u00fcncelleme f\u0131rsat\u0131m\u0131z olmam\u0131\u015ft\u0131r. L\u00fctfen ihtiyac\u0131n\u0131z olan modelin ayr\u0131nt\u0131lar\u0131n\u0131 i\u00e7eren bir e-posta g\u00f6nderin; m\u00fchendislerimiz size yard\u0131mc\u0131 olmak i\u00e7in 24 saat i\u00e7inde yan\u0131t verecektir.<\/p>\n<p><img loading=\"lazy\" decoding=\"async\" class=\"size-full wp-image-7172 aligncenter\" src=\"https:\/\/fmp-components.com\/wp-content\/uploads\/2025\/03\/Stainless-Steel-Worm-Gear-for-CNC-Machinery-4.webp\" alt=\"CNC Makineleri i\u00e7in Paslanmaz \u00c7elik Sonsuz Di\u015fli\" width=\"500\" height=\"600\" title=\"\" srcset=\"https:\/\/fmp-components.com\/wp-content\/uploads\/2025\/03\/Stainless-Steel-Worm-Gear-for-CNC-Machinery-4.webp 500w, https:\/\/fmp-components.com\/wp-content\/uploads\/2025\/03\/Stainless-Steel-Worm-Gear-for-CNC-Machinery-4-480x576.webp 480w\" sizes=\"(min-width: 0px) and (max-width: 480px) 480px, (min-width: 481px) 500px, 100vw\" \/><\/p>\n<h2>\u00dcr\u00fcn Parametreleri<\/h2>\n<div class=\"rich-text-table\">\n<table border=\"1\">\n<colgroup>\n<col \/>\n<col \/><\/colgroup>\n<tbody>\n<tr>\n<td>\u00dcr\u00fcn ad\u0131<\/td>\n<td>Sonsuz Di\u015fli ve Sonsuz \u00c7ark<\/td>\n<\/tr>\n<tr>\n<td>Mevcut Malzemeler<\/td>\n<td>Paslanmaz \u00c7elik, Karbon \u00c7elik, Pirin\u00e7, Bronz, Demir, Al\u00fcminyum Ala\u015f\u0131m\u0131, Bak\u0131r, Plastik, Naylon, PA66, MC, PEER, MSM, POM, Derlin vb.<\/td>\n<\/tr>\n<tr>\n<td>Is\u0131l \u0130\u015flem<\/td>\n<td>Sertle\u015ftirme ve Tavlama, Karb\u00fcrleme ve Sertle\u015ftirme, Y\u00fcksek Frekansl\u0131 Sertle\u015ftirme, Karbonitr\u00fcrleme\u2026<\/td>\n<\/tr>\n<tr>\n<td>Y\u00fczey \u0130\u015flem<\/td>\n<td>Karbonlama ve Su Verme, Tavlama, Di\u015f y\u00fczeyi y\u00fcksek s\u0131cakl\u0131kta su verme, Sertle\u015ftirme, Tavlama<\/td>\n<\/tr>\n<tr>\n<td>SIKILA\u015eTIRMA<\/td>\n<td>Tamamlanm\u0131\u015f delme, K\u0131lavuz delme, \u00d6zel istek<\/td>\n<\/tr>\n<tr>\n<td>\u0130\u015fleme Y\u00f6ntemi<\/td>\n<td>Kal\u0131plama, t\u0131ra\u015flama, di\u015fli a\u00e7ma, delme, k\u0131lavuz \u00e7ekme, raybalama, manuel pah k\u0131rma, ta\u015flama, vb.<\/td>\n<\/tr>\n<tr>\n<td>Bas\u0131n\u00e7 A\u00e7\u0131s\u0131<\/td>\n<td>20 Derece<\/td>\n<\/tr>\n<tr>\n<td>Sertlik<\/td>\n<td>55-60HRC<\/td>\n<\/tr>\n<tr>\n<td>Boyut<\/td>\n<td>M\u00fc\u015fteri \u00c7izimleri ve ISO Standard\u0131<\/td>\n<\/tr>\n<tr>\n<td>Paket<\/td>\n<td>Ah\u015fap kasa\/konteyner ve palet veya sipari\u015fe g\u00f6re \u00f6zel \u00fcretim.<\/td>\n<\/tr>\n<tr>\n<td>Sertifika<\/td>\n<td>ISO9001:2008<\/td>\n<\/tr>\n<tr>\n<td>Uygulamalar<\/td>\n<td>Elektrik makineleri, metalurji makineleri, \u00e7evre koruma makineleri, elektronik ve elektrikli ev aletleri, yol yap\u0131m makineleri, kimya makineleri, g\u0131da makineleri, hafif sanayi makineleri, madencilik makineleri, ula\u015f\u0131m makineleri, in\u015faat makineleri, yap\u0131 malzemeleri makineleri, \u00e7imento makineleri, kau\u00e7uk makineleri, su kaynaklar\u0131 makineleri ve petrol makineleri<\/td>\n<\/tr>\n<tr>\n<td>\u0130\u015fleme S\u00fcreci<\/td>\n<td>Malzeme haz\u0131rl\u0131\u011f\u0131, normalle\u015ftirme, kaba tornalama, su verme ve temperleme, yar\u0131 ince tornalama d\u0131\u015f \u00e7ember, kaba tornalama spiral y\u00fczey, ince tornalama (ince ta\u015flama) i\u00e7 delik u\u00e7 y\u00fcz\u00fc, kama yuvas\u0131, yar\u0131 ince tornalama spiral y\u00fczey, pense (eksik di\u015fler), yar\u0131 ince ta\u015flama d\u0131\u015f \u00e7ember, yar\u0131 ince ta\u015flama spiral y\u00fczey, ta\u015flama merkez deli\u011fi, hassas ta\u015flama d\u0131\u015f halka, ince \u00e7izme helisel y\u00fczey, bitmi\u015f \u00fcr\u00fcn muayenesi.<\/td>\n<\/tr>\n<tr>\n<td>Avantajlar\u0131<\/td>\n<td>1. ANSI veya DIN standart \u00f6l\u00e7\u00fclerine kesinlikle uyarak \u00fcretim yap\u0131n.<br \/>\n2. Malzeme: SCM 415 \u00e7elik<br \/>\n3. Delik: Tamamlanm\u0131\u015f delik<br \/>\n4. Hassasiyet s\u0131n\u0131f\u0131: DIN 5 - DIN 7<br \/>\n5. Y\u00fczey i\u015flemi: Karbonlama ve Su Verme<br \/>\n6. Mod\u00fcl: 1'den 4'e<br \/>\n7. Di\u015f: Z15'ten Z70'e<\/td>\n<\/tr>\n<\/tbody>\n<\/table>\n<\/div>\n<h2>\u00d6zellikler:<\/h2>\n<div class=\"rich-text-table\">\n<table border=\"1\">\n<tbody>\n<tr>\n<td colspan=\"2\">Say\u0131<\/td>\n<td rowspan=\"2\">Di\u015f Say\u0131s\u0131<\/td>\n<td colspan=\"2\">Mil \u0130\u00e7 \u00c7ap\u0131 AH7 (1 mm Art\u0131\u015fla)<\/td>\n<td rowspan=\"2\">D\u00f6nme Y\u00f6n\u00fc<\/td>\n<td rowspan=\"2\">B<\/td>\n<td rowspan=\"2\">C<\/td>\n<td rowspan=\"2\">D<\/td>\n<td rowspan=\"2\">E<\/td>\n<td rowspan=\"2\">F<\/td>\n<td rowspan=\"2\">G<\/td>\n<\/tr>\n<tr>\n<td>Tip<\/td>\n<td>Mod\u00fcl<\/td>\n<td>D\u00fcz Delik D\u00fcz Delik+K\u0131lavuz<\/td>\n<td>Kama yuvas\u0131+Musluk<\/td>\n<\/tr>\n<tr>\n<td rowspan=\"22\">D\u00fcz Delik<\/p>\n<p>D\u00fcz Delik+K\u0131lavuz<\/p>\n<p>Kama yuvas\u0131+Musluk<\/td>\n<td rowspan=\"5\">1.0<\/td>\n<td>20<\/td>\n<td>6<\/td>\n<td>8<\/td>\n<td rowspan=\"22\">L (Sol)<\/p>\n<p>R(Sa\u011f)<\/td>\n<td>17<\/td>\n<td>20<\/td>\n<td>22<\/td>\n<td colspan=\"1\" rowspan=\"5\">8<\/td>\n<td rowspan=\"5\">10<\/td>\n<td rowspan=\"5\">18<\/td>\n<\/tr>\n<tr>\n<td>22~ 28<\/td>\n<td>8<\/td>\n<td>8~13<\/td>\n<td>18~20<\/td>\n<td>22~28<\/td>\n<td>24~30<\/td>\n<\/tr>\n<tr>\n<td>30~48<\/td>\n<td>10<\/td>\n<td>10~17<\/td>\n<td>25~30<\/td>\n<td>30~48<\/td>\n<td>32~50<\/td>\n<\/tr>\n<tr>\n<td>50~70<\/td>\n<td>12<\/td>\n<td>12~17<\/td>\n<td>35~40<\/td>\n<td>50~70<\/td>\n<td colspan=\"1\">52~72<\/td>\n<\/tr>\n<tr>\n<td>80~100<\/td>\n<td>15<\/td>\n<td>15~30<\/td>\n<td>50<\/td>\n<td>80~100<\/td>\n<td colspan=\"1\">82~102<\/td>\n<\/tr>\n<tr>\n<td rowspan=\"4\">1.5<\/td>\n<td>20~26<\/td>\n<td>12<\/td>\n<td>12~17<\/td>\n<td>24~32<\/td>\n<td>30~39<\/td>\n<td colspan=\"1\">33~42<\/td>\n<td colspan=\"1\" rowspan=\"4\">12<\/td>\n<td rowspan=\"4\">12<\/td>\n<td rowspan=\"4\">24<\/td>\n<\/tr>\n<tr>\n<td>28~44<\/td>\n<td>15<\/td>\n<td>15~30<\/td>\n<td>36~50<\/td>\n<td>42~67.5<\/td>\n<td colspan=\"1\">45~70.5<\/td>\n<\/tr>\n<tr>\n<td>45~52<\/td>\n<td>18<\/td>\n<td>18~40<\/td>\n<td>50~60<\/td>\n<td>72~78<\/td>\n<td colspan=\"1\">75~81<\/td>\n<\/tr>\n<tr>\n<td>60~100<\/td>\n<td>20<\/td>\n<td>20-50<\/td>\n<td>60~70<\/td>\n<td>90~150<\/td>\n<td colspan=\"1\">93\u00b7153<\/td>\n<\/tr>\n<tr>\n<td rowspan=\"5\">2.0<\/td>\n<td>15~18<\/td>\n<td>12<\/td>\n<td>12~17<\/td>\n<td>24~30<\/td>\n<td>30~36<\/td>\n<td>34~40<\/td>\n<td colspan=\"1\" rowspan=\"5\">16<\/td>\n<td rowspan=\"5\">13<\/td>\n<td rowspan=\"5\">29<\/td>\n<\/tr>\n<tr>\n<td>20~28<\/td>\n<td>15<\/td>\n<td>15\u00b722<\/td>\n<td>32~45<\/td>\n<td>40~56<\/td>\n<td>44~60<\/td>\n<\/tr>\n<tr>\n<td>30~36<\/td>\n<td>18<\/td>\n<td>18~40<\/td>\n<td>50<\/td>\n<td>60~72<\/td>\n<td>64~76<\/td>\n<\/tr>\n<tr>\n<td>40~48<\/td>\n<td>20<\/td>\n<td>20~44<\/td>\n<td>60<\/td>\n<td>80~96<\/td>\n<td>84~100<\/td>\n<\/tr>\n<tr>\n<td>50~100<\/td>\n<td>25<\/td>\n<td>25~60<\/td>\n<td>60~100<\/td>\n<td>100~200<\/td>\n<td>104~204<\/td>\n<\/tr>\n<tr>\n<td rowspan=\"4\">2.5<\/td>\n<td>15~18<\/td>\n<td>15<\/td>\n<td>15~30<\/td>\n<td>30~38<\/td>\n<td>37.5~45<\/td>\n<td>42.5~50<\/td>\n<td colspan=\"1\" rowspan=\"4\">20<\/td>\n<td rowspan=\"4\">14<\/td>\n<td rowspan=\"4\">34<\/td>\n<\/tr>\n<tr>\n<td>20~24<\/td>\n<td>18<\/td>\n<td>18~40<\/td>\n<td>40~48<\/td>\n<td>50~60<\/td>\n<td>55~65<\/td>\n<\/tr>\n<tr>\n<td>25~36<\/td>\n<td>20<\/td>\n<td>20~50<\/td>\n<td>50~70<\/td>\n<td>62.5~90<\/td>\n<td>67.5~95<\/td>\n<\/tr>\n<tr>\n<td>40~60<\/td>\n<td>25<\/td>\n<td>25~70<\/td>\n<td>70~80<\/td>\n<td>90~150<\/td>\n<td>95~155<\/td>\n<\/tr>\n<tr>\n<td rowspan=\"4\">3.0<\/td>\n<td>15~18<\/td>\n<td>18<\/td>\n<td>18~22<\/td>\n<td>36~40<\/td>\n<td>45~54<\/td>\n<td>51~60<\/td>\n<td colspan=\"1\" rowspan=\"4\">25<\/td>\n<td rowspan=\"4\">16<\/td>\n<td rowspan=\"4\">4<\/td>\n<\/tr>\n<\/tbody>\n<\/table>\n<h3>\u0130lgili \u00dcr\u00fcn<\/h3>\n<p><img loading=\"lazy\" decoding=\"async\" class=\"alignnone size-full wp-image-7170\" src=\"https:\/\/fmp-components.com\/wp-content\/uploads\/2025\/03\/Stainless-Steel-Worm-Gear-for-CNC-Machinery-3.webp\" alt=\"CNC Makineleri i\u00e7in Paslanmaz \u00c7elik Sonsuz Di\u015fli\" width=\"1000\" height=\"400\" title=\"\" srcset=\"https:\/\/fmp-components.com\/wp-content\/uploads\/2025\/03\/Stainless-Steel-Worm-Gear-for-CNC-Machinery-3.webp 1000w, https:\/\/fmp-components.com\/wp-content\/uploads\/2025\/03\/Stainless-Steel-Worm-Gear-for-CNC-Machinery-3-980x392.webp 980w, https:\/\/fmp-components.com\/wp-content\/uploads\/2025\/03\/Stainless-Steel-Worm-Gear-for-CNC-Machinery-3-480x192.webp 480w\" sizes=\"(min-width: 0px) and (max-width: 480px) 480px, (min-width: 481px) and (max-width: 980px) 980px, (min-width: 981px) 1000px, 100vw\" \/><\/p>\n<p>FMP \u015eirketi olarak, \u00f6zellikle g\u0131da sekt\u00f6r\u00fcn\u00fcn zorlu taleplerini kar\u015f\u0131lamak \u00fczere tasarlanm\u0131\u015f Paslanmaz \u00c7elik Sonsuz Di\u015fli Kutular\u0131 da gururla \u00fcretti\u011fimizi belirtmek isteriz. Bu di\u015fli kutular\u0131, dayan\u0131kl\u0131l\u0131k, korozyon direnci ve hijyen standartlar\u0131na uygunluk sa\u011flamak \u00fczere hassas bir \u015fekilde \u00fcretilmi\u015ftir ve g\u0131da i\u015fleme uygulamalar\u0131 i\u00e7in ideal bir se\u00e7imdir. Paslanmaz \u00c7elik Sonsuz Di\u015fli Kutular\u0131m\u0131z hakk\u0131nda herhangi bir gereksiniminiz veya sorunuz varsa, l\u00fctfen bizimle ileti\u015fime ge\u00e7mekten \u00e7ekinmeyin. Alan\u0131nda uzman ekibimiz, operasyonlar\u0131n\u0131z\u0131 geli\u015ftirmek i\u00e7in size \u00f6zel \u00e7\u00f6z\u00fcmler sunarak size h\u0131zl\u0131 bir \u015fekilde yard\u0131mc\u0131 olmaya haz\u0131rd\u0131r. \u0130htiya\u00e7lar\u0131n\u0131z\u0131 g\u00f6r\u00fc\u015fmek i\u00e7in bug\u00fcn bizimle ileti\u015fime ge\u00e7in!<\/p>\n<p><img loading=\"lazy\" decoding=\"async\" class=\"alignnone size-full wp-image-7173\" src=\"https:\/\/fmp-components.com\/wp-content\/uploads\/2025\/03\/Stainless-Steel-Worm-Gearbox.webp\" alt=\"Paslanmaz \u00c7elik Sonsuz Di\u015fli Kutusu\" width=\"1000\" height=\"668\" title=\"\" srcset=\"https:\/\/fmp-components.com\/wp-content\/uploads\/2025\/03\/Stainless-Steel-Worm-Gearbox.webp 1000w, https:\/\/fmp-components.com\/wp-content\/uploads\/2025\/03\/Stainless-Steel-Worm-Gearbox-980x655.webp 980w, https:\/\/fmp-components.com\/wp-content\/uploads\/2025\/03\/Stainless-Steel-Worm-Gearbox-480x321.webp 480w\" sizes=\"(min-width: 0px) and (max-width: 480px) 480px, (min-width: 481px) and (max-width: 980px) 980px, (min-width: 981px) 1000px, 100vw\" \/><\/p>\n<\/div>","protected":false},"excerpt":{"rendered":"<p>At FMP Company, we specialize in manufacturing a wide range of Stainless Steel Worm Gears designed to meet diverse industrial needs. In addition to our extensive catalog, we also offer custom solutions tailored to your specific requirements. If you don\u2019t find the exact model you\u2019re looking for in our product list, it\u2019s likely we haven\u2019t [&hellip;]<\/p>","protected":false},"featured_media":7169,"comment_status":"open","ping_status":"closed","template":"","meta":{"_et_pb_use_builder":"","_et_pb_old_content":"","_et_gb_content_width":""},"product_brand":[],"product_cat":[107],"product_tag":[],"class_list":{"0":"post-7168","1":"product","2":"type-product","3":"status-publish","4":"has-post-thumbnail","6":"product_cat-worm-gear","8":"first","9":"instock","10":"shipping-taxable","11":"product-type-simple"},"_links":{"self":[{"href":"https:\/\/fmp-components.com\/tr\/wp-json\/wp\/v2\/product\/7168","targetHints":{"allow":["GET"]}}],"collection":[{"href":"https:\/\/fmp-components.com\/tr\/wp-json\/wp\/v2\/product"}],"about":[{"href":"https:\/\/fmp-components.com\/tr\/wp-json\/wp\/v2\/types\/product"}],"replies":[{"embeddable":true,"href":"https:\/\/fmp-components.com\/tr\/wp-json\/wp\/v2\/comments?post=7168"}],"wp:featuredmedia":[{"embeddable":true,"href":"https:\/\/fmp-components.com\/tr\/wp-json\/wp\/v2\/media\/7169"}],"wp:attachment":[{"href":"https:\/\/fmp-components.com\/tr\/wp-json\/wp\/v2\/media?parent=7168"}],"wp:term":[{"taxonomy":"product_brand","embeddable":true,"href":"https:\/\/fmp-components.com\/tr\/wp-json\/wp\/v2\/product_brand?post=7168"},{"taxonomy":"product_cat","embeddable":true,"href":"https:\/\/fmp-components.com\/tr\/wp-json\/wp\/v2\/product_cat?post=7168"},{"taxonomy":"product_tag","embeddable":true,"href":"https:\/\/fmp-components.com\/tr\/wp-json\/wp\/v2\/product_tag?post=7168"}],"curies":[{"name":"wp","href":"https:\/\/api.w.org\/{rel}","templated":true}]}}