{"id":7132,"date":"2025-03-18T08:04:19","date_gmt":"2025-03-18T08:04:19","guid":{"rendered":"https:\/\/fmp-components.com\/?post_type=product&#038;p=7132"},"modified":"2025-03-27T01:23:33","modified_gmt":"2025-03-27T01:23:33","slug":"forging-bevel-gears","status":"publish","type":"product","link":"https:\/\/fmp-components.com\/tr\/product\/forging-bevel-gears\/","title":{"rendered":"Konik Di\u015flilerin D\u00f6vmesi"},"content":{"rendered":"<h2>\u0130htiya\u00e7lar\u0131n\u0131za \u00d6zel Olarak Tasarlanm\u0131\u015f Hassas D\u00f6vme Konik Di\u015fliler<\/h2>\n<p>FMP olarak, y\u00fcksek performansl\u0131 d\u00f6vme imalat\u0131nda uzmanla\u015fm\u0131\u015f bulunuyoruz. <a href=\"https:\/\/fmp-components.com\/tr\/bevel-gear-2\/\">konik di\u015fliler<\/a> \u00c7e\u015fitli end\u00fcstriyel talepleri kar\u015f\u0131lamak \u00fczere tasarlanm\u0131\u015f, \u00e7ok \u00e7e\u015fitli tip ve \u00f6zelliklerde \u00fcr\u00fcnler sunuyoruz. \u00dcr\u00fcn portf\u00f6y\u00fcm\u00fczde d\u00fcz, spiral ve hipoid konik di\u015fliler yer almaktad\u0131r; bunlar\u0131n t\u00fcm\u00fc, ola\u011fan\u00fcst\u00fc dayan\u0131kl\u0131l\u0131k, sa\u011flaml\u0131k ve makinelerinize kusursuz entegrasyon sa\u011flamak i\u00e7in geli\u015fmi\u015f d\u00f6vme teknikleri kullan\u0131larak hassas bir \u015fekilde \u00fcretilmi\u015ftir.<\/p>\n<p>\u00d6zel \u00e7\u00f6z\u00fcmler bizim g\u00fc\u00e7l\u00fc y\u00f6n\u00fcm\u00fczd\u00fcr. \u0130ster benzersiz boyutlara, ister \u00f6zel malzemelere veya \u00f6zel di\u015f profillerine ihtiyac\u0131n\u0131z olsun, m\u00fchendislik ekibimiz beklentileri a\u015fan di\u015fliler sunmak i\u00e7in m\u00fc\u015fterilerle yak\u0131n i\u015fbirli\u011fi yapar.<\/p>\n<p>Katalo\u011fumuzda istedi\u011finiz modeli bulamad\u0131n\u0131z m\u0131? Endi\u015felenmeyin, \u00e7evrimi\u00e7i listelerimiz s\u00fcrekli geni\u015fliyor. \u0130htiya\u00e7 duydu\u011funuz ekipman t\u00fcr\u00fcn\u00fcn ayr\u0131nt\u0131lar\u0131n\u0131, uygulama parametrelerini ve teknik \u00f6zelliklerini de i\u00e7eren bir e-posta ile bize iletmeniz yeterli. Uzman m\u00fchendislerimiz talebinizi 24 saat i\u00e7inde inceleyerek uygulanabilirlik, fiyatland\u0131rma ve teslimat s\u00fcreleri hakk\u0131nda bilgi verecektir.<\/p>\n<table style=\"width: 103.173%;\" border=\"1\" width=\"100%\" cellspacing=\"0\" cellpadding=\"0\">\n<tbody>\n<tr style=\"height: 14.40pt;\">\n<td style=\"height: 14.4pt; width: 50.7937%;\" width=\"83\" height=\"24\"><img loading=\"lazy\" decoding=\"async\" class=\"size-full wp-image-7135 aligncenter\" src=\"https:\/\/fmp-components.com\/wp-content\/uploads\/2025\/03\/Forging-Bevel-Gears-product-4.webp\" alt=\"D\u00f6vme-Konik-Di\u015fliler\" width=\"400\" height=\"400\" title=\"\" srcset=\"https:\/\/fmp-components.com\/wp-content\/uploads\/2025\/03\/Forging-Bevel-Gears-product-4.webp 400w, https:\/\/fmp-components.com\/wp-content\/uploads\/2025\/03\/Forging-Bevel-Gears-product-4-300x300.webp 300w, https:\/\/fmp-components.com\/wp-content\/uploads\/2025\/03\/Forging-Bevel-Gears-product-4-150x150.webp 150w, https:\/\/fmp-components.com\/wp-content\/uploads\/2025\/03\/Forging-Bevel-Gears-product-4-12x12.webp 12w, https:\/\/fmp-components.com\/wp-content\/uploads\/2025\/03\/Forging-Bevel-Gears-product-4-100x100.webp 100w\" sizes=\"(max-width: 400px) 100vw, 400px\" \/><\/td>\n<td style=\"width: 52.2222%;\" align=\"right\" width=\"80\"><img loading=\"lazy\" decoding=\"async\" class=\"size-full wp-image-7136 aligncenter\" src=\"https:\/\/fmp-components.com\/wp-content\/uploads\/2025\/03\/Forging-Bevel-Gears-product-3.webp\" alt=\"D\u00f6vme-Konik-Di\u015fliler\" width=\"400\" height=\"400\" title=\"\" srcset=\"https:\/\/fmp-components.com\/wp-content\/uploads\/2025\/03\/Forging-Bevel-Gears-product-3.webp 400w, https:\/\/fmp-components.com\/wp-content\/uploads\/2025\/03\/Forging-Bevel-Gears-product-3-300x300.webp 300w, https:\/\/fmp-components.com\/wp-content\/uploads\/2025\/03\/Forging-Bevel-Gears-product-3-150x150.webp 150w, https:\/\/fmp-components.com\/wp-content\/uploads\/2025\/03\/Forging-Bevel-Gears-product-3-12x12.webp 12w, https:\/\/fmp-components.com\/wp-content\/uploads\/2025\/03\/Forging-Bevel-Gears-product-3-100x100.webp 100w\" sizes=\"(max-width: 400px) 100vw, 400px\" \/><\/td>\n<\/tr>\n<tr style=\"height: 14.40pt;\">\n<td style=\"height: 14.4pt; width: 50.7937%;\" height=\"24\"><img loading=\"lazy\" decoding=\"async\" class=\"size-full wp-image-7137 aligncenter\" src=\"https:\/\/fmp-components.com\/wp-content\/uploads\/2025\/03\/Forging-Bevel-Gears-product-2.webp\" alt=\"D\u00f6vme-Konik-Di\u015fliler\" width=\"400\" height=\"400\" title=\"\" srcset=\"https:\/\/fmp-components.com\/wp-content\/uploads\/2025\/03\/Forging-Bevel-Gears-product-2.webp 400w, https:\/\/fmp-components.com\/wp-content\/uploads\/2025\/03\/Forging-Bevel-Gears-product-2-300x300.webp 300w, https:\/\/fmp-components.com\/wp-content\/uploads\/2025\/03\/Forging-Bevel-Gears-product-2-150x150.webp 150w, https:\/\/fmp-components.com\/wp-content\/uploads\/2025\/03\/Forging-Bevel-Gears-product-2-12x12.webp 12w, https:\/\/fmp-components.com\/wp-content\/uploads\/2025\/03\/Forging-Bevel-Gears-product-2-100x100.webp 100w\" sizes=\"(max-width: 400px) 100vw, 400px\" \/><\/td>\n<td style=\"width: 52.2222%;\" align=\"right\"><img loading=\"lazy\" decoding=\"async\" class=\"size-full wp-image-7138 aligncenter\" src=\"https:\/\/fmp-components.com\/wp-content\/uploads\/2025\/03\/Forging-Bevel-Gears-product-1.webp\" alt=\"D\u00f6vme-Konik-Di\u015fliler\" width=\"400\" height=\"400\" title=\"\" srcset=\"https:\/\/fmp-components.com\/wp-content\/uploads\/2025\/03\/Forging-Bevel-Gears-product-1.webp 400w, https:\/\/fmp-components.com\/wp-content\/uploads\/2025\/03\/Forging-Bevel-Gears-product-1-300x300.webp 300w, https:\/\/fmp-components.com\/wp-content\/uploads\/2025\/03\/Forging-Bevel-Gears-product-1-150x150.webp 150w, https:\/\/fmp-components.com\/wp-content\/uploads\/2025\/03\/Forging-Bevel-Gears-product-1-12x12.webp 12w, https:\/\/fmp-components.com\/wp-content\/uploads\/2025\/03\/Forging-Bevel-Gears-product-1-100x100.webp 100w\" sizes=\"(max-width: 400px) 100vw, 400px\" \/><\/td>\n<\/tr>\n<\/tbody>\n<\/table>\n<h2>D\u00f6vme Konik Di\u015flilerin \u00d6zellikleri<\/h2>\n<p>D\u00f6vme konik di\u015fliler, a\u011f\u0131r hizmet tipi mekanik sistemlerde kritik bile\u015fenlerdir ve d\u00f6kme veya i\u015flenmi\u015f alternatiflere g\u00f6re benzersiz avantajlar sunarlar. A\u015fa\u011f\u0131da, onlar\u0131 y\u00fcksek performansl\u0131 uygulamalar i\u00e7in ideal k\u0131lan \u00f6ne \u00e7\u0131kan \u00f6zellikler yer almaktad\u0131r:<\/p>\n<p><strong>\u00dcst\u00fcn G\u00fc\u00e7 ve Dayan\u0131kl\u0131l\u0131k<\/strong><\/p>\n<ul>\n<li><strong>Tane Yap\u0131s\u0131 Hizalamas\u0131<\/strong>D\u00f6vme i\u015flemi, metalin tane yap\u0131s\u0131n\u0131 s\u0131k\u0131\u015ft\u0131r\u0131p hizalayarak \u00e7ekme dayan\u0131m\u0131n\u0131 ve yorulma direncini art\u0131r\u0131r.<\/li>\n<li><strong>Y\u00fcksek Y\u00fck Kapasitesi<\/strong>A\u015f\u0131r\u0131 tork, \u015fok y\u00fckleri ve tekrarlayan streslere deforme olmadan dayan\u0131r.<\/li>\n<li><strong>Malzeme B\u00fct\u00fcnl\u00fc\u011f\u00fc<\/strong>D\u00f6kme di\u015flilerde s\u0131k g\u00f6r\u00fclen g\u00f6zeneklili\u011fi, bo\u015fluklar\u0131 ve yabanc\u0131 maddeleri ortadan kald\u0131rarak uzun vadeli g\u00fcvenilirlik sa\u011flar.<\/li>\n<\/ul>\n<p><strong>Geli\u015ftirilmi\u015f Hassasiyet ve Performans<\/strong><\/p>\n<ul>\n<li><strong>Y\u00fcksek Boyutsal Do\u011fruluk<\/strong>D\u00f6vme i\u015flemi, neredeyse nihai \u015fekle yak\u0131n \u00fcretim imkan\u0131 sa\u011flayarak, sonradan i\u015fleme ihtiyac\u0131n\u0131 en aza indirir ve tutarl\u0131 di\u015f profilleri sa\u011flar.<\/li>\n<li><strong>En \u0130yi Y\u00fczey Bitirme<\/strong>Ta\u015flama\/parlatma ihtiyac\u0131n\u0131 azalt\u0131r, yap\u0131sal b\u00fct\u00fcnl\u00fc\u011f\u00fc korurken sorunsuz \u00e7al\u0131\u015fma sa\u011flar.<\/li>\n<li><strong>G\u00fcr\u00fclt\u00fc Azaltma<\/strong>Hassas d\u00f6vme y\u00f6ntemiyle \u00fcretilen di\u015fler kusursuz bir \u015fekilde birbirine ge\u00e7erek titre\u015fimi ve \u00e7al\u0131\u015fma g\u00fcr\u00fclt\u00fcs\u00fcn\u00fc azalt\u0131r.<\/li>\n<\/ul>\n<p><strong>A\u015f\u0131nma ve Korozyon Direnci<\/strong><\/p>\n<ul>\n<li><strong>Is\u0131l \u0130\u015flem Uyumlulu\u011fu<\/strong>D\u00f6vme di\u015fliler, y\u00fczey sertli\u011fini ve a\u015f\u0131nma direncini art\u0131rmak i\u00e7in sertle\u015ftirme i\u015flemlerine (\u00f6rne\u011fin, karb\u00fcrleme, ind\u00fcksiyonla sertle\u015ftirme) tabi tutulabilir.<\/li>\n<li><strong>Malzeme Esnekli\u011fi<\/strong>Y\u00fcksek mukavemetli ala\u015f\u0131mlar (\u00f6rne\u011fin, AISI 4140, 4340) ve a\u015f\u0131nd\u0131r\u0131c\u0131 ortamlarda kullan\u0131lan paslanmaz \u00e7eliklerle uyumludur.<\/li>\n<\/ul>\n<p><strong>Zaman \u0130\u00e7inde Maliyet Etkinli\u011fi<\/strong><\/p>\n<ul>\n<li><strong>Daha Uzun \u00d6m\u00fcr<\/strong>A\u015f\u0131nma ve ar\u0131za oranlar\u0131n\u0131n azalmas\u0131, bak\u0131m maliyetlerini ve ar\u0131za s\u00fcrelerini d\u00fc\u015f\u00fcr\u00fcr.<\/li>\n<li><strong>Verimlilik Kazan\u0131mlar\u0131<\/strong>Hassas \u00fcretim, s\u00fcrt\u00fcnmeden kaynaklanan enerji kayb\u0131n\u0131 en aza indirerek sistem verimlili\u011fini art\u0131r\u0131r.<\/li>\n<\/ul>\n<h3>D\u00f6vme konik di\u015flileri, d\u00f6kme\/i\u015flenmi\u015f di\u015flilere tercih etmenin nedenleri nelerdir?<\/h3>\n<p>D\u00f6vme y\u00f6ntemi, y\u00fcksek gerilimli uygulamalar i\u00e7in d\u00f6kme di\u015flilere g\u00f6re daha y\u00fcksek mukavemet, i\u015flenmi\u015f di\u015flilere g\u00f6re ise daha d\u00fc\u015f\u00fck maliyet verimlili\u011fi sa\u011flayan yo\u011fun ve homojen bir yap\u0131 sunar. Zorlu ko\u015fullara dayanabilme ve hassasiyetlerini koruyabilme \u00f6zellikleri, onlar\u0131 kritik end\u00fcstrilerde vazge\u00e7ilmez k\u0131lar.<\/p>\n<p>&nbsp;<\/p>\n<p><img loading=\"lazy\" decoding=\"async\" class=\"alignnone size-full wp-image-7139\" src=\"https:\/\/fmp-components.com\/wp-content\/uploads\/2025\/03\/Forging-Bevel-Gears-product-5.webp\" alt=\"D\u00f6vme-Konik-Di\u015fliler\" width=\"700\" height=\"395\" title=\"\" srcset=\"https:\/\/fmp-components.com\/wp-content\/uploads\/2025\/03\/Forging-Bevel-Gears-product-5.webp 700w, https:\/\/fmp-components.com\/wp-content\/uploads\/2025\/03\/Forging-Bevel-Gears-product-5-480x271.webp 480w\" sizes=\"(min-width: 0px) and (max-width: 480px) 480px, (min-width: 481px) 700px, 100vw\" \/><\/p>\n<h3>\u0130lgili \u00dcr\u00fcn<\/h3>\n<p><img loading=\"lazy\" decoding=\"async\" class=\"alignnone size-full wp-image-7140\" src=\"https:\/\/fmp-components.com\/wp-content\/uploads\/2025\/03\/Forging-Bevel-Gears-product-6.webp\" alt=\"D\u00f6vme-Konik-Di\u015fliler\" width=\"887\" height=\"652\" title=\"\" srcset=\"https:\/\/fmp-components.com\/wp-content\/uploads\/2025\/03\/Forging-Bevel-Gears-product-6.webp 887w, https:\/\/fmp-components.com\/wp-content\/uploads\/2025\/03\/Forging-Bevel-Gears-product-6-480x353.webp 480w\" sizes=\"(min-width: 0px) and (max-width: 480px) 480px, (min-width: 481px) 887px, 100vw\" \/><\/p>","protected":false},"excerpt":{"rendered":"<p>Precision-Forged Bevel Gears Tailored to Your Needs At FMP, we specialize in manufacturing high-performance forging bevel gears across a wide range of types and specifications, designed to meet diverse industrial demands. Our product portfolio includes straight, spiral, and hypoid bevel gears, all precision-engineered using advanced forging techniques to ensure exceptional durability, strength, and seamless integration [&hellip;]<\/p>","protected":false},"featured_media":7133,"comment_status":"open","ping_status":"closed","template":"","meta":{"_et_pb_use_builder":"","_et_pb_old_content":"","_et_gb_content_width":""},"product_brand":[],"product_cat":[106],"product_tag":[],"class_list":{"0":"post-7132","1":"product","2":"type-product","3":"status-publish","4":"has-post-thumbnail","6":"product_cat-bevel-gears","8":"first","9":"instock","10":"shipping-taxable","11":"product-type-simple"},"_links":{"self":[{"href":"https:\/\/fmp-components.com\/tr\/wp-json\/wp\/v2\/product\/7132","targetHints":{"allow":["GET"]}}],"collection":[{"href":"https:\/\/fmp-components.com\/tr\/wp-json\/wp\/v2\/product"}],"about":[{"href":"https:\/\/fmp-components.com\/tr\/wp-json\/wp\/v2\/types\/product"}],"replies":[{"embeddable":true,"href":"https:\/\/fmp-components.com\/tr\/wp-json\/wp\/v2\/comments?post=7132"}],"wp:featuredmedia":[{"embeddable":true,"href":"https:\/\/fmp-components.com\/tr\/wp-json\/wp\/v2\/media\/7133"}],"wp:attachment":[{"href":"https:\/\/fmp-components.com\/tr\/wp-json\/wp\/v2\/media?parent=7132"}],"wp:term":[{"taxonomy":"product_brand","embeddable":true,"href":"https:\/\/fmp-components.com\/tr\/wp-json\/wp\/v2\/product_brand?post=7132"},{"taxonomy":"product_cat","embeddable":true,"href":"https:\/\/fmp-components.com\/tr\/wp-json\/wp\/v2\/product_cat?post=7132"},{"taxonomy":"product_tag","embeddable":true,"href":"https:\/\/fmp-components.com\/tr\/wp-json\/wp\/v2\/product_tag?post=7132"}],"curies":[{"name":"wp","href":"https:\/\/api.w.org\/{rel}","templated":true}]}}