{"id":7097,"date":"2025-03-18T03:11:18","date_gmt":"2025-03-18T03:11:18","guid":{"rendered":"https:\/\/fmp-components.com\/?post_type=product&#038;p=7097"},"modified":"2025-03-27T01:24:20","modified_gmt":"2025-03-27T01:24:20","slug":"bevel-gears-european-standard","status":"publish","type":"product","link":"https:\/\/fmp-components.com\/tr\/product\/bevel-gears-european-standard\/","title":{"rendered":"Konik Di\u015fliler (Avrupa Standard\u0131)"},"content":{"rendered":"<p>Konik Di\u015fliler (Avrupa Standard\u0131), genellikle 90\u00b0 a\u00e7\u0131yla kesi\u015fen miller aras\u0131nda g\u00fc\u00e7 iletmek \u00fczere tasarlanm\u0131\u015f, hassas m\u00fchendislik \u00fcr\u00fcn\u00fc di\u015flilerdir ve makine ve end\u00fcstriyel uygulamalarda optimum performans i\u00e7in kat\u0131 Avrupa kalite ve boyut standartlar\u0131na uyarlar. FMP \u015eirketi olarak, geni\u015f bir yelpazede konik di\u015fli \u00fcretmekten gurur duyuyoruz. <a href=\"https:\/\/fmp-components.com\/tr\/bevel-gear-2\/\">Konik Di\u015fliler<\/a>D\u00fcz, spiral ve hipoid tipleri de dahil olmak \u00fczere, ihtiya\u00e7lar\u0131n\u0131za \u00f6zel olarak uyarlanm\u0131\u015f tamamen \u00f6zelle\u015ftirilmi\u015f \u00e7\u00f6z\u00fcmler sunuyoruz. \u00dcr\u00fcn listemizde ihtiyac\u0131n\u0131z olan modeli g\u00f6remiyorsan\u0131z, bu hen\u00fcz y\u00fcklemedi\u011fimiz anlam\u0131na gelir; l\u00fctfen sorunuzla ilgili olarak bize e-posta g\u00f6nderin, uzman m\u00fchendislerimiz size yard\u0131mc\u0131 olmak i\u00e7in 24 saat i\u00e7inde yan\u0131t verecektir.<\/p>\n<h2>A Tipi Konik Di\u015fliler: 1:1, 1:2, 1:3, 1:4\u00a0<img loading=\"lazy\" decoding=\"async\" class=\"alignnone size-full wp-image-7100\" src=\"https:\/\/fmp-components.com\/wp-content\/uploads\/2025\/03\/bevel-gear-2-1.webp\" alt=\"konik di\u015fli\" width=\"739\" height=\"930\" title=\"\" srcset=\"https:\/\/fmp-components.com\/wp-content\/uploads\/2025\/03\/bevel-gear-2-1.webp 739w, https:\/\/fmp-components.com\/wp-content\/uploads\/2025\/03\/bevel-gear-2-1-480x604.webp 480w\" sizes=\"(min-width: 0px) and (max-width: 480px) 480px, (min-width: 481px) 739px, 100vw\" \/> <img loading=\"lazy\" decoding=\"async\" class=\"alignnone size-full wp-image-7101\" src=\"https:\/\/fmp-components.com\/wp-content\/uploads\/2025\/03\/bevel-gear-1_1.webp\" alt=\"konik di\u015fli\" width=\"717\" height=\"943\" title=\"\" srcset=\"https:\/\/fmp-components.com\/wp-content\/uploads\/2025\/03\/bevel-gear-1_1.webp 717w, https:\/\/fmp-components.com\/wp-content\/uploads\/2025\/03\/bevel-gear-1_1-480x631.webp 480w\" sizes=\"(min-width: 0px) and (max-width: 480px) 480px, (min-width: 481px) 717px, 100vw\" \/><\/h2>\n<h2>B Tipi Konik Di\u015fliler: 1:1, 1:2, 1:3, 1:4<\/h2>\n<p><img loading=\"lazy\" decoding=\"async\" class=\"alignnone size-full wp-image-7099\" src=\"https:\/\/fmp-components.com\/wp-content\/uploads\/2025\/03\/bevel-gear-3-1_1.webp\" alt=\"konik di\u015fli\" width=\"722\" height=\"931\" title=\"\" srcset=\"https:\/\/fmp-components.com\/wp-content\/uploads\/2025\/03\/bevel-gear-3-1_1.webp 722w, https:\/\/fmp-components.com\/wp-content\/uploads\/2025\/03\/bevel-gear-3-1_1-480x619.webp 480w\" sizes=\"(min-width: 0px) and (max-width: 480px) 480px, (min-width: 481px) 722px, 100vw\" \/><\/p>\n<p><img loading=\"lazy\" decoding=\"async\" class=\"alignnone size-full wp-image-7098\" src=\"https:\/\/fmp-components.com\/wp-content\/uploads\/2025\/03\/bevel-gear-4-1.webp\" alt=\"konik di\u015fli\" width=\"711\" height=\"942\" title=\"\" srcset=\"https:\/\/fmp-components.com\/wp-content\/uploads\/2025\/03\/bevel-gear-4-1.webp 711w, https:\/\/fmp-components.com\/wp-content\/uploads\/2025\/03\/bevel-gear-4-1-480x636.webp 480w\" sizes=\"(min-width: 0px) and (max-width: 480px) 480px, (min-width: 481px) 711px, 100vw\" \/><\/p>\n<p>&nbsp;<\/p>","protected":false},"excerpt":{"rendered":"<p>Bevel Gears (European Standard) are precision-engineered gears designed to transmit power between intersecting shafts, typically at a 90\u00b0 angle, adhering to strict European quality and dimensional standards for optimal performance in machinery and industrial applications. At FMP Company, we proudly manufacture a wide range of Bevel Gears, including straight, spiral, and hypoid types, and offer [&hellip;]<\/p>","protected":false},"featured_media":7102,"comment_status":"open","ping_status":"closed","template":"","meta":{"_et_pb_use_builder":"on","_et_pb_old_content":"Bevel Gears (European Standard) are precision-engineered gears designed to transmit power between intersecting shafts, typically at a 90\u00b0 angle, adhering to strict European quality and dimensional standards for optimal performance in machinery and industrial applications. At FMP Company, we proudly manufacture a wide range of <a href=\"https:\/\/fmp-components.com\/en\/bevel-gear-2\">Bevel Gears<\/a>, including straight, spiral, and hypoid types, and offer fully customized solutions tailored to your specific needs. If you don\u2019t see the model you require in our product list, it simply means we haven\u2019t uploaded it yet\u2014please feel free to email us with your inquiry, and our skilled engineers will respond within 24 hours to assist you.\r\n<h2>Bevel Gears Type A: 1:1, 1:2, 1:3, 1:4\u00a0<img class=\"alignnone size-full wp-image-7100\" src=\"https:\/\/fmp-components.com\/wp-content\/uploads\/2025\/03\/bevel-gear-2-1.webp\" alt=\"bevel-gear\" width=\"739\" height=\"930\" \/> <img class=\"alignnone size-full wp-image-7101\" src=\"https:\/\/fmp-components.com\/wp-content\/uploads\/2025\/03\/bevel-gear-1_1.webp\" alt=\"bevel-gear\" width=\"717\" height=\"943\" \/><\/h2>\r\n<h2>Bevel Gears Type B: 1:1, 1:2, 1:3, 1:4<\/h2>\r\n<img class=\"alignnone size-full wp-image-7099\" src=\"https:\/\/fmp-components.com\/wp-content\/uploads\/2025\/03\/bevel-gear-3-1_1.webp\" alt=\"bevel-gear\" width=\"722\" height=\"931\" \/>\r\n\r\n<img class=\"alignnone size-full wp-image-7098\" src=\"https:\/\/fmp-components.com\/wp-content\/uploads\/2025\/03\/bevel-gear-4-1.webp\" alt=\"bevel-gear\" width=\"711\" height=\"942\" \/>\r\n\r\n&nbsp;","_et_gb_content_width":""},"product_brand":[],"product_cat":[106],"product_tag":[],"class_list":{"0":"post-7097","1":"product","2":"type-product","3":"status-publish","4":"has-post-thumbnail","6":"product_cat-bevel-gears","8":"first","9":"instock","10":"shipping-taxable","11":"product-type-simple"},"_links":{"self":[{"href":"https:\/\/fmp-components.com\/tr\/wp-json\/wp\/v2\/product\/7097","targetHints":{"allow":["GET"]}}],"collection":[{"href":"https:\/\/fmp-components.com\/tr\/wp-json\/wp\/v2\/product"}],"about":[{"href":"https:\/\/fmp-components.com\/tr\/wp-json\/wp\/v2\/types\/product"}],"replies":[{"embeddable":true,"href":"https:\/\/fmp-components.com\/tr\/wp-json\/wp\/v2\/comments?post=7097"}],"wp:featuredmedia":[{"embeddable":true,"href":"https:\/\/fmp-components.com\/tr\/wp-json\/wp\/v2\/media\/7102"}],"wp:attachment":[{"href":"https:\/\/fmp-components.com\/tr\/wp-json\/wp\/v2\/media?parent=7097"}],"wp:term":[{"taxonomy":"product_brand","embeddable":true,"href":"https:\/\/fmp-components.com\/tr\/wp-json\/wp\/v2\/product_brand?post=7097"},{"taxonomy":"product_cat","embeddable":true,"href":"https:\/\/fmp-components.com\/tr\/wp-json\/wp\/v2\/product_cat?post=7097"},{"taxonomy":"product_tag","embeddable":true,"href":"https:\/\/fmp-components.com\/tr\/wp-json\/wp\/v2\/product_tag?post=7097"}],"curies":[{"name":"wp","href":"https:\/\/api.w.org\/{rel}","templated":true}]}}