{"id":705,"date":"2024-12-18T01:55:14","date_gmt":"2024-12-18T01:55:14","guid":{"rendered":"https:\/\/fmp-components.com\/?page_id=8"},"modified":"2024-12-18T02:02:20","modified_gmt":"2024-12-18T02:02:20","slug":"split-barge-split-cylinder","status":"publish","type":"product","link":"https:\/\/fmp-components.com\/tr\/product\/split-barge-split-cylinder\/","title":{"rendered":"B\u00f6l\u00fcnm\u00fc\u015f Barj B\u00f6l\u00fcnm\u00fc\u015f Silindir"},"content":{"rendered":"<p style=\"text-align: center;\"><span style=\"font-size: 18pt;\">B\u00f6l\u00fcnm\u00fc\u015f Barj B\u00f6l\u00fcnm\u00fc\u015f Silindir<\/span><\/p>\n<p>Split Barge Split Silindiri, deniz operasyonlar\u0131nda split barjlar\u0131n i\u015flevselli\u011fini ve verimlili\u011fini art\u0131rmak \u00fczere tasarlanm\u0131\u015f \u00f6zel bir hidrolik bile\u015fendir. Bu silindir, barj b\u00f6l\u00fcmlerinin ayr\u0131lmas\u0131 i\u00e7in gerekli kuvveti sa\u011flamak, y\u00fck\u00fcn kolayca y\u00fcklenip bo\u015falt\u0131lmas\u0131n\u0131 sa\u011flamak ve geminin manevra kabiliyetini art\u0131rmak \u00fczere tasarlanm\u0131\u015ft\u0131r.<\/p>\n<p>&nbsp;<\/p>\n<p><img loading=\"lazy\" decoding=\"async\" class=\"size-full wp-image-707 aligncenter\" src=\"https:\/\/fmp-components.com\/wp-content\/uploads\/2024\/12\/Split-Barge-Split-Cylinder.webp\" alt=\"B\u00f6l\u00fcnm\u00fc\u015f-Mavna-B\u00f6l\u00fcnm\u00fc\u015f-Silindir\" width=\"600\" height=\"600\" title=\"\" srcset=\"https:\/\/fmp-components.com\/wp-content\/uploads\/2024\/12\/Split-Barge-Split-Cylinder.webp 600w, https:\/\/fmp-components.com\/wp-content\/uploads\/2024\/12\/Split-Barge-Split-Cylinder-480x480.webp 480w\" sizes=\"(min-width: 0px) and (max-width: 480px) 480px, (min-width: 481px) 600px, 100vw\" \/><\/p>\n<h4>Temel \u00d6zellikler:<\/h4>\n<ul>\n<li><strong>Y\u00fcksek Kuvvet \u00c7\u0131k\u0131\u015f\u0131:<\/strong> \u00d6nemli miktarda hidrolik kuvvet \u00fcretebilen bu silindir, mavna b\u00f6l\u00fcmlerinin d\u00fczg\u00fcn ve verimli bir \u015fekilde ayr\u0131lmas\u0131n\u0131 sa\u011flayarak kargo elle\u00e7leme operasyonlar\u0131n\u0131 optimize eder.<\/li>\n<li><strong>Sa\u011flam Yap\u0131:<\/strong> Y\u00fcksek mukavemetli malzemelerden \u00fcretilen \u00fcr\u00fcn, zorlu deniz ko\u015fullar\u0131na dayanacak \u015fekilde tasarlanm\u0131\u015ft\u0131r ve a\u015f\u0131r\u0131 ko\u015fullarda bile dayan\u0131kl\u0131l\u0131k ve g\u00fcvenilirlik sa\u011flar.<\/li>\n<li><strong>Hassas Kontrol:<\/strong> Geli\u015fmi\u015f hidrolik tasar\u0131m\u0131, hassas ve kontroll\u00fc hareketlere olanak sa\u011flayarak, \u00e7al\u0131\u015fma s\u0131ras\u0131nda g\u00fcvenli\u011fi art\u0131r\u0131r ve kaza riskini en aza indirir.<\/li>\n<li><strong>\u00c7ok Y\u00f6nl\u00fc Uygulama:<\/strong> \u00c7e\u015fitli deniz lojisti\u011fi ve ta\u015f\u0131mac\u0131l\u0131k senaryolar\u0131 i\u00e7in ideal olan bu b\u00f6l\u00fcnm\u00fc\u015f silindir, hem y\u00fckleme hem de bo\u015faltma s\u00fcre\u00e7lerinde verimli operasyonlar\u0131 destekler.<\/li>\n<li><strong>D\u00fc\u015f\u00fck Bak\u0131m Gereksinimleri:<\/strong> Minimum a\u015f\u0131nma ve y\u0131pranma i\u00e7in tasarlanan silindir daha az bak\u0131m gerektirir, bu da ar\u0131za s\u00fcresini azalt\u0131r ve operasyonel verimlili\u011fin artmas\u0131na katk\u0131da bulunur.<\/li>\n<\/ul>\n<p>Split Barge Split Silindir, split barjlar\u0131n performans\u0131n\u0131 optimize etmek, deniz lojisti\u011fi ve ta\u015f\u0131mac\u0131l\u0131k operasyonlar\u0131n\u0131n verimlili\u011fini ve g\u00fcvenli\u011fini \u00f6nemli \u00f6l\u00e7\u00fcde art\u0131rmak i\u00e7in gerekli bir bile\u015fendir.<\/p>\n<h2>Split Barge Split Silindir \u00d6zellikleri:<\/h2>\n<table style=\"width: 94.7186%; height: 221px;\" border=\"1\" cellspacing=\"0\" cellpadding=\"0\">\n<tbody>\n<tr>\n<td>\u00dcr\u00fcn Ad\u0131<\/td>\n<td>B\u00f6l\u00fcnm\u00fc\u015f Barj B\u00f6l\u00fcnm\u00fc\u015f Silindir<\/td>\n<\/tr>\n<tr>\n<td>\u00d6zellikler:<\/td>\n<td>Kapal\u0131 g\u00f6vde<\/td>\n<\/tr>\n<tr>\n<td>Delik \u00e7ap\u0131:<\/td>\n<td>550 mm'ye kadar<\/td>\n<\/tr>\n<tr>\n<td>\u00c7ubuk \u00e7ap\u0131:<\/td>\n<td>280 mm'ye kadar<br \/>\nStrok\u22641000mm<\/td>\n<\/tr>\n<tr>\n<td>\u00c7ekme kuvveti:<\/td>\n<td>6000KN'a kadar<\/td>\n<\/tr>\n<tr>\n<td>Bas\u0131n\u00e7:<\/td>\n<td>38MPa'ya kadar<\/td>\n<\/tr>\n<tr>\n<td>Uygulamalar:<\/td>\n<td>B\u00f6l\u00fcnm\u00fc\u015f Barj<\/td>\n<\/tr>\n<\/tbody>\n<\/table>\n<h2>Split Barge Split Silindirinin \u00d6zellikleri<\/h2>\n<ol>\n<li><strong>Y\u00fcksek Kuvvet \u00c7\u0131k\u0131\u015f\u0131:<\/strong>\n<ul>\n<li>Barj b\u00f6l\u00fcmlerinin etkin bir \u015fekilde ayr\u0131lmas\u0131 i\u00e7in \u00f6nemli bir hidrolik kuvvet \u00fcretebilme kabiliyetine sahip olup, y\u00fckleme ve bo\u015faltma s\u0131ras\u0131nda sorunsuz bir \u00e7al\u0131\u015fma sa\u011flar.<\/li>\n<\/ul>\n<\/li>\n<li><strong>Sa\u011flam Yap\u0131:<\/strong>\n<ul>\n<li>Zorlu deniz ko\u015fullar\u0131na dayanacak \u015fekilde tasarlanm\u0131\u015f y\u00fcksek mukavemetli malzemelerden \u00fcretilmi\u015ftir, a\u015f\u0131r\u0131 ko\u015fullarda dayan\u0131kl\u0131l\u0131k ve g\u00fcvenilirlik sa\u011flar.<\/li>\n<\/ul>\n<\/li>\n<li><strong>Hassas Kontrol:<\/strong>\n<ul>\n<li>Geli\u015fmi\u015f hidrolik tasar\u0131m, hassas ve kontroll\u00fc hareketlere olanak sa\u011flayarak g\u00fcvenli\u011fi art\u0131r\u0131r ve operasyonel kaza riskini en aza indirir.<\/li>\n<\/ul>\n<\/li>\n<li><strong>\u00c7ok Y\u00f6nl\u00fc Uygulama:<\/strong>\n<ul>\n<li>\u00c7e\u015fitli deniz lojisti\u011fi senaryolar\u0131na uygundur, \u00e7e\u015fitli y\u00fckleme ve bo\u015faltma s\u00fcre\u00e7lerinde verimli kargo elle\u00e7lemesini kolayla\u015ft\u0131r\u0131r.<\/li>\n<\/ul>\n<\/li>\n<li><strong>D\u00fc\u015f\u00fck Bak\u0131m Gereksinimleri:<\/strong>\n<ul>\n<li>Minimum a\u015f\u0131nma ve y\u0131pranma i\u00e7in tasarlanan bu silindir daha az bak\u0131m gerektirir, bu da ar\u0131za s\u00fcresini azalt\u0131r ve genel operasyonel verimlili\u011fi art\u0131r\u0131r.<\/li>\n<\/ul>\n<\/li>\n<li><strong>Korozyon Direnci:<\/strong>\n<ul>\n<li>Tuzlu su ve di\u011fer deniz unsurlar\u0131n\u0131n neden oldu\u011fu korozyona kar\u015f\u0131 dayan\u0131kl\u0131 olacak \u015fekilde i\u015flenmi\u015f veya kaplanm\u0131\u015f olup, uzun \u00f6m\u00fcrl\u00fc ve g\u00fcvenilir performans sa\u011flar.<\/li>\n<\/ul>\n<\/li>\n<li><strong>Kompakt Tasar\u0131m:<\/strong>\n<ul>\n<li>Yer tasarrufu sa\u011flayan tasar\u0131m\u0131, yap\u0131sal b\u00fct\u00fcnl\u00fckten \u00f6d\u00fcn vermeden mevcut mavna sistemlerine kolayca entegre edilebilmesini sa\u011flar.<\/li>\n<\/ul>\n<\/li>\n<li><strong>G\u00fcvenlik \u00d6zellikleri:<\/strong>\n<ul>\n<li>Kazara devreye girmeyi veya ar\u0131zay\u0131 \u00f6nlemek i\u00e7in dahili g\u00fcvenlik mekanizmalar\u0131yla donat\u0131lm\u0131\u015f olup, operasyonel g\u00fcvenilirli\u011fi art\u0131r\u0131r.<\/li>\n<\/ul>\n<\/li>\n<li><strong>Kolay Kurulum:<\/strong>\n<ul>\n<li>Bak\u0131m veya y\u00fckseltmeler s\u0131ras\u0131nda kesinti s\u00fcresini en aza indirerek, kolay kurulum ve de\u011fi\u015ftirme i\u00e7in tasarlanm\u0131\u015ft\u0131r.<\/li>\n<\/ul>\n<\/li>\n<li><strong>Geli\u015fmi\u015f Manevra Kabiliyeti:<\/strong>\n<ul>\n<li>B\u00f6l\u00fcnm\u00fc\u015f mavnalar\u0131n manevra kabiliyetini iyile\u015ftirerek kalabal\u0131k veya zorlu deniz ortamlar\u0131nda daha iyi navigasyon ve kullan\u0131m sa\u011flar.<\/li>\n<\/ul>\n<\/li>\n<\/ol>\n<p>Bu \u00f6zellikler Split Barge Split Silindirini, deniz lojisti\u011fi ve ta\u015f\u0131mac\u0131l\u0131k operasyonlar\u0131n\u0131n verimlili\u011fini ve g\u00fcvenli\u011fini optimize etmek i\u00e7in vazge\u00e7ilmez bir bile\u015fen haline getirir.<\/p>\n<p><img loading=\"lazy\" decoding=\"async\" class=\"alignnone size-full wp-image-708\" src=\"https:\/\/fmp-components.com\/wp-content\/uploads\/2024\/12\/Split-Barge-Split-Cylinder-Applications.webp\" alt=\"B\u00f6l\u00fcnm\u00fc\u015f-Mavna-B\u00f6l\u00fcnm\u00fc\u015f-Silindir-Uygulamalar\u0131\" width=\"1024\" height=\"573\" title=\"\" srcset=\"https:\/\/fmp-components.com\/wp-content\/uploads\/2024\/12\/Split-Barge-Split-Cylinder-Applications.webp 1024w, https:\/\/fmp-components.com\/wp-content\/uploads\/2024\/12\/Split-Barge-Split-Cylinder-Applications-980x548.webp 980w, https:\/\/fmp-components.com\/wp-content\/uploads\/2024\/12\/Split-Barge-Split-Cylinder-Applications-480x269.webp 480w\" sizes=\"(min-width: 0px) and (max-width: 480px) 480px, (min-width: 481px) and (max-width: 980px) 980px, (min-width: 981px) 1024px, 100vw\" \/><\/p>\n<h2>Split Barge Split Silindir Uygulamalar\u0131<\/h2>\n<ol>\n<li><strong>Deniz Lojisti\u011fi:<\/strong>\n<ul>\n<li>B\u00f6l\u00fcnm\u00fc\u015f mavnalarda y\u00fck y\u00fckleme ve bo\u015faltmada kullan\u0131l\u0131r, su \u00fczerinden mal ta\u015f\u0131mac\u0131l\u0131\u011f\u0131nda operasyonel verimlili\u011fi art\u0131r\u0131r.<\/li>\n<\/ul>\n<\/li>\n<li><strong>Kargo Ta\u015f\u0131mac\u0131l\u0131\u011f\u0131:<\/strong>\n<ul>\n<li>Kargo ambarlar\u0131na kolay eri\u015fim sa\u011flamak i\u00e7in mavna b\u00f6l\u00fcmlerinin ayr\u0131lmas\u0131n\u0131 kolayla\u015ft\u0131r\u0131r, kargo operasyonlar\u0131n\u0131n h\u0131z\u0131n\u0131 ve g\u00fcvenli\u011fini art\u0131r\u0131r.<\/li>\n<\/ul>\n<\/li>\n<li><strong>Tarama \u0130\u015flemleri:<\/strong>\n<ul>\n<li>Taranan malzemelerin ta\u015f\u0131nmas\u0131nda b\u00f6l\u00fcnm\u00fc\u015f mavnalar\u0131n kullan\u0131ld\u0131\u011f\u0131 tarama uygulamalar\u0131nda kullan\u0131l\u0131r ve tortu gideriminin etkin bir \u015fekilde y\u00f6netilmesini sa\u011flar.<\/li>\n<\/ul>\n<\/li>\n<li><strong>Bak\u0131m ve Onar\u0131mlar:<\/strong>\n<ul>\n<li>\u0130\u00e7 bile\u015fenlere muayene ve onar\u0131m i\u00e7in eri\u015fim sa\u011flayarak b\u00f6l\u00fcnm\u00fc\u015f mavnalar\u0131n bak\u0131m\u0131na yard\u0131mc\u0131 olur ve genel gemi bak\u0131m\u0131n\u0131 iyile\u015ftirir.<\/li>\n<\/ul>\n<\/li>\n<li><strong>\u0130n\u015faat Projeleri:<\/strong>\n<ul>\n<li>\u0130n\u015faat sekt\u00f6r\u00fcnde a\u011f\u0131r malzeme ve ekipmanlar\u0131n \u015fantiyelere ta\u015f\u0131nmas\u0131nda b\u00f6lmeli mavnalar\u0131n gerekli oldu\u011fu deniz faaliyetlerinde kullan\u0131l\u0131r.<\/li>\n<\/ul>\n<\/li>\n<li><strong>\u00c7evre Temizli\u011fi:<\/strong>\n<ul>\n<li>At\u0131k malzemelerin veya temizlik \u00e7al\u0131\u015fmalar\u0131 i\u00e7in ekipmanlar\u0131n ta\u015f\u0131nmas\u0131nda b\u00f6l\u00fcnm\u00fc\u015f mavnalar\u0131n kullan\u0131ld\u0131\u011f\u0131 \u00e7evresel iyile\u015ftirme projelerinde operasyonlar\u0131 destekler.<\/li>\n<\/ul>\n<\/li>\n<li><strong>A\u00e7\u0131k Deniz Operasyonlar\u0131:<\/strong>\n<ul>\n<li>A\u00e7\u0131k deniz sondaj ve arama faaliyetlerinde, ekipman ve personelin verimli bir \u015fekilde ta\u015f\u0131nmas\u0131 i\u00e7in b\u00f6l\u00fcnm\u00fc\u015f mavnalar\u0131n kullan\u0131labildi\u011fi yerlerde kullan\u0131l\u0131r.<\/li>\n<\/ul>\n<\/li>\n<li><strong>Gemi \u0130n\u015fa ve Onar\u0131m Tersaneleri:<\/strong>\n<ul>\n<li>Tersanelerde gemi in\u015fas\u0131 veya onar\u0131m\u0131 i\u00e7in gerekli malzeme ve komponentlerin ta\u015f\u0131nmas\u0131nda kullan\u0131l\u0131r, verimli lojistik sa\u011flar.<\/li>\n<\/ul>\n<\/li>\n<li><strong>Acil M\u00fcdahale:<\/strong>\n<ul>\n<li>Deniz acil durumlar\u0131nda kaynaklar\u0131n h\u0131zla konu\u015fland\u0131r\u0131lmas\u0131na yard\u0131mc\u0131 olur, temel ekipman ve malzemelere h\u0131zl\u0131 eri\u015fim sa\u011flar.<\/li>\n<\/ul>\n<\/li>\n<li><strong>Vapur Seferleri:<\/strong>\n<ul>\n<li>B\u00f6l\u00fcnm\u00fc\u015f feribot mavnalar\u0131n\u0131n i\u015flevselli\u011fini art\u0131rarak, ara\u00e7lar\u0131n ve yolcular\u0131n su \u00fczerinden ta\u015f\u0131nmas\u0131n\u0131n verimlili\u011fini art\u0131r\u0131r.<\/li>\n<\/ul>\n<\/li>\n<\/ol>\n<p>Bu uygulamalar, Split Barge Split Silindirinin \u00e7e\u015fitli denizcilik ve lojistik operasyonlar\u0131ndaki \u00e7ok y\u00f6nl\u00fcl\u00fc\u011f\u00fcn\u00fc ve \u00f6nemini ortaya koyarak, denizcilik sekt\u00f6r\u00fcnde verimlili\u011fin ve g\u00fcvenli\u011fin art\u0131r\u0131lmas\u0131na katk\u0131da bulunmaktad\u0131r.<\/p>\n<p><img loading=\"lazy\" decoding=\"async\" class=\"alignnone size-full wp-image-709\" src=\"https:\/\/fmp-components.com\/wp-content\/uploads\/2024\/12\/Split-Barge-Split-Cylinder-Features.webp\" alt=\"B\u00f6l\u00fcnm\u00fc\u015f-Barge-B\u00f6l\u00fcnm\u00fc\u015f-Silindir-\u00d6zellikleri\" width=\"1000\" height=\"390\" title=\"\" srcset=\"https:\/\/fmp-components.com\/wp-content\/uploads\/2024\/12\/Split-Barge-Split-Cylinder-Features.webp 1000w, https:\/\/fmp-components.com\/wp-content\/uploads\/2024\/12\/Split-Barge-Split-Cylinder-Features-980x382.webp 980w, https:\/\/fmp-components.com\/wp-content\/uploads\/2024\/12\/Split-Barge-Split-Cylinder-Features-480x187.webp 480w\" sizes=\"(min-width: 0px) and (max-width: 480px) 480px, (min-width: 481px) and (max-width: 980px) 980px, (min-width: 981px) 1000px, 100vw\" \/><\/p>\n<h3>FMP Hakk\u0131nda<\/h3>\n<p>FMP, hidrolik silindir \u00fcretimine odaklanm\u0131\u015f uzman bir mekanik \u00fcretim \u015firketidir. Kurulu\u015fundan bu yana \u015firket, hidrolik teknolojisinin ara\u015ft\u0131rma ve \u00fcretimine odaklanm\u0131\u015f ve hasat ve in\u015faat makinelerini de i\u00e7eren geni\u015f \u00fcr\u00fcn yelpazesinden, tar\u0131m trakt\u00f6r\u00fc bile\u015fenlerinde uzmanla\u015fmaya ba\u015far\u0131yla ge\u00e7i\u015f yapm\u0131\u015ft\u0131r. \u00dcretim ve y\u00f6netim alan\u0131nda on y\u0131l\u0131 a\u015fk\u0131n deneyimiyle FMP, geli\u015fmi\u015f \u00fcretim teknikleri sayesinde y\u00fcksek kaliteli \u00fcr\u00fcnler sunmaktad\u0131r.<\/p>\n<p>\u015eirketimiz geli\u015ftik\u00e7e, kapsaml\u0131 bir tala\u015fl\u0131 imalat \u00fcretim hatt\u0131, montaj hatt\u0131 ve kaplama hatt\u0131 geli\u015ftirdi. Ekibimiz, istikrarl\u0131 \u00fcretim kalitesini korurken s\u00fcre\u00e7 s\u00fcreklili\u011fini ve verimlili\u011fini etkili bir \u015fekilde kontrol etmek i\u00e7in birlikte \u00e7al\u0131\u015fan yetenekli y\u00f6netim personeli, deneyimli makine tasar\u0131mc\u0131lar\u0131 ve y\u00fcksek e\u011fitimli teknisyenlerden olu\u015fmaktad\u0131r.<\/p>\n<p>FMP, \u201cTeknolojik Yenilik \u0130lerlemeyi Te\u015fvik Eder, Kalite Marka Yarat\u0131r, \u0130\u015f\u00e7ilik Kaliteyi Sa\u011flar ve Uzun Vadeli Kazan-Kazan \u0130li\u015fkileri Kurar\u201d felsefesini benimser. Y\u00fcksek kaliteli \u00fcr\u00fcnler ve \u00fcst\u00fcn m\u00fc\u015fteri hizmeti sunma taahh\u00fcd\u00fcm\u00fcz, pazar\u0131n geli\u015fen ihtiya\u00e7lar\u0131n\u0131 kar\u015f\u0131lamaya devam ederken temel hedefimiz olmaya devam etmektedir.<\/p>\n<p><img loading=\"lazy\" decoding=\"async\" class=\"alignnone size-full wp-image-426\" src=\"https:\/\/fmp-components.com\/wp-content\/uploads\/2024\/12\/Sanitation-Machinery-Locking-Hydraulic-Cylinder-factory.webp\" sizes=\"(min-width: 0px) and (max-width: 480px) 480px, (min-width: 481px) and (max-width: 980px) 980px, (min-width: 981px) and (max-width: 1280px) 1280px, (min-width: 1281px) 1414px, 100vw\" srcset=\"https:\/\/fmp-components.com\/wp-content\/uploads\/2024\/12\/Sanitation-Machinery-Locking-Hydraulic-Cylinder-factory.webp 1414w, https:\/\/fmp-components.com\/wp-content\/uploads\/2024\/12\/Sanitation-Machinery-Locking-Hydraulic-Cylinder-factory-1280x529.webp 1280w, https:\/\/fmp-components.com\/wp-content\/uploads\/2024\/12\/Sanitation-Machinery-Locking-Hydraulic-Cylinder-factory-980x405.webp 980w, https:\/\/fmp-components.com\/wp-content\/uploads\/2024\/12\/Sanitation-Machinery-Locking-Hydraulic-Cylinder-factory-480x198.webp 480w\" alt=\"Sanitasyon-Makine-Kilitleme-Hidrolik-Silindir-Fabrikas\u0131\" width=\"1414\" height=\"584\" title=\"\"><\/p>\n<p>Yazar: CX<\/p>","protected":false},"excerpt":{"rendered":"<p>Split Barge Split Silindiri, deniz uygulamalar\u0131nda split mavnalar\u0131n verimli \u00e7al\u0131\u015fmas\u0131n\u0131 kolayla\u015ft\u0131rmak i\u00e7in tasarlanm\u0131\u015f \u00f6zel bir hidrolik bile\u015fendir. Bu silindir, mavna b\u00f6l\u00fcmlerini ay\u0131rmak veya b\u00f6lmek i\u00e7in gerekli kuvveti sa\u011flayarak, manevra kabiliyetini art\u0131r\u0131rken y\u00fck\u00fcn kolayca y\u00fcklenip bo\u015falt\u0131lmas\u0131n\u0131 sa\u011flar. Y\u00fcksek mukavemetli malzemelerden \u00fcretilen bu silindir, zorlu deniz ko\u015fullar\u0131na dayanacak \u015fekilde tasarlanm\u0131\u015f olup, zorlu ko\u015fullarda dayan\u0131kl\u0131l\u0131k ve g\u00fcvenilirlik sa\u011flar. P\u00fcr\u00fczs\u00fcz hidrolik hareketi, \u00e7al\u0131\u015fma s\u0131ras\u0131nda hassas kontrol sa\u011flayarak mavna elle\u00e7lemede genel verimlili\u011fi ve g\u00fcvenli\u011fi art\u0131r\u0131r. Bu split silindir, split mavnalar\u0131n i\u015flevselli\u011fini optimize etmek i\u00e7in olmazsa olmazd\u0131r ve etkili deniz lojisti\u011fi ve ta\u015f\u0131mac\u0131l\u0131\u011f\u0131na \u00f6nemli \u00f6l\u00e7\u00fcde katk\u0131da bulunur.<\/p>","protected":false},"featured_media":707,"comment_status":"open","ping_status":"closed","template":"","meta":{"_et_pb_use_builder":"","_et_pb_old_content":"","_et_gb_content_width":""},"product_brand":[],"product_cat":[28],"product_tag":[],"class_list":{"0":"post-705","1":"product","2":"type-product","3":"status-publish","4":"has-post-thumbnail","6":"product_cat-offshore-hydraulic-cylinders","8":"first","9":"instock","10":"shipping-taxable","11":"product-type-simple"},"_links":{"self":[{"href":"https:\/\/fmp-components.com\/tr\/wp-json\/wp\/v2\/product\/705","targetHints":{"allow":["GET"]}}],"collection":[{"href":"https:\/\/fmp-components.com\/tr\/wp-json\/wp\/v2\/product"}],"about":[{"href":"https:\/\/fmp-components.com\/tr\/wp-json\/wp\/v2\/types\/product"}],"replies":[{"embeddable":true,"href":"https:\/\/fmp-components.com\/tr\/wp-json\/wp\/v2\/comments?post=705"}],"wp:featuredmedia":[{"embeddable":true,"href":"https:\/\/fmp-components.com\/tr\/wp-json\/wp\/v2\/media\/707"}],"wp:attachment":[{"href":"https:\/\/fmp-components.com\/tr\/wp-json\/wp\/v2\/media?parent=705"}],"wp:term":[{"taxonomy":"product_brand","embeddable":true,"href":"https:\/\/fmp-components.com\/tr\/wp-json\/wp\/v2\/product_brand?post=705"},{"taxonomy":"product_cat","embeddable":true,"href":"https:\/\/fmp-components.com\/tr\/wp-json\/wp\/v2\/product_cat?post=705"},{"taxonomy":"product_tag","embeddable":true,"href":"https:\/\/fmp-components.com\/tr\/wp-json\/wp\/v2\/product_tag?post=705"}],"curies":[{"name":"wp","href":"https:\/\/api.w.org\/{rel}","templated":true}]}}