{"id":7035,"date":"2025-03-14T08:21:41","date_gmt":"2025-03-14T08:21:41","guid":{"rendered":"https:\/\/fmp-components.com\/?post_type=product&#038;p=7035"},"modified":"2025-03-27T01:24:36","modified_gmt":"2025-03-27T01:24:36","slug":"miter-gears","status":"publish","type":"product","link":"https:\/\/fmp-components.com\/tr\/product\/miter-gears\/","title":{"rendered":"G\u00f6nye Di\u015flileri"},"content":{"rendered":"<p>Miter di\u015flileri bir t\u00fcrd\u00fcr. <a href=\"https:\/\/fmp-components.com\/tr\/bevel-gear-2\/\">konik di\u015fli<\/a> Genellikle 90 derecelik bir a\u00e7\u0131yla kesi\u015fen miller aras\u0131nda 1:1 di\u015fli oran\u0131yla g\u00fc\u00e7 iletmek \u00fczere tasarlanan bu di\u015fli \u00e7arklar, \u00e7e\u015fitli mekanik uygulamalarda verimli ve hassas hareket aktar\u0131m\u0131 sa\u011flar. FMP \u015eirketi olarak, \u00e7ok \u00e7e\u015fitli Miter Di\u015fli \u00c7arklar\u0131 \u00fcretiyoruz ve \u00f6zel gereksinimlerinizi kar\u015f\u0131lamak i\u00e7in \u00f6zelle\u015ftirme se\u00e7enekleri sunuyoruz. \u0130htiyac\u0131n\u0131z olan model \u00fcr\u00fcn katalo\u011fumuzda listelenmemi\u015fse, hen\u00fcz g\u00fcncellenmemi\u015f olabilir; l\u00fctfen istedi\u011finiz \u00f6zellikleri bize e-posta ile bildirin, m\u00fchendislerimiz 24 saat i\u00e7inde size yan\u0131t verecektir.<\/p>\n<div>\n<h3>Miter Di\u015flileri \u00dcr\u00fcn \u00d6zellikleri<\/h3>\n<p class=\"break-words\">90\u00b0 \u015faft a\u00e7\u0131s\u0131yla ve 1:1 di\u015fli oran\u0131yla verimli g\u00fc\u00e7 aktar\u0131m\u0131 i\u00e7in tasarlanm\u0131\u015f y\u00fcksek kaliteli g\u00f6nye di\u015fli \u00e7e\u015fitlerimizi ke\u015ffedin. \u00c7e\u015fitli malzemeler, di\u015f tipleri ve mod\u00fcl boyutlar\u0131nda bulunan bu g\u00f6nye di\u015fliler, end\u00fcstriyel uygulamalar, makineler ve \u00f6zel m\u00fchendislik projeleri i\u00e7in m\u00fckemmeldir.<\/p>\n<div class=\"overflow-x-auto my-2\">\n<table style=\"width: 100%;\" border=\"1\" width=\"100%\" cellspacing=\"0\" cellpadding=\"0\">\n<thead class=\"border-b border-primary\/20\">\n<tr class=\"border-primary\/10\">\n<th class=\"break-words\" style=\"width: 17.3016%;\"><strong>\u00dcr\u00fcn Modeli<\/strong><\/th>\n<th class=\"break-words\" style=\"width: 7.46029%;\"><strong>Malzeme<\/strong><\/th>\n<th class=\"break-words\" style=\"width: 7.93651%;\"><strong>Mod\u00fcl<\/strong><\/th>\n<th class=\"break-words\" style=\"width: 12.2222%;\"><strong>Di\u015f Say\u0131s\u0131<\/strong><\/th>\n<th class=\"break-words\" style=\"width: 13.0158%;\"><strong>Delik \u00c7ap\u0131 (mm)<\/strong><\/th>\n<th class=\"break-words\" style=\"width: 10.9524%;\"><strong>Di\u015f Tipi<\/strong><\/th>\n<th class=\"break-words\" style=\"width: 12.381%;\"><strong>Bas\u0131n\u00e7 A\u00e7\u0131s\u0131<\/strong><\/th>\n<th class=\"break-words\" style=\"width: 8.88889%;\"><strong>\u015eaft A\u00e7\u0131s\u0131<\/strong><\/th>\n<th class=\"break-words\" style=\"width: 9.52381%;\"><strong>A\u011f\u0131rl\u0131k (kg)<\/strong><\/th>\n<\/tr>\n<\/thead>\n<tbody>\n<tr class=\"border-primary\/10\">\n<td class=\"break-words\" style=\"width: 17.3016%;\">MG-ST-101<\/td>\n<td class=\"break-words\" style=\"width: 7.46029%;\">\u00c7elik<\/td>\n<td class=\"break-words\" style=\"width: 7.93651%;\">1.0<\/td>\n<td class=\"break-words\" style=\"width: 12.2222%;\">20<\/td>\n<td class=\"break-words\" style=\"width: 13.0158%;\">8<\/td>\n<td class=\"break-words\" style=\"width: 10.9524%;\">D\u00fcmd\u00fcz<\/td>\n<td class=\"break-words\" style=\"width: 12.381%;\">20\u00b0<\/td>\n<td class=\"break-words\" style=\"width: 8.88889%;\">90\u00b0<\/td>\n<td class=\"break-words\" style=\"width: 9.52381%;\">0.15<\/td>\n<\/tr>\n<tr class=\"border-primary\/10\">\n<td class=\"break-words\" style=\"width: 17.3016%;\">MG-SP-152<\/td>\n<td class=\"break-words\" style=\"width: 7.46029%;\">Paslanmaz \u00e7elik<\/td>\n<td class=\"break-words\" style=\"width: 7.93651%;\">1.5<\/td>\n<td class=\"break-words\" style=\"width: 12.2222%;\">25<\/td>\n<td class=\"break-words\" style=\"width: 13.0158%;\">10<\/td>\n<td class=\"break-words\" style=\"width: 10.9524%;\">Sarmal<\/td>\n<td class=\"break-words\" style=\"width: 12.381%;\">20\u00b0<\/td>\n<td class=\"break-words\" style=\"width: 8.88889%;\">90\u00b0<\/td>\n<td class=\"break-words\" style=\"width: 9.52381%;\">0.25<\/td>\n<\/tr>\n<tr class=\"border-primary\/10\">\n<td class=\"break-words\" style=\"width: 17.3016%;\">MG-PL-203<\/td>\n<td class=\"break-words\" style=\"width: 7.46029%;\">Plastik (Naylon)<\/td>\n<td class=\"break-words\" style=\"width: 7.93651%;\">2.0<\/td>\n<td class=\"break-words\" style=\"width: 12.2222%;\">30<\/td>\n<td class=\"break-words\" style=\"width: 13.0158%;\">12<\/td>\n<td class=\"break-words\" style=\"width: 10.9524%;\">D\u00fcmd\u00fcz<\/td>\n<td class=\"break-words\" style=\"width: 12.381%;\">20\u00b0<\/td>\n<td class=\"break-words\" style=\"width: 8.88889%;\">90\u00b0<\/td>\n<td class=\"break-words\" style=\"width: 9.52381%;\">0.10<\/td>\n<\/tr>\n<tr class=\"border-primary\/10\">\n<td class=\"break-words\" style=\"width: 17.3016%;\">MG-ST-254<\/td>\n<td class=\"break-words\" style=\"width: 7.46029%;\">\u00c7elik<\/td>\n<td class=\"break-words\" style=\"width: 7.93651%;\">2.5<\/td>\n<td class=\"break-words\" style=\"width: 12.2222%;\">20<\/td>\n<td class=\"break-words\" style=\"width: 13.0158%;\">15<\/td>\n<td class=\"break-words\" style=\"width: 10.9524%;\">D\u00fcmd\u00fcz<\/td>\n<td class=\"break-words\" style=\"width: 12.381%;\">20\u00b0<\/td>\n<td class=\"break-words\" style=\"width: 8.88889%;\">90\u00b0<\/td>\n<td class=\"break-words\" style=\"width: 9.52381%;\">0.35<\/td>\n<\/tr>\n<tr class=\"border-primary\/10\">\n<td class=\"break-words\" style=\"width: 17.3016%;\">MG-SP-305<\/td>\n<td class=\"break-words\" style=\"width: 7.46029%;\">Paslanmaz \u00e7elik<\/td>\n<td class=\"break-words\" style=\"width: 7.93651%;\">3.0<\/td>\n<td class=\"break-words\" style=\"width: 12.2222%;\">25<\/td>\n<td class=\"break-words\" style=\"width: 13.0158%;\">20<\/td>\n<td class=\"break-words\" style=\"width: 10.9524%;\">Sarmal<\/td>\n<td class=\"break-words\" style=\"width: 12.381%;\">20\u00b0<\/td>\n<td class=\"break-words\" style=\"width: 8.88889%;\">90\u00b0<\/td>\n<td class=\"break-words\" style=\"width: 9.52381%;\">0.50<\/td>\n<\/tr>\n<tr class=\"border-primary\/10\">\n<td class=\"break-words\" style=\"width: 17.3016%;\">MG-AN-451<\/td>\n<td class=\"break-words\" style=\"width: 7.46029%;\">Al\u00fcminyum<\/td>\n<td class=\"break-words\" style=\"width: 7.93651%;\">4.0<\/td>\n<td class=\"break-words\" style=\"width: 12.2222%;\">30<\/td>\n<td class=\"break-words\" style=\"width: 13.0158%;\">25<\/td>\n<td class=\"break-words\" style=\"width: 10.9524%;\">D\u00fcmd\u00fcz<\/td>\n<td class=\"break-words\" style=\"width: 12.381%;\">20\u00b0<\/td>\n<td class=\"break-words\" style=\"width: 8.88889%;\">45\u00b0<\/td>\n<td class=\"break-words\" style=\"width: 9.52381%;\">0.40<\/td>\n<\/tr>\n<tr class=\"border-primary\/10\">\n<td class=\"break-words\" style=\"width: 17.3016%;\">MG-CH-502<\/td>\n<td class=\"break-words\" style=\"width: 7.46029%;\">Karb\u00fcrize \u00c7elik<\/td>\n<td class=\"break-words\" style=\"width: 7.93651%;\">5.0<\/td>\n<td class=\"break-words\" style=\"width: 12.2222%;\">20<\/td>\n<td class=\"break-words\" style=\"width: 13.0158%;\">30<\/td>\n<td class=\"break-words\" style=\"width: 10.9524%;\">Sarmal<\/td>\n<td class=\"break-words\" style=\"width: 12.381%;\">20\u00b0<\/td>\n<td class=\"break-words\" style=\"width: 8.88889%;\">90\u00b0<\/td>\n<td class=\"break-words\" style=\"width: 9.52381%;\">0.75<\/td>\n<\/tr>\n<\/tbody>\n<\/table>\n<h2>\u0130lgili \u00dcr\u00fcn<\/h2>\n<p><img loading=\"lazy\" decoding=\"async\" class=\"alignnone size-full wp-image-7104\" src=\"https:\/\/fmp-components.com\/wp-content\/uploads\/2025\/03\/miter-gear-product.webp\" alt=\"g\u00f6nye di\u015fli \u00fcr\u00fcn\u00fc\" width=\"1000\" height=\"800\" title=\"\" srcset=\"https:\/\/fmp-components.com\/wp-content\/uploads\/2025\/03\/miter-gear-product.webp 1000w, https:\/\/fmp-components.com\/wp-content\/uploads\/2025\/03\/miter-gear-product-980x784.webp 980w, https:\/\/fmp-components.com\/wp-content\/uploads\/2025\/03\/miter-gear-product-480x384.webp 480w\" sizes=\"(min-width: 0px) and (max-width: 480px) 480px, (min-width: 481px) and (max-width: 980px) 980px, (min-width: 981px) 1000px, 100vw\" \/><\/p>\n<\/div>\n<\/div>\n<h2>G\u00f6nye Di\u015flilerinin \u00d6zellikleri<\/h2>\n<div>\n<ul>\n<li class=\"break-words\"><strong>Dik A\u00e7\u0131l\u0131 \u0130letim<\/strong>Miter di\u015fliler, 90 derecelik a\u00e7\u0131yla kesi\u015fen iki \u015faft aras\u0131nda g\u00fc\u00e7 ve hareket aktar\u0131m\u0131 i\u00e7in \u00f6zel olarak tasarlanm\u0131\u015ft\u0131r ve bu da onlar\u0131 kompakt yerle\u015fimler i\u00e7in ideal hale getirir.<\/li>\n<li class=\"break-words\"><strong>1:1 Di\u015fli Oran\u0131<\/strong>Bu di\u015fliler, tahrik eden ve tahrik edilen miller aras\u0131nda e\u015fit h\u0131z oran\u0131n\u0131 koruyarak, h\u0131zlanma veya yava\u015flama olmaks\u0131z\u0131n tutarl\u0131 d\u00f6n\u00fc\u015f h\u0131z\u0131 sa\u011flar.<\/li>\n<li class=\"break-words\"><strong>D\u00fcz Di\u015f Tasar\u0131m\u0131<\/strong>Genellikle d\u00fcz kesimli di\u015flere sahip olan g\u00f6nye di\u015fliler, \u00e7e\u015fitli uygulamalarda sorunsuz ve g\u00fcvenilir \u00e7al\u0131\u015fma i\u00e7in basit ama etkili bir kavrama sa\u011flar.<\/li>\n<li class=\"break-words\"><strong>\u00c7ok Y\u00f6nl\u00fc Uygulamalar<\/strong>Tasar\u0131mlar\u0131 nedeniyle, Miter di\u015fliler robotik, otomotiv sistemleri ve hassas y\u00f6n de\u011fi\u015fiklikleri gerektiren end\u00fcstriyel ekipmanlar gibi makinelerde yayg\u0131n olarak kullan\u0131lmaktad\u0131r.<\/li>\n<li class=\"break-words\"><strong>Y\u00fcksek G\u00fc\u00e7 ve Dayan\u0131kl\u0131l\u0131k<\/strong>Sa\u011flam malzemelerden \u00fcretilen Miter di\u015flileri, \u00f6nemli mekanik strese dayanacak \u015fekilde tasarlanm\u0131\u015ft\u0131r ve uzun \u00f6m\u00fcrl\u00fc performans ve g\u00fcvenilirlik sunar.<\/li>\n<\/ul>\n<h2>FMP Hakk\u0131nda<\/h2>\n<p>FMP, hem standart bile\u015fenler hem de \u00f6zel \u00e7\u00f6z\u00fcmler \u00fcretme konusundaki uzmanl\u0131\u011f\u0131yla tan\u0131nan, \u00f6nde gelen bir \u0130talyan di\u015fli ve kremayer \u00fcreticisidir. Standart par\u00e7a yelpazemizin yan\u0131 s\u0131ra, FMP, m\u00fc\u015fterilerimiz taraf\u0131ndan sa\u011flanan \u00e7izimlere veya numunelere dayal\u0131 standart ve \u00f6zel di\u015fliler \u00fcretme konusunda da uzmanla\u015fm\u0131\u015ft\u0131r. Di\u015flilerimiz karbon \u00e7eli\u011fi, paslanmaz \u00e7elik, al\u00fcminyum, bak\u0131r, pirin\u00e7 ve plastik helisel veya mahmuzlu konfig\u00fcrasyonlar dahil olmak \u00fczere \u00e7e\u015fitli malzemelerden mevcuttur. \u00d6zelle\u015ftirilmi\u015f di\u015fli \u00fcr\u00fcnlerine dair herhangi bir ihtiyac\u0131n\u0131z varsa, l\u00fctfen bize e-posta yoluyla ula\u015fmaktan \u00e7ekinmeyin. FMP'nin profesyonel m\u00fchendislerden olu\u015fan \u00f6zel ekibi, sorular\u0131n\u0131za 24 saat i\u00e7inde yan\u0131t verecektir.<\/p>\n<p><img loading=\"lazy\" decoding=\"async\" class=\"alignnone size-full wp-image-7010\" src=\"https:\/\/fmp-components.com\/wp-content\/uploads\/2025\/03\/bevel-gear-3.webp\" alt=\"konik di\u015fli\" width=\"1076\" height=\"721\" title=\"\" srcset=\"https:\/\/fmp-components.com\/wp-content\/uploads\/2025\/03\/bevel-gear-3.webp 1076w, https:\/\/fmp-components.com\/wp-content\/uploads\/2025\/03\/bevel-gear-3-980x657.webp 980w, https:\/\/fmp-components.com\/wp-content\/uploads\/2025\/03\/bevel-gear-3-480x322.webp 480w\" sizes=\"(min-width: 0px) and (max-width: 480px) 480px, (min-width: 481px) and (max-width: 980px) 980px, (min-width: 981px) 1076px, 100vw\" \/><\/p>\n<\/div>","protected":false},"excerpt":{"rendered":"<p>Miter Gears are a type of bevel gear designed to transmit power between intersecting shafts, typically at a 90-degree angle, with a 1:1 gear ratio, providing efficient and precise motion transfer in various mechanical applications. At FMP Company, we produce a diverse range of Miter Gears and offer customization to meet your specific requirements. If [&hellip;]<\/p>","protected":false},"featured_media":4722,"comment_status":"open","ping_status":"closed","template":"","meta":{"_et_pb_use_builder":"","_et_pb_old_content":"","_et_gb_content_width":""},"product_brand":[],"product_cat":[106],"product_tag":[],"class_list":{"0":"post-7035","1":"product","2":"type-product","3":"status-publish","4":"has-post-thumbnail","6":"product_cat-bevel-gears","8":"first","9":"instock","10":"shipping-taxable","11":"product-type-simple"},"_links":{"self":[{"href":"https:\/\/fmp-components.com\/tr\/wp-json\/wp\/v2\/product\/7035","targetHints":{"allow":["GET"]}}],"collection":[{"href":"https:\/\/fmp-components.com\/tr\/wp-json\/wp\/v2\/product"}],"about":[{"href":"https:\/\/fmp-components.com\/tr\/wp-json\/wp\/v2\/types\/product"}],"replies":[{"embeddable":true,"href":"https:\/\/fmp-components.com\/tr\/wp-json\/wp\/v2\/comments?post=7035"}],"wp:featuredmedia":[{"embeddable":true,"href":"https:\/\/fmp-components.com\/tr\/wp-json\/wp\/v2\/media\/4722"}],"wp:attachment":[{"href":"https:\/\/fmp-components.com\/tr\/wp-json\/wp\/v2\/media?parent=7035"}],"wp:term":[{"taxonomy":"product_brand","embeddable":true,"href":"https:\/\/fmp-components.com\/tr\/wp-json\/wp\/v2\/product_brand?post=7035"},{"taxonomy":"product_cat","embeddable":true,"href":"https:\/\/fmp-components.com\/tr\/wp-json\/wp\/v2\/product_cat?post=7035"},{"taxonomy":"product_tag","embeddable":true,"href":"https:\/\/fmp-components.com\/tr\/wp-json\/wp\/v2\/product_tag?post=7035"}],"curies":[{"name":"wp","href":"https:\/\/api.w.org\/{rel}","templated":true}]}}