{"id":7030,"date":"2025-03-14T07:40:07","date_gmt":"2025-03-14T07:40:07","guid":{"rendered":"https:\/\/fmp-components.com\/?post_type=product&#038;p=7030"},"modified":"2025-03-27T01:25:11","modified_gmt":"2025-03-27T01:25:11","slug":"straight-bevel-gear","status":"publish","type":"product","link":"https:\/\/fmp-components.com\/tr\/product\/straight-bevel-gear\/","title":{"rendered":"D\u00fcz Konik Di\u015fli"},"content":{"rendered":"<p>D\u00fcz konik di\u015fli bir di\u015fli t\u00fcr\u00fcd\u00fcr. <a href=\"https:\/\/fmp-components.com\/tr\/bevel-gear-2\/\">konik di\u015fli<\/a> Konik y\u00fczey boyunca kesilmi\u015f d\u00fcz, konik di\u015flere sahip olan bu di\u015fliler, genellikle 90 derecelik bir a\u00e7\u0131yla kesi\u015fen miller aras\u0131nda g\u00fcc\u00fc verimli bir \u015fekilde iletmek \u00fczere tasarlanm\u0131\u015ft\u0131r ve otomotiv diferansiyelleri ve makineler gibi uygulamalarda basitlik ve g\u00fcvenilirlik sunar. FMP \u015eirketi olarak, d\u00fcz, spiral ve helisel tipler de dahil olmak \u00fczere geni\u015f bir yelpazede konik di\u015fli \u00fcretmekten gurur duyuyoruz ve ayr\u0131ca \u00f6zel ihtiya\u00e7lar\u0131n\u0131z\u0131 kar\u015f\u0131lamak i\u00e7in \u00f6zelle\u015ftirilmi\u015f \u00e7\u00f6z\u00fcmler de sunuyoruz. \u00dcr\u00fcn listemizde ihtiyac\u0131n\u0131z olan modeli bulamazsan\u0131z, bu sadece hen\u00fcz g\u00fcncelleme f\u0131rsat\u0131m\u0131z olmad\u0131\u011f\u0131 anlam\u0131na gelir; l\u00fctfen istedi\u011finiz \u00f6zelliklerle bize e-posta g\u00f6nderin ve m\u00fchendislerimiz 24 saat i\u00e7inde size \u00f6zel yard\u0131m sa\u011flayacakt\u0131r.<\/p>\n<h2>\u015eartname<\/h2>\n<table class=\"table\" border=\"1\" width=\"100%\" cellspacing=\"0\" cellpadding=\"0\">\n<tbody>\n<tr class=\"firstRow\">\n<td valign=\"center\" width=\"132\">Model Numaras\u0131<\/td>\n<td valign=\"center\" width=\"491\">M3,M4,M5,M8,M12 vb.<\/td>\n<\/tr>\n<tr>\n<td valign=\"center\" width=\"132\">Malzeme<\/td>\n<td valign=\"center\" width=\"491\">Pirin\u00e7, C45 \u00e7elik, Paslanmaz \u00e7elik, Bak\u0131r, POM, Al\u00fcminyum, Ala\u015f\u0131m vb.<\/td>\n<\/tr>\n<tr>\n<td valign=\"center\" width=\"132\">Y\u00fczey i\u015fleme<\/td>\n<td valign=\"center\" width=\"491\">\u00c7inko kaplama, Nikel kaplama, Pasivasyon, Oksidasyon, Anodizasyon,<br \/>\nGeomet, Dacromet, Siyah Oksit, Fosfatlama, Toz Kaplama ve Elektroforez<\/td>\n<\/tr>\n<tr>\n<td valign=\"center\" width=\"132\">Standart<\/td>\n<td valign=\"center\" width=\"491\">ISO, DIN, ANSI, JIS, BS ve Standart D\u0131\u015f\u0131.<\/td>\n<\/tr>\n<tr>\n<td valign=\"center\" width=\"132\">Kesinlik<\/td>\n<td valign=\"center\" width=\"491\">DIN6,DIN7,DIN8,DIN9.<\/td>\n<\/tr>\n<tr>\n<td valign=\"center\" width=\"132\">Di\u015f tedavisi<\/td>\n<td valign=\"center\" width=\"491\">Sertle\u015ftirilmi\u015f, Frezelenmi\u015f veya Zeminlenmi\u015f<\/td>\n<\/tr>\n<tr>\n<td valign=\"center\" width=\"132\">Ho\u015fg\u00f6r\u00fc<\/td>\n<td valign=\"center\" width=\"491\">0,001 mm-0,01 mm-0,1 mm<\/td>\n<\/tr>\n<tr>\n<td valign=\"center\" width=\"132\">Sona ermek<\/td>\n<td valign=\"center\" width=\"491\">kumlama\/kum p\u00fcsk\u00fcrtme, \u0131s\u0131l i\u015flem, tavlama, temperleme, parlatma, eloksallama, \u00e7inko kaplama<\/td>\n<\/tr>\n<tr>\n<td valign=\"center\" width=\"132\">\u00d6\u011felerin paketlenmesi<\/td>\n<td valign=\"center\" width=\"491\">Plastik torba + Karton veya Ah\u015fap Ambalaj<\/td>\n<\/tr>\n<tr>\n<td valign=\"center\" width=\"132\">\u00d6deme ko\u015fullar\u0131<\/td>\n<td valign=\"center\" width=\"491\">T\/T, L\/C<\/td>\n<\/tr>\n<tr>\n<td valign=\"center\" width=\"132\">\u00dcretim s\u00fcresi<\/td>\n<td valign=\"center\" width=\"491\">Numune i\u00e7in 20 i\u015f g\u00fcn\u00fc, toplu sipari\u015f i\u00e7in 25 g\u00fcn<\/td>\n<\/tr>\n<tr>\n<td valign=\"center\" width=\"132\">\u00d6rnekler<\/td>\n<td valign=\"center\" width=\"491\">\u00d6rnek fiyat aral\u0131\u011f\u0131 $2'den $100'e kadard\u0131r.<br \/>\n\u00f6rnek ekspres talebi m\u00fc\u015fteriler taraf\u0131ndan \u00f6denir<\/td>\n<\/tr>\n<tr>\n<td valign=\"center\" width=\"132\">Ba\u015fvuru<\/td>\n<td valign=\"center\" width=\"491\">1. Otomatik kontrol makinesi<br \/>\n2. Yar\u0131 iletken end\u00fcstrisi<br \/>\n3. Genel sanayi makineleri<br \/>\n4. T\u0131bbi ekipman<br \/>\n5. G\u00fcne\u015f enerjisi ekipmanlar\u0131<br \/>\n6. Tak\u0131m tezgah\u0131<br \/>\n7. Park sistemi<br \/>\n8. Y\u00fcksek h\u0131zl\u0131 tren ve havac\u0131l\u0131k ula\u015f\u0131m ekipmanlar\u0131 vb.<\/td>\n<\/tr>\n<\/tbody>\n<\/table>\n<h2>D\u00fcz Konik Di\u015flinin \u00d6zellikleri<\/h2>\n<div>\n<ul>\n<li class=\"break-words\"><strong>D\u00fcz Di\u015f Tasar\u0131m\u0131<\/strong>D\u00fcz konik di\u015flilerde di\u015fler d\u00fcz kesilmi\u015f ve konik y\u00fczey boyunca incelerek, kesi\u015fen miller aras\u0131nda g\u00fc\u00e7 aktar\u0131m\u0131 i\u00e7in basit ve etkili bir tasar\u0131m sa\u011flar.<\/li>\n<li class=\"break-words\"><strong>Verimli G\u00fc\u00e7 Transferi<\/strong>Bu di\u015fliler, torku genellikle 90 derecelik bir a\u00e7\u0131yla sorunsuz ve g\u00fcvenilir bir \u015fekilde iletmek \u00fczere tasarlanm\u0131\u015ft\u0131r; bu da onlar\u0131 otomotiv diferansiyelleri ve temel makineler gibi uygulamalar i\u00e7in uygun hale getirir.<\/li>\n<li class=\"break-words\"><strong>Maliyet Etkin \u00dcretim<\/strong>Basit di\u015f geometrisi, spiral veya helisel konik di\u015flilere k\u0131yasla daha kolay ve daha ucuz \u00fcretim imkan\u0131 sunarak bir\u00e7ok sistem i\u00e7in ekonomik bir se\u00e7enek olu\u015fturmaktad\u0131r.<\/li>\n<li class=\"break-words\"><strong>Orta D\u00fczey Y\u00fck Kapasitesi<\/strong>Orta d\u00fczeydeki y\u00fckleri kald\u0131rabilme kapasitesine sahip olsalar da, d\u00fcz konik di\u015flilerin spiral tasar\u0131mlara g\u00f6re daha az di\u015f temas alan\u0131na sahip olmalar\u0131, onlar\u0131 daha d\u00fc\u015f\u00fck tork veya h\u0131z gereksinimleri olan uygulamalar i\u00e7in en uygun hale getirir.<\/li>\n<li class=\"break-words\"><strong>Kompakt ve \u00c7ok Y\u00f6nl\u00fc<\/strong>Konik \u015fekilleri, mekanik sistemlere kompakt bir \u015fekilde entegre olmalar\u0131n\u0131 sa\u011flayarak, alan\u0131n s\u0131n\u0131rl\u0131 oldu\u011fu d\u00fczenlemelerde \u00e7ok y\u00f6nl\u00fcl\u00fck sunar; ancak y\u00fcksek h\u0131z ko\u015fullar\u0131nda daha fazla g\u00fcr\u00fclt\u00fc ve titre\u015fim \u00fcretebilirler.<\/li>\n<\/ul>\n<p><img loading=\"lazy\" decoding=\"async\" class=\"alignnone size-full wp-image-7031\" src=\"https:\/\/fmp-components.com\/wp-content\/uploads\/2025\/03\/Straight-Bevel-Gear-1.webp\" alt=\"D\u00fcz Konik Di\u015fli\" width=\"969\" height=\"648\" title=\"\" srcset=\"https:\/\/fmp-components.com\/wp-content\/uploads\/2025\/03\/Straight-Bevel-Gear-1.webp 969w, https:\/\/fmp-components.com\/wp-content\/uploads\/2025\/03\/Straight-Bevel-Gear-1-480x321.webp 480w\" sizes=\"(min-width: 0px) and (max-width: 480px) 480px, (min-width: 481px) 969px, 100vw\" \/><\/p>\n<\/div>\n<h2>FMP Hakk\u0131nda<\/h2>\n<p>FMP, hem standart bile\u015fenler hem de \u00f6zel \u00e7\u00f6z\u00fcmler \u00fcretme konusundaki uzmanl\u0131\u011f\u0131yla tan\u0131nan, \u00f6nde gelen bir \u0130talyan di\u015fli ve kremayer \u00fcreticisidir. Standart par\u00e7a yelpazemizin yan\u0131 s\u0131ra, FMP, m\u00fc\u015fterilerimiz taraf\u0131ndan sa\u011flanan \u00e7izimlere veya numunelere dayal\u0131 standart ve \u00f6zel di\u015fliler \u00fcretme konusunda da uzmanla\u015fm\u0131\u015ft\u0131r. Di\u015flilerimiz karbon \u00e7eli\u011fi, paslanmaz \u00e7elik, al\u00fcminyum, bak\u0131r, pirin\u00e7 ve plastik helisel veya mahmuzlu konfig\u00fcrasyonlar dahil olmak \u00fczere \u00e7e\u015fitli malzemelerden mevcuttur. \u00d6zelle\u015ftirilmi\u015f di\u015fli \u00fcr\u00fcnlerine dair herhangi bir ihtiyac\u0131n\u0131z varsa, l\u00fctfen bize e-posta yoluyla ula\u015fmaktan \u00e7ekinmeyin. FMP'nin profesyonel m\u00fchendislerden olu\u015fan \u00f6zel ekibi, sorular\u0131n\u0131za 24 saat i\u00e7inde yan\u0131t verecektir.<\/p>\n<p><img loading=\"lazy\" decoding=\"async\" class=\"alignnone size-full wp-image-7010\" src=\"https:\/\/fmp-components.com\/wp-content\/uploads\/2025\/03\/bevel-gear-3.webp\" alt=\"konik di\u015fli\" width=\"1076\" height=\"721\" title=\"\" srcset=\"https:\/\/fmp-components.com\/wp-content\/uploads\/2025\/03\/bevel-gear-3.webp 1076w, https:\/\/fmp-components.com\/wp-content\/uploads\/2025\/03\/bevel-gear-3-980x657.webp 980w, https:\/\/fmp-components.com\/wp-content\/uploads\/2025\/03\/bevel-gear-3-480x322.webp 480w\" sizes=\"(min-width: 0px) and (max-width: 480px) 480px, (min-width: 481px) and (max-width: 980px) 980px, (min-width: 981px) 1076px, 100vw\" \/><\/p>","protected":false},"excerpt":{"rendered":"<p>D\u00fcz konik di\u015fli, konik y\u00fczeyi boyunca kesilmi\u015f d\u00fcz, konik di\u015flere sahip bir konik di\u015fli t\u00fcr\u00fcd\u00fcr ve genellikle 90 derecelik bir a\u00e7\u0131yla kesi\u015fen miller aras\u0131nda g\u00fcc\u00fc verimli bir \u015fekilde iletmek \u00fczere tasarlanm\u0131\u015ft\u0131r; otomotiv diferansiyelleri ve makineler gibi uygulamalarda basitlik ve g\u00fcvenilirlik sunar. FMP \u015eirketi olarak, geni\u015f bir yelpazede konik di\u015fli \u00fcretmekten gurur duyuyoruz [\u2026]<\/p>","protected":false},"featured_media":4345,"comment_status":"open","ping_status":"closed","template":"","meta":{"_et_pb_use_builder":"","_et_pb_old_content":"","_et_gb_content_width":""},"product_brand":[],"product_cat":[106],"product_tag":[],"class_list":{"0":"post-7030","1":"product","2":"type-product","3":"status-publish","4":"has-post-thumbnail","6":"product_cat-bevel-gears","8":"first","9":"instock","10":"shipping-taxable","11":"product-type-simple"},"_links":{"self":[{"href":"https:\/\/fmp-components.com\/tr\/wp-json\/wp\/v2\/product\/7030","targetHints":{"allow":["GET"]}}],"collection":[{"href":"https:\/\/fmp-components.com\/tr\/wp-json\/wp\/v2\/product"}],"about":[{"href":"https:\/\/fmp-components.com\/tr\/wp-json\/wp\/v2\/types\/product"}],"replies":[{"embeddable":true,"href":"https:\/\/fmp-components.com\/tr\/wp-json\/wp\/v2\/comments?post=7030"}],"wp:featuredmedia":[{"embeddable":true,"href":"https:\/\/fmp-components.com\/tr\/wp-json\/wp\/v2\/media\/4345"}],"wp:attachment":[{"href":"https:\/\/fmp-components.com\/tr\/wp-json\/wp\/v2\/media?parent=7030"}],"wp:term":[{"taxonomy":"product_brand","embeddable":true,"href":"https:\/\/fmp-components.com\/tr\/wp-json\/wp\/v2\/product_brand?post=7030"},{"taxonomy":"product_cat","embeddable":true,"href":"https:\/\/fmp-components.com\/tr\/wp-json\/wp\/v2\/product_cat?post=7030"},{"taxonomy":"product_tag","embeddable":true,"href":"https:\/\/fmp-components.com\/tr\/wp-json\/wp\/v2\/product_tag?post=7030"}],"curies":[{"name":"wp","href":"https:\/\/api.w.org\/{rel}","templated":true}]}}