{"id":7021,"date":"2025-03-14T06:47:26","date_gmt":"2025-03-14T06:47:26","guid":{"rendered":"https:\/\/fmp-components.com\/?post_type=product&#038;p=7021"},"modified":"2025-03-14T06:47:27","modified_gmt":"2025-03-14T06:47:27","slug":"zero-degree-spiral-bevel-gear","status":"publish","type":"product","link":"https:\/\/fmp-components.com\/tr\/product\/zero-degree-spiral-bevel-gear\/","title":{"rendered":"S\u0131f\u0131r Derece Spiral Konik Di\u015fli"},"content":{"rendered":"<h2>\u015eartname<\/h2>\n<table class=\"table\" border=\"1\" width=\"100%\" cellspacing=\"0\" cellpadding=\"0\">\n<tbody>\n<tr class=\"firstRow\">\n<td valign=\"center\" width=\"132\">Model Numaras\u0131<\/td>\n<td valign=\"center\" width=\"491\">M3,M4,M5,M8,M12 vb.<\/td>\n<\/tr>\n<tr>\n<td valign=\"center\" width=\"132\">Malzeme<\/td>\n<td valign=\"center\" width=\"491\">Pirin\u00e7, C45 \u00e7elik, Paslanmaz \u00e7elik, Bak\u0131r, POM, Al\u00fcminyum, Ala\u015f\u0131m vb.<\/td>\n<\/tr>\n<tr>\n<td valign=\"center\" width=\"132\">Y\u00fczey i\u015fleme<\/td>\n<td valign=\"center\" width=\"491\">\u00c7inko kaplama, Nikel kaplama, Pasivasyon, Oksidasyon, Anodizasyon,<br \/>\nGeomet, Dacromet, Siyah Oksit, Fosfatlama, Toz Kaplama ve Elektroforez<\/td>\n<\/tr>\n<tr>\n<td valign=\"center\" width=\"132\">Standart<\/td>\n<td valign=\"center\" width=\"491\">ISO, DIN, ANSI, JIS, BS ve Standart D\u0131\u015f\u0131.<\/td>\n<\/tr>\n<tr>\n<td valign=\"center\" width=\"132\">Kesinlik<\/td>\n<td valign=\"center\" width=\"491\">DIN6,DIN7,DIN8,DIN9.<\/td>\n<\/tr>\n<tr>\n<td valign=\"center\" width=\"132\">Di\u015f tedavisi<\/td>\n<td valign=\"center\" width=\"491\">Sertle\u015ftirilmi\u015f, Frezelenmi\u015f veya Zeminlenmi\u015f<\/td>\n<\/tr>\n<tr>\n<td valign=\"center\" width=\"132\">Ho\u015fg\u00f6r\u00fc<\/td>\n<td valign=\"center\" width=\"491\">0,001 mm-0,01 mm-0,1 mm<\/td>\n<\/tr>\n<tr>\n<td valign=\"center\" width=\"132\">Sona ermek<\/td>\n<td valign=\"center\" width=\"491\">kumlama\/kum p\u00fcsk\u00fcrtme, \u0131s\u0131l i\u015flem, tavlama, temperleme, parlatma, eloksallama, \u00e7inko kaplama<\/td>\n<\/tr>\n<tr>\n<td valign=\"center\" width=\"132\">\u00d6\u011felerin paketlenmesi<\/td>\n<td valign=\"center\" width=\"491\">Plastik torba + Karton veya Ah\u015fap Ambalaj<\/td>\n<\/tr>\n<tr>\n<td valign=\"center\" width=\"132\">\u00d6deme ko\u015fullar\u0131<\/td>\n<td valign=\"center\" width=\"491\">T\/T, L\/C<\/td>\n<\/tr>\n<tr>\n<td valign=\"center\" width=\"132\">\u00dcretim s\u00fcresi<\/td>\n<td valign=\"center\" width=\"491\">Numune i\u00e7in 20 i\u015f g\u00fcn\u00fc, toplu sipari\u015f i\u00e7in 25 g\u00fcn<\/td>\n<\/tr>\n<tr>\n<td valign=\"center\" width=\"132\">\u00d6rnekler<\/td>\n<td valign=\"center\" width=\"491\">\u00d6rnek fiyat aral\u0131\u011f\u0131 $2'den $100'e kadard\u0131r.<br \/>\n\u00f6rnek ekspres talebi m\u00fc\u015fteriler taraf\u0131ndan \u00f6denir<\/td>\n<\/tr>\n<tr>\n<td valign=\"center\" width=\"132\">Ba\u015fvuru<\/td>\n<td valign=\"center\" width=\"491\">1. Otomatik kontrol makinesi<br \/>\n2. Yar\u0131 iletken end\u00fcstrisi<br \/>\n3. Genel sanayi makineleri<br \/>\n4. T\u0131bbi ekipman<br \/>\n5. G\u00fcne\u015f enerjisi ekipmanlar\u0131<br \/>\n6. Tak\u0131m tezgah\u0131<br \/>\n7. Park sistemi<br \/>\n8. Y\u00fcksek h\u0131zl\u0131 tren ve havac\u0131l\u0131k ula\u015f\u0131m ekipmanlar\u0131 vb.<\/td>\n<\/tr>\n<\/tbody>\n<\/table>\n<h2>S\u0131f\u0131r Derece Spiral Konik Di\u015flinin \u00d6zellikleri<\/h2>\n<div>\n<ul>\n<li class=\"break-words\"><strong>D\u00fcz Di\u015f Geometrisi<\/strong>: Tipik e\u011fimli di\u015flere sahip spiral konik di\u015flilerden farkl\u0131 olarak, s\u0131f\u0131r derece spiral konik di\u015fliler, d\u00fcz konik di\u015flilere benzeyen ancak kesi\u015fen miller i\u00e7in konik bir \u015fekle sahip olan 0 derecelik spiral a\u00e7\u0131yla hizalanm\u0131\u015f d\u00fcz di\u015flere sahiptir.<\/li>\n<li class=\"break-words\"><strong>Verimli G\u00fc\u00e7 Aktar\u0131m\u0131<\/strong>: Bu di\u015fliler, \u015faftlar aras\u0131nda a\u00e7\u0131l\u0131 (genellikle 90 derece) d\u00fczg\u00fcn ve etkili tork transferi sa\u011flayarak, hassas y\u00f6n de\u011fi\u015fiklikleri gerektiren otomotiv ve end\u00fcstriyel uygulamalar i\u00e7in uygundur.<\/li>\n<li class=\"break-words\"><strong>Azalt\u0131lm\u0131\u015f G\u00fcr\u00fclt\u00fc ve Titre\u015fim<\/strong>: S\u0131f\u0131r derece tasar\u0131m\u0131, daha y\u00fcksek spiral a\u00e7\u0131lara k\u0131yasla di\u015fler aras\u0131ndaki kayma temas\u0131n\u0131 en aza indirir, b\u00f6ylece daha sessiz \u00e7al\u0131\u015fma ve daha d\u00fc\u015f\u00fck titre\u015fim sa\u011flar; g\u00fcr\u00fclt\u00fcye duyarl\u0131 ortamlar i\u00e7in idealdir.<\/li>\n<li class=\"break-words\"><strong>Basitle\u015ftirilmi\u015f \u00dcretim<\/strong>:D\u00fcz di\u015flere ve spiral e\u011frili\u011fe sahip olmayan s\u0131f\u0131r derece spiral konik di\u015fliler, geleneksel spiral konik di\u015flilere g\u00f6re \u00fcretimi daha kolay ve daha az maliyetlidir ve yine de g\u00fc\u00e7l\u00fc bir performans sunar.<\/li>\n<li class=\"break-words\"><strong>Y\u00fcksek Y\u00fck Kapasitesi<\/strong>:Daha basit tasar\u0131mlar\u0131na ra\u011fmen bu di\u015fliler, sertle\u015ftirilmi\u015f \u00e7elik gibi dayan\u0131kl\u0131 malzemelerden yap\u0131lm\u0131\u015ft\u0131r ve bu sayede diferansiyeller veya \u015fanz\u0131manlar gibi sistemlerdeki \u00f6nemli y\u00fckleri ve gerilimleri kald\u0131rabilirler.<\/li>\n<\/ul>\n<div>\n<div>\n<h3>Plastik Konik Di\u015fli Tedarik\u00e7isi<\/h3>\n<p>FMP, ihtiyac\u0131n\u0131z olan t\u00fcm plastik di\u015flilere sahiptir. Hassas plastik d\u00fcz di\u015fliler, plastik kremayer di\u015fliler, plastik helisel ve konik di\u015fliler, plastik sonsuz di\u015fliler ve sonsuz vidalar, plastik konik di\u015fliler, plastik di\u015fliler, plastik pinyonlar ve plastik kremayer di\u015fliler sunuyoruz.<\/p>\n<p>Standart katalog \u00fcr\u00fcn\u00fcne veya \u00f6zel tasar\u0131ma uygun do\u011fru donan\u0131m\u0131 veya modifikasyonu bulmak i\u00e7in yard\u0131ma ihtiyac\u0131n\u0131z varsa; m\u00fchendislerimiz uygulaman\u0131z i\u00e7in en iyi \u00e7\u00f6z\u00fcm\u00fc sunacakt\u0131r.<\/p>\n<p><img loading=\"lazy\" decoding=\"async\" class=\"alignnone size-full wp-image-7019\" src=\"https:\/\/fmp-components.com\/wp-content\/uploads\/2025\/03\/Plastic-Bevel-Gears-Supplier1.webp\" alt=\"Plastik-Konik-Di\u015fli-Tedarik\u00e7isi\" width=\"1200\" height=\"1000\" title=\"\" srcset=\"https:\/\/fmp-components.com\/wp-content\/uploads\/2025\/03\/Plastic-Bevel-Gears-Supplier1.webp 1200w, https:\/\/fmp-components.com\/wp-content\/uploads\/2025\/03\/Plastic-Bevel-Gears-Supplier1-980x817.webp 980w, https:\/\/fmp-components.com\/wp-content\/uploads\/2025\/03\/Plastic-Bevel-Gears-Supplier1-480x400.webp 480w\" sizes=\"(min-width: 0px) and (max-width: 480px) 480px, (min-width: 481px) and (max-width: 980px) 980px, (min-width: 981px) 1200px, 100vw\" \/><\/p>\n<\/div>\n<\/div>\n<div class=\"table-responsive\">\n<h2>FMP Hakk\u0131nda<\/h2>\n<p>FMP, hem standart bile\u015fenler hem de \u00f6zel \u00e7\u00f6z\u00fcmler \u00fcretme konusundaki uzmanl\u0131\u011f\u0131yla tan\u0131nan, \u00f6nde gelen bir \u0130talyan di\u015fli ve kremayer \u00fcreticisidir. Standart par\u00e7a yelpazemizin yan\u0131 s\u0131ra, FMP, m\u00fc\u015fterilerimiz taraf\u0131ndan sa\u011flanan \u00e7izimlere veya numunelere dayal\u0131 standart ve \u00f6zel di\u015fliler \u00fcretme konusunda da uzmanla\u015fm\u0131\u015ft\u0131r. Di\u015flilerimiz karbon \u00e7eli\u011fi, paslanmaz \u00e7elik, al\u00fcminyum, bak\u0131r, pirin\u00e7 ve plastik helisel veya mahmuzlu konfig\u00fcrasyonlar dahil olmak \u00fczere \u00e7e\u015fitli malzemelerden mevcuttur. \u00d6zelle\u015ftirilmi\u015f di\u015fli \u00fcr\u00fcnlerine dair herhangi bir ihtiyac\u0131n\u0131z varsa, l\u00fctfen bize e-posta yoluyla ula\u015fmaktan \u00e7ekinmeyin. FMP'nin profesyonel m\u00fchendislerden olu\u015fan \u00f6zel ekibi, sorular\u0131n\u0131za 24 saat i\u00e7inde yan\u0131t verecektir.<\/p>\n<p><img loading=\"lazy\" decoding=\"async\" class=\"alignnone size-full wp-image-7010\" src=\"https:\/\/fmp-components.com\/wp-content\/uploads\/2025\/03\/bevel-gear-3.webp\" alt=\"konik di\u015fli\" width=\"1076\" height=\"721\" title=\"\" srcset=\"https:\/\/fmp-components.com\/wp-content\/uploads\/2025\/03\/bevel-gear-3.webp 1076w, https:\/\/fmp-components.com\/wp-content\/uploads\/2025\/03\/bevel-gear-3-980x657.webp 980w, https:\/\/fmp-components.com\/wp-content\/uploads\/2025\/03\/bevel-gear-3-480x322.webp 480w\" sizes=\"(min-width: 0px) and (max-width: 480px) 480px, (min-width: 481px) and (max-width: 980px) 980px, (min-width: 981px) 1076px, 100vw\" \/><\/p>\n<\/div>\n<\/div>","protected":false},"excerpt":{"rendered":"<p>Specification Model Number M3,M4,M5,M8,M12 and etc. Material Brass, C45 steel, Stainless steel, Copper, POM, Aluminum, Alloy, and so on Surface treatment Zinc-plated, Nickel plated, Passivation, Oxidation, Anodization, Geomet, Dacromet, Black Oxide, Phosphatizing, Powder Coating, and Electrophoresis Standard ISO, DIN, ANSI, JIS, BS, and Non-standard. Precision DIN6,DIN7,DIN8,DIN9. Teeth treatment Hardened, Milled, or Ground Tolerance 0.001mm-0.01mm-0.1mm Finish [&hellip;]<\/p>","protected":false},"featured_media":4346,"comment_status":"open","ping_status":"closed","template":"","meta":{"_et_pb_use_builder":"","_et_pb_old_content":"","_et_gb_content_width":""},"product_brand":[],"product_cat":[106],"product_tag":[],"class_list":{"0":"post-7021","1":"product","2":"type-product","3":"status-publish","4":"has-post-thumbnail","6":"product_cat-bevel-gears","8":"first","9":"instock","10":"shipping-taxable","11":"product-type-simple"},"_links":{"self":[{"href":"https:\/\/fmp-components.com\/tr\/wp-json\/wp\/v2\/product\/7021","targetHints":{"allow":["GET"]}}],"collection":[{"href":"https:\/\/fmp-components.com\/tr\/wp-json\/wp\/v2\/product"}],"about":[{"href":"https:\/\/fmp-components.com\/tr\/wp-json\/wp\/v2\/types\/product"}],"replies":[{"embeddable":true,"href":"https:\/\/fmp-components.com\/tr\/wp-json\/wp\/v2\/comments?post=7021"}],"wp:featuredmedia":[{"embeddable":true,"href":"https:\/\/fmp-components.com\/tr\/wp-json\/wp\/v2\/media\/4346"}],"wp:attachment":[{"href":"https:\/\/fmp-components.com\/tr\/wp-json\/wp\/v2\/media?parent=7021"}],"wp:term":[{"taxonomy":"product_brand","embeddable":true,"href":"https:\/\/fmp-components.com\/tr\/wp-json\/wp\/v2\/product_brand?post=7021"},{"taxonomy":"product_cat","embeddable":true,"href":"https:\/\/fmp-components.com\/tr\/wp-json\/wp\/v2\/product_cat?post=7021"},{"taxonomy":"product_tag","embeddable":true,"href":"https:\/\/fmp-components.com\/tr\/wp-json\/wp\/v2\/product_tag?post=7021"}],"curies":[{"name":"wp","href":"https:\/\/api.w.org\/{rel}","templated":true}]}}