{"id":7020,"date":"2025-03-14T06:42:58","date_gmt":"2025-03-14T06:42:58","guid":{"rendered":"https:\/\/fmp-components.com\/?post_type=product&#038;p=7020"},"modified":"2025-03-27T01:27:19","modified_gmt":"2025-03-27T01:27:19","slug":"industrial-bevel-gears","status":"publish","type":"product","link":"https:\/\/fmp-components.com\/tr\/product\/industrial-bevel-gears\/","title":{"rendered":"End\u00fcstriyel Konik Di\u015fliler"},"content":{"rendered":"<p><a href=\"https:\/\/fmp-components.com\/tr\/bevel-gear-2\/\">Konik Di\u015fli<\/a> M3-M20 \u00c7ap\u0131 1200 mm \u0130\u00e7inde Red\u00fckt\u00f6r\/Ya\u011f Makinesi\/\u0130n\u015faat Makineleri\/Kamyon\/Tar\u0131m Makineleri i\u00e7in 20crmiti\/20crmnmo\/42CrMo'dan \u00dcretilmi\u015ftir<\/p>\n<h2>\u00dcr\u00fcn \u00d6zellikleri<\/h2>\n<div class=\"table-responsive\">\n<table class=\"table\" style=\"width: 99.8343%; height: 197px;\" border=\"1\">\n<tbody>\n<tr>\n<td style=\"width: 29.443%;\">Ba\u015fvuru:<\/td>\n<td style=\"width: 75.199%;\">Makine, Denizcilik, Tar\u0131m Makineleri, Petrol Makineleri<\/td>\n<\/tr>\n<tr>\n<td style=\"width: 29.443%;\">Sertlik:<\/td>\n<td style=\"width: 75.199%;\">Sertle\u015ftirilmi\u015f Di\u015f Y\u00fczeyi<\/td>\n<\/tr>\n<tr>\n<td style=\"width: 29.443%;\">Vites Konumu:<\/td>\n<td style=\"width: 75.199%;\">D\u0131\u015f Di\u015fli<\/td>\n<\/tr>\n<tr>\n<td style=\"width: 29.443%;\">\u00dcretim Y\u00f6ntemi:<\/td>\n<td style=\"width: 75.199%;\">Ta\u015flama Di\u015flisi<\/td>\n<\/tr>\n<tr>\n<td style=\"width: 29.443%;\">Di\u015fli Porsiyon \u015eekli:<\/td>\n<td style=\"width: 75.199%;\">Konik Tekerlek<\/td>\n<\/tr>\n<tr>\n<td style=\"width: 29.443%;\">Malzeme:<\/td>\n<td style=\"width: 75.199%;\">20crmnti<\/td>\n<\/tr>\n<\/tbody>\n<tbody>\n<tr>\n<td>Di\u015fli mili modeli<\/td>\n<td>M\u00fc\u015fterinin \u00f6rne\u011fine veya \u00e7izimine g\u00f6re \u00f6zelle\u015ftirilmi\u015f di\u015fli<\/td>\n<\/tr>\n<tr>\n<td>\u0130\u015fleme makinesi<\/td>\n<td>CNC makinesi<\/td>\n<\/tr>\n<tr>\n<td>Malzeme<\/td>\n<td>20CrMnTi\/ 20CrMnMo\/ 42CrMo\/ 45# \u00e7elik\/ 40Cr\/ 20CrNi2MoA<\/td>\n<\/tr>\n<tr>\n<td>Is\u0131l i\u015flem<\/td>\n<td>Karb\u00fcrleme ve s\u00f6nd\u00fcrme\/ Temperleme\/ Nitr\u00fcrleme\/ Karbonitr\u00fcrleme\/ \u0130nd\u00fcksiyon sertle\u015ftirme<\/td>\n<\/tr>\n<tr>\n<td>Sertlik<\/td>\n<td>58-62HRC<\/td>\n<\/tr>\n<tr>\n<td>Kalite standard\u0131<\/td>\n<td>GB\/ DIN\/ JIS\/ AGMA<\/td>\n<\/tr>\n<tr>\n<td>Do\u011fruluk s\u0131n\u0131f\u0131<\/td>\n<td>5-8 s\u0131n\u0131f\u0131<\/td>\n<\/tr>\n<tr>\n<td>Nakliye<\/td>\n<td>Deniz ta\u015f\u0131mac\u0131l\u0131\u011f\u0131\/Hava ta\u015f\u0131mac\u0131l\u0131\u011f\u0131\/Ekspres<\/td>\n<\/tr>\n<tr>\n<td>Teslimat s\u00fcresi<\/td>\n<td>30 g\u00fcn<\/td>\n<\/tr>\n<\/tbody>\n<\/table>\n<h2>FMP Hakk\u0131nda<\/h2>\n<p>FMP, hem standart bile\u015fenler hem de \u00f6zel \u00e7\u00f6z\u00fcmler \u00fcretme konusundaki uzmanl\u0131\u011f\u0131yla tan\u0131nan, \u00f6nde gelen bir \u0130talyan di\u015fli ve kremayer \u00fcreticisidir. Standart par\u00e7a yelpazemizin yan\u0131 s\u0131ra, FMP, m\u00fc\u015fterilerimiz taraf\u0131ndan sa\u011flanan \u00e7izimlere veya numunelere dayal\u0131 standart ve \u00f6zel di\u015fliler \u00fcretme konusunda da uzmanla\u015fm\u0131\u015ft\u0131r. Di\u015flilerimiz karbon \u00e7eli\u011fi, paslanmaz \u00e7elik, al\u00fcminyum, bak\u0131r, pirin\u00e7 ve plastik helisel veya mahmuzlu konfig\u00fcrasyonlar dahil olmak \u00fczere \u00e7e\u015fitli malzemelerden mevcuttur. \u00d6zelle\u015ftirilmi\u015f di\u015fli \u00fcr\u00fcnlerine dair herhangi bir ihtiyac\u0131n\u0131z varsa, l\u00fctfen bize e-posta yoluyla ula\u015fmaktan \u00e7ekinmeyin. FMP'nin profesyonel m\u00fchendislerden olu\u015fan \u00f6zel ekibi, sorular\u0131n\u0131za 24 saat i\u00e7inde yan\u0131t verecektir.<\/p>\n<p><img loading=\"lazy\" decoding=\"async\" class=\"alignnone size-full wp-image-7010\" src=\"https:\/\/fmp-components.com\/wp-content\/uploads\/2025\/03\/bevel-gear-3.webp\" alt=\"konik di\u015fli\" width=\"1076\" height=\"721\" title=\"\" srcset=\"https:\/\/fmp-components.com\/wp-content\/uploads\/2025\/03\/bevel-gear-3.webp 1076w, https:\/\/fmp-components.com\/wp-content\/uploads\/2025\/03\/bevel-gear-3-980x657.webp 980w, https:\/\/fmp-components.com\/wp-content\/uploads\/2025\/03\/bevel-gear-3-480x322.webp 480w\" sizes=\"(min-width: 0px) and (max-width: 480px) 480px, (min-width: 481px) and (max-width: 980px) 980px, (min-width: 981px) 1076px, 100vw\" \/><\/p>\n<\/div>","protected":false},"excerpt":{"rendered":"<p>Bevel Gear M3-M20 Diameter Within 1200mm Made of 20crmiti\/20crmnmo\/42CrMo for Reducer\/ Oil Machine\/ Construction Machinery\/ Truck\/ Agricultural Machinery Product Specification Application: Machinery, Marine, Agricultural Machinery, Oil Machinery Hardness: Hardened Tooth Surface Gear Position: External Gear Manufacturing Method: Grinding Gear Toothed Portion Shape: Bevel Wheel Material: 20crmnti Gear shaft model Customized gear accoding to customers sample [&hellip;]<\/p>","protected":false},"featured_media":4336,"comment_status":"open","ping_status":"closed","template":"","meta":{"_et_pb_use_builder":"","_et_pb_old_content":"","_et_gb_content_width":""},"product_brand":[],"product_cat":[106],"product_tag":[],"class_list":{"0":"post-7020","1":"product","2":"type-product","3":"status-publish","4":"has-post-thumbnail","6":"product_cat-bevel-gears","8":"first","9":"instock","10":"shipping-taxable","11":"product-type-simple"},"_links":{"self":[{"href":"https:\/\/fmp-components.com\/tr\/wp-json\/wp\/v2\/product\/7020","targetHints":{"allow":["GET"]}}],"collection":[{"href":"https:\/\/fmp-components.com\/tr\/wp-json\/wp\/v2\/product"}],"about":[{"href":"https:\/\/fmp-components.com\/tr\/wp-json\/wp\/v2\/types\/product"}],"replies":[{"embeddable":true,"href":"https:\/\/fmp-components.com\/tr\/wp-json\/wp\/v2\/comments?post=7020"}],"wp:featuredmedia":[{"embeddable":true,"href":"https:\/\/fmp-components.com\/tr\/wp-json\/wp\/v2\/media\/4336"}],"wp:attachment":[{"href":"https:\/\/fmp-components.com\/tr\/wp-json\/wp\/v2\/media?parent=7020"}],"wp:term":[{"taxonomy":"product_brand","embeddable":true,"href":"https:\/\/fmp-components.com\/tr\/wp-json\/wp\/v2\/product_brand?post=7020"},{"taxonomy":"product_cat","embeddable":true,"href":"https:\/\/fmp-components.com\/tr\/wp-json\/wp\/v2\/product_cat?post=7020"},{"taxonomy":"product_tag","embeddable":true,"href":"https:\/\/fmp-components.com\/tr\/wp-json\/wp\/v2\/product_tag?post=7020"}],"curies":[{"name":"wp","href":"https:\/\/api.w.org\/{rel}","templated":true}]}}