{"id":7012,"date":"2025-03-14T06:22:07","date_gmt":"2025-03-14T06:22:07","guid":{"rendered":"https:\/\/fmp-components.com\/?post_type=product&#038;p=7012"},"modified":"2025-03-27T01:30:42","modified_gmt":"2025-03-27T01:30:42","slug":"plastic-bevel-gears","status":"publish","type":"product","link":"https:\/\/fmp-components.com\/tr\/product\/plastic-bevel-gears\/","title":{"rendered":"Plastik Konik Di\u015fliler"},"content":{"rendered":"<h2>Plastik Konik Di\u015fliler A\u00e7\u0131klamas\u0131<\/h2>\n<p>Boyut:\u03a612<br \/>\nMod\u00fcl: M0.25<br \/>\nMalzeme T\u00fcr\u00fc: Plastik, POM, Naylon\u2026m\u00fc\u015fterinin iste\u011fine g\u00f6re<br \/>\nOranlar: 1:1, 2:1, 3:1, 4:1, 5:1<br \/>\n\u00c7al\u0131\u015fma s\u0131cakl\u0131\u011f\u0131: -40\u00b0C ila 80\u00b0C<\/p>\n<table style=\"border-collapse: collapse; width: 102.442%; height: 315px;\" border=\"0\" width=\"163\" cellspacing=\"0\" cellpadding=\"0\">\n<tbody>\n<tr style=\"height: 14.40pt;\">\n<td style=\"height: 14.40pt; width: 49.80pt;\" align=\"right\" width=\"83\" height=\"24\"><img loading=\"lazy\" decoding=\"async\" class=\"alignnone size-full wp-image-7014\" src=\"https:\/\/fmp-components.com\/wp-content\/uploads\/2025\/03\/Plastic-Bevel-Gears-1.webp\" alt=\"Plastik-Konik-Di\u015fliler\" width=\"520\" height=\"360\" title=\"\" srcset=\"https:\/\/fmp-components.com\/wp-content\/uploads\/2025\/03\/Plastic-Bevel-Gears-1.webp 520w, https:\/\/fmp-components.com\/wp-content\/uploads\/2025\/03\/Plastic-Bevel-Gears-1-480x332.webp 480w\" sizes=\"(min-width: 0px) and (max-width: 480px) 480px, (min-width: 481px) 520px, 100vw\" \/><\/td>\n<td style=\"width: 48.00pt;\" align=\"right\" width=\"80\"><img loading=\"lazy\" decoding=\"async\" class=\"alignnone size-full wp-image-7013\" src=\"https:\/\/fmp-components.com\/wp-content\/uploads\/2025\/03\/Plastic-Bevel-Gears.webp\" alt=\"Plastik-Konik-Di\u015fliler\" width=\"520\" height=\"360\" title=\"\" srcset=\"https:\/\/fmp-components.com\/wp-content\/uploads\/2025\/03\/Plastic-Bevel-Gears.webp 520w, https:\/\/fmp-components.com\/wp-content\/uploads\/2025\/03\/Plastic-Bevel-Gears-480x332.webp 480w\" sizes=\"(min-width: 0px) and (max-width: 480px) 480px, (min-width: 481px) 520px, 100vw\" \/><\/td>\n<\/tr>\n<\/tbody>\n<\/table>\n<table style=\"width: 101.183%; height: 1072px;\" border=\"1\" cellspacing=\"0\" cellpadding=\"0\">\n<thead>\n<tr>\n<th rowspan=\"2\">Par\u00e7a no<br \/>\n(Ba\u011flant\u0131)<\/th>\n<td rowspan=\"2\">Saha<br \/>\n(mod)<\/td>\n<th rowspan=\"2\">HAYIR.<br \/>\nile ilgili<br \/>\nDi\u015fler<\/th>\n<th colspan=\"9\" align=\"left\">T\u00fcm \u00f6l\u00e7\u00fcler mm cinsindendir.<\/th>\n<th rowspan=\"2\">Pirin\u00e7<br \/>\nSokmak<br \/>\nVe<br \/>\nAyarlamak<br \/>\nVida<\/th>\n<\/tr>\n<tr>\n<th>D\u0131\u015ftan<br \/>\nDia.<\/th>\n<th>Saha<br \/>\nDia.<\/th>\n<th>S\u0131k\u0131nt\u0131<br \/>\nDia.<br \/>\n\"B\"<\/th>\n<td>'CD'<\/td>\n<td>Merkez<br \/>\ndia 'C'<\/td>\n<td>Patron<br \/>\nUzunluk 'E'<\/td>\n<td>Di\u015f<br \/>\nGeni\u015flik 'F'<\/td>\n<td>Uzunluk<br \/>\n'G'<\/td>\n<td>Uzunluk<br \/>\n'H'<\/td>\n<\/tr>\n<tr>\n<td colspan=\"13\">1:1 Oran<\/td>\n<\/tr>\n<\/thead>\n<tbody>\n<tr>\n<td>GB05M016<\/td>\n<td>0.5<\/td>\n<td>16<\/td>\n<td>8.7<\/td>\n<td>8.0<\/td>\n<td>3.0<\/td>\n<td>10.5<\/td>\n<td>7.0<\/td>\n<td>6.0<\/td>\n<td>2.0<\/td>\n<td>8.0<\/td>\n<td>8.0<\/td>\n<td><img decoding=\"async\" src=\"https:\/\/www.motionco.co.uk\/image\/data\/motionco\/no_icon_back.png\" alt=\"HAYIR\" title=\"\"><\/td>\n<\/tr>\n<tr>\n<td><\/td>\n<td><\/td>\n<td><\/td>\n<td><\/td>\n<td><\/td>\n<td><\/td>\n<td><\/td>\n<td><\/td>\n<td><\/td>\n<td><\/td>\n<td><\/td>\n<td><\/td>\n<td><\/td>\n<\/tr>\n<tr>\n<td>GB1M016<\/td>\n<td>1<\/td>\n<td>16<\/td>\n<td>17.6<\/td>\n<td>16<\/td>\n<td>5.0<\/td>\n<td>18.4<\/td>\n<td>12.0<\/td>\n<td>8.0<\/td>\n<td>4.7<\/td>\n<td>13.6<\/td>\n<td>13.6<\/td>\n<td><img decoding=\"async\" src=\"https:\/\/www.motionco.co.uk\/image\/data\/motionco\/no_icon_back.png\" alt=\"HAYIR\" title=\"\"><\/td>\n<\/tr>\n<tr>\n<td><\/td>\n<td><\/td>\n<td><\/td>\n<td><\/td>\n<td><\/td>\n<td><\/td>\n<td><\/td>\n<td><\/td>\n<td><\/td>\n<td><\/td>\n<td><\/td>\n<td><\/td>\n<td><\/td>\n<\/tr>\n<tr>\n<td>GB1M016BS<\/td>\n<td>1<\/td>\n<td>16<\/td>\n<td>17.6<\/td>\n<td>16<\/td>\n<td>5.0<\/td>\n<td>18.4<\/td>\n<td>16.0<\/td>\n<td>8.0<\/td>\n<td>4.7<\/td>\n<td>13.6<\/td>\n<td>13.6<\/td>\n<td><img decoding=\"async\" src=\"https:\/\/www.motionco.co.uk\/image\/data\/motionco\/affirmative.png\" alt=\"Evet\" title=\"\"><\/td>\n<\/tr>\n<\/tbody>\n<thead>\n<tr>\n<td colspan=\"13\">2:1 Oran\u0131<\/td>\n<\/tr>\n<\/thead>\n<tbody>\n<tr>\n<td rowspan=\"2\">GB1M215030<\/td>\n<td rowspan=\"2\">1<\/td>\n<td>15<\/td>\n<td>16.8<\/td>\n<td>15.0<\/td>\n<td>5.0<\/td>\n<td>26.4<\/td>\n<td>12.2<\/td>\n<td>10.6<\/td>\n<td>6.6<\/td>\n<td>17.0<\/td>\n<td>17.0<\/td>\n<td><img decoding=\"async\" src=\"https:\/\/www.motionco.co.uk\/image\/data\/motionco\/no_icon_back.png\" alt=\"HAYIR\" title=\"\"><\/td>\n<\/tr>\n<tr>\n<td>30<\/td>\n<td>31.1<\/td>\n<td>30.0<\/td>\n<td>8.0<\/td>\n<td>20.9<\/td>\n<td>18.0<\/td>\n<td>9.1<\/td>\n<td>6.6<\/td>\n<td>14.8<\/td>\n<td>16.2<\/td>\n<td><img decoding=\"async\" src=\"https:\/\/www.motionco.co.uk\/image\/data\/motionco\/no_icon_back.png\" alt=\"HAYIR\" title=\"\"><\/td>\n<\/tr>\n<tr>\n<td><\/td>\n<td><\/td>\n<td><\/td>\n<td><\/td>\n<td><\/td>\n<td><\/td>\n<td><\/td>\n<td><\/td>\n<td><\/td>\n<td><\/td>\n<td><\/td>\n<td><\/td>\n<td><\/td>\n<\/tr>\n<tr>\n<td rowspan=\"2\">GB1M215030BS<\/td>\n<td rowspan=\"2\">1<\/td>\n<td>15<\/td>\n<td>16.8<\/td>\n<td>15.0<\/td>\n<td>5.0<\/td>\n<td>26.4<\/td>\n<td>16.0<\/td>\n<td>10.6<\/td>\n<td>6.6<\/td>\n<td>17.0<\/td>\n<td>17.0<\/td>\n<td><img decoding=\"async\" src=\"https:\/\/www.motionco.co.uk\/image\/data\/motionco\/affirmative.png\" alt=\"Evet\" title=\"\"><\/td>\n<\/tr>\n<tr>\n<td>30<\/td>\n<td>31.1<\/td>\n<td>30.0<\/td>\n<td>4.0<\/td>\n<td>20.9<\/td>\n<td>18.0<\/td>\n<td>9.1<\/td>\n<td>6.6<\/td>\n<td>14.8<\/td>\n<td>16.2<\/td>\n<td><img decoding=\"async\" src=\"https:\/\/www.motionco.co.uk\/image\/data\/motionco\/affirmative.png\" alt=\"Evet\" title=\"\"><\/td>\n<\/tr>\n<\/tbody>\n<thead>\n<tr>\n<td colspan=\"13\">3:1 Oran\u0131<\/td>\n<\/tr>\n<\/thead>\n<tbody>\n<tr>\n<td rowspan=\"2\">GB1M315045<\/td>\n<td rowspan=\"2\">1<\/td>\n<td>15<\/td>\n<td>16.6<\/td>\n<td>15.0<\/td>\n<td>5.0<\/td>\n<td>34.3<\/td>\n<td>12.3<\/td>\n<td>11.0<\/td>\n<td>9.2<\/td>\n<td><\/td>\n<td>20.4<\/td>\n<td><img decoding=\"async\" src=\"https:\/\/www.motionco.co.uk\/image\/data\/motionco\/no_icon_back.png\" alt=\"HAYIR\" title=\"\"><\/td>\n<\/tr>\n<tr>\n<td>45<\/td>\n<td>46.1<\/td>\n<td>45.0<\/td>\n<td>10.0<\/td>\n<td>22.7<\/td>\n<td>23.4<\/td>\n<td>9.6<\/td>\n<td>9.2<\/td>\n<td>16.5<\/td>\n<td>18.2<\/td>\n<td><img decoding=\"async\" src=\"https:\/\/www.motionco.co.uk\/image\/data\/motionco\/no_icon_back.png\" alt=\"HAYIR\" title=\"\"><\/td>\n<\/tr>\n<tr>\n<td><\/td>\n<td><\/td>\n<td><\/td>\n<td><\/td>\n<td><\/td>\n<td><\/td>\n<td><\/td>\n<td><\/td>\n<td><\/td>\n<td><\/td>\n<td><\/td>\n<td><\/td>\n<td><\/td>\n<\/tr>\n<tr>\n<td rowspan=\"2\">GB1M315045BS<\/td>\n<td rowspan=\"2\">1<\/td>\n<td>15<\/td>\n<td>16.6<\/td>\n<td>15.0<\/td>\n<td>5.0<\/td>\n<td>34.3<\/td>\n<td>16.0<\/td>\n<td>11.0<\/td>\n<td>9.2<\/td>\n<td><\/td>\n<td>20.4<\/td>\n<td><img decoding=\"async\" src=\"https:\/\/www.motionco.co.uk\/image\/data\/motionco\/affirmative.png\" alt=\"Evet\" title=\"\"><\/td>\n<\/tr>\n<tr>\n<td>45<\/td>\n<td>46.1<\/td>\n<td>45.0<\/td>\n<td>6.0<\/td>\n<td>22.7<\/td>\n<td>23.4<\/td>\n<td>9.6<\/td>\n<td>9.2<\/td>\n<td>16.5<\/td>\n<td>18.2<\/td>\n<td><img decoding=\"async\" src=\"https:\/\/www.motionco.co.uk\/image\/data\/motionco\/affirmative.png\" alt=\"Evet\" title=\"\"><\/td>\n<\/tr>\n<\/tbody>\n<thead>\n<tr>\n<td colspan=\"13\">4:1 Oran\u0131<\/td>\n<\/tr>\n<\/thead>\n<tbody>\n<tr>\n<td rowspan=\"2\">GB1M410040<\/td>\n<td rowspan=\"2\">1<\/td>\n<td>10<\/td>\n<td>12.0<\/td>\n<td>10.0<\/td>\n<td>4.0<\/td>\n<td>30.1<\/td>\n<td>7.8<\/td>\n<td>9.3<\/td>\n<td>8.2<\/td>\n<td><\/td>\n<td>17.7<\/td>\n<td><img decoding=\"async\" src=\"https:\/\/www.motionco.co.uk\/image\/data\/motionco\/no_icon_back.png\" alt=\"HAYIR\" title=\"\"><\/td>\n<\/tr>\n<tr>\n<td>40<\/td>\n<td>40.8<\/td>\n<td>40.0<\/td>\n<td>10.0<\/td>\n<td>20.1<\/td>\n<td>23.4<\/td>\n<td>10.8<\/td>\n<td>8.2<\/td>\n<td>15.7<\/td>\n<td>17.0<\/td>\n<td><img decoding=\"async\" src=\"https:\/\/www.motionco.co.uk\/image\/data\/motionco\/no_icon_back.png\" alt=\"HAYIR\" title=\"\"><\/td>\n<\/tr>\n<tr>\n<td><\/td>\n<td><\/td>\n<td><\/td>\n<td><\/td>\n<td><\/td>\n<td><\/td>\n<td><\/td>\n<td><\/td>\n<td><\/td>\n<td><\/td>\n<td><\/td>\n<td><\/td>\n<td><\/td>\n<\/tr>\n<tr>\n<td rowspan=\"2\">GB1M410040BS<\/td>\n<td rowspan=\"2\">1<\/td>\n<td>10<\/td>\n<td>12.0<\/td>\n<td>10.0<\/td>\n<td>4.0<\/td>\n<td>30.1<\/td>\n<td>12.7<\/td>\n<td>9.3<\/td>\n<td>8.2<\/td>\n<td><\/td>\n<td>17.7<\/td>\n<td><img decoding=\"async\" src=\"https:\/\/www.motionco.co.uk\/image\/data\/motionco\/affirmative.png\" alt=\"Evet\" title=\"\"><\/td>\n<\/tr>\n<tr>\n<td>40<\/td>\n<td>40.8<\/td>\n<td>40.0<\/td>\n<td>6.0<\/td>\n<td>20.1<\/td>\n<td>23.4<\/td>\n<td>10.8<\/td>\n<td>8.2<\/td>\n<td>15.7<\/td>\n<td>17.0<\/td>\n<td><img decoding=\"async\" src=\"https:\/\/www.motionco.co.uk\/image\/data\/motionco\/affirmative.png\" alt=\"Evet\" title=\"\"><\/td>\n<\/tr>\n<\/tbody>\n<thead>\n<tr>\n<td colspan=\"13\">5:1 Oran\u0131<\/td>\n<\/tr>\n<\/thead>\n<tbody>\n<tr>\n<td rowspan=\"2\">GB1M512060<\/td>\n<td rowspan=\"2\">1<\/td>\n<td>12<\/td>\n<td>13.7<\/td>\n<td>12.0<\/td>\n<td>4.0<\/td>\n<td>40.5<\/td>\n<td>9.5<\/td>\n<td>10.0<\/td>\n<td>9.5<\/td>\n<td><\/td>\n<td>20.3<\/td>\n<td><img decoding=\"async\" src=\"https:\/\/www.motionco.co.uk\/image\/data\/motionco\/no_icon_back.png\" alt=\"HAYIR\" title=\"\"><\/td>\n<\/tr>\n<tr>\n<td>60<\/td>\n<td>60.4<\/td>\n<td>60<\/td>\n<td>10.0<\/td>\n<td>21.0<\/td>\n<td>20.5<\/td>\n<td>11.0<\/td>\n<td>9.5<\/td>\n<td>15.5<\/td>\n<td>17.4<\/td>\n<td><img decoding=\"async\" src=\"https:\/\/www.motionco.co.uk\/image\/data\/motionco\/no_icon_back.png\" alt=\"HAYIR\" title=\"\"><\/td>\n<\/tr>\n<tr>\n<td><\/td>\n<td><\/td>\n<td><\/td>\n<td><\/td>\n<td><\/td>\n<td><\/td>\n<td><\/td>\n<td><\/td>\n<td><\/td>\n<td><\/td>\n<td><\/td>\n<td><\/td>\n<td><\/td>\n<\/tr>\n<tr>\n<td rowspan=\"2\">GB1M512060BS<\/td>\n<td rowspan=\"2\">1<\/td>\n<td>12<\/td>\n<td>13.7<\/td>\n<td>12.0<\/td>\n<td>4.0<\/td>\n<td>40.5<\/td>\n<td>14.3<\/td>\n<td>10.0<\/td>\n<td>9.5<\/td>\n<td><\/td>\n<td>20.3<\/td>\n<td><img decoding=\"async\" src=\"https:\/\/www.motionco.co.uk\/image\/data\/motionco\/affirmative.png\" alt=\"Evet\" title=\"\"><\/td>\n<\/tr>\n<tr>\n<td>60<\/td>\n<td>60.4<\/td>\n<td>60<\/td>\n<td>6.0<\/td>\n<td>21.0<\/td>\n<td>20.5<\/td>\n<td>11.0<\/td>\n<td>9.5<\/td>\n<td>15.5<\/td>\n<td>17.4<\/td>\n<td><img decoding=\"async\" src=\"https:\/\/www.motionco.co.uk\/image\/data\/motionco\/affirmative.png\" alt=\"Evet\" title=\"\"><\/td>\n<\/tr>\n<tr>\n<td><\/td>\n<td><\/td>\n<td><\/td>\n<td><\/td>\n<td><\/td>\n<td><\/td>\n<td><\/td>\n<td><\/td>\n<td><\/td>\n<td><\/td>\n<td><\/td>\n<td><\/td>\n<td><\/td>\n<\/tr>\n<tr>\n<td>GB1M512*<\/td>\n<td>1<\/td>\n<td>12<\/td>\n<td>13.7<\/td>\n<td>12.0<\/td>\n<td>4.0<\/td>\n<td>40.5<\/td>\n<td>9.5<\/td>\n<td>10.0<\/td>\n<td>9.5<\/td>\n<td><\/td>\n<td>20.3<\/td>\n<td><img decoding=\"async\" src=\"https:\/\/www.motionco.co.uk\/image\/data\/motionco\/no_icon_back.png\" alt=\"HAYIR\" title=\"\"><\/td>\n<\/tr>\n<tr>\n<td>GB1M512BS*<\/td>\n<td>1<\/td>\n<td>12<\/td>\n<td>13.7<\/td>\n<td>12.0<\/td>\n<td>4.0<\/td>\n<td>40.5<\/td>\n<td>14.3<\/td>\n<td>10.0<\/td>\n<td>9.5<\/td>\n<td><\/td>\n<td>20.3<\/td>\n<td><img decoding=\"async\" src=\"https:\/\/www.motionco.co.uk\/image\/data\/motionco\/affirmative.png\" alt=\"Evet\" title=\"\"><\/td>\n<\/tr>\n<\/tbody>\n<thead>\n<tr>\n<td colspan=\"13\">*Not: Bu di\u015fliler yaln\u0131zca 60 di\u015fli konik di\u015flilerle uyumludur. Geometrileri di\u011fer di\u015flilerle uyumlu de\u011fildir.<\/td>\n<\/tr>\n<\/thead>\n<\/table>\n<h2>Plastik Konik Di\u015flilerin \u00d6zellikleri<\/h2>\n<div class=\"table-responsive\">\n<table class=\"table\" style=\"width: 102.218%; height: 370px;\" border=\"1\" cellspacing=\"0\" cellpadding=\"0\">\n<tbody>\n<tr>\n<td style=\"width: 99.7543%;\" colspan=\"2\">Plastik Konik Di\u015fli<\/td>\n<\/tr>\n<tr>\n<td style=\"width: 21.7445%;\">Boyut<\/td>\n<td style=\"width: 78.0098%;\">\u03a63mm- \u03a6120mm<\/td>\n<\/tr>\n<tr>\n<td style=\"width: 21.7445%;\">Mod\u00fcl<\/td>\n<td style=\"width: 78.0098%;\">M0.15, M0.2, M0.25-M0.8, M0.8<br \/>\nM1.5<\/td>\n<\/tr>\n<tr>\n<td style=\"width: 21.7445%;\">Malzeme T\u00fcr\u00fc<\/td>\n<td style=\"width: 78.0098%;\">POM, PA, PPA, PBT PEEK (iste\u011fe g\u00f6re)<\/td>\n<\/tr>\n<tr>\n<td style=\"width: 21.7445%;\">Meshing S\u0131n\u0131f\u0131<\/td>\n<td style=\"width: 78.0098%;\">GB 6, ISO 6, JGMA 1, JIS 6, AGMA 13, DIN 6\uff0cDIN5<\/td>\n<\/tr>\n<tr>\n<td style=\"width: 21.7445%;\">Ba\u015fvuru<\/td>\n<td style=\"width: 78.0098%;\">T\u0131p, Sanayi, Otomotiv, Askeri, U\u00e7ak, Mekanik, Otomobil<\/td>\n<\/tr>\n<tr>\n<td style=\"width: 21.7445%;\">\u00d6zelle\u015ftirilmi\u015f<\/td>\n<td style=\"width: 78.0098%;\">ODM\/OEM<\/td>\n<\/tr>\n<tr>\n<td style=\"width: 21.7445%;\">\u00d6rnek<\/td>\n<td style=\"width: 78.0098%;\">\u00d6rnek mevcut<\/td>\n<\/tr>\n<tr>\n<td style=\"width: 21.7445%;\">Paketleme Y\u00f6ntemleri<\/td>\n<td style=\"width: 78.0098%;\">Plastik Tepsi ile Vakumlu Paketlenmi\u015f<\/td>\n<\/tr>\n<tr>\n<td style=\"width: 21.7445%;\">Teslimat \u015eekilleri<\/td>\n<td style=\"width: 78.0098%;\">DHL &amp; TNT &amp; FedEx &amp; UPS<\/td>\n<\/tr>\n<tr>\n<td style=\"width: 21.7445%;\">Sertifika<\/td>\n<td style=\"width: 78.0098%;\">ISO 9001: 2008\/TS16949<\/td>\n<\/tr>\n<\/tbody>\n<\/table>\n<h2>Plastik Konik Di\u015flilerin \u00d6zellikleri<\/h2>\n<\/div>\n<div>\n<ul>\n<li class=\"break-words\"><strong>Hafif Yap\u0131<\/strong>Plastik <a href=\"https:\/\/fmp-components.com\/tr\/bevel-gear-2\/\">konik di\u015fliler<\/a> Naylon, asetal veya polikarbonat gibi malzemelerin kullan\u0131m\u0131 sayesinde metal muadillerine g\u00f6re \u00f6nemli \u00f6l\u00e7\u00fcde daha hafiftirler. Bu, makinelerin toplam a\u011f\u0131rl\u0131\u011f\u0131n\u0131 azalt\u0131r ve a\u011f\u0131rl\u0131\u011f\u0131n \u00f6nemli oldu\u011fu uygulamalarda verimlili\u011fi art\u0131r\u0131r.<\/li>\n<li class=\"break-words\"><strong>Korozyon Direnci<\/strong>Metal di\u015flilerin aksine, plastik konik di\u015fliler korozyona ve paslanmaya kar\u015f\u0131 olduk\u00e7a dayan\u0131kl\u0131d\u0131r; bu da onlar\u0131 ek koruyucu kaplamalara ihtiya\u00e7 duymadan nemli, \u0131slak veya kimyasal olarak agresif ortamlarda kullan\u0131m i\u00e7in ideal hale getirir.<\/li>\n<li class=\"break-words\"><strong>D\u00fc\u015f\u00fck G\u00fcr\u00fclt\u00fcl\u00fc \u00c7al\u0131\u015fma<\/strong>Plastik malzemelerin do\u011fal s\u00f6n\u00fcmleme \u00f6zellikleri, metal di\u015flilere k\u0131yasla daha sessiz \u00e7al\u0131\u015fma sa\u011flar. Bu da onlar\u0131, ev aletleri veya ofis ekipmanlar\u0131 gibi g\u00fcr\u00fclt\u00fc azaltman\u0131n \u00f6ncelikli oldu\u011fu uygulamalar i\u00e7in uygun hale getirir.<\/li>\n<li class=\"break-words\"><strong>Maliyet Etkin \u00dcretim<\/strong>Plastik konik di\u015fliler, enjeksiyon kal\u0131plama veya di\u011fer ekonomik \u00fcretim s\u00fcre\u00e7leri kullan\u0131larak seri \u00fcretilebilir; bu da \u00fcretim maliyetlerini d\u00fc\u015f\u00fcr\u00fcr ve bir\u00e7ok sekt\u00f6r i\u00e7in uygun fiyatl\u0131 bir se\u00e7enek haline getirir.<\/li>\n<li class=\"break-words\"><strong>Kendi Kendini Ya\u011flayan \u00d6zellikler<\/strong>Konik di\u015flilerde kullan\u0131lan naylon veya PTFE katk\u0131l\u0131 plastikler gibi bir\u00e7ok plastik malzeme do\u011fal ya\u011flama \u00f6zelli\u011fine sahiptir; bu da harici ya\u011flama ihtiyac\u0131n\u0131 azalt\u0131r ve mekanik sistemlerdeki bak\u0131m gereksinimlerini en aza indirir.<\/li>\n<\/ul>\n<div>\n<h3>Plastik Konik Di\u015flilerin Uygulamalar\u0131<\/h3>\n<p class=\"break-words\">Plastik konik di\u015fliler, \u00e7elik di\u015flilere g\u00f6re daha az dayan\u0131kl\u0131 olsalar da a\u015f\u0131nmaya kar\u015f\u0131 diren\u00e7 ve sessiz \u00e7al\u0131\u015fma sunarlar. \u015eunlar i\u00e7in idealdirler:<\/p>\n<ol class=\"marker:text-secondary\">\n<li class=\"break-words\"><strong>Ofis Otomasyon Ekipmanlar\u0131<\/strong>Yaz\u0131c\u0131 ve fotokopi makinelerinde sorunsuz ve sessiz \u00e7al\u0131\u015fan tahrik sistemleri i\u00e7in kullan\u0131l\u0131r.<\/li>\n<li class=\"break-words\"><strong>Elektronik E\u015fya Y\u00fckleyicileri<\/strong>DVD oynat\u0131c\u0131larda ve k\u00fc\u00e7\u00fck ev aletlerinde g\u00fcvenilir ve hafif hareket sa\u011flamak i\u00e7in kullan\u0131l\u0131r.<\/li>\n<li class=\"break-words\"><strong>Oyuncaklar<\/strong>Oyuncak arabalarda ve robotlarda yayg\u0131n olarak kullan\u0131lan bu malzeme, maliyet, dayan\u0131kl\u0131l\u0131k ve d\u00fc\u015f\u00fck g\u00fcr\u00fclt\u00fc seviyesi aras\u0131nda bir denge sa\u011flar.<\/li>\n<\/ol>\n<p class=\"break-words\">Bu \u00fcr\u00fcnlerin g\u00fc\u00e7l\u00fc y\u00f6nleri, y\u00fcksek mukavemet ihtiyac\u0131ndan ziyade verimlili\u011fin daha \u00f6nemli oldu\u011fu daha hafif i\u015flerde kullan\u0131ma uygundur.<\/p>\n<table style=\"border-collapse: collapse; width: 102.488%; height: 329px;\" border=\"0\" width=\"163\" cellspacing=\"0\" cellpadding=\"0\">\n<tbody>\n<tr style=\"height: 14.40pt;\">\n<td style=\"height: 14.4pt; width: 49.8775%;\" width=\"83\" height=\"24\"><img loading=\"lazy\" decoding=\"async\" class=\"wp-image-7018 aligncenter\" src=\"https:\/\/fmp-components.com\/wp-content\/uploads\/2025\/03\/Plastic-Bevel-Gears-Applications-1.webp\" alt=\"Plastik-Konik-Di\u015fliler-Uygulamalar\u0131\" width=\"413\" height=\"295\" title=\"\"><\/td>\n<td style=\"width: 50%;\" align=\"right\" width=\"80\"><img loading=\"lazy\" decoding=\"async\" class=\"wp-image-7017 aligncenter\" src=\"https:\/\/fmp-components.com\/wp-content\/uploads\/2025\/03\/Plastic-Bevel-Gears-Applications.webp\" alt=\"Plastik-Konik-Di\u015fliler-Uygulamalar\u0131\" width=\"405\" height=\"289\" title=\"\"><\/td>\n<\/tr>\n<\/tbody>\n<\/table>\n<h3>Plastik Konik Di\u015fli Tedarik\u00e7isi<\/h3>\n<p>FMP, ihtiyac\u0131n\u0131z olan t\u00fcm plastik di\u015flilere sahiptir. Hassas plastik d\u00fcz di\u015fliler, plastik kremayer di\u015fliler, plastik helisel ve konik di\u015fliler, plastik sonsuz di\u015fliler ve sonsuz vidalar, plastik konik di\u015fliler, plastik di\u015fliler, plastik pinyonlar ve plastik kremayer di\u015fliler sunuyoruz.<\/p>\n<p>Standart katalog \u00fcr\u00fcn\u00fcne veya \u00f6zel tasar\u0131ma uygun do\u011fru donan\u0131m\u0131 veya modifikasyonu bulmak i\u00e7in yard\u0131ma ihtiyac\u0131n\u0131z varsa; m\u00fchendislerimiz uygulaman\u0131z i\u00e7in en iyi \u00e7\u00f6z\u00fcm\u00fc sunacakt\u0131r.<\/p>\n<p><img loading=\"lazy\" decoding=\"async\" class=\"alignnone size-full wp-image-7019\" src=\"https:\/\/fmp-components.com\/wp-content\/uploads\/2025\/03\/Plastic-Bevel-Gears-Supplier1.webp\" alt=\"Plastik-Konik-Di\u015fli-Tedarik\u00e7isi\" width=\"1200\" height=\"1000\" title=\"\" srcset=\"https:\/\/fmp-components.com\/wp-content\/uploads\/2025\/03\/Plastic-Bevel-Gears-Supplier1.webp 1200w, https:\/\/fmp-components.com\/wp-content\/uploads\/2025\/03\/Plastic-Bevel-Gears-Supplier1-980x817.webp 980w, https:\/\/fmp-components.com\/wp-content\/uploads\/2025\/03\/Plastic-Bevel-Gears-Supplier1-480x400.webp 480w\" sizes=\"(min-width: 0px) and (max-width: 480px) 480px, (min-width: 481px) and (max-width: 980px) 980px, (min-width: 981px) 1200px, 100vw\" \/><\/p>\n<\/div>\n<\/div>\n<div class=\"table-responsive\">\n<h2>FMP Hakk\u0131nda<\/h2>\n<p>FMP, hem standart bile\u015fenler hem de \u00f6zel \u00e7\u00f6z\u00fcmler \u00fcretme konusundaki uzmanl\u0131\u011f\u0131yla tan\u0131nan, \u00f6nde gelen bir \u0130talyan di\u015fli ve kremayer \u00fcreticisidir. Standart par\u00e7a yelpazemizin yan\u0131 s\u0131ra, FMP, m\u00fc\u015fterilerimiz taraf\u0131ndan sa\u011flanan \u00e7izimlere veya numunelere dayal\u0131 standart ve \u00f6zel di\u015fliler \u00fcretme konusunda da uzmanla\u015fm\u0131\u015ft\u0131r. Di\u015flilerimiz karbon \u00e7eli\u011fi, paslanmaz \u00e7elik, al\u00fcminyum, bak\u0131r, pirin\u00e7 ve plastik helisel veya mahmuzlu konfig\u00fcrasyonlar dahil olmak \u00fczere \u00e7e\u015fitli malzemelerden mevcuttur. \u00d6zelle\u015ftirilmi\u015f di\u015fli \u00fcr\u00fcnlerine dair herhangi bir ihtiyac\u0131n\u0131z varsa, l\u00fctfen bize e-posta yoluyla ula\u015fmaktan \u00e7ekinmeyin. FMP'nin profesyonel m\u00fchendislerden olu\u015fan \u00f6zel ekibi, sorular\u0131n\u0131za 24 saat i\u00e7inde yan\u0131t verecektir.<\/p>\n<p><img loading=\"lazy\" decoding=\"async\" class=\"alignnone size-full wp-image-7010\" src=\"https:\/\/fmp-components.com\/wp-content\/uploads\/2025\/03\/bevel-gear-3.webp\" alt=\"konik di\u015fli\" width=\"1076\" height=\"721\" title=\"\" srcset=\"https:\/\/fmp-components.com\/wp-content\/uploads\/2025\/03\/bevel-gear-3.webp 1076w, https:\/\/fmp-components.com\/wp-content\/uploads\/2025\/03\/bevel-gear-3-980x657.webp 980w, https:\/\/fmp-components.com\/wp-content\/uploads\/2025\/03\/bevel-gear-3-480x322.webp 480w\" sizes=\"(min-width: 0px) and (max-width: 480px) 480px, (min-width: 481px) and (max-width: 980px) 980px, (min-width: 981px) 1076px, 100vw\" \/><\/p>\n<\/div>","protected":false},"excerpt":{"rendered":"<p>Plastic Bevel Gears Description Dimension:\u03a612 Module: M0.25 Material Type: Plastic, POM, Nylon\u2026as the customer required Ratios: 1:1, 2:1, 3:1, 4:1, 5:1 Operating temperature: -40\u00b0C to 80\u00b0C Part no (Link) Pitch (mod) No. of Teeth All dimensions in mm Brass Insert and Set Screw Outside Dia. Pitch Dia. Bore Dia. &#8220;B&#8221; &#8216;CD&#8217; Hub dia &#8216;C&#8217; Boss [&hellip;]<\/p>","protected":false},"featured_media":4659,"comment_status":"open","ping_status":"closed","template":"","meta":{"_et_pb_use_builder":"","_et_pb_old_content":"","_et_gb_content_width":""},"product_brand":[],"product_cat":[106],"product_tag":[],"class_list":{"0":"post-7012","1":"product","2":"type-product","3":"status-publish","4":"has-post-thumbnail","6":"product_cat-bevel-gears","8":"first","9":"instock","10":"shipping-taxable","11":"product-type-simple"},"_links":{"self":[{"href":"https:\/\/fmp-components.com\/tr\/wp-json\/wp\/v2\/product\/7012","targetHints":{"allow":["GET"]}}],"collection":[{"href":"https:\/\/fmp-components.com\/tr\/wp-json\/wp\/v2\/product"}],"about":[{"href":"https:\/\/fmp-components.com\/tr\/wp-json\/wp\/v2\/types\/product"}],"replies":[{"embeddable":true,"href":"https:\/\/fmp-components.com\/tr\/wp-json\/wp\/v2\/comments?post=7012"}],"wp:featuredmedia":[{"embeddable":true,"href":"https:\/\/fmp-components.com\/tr\/wp-json\/wp\/v2\/media\/4659"}],"wp:attachment":[{"href":"https:\/\/fmp-components.com\/tr\/wp-json\/wp\/v2\/media?parent=7012"}],"wp:term":[{"taxonomy":"product_brand","embeddable":true,"href":"https:\/\/fmp-components.com\/tr\/wp-json\/wp\/v2\/product_brand?post=7012"},{"taxonomy":"product_cat","embeddable":true,"href":"https:\/\/fmp-components.com\/tr\/wp-json\/wp\/v2\/product_cat?post=7012"},{"taxonomy":"product_tag","embeddable":true,"href":"https:\/\/fmp-components.com\/tr\/wp-json\/wp\/v2\/product_tag?post=7012"}],"curies":[{"name":"wp","href":"https:\/\/api.w.org\/{rel}","templated":true}]}}