{"id":7011,"date":"2025-03-14T06:16:24","date_gmt":"2025-03-14T06:16:24","guid":{"rendered":"https:\/\/fmp-components.com\/?post_type=product&#038;p=7011"},"modified":"2025-03-27T01:30:59","modified_gmt":"2025-03-27T01:30:59","slug":"metal-bevel-gear","status":"publish","type":"product","link":"https:\/\/fmp-components.com\/tr\/product\/metal-bevel-gear\/","title":{"rendered":"Metal Konik Di\u015fli"},"content":{"rendered":"<p>Boyut:\u03a63mm-\u03a6120mm<br \/>\nMod\u00fcl: M1.5<br \/>\nMalzeme T\u00fcr\u00fc: M\u00fc\u015fterinin iste\u011fine g\u00f6re metal<\/p>\n<h2>\u00dcr\u00fcn \u00d6zellikleri<\/h2>\n<div class=\"table-responsive\">\n<table class=\"table\" style=\"width: 100%; height: 367px;\" border=\"1\">\n<tbody>\n<tr>\n<td colspan=\"2\">Metal Konik Di\u015fli<\/td>\n<\/tr>\n<tr>\n<td>Boyut<\/td>\n<td>\u03a68mm<\/td>\n<\/tr>\n<tr>\n<td>Mod\u00fcl<\/td>\n<td>M0.15-M2.0<\/td>\n<\/tr>\n<tr>\n<td>Malzeme T\u00fcr\u00fc<\/td>\n<td>Metal, Bronz, \u00c7elik, Ala\u015f\u0131m, POM, \u00c7inko, Al\u00fcminyum, Demir, Paslanmaz \u00c7elik, Pirin\u00e7, Bak\u0131r<\/td>\n<\/tr>\n<tr>\n<td>Meshing S\u0131n\u0131f\u0131<\/td>\n<td>JGMA 1, JIS 6, AGMA 13, DIN 6,Din5,AGMA12<\/td>\n<\/tr>\n<tr>\n<td>Ba\u015fvuru<\/td>\n<td>Otomotiv, Askeri, U\u00e7ak, Mekanik, End\u00fcstriyel, T\u0131bbi<\/td>\n<\/tr>\n<tr>\n<td>\u00d6zelle\u015ftirilmi\u015f<\/td>\n<td>ODM\/OEM<\/td>\n<\/tr>\n<tr>\n<td>\u00d6rnek<\/td>\n<td>\u00d6rnek mevcut<\/td>\n<\/tr>\n<tr>\n<td>Paketleme Y\u00f6ntemleri<\/td>\n<td>Plastik Tepsi ile Vakumlu Paketlenmi\u015f<\/td>\n<\/tr>\n<tr>\n<td>Teslimat \u015eekilleri<\/td>\n<td>DHL ve UPS<\/td>\n<\/tr>\n<tr>\n<td>Sertifika<\/td>\n<td>ISO 9001: 2008\/TS16949<\/td>\n<\/tr>\n<\/tbody>\n<\/table>\n<\/div>\n<h2>Metal Konik Di\u015flinin \u00d6zellikleri<\/h2>\n<p>A\u00e7\u0131sal Di\u015fli Konik \u015eekil: Metal <a href=\"https:\/\/fmp-components.com\/tr\/bevel-gear-2\/\">konik di\u015fliler<\/a> Di\u015fleri a\u00e7\u0131l\u0131 kesilmi\u015f, konik, konik bir yap\u0131ya sahiptirler ve bu sayede kesi\u015fen miller aras\u0131nda, genellikle 90 derecelik bir a\u00e7\u0131yla g\u00fc\u00e7 iletebilirler.<br \/>\nY\u00fcksek G\u00fc\u00e7 ve Dayan\u0131kl\u0131l\u0131k: \u00c7elik, al\u00fcminyum veya pirin\u00e7 gibi sa\u011flam metallerden \u00fcretilen bu \u00fcr\u00fcnler, zamanla \u00f6nemli mekanik strese, a\u015f\u0131nmaya ve a\u011f\u0131r y\u00fcklere dayanacak \u015fekilde tasarlanm\u0131\u015ft\u0131r.<br \/>\nHassas M\u00fchendislik: D\u00fczg\u00fcn bir \u015fekilde birbirine ge\u00e7mesini, verimli g\u00fc\u00e7 aktar\u0131m\u0131n\u0131 ve minimum bo\u015fluk olu\u015fmas\u0131n\u0131 sa\u011flamak i\u00e7in hassas toleranslarla \u00fcretilirler ve bu da onlar\u0131 y\u00fcksek performansl\u0131 uygulamalar i\u00e7in uygun hale getirir.<br \/>\nKorozyon Direnci: Kullan\u0131lan metale ba\u011fl\u0131 olarak (\u00f6rne\u011fin paslanmaz \u00e7elik veya kaplamal\u0131 ala\u015f\u0131mlar), genellikle paslanmaya ve \u00e7evresel bozulmaya kar\u015f\u0131 diren\u00e7 g\u00f6sterirler ve zorlu ko\u015fullarda kullan\u0131m \u00f6m\u00fcrlerini uzat\u0131rlar.<br \/>\n\u00d6zelle\u015ftirilebilir Di\u015f Profilleri: D\u00fcz, spiral veya s\u0131f\u0131r gibi \u00e7e\u015fitli di\u015f tasar\u0131mlar\u0131nda mevcuttur ve g\u00fcr\u00fclt\u00fcy\u00fc azaltmak, y\u00fck da\u011f\u0131t\u0131m\u0131n\u0131 iyile\u015ftirmek ve belirli operasyonel ihtiya\u00e7lar\u0131 kar\u015f\u0131lamak i\u00e7in \u00e7ok y\u00f6nl\u00fcl\u00fck sunar.<\/p>\n<div class=\"table-responsive\">\n<h2>FMP Hakk\u0131nda<\/h2>\n<p>FMP, hem standart bile\u015fenler hem de \u00f6zel \u00e7\u00f6z\u00fcmler \u00fcretme konusundaki uzmanl\u0131\u011f\u0131yla tan\u0131nan, \u00f6nde gelen bir \u0130talyan di\u015fli ve kremayer \u00fcreticisidir. Standart par\u00e7a yelpazemizin yan\u0131 s\u0131ra, FMP, m\u00fc\u015fterilerimiz taraf\u0131ndan sa\u011flanan \u00e7izimlere veya numunelere dayal\u0131 standart ve \u00f6zel di\u015fliler \u00fcretme konusunda da uzmanla\u015fm\u0131\u015ft\u0131r. Di\u015flilerimiz karbon \u00e7eli\u011fi, paslanmaz \u00e7elik, al\u00fcminyum, bak\u0131r, pirin\u00e7 ve plastik helisel veya mahmuzlu konfig\u00fcrasyonlar dahil olmak \u00fczere \u00e7e\u015fitli malzemelerden mevcuttur. \u00d6zelle\u015ftirilmi\u015f di\u015fli \u00fcr\u00fcnlerine dair herhangi bir ihtiyac\u0131n\u0131z varsa, l\u00fctfen bize e-posta yoluyla ula\u015fmaktan \u00e7ekinmeyin. FMP'nin profesyonel m\u00fchendislerden olu\u015fan \u00f6zel ekibi, sorular\u0131n\u0131za 24 saat i\u00e7inde yan\u0131t verecektir.<\/p>\n<p><img loading=\"lazy\" decoding=\"async\" class=\"alignnone size-full wp-image-7010\" src=\"https:\/\/fmp-components.com\/wp-content\/uploads\/2025\/03\/bevel-gear-3.webp\" alt=\"konik di\u015fli\" width=\"1076\" height=\"721\" title=\"\" srcset=\"https:\/\/fmp-components.com\/wp-content\/uploads\/2025\/03\/bevel-gear-3.webp 1076w, https:\/\/fmp-components.com\/wp-content\/uploads\/2025\/03\/bevel-gear-3-980x657.webp 980w, https:\/\/fmp-components.com\/wp-content\/uploads\/2025\/03\/bevel-gear-3-480x322.webp 480w\" sizes=\"(min-width: 0px) and (max-width: 480px) 480px, (min-width: 481px) and (max-width: 980px) 980px, (min-width: 981px) 1076px, 100vw\" \/><\/p>\n<\/div>","protected":false},"excerpt":{"rendered":"<p>Boyut: \u03a63mm - \u03a6120mm Mod\u00fcl: M1.5 Malzeme T\u00fcr\u00fc: M\u00fc\u015fteri iste\u011fine g\u00f6re metal \u00dcr\u00fcn \u00d6zellikleri Metal Konik Di\u015fli Boyut \u03a68mm Mod\u00fcl M0.15-M2.0 Malzeme T\u00fcr\u00fc Metal, Bronz, \u00c7elik, Ala\u015f\u0131m, POM, \u00c7inko, Al\u00fcminyum, Demir, Paslanmaz \u00c7elik, Pirin\u00e7, Bak\u0131r Di\u015fli S\u0131n\u0131f\u0131 JGMA 1, JIS 6, AGMA 13, DIN 6, DIN 5, AGMA 12 Uygulama Otomotiv, Askeri, U\u00e7ak, Mekanik, End\u00fcstriyel, T\u0131bbi \u00d6zelle\u015ftirilmi\u015f ODM\/OEM Numune Numune mevcut Modlar [\u2026]<\/p>","protected":false},"featured_media":4337,"comment_status":"open","ping_status":"closed","template":"","meta":{"_et_pb_use_builder":"","_et_pb_old_content":"","_et_gb_content_width":""},"product_brand":[],"product_cat":[106],"product_tag":[],"class_list":{"0":"post-7011","1":"product","2":"type-product","3":"status-publish","4":"has-post-thumbnail","6":"product_cat-bevel-gears","8":"first","9":"instock","10":"shipping-taxable","11":"product-type-simple"},"_links":{"self":[{"href":"https:\/\/fmp-components.com\/tr\/wp-json\/wp\/v2\/product\/7011","targetHints":{"allow":["GET"]}}],"collection":[{"href":"https:\/\/fmp-components.com\/tr\/wp-json\/wp\/v2\/product"}],"about":[{"href":"https:\/\/fmp-components.com\/tr\/wp-json\/wp\/v2\/types\/product"}],"replies":[{"embeddable":true,"href":"https:\/\/fmp-components.com\/tr\/wp-json\/wp\/v2\/comments?post=7011"}],"wp:featuredmedia":[{"embeddable":true,"href":"https:\/\/fmp-components.com\/tr\/wp-json\/wp\/v2\/media\/4337"}],"wp:attachment":[{"href":"https:\/\/fmp-components.com\/tr\/wp-json\/wp\/v2\/media?parent=7011"}],"wp:term":[{"taxonomy":"product_brand","embeddable":true,"href":"https:\/\/fmp-components.com\/tr\/wp-json\/wp\/v2\/product_brand?post=7011"},{"taxonomy":"product_cat","embeddable":true,"href":"https:\/\/fmp-components.com\/tr\/wp-json\/wp\/v2\/product_cat?post=7011"},{"taxonomy":"product_tag","embeddable":true,"href":"https:\/\/fmp-components.com\/tr\/wp-json\/wp\/v2\/product_tag?post=7011"}],"curies":[{"name":"wp","href":"https:\/\/api.w.org\/{rel}","templated":true}]}}