{"id":7006,"date":"2025-03-14T06:03:43","date_gmt":"2025-03-14T06:03:43","guid":{"rendered":"https:\/\/fmp-components.com\/?post_type=product&#038;p=7006"},"modified":"2025-03-27T01:32:14","modified_gmt":"2025-03-27T01:32:14","slug":"aircraft-bevel-gear","status":"publish","type":"product","link":"https:\/\/fmp-components.com\/tr\/product\/aircraft-bevel-gear\/","title":{"rendered":"U\u00e7ak Konik Di\u015flisi"},"content":{"rendered":"<p>Boyut:\u03a63mm-\u03a6120mm<br \/>\nMod\u00fcl: M2.0<br \/>\nMalzeme T\u00fcr\u00fc: M\u00fc\u015fterinin iste\u011fine g\u00f6re metal<\/p>\n<h2>\u00dcr\u00fcn \u00d6zellikleri<\/h2>\n<div class=\"table-responsive\">\n<table class=\"table\" style=\"width: 99.125%; height: 352px;\" border=\"1\">\n<tbody>\n<tr>\n<td style=\"width: 99.2395%;\" colspan=\"2\">U\u00e7ak Konik Di\u015flisi<\/td>\n<\/tr>\n<tr>\n<td style=\"width: 18.5044%;\">Boyut<\/td>\n<td style=\"width: 80.7351%;\">\u03a610mm<\/td>\n<\/tr>\n<tr>\n<td style=\"width: 18.5044%;\">Mod\u00fcl<\/td>\n<td style=\"width: 80.7351%;\">M0.15-M2.2<\/td>\n<\/tr>\n<tr>\n<td style=\"width: 18.5044%;\">Malzeme T\u00fcr\u00fc<\/td>\n<td style=\"width: 80.7351%;\">Metal, Bronz, \u00c7elik, Ala\u015f\u0131m, POM, \u00c7inko, Al\u00fcminyum, Demir, Paslanmaz \u00c7elik, Pirin\u00e7, Bak\u0131r<\/td>\n<\/tr>\n<tr>\n<td style=\"width: 18.5044%;\">Meshing S\u0131n\u0131f\u0131<\/td>\n<td style=\"width: 80.7351%;\">JGMA 1, JIS 6, AGMA 13, DIN 6,Din5,AGMA12<\/td>\n<\/tr>\n<tr>\n<td style=\"width: 18.5044%;\">Ba\u015fvuru<\/td>\n<td style=\"width: 80.7351%;\">Otomotiv, Askeri, U\u00e7ak, Mekanik, End\u00fcstriyel, T\u0131bbi<\/td>\n<\/tr>\n<tr>\n<td style=\"width: 18.5044%;\">\u00d6zelle\u015ftirilmi\u015f<\/td>\n<td style=\"width: 80.7351%;\">ODM\/OEM<\/td>\n<\/tr>\n<tr>\n<td style=\"width: 18.5044%;\">\u00d6rnek<\/td>\n<td style=\"width: 80.7351%;\">\u00d6rnek mevcut<\/td>\n<\/tr>\n<tr>\n<td style=\"width: 18.5044%;\">Paketleme Y\u00f6ntemleri<\/td>\n<td style=\"width: 80.7351%;\">Plastik Tepsi ile Vakumlu Paketlenmi\u015f<\/td>\n<\/tr>\n<tr>\n<td style=\"width: 18.5044%;\">Teslimat \u015eekilleri<\/td>\n<td style=\"width: 80.7351%;\">DHL ve UPS<\/td>\n<\/tr>\n<tr>\n<td style=\"width: 18.5044%;\">Sertifika<\/td>\n<td style=\"width: 80.7351%;\">ISO 9001: 2008\/TS16949<\/td>\n<\/tr>\n<\/tbody>\n<\/table>\n<h2>U\u00e7ak Konik Di\u015flisinin \u00d6zellikleri<\/h2>\n<div>\n<ul>\n<li class=\"break-words\"><strong>A\u00e7\u0131sal Di\u015f Tasar\u0131m\u0131<\/strong>: The <a href=\"https:\/\/fmp-components.com\/tr\/bevel-gear-2\/\">konik di\u015fli<\/a> konik bir y\u00fczey \u00fczerinde a\u00e7\u0131l\u0131 olarak kesilmi\u015f di\u015flere sahiptir ve bu sayede kesi\u015fen miller aras\u0131nda g\u00fc\u00e7 iletmek i\u00e7in ba\u015fka bir di\u015fliyle i\u00e7 i\u00e7e ge\u00e7ebilir, genellikle 90 derecelik bir a\u00e7\u0131yla.<\/li>\n<li class=\"break-words\"><strong>Y\u00fcksek Hassasiyet<\/strong>U\u00e7ak sistemlerinin hassas gereksinimleri i\u00e7in kritik olan d\u00fczg\u00fcn, do\u011fru ve g\u00fcvenilir g\u00fc\u00e7 aktar\u0131m\u0131n\u0131 sa\u011flamak amac\u0131yla s\u0131k\u0131 toleranslarla tasarlanm\u0131\u015ft\u0131r.<\/li>\n<li class=\"break-words\"><strong>Kompakt ve Hafif<\/strong>: Tasar\u0131m, dar alanlarda yap\u0131sal b\u00fct\u00fcnl\u00fc\u011f\u00fc korurken u\u00e7a\u011f\u0131n genel a\u011f\u0131rl\u0131\u011f\u0131n\u0131 azaltacak \u015fekilde yerden tasarruf sa\u011flayacak ve hafif olacak \u015fekilde optimize edilmi\u015ftir.<\/li>\n<li class=\"break-words\"><strong>Y\u00fck Ta\u015f\u0131ma Kapasitesi<\/strong>: Sertle\u015ftirilmi\u015f \u00e7elik veya titanyum gibi dayan\u0131kl\u0131 malzemelerden \u00fcretilen bu \u00fcr\u00fcn, y\u00fcksek tork ve a\u011f\u0131r y\u00fckleri kald\u0131rabilir ve u\u00e7u\u015f stresleri alt\u0131nda performans sa\u011flar.<\/li>\n<li class=\"break-words\"><strong>\u00c7ok y\u00f6nl\u00fcl\u00fck<\/strong>: Farkl\u0131 u\u00e7ak uygulamalar\u0131na (motorlar veya kontrol mekanizmalar\u0131 gibi) uyum sa\u011flayacak esneklik sunarak, \u00e7e\u015fitli konfig\u00fcrasyonlar\u0131 (\u00f6rne\u011fin d\u00fcz, spiral veya s\u0131f\u0131r di\u015f) destekler ve minimum titre\u015fim ve g\u00fcr\u00fclt\u00fc sa\u011flar.<\/li>\n<\/ul>\n<p><img loading=\"lazy\" decoding=\"async\" class=\"size-full wp-image-4330 aligncenter\" src=\"https:\/\/fmp-components.com\/wp-content\/uploads\/2025\/01\/Aircraft-Bevel-Gear.webp\" alt=\"U\u00e7ak Konik Di\u015flisi\" width=\"600\" height=\"600\" title=\"\" srcset=\"https:\/\/fmp-components.com\/wp-content\/uploads\/2025\/01\/Aircraft-Bevel-Gear.webp 600w, https:\/\/fmp-components.com\/wp-content\/uploads\/2025\/01\/Aircraft-Bevel-Gear-480x480.webp 480w\" sizes=\"(min-width: 0px) and (max-width: 480px) 480px, (min-width: 481px) 600px, 100vw\" \/><\/p>\n<\/div>\n<\/div>\n<div class=\"table-responsive\">\n<h2>FMP Hakk\u0131nda<\/h2>\n<p>FMP, hem standart bile\u015fenler hem de \u00f6zel \u00e7\u00f6z\u00fcmler \u00fcretme konusundaki uzmanl\u0131\u011f\u0131yla tan\u0131nan, \u00f6nde gelen bir \u0130talyan di\u015fli ve kremayer \u00fcreticisidir. Standart par\u00e7a yelpazemizin yan\u0131 s\u0131ra, FMP, m\u00fc\u015fterilerimiz taraf\u0131ndan sa\u011flanan \u00e7izimlere veya numunelere dayal\u0131 standart ve \u00f6zel di\u015fliler \u00fcretme konusunda da uzmanla\u015fm\u0131\u015ft\u0131r. Di\u015flilerimiz karbon \u00e7eli\u011fi, paslanmaz \u00e7elik, al\u00fcminyum, bak\u0131r, pirin\u00e7 ve plastik helisel veya mahmuzlu konfig\u00fcrasyonlar dahil olmak \u00fczere \u00e7e\u015fitli malzemelerden mevcuttur. \u00d6zelle\u015ftirilmi\u015f di\u015fli \u00fcr\u00fcnlerine dair herhangi bir ihtiyac\u0131n\u0131z varsa, l\u00fctfen bize e-posta yoluyla ula\u015fmaktan \u00e7ekinmeyin. FMP'nin profesyonel m\u00fchendislerden olu\u015fan \u00f6zel ekibi, sorular\u0131n\u0131za 24 saat i\u00e7inde yan\u0131t verecektir.<\/p>\n<p><img loading=\"lazy\" decoding=\"async\" class=\"alignnone size-full wp-image-7010\" src=\"https:\/\/fmp-components.com\/wp-content\/uploads\/2025\/03\/bevel-gear-3.webp\" alt=\"konik di\u015fli\" width=\"1076\" height=\"721\" title=\"\" srcset=\"https:\/\/fmp-components.com\/wp-content\/uploads\/2025\/03\/bevel-gear-3.webp 1076w, https:\/\/fmp-components.com\/wp-content\/uploads\/2025\/03\/bevel-gear-3-980x657.webp 980w, https:\/\/fmp-components.com\/wp-content\/uploads\/2025\/03\/bevel-gear-3-480x322.webp 480w\" sizes=\"(min-width: 0px) and (max-width: 480px) 480px, (min-width: 481px) and (max-width: 980px) 980px, (min-width: 981px) 1076px, 100vw\" \/><\/p>\n<\/div>","protected":false},"excerpt":{"rendered":"<p>Dimension:\u03a63mm- \u03a6120mm Module: M2.0 Material Type: Metal as customer required Product Specification Aircraft Bevel Gear Dimension \u03a610mm Module M0.15-M2.2 Material Type Metal, Bronze, Steel, Alloy, POM, Zinc, Aluminum, Iron, Stainless, Brass, Copper Meshing Grade JGMA 1, JIS 6, AGMA 13, DIN 6,Din5,AGMA12 Application Automotive, Military, Aircraft, Mechanical, industrial, Medical Customized ODM\/OEM Sample Sample available Modes [&hellip;]<\/p>","protected":false},"featured_media":4330,"comment_status":"open","ping_status":"closed","template":"","meta":{"_et_pb_use_builder":"","_et_pb_old_content":"","_et_gb_content_width":""},"product_brand":[],"product_cat":[106],"product_tag":[],"class_list":{"0":"post-7006","1":"product","2":"type-product","3":"status-publish","4":"has-post-thumbnail","6":"product_cat-bevel-gears","8":"first","9":"instock","10":"shipping-taxable","11":"product-type-simple"},"_links":{"self":[{"href":"https:\/\/fmp-components.com\/tr\/wp-json\/wp\/v2\/product\/7006","targetHints":{"allow":["GET"]}}],"collection":[{"href":"https:\/\/fmp-components.com\/tr\/wp-json\/wp\/v2\/product"}],"about":[{"href":"https:\/\/fmp-components.com\/tr\/wp-json\/wp\/v2\/types\/product"}],"replies":[{"embeddable":true,"href":"https:\/\/fmp-components.com\/tr\/wp-json\/wp\/v2\/comments?post=7006"}],"wp:featuredmedia":[{"embeddable":true,"href":"https:\/\/fmp-components.com\/tr\/wp-json\/wp\/v2\/media\/4330"}],"wp:attachment":[{"href":"https:\/\/fmp-components.com\/tr\/wp-json\/wp\/v2\/media?parent=7006"}],"wp:term":[{"taxonomy":"product_brand","embeddable":true,"href":"https:\/\/fmp-components.com\/tr\/wp-json\/wp\/v2\/product_brand?post=7006"},{"taxonomy":"product_cat","embeddable":true,"href":"https:\/\/fmp-components.com\/tr\/wp-json\/wp\/v2\/product_cat?post=7006"},{"taxonomy":"product_tag","embeddable":true,"href":"https:\/\/fmp-components.com\/tr\/wp-json\/wp\/v2\/product_tag?post=7006"}],"curies":[{"name":"wp","href":"https:\/\/api.w.org\/{rel}","templated":true}]}}