{"id":7005,"date":"2025-03-14T05:36:02","date_gmt":"2025-03-14T05:36:02","guid":{"rendered":"https:\/\/fmp-components.com\/?post_type=product&#038;p=7005"},"modified":"2025-03-27T01:32:34","modified_gmt":"2025-03-27T01:32:34","slug":"medical-bevel-gear","status":"publish","type":"product","link":"https:\/\/fmp-components.com\/tr\/product\/medical-bevel-gear\/","title":{"rendered":"T\u0131bbi Konik Di\u015fli"},"content":{"rendered":"<p>Boyut:\u03a63mm-\u03a6120mm<br \/>\nMod\u00fcl: M0.25<br \/>\nMalzeme T\u00fcr\u00fc: M\u00fc\u015fterinin iste\u011fine g\u00f6re metal<\/p>\n<h2>\u00dcr\u00fcn \u00d6zellikleri<\/h2>\n<div class=\"table-responsive\">\n<table class=\"table\" style=\"width: 98.375%; height: 341px;\" border=\"1\">\n<tbody>\n<tr>\n<td colspan=\"2\">T\u0131bbi Konik Di\u015fli<\/td>\n<\/tr>\n<tr>\n<td>Boyut<\/td>\n<td>\u03a66mm<\/td>\n<\/tr>\n<tr>\n<td>Mod\u00fcl<\/td>\n<td>M0.15-M2.2<\/td>\n<\/tr>\n<tr>\n<td>Malzeme T\u00fcr\u00fc<\/td>\n<td>Metal, Bronz, \u00c7elik, Ala\u015f\u0131m, POM, \u00c7inko, Al\u00fcminyum, Demir, Paslanmaz \u00c7elik, Pirin\u00e7, Bak\u0131r<\/td>\n<\/tr>\n<tr>\n<td>Meshing S\u0131n\u0131f\u0131<\/td>\n<td>ISO6, JGMA 1, JIS 6, AGMA 13, DIN 6,Din5,AGMA12<\/td>\n<\/tr>\n<tr>\n<td>Ba\u015fvuru<\/td>\n<td>Otomotiv, Askeri, U\u00e7ak, Mekanik, End\u00fcstriyel, T\u0131bbi<\/td>\n<\/tr>\n<tr>\n<td>\u00d6zelle\u015ftirilmi\u015f<\/td>\n<td>ODM\/OEM<\/td>\n<\/tr>\n<tr>\n<td>\u00d6rnek<\/td>\n<td>\u00d6rnek mevcut<\/td>\n<\/tr>\n<tr>\n<td>Paketleme Y\u00f6ntemleri<\/td>\n<td>Plastik Tepsi ile Vakumlu Paketlenmi\u015f<\/td>\n<\/tr>\n<tr>\n<td>Teslimat \u015eekilleri<\/td>\n<td>DHL ve UPS<\/td>\n<\/tr>\n<tr>\n<td>Sertifika<\/td>\n<td>ISO 9001: 2008\/TS16949<\/td>\n<\/tr>\n<\/tbody>\n<\/table>\n<p><img loading=\"lazy\" decoding=\"async\" class=\"size-full wp-image-4347 aligncenter\" src=\"https:\/\/fmp-components.com\/wp-content\/uploads\/2025\/01\/Medical-Bevel-Gear.webp\" alt=\"T\u0131bbi Konik Di\u015fli\" width=\"600\" height=\"600\" title=\"\" srcset=\"https:\/\/fmp-components.com\/wp-content\/uploads\/2025\/01\/Medical-Bevel-Gear.webp 600w, https:\/\/fmp-components.com\/wp-content\/uploads\/2025\/01\/Medical-Bevel-Gear-480x480.webp 480w\" sizes=\"(min-width: 0px) and (max-width: 480px) 480px, (min-width: 481px) 600px, 100vw\" \/><\/p>\n<h2>T\u0131bbi Konik Di\u015fli \u00d6zellikleri<\/h2>\n<div>\n<ul>\n<li class=\"break-words\"><strong>Hassas M\u00fchendislik<\/strong>: T\u0131bbi <a href=\"https:\/\/fmp-components.com\/tr\/bevel-gear-2\/\">konik di\u015fliler<\/a> Hassas hareketlerin \u015fart oldu\u011fu cerrahi aletler veya g\u00f6r\u00fcnt\u00fcleme ekipmanlar\u0131 gibi t\u0131bbi cihazlar i\u00e7in kritik \u00f6neme sahip olan hareket ve torkun do\u011fru iletimini sa\u011flamak \u00fczere y\u00fcksek hassasiyetle tasarlanm\u0131\u015ft\u0131r.<\/li>\n<li class=\"break-words\"><strong>Kompakt Tasar\u0131m<\/strong>Bu di\u015fliler, dar alanlara s\u0131\u011fmalar\u0131n\u0131 sa\u011flayan konik bir \u015fekle sahiptir; bu da onlar\u0131 endoskopik cihazlar veya robotik cerrahi sistemleri gibi alan\u0131n s\u0131n\u0131rl\u0131 oldu\u011fu kompakt t\u0131bbi aletler i\u00e7in ideal hale getirir.<\/li>\n<li class=\"break-words\"><strong>Sorunsuz \u00c7al\u0131\u015fma<\/strong>Genellikle d\u00fcz, spiral veya s\u0131f\u0131r di\u015fli olarak tasarlanan t\u0131bbi konik di\u015fliler, titre\u015fimi ve g\u00fcr\u00fclt\u00fcy\u00fc azaltarak d\u00fczg\u00fcn ve sessiz bir \u00e7al\u0131\u015fma sa\u011flar; bu da hasta konforu ve t\u0131bbi i\u015flemlerde gereken hassasiyet i\u00e7in \u00f6nemlidir.<\/li>\n<li class=\"break-words\"><strong>Dayan\u0131kl\u0131l\u0131k ve Malzeme Kalitesi<\/strong>Biyouyumlu ve korozyona dayan\u0131kl\u0131 malzemelerden, \u00f6rne\u011fin paslanmaz \u00e7elik veya \u00f6zel ala\u015f\u0131mlardan \u00fcretilen bu di\u015fliler, sterilizasyon i\u015flemlerine dayanacak ve t\u0131bbi ortamlarda uzun vadeli g\u00fcvenilirlik sa\u011flayacak \u015fekilde tasarlanm\u0131\u015ft\u0131r.<\/li>\n<li class=\"break-words\"><strong>Y\u00f6nsel Esneklik<\/strong>T\u0131bbi uygulamalarda kullan\u0131lan konik di\u015fliler, genellikle 90 derecelik a\u00e7\u0131larla kesi\u015fen miller aras\u0131nda g\u00fc\u00e7 aktar\u0131m\u0131 sa\u011flayarak, di\u015f\u00e7i matkaplar\u0131 veya ortopedik aletler gibi y\u00f6n de\u011fi\u015fikliklerinin gerekli oldu\u011fu cihazlarda karma\u015f\u0131k mekanik konfig\u00fcrasyonlara olanak tan\u0131r.<\/li>\n<\/ul>\n<h2>FMP Hakk\u0131nda<\/h2>\n<p>FMP, hem standart bile\u015fenler hem de \u00f6zel \u00e7\u00f6z\u00fcmler \u00fcretme konusundaki uzmanl\u0131\u011f\u0131yla tan\u0131nan, \u00f6nde gelen bir \u0130talyan di\u015fli ve kremayer \u00fcreticisidir. Standart par\u00e7a yelpazemizin yan\u0131 s\u0131ra, FMP, m\u00fc\u015fterilerimiz taraf\u0131ndan sa\u011flanan \u00e7izimlere veya numunelere dayal\u0131 standart ve \u00f6zel di\u015fliler \u00fcretme konusunda da uzmanla\u015fm\u0131\u015ft\u0131r. Di\u015flilerimiz karbon \u00e7eli\u011fi, paslanmaz \u00e7elik, al\u00fcminyum, bak\u0131r, pirin\u00e7 ve plastik helisel veya mahmuzlu konfig\u00fcrasyonlar dahil olmak \u00fczere \u00e7e\u015fitli malzemelerden mevcuttur. \u00d6zelle\u015ftirilmi\u015f di\u015fli \u00fcr\u00fcnlerine dair herhangi bir ihtiyac\u0131n\u0131z varsa, l\u00fctfen bize e-posta yoluyla ula\u015fmaktan \u00e7ekinmeyin. FMP'nin profesyonel m\u00fchendislerden olu\u015fan \u00f6zel ekibi, sorular\u0131n\u0131za 24 saat i\u00e7inde yan\u0131t verecektir.<\/p>\n<p><img loading=\"lazy\" decoding=\"async\" class=\"alignnone size-full wp-image-7010\" src=\"https:\/\/fmp-components.com\/wp-content\/uploads\/2025\/03\/bevel-gear-3.webp\" alt=\"konik di\u015fli\" width=\"1076\" height=\"721\" title=\"\" srcset=\"https:\/\/fmp-components.com\/wp-content\/uploads\/2025\/03\/bevel-gear-3.webp 1076w, https:\/\/fmp-components.com\/wp-content\/uploads\/2025\/03\/bevel-gear-3-980x657.webp 980w, https:\/\/fmp-components.com\/wp-content\/uploads\/2025\/03\/bevel-gear-3-480x322.webp 480w\" sizes=\"(min-width: 0px) and (max-width: 480px) 480px, (min-width: 481px) and (max-width: 980px) 980px, (min-width: 981px) 1076px, 100vw\" \/><\/p>\n<\/div>\n<\/div>","protected":false},"excerpt":{"rendered":"<p>Dimension:\u03a63mm- \u03a6120mm Module: M0.25 Material Type: Metal as customer required Product Specification Medical Bevel Gear Dimension \u03a66mm Module M0.15-M2.2 Material Type Metal, Bronze, Steel, Alloy, POM, Zinc, Aluminum, Iron, Stainless, Brass, Copper Meshing Grade ISO6, JGMA 1, JIS 6, AGMA 13, DIN 6,Din5,AGMA12 Application Automotive, Military, Aircraft, Mechanical, industrial, Medical Customized ODM\/OEM Sample Sample available [&hellip;]<\/p>","protected":false},"featured_media":4347,"comment_status":"open","ping_status":"closed","template":"","meta":{"_et_pb_use_builder":"","_et_pb_old_content":"","_et_gb_content_width":""},"product_brand":[],"product_cat":[106],"product_tag":[],"class_list":{"0":"post-7005","1":"product","2":"type-product","3":"status-publish","4":"has-post-thumbnail","6":"product_cat-bevel-gears","8":"first","9":"instock","10":"shipping-taxable","11":"product-type-simple"},"_links":{"self":[{"href":"https:\/\/fmp-components.com\/tr\/wp-json\/wp\/v2\/product\/7005","targetHints":{"allow":["GET"]}}],"collection":[{"href":"https:\/\/fmp-components.com\/tr\/wp-json\/wp\/v2\/product"}],"about":[{"href":"https:\/\/fmp-components.com\/tr\/wp-json\/wp\/v2\/types\/product"}],"replies":[{"embeddable":true,"href":"https:\/\/fmp-components.com\/tr\/wp-json\/wp\/v2\/comments?post=7005"}],"wp:featuredmedia":[{"embeddable":true,"href":"https:\/\/fmp-components.com\/tr\/wp-json\/wp\/v2\/media\/4347"}],"wp:attachment":[{"href":"https:\/\/fmp-components.com\/tr\/wp-json\/wp\/v2\/media?parent=7005"}],"wp:term":[{"taxonomy":"product_brand","embeddable":true,"href":"https:\/\/fmp-components.com\/tr\/wp-json\/wp\/v2\/product_brand?post=7005"},{"taxonomy":"product_cat","embeddable":true,"href":"https:\/\/fmp-components.com\/tr\/wp-json\/wp\/v2\/product_cat?post=7005"},{"taxonomy":"product_tag","embeddable":true,"href":"https:\/\/fmp-components.com\/tr\/wp-json\/wp\/v2\/product_tag?post=7005"}],"curies":[{"name":"wp","href":"https:\/\/api.w.org\/{rel}","templated":true}]}}