{"id":7004,"date":"2025-03-14T05:30:53","date_gmt":"2025-03-14T05:30:53","guid":{"rendered":"https:\/\/fmp-components.com\/?post_type=product&#038;p=7004"},"modified":"2025-03-27T01:32:50","modified_gmt":"2025-03-27T01:32:50","slug":"precision-bevel-gear","status":"publish","type":"product","link":"https:\/\/fmp-components.com\/tr\/product\/precision-bevel-gear\/","title":{"rendered":"Hassas Konik Di\u015fli"},"content":{"rendered":"<p>Boyut:\u03a63mm-\u03a6120mm<br \/>\nMod\u00fcl: M0.3<br \/>\nMalzeme T\u00fcr\u00fc: M\u00fc\u015fterinin iste\u011fine g\u00f6re metal<\/p>\n<h2>\u00dcr\u00fcn \u00d6zellikleri<\/h2>\n<div class=\"table-responsive\">\n<table class=\"table\" border=\"1\">\n<tbody>\n<tr>\n<td colspan=\"2\">Hassas Konik Di\u015fli<\/td>\n<\/tr>\n<tr>\n<td>Boyut<\/td>\n<td>\u03a612mm<\/td>\n<\/tr>\n<tr>\n<td>Mod\u00fcl<\/td>\n<td>M0.15-M2.2<\/td>\n<\/tr>\n<tr>\n<td>Malzeme T\u00fcr\u00fc<\/td>\n<td>Metal, Bronz, \u00c7elik, Ala\u015f\u0131m, POM, \u00c7inko, Al\u00fcminyum, Demir, Paslanmaz \u00c7elik, Pirin\u00e7, Bak\u0131r<\/td>\n<\/tr>\n<tr>\n<td>Meshing S\u0131n\u0131f\u0131<\/td>\n<td>ISO6, JGMA 1, JIS 6, AGMA 13, DIN 6,Din5,AGMA12<\/td>\n<\/tr>\n<tr>\n<td>Is\u0131l \u0130\u015flem<\/td>\n<td>Karb\u00fcrleme ve s\u00f6nd\u00fcrme, Y\u00fcksek frekansl\u0131 s\u00f6nd\u00fcrme, Nitr\u00fcrleme, Sertle\u015ftirme ve tavlama, Is\u0131l i\u015flemin ihtiyaca g\u00f6re se\u00e7ilmesi<br \/>\nfarkl\u0131 malzemeler.<\/td>\n<\/tr>\n<tr>\n<td>Ba\u015fvuru<\/td>\n<td>Otomotiv, Askeri, U\u00e7ak, Mekanik, End\u00fcstriyel, T\u0131bbi<\/td>\n<\/tr>\n<tr>\n<td>\u00d6zelle\u015ftirilmi\u015f<\/td>\n<td>ODM\/OEM<\/td>\n<\/tr>\n<tr>\n<td>\u00d6rnek<\/td>\n<td>\u00d6rnek mevcut<\/td>\n<\/tr>\n<tr>\n<td>Paketleme Y\u00f6ntemleri<\/td>\n<td>Plastik Tepsi ile Vakumlu Paketlenmi\u015f<\/td>\n<\/tr>\n<tr>\n<td>Teslimat \u015eekilleri<\/td>\n<td>DHL ve UPS<\/td>\n<\/tr>\n<tr>\n<td>Sertifika<\/td>\n<td>ISO 9001: 2008\/TS16949<\/td>\n<\/tr>\n<\/tbody>\n<\/table>\n<\/div>\n<div><\/div>\n<h2>Hassas Konik Di\u015flilerin \u00d6zellikleri<\/h2>\n<div class=\"table-responsive\">\n<div>\n<ul>\n<li class=\"break-words\"><strong>Konik Tasar\u0131m<\/strong>: Kesi\u015fen \u015faftlar aras\u0131nda g\u00fc\u00e7 iletimi i\u00e7in konik bir e\u011fim y\u00fczeyine sahiptir (genellikle 90 derece).<\/li>\n<li class=\"break-words\"><strong>Y\u00fcksek Hassasiyet<\/strong>: Hassas di\u015f geometrisi ve minimum bo\u015fluk i\u00e7in s\u0131k\u0131 toleranslarla \u00fcretilmi\u015ftir.<\/li>\n<li class=\"break-words\"><strong>Di\u015f Varyasyonlar\u0131<\/strong>: D\u00fcz di\u015fler (basit, d\u00fc\u015f\u00fck h\u0131zl\u0131), spiral di\u015fler (sessiz, y\u00fcksek h\u0131zl\u0131) ve s\u0131f\u0131r di\u015fler (dengeli performans) i\u00e7erir.<\/li>\n<li class=\"break-words\"><strong>Kaliteli Malzemeler ve \u0130\u015flemler<\/strong>: \u00c7elik veya plastik gibi g\u00fc\u00e7l\u00fc malzemelerden yap\u0131l\u0131r, genellikle dayan\u0131kl\u0131l\u0131k i\u00e7in sertle\u015ftirilir veya kaplan\u0131r.<\/li>\n<li class=\"break-words\"><strong>Verimli ve Sorunsuz<\/strong>: E\u015fit y\u00fck da\u011f\u0131l\u0131m\u0131 ve sessiz \u00e7al\u0131\u015fma, otomotiv, havac\u0131l\u0131k ve benzeri uygulamalar i\u00e7in idealdir.<\/li>\n<\/ul>\n<p><img loading=\"lazy\" decoding=\"async\" class=\"size-full wp-image-4340 aligncenter\" src=\"https:\/\/fmp-components.com\/wp-content\/uploads\/2025\/01\/Precision-Bevel-Gear.webp\" alt=\"Hassas Konik Di\u015fli\" width=\"600\" height=\"600\" title=\"\" srcset=\"https:\/\/fmp-components.com\/wp-content\/uploads\/2025\/01\/Precision-Bevel-Gear.webp 600w, https:\/\/fmp-components.com\/wp-content\/uploads\/2025\/01\/Precision-Bevel-Gear-480x480.webp 480w\" sizes=\"(min-width: 0px) and (max-width: 480px) 480px, (min-width: 481px) 600px, 100vw\" \/><\/p>\n<h2>Hassas konik di\u015flilerin uygulanmas\u0131<\/h2>\n<div>\n<p class=\"break-words\">Kesinlik <a href=\"https:\/\/fmp-components.com\/tr\/bevel-gear-2\/\">konik di\u015fliler<\/a> Kesi\u015fen \u015faftlar aras\u0131nda g\u00fcc\u00fc y\u00fcksek do\u011fruluk ve dayan\u0131kl\u0131l\u0131kla verimli bir \u015fekilde iletme kabiliyetleri nedeniyle \u00e7e\u015fitli end\u00fcstrilerde yayg\u0131n olarak kullan\u0131lmaktad\u0131r. \u0130\u015fte baz\u0131 \u00f6nemli uygulamalar:<\/p>\n<ol class=\"marker:text-secondary\">\n<li class=\"break-words\"><strong>Otomotiv End\u00fcstrisi<\/strong>:\n<ul class=\"marker:text-secondary\">\n<li class=\"break-words\">Diferansiyellerde tahrik milinden tekerleklere 90 derecelik a\u00e7\u0131yla g\u00fc\u00e7 aktar\u0131m\u0131 yaparak yumu\u015fak d\u00f6n\u00fc\u015fler ve verimli tork da\u011f\u0131l\u0131m\u0131 sa\u011flar.<\/li>\n<li class=\"break-words\">Hassas hareket kontrol\u00fc i\u00e7in direksiyon sistemlerinde bulunur.<\/li>\n<\/ul>\n<\/li>\n<li class=\"break-words\"><strong>Havac\u0131l\u0131k ve uzay<\/strong>:\n<ul class=\"marker:text-secondary\">\n<li class=\"break-words\">Helikopter \u015fanz\u0131manlar\u0131nda g\u00fcc\u00fcn motordan rotor sistemine do\u011fru y\u00f6n\u00fcn\u00fc de\u011fi\u015ftirmek i\u00e7in kullan\u0131l\u0131r.<\/li>\n<li class=\"break-words\">Y\u00fcksek y\u00fckler alt\u0131nda g\u00fcvenilirlik ve hassasiyet gerektiren u\u00e7u\u015f kontrol y\u00fczeyleri i\u00e7in akt\u00fcat\u00f6r sistemlerinde kullan\u0131l\u0131r.<\/li>\n<\/ul>\n<\/li>\n<li class=\"break-words\"><strong>End\u00fcstriyel Makineler<\/strong>:\n<ul class=\"marker:text-secondary\">\n<li class=\"break-words\">G\u00fcc\u00fc yeniden y\u00f6nlendirmek ve miller aras\u0131 h\u0131zlar\u0131 ayarlamak i\u00e7in tak\u0131m tezgahlar\u0131na (\u00f6rne\u011fin freze makineleri, torna tezgahlar\u0131) entegre edilir.<\/li>\n<li class=\"break-words\">Kompakt, verimli g\u00fc\u00e7 iletimi i\u00e7in konvey\u00f6r sistemlerinde ve paketleme ekipmanlar\u0131nda kullan\u0131l\u0131r.<\/li>\n<\/ul>\n<\/li>\n<li class=\"break-words\"><strong>Robotik<\/strong>:\n<ul class=\"marker:text-secondary\">\n<li class=\"break-words\">Kompakt tasar\u0131mlarda hassas a\u00e7\u0131sal hareket ve tork transferi elde etmek i\u00e7in robotik kollarda ve eklemlerde uygulan\u0131r.<\/li>\n<li class=\"break-words\">Otomasyon sistemlerinde \u00e7ok eksenli hareket i\u00e7in gereklidir.<\/li>\n<\/ul>\n<\/li>\n<li class=\"break-words\"><strong>Denizcilik Uygulamalar\u0131<\/strong>:\n<ul class=\"marker:text-secondary\">\n<li class=\"break-words\">Tekne tahrik sistemlerinde (\u00f6rne\u011fin, d\u0131\u015ftan takma motorlar, k\u0131\u00e7tan takma motorlar) motordan pervaneye a\u00e7\u0131l\u0131 olarak g\u00fc\u00e7 iletmek i\u00e7in kullan\u0131l\u0131r.<\/li>\n<li class=\"break-words\">Zorlu, a\u015f\u0131nd\u0131r\u0131c\u0131 ortamlarda dayan\u0131kl\u0131l\u0131k sa\u011flar.<\/li>\n<\/ul>\n<\/li>\n<li class=\"break-words\"><strong>Elektrikli El Aletleri<\/strong>:\n<ul class=\"marker:text-secondary\">\n<li class=\"break-words\">Matkaplarda, ta\u015flama makinelerinde ve testerelerde d\u00f6nme kuvvetini yeniden y\u00f6nlendirmek i\u00e7in kullan\u0131l\u0131r, ergonomik ve i\u015flevsel tasar\u0131mlar sa\u011flar.<\/li>\n<li class=\"break-words\">Y\u00fcksek h\u0131zl\u0131, g\u00fcvenilir \u00e7al\u0131\u015fmay\u0131 sa\u011flar.<\/li>\n<\/ul>\n<\/li>\n<li class=\"break-words\"><strong>Tar\u0131m Ekipmanlar\u0131<\/strong>:\n<ul class=\"marker:text-secondary\">\n<li class=\"break-words\">Trakt\u00f6r ve bi\u00e7erd\u00f6verlerde, tekerleklere veya kesme mekanizmalar\u0131na g\u00fc\u00e7 aktarmak ve a\u011f\u0131r i\u015flerde destek sa\u011flamak i\u00e7in kullan\u0131l\u0131r.<\/li>\n<li class=\"break-words\">De\u011fi\u015fken y\u00fcklere ve zorlu ko\u015fullara dayan\u0131kl\u0131d\u0131r.<\/li>\n<\/ul>\n<\/li>\n<li class=\"break-words\"><strong>T\u0131bbi Cihazlar<\/strong>:\n<ul class=\"marker:text-secondary\">\n<li class=\"break-words\">Cerrahi robotlarda ve g\u00f6r\u00fcnt\u00fcleme ekipmanlar\u0131nda (\u00f6rne\u011fin MRI makineleri) hassas, sessiz ve kompakt hareket kontrol\u00fc i\u00e7in kullan\u0131l\u0131r.<\/li>\n<\/ul>\n<\/li>\n<li class=\"break-words\"><strong>Enerji Sekt\u00f6r\u00fc<\/strong>:\n<ul class=\"marker:text-secondary\">\n<li class=\"break-words\">R\u00fczgar t\u00fcrbini red\u00fckt\u00f6rlerinde \u015faft a\u00e7\u0131lar\u0131n\u0131 ayarlamak ve dalgalanan y\u00fckler alt\u0131nda torku y\u00f6netmek i\u00e7in kullan\u0131l\u0131r.<\/li>\n<li class=\"break-words\">Petrol ve gaz ekipmanlar\u0131nda g\u00fcvenilir g\u00fc\u00e7 iletimi i\u00e7in kullan\u0131l\u0131r.<\/li>\n<\/ul>\n<\/li>\n<\/ol>\n<p class=\"break-words\">Kompakt tasar\u0131mlar\u0131, y\u00fcksek y\u00fckleri kald\u0131rabilme yetenekleri ve p\u00fcr\u00fczs\u00fcz, sessiz \u00e7al\u0131\u015fmalar\u0131 nedeniyle hassas konik di\u015fliler bu uygulamalarda \u00f6ne \u00e7\u0131kar ve bu da onlar\u0131 minimum titre\u015fim veya a\u015f\u0131nma ile a\u00e7\u0131sal g\u00fc\u00e7 iletimi gerektiren sistemlerde vazge\u00e7ilmez k\u0131lar.<\/p>\n<h2>FMP Hakk\u0131nda<\/h2>\n<p>FMP, hem standart bile\u015fenler hem de \u00f6zel \u00e7\u00f6z\u00fcmler \u00fcretme konusundaki uzmanl\u0131\u011f\u0131yla tan\u0131nan, \u00f6nde gelen bir \u0130talyan di\u015fli ve kremayer \u00fcreticisidir. Standart par\u00e7a yelpazemizin yan\u0131 s\u0131ra, FMP, m\u00fc\u015fterilerimiz taraf\u0131ndan sa\u011flanan \u00e7izimlere veya numunelere dayal\u0131 standart ve \u00f6zel di\u015fliler \u00fcretme konusunda da uzmanla\u015fm\u0131\u015ft\u0131r. Di\u015flilerimiz karbon \u00e7eli\u011fi, paslanmaz \u00e7elik, al\u00fcminyum, bak\u0131r, pirin\u00e7 ve plastik helisel veya mahmuzlu konfig\u00fcrasyonlar dahil olmak \u00fczere \u00e7e\u015fitli malzemelerden mevcuttur. \u00d6zelle\u015ftirilmi\u015f di\u015fli \u00fcr\u00fcnlerine dair herhangi bir ihtiyac\u0131n\u0131z varsa, l\u00fctfen bize e-posta yoluyla ula\u015fmaktan \u00e7ekinmeyin. FMP'nin profesyonel m\u00fchendislerden olu\u015fan \u00f6zel ekibi, sorular\u0131n\u0131za 24 saat i\u00e7inde yan\u0131t verecektir.<\/p>\n<p><img loading=\"lazy\" decoding=\"async\" class=\"alignnone size-full wp-image-7010\" src=\"https:\/\/fmp-components.com\/wp-content\/uploads\/2025\/03\/bevel-gear-3.webp\" alt=\"konik di\u015fli\" width=\"1076\" height=\"721\" title=\"\" srcset=\"https:\/\/fmp-components.com\/wp-content\/uploads\/2025\/03\/bevel-gear-3.webp 1076w, https:\/\/fmp-components.com\/wp-content\/uploads\/2025\/03\/bevel-gear-3-980x657.webp 980w, https:\/\/fmp-components.com\/wp-content\/uploads\/2025\/03\/bevel-gear-3-480x322.webp 480w\" sizes=\"(min-width: 0px) and (max-width: 480px) 480px, (min-width: 481px) and (max-width: 980px) 980px, (min-width: 981px) 1076px, 100vw\" \/><\/p>\n<\/div>\n<\/div>\n<\/div>","protected":false},"excerpt":{"rendered":"<p>Dimension:\u03a63mm- \u03a6120mm Module: M0.3 Material Type: Metal as customer required Product Specification Precision Bevel Gear Dimension \u03a612mm Module M0.15-M2.2 Material Type Metal, Bronze, Steel, Alloy, POM, Zinc, Aluminum, Iron, Stainless, Brass, Copper Meshing Grade ISO6, JGMA 1, JIS 6, AGMA 13, DIN 6,Din5,AGMA12 Heat Treatment Carburizing and quenching, High-frequency quenching, Nitriding, Hardening, and tempering, Selecting [&hellip;]<\/p>","protected":false},"featured_media":4340,"comment_status":"open","ping_status":"closed","template":"","meta":{"_et_pb_use_builder":"","_et_pb_old_content":"","_et_gb_content_width":""},"product_brand":[],"product_cat":[106],"product_tag":[],"class_list":{"0":"post-7004","1":"product","2":"type-product","3":"status-publish","4":"has-post-thumbnail","6":"product_cat-bevel-gears","8":"first","9":"instock","10":"shipping-taxable","11":"product-type-simple"},"_links":{"self":[{"href":"https:\/\/fmp-components.com\/tr\/wp-json\/wp\/v2\/product\/7004","targetHints":{"allow":["GET"]}}],"collection":[{"href":"https:\/\/fmp-components.com\/tr\/wp-json\/wp\/v2\/product"}],"about":[{"href":"https:\/\/fmp-components.com\/tr\/wp-json\/wp\/v2\/types\/product"}],"replies":[{"embeddable":true,"href":"https:\/\/fmp-components.com\/tr\/wp-json\/wp\/v2\/comments?post=7004"}],"wp:featuredmedia":[{"embeddable":true,"href":"https:\/\/fmp-components.com\/tr\/wp-json\/wp\/v2\/media\/4340"}],"wp:attachment":[{"href":"https:\/\/fmp-components.com\/tr\/wp-json\/wp\/v2\/media?parent=7004"}],"wp:term":[{"taxonomy":"product_brand","embeddable":true,"href":"https:\/\/fmp-components.com\/tr\/wp-json\/wp\/v2\/product_brand?post=7004"},{"taxonomy":"product_cat","embeddable":true,"href":"https:\/\/fmp-components.com\/tr\/wp-json\/wp\/v2\/product_cat?post=7004"},{"taxonomy":"product_tag","embeddable":true,"href":"https:\/\/fmp-components.com\/tr\/wp-json\/wp\/v2\/product_tag?post=7004"}],"curies":[{"name":"wp","href":"https:\/\/api.w.org\/{rel}","templated":true}]}}