{"id":6946,"date":"2025-03-13T03:46:50","date_gmt":"2025-03-13T03:46:50","guid":{"rendered":"https:\/\/fmp-components.com\/?post_type=product&#038;p=6946"},"modified":"2025-03-27T01:34:39","modified_gmt":"2025-03-27T01:34:39","slug":"sintered-metal-bevel-gears","status":"publish","type":"product","link":"https:\/\/fmp-components.com\/tr\/product\/sintered-metal-bevel-gears\/","title":{"rendered":"Sinterlenmi\u015f Metal konik di\u015fliler"},"content":{"rendered":"<div>\n<h3>Sinterlenmi\u015f Metal konik di\u015fliler hakk\u0131nda<\/h3>\n<p class=\"break-words\">Sinterlenmi\u015f metal <a href=\"https:\/\/fmp-components.com\/tr\/bevel-gear-2\/\">konik di\u015fliler<\/a> Metal tozlar\u0131n\u0131n s\u0131k\u0131\u015ft\u0131r\u0131l\u0131p \u0131s\u0131t\u0131larak konik \u015fekilli, g\u00fc\u00e7l\u00fc ve dayan\u0131kl\u0131 di\u015fliler olu\u015fturdu\u011fu sinterleme i\u015flemiyle hassas bir \u015fekilde tasarlanm\u0131\u015f bile\u015fenlerdir. Bu di\u015fliler, genellikle 90 derecelik a\u00e7\u0131yla kesi\u015fen \u015faftlar aras\u0131nda hareket ve g\u00fc\u00e7 iletme kabiliyetleri nedeniyle \u00e7e\u015fitli end\u00fcstrilerde yayg\u0131n olarak kullan\u0131lmaktad\u0131r. Toz metalurjisi i\u015flemi sayesinde y\u00fcksek mukavemet, a\u015f\u0131nma direnci ve uygun maliyet gibi avantajlar sunarlar.<\/p>\n<p class=\"break-words\">FMP Company olarak, \u00e7e\u015fitli uygulama ihtiya\u00e7lar\u0131n\u0131 kar\u015f\u0131lamak \u00fczere geni\u015f bir yelpazede sinterlenmi\u015f metal konik di\u015fli \u00fcretimi konusunda uzmanla\u015f\u0131yoruz. Ayr\u0131ca, \u00fcr\u00fcnlerimizi \u00f6zel ihtiya\u00e7lar\u0131n\u0131za g\u00f6re \u00f6zelle\u015ftirmek i\u00e7in \u00f6zelle\u015ftirme hizmetleri de sunuyoruz. \u00dcr\u00fcn listemizde tam olarak ihtiyac\u0131n\u0131z olan modeli bulamazsan\u0131z, bu, hen\u00fcz g\u00fcncelleme f\u0131rsat\u0131m\u0131z olmad\u0131\u011f\u0131 anlam\u0131na gelir. \u0130stedi\u011finiz \u00f6zellikleri bize e-postayla bildirmekten \u00e7ekinmeyin; m\u00fchendislerimiz size yard\u0131mc\u0131 olmak i\u00e7in 24 saat i\u00e7inde yan\u0131t verecektir.\u00a0<img loading=\"lazy\" decoding=\"async\" class=\"alignnone size-full wp-image-6952\" src=\"https:\/\/fmp-components.com\/wp-content\/uploads\/2025\/03\/Sintered-Metal-bevel-gear-maintain.webp\" alt=\"Sinterlenmi\u015f Metal-konik-di\u015fli\" width=\"1300\" height=\"946\" title=\"\" srcset=\"https:\/\/fmp-components.com\/wp-content\/uploads\/2025\/03\/Sintered-Metal-bevel-gear-maintain.webp 1300w, https:\/\/fmp-components.com\/wp-content\/uploads\/2025\/03\/Sintered-Metal-bevel-gear-maintain-1280x931.webp 1280w, https:\/\/fmp-components.com\/wp-content\/uploads\/2025\/03\/Sintered-Metal-bevel-gear-maintain-980x713.webp 980w, https:\/\/fmp-components.com\/wp-content\/uploads\/2025\/03\/Sintered-Metal-bevel-gear-maintain-480x349.webp 480w\" sizes=\"(min-width: 0px) and (max-width: 480px) 480px, (min-width: 481px) and (max-width: 980px) 980px, (min-width: 981px) and (max-width: 1280px) 1280px, (min-width: 1281px) 1300px, 100vw\" \/><\/p>\n<h3>\u015eartname<\/h3>\n<\/div>\n<table class=\"table\" border=\"1\" width=\"100%\" cellspacing=\"0\" cellpadding=\"0\">\n<tbody>\n<tr class=\"firstRow\">\n<td valign=\"center\" width=\"132\">Model Numaras\u0131<\/td>\n<td valign=\"center\" width=\"491\">M3,M4,M5,M8,M12 vb.<\/td>\n<\/tr>\n<tr>\n<td valign=\"center\" width=\"132\">Malzeme<\/td>\n<td valign=\"center\" width=\"491\">Pirin\u00e7, C45 \u00e7elik, Paslanmaz \u00e7elik, Bak\u0131r, POM, Al\u00fcminyum, Ala\u015f\u0131m vb.<\/td>\n<\/tr>\n<tr>\n<td valign=\"center\" width=\"132\">Y\u00fczey i\u015fleme<\/td>\n<td valign=\"center\" width=\"491\">\u00c7inko kaplama, Nikel kaplama, Pasivasyon, Oksidasyon, Anodizasyon,<br \/>\nGeomet, Dacromet, Siyah Oksit, Fosfatlama, Toz Kaplama ve Elektroforez<\/td>\n<\/tr>\n<tr>\n<td valign=\"center\" width=\"132\">Standart<\/td>\n<td valign=\"center\" width=\"491\">ISO, DIN, ANSI, JIS, BS ve Standart D\u0131\u015f\u0131.<\/td>\n<\/tr>\n<tr>\n<td valign=\"center\" width=\"132\">Kesinlik<\/td>\n<td valign=\"center\" width=\"491\">DIN6,DIN7,DIN8,DIN9.<\/td>\n<\/tr>\n<tr>\n<td valign=\"center\" width=\"132\">Di\u015f tedavisi<\/td>\n<td valign=\"center\" width=\"491\">Sertle\u015ftirilmi\u015f, Frezelenmi\u015f veya Zeminlenmi\u015f<\/td>\n<\/tr>\n<tr>\n<td valign=\"center\" width=\"132\">Ho\u015fg\u00f6r\u00fc<\/td>\n<td valign=\"center\" width=\"491\">0,001 mm-0,01 mm-0,1 mm<\/td>\n<\/tr>\n<tr>\n<td valign=\"center\" width=\"132\">Sona ermek<\/td>\n<td valign=\"center\" width=\"491\">kumlama\/kum p\u00fcsk\u00fcrtme, \u0131s\u0131l i\u015flem, tavlama, temperleme, parlatma, eloksallama, \u00e7inko kaplama<\/td>\n<\/tr>\n<tr>\n<td valign=\"center\" width=\"132\">\u00d6\u011felerin paketlenmesi<\/td>\n<td valign=\"center\" width=\"491\">Plastik torba + Karton veya Ah\u015fap Ambalaj<\/td>\n<\/tr>\n<tr>\n<td valign=\"center\" width=\"132\">\u00d6deme ko\u015fullar\u0131<\/td>\n<td valign=\"center\" width=\"491\">T\/T, L\/C<\/td>\n<\/tr>\n<tr>\n<td valign=\"center\" width=\"132\">\u00dcretim s\u00fcresi<\/td>\n<td valign=\"center\" width=\"491\">Numune i\u00e7in 20 i\u015f g\u00fcn\u00fc, toplu sipari\u015f i\u00e7in 25 g\u00fcn<\/td>\n<\/tr>\n<tr>\n<td valign=\"center\" width=\"132\">\u00d6rnekler<\/td>\n<td valign=\"center\" width=\"491\">\u00d6rnek fiyat aral\u0131\u011f\u0131 $2'den $100'e kadard\u0131r.<br \/>\n\u00f6rnek ekspres talebi m\u00fc\u015fteriler taraf\u0131ndan \u00f6denir<\/td>\n<\/tr>\n<tr>\n<td valign=\"center\" width=\"132\">Ba\u015fvuru<\/td>\n<td valign=\"center\" width=\"491\">1. Otomatik kontrol makinesi<br \/>\n2. Yar\u0131 iletken end\u00fcstrisi<br \/>\n3. Genel sanayi makineleri<br \/>\n4. T\u0131bbi ekipman<br \/>\n5. G\u00fcne\u015f enerjisi ekipmanlar\u0131<br \/>\n6. Tak\u0131m tezgah\u0131<br \/>\n7. Park sistemi<br \/>\n8. Y\u00fcksek h\u0131zl\u0131 tren ve havac\u0131l\u0131k ula\u015f\u0131m ekipmanlar\u0131 vb.<\/td>\n<\/tr>\n<\/tbody>\n<\/table>\n<p><img loading=\"lazy\" decoding=\"async\" class=\"alignnone wp-image-6953\" src=\"https:\/\/fmp-components.com\/wp-content\/uploads\/2025\/03\/Sintered-Metal-bevel-gear-work.webp\" alt=\"Sinterlenmi\u015f Metal-konik-di\u015fli\" width=\"772\" height=\"587\" title=\"\" srcset=\"https:\/\/fmp-components.com\/wp-content\/uploads\/2025\/03\/Sintered-Metal-bevel-gear-work.webp 772w, https:\/\/fmp-components.com\/wp-content\/uploads\/2025\/03\/Sintered-Metal-bevel-gear-work-480x365.webp 480w\" sizes=\"(min-width: 0px) and (max-width: 480px) 480px, (min-width: 481px) 772px, 100vw\" \/><\/p>","protected":false},"excerpt":{"rendered":"<p>About Sintered Metal bevel gears Sintered metal bevel gears are precision-engineered components made through a sintering process, where metal powders are compacted and heated to form strong, durable gears with a conical shape. These gears are widely used in various industries for their ability to transmit motion and power between intersecting shafts, typically at a [&hellip;]<\/p>","protected":false},"featured_media":6951,"comment_status":"open","ping_status":"closed","template":"","meta":{"_et_pb_use_builder":"","_et_pb_old_content":"","_et_gb_content_width":""},"product_brand":[],"product_cat":[106],"product_tag":[],"class_list":{"0":"post-6946","1":"product","2":"type-product","3":"status-publish","4":"has-post-thumbnail","6":"product_cat-bevel-gears","8":"first","9":"instock","10":"shipping-taxable","11":"product-type-simple"},"_links":{"self":[{"href":"https:\/\/fmp-components.com\/tr\/wp-json\/wp\/v2\/product\/6946","targetHints":{"allow":["GET"]}}],"collection":[{"href":"https:\/\/fmp-components.com\/tr\/wp-json\/wp\/v2\/product"}],"about":[{"href":"https:\/\/fmp-components.com\/tr\/wp-json\/wp\/v2\/types\/product"}],"replies":[{"embeddable":true,"href":"https:\/\/fmp-components.com\/tr\/wp-json\/wp\/v2\/comments?post=6946"}],"wp:featuredmedia":[{"embeddable":true,"href":"https:\/\/fmp-components.com\/tr\/wp-json\/wp\/v2\/media\/6951"}],"wp:attachment":[{"href":"https:\/\/fmp-components.com\/tr\/wp-json\/wp\/v2\/media?parent=6946"}],"wp:term":[{"taxonomy":"product_brand","embeddable":true,"href":"https:\/\/fmp-components.com\/tr\/wp-json\/wp\/v2\/product_brand?post=6946"},{"taxonomy":"product_cat","embeddable":true,"href":"https:\/\/fmp-components.com\/tr\/wp-json\/wp\/v2\/product_cat?post=6946"},{"taxonomy":"product_tag","embeddable":true,"href":"https:\/\/fmp-components.com\/tr\/wp-json\/wp\/v2\/product_tag?post=6946"}],"curies":[{"name":"wp","href":"https:\/\/api.w.org\/{rel}","templated":true}]}}