{"id":6651,"date":"2025-03-11T06:36:21","date_gmt":"2025-03-11T06:36:21","guid":{"rendered":"https:\/\/fmp-components.com\/product\/italy-manufacturing-price-customized-stage-mini-3-ton-to-100-ton-double-acting-telescopic-hydraulic-cylinders-for-dump-trucks"},"modified":"2025-03-12T08:22:27","modified_gmt":"2025-03-12T08:22:27","slug":"italy-manufacturing-price-customized-stage-mini-3-ton-to-100-ton-double-acting-telescopic-hydraulic-cylinders-for-dump-trucks","status":"publish","type":"product","link":"https:\/\/fmp-components.com\/tr\/product\/italy-manufacturing-price-customized-stage-mini-3-ton-to-100-ton-double-acting-telescopic-hydraulic-cylinders-for-dump-trucks\/","title":{"rendered":"\u0130talya \u00dcretim Fiyat\u0131 Damperli Kamyonlar i\u00e7in \u00d6zelle\u015ftirilmi\u015f A\u015famal\u0131 Mini 3 Ton ila 100 Ton \u00c7ift Etkili Teleskopik Hidrolik Silindirler"},"content":{"rendered":"<h2>\u0130talya \u00dcretim Fiyat\u0131 Damperli Kamyonlar i\u00e7in \u00d6zelle\u015ftirilmi\u015f A\u015famal\u0131 Mini 3 Ton ila 100 Ton \u00c7ift Etkili Teleskopik Hidrolik Silindirler<\/h2>\n<p>Teleskopik hidrolik silindirlerimiz, en zorlu uygulamalarda bile ola\u011fan\u00fcst\u00fc i\u015flevsellik ve dayan\u0131kl\u0131l\u0131k sunar. \u00c7ok \u00e7e\u015fitli makinelerde kritik bir bile\u015fen olan bu hidrolik silindirler, imalat tesislerinde, makine tamir at\u00f6lyelerinde, \u00e7iftliklerde ve enerji ve madencilik sekt\u00f6r\u00fcnde malzemelerin hareket ettirilmesi, kald\u0131r\u0131lmas\u0131 veya s\u0131k\u0131\u015ft\u0131r\u0131lmas\u0131 i\u00e7in gerekli kuvveti sa\u011flar.<\/p>\n<h3>\u00dcr\u00fcn \u00d6zellikleri<\/h3>\n<p>Hidrolik silindirlerimiz, ihtiya\u00e7lar\u0131n\u0131za g\u00f6re \u00f6zelle\u015ftirilebilir. 20 ila 250 mm aras\u0131nda de\u011fi\u015fen i\u00e7 \u00e7aplarda tasarlanm\u0131\u015f olup, maksimum 3000 Nm itme kuvveti ve maksimum 600 Nm \u00e7ekme kuvveti kapasitesine sahiptir. G\u00f6vde malzemesi sa\u011flam \u00e7elikten \u00fcretilmi\u015f olup, dayan\u0131kl\u0131l\u0131k ve uzun \u00f6m\u00fcr vaat etmektedir. Ana bile\u015fenler i\u00e7in bir y\u0131l garanti veriyoruz ve kalite y\u00f6netim sistemimiz i\u00e7in ISO9001:2000 sertifikas\u0131na sahibiz.<\/p>\n<table style=\"width: 96.9169%;\" border=\"\">\n<tbody>\n<tr>\n<td style=\"width: 42.3729%;\">Delik boyutu<\/td>\n<td style=\"width: 451.977%;\">3,75-4,5 in\u00e7<\/td>\n<\/tr>\n<tr>\n<td style=\"width: 42.3729%;\">Kapasite<\/td>\n<td style=\"width: 451.977%;\">7-12 ton<\/td>\n<\/tr>\n<tr>\n<td style=\"width: 42.3729%;\">Vuru\u015f boyutu<\/td>\n<td style=\"width: 451.977%;\">78-144 in\u00e7<\/td>\n<\/tr>\n<tr>\n<td style=\"width: 42.3729%;\">Pin boyutu<\/td>\n<td style=\"width: 451.977%;\">1.015<\/td>\n<\/tr>\n<tr>\n<td style=\"width: 42.3729%;\">Limanlar<\/td>\n<td style=\"width: 451.977%;\">G\/SAE\/NPT\/M<\/td>\n<\/tr>\n<\/tbody>\n<\/table>\n<h2>Temel \u00d6zellikler ve Avantajlar<\/h2>\n<ul>\n<li>Enerji verimlili\u011fi<\/li>\n<li>Son derece verimli<\/li>\n<li>G\u00fcvenli ve g\u00fcvenilir<\/li>\n<li>\u00d6zel gereksinimlere uyacak \u015fekilde \u00f6zelle\u015ftirilebilir.<\/li>\n<\/ul>\n<p><img loading=\"lazy\" decoding=\"async\" class=\"alignnone  wp-image-6658\" src=\"https:\/\/fmp-components.com\/wp-content\/uploads\/2025\/03\/telescopic-hydraulic-cylinder-6.webp\" alt=\"teleskopik hidrolik silindir\" width=\"858\" height=\"858\" title=\"\" srcset=\"https:\/\/fmp-components.com\/wp-content\/uploads\/2025\/03\/telescopic-hydraulic-cylinder-6.webp 858w, https:\/\/fmp-components.com\/wp-content\/uploads\/2025\/03\/telescopic-hydraulic-cylinder-6-480x480.webp 480w\" sizes=\"(min-width: 0px) and (max-width: 480px) 480px, (min-width: 481px) 858px, 100vw\" \/><\/p>\n<h2>Hidrolik Sistemleri Anlamak<\/h2>\n<p>Hidrolik silindir, hidrolik sistemin kalbi olarak g\u00f6rev yapar ve s\u0131v\u0131 bas\u0131nc\u0131n\u0131 mekanik harekete d\u00f6n\u00fc\u015ft\u00fcr\u00fcr. Bu d\u00f6n\u00fc\u015f\u00fcm sayesinde silindirler \u00f6nemli miktarda kuvvet uygulayabilir ve bu da onlar\u0131 \u00e7e\u015fitli end\u00fcstriyel uygulamalarda vazge\u00e7ilmez k\u0131lar.<\/p>\n<h2>Hidrolik Silindirlerin Uygulamalar\u0131<\/h2>\n<p>Hidrolik silindirlerimiz, damperli kamyonlarda yayg\u0131n olarak kullan\u0131lmakta olup, kamyon kasas\u0131n\u0131 kald\u0131rmak ve malzemeyi verimli ve g\u00fcvenli bir \u015fekilde bo\u015faltmak i\u00e7in gerekli kuvveti sa\u011flamaktad\u0131r.<\/p>\n<h2>Hidrolik Silindirler ve G\u00fc\u00e7 \u00dcniteleri<\/h2>\n<p>Hidrolik silindirler ve g\u00fc\u00e7 \u00fcniteleri aras\u0131ndaki uyum, hidrolik sistemin verimli \u00e7al\u0131\u015fmas\u0131 i\u00e7in \u00e7ok \u00f6nemlidir. Bu iki bile\u015fen, hidrolik teknolojisinin end\u00fcstriyel alanda geni\u015f uygulama alan\u0131 bulmas\u0131n\u0131 sa\u011flayarak \u00e7e\u015fitli m\u00fchendislik ve mekanik cihazlar i\u00e7in g\u00fcvenilir g\u00fc\u00e7 ve kontrol deste\u011fi sunar. FMP olarak biz de g\u00fc\u00e7 \u00fcniteleri sat\u0131\u015f\u0131 yapmaktay\u0131z.<\/p>\n<h2>S\u0131k\u00e7a Sorulan Sorular<\/h2>\n<h3>S1: Hidrolik silindirlerin garanti s\u00fcresi ne kadard\u0131r?<\/h3>\n<p>A1: Hidrolik silindirlerimizin temel bile\u015fenleri i\u00e7in bir y\u0131l garanti sunuyoruz.<\/p>\n<h3>S2: Hidrolik silindirler \u00f6zelle\u015ftirilebilir mi?<\/h3>\n<p>A2: Evet, hidrolik silindirlerimiz ihtiya\u00e7lar\u0131n\u0131za g\u00f6re \u00f6zelle\u015ftirilebilir.<\/p>\n<h3>S3: Bu hidrolik silindirler hangi sekt\u00f6rlerde kullan\u0131ma uygundur?<\/h3>\n<p>A3: \u00dcretim tesislerinde, makine tamir at\u00f6lyelerinde, \u00e7iftliklerde ve enerji ve madencilik sekt\u00f6r\u00fcnde kullan\u0131ma uygundurlar.<\/p>\n<h3>FMP Hakk\u0131nda<\/h3>\n<p>FMP, y\u00fcksek kaliteli hidrolik silindirlerin tasar\u0131m\u0131, geli\u015ftirilmesi ve \u00fcretimindeki uzmanl\u0131\u011f\u0131yla tan\u0131nan \u00f6nde gelen bir \u0130talyan \u00fcreticisidir. Onlarca y\u0131ll\u0131k sekt\u00f6r deneyimimizle, geleneksel \u0130talyan i\u015f\u00e7ili\u011fini en son teknolojiyle kusursuz bir \u015fekilde harmanlayarak, k\u00fcresel m\u00fc\u015fterilerimizin \u00e7e\u015fitli ihtiya\u00e7lar\u0131na \u00f6zel, ola\u011fan\u00fcst\u00fc hidrolik \u00e7\u00f6z\u00fcmler sunuyoruz. M\u00fchendislikte m\u00fckemmelli\u011fin merkezi olan \u0130talya'da bulunan FMP, d\u00fcnya \u00e7ap\u0131ndaki i\u015fletmelere g\u00fc\u00e7 katan g\u00fcvenilir, dayan\u0131kl\u0131 ve yenilik\u00e7i \u00fcr\u00fcnler sunmaya kendini adam\u0131\u015f, hidrolik sekt\u00f6r\u00fcnde g\u00fcvenilir bir isim olarak kendini kan\u0131tlam\u0131\u015ft\u0131r.<\/p>\n<p>\u015eirketimiz, en geli\u015fmi\u015f \u00fcretim uygulamalar\u0131n\u0131 ileri g\u00f6r\u00fc\u015fl\u00fc bir yakla\u015f\u0131mla bir araya getiriyor. Hidrolik sistemlerdeki uzun y\u0131llara dayanan deneyiminden yararlanan FMP, ara\u015ft\u0131rma, tasar\u0131m ve \u00fcretimde m\u00fckemmellik g\u00f6steren modern bir kurulu\u015fa d\u00f6n\u00fc\u015fm\u00fc\u015ft\u00fcr. \u00c7ift etkili silindirler, otomotiv kald\u0131rma silindirleri, tar\u0131m makineleri silindirleri ve \u00e7e\u015fitli end\u00fcstriyel uygulamalar i\u00e7in \u00f6zel olarak tasarlanm\u0131\u015f \u00e7\u00f6z\u00fcmler de dahil olmak \u00fczere geni\u015f bir hidrolik silindir yelpazesi sunuyoruz. \u0130ster in\u015faat, ister end\u00fcstriyel tesisler, ister tar\u0131m veya a\u011f\u0131r makineler olsun, hidrolik silindirlerimiz en zorlu ko\u015fullarda bile g\u00fcvenlik, verimlilik ve uzun \u00f6m\u00fcr sa\u011flayacak \u015fekilde tasarlanm\u0131\u015ft\u0131r.<\/p>\n<p>FMP olarak, hassas makineler ve geli\u015fmi\u015f test sistemleriyle donat\u0131lm\u0131\u015f son teknoloji \u00fcretim tesislerimizle gurur duyuyoruz. \u00dcretim s\u00fcre\u00e7lerimiz, s\u0131k\u0131 ulusal ve uluslararas\u0131 standartlara uygun olup, \u00fcretilen her hidrolik silindirin en y\u00fcksek kalite ve g\u00fcvenilirlik standartlar\u0131n\u0131 kar\u015f\u0131lamas\u0131n\u0131 garanti eder. Nitelikli teknik ekibimiz ve son teknoloji ekipmanlar\u0131m\u0131z sayesinde, hammadde se\u00e7iminden son kontrole kadar \u00fcretimin her a\u015famas\u0131nda s\u0131k\u0131 bir kalite kontrol uyguluyoruz. M\u00fckemmelli\u011fe olan bu ba\u011fl\u0131l\u0131\u011f\u0131m\u0131z, bize sekt\u00f6r otoritelerinden sertifikalar ve takdirler kazand\u0131rarak g\u00fcvenilir bir ortak olarak itibar\u0131m\u0131z\u0131 peki\u015ftirmi\u015ftir.<\/p>\n<p><img loading=\"lazy\" decoding=\"async\" class=\"alignnone size-full wp-image-6720\" src=\"https:\/\/fmp-components.com\/wp-content\/uploads\/2025\/03\/hydraulic-cylinder-8.webp\" alt=\"Teleskopik Hidrolik Silindirler\" width=\"933\" height=\"526\" title=\"\" srcset=\"https:\/\/fmp-components.com\/wp-content\/uploads\/2025\/03\/hydraulic-cylinder-8.webp 933w, https:\/\/fmp-components.com\/wp-content\/uploads\/2025\/03\/hydraulic-cylinder-8-480x271.webp 480w\" sizes=\"(min-width: 0px) and (max-width: 480px) 480px, (min-width: 481px) 933px, 100vw\" \/><\/p>\n<p>Misyonumuz hem basit hem de iddial\u0131d\u0131r: M\u00fc\u015fterilerimize performans, dayan\u0131kl\u0131l\u0131k ve de\u011fer a\u00e7\u0131s\u0131ndan beklentileri a\u015fan hidrolik silindirler sunmak. Profesyonellik, d\u00fcr\u00fcstl\u00fck ve m\u00fc\u015fteri odakl\u0131l\u0131k temel ilkelerine ba\u011fl\u0131 kal\u0131yoruz. Yenilik\u00e7ilik ve hassasiyet k\u00fclt\u00fcr\u00fcn\u00fc destekleyerek, rekabet\u00e7i bir pazarda \u00f6ne \u00e7\u0131kmak i\u00e7in \u00fcr\u00fcnlerimizi s\u00fcrekli geli\u015ftiriyoruz. Geni\u015f \u00fcr\u00fcn yelpazemiz ve ki\u015fiye \u00f6zel \u00e7\u00f6z\u00fcmler sunma becerimiz, bizi y\u00fcksek performansl\u0131 hidrolik silindir arayan i\u015fletmeler i\u00e7in tercih edilen se\u00e7enek haline getiriyor.<\/p>\n<p>FMP, yaln\u0131zca bir \u00fcreticiden daha fazlas\u0131d\u0131r; ba\u015far\u0131n\u0131z i\u00e7in kararl\u0131 bir ortakt\u0131r. M\u00fc\u015fterilerimizin, \u00fcretkenli\u011fi ve g\u00fcvenli\u011fi art\u0131ran ara\u00e7lar sa\u011flamam\u0131z i\u00e7in bize g\u00fcvendi\u011finin fark\u0131nday\u0131z. Bu nedenle, yaln\u0131zca birinci s\u0131n\u0131f \u00fcr\u00fcnler sunmakla kalmay\u0131p ayn\u0131 zamanda ola\u011fan\u00fcst\u00fc hizmet de sunmaya kendimizi adad\u0131k. \u0130lk dan\u0131\u015fmanl\u0131ktan sat\u0131\u015f sonras\u0131 deste\u011fe kadar, m\u00fc\u015fterilerimizin ihtiya\u00e7lar\u0131n\u0131n profesyonellik ve \u00f6zenle kar\u015f\u0131lanmas\u0131n\u0131 sa\u011flamak i\u00e7in m\u00fc\u015fterilerimizle yak\u0131n i\u015f birli\u011fi i\u00e7indeyiz. Rekabet\u00e7i fiyatlar\u0131m\u0131z ve kaliteye olan sars\u0131lmaz ba\u011fl\u0131l\u0131\u011f\u0131m\u0131z, FMP'yi g\u00fcvenilir hidrolik \u00e7\u00f6z\u00fcmlere yat\u0131r\u0131m yapmak isteyen \u015firketler i\u00e7in ak\u0131ll\u0131 bir tercih haline getiriyor.<\/p>","protected":false},"excerpt":{"rendered":"<p>Italy Manufacturing Price Customized Stage Mini 3 Ton to 100 Ton Double Acting Telescopic Hydraulic Cylinders for Dump Trucks Our Telescopic Hydraulic Cylinders deliver exceptional functionality and durability even in the most demanding applications. A critical component in a wide range of machinery, these hydraulic cylinders provide the force necessary for moving, lifting, or compressing [&hellip;]<\/p>","protected":false},"featured_media":6761,"comment_status":"closed","ping_status":"closed","template":"","meta":{"_et_pb_use_builder":"","_et_pb_old_content":"","_et_gb_content_width":""},"product_brand":[],"product_cat":[103],"product_tag":[34,105],"class_list":{"0":"post-6651","1":"product","2":"type-product","3":"status-publish","4":"has-post-thumbnail","6":"product_cat-telescopic-hydraulic-cylinders","7":"product_tag-hydraulic-cylinder","8":"product_tag-telescopic-hydraulic-cylinders","10":"first","11":"instock","12":"product-type-simple"},"_links":{"self":[{"href":"https:\/\/fmp-components.com\/tr\/wp-json\/wp\/v2\/product\/6651","targetHints":{"allow":["GET"]}}],"collection":[{"href":"https:\/\/fmp-components.com\/tr\/wp-json\/wp\/v2\/product"}],"about":[{"href":"https:\/\/fmp-components.com\/tr\/wp-json\/wp\/v2\/types\/product"}],"replies":[{"embeddable":true,"href":"https:\/\/fmp-components.com\/tr\/wp-json\/wp\/v2\/comments?post=6651"}],"wp:featuredmedia":[{"embeddable":true,"href":"https:\/\/fmp-components.com\/tr\/wp-json\/wp\/v2\/media\/6761"}],"wp:attachment":[{"href":"https:\/\/fmp-components.com\/tr\/wp-json\/wp\/v2\/media?parent=6651"}],"wp:term":[{"taxonomy":"product_brand","embeddable":true,"href":"https:\/\/fmp-components.com\/tr\/wp-json\/wp\/v2\/product_brand?post=6651"},{"taxonomy":"product_cat","embeddable":true,"href":"https:\/\/fmp-components.com\/tr\/wp-json\/wp\/v2\/product_cat?post=6651"},{"taxonomy":"product_tag","embeddable":true,"href":"https:\/\/fmp-components.com\/tr\/wp-json\/wp\/v2\/product_tag?post=6651"}],"curies":[{"name":"wp","href":"https:\/\/api.w.org\/{rel}","templated":true}]}}