{"id":6650,"date":"2025-03-11T06:36:21","date_gmt":"2025-03-11T06:36:21","guid":{"rendered":"https:\/\/fmp-components.com\/product\/good-quality-telescopic-hydraulic-cylinder-dump-truck-and-trailer-hydraulic-cylinder"},"modified":"2025-03-12T08:21:57","modified_gmt":"2025-03-12T08:21:57","slug":"good-quality-telescopic-hydraulic-cylinder-dump-truck-and-trailer-hydraulic-cylinder","status":"publish","type":"product","link":"https:\/\/fmp-components.com\/tr\/product\/good-quality-telescopic-hydraulic-cylinder-dump-truck-and-trailer-hydraulic-cylinder\/","title":{"rendered":"\u0130yi Kalite Teleskopik Hidrolik Silindir Damperli Kamyon ve R\u00f6mork Hidrolik Silindiri"},"content":{"rendered":"<h2>\u0130yi Kalite Teleskopik Hidrolik Silindir Damperli Kamyon ve R\u00f6mork Hidrolik Silindiri<\/h2>\n<p>Teleskopik Hidrolik Silindir, hem sa\u011flaml\u0131k hem de dayan\u0131kl\u0131l\u0131k sunan vazge\u00e7ilmez bir ekipmand\u0131r. Hidrolik g\u00fcc\u00fc mekanik g\u00fcce d\u00f6n\u00fc\u015ft\u00fcrerek \u00e7e\u015fitli uygulamalarda g\u00fcvenilir kuvvet ve kontrol sa\u011flar.<\/p>\n<h2>Teleskopik Hidrolik Silindirin \u00d6nemi ve Kullan\u0131m Alanlar\u0131<\/h2>\n<p>Teleskopik Hidrolik Silindirler, \u00fcretim tesisleri, makine tamir at\u00f6lyeleri, \u00e7iftlikler ve enerji ve madencilik gibi sekt\u00f6rlerde b\u00fcy\u00fck \u00f6nem ta\u015f\u0131r. A\u011f\u0131r y\u00fckleri kald\u0131rma ve malzemeleri presleme gibi y\u00fcksek kuvvet gerektiren operasyonlarda hayati bir rol oynarlar.<\/p>\n<h2>\u00dcr\u00fcn\u00fcn Teknik Parametreleri<\/h2>\n<p>Teleskopik Hidrolik Silindir, 13 kg a\u011f\u0131rl\u0131\u011fa, 3000 maksimum itme ve 600 maksimum \u00e7ekme g\u00fcc\u00fcne sahiptir. \u00dcr\u00fcn, kalitesini ve performans\u0131n\u0131 garantileyen ISO9001:2000 sertifikal\u0131d\u0131r.<\/p>\n<table style=\"width: 96.0373%;\" border=\"\">\n<tbody>\n<tr>\n<td style=\"width: 42.3729%;\">Delik boyutu<\/td>\n<td style=\"width: 447.458%;\">3,75-4,5 in\u00e7<\/td>\n<\/tr>\n<tr>\n<td style=\"width: 42.3729%;\">Kapasite<\/td>\n<td style=\"width: 447.458%;\">7-12 ton<\/td>\n<\/tr>\n<tr>\n<td style=\"width: 42.3729%;\">Vuru\u015f boyutu<\/td>\n<td style=\"width: 447.458%;\">78-144 in\u00e7<\/td>\n<\/tr>\n<tr>\n<td style=\"width: 42.3729%;\">Pin boyutu<\/td>\n<td style=\"width: 447.458%;\">1.015<\/td>\n<\/tr>\n<tr>\n<td style=\"width: 42.3729%;\">Limanlar<\/td>\n<td style=\"width: 447.458%;\">G\/SAE\/NPT\/M<\/td>\n<\/tr>\n<\/tbody>\n<\/table>\n<h2>Benzersiz \u00d6zellikler ve Avantajlar<\/h2>\n<ul>\n<li style=\"list-style-type: none;\">\n<ul>\n<li><strong>Enerji Verimlili\u011fi:<\/strong> Teleskopik Hidrolik Silindir, enerji t\u00fcketimini en aza indirirken verimlili\u011fi en \u00fcst d\u00fczeye \u00e7\u0131karmak i\u00e7in tasarlanm\u0131\u015ft\u0131r.<\/li>\n<li><strong>Y\u00fcksek Performans:<\/strong> Bu \u00fcr\u00fcn en zorlu ko\u015fullarda bile g\u00fcvenilir ve verimli bir \u00e7al\u0131\u015fma sa\u011flar.<\/li>\n<\/ul>\n<\/li>\n<\/ul>\n<ul>\n<li><strong>Emniyet:<\/strong> Sa\u011flam tasar\u0131m\u0131 sayesinde \u00e7al\u0131\u015fma esnas\u0131nda g\u00fcvenli\u011fi sa\u011flar, olas\u0131 kaza ve ar\u0131zalar\u0131 \u00f6nler.<\/li>\n<\/ul>\n<h3>Hidrolik Sistemler ve \u00c7al\u0131\u015fma Prensibi<\/h3>\n<p>Teleskopik Hidrolik Silindir, hidrolik sistemlerin prensiplerine g\u00f6re \u00e7al\u0131\u015f\u0131r. Hidrolik enerjiyi mekanik enerjiye d\u00f6n\u00fc\u015ft\u00fcrerek, silindir i\u00e7indeki ak\u0131\u015fkan\u0131n hareketiyle kuvvet uygular. Ak\u0131\u015fkan\u0131n bas\u0131nc\u0131, pistona kuvvet uygulayarak hareket etmesini ve i\u015f yapmas\u0131n\u0131 sa\u011flar.<\/p>\n<h2>Teleskopik Hidrolik Silindirin Uygulamas\u0131<\/h2>\n<p>Bu Hidrolik Silindir, \u00fcretim tesisleri, makine tamir at\u00f6lyeleri, \u00e7iftlikler, enerji ve madencilik gibi \u00e7e\u015fitli end\u00fcstrilerde uygulanabilir.<\/p>\n<p><img loading=\"lazy\" decoding=\"async\" class=\"alignnone  wp-image-6657\" src=\"https:\/\/fmp-components.com\/wp-content\/uploads\/2025\/03\/telescopic-hydraulic-cylinder-3.webp\" alt=\"teleskopik hidrolik silindir\" width=\"906\" height=\"906\" title=\"\" srcset=\"https:\/\/fmp-components.com\/wp-content\/uploads\/2025\/03\/telescopic-hydraulic-cylinder-3.webp 906w, https:\/\/fmp-components.com\/wp-content\/uploads\/2025\/03\/telescopic-hydraulic-cylinder-3-480x480.webp 480w\" sizes=\"(min-width: 0px) and (max-width: 480px) 480px, (min-width: 481px) 906px, 100vw\" \/><\/p>\n<h2>Hidrolik Silindirler ve G\u00fc\u00e7 \u00dcniteleri<\/h2>\n<p>Hidrolik Silindir ve G\u00fc\u00e7 \u00dcnitesi, bir hidrolik sistemin vazge\u00e7ilmez bile\u015fenleridir. Sinerjileri, hidrolik teknolojisinin end\u00fcstriyel alanda yayg\u0131n olarak uygulanmas\u0131n\u0131 sa\u011flayarak \u00e7e\u015fitli m\u00fchendislik ve mekanik ekipmanlar i\u00e7in g\u00fcvenilir g\u00fc\u00e7 ve kontrol sa\u011flar. Bir akt\u00fcat\u00f6r olarak Hidrolik Silindir, hidrolik enerjiyi mekanik harekete, bas\u0131nc\u0131 ise kuvvete d\u00f6n\u00fc\u015ft\u00fcrmekten sorumludur. G\u00fc\u00e7 \u00fcnitesi ise hidrolik sistem i\u00e7in gerekli enerji ve kontrol sinyallerini sa\u011flayan \u00e7ekirdektir. Koordineli i\u015f birlikleri, hidrolik sistemin normal \u00e7al\u0131\u015fmas\u0131n\u0131 sa\u011flar. FMP ayr\u0131ca sat\u0131l\u0131k g\u00fc\u00e7 \u00fcniteleri de sunmaktad\u0131r.<\/p>\n<h2>SSS<\/h2>\n<h3>S1: Teleskopik Hidrolik Silindirin garantisi nedir?<\/h3>\n<p>A1: \u00dcr\u00fcn 1 y\u0131l garantilidir.<\/p>\n<h3>S2: Teleskopik Hidrolik Silindirin sa\u011flayabilece\u011fi maksimum itme kuvveti nedir?<\/h3>\n<p>A2: Teleskopik Hidrolik Silindirin sa\u011flayabilece\u011fi maksimum itme kuvveti 3000'dir.<\/p>\n<h3>S3: Teleskopik Hidrolik Silindirler ISO sertifikal\u0131 m\u0131d\u0131r?<\/h3>\n<p>C3: Evet, ISO9001:2000 sertifikal\u0131d\u0131rlar.<\/p>\n<h3>FMP Hakk\u0131nda<\/h3>\n<p>FMP, y\u00fcksek kaliteli hidrolik silindirlerin tasar\u0131m\u0131, geli\u015ftirilmesi ve \u00fcretimindeki uzmanl\u0131\u011f\u0131yla tan\u0131nan \u00f6nde gelen bir \u0130talyan \u00fcreticisidir. Onlarca y\u0131ll\u0131k sekt\u00f6r deneyimimizle, geleneksel \u0130talyan i\u015f\u00e7ili\u011fini en son teknolojiyle kusursuz bir \u015fekilde harmanlayarak, k\u00fcresel m\u00fc\u015fterilerimizin \u00e7e\u015fitli ihtiya\u00e7lar\u0131na \u00f6zel, ola\u011fan\u00fcst\u00fc hidrolik \u00e7\u00f6z\u00fcmler sunuyoruz. M\u00fchendislikte m\u00fckemmelli\u011fin merkezi olan \u0130talya'da bulunan FMP, d\u00fcnya \u00e7ap\u0131ndaki i\u015fletmelere g\u00fc\u00e7 katan g\u00fcvenilir, dayan\u0131kl\u0131 ve yenilik\u00e7i \u00fcr\u00fcnler sunmaya kendini adam\u0131\u015f, hidrolik sekt\u00f6r\u00fcnde g\u00fcvenilir bir isim olarak kendini kan\u0131tlam\u0131\u015ft\u0131r.<\/p>\n<p>\u015eirketimiz, en geli\u015fmi\u015f \u00fcretim uygulamalar\u0131n\u0131 ileri g\u00f6r\u00fc\u015fl\u00fc bir yakla\u015f\u0131mla bir araya getiriyor. Hidrolik sistemlerdeki uzun y\u0131llara dayanan deneyiminden yararlanan FMP, ara\u015ft\u0131rma, tasar\u0131m ve \u00fcretimde m\u00fckemmellik g\u00f6steren modern bir kurulu\u015fa d\u00f6n\u00fc\u015fm\u00fc\u015ft\u00fcr. \u00c7ift etkili silindirler, otomotiv kald\u0131rma silindirleri, tar\u0131m makineleri silindirleri ve \u00e7e\u015fitli end\u00fcstriyel uygulamalar i\u00e7in \u00f6zel olarak tasarlanm\u0131\u015f \u00e7\u00f6z\u00fcmler de dahil olmak \u00fczere geni\u015f bir hidrolik silindir yelpazesi sunuyoruz. \u0130ster in\u015faat, ister end\u00fcstriyel tesisler, ister tar\u0131m veya a\u011f\u0131r makineler olsun, hidrolik silindirlerimiz en zorlu ko\u015fullarda bile g\u00fcvenlik, verimlilik ve uzun \u00f6m\u00fcr sa\u011flayacak \u015fekilde tasarlanm\u0131\u015ft\u0131r.<\/p>\n<p>FMP olarak, hassas makineler ve geli\u015fmi\u015f test sistemleriyle donat\u0131lm\u0131\u015f son teknoloji \u00fcretim tesislerimizle gurur duyuyoruz. \u00dcretim s\u00fcre\u00e7lerimiz, s\u0131k\u0131 ulusal ve uluslararas\u0131 standartlara uygun olup, \u00fcretilen her hidrolik silindirin en y\u00fcksek kalite ve g\u00fcvenilirlik standartlar\u0131n\u0131 kar\u015f\u0131lamas\u0131n\u0131 garanti eder. Nitelikli teknik ekibimiz ve son teknoloji ekipmanlar\u0131m\u0131z sayesinde, hammadde se\u00e7iminden son kontrole kadar \u00fcretimin her a\u015famas\u0131nda s\u0131k\u0131 bir kalite kontrol uyguluyoruz. M\u00fckemmelli\u011fe olan bu ba\u011fl\u0131l\u0131\u011f\u0131m\u0131z, bize sekt\u00f6r otoritelerinden sertifikalar ve takdirler kazand\u0131rarak g\u00fcvenilir bir ortak olarak itibar\u0131m\u0131z\u0131 peki\u015ftirmi\u015ftir.<\/p>\n<p><img loading=\"lazy\" decoding=\"async\" class=\"alignnone size-full wp-image-6720\" src=\"https:\/\/fmp-components.com\/wp-content\/uploads\/2025\/03\/hydraulic-cylinder-8.webp\" alt=\"Teleskopik Hidrolik Silindirler\" width=\"933\" height=\"526\" title=\"\" srcset=\"https:\/\/fmp-components.com\/wp-content\/uploads\/2025\/03\/hydraulic-cylinder-8.webp 933w, https:\/\/fmp-components.com\/wp-content\/uploads\/2025\/03\/hydraulic-cylinder-8-480x271.webp 480w\" sizes=\"(min-width: 0px) and (max-width: 480px) 480px, (min-width: 481px) 933px, 100vw\" \/><\/p>\n<p>Misyonumuz hem basit hem de iddial\u0131d\u0131r: M\u00fc\u015fterilerimize performans, dayan\u0131kl\u0131l\u0131k ve de\u011fer a\u00e7\u0131s\u0131ndan beklentileri a\u015fan hidrolik silindirler sunmak. Profesyonellik, d\u00fcr\u00fcstl\u00fck ve m\u00fc\u015fteri odakl\u0131l\u0131k temel ilkelerine ba\u011fl\u0131 kal\u0131yoruz. Yenilik\u00e7ilik ve hassasiyet k\u00fclt\u00fcr\u00fcn\u00fc destekleyerek, rekabet\u00e7i bir pazarda \u00f6ne \u00e7\u0131kmak i\u00e7in \u00fcr\u00fcnlerimizi s\u00fcrekli geli\u015ftiriyoruz. Geni\u015f \u00fcr\u00fcn yelpazemiz ve ki\u015fiye \u00f6zel \u00e7\u00f6z\u00fcmler sunma becerimiz, bizi y\u00fcksek performansl\u0131 hidrolik silindir arayan i\u015fletmeler i\u00e7in tercih edilen se\u00e7enek haline getiriyor.<\/p>\n<p>FMP, yaln\u0131zca bir \u00fcreticiden daha fazlas\u0131d\u0131r; ba\u015far\u0131n\u0131z i\u00e7in kararl\u0131 bir ortakt\u0131r. M\u00fc\u015fterilerimizin, \u00fcretkenli\u011fi ve g\u00fcvenli\u011fi art\u0131ran ara\u00e7lar sa\u011flamam\u0131z i\u00e7in bize g\u00fcvendi\u011finin fark\u0131nday\u0131z. Bu nedenle, yaln\u0131zca birinci s\u0131n\u0131f \u00fcr\u00fcnler sunmakla kalmay\u0131p ayn\u0131 zamanda ola\u011fan\u00fcst\u00fc hizmet de sunmaya kendimizi adad\u0131k. \u0130lk dan\u0131\u015fmanl\u0131ktan sat\u0131\u015f sonras\u0131 deste\u011fe kadar, m\u00fc\u015fterilerimizin ihtiya\u00e7lar\u0131n\u0131n profesyonellik ve \u00f6zenle kar\u015f\u0131lanmas\u0131n\u0131 sa\u011flamak i\u00e7in m\u00fc\u015fterilerimizle yak\u0131n i\u015f birli\u011fi i\u00e7indeyiz. Rekabet\u00e7i fiyatlar\u0131m\u0131z ve kaliteye olan sars\u0131lmaz ba\u011fl\u0131l\u0131\u011f\u0131m\u0131z, FMP'yi g\u00fcvenilir hidrolik \u00e7\u00f6z\u00fcmlere yat\u0131r\u0131m yapmak isteyen \u015firketler i\u00e7in ak\u0131ll\u0131 bir tercih haline getiriyor.<\/p>","protected":false},"excerpt":{"rendered":"<p>Good Quality Telescopic Hydraulic Cylinder Dump Truck And Trailer Hydraulic Cylinder The Telescopic Hydraulic Cylinder is an essential piece of equipment, offering both strength and durability. Its role is to transform hydraulic power into mechanical power, providing reliable force and control in various applications. Importance and Uses of Telescopic Hydraulic Cylinder Telescopic Hydraulic Cylinders are [&hellip;]<\/p>","protected":false},"featured_media":6760,"comment_status":"closed","ping_status":"closed","template":"","meta":{"_et_pb_use_builder":"","_et_pb_old_content":"","_et_gb_content_width":""},"product_brand":[],"product_cat":[103],"product_tag":[34,105],"class_list":{"0":"post-6650","1":"product","2":"type-product","3":"status-publish","4":"has-post-thumbnail","6":"product_cat-telescopic-hydraulic-cylinders","7":"product_tag-hydraulic-cylinder","8":"product_tag-telescopic-hydraulic-cylinders","10":"first","11":"instock","12":"product-type-simple"},"_links":{"self":[{"href":"https:\/\/fmp-components.com\/tr\/wp-json\/wp\/v2\/product\/6650","targetHints":{"allow":["GET"]}}],"collection":[{"href":"https:\/\/fmp-components.com\/tr\/wp-json\/wp\/v2\/product"}],"about":[{"href":"https:\/\/fmp-components.com\/tr\/wp-json\/wp\/v2\/types\/product"}],"replies":[{"embeddable":true,"href":"https:\/\/fmp-components.com\/tr\/wp-json\/wp\/v2\/comments?post=6650"}],"wp:featuredmedia":[{"embeddable":true,"href":"https:\/\/fmp-components.com\/tr\/wp-json\/wp\/v2\/media\/6760"}],"wp:attachment":[{"href":"https:\/\/fmp-components.com\/tr\/wp-json\/wp\/v2\/media?parent=6650"}],"wp:term":[{"taxonomy":"product_brand","embeddable":true,"href":"https:\/\/fmp-components.com\/tr\/wp-json\/wp\/v2\/product_brand?post=6650"},{"taxonomy":"product_cat","embeddable":true,"href":"https:\/\/fmp-components.com\/tr\/wp-json\/wp\/v2\/product_cat?post=6650"},{"taxonomy":"product_tag","embeddable":true,"href":"https:\/\/fmp-components.com\/tr\/wp-json\/wp\/v2\/product_tag?post=6650"}],"curies":[{"name":"wp","href":"https:\/\/api.w.org\/{rel}","templated":true}]}}