{"id":6648,"date":"2025-03-11T06:36:21","date_gmt":"2025-03-11T06:36:21","guid":{"rendered":"https:\/\/fmp-components.com\/product\/20-ton-hydraulic-cylinder-double-acting-telescopic-hydraulic-cylinder"},"modified":"2025-03-18T01:55:17","modified_gmt":"2025-03-18T01:55:17","slug":"20-ton-hydraulic-cylinder-double-acting-telescopic-hydraulic-cylinder","status":"publish","type":"product","link":"https:\/\/fmp-components.com\/tr\/product\/20-ton-hydraulic-cylinder-double-acting-telescopic-hydraulic-cylinder\/","title":{"rendered":"20 Ton Hidrolik Silindir \u00c7ift Etkili Teleskopik Hidrolik Silindir"},"content":{"rendered":"<h2>20 Ton Hidrolik Silindir \u00c7ift Etkili Teleskopik Hidrolik Silindir<\/h2>\n<p>Bu 20 Tonluk hidrolik silindir, 1 y\u0131l garantili, \u00e7ift etkili teleskopik bir hidrolik silindirdir. Makine tamir at\u00f6lyeleri, \u00e7iftlikler, enerji ve madencilik, makine imalat\u0131 ve makine fabrikalar\u0131 dahil olmak \u00fczere \u00e7e\u015fitli sekt\u00f6rlerde kullan\u0131ma uygundur.<\/p>\n<h3>\u00dcr\u00fcn \u00d6zellikleri<\/h3>\n<p>Hidrolik silindir 120 kg a\u011f\u0131rl\u0131\u011f\u0131ndad\u0131r ve maksimum 3000 itme kapasitesine sahiptir. G\/SAE\/NPT\/M portlu \u00e7ok kademeli bir hidrolik silindir olup, maksimum 20 ton y\u00fck \u00e7ekebilir. Silindir ISO9001:2000 sertifikal\u0131d\u0131r ve standart olarak siyah renktedir.<\/p>\n<h3>Ayr\u0131nt\u0131l\u0131 Parametreler<\/h3>\n<table style=\"width: 93.7263%; height: 127px;\" border=\"\">\n<tbody>\n<tr>\n<th>Delik Boyutu<\/th>\n<td>2-6 in\u00e7<\/td>\n<\/tr>\n<tr>\n<th>\u00c7ubuk Boyutu<\/th>\n<td>1.125-4 in\u00e7<\/td>\n<\/tr>\n<tr>\n<th>Vuru\u015f Boyutu<\/th>\n<td>4-100 in\u00e7<\/td>\n<\/tr>\n<tr>\n<th>Pin Boyutu<\/th>\n<td>0,5-2 in\u00e7<\/td>\n<\/tr>\n<tr>\n<th>Limanlar<\/th>\n<td>G\/SAE\/NPT\/M<\/td>\n<\/tr>\n<\/tbody>\n<\/table>\n<h2>Benzersiz \u00d6zellikler ve Avantajlar<\/h2>\n<ul>\n<li>Enerji verimlili\u011fi<\/li>\n<li>Son derece verimli<\/li>\n<li>Kullan\u0131m\u0131 g\u00fcvenlidir<\/li>\n<\/ul>\n<h2>Hidrolik Sistem ve \u00c7al\u0131\u015fma Prensibi<\/h2>\n<p>Hidrolik silindir, hidrolik enerjiyi mekanik harekete d\u00f6n\u00fc\u015ft\u00fcrme temel prensibine g\u00f6re \u00e7al\u0131\u015f\u0131r. Bu d\u00f6n\u00fc\u015f\u00fcm, hidrolik s\u0131v\u0131n\u0131n silindir i\u00e7inde bas\u0131n\u00e7land\u0131r\u0131lmas\u0131yla ba\u015flar. S\u0131v\u0131ya bas\u0131n\u00e7 uyguland\u0131\u011f\u0131nda, silindir i\u00e7indeki bir pistona kuvvet uygulayarak pistonun hareket etmesine neden olur. Bu hareket, \u00e7ok \u00e7e\u015fitli mekanik g\u00f6revleri ger\u00e7ekle\u015ftirmek i\u00e7in kullan\u0131labilen do\u011frusal bir hareket yarat\u0131r. Bu i\u015flemin verimlili\u011fi, hidrolik sistemlerin nispeten k\u00fc\u00e7\u00fck girdilerden \u00f6nemli bir g\u00fc\u00e7 \u00e7\u0131k\u0131\u015f\u0131 sa\u011flamas\u0131n\u0131 m\u00fcmk\u00fcn k\u0131larak, kompakt bir yap\u0131da y\u00fcksek kuvvet gerektiren uygulamalar i\u00e7in ideal hale getirir.<\/p>\n<p><img loading=\"lazy\" decoding=\"async\" class=\"alignnone wp-image-6656\" src=\"https:\/\/fmp-components.com\/wp-content\/uploads\/2025\/03\/telescopic-hydraulic-cylinder-5.webp\" alt=\"teleskopik hidrolik silindir\" width=\"917\" height=\"917\" title=\"\" srcset=\"https:\/\/fmp-components.com\/wp-content\/uploads\/2025\/03\/telescopic-hydraulic-cylinder-5.webp 917w, https:\/\/fmp-components.com\/wp-content\/uploads\/2025\/03\/telescopic-hydraulic-cylinder-5-480x480.webp 480w\" sizes=\"(min-width: 0px) and (max-width: 480px) 480px, (min-width: 481px) 917px, 100vw\" \/><\/p>\n<p>Hidrolik silindirlerin karma\u015f\u0131k tasar\u0131m\u0131, farkl\u0131 ko\u015fullarda etkili bir \u015fekilde \u00e7al\u0131\u015fmalar\u0131n\u0131 sa\u011flar. S\u0131k\u0131\u015ft\u0131r\u0131lamaz hidrolik s\u0131v\u0131 kullanan bu sistemler, minimum enerji kayb\u0131yla uzun mesafelere kuvvet iletebilir. Ayr\u0131ca, hidrolik s\u0131v\u0131n\u0131n ak\u0131\u015f\u0131n\u0131 ve bas\u0131nc\u0131n\u0131 kontrol edebilme \u00f6zelli\u011fi, pistonun h\u0131z\u0131 ve konumu \u00fczerinde hassas kontrol sa\u011flayarak hidrolik sistemlerin \u00e7ok y\u00f6nl\u00fcl\u00fc\u011f\u00fcn\u00fc ve tepki kabiliyetini art\u0131r\u0131r.<\/p>\n<h2>Uygulama Senaryolar\u0131<\/h2>\n<p>Hidrolik silindirler, \u00e7ok \u00e7e\u015fitli uygulamalarda \u00e7ok y\u00f6nl\u00fcl\u00fcklerini ve etkinliklerini sergileyerek \u00e7ok say\u0131da end\u00fcstrinin ayr\u0131lmaz bir par\u00e7as\u0131d\u0131r, bunlar aras\u0131nda \u015funlar yer al\u0131r:<\/p>\n<ul>\n<li><strong>Makine \u0130malat\u0131 ve Bak\u0131m\u0131:<\/strong> \u00dcretim ortamlar\u0131nda hidrolik silindirler, a\u011f\u0131r bile\u015fenleri kald\u0131rma, malzemeleri presleme ve otomatik makineleri \u00e7al\u0131\u015ft\u0131rma gibi g\u00f6revlerde kullan\u0131l\u0131r. Montaj hatlar\u0131nda ve bak\u0131m operasyonlar\u0131nda hayati bir rol oynarlar ve sorunsuz \u00e7al\u0131\u015fma i\u00e7in gerekli kuvveti ve hassasiyeti sa\u011flarlar.<\/li>\n<li><strong>\u00c7ift\u00e7ilik:<\/strong> Tar\u0131mda, trakt\u00f6rler ve bi\u00e7erd\u00f6verler de dahil olmak \u00fczere \u00e7e\u015fitli ekipmanlarda hidrolik silindirler kullan\u0131l\u0131r. Ekipmanlar\u0131n kald\u0131r\u0131l\u0131p indirilmesi, pulluklar\u0131n e\u011filmesi ve ata\u015fmanlar\u0131n \u00e7al\u0131\u015ft\u0131r\u0131lmas\u0131 gibi g\u00f6revlerde yard\u0131mc\u0131 olarak, tar\u0131m faaliyetlerinde \u00fcretkenli\u011fi ve verimlili\u011fi art\u0131r\u0131rlar.<\/li>\n<li><strong>Enerji ve Madencilik:<\/strong> Hidrolik sistemler, delme, kazma ve a\u011f\u0131r y\u00fckleri kald\u0131rma gibi ama\u00e7larla enerji ve madencilik sekt\u00f6rlerinde kritik \u00f6neme sahiptir. A\u015f\u0131r\u0131 ko\u015fullarda \u00e7al\u0131\u015fabilme ve y\u00fcksek kuvvet \u00e7\u0131k\u0131\u015f\u0131 sa\u011flayabilme kabiliyetleri, onlar\u0131 bu zorlu ortamlarda vazge\u00e7ilmez k\u0131lar.<\/li>\n<li><strong>Yap\u0131:<\/strong> Hidrolik silindirler, ekskavat\u00f6rler, buldozerler ve vin\u00e7ler gibi in\u015faat makinelerinde yayg\u0131n olarak bulunur. G\u00fc\u00e7l\u00fc kald\u0131rma ve kazma kabiliyetleri sa\u011flayarak \u00e7e\u015fitli in\u015faat g\u00f6revlerini hassasiyet ve kolayl\u0131kla kolayla\u015ft\u0131r\u0131rlar.<\/li>\n<li><strong>Toplu ta\u015f\u0131ma:<\/strong> Ta\u015f\u0131mac\u0131l\u0131k sekt\u00f6r\u00fcnde hidrolik silindirler, ara\u00e7larda bagaj kapa\u011f\u0131n\u0131 kald\u0131rmak, hidrolik frenleri \u00e7al\u0131\u015ft\u0131rmak, s\u00fcspansiyon sistemlerini kontrol etmek gibi \u00e7e\u015fitli i\u015flevler i\u00e7in kullan\u0131l\u0131r ve g\u00fcvenli\u011fe ve performansa katk\u0131da bulunur.<\/li>\n<\/ul>\n<p>Hidrolik silindirlerin bu end\u00fcstrilerdeki geni\u015f uygulamas\u0131, modern m\u00fchendislik ve makinelerdeki temel rol\u00fcn\u00fc vurgulayarak, \u00e7ok say\u0131da ortamda verimlili\u011fi ve \u00fcretkenli\u011fi art\u0131r\u0131yor.<\/p>\n<h2>Hidrolik Silindirler ve G\u00fc\u00e7 \u00dcniteleri<\/h2>\n<p>Hidrolik silindir ve g\u00fc\u00e7 \u00fcnitesi, hidrolik sistemin ayr\u0131lmaz par\u00e7alar\u0131d\u0131r. Birlikte \u00e7al\u0131\u015fmalar\u0131, hidrolik teknolojisinin end\u00fcstriyel sekt\u00f6rde yayg\u0131n olarak kullan\u0131lmas\u0131n\u0131 sa\u011flayarak \u00e7e\u015fitli m\u00fchendislik ve mekanik ekipmanlara g\u00fcvenilir g\u00fc\u00e7 ve kontrol deste\u011fi sa\u011flar. Akt\u00fcat\u00f6r olarak hidrolik silindir, hidrolik enerjiyi mekanik harekete, bas\u0131nc\u0131 da kuvvete d\u00f6n\u00fc\u015ft\u00fcrmekten sorumludur. G\u00fc\u00e7 \u00fcnitesi, hidrolik sistemin ihtiya\u00e7 duydu\u011fu enerji ve kontrol sinyallerini sa\u011flayan \u00e7ekirdektir. Bu ikisinin koordineli \u00e7al\u0131\u015fmas\u0131, hidrolik sistemin normal \u015fekilde \u00e7al\u0131\u015fmas\u0131n\u0131 sa\u011flar. FMP ayr\u0131ca sat\u0131l\u0131k g\u00fc\u00e7 \u00fcniteleri de sunmaktad\u0131r.<\/p>\n<h2>SSS<\/h2>\n<p>S: Siz bir ticaret \u015firketi misiniz yoksa \u00fcretici misiniz?<br \/>\nA: Biz \u00fcreticiyiz.<\/p>\n<p>S: Teslimat s\u00fcresi nedir?<br \/>\nA: Genellikle 25-35 g\u00fcnd\u00fcr.<\/p>\n<p>S: Numune sa\u011fl\u0131yor musunuz? \u00dccretsiz mi yoksa ekstra m\u0131?<br \/>\nC: Evet, numune sunabiliriz ancak \u00fccretsiz de\u011fil.<\/p>\n<h3>FMP Hakk\u0131nda<\/h3>\n<p>FMP, y\u00fcksek kaliteli hidrolik silindirlerin tasar\u0131m\u0131, geli\u015ftirilmesi ve \u00fcretimindeki uzmanl\u0131\u011f\u0131yla tan\u0131nan \u00f6nde gelen bir \u0130talyan \u00fcreticisidir. Onlarca y\u0131ll\u0131k sekt\u00f6r deneyimimizle, geleneksel \u0130talyan i\u015f\u00e7ili\u011fini en son teknolojiyle kusursuz bir \u015fekilde harmanlayarak, k\u00fcresel m\u00fc\u015fterilerimizin \u00e7e\u015fitli ihtiya\u00e7lar\u0131na \u00f6zel, ola\u011fan\u00fcst\u00fc hidrolik \u00e7\u00f6z\u00fcmler sunuyoruz. M\u00fchendislikte m\u00fckemmelli\u011fin merkezi olan \u0130talya'da bulunan FMP, d\u00fcnya \u00e7ap\u0131ndaki i\u015fletmelere g\u00fc\u00e7 katan g\u00fcvenilir, dayan\u0131kl\u0131 ve yenilik\u00e7i \u00fcr\u00fcnler sunmaya kendini adam\u0131\u015f, hidrolik sekt\u00f6r\u00fcnde g\u00fcvenilir bir isim olarak kendini kan\u0131tlam\u0131\u015ft\u0131r.<\/p>\n<p>\u015eirketimiz, en geli\u015fmi\u015f \u00fcretim uygulamalar\u0131n\u0131 ileri g\u00f6r\u00fc\u015fl\u00fc bir yakla\u015f\u0131mla bir araya getiriyor. Hidrolik sistemlerdeki uzun y\u0131llara dayanan deneyiminden yararlanan FMP, ara\u015ft\u0131rma, tasar\u0131m ve \u00fcretimde m\u00fckemmellik g\u00f6steren modern bir kurulu\u015fa d\u00f6n\u00fc\u015fm\u00fc\u015ft\u00fcr. \u00c7ift etkili silindirler, otomotiv kald\u0131rma silindirleri, tar\u0131m makineleri silindirleri ve \u00e7e\u015fitli end\u00fcstriyel uygulamalar i\u00e7in \u00f6zel olarak tasarlanm\u0131\u015f \u00e7\u00f6z\u00fcmler de dahil olmak \u00fczere geni\u015f bir hidrolik silindir yelpazesi sunuyoruz. \u0130ster in\u015faat, ister end\u00fcstriyel tesisler, ister tar\u0131m veya a\u011f\u0131r makineler olsun, hidrolik silindirlerimiz en zorlu ko\u015fullarda bile g\u00fcvenlik, verimlilik ve uzun \u00f6m\u00fcr sa\u011flayacak \u015fekilde tasarlanm\u0131\u015ft\u0131r.<\/p>\n<p>FMP olarak, hassas makineler ve geli\u015fmi\u015f test sistemleriyle donat\u0131lm\u0131\u015f son teknoloji \u00fcretim tesislerimizle gurur duyuyoruz. \u00dcretim s\u00fcre\u00e7lerimiz, s\u0131k\u0131 ulusal ve uluslararas\u0131 standartlara uygun olup, \u00fcretilen her hidrolik silindirin en y\u00fcksek kalite ve g\u00fcvenilirlik standartlar\u0131n\u0131 kar\u015f\u0131lamas\u0131n\u0131 garanti eder. Nitelikli teknik ekibimiz ve son teknoloji ekipmanlar\u0131m\u0131z sayesinde, hammadde se\u00e7iminden son kontrole kadar \u00fcretimin her a\u015famas\u0131nda s\u0131k\u0131 bir kalite kontrol uyguluyoruz. M\u00fckemmelli\u011fe olan bu ba\u011fl\u0131l\u0131\u011f\u0131m\u0131z, bize sekt\u00f6r otoritelerinden sertifikalar ve takdirler kazand\u0131rarak g\u00fcvenilir bir ortak olarak itibar\u0131m\u0131z\u0131 peki\u015ftirmi\u015ftir.<\/p>\n<p><img loading=\"lazy\" decoding=\"async\" class=\"alignnone size-full wp-image-6720\" src=\"https:\/\/fmp-components.com\/wp-content\/uploads\/2025\/03\/hydraulic-cylinder-8.webp\" alt=\"Teleskopik Hidrolik Silindirler\" width=\"933\" height=\"526\" title=\"\" srcset=\"https:\/\/fmp-components.com\/wp-content\/uploads\/2025\/03\/hydraulic-cylinder-8.webp 933w, https:\/\/fmp-components.com\/wp-content\/uploads\/2025\/03\/hydraulic-cylinder-8-480x271.webp 480w\" sizes=\"(min-width: 0px) and (max-width: 480px) 480px, (min-width: 481px) 933px, 100vw\" \/><\/p>\n<p>Misyonumuz hem basit hem de iddial\u0131d\u0131r: M\u00fc\u015fterilerimize performans, dayan\u0131kl\u0131l\u0131k ve de\u011fer a\u00e7\u0131s\u0131ndan beklentileri a\u015fan hidrolik silindirler sunmak. Profesyonellik, d\u00fcr\u00fcstl\u00fck ve m\u00fc\u015fteri odakl\u0131l\u0131k temel ilkelerine ba\u011fl\u0131 kal\u0131yoruz. Yenilik\u00e7ilik ve hassasiyet k\u00fclt\u00fcr\u00fcn\u00fc destekleyerek, rekabet\u00e7i bir pazarda \u00f6ne \u00e7\u0131kmak i\u00e7in \u00fcr\u00fcnlerimizi s\u00fcrekli geli\u015ftiriyoruz. Geni\u015f \u00fcr\u00fcn yelpazemiz ve ki\u015fiye \u00f6zel \u00e7\u00f6z\u00fcmler sunma becerimiz, bizi y\u00fcksek performansl\u0131 hidrolik silindir arayan i\u015fletmeler i\u00e7in tercih edilen se\u00e7enek haline getiriyor.<\/p>\n<p>FMP, yaln\u0131zca bir \u00fcreticiden daha fazlas\u0131d\u0131r; ba\u015far\u0131n\u0131z i\u00e7in kararl\u0131 bir ortakt\u0131r. M\u00fc\u015fterilerimizin, \u00fcretkenli\u011fi ve g\u00fcvenli\u011fi art\u0131ran ara\u00e7lar sa\u011flamam\u0131z i\u00e7in bize g\u00fcvendi\u011finin fark\u0131nday\u0131z. Bu nedenle, yaln\u0131zca birinci s\u0131n\u0131f \u00fcr\u00fcnler sunmakla kalmay\u0131p ayn\u0131 zamanda ola\u011fan\u00fcst\u00fc hizmet de sunmaya kendimizi adad\u0131k. \u0130lk dan\u0131\u015fmanl\u0131ktan sat\u0131\u015f sonras\u0131 deste\u011fe kadar, m\u00fc\u015fterilerimizin ihtiya\u00e7lar\u0131n\u0131n profesyonellik ve \u00f6zenle kar\u015f\u0131lanmas\u0131n\u0131 sa\u011flamak i\u00e7in m\u00fc\u015fterilerimizle yak\u0131n i\u015f birli\u011fi i\u00e7indeyiz. Rekabet\u00e7i fiyatlar\u0131m\u0131z ve kaliteye olan sars\u0131lmaz ba\u011fl\u0131l\u0131\u011f\u0131m\u0131z, FMP'yi g\u00fcvenilir hidrolik \u00e7\u00f6z\u00fcmlere yat\u0131r\u0131m yapmak isteyen \u015firketler i\u00e7in ak\u0131ll\u0131 bir tercih haline getiriyor.<\/p>","protected":false},"excerpt":{"rendered":"<p>20 Ton Hydraulic Cylinder Double Acting Telescopic Hydraulic Cylinder This 20 Ton hydraulic cylinder is a double acting telescopic hydraulic cylinder that is new with a 1-year warranty. It is suitable for use in various industries including machinery repair shops, farms, energy and mining, machinery manufacturing, and machinery factories. Product Specifications The hydraulic cylinder weighs [&hellip;]<\/p>","protected":false},"featured_media":6758,"comment_status":"closed","ping_status":"closed","template":"","meta":{"_et_pb_use_builder":"","_et_pb_old_content":"","_et_gb_content_width":""},"product_brand":[],"product_cat":[103],"product_tag":[34,105],"class_list":{"0":"post-6648","1":"product","2":"type-product","3":"status-publish","4":"has-post-thumbnail","6":"product_cat-telescopic-hydraulic-cylinders","7":"product_tag-hydraulic-cylinder","8":"product_tag-telescopic-hydraulic-cylinders","10":"first","11":"instock","12":"product-type-simple"},"_links":{"self":[{"href":"https:\/\/fmp-components.com\/tr\/wp-json\/wp\/v2\/product\/6648","targetHints":{"allow":["GET"]}}],"collection":[{"href":"https:\/\/fmp-components.com\/tr\/wp-json\/wp\/v2\/product"}],"about":[{"href":"https:\/\/fmp-components.com\/tr\/wp-json\/wp\/v2\/types\/product"}],"replies":[{"embeddable":true,"href":"https:\/\/fmp-components.com\/tr\/wp-json\/wp\/v2\/comments?post=6648"}],"wp:featuredmedia":[{"embeddable":true,"href":"https:\/\/fmp-components.com\/tr\/wp-json\/wp\/v2\/media\/6758"}],"wp:attachment":[{"href":"https:\/\/fmp-components.com\/tr\/wp-json\/wp\/v2\/media?parent=6648"}],"wp:term":[{"taxonomy":"product_brand","embeddable":true,"href":"https:\/\/fmp-components.com\/tr\/wp-json\/wp\/v2\/product_brand?post=6648"},{"taxonomy":"product_cat","embeddable":true,"href":"https:\/\/fmp-components.com\/tr\/wp-json\/wp\/v2\/product_cat?post=6648"},{"taxonomy":"product_tag","embeddable":true,"href":"https:\/\/fmp-components.com\/tr\/wp-json\/wp\/v2\/product_tag?post=6648"}],"curies":[{"name":"wp","href":"https:\/\/api.w.org\/{rel}","templated":true}]}}