{"id":6647,"date":"2025-03-11T06:36:21","date_gmt":"2025-03-11T06:36:21","guid":{"rendered":"https:\/\/fmp-components.com\/product\/multi-stage-dump-truck-hydraulic-hoist-cylinder"},"modified":"2025-03-12T07:00:10","modified_gmt":"2025-03-12T07:00:10","slug":"multi-stage-dump-truck-hydraulic-hoist-cylinder","status":"publish","type":"product","link":"https:\/\/fmp-components.com\/tr\/product\/multi-stage-dump-truck-hydraulic-hoist-cylinder\/","title":{"rendered":"\u00c7ok Kademeli Damperli Kamyon Hidrolik Kald\u0131rma Silindiri"},"content":{"rendered":"<h2>\u00c7ok Kademeli Damperli Kamyon Hidrolik Kald\u0131rma Silindiri<\/h2>\n<p>Yepyeni \u00fcr\u00fcn\u00fcm\u00fcz \u00c7ok Kademeli Damperli Kamyon Hidrolik Kald\u0131rma Silindirini tan\u0131t\u0131yoruz. A\u011f\u0131r makineler i\u00e7in hayati bir bile\u015fen olan bu hidrolik silindir, makine tamir at\u00f6lyeleri, \u00e7iftlikler, enerji ve madencilik sekt\u00f6rleri ile makine imalat\u0131 ve fabrikalar\u0131 i\u00e7in m\u00fckemmeldir.<\/p>\n<h3>\u00dcr\u00fcn \u00d6zellikleri ve Teknik \u00d6zellikleri<\/h3>\n<p>Bu \u00fcst\u00fcn kaliteli hidrolik kald\u0131rma silindiri 1 y\u0131l garantilidir ve 120 kg a\u011f\u0131rl\u0131\u011f\u0131ndad\u0131r. Rulmanlar ve hidrolik silindirin kendisi de dahil olmak \u00fczere temel bile\u015fenler de 1 y\u0131l garantilidir. Sa\u011flam \u00e7elikten yap\u0131lm\u0131\u015f g\u00f6vdeye sahip standart bir pistonlu silindirdir. Maksimum itme ve \u00e7ekme kuvvetleri s\u0131ras\u0131yla 3000 ve 20 tondur. \u0130\u00e7 \u00e7ap\u0131 2-6 in\u00e7, piston \u00e7ap\u0131 ise 1,125-4 in\u00e7 aras\u0131ndad\u0131r. Strok uzunlu\u011fu 4-100 in\u00e7, pim \u00e7ap\u0131 ise 0,5-2 in\u00e7 aras\u0131ndad\u0131r. Hidrolik kald\u0131rma silindiri siyah renktedir.<\/p>\n<h3>Teknik \u00d6zellikler<\/h3>\n<table style=\"width: 95.5642%;\" border=\"\">\n<tbody>\n<tr>\n<td style=\"width: 43.5028%;\"><b>Delik Boyutu<\/b><\/td>\n<td style=\"width: 461.582%;\">2-6 in\u00e7<\/td>\n<\/tr>\n<tr>\n<td style=\"width: 43.5028%;\"><b>\u00c7ubuk Boyutu<\/b><\/td>\n<td style=\"width: 461.582%;\">1.125-4 in\u00e7<\/td>\n<\/tr>\n<tr>\n<td style=\"width: 43.5028%;\"><b>Vuru\u015f Boyutu<\/b><\/td>\n<td style=\"width: 461.582%;\">4-100 in\u00e7<\/td>\n<\/tr>\n<tr>\n<td style=\"width: 43.5028%;\"><b>Pin Boyutu<\/b><\/td>\n<td style=\"width: 461.582%;\">0,5-2 in\u00e7<\/td>\n<\/tr>\n<tr>\n<td style=\"width: 43.5028%;\"><b>Limanlar<\/b><\/td>\n<td style=\"width: 461.582%;\">G\/SAE\/NPT\/M<\/td>\n<\/tr>\n<\/tbody>\n<\/table>\n<h2>\u00dcr\u00fcn Faydalar\u0131<\/h2>\n<p>\u00c7ok kademeli damperli kamyon hidrolik kald\u0131rma silindiri, enerji verimli, son derece etkili ve inan\u0131lmaz derecede g\u00fcvenli olup, sekt\u00f6r\u00fcn\u00fcz\u00fcn ihtiya\u00e7lar\u0131 i\u00e7in ideal bir se\u00e7imdir.<\/p>\n<h3>Hidrolik Sistem ve \u00c7al\u0131\u015fma Prensipleri<\/h3>\n<p>Hidrolik kald\u0131rma silindiri, hidrolik sistemin temel bir par\u00e7as\u0131d\u0131r. Hidrolik enerjiyi mekanik harekete d\u00f6n\u00fc\u015ft\u00fcrerek bas\u0131nc\u0131 kuvvete \u00e7evirir. Hidrolik g\u00fc\u00e7 \u00fcnitesi, hidrolik sistem i\u00e7in gerekli enerjiyi ve kontrol sinyallerini sa\u011flayarak sorunsuz \u00e7al\u0131\u015fmas\u0131n\u0131 garanti eder.<\/p>\n<p><img loading=\"lazy\" decoding=\"async\" class=\"alignnone  wp-image-6657\" src=\"https:\/\/fmp-components.com\/wp-content\/uploads\/2025\/03\/telescopic-hydraulic-cylinder-3.webp\" alt=\"teleskopik hidrolik silindir\" width=\"952\" height=\"952\" title=\"\" srcset=\"https:\/\/fmp-components.com\/wp-content\/uploads\/2025\/03\/telescopic-hydraulic-cylinder-3.webp 952w, https:\/\/fmp-components.com\/wp-content\/uploads\/2025\/03\/telescopic-hydraulic-cylinder-3-480x480.webp 480w\" sizes=\"(min-width: 0px) and (max-width: 480px) 480px, (min-width: 481px) 952px, 100vw\" \/><\/p>\n<h2>\u00dcr\u00fcn Uygulamas\u0131<\/h2>\n<p>Bu hidrolik kald\u0131rma silindiri, makine tamir at\u00f6lyelerinde, \u00e7iftliklerde, enerji ve madencilik sekt\u00f6rlerinde, makine imalat\u0131 ve fabrikalar\u0131nda kullan\u0131m i\u00e7in idealdir. A\u011f\u0131r y\u00fckleri kald\u0131racak ve zorlu ko\u015fullar alt\u0131nda \u00e7al\u0131\u015facak \u015fekilde tasarlanm\u0131\u015ft\u0131r.<\/p>\n<h2>Hidrolik Silindirler ve G\u00fc\u00e7 \u00dcniteleri<\/h2>\n<p>Hidrolik silindirler ve g\u00fc\u00e7 \u00fcniteleri, hidrolik sistemin ayr\u0131lmaz bile\u015fenleridir. Bunlar\u0131n birlikte \u00e7al\u0131\u015fmas\u0131, hidrolik teknolojisinin end\u00fcstriyel alanda geni\u015f bir uygulama alan\u0131na sahip olmas\u0131n\u0131 sa\u011flayarak \u00e7e\u015fitli m\u00fchendislik ve mekanik ekipmanlar i\u00e7in g\u00fcvenilir g\u00fc\u00e7 ve kontrol deste\u011fi sunar. FMP olarak biz de g\u00fc\u00e7 \u00fcniteleri sat\u0131\u015f\u0131 yapmaktay\u0131z.<\/p>\n<h2>SSS<\/h2>\n<p><b>S: Siz bir ticaret \u015firketi misiniz yoksa \u00fcretici misiniz?<\/b><br \/>\nA: Biz bir fabrikay\u0131z.<\/p>\n<p><b>S: Teslimat s\u00fcreniz ne kadard\u0131r?<\/b><br \/>\nA: Genellikle 25-35 g\u00fcnd\u00fcr.<\/p>\n<p><b>S: Numune sa\u011fl\u0131yor musunuz? \u00dccretsiz mi yoksa ekstra m\u0131?<\/b><br \/>\nC: Evet, numune sunabiliriz ancak \u00fccretsiz de\u011fil.<\/p>\n<h3>FMP Hakk\u0131nda<\/h3>\n<p>FMP, y\u00fcksek kaliteli hidrolik silindirlerin tasar\u0131m\u0131, geli\u015ftirilmesi ve \u00fcretimindeki uzmanl\u0131\u011f\u0131yla tan\u0131nan \u00f6nde gelen bir \u0130talyan \u00fcreticisidir. Onlarca y\u0131ll\u0131k sekt\u00f6r deneyimimizle, geleneksel \u0130talyan i\u015f\u00e7ili\u011fini en son teknolojiyle kusursuz bir \u015fekilde harmanlayarak, k\u00fcresel m\u00fc\u015fterilerimizin \u00e7e\u015fitli ihtiya\u00e7lar\u0131na \u00f6zel, ola\u011fan\u00fcst\u00fc hidrolik \u00e7\u00f6z\u00fcmler sunuyoruz. M\u00fchendislikte m\u00fckemmelli\u011fin merkezi olan \u0130talya'da bulunan FMP, d\u00fcnya \u00e7ap\u0131ndaki i\u015fletmelere g\u00fc\u00e7 katan g\u00fcvenilir, dayan\u0131kl\u0131 ve yenilik\u00e7i \u00fcr\u00fcnler sunmaya kendini adam\u0131\u015f, hidrolik sekt\u00f6r\u00fcnde g\u00fcvenilir bir isim olarak kendini kan\u0131tlam\u0131\u015ft\u0131r.<\/p>\n<p>\u015eirketimiz, en geli\u015fmi\u015f \u00fcretim uygulamalar\u0131n\u0131 ileri g\u00f6r\u00fc\u015fl\u00fc bir yakla\u015f\u0131mla bir araya getiriyor. Hidrolik sistemlerdeki uzun y\u0131llara dayanan deneyiminden yararlanan FMP, ara\u015ft\u0131rma, tasar\u0131m ve \u00fcretimde m\u00fckemmellik g\u00f6steren modern bir kurulu\u015fa d\u00f6n\u00fc\u015fm\u00fc\u015ft\u00fcr. \u00c7ift etkili silindirler, otomotiv kald\u0131rma silindirleri, tar\u0131m makineleri silindirleri ve \u00e7e\u015fitli end\u00fcstriyel uygulamalar i\u00e7in \u00f6zel olarak tasarlanm\u0131\u015f \u00e7\u00f6z\u00fcmler de dahil olmak \u00fczere geni\u015f bir hidrolik silindir yelpazesi sunuyoruz. \u0130ster in\u015faat, ister end\u00fcstriyel tesisler, ister tar\u0131m veya a\u011f\u0131r makineler olsun, hidrolik silindirlerimiz en zorlu ko\u015fullarda bile g\u00fcvenlik, verimlilik ve uzun \u00f6m\u00fcr sa\u011flayacak \u015fekilde tasarlanm\u0131\u015ft\u0131r.<\/p>\n<p>FMP olarak, hassas makineler ve geli\u015fmi\u015f test sistemleriyle donat\u0131lm\u0131\u015f son teknoloji \u00fcretim tesislerimizle gurur duyuyoruz. \u00dcretim s\u00fcre\u00e7lerimiz, s\u0131k\u0131 ulusal ve uluslararas\u0131 standartlara uygun olup, \u00fcretilen her hidrolik silindirin en y\u00fcksek kalite ve g\u00fcvenilirlik standartlar\u0131n\u0131 kar\u015f\u0131lamas\u0131n\u0131 garanti eder. Nitelikli teknik ekibimiz ve son teknoloji ekipmanlar\u0131m\u0131z sayesinde, hammadde se\u00e7iminden son kontrole kadar \u00fcretimin her a\u015famas\u0131nda s\u0131k\u0131 bir kalite kontrol uyguluyoruz. M\u00fckemmelli\u011fe olan bu ba\u011fl\u0131l\u0131\u011f\u0131m\u0131z, bize sekt\u00f6r otoritelerinden sertifikalar ve takdirler kazand\u0131rarak g\u00fcvenilir bir ortak olarak itibar\u0131m\u0131z\u0131 peki\u015ftirmi\u015ftir.<\/p>\n<p><img loading=\"lazy\" decoding=\"async\" class=\"alignnone size-full wp-image-6720\" src=\"https:\/\/fmp-components.com\/wp-content\/uploads\/2025\/03\/hydraulic-cylinder-8.webp\" alt=\"Teleskopik Hidrolik Silindirler\" width=\"933\" height=\"526\" title=\"\" srcset=\"https:\/\/fmp-components.com\/wp-content\/uploads\/2025\/03\/hydraulic-cylinder-8.webp 933w, https:\/\/fmp-components.com\/wp-content\/uploads\/2025\/03\/hydraulic-cylinder-8-480x271.webp 480w\" sizes=\"(min-width: 0px) and (max-width: 480px) 480px, (min-width: 481px) 933px, 100vw\" \/><\/p>\n<p>Misyonumuz hem basit hem de iddial\u0131d\u0131r: M\u00fc\u015fterilerimize performans, dayan\u0131kl\u0131l\u0131k ve de\u011fer a\u00e7\u0131s\u0131ndan beklentileri a\u015fan hidrolik silindirler sunmak. Profesyonellik, d\u00fcr\u00fcstl\u00fck ve m\u00fc\u015fteri odakl\u0131l\u0131k temel ilkelerine ba\u011fl\u0131 kal\u0131yoruz. Yenilik\u00e7ilik ve hassasiyet k\u00fclt\u00fcr\u00fcn\u00fc destekleyerek, rekabet\u00e7i bir pazarda \u00f6ne \u00e7\u0131kmak i\u00e7in \u00fcr\u00fcnlerimizi s\u00fcrekli geli\u015ftiriyoruz. Geni\u015f \u00fcr\u00fcn yelpazemiz ve ki\u015fiye \u00f6zel \u00e7\u00f6z\u00fcmler sunma becerimiz, bizi y\u00fcksek performansl\u0131 hidrolik silindir arayan i\u015fletmeler i\u00e7in tercih edilen se\u00e7enek haline getiriyor.<\/p>\n<p>FMP, yaln\u0131zca bir \u00fcreticiden daha fazlas\u0131d\u0131r; ba\u015far\u0131n\u0131z i\u00e7in kararl\u0131 bir ortakt\u0131r. M\u00fc\u015fterilerimizin, \u00fcretkenli\u011fi ve g\u00fcvenli\u011fi art\u0131ran ara\u00e7lar sa\u011flamam\u0131z i\u00e7in bize g\u00fcvendi\u011finin fark\u0131nday\u0131z. Bu nedenle, yaln\u0131zca birinci s\u0131n\u0131f \u00fcr\u00fcnler sunmakla kalmay\u0131p ayn\u0131 zamanda ola\u011fan\u00fcst\u00fc hizmet de sunmaya kendimizi adad\u0131k. \u0130lk dan\u0131\u015fmanl\u0131ktan sat\u0131\u015f sonras\u0131 deste\u011fe kadar, m\u00fc\u015fterilerimizin ihtiya\u00e7lar\u0131n\u0131n profesyonellik ve \u00f6zenle kar\u015f\u0131lanmas\u0131n\u0131 sa\u011flamak i\u00e7in m\u00fc\u015fterilerimizle yak\u0131n i\u015f birli\u011fi i\u00e7indeyiz. Rekabet\u00e7i fiyatlar\u0131m\u0131z ve kaliteye olan sars\u0131lmaz ba\u011fl\u0131l\u0131\u011f\u0131m\u0131z, FMP'yi g\u00fcvenilir hidrolik \u00e7\u00f6z\u00fcmlere yat\u0131r\u0131m yapmak isteyen \u015firketler i\u00e7in ak\u0131ll\u0131 bir tercih haline getiriyor.<\/p>","protected":false},"excerpt":{"rendered":"<p>Multi Stage Dump Truck Hydraulic Hoist Cylinder Introducing our brand-new product, the Multi Stage Dump Truck Hydraulic Hoist Cylinder. A vital component for heavy machinery, this hydraulic cylinder is perfect for machinery repair shops, farms, energy and mining industries, and machinery manufacturing and factories. Product Features and Specifications This top-quality hydraulic hoist cylinder comes with [&hellip;]<\/p>","protected":false},"featured_media":6757,"comment_status":"closed","ping_status":"closed","template":"","meta":{"_et_pb_use_builder":"","_et_pb_old_content":"","_et_gb_content_width":""},"product_brand":[],"product_cat":[103],"product_tag":[34,105],"class_list":{"0":"post-6647","1":"product","2":"type-product","3":"status-publish","4":"has-post-thumbnail","6":"product_cat-telescopic-hydraulic-cylinders","7":"product_tag-hydraulic-cylinder","8":"product_tag-telescopic-hydraulic-cylinders","10":"first","11":"instock","12":"product-type-simple"},"_links":{"self":[{"href":"https:\/\/fmp-components.com\/tr\/wp-json\/wp\/v2\/product\/6647","targetHints":{"allow":["GET"]}}],"collection":[{"href":"https:\/\/fmp-components.com\/tr\/wp-json\/wp\/v2\/product"}],"about":[{"href":"https:\/\/fmp-components.com\/tr\/wp-json\/wp\/v2\/types\/product"}],"replies":[{"embeddable":true,"href":"https:\/\/fmp-components.com\/tr\/wp-json\/wp\/v2\/comments?post=6647"}],"wp:featuredmedia":[{"embeddable":true,"href":"https:\/\/fmp-components.com\/tr\/wp-json\/wp\/v2\/media\/6757"}],"wp:attachment":[{"href":"https:\/\/fmp-components.com\/tr\/wp-json\/wp\/v2\/media?parent=6647"}],"wp:term":[{"taxonomy":"product_brand","embeddable":true,"href":"https:\/\/fmp-components.com\/tr\/wp-json\/wp\/v2\/product_brand?post=6647"},{"taxonomy":"product_cat","embeddable":true,"href":"https:\/\/fmp-components.com\/tr\/wp-json\/wp\/v2\/product_cat?post=6647"},{"taxonomy":"product_tag","embeddable":true,"href":"https:\/\/fmp-components.com\/tr\/wp-json\/wp\/v2\/product_tag?post=6647"}],"curies":[{"name":"wp","href":"https:\/\/api.w.org\/{rel}","templated":true}]}}