{"id":6645,"date":"2025-03-11T06:35:17","date_gmt":"2025-03-11T06:35:17","guid":{"rendered":"https:\/\/fmp-components.com\/product\/5-stage-hydraulic-hoist-cylinder-dump-truck-hydraulic-cylinder"},"modified":"2025-03-12T08:36:56","modified_gmt":"2025-03-12T08:36:56","slug":"5-stage-hydraulic-hoist-cylinder-dump-truck-hydraulic-cylinder","status":"publish","type":"product","link":"https:\/\/fmp-components.com\/tr\/product\/5-stage-hydraulic-hoist-cylinder-dump-truck-hydraulic-cylinder\/","title":{"rendered":"5 Kademeli Hidrolik Kald\u0131rma Silindiri Damperli Kamyon Hidrolik Silindiri"},"content":{"rendered":"<h2>5 Kademeli Hidrolik Kald\u0131rma Silindiri Damperli Kamyon Hidrolik Silindiri<\/h2>\n<p>5 Kademeli Hidrolik Kald\u0131rma Silindiri Damperli Kamyon hidrolik silindiri, en y\u00fcksek verimlilik ve g\u00fc\u00e7 seviyesini sa\u011flamak \u00fczere tasarlanm\u0131\u015f son teknoloji bir \u00fcr\u00fcnd\u00fcr. G\u00fcvenilir ve dayan\u0131kl\u0131 tasar\u0131m\u0131, makine tamir at\u00f6lyeleri, \u00e7iftlikler, enerji ve madencilik sekt\u00f6rleri, makine imalat\u0131 ve makine fabrikalar\u0131 i\u00e7in vazge\u00e7ilmez bir bile\u015fen olmas\u0131n\u0131 sa\u011flar.<\/p>\n<p><img loading=\"lazy\" decoding=\"async\" class=\"alignnone  wp-image-6664\" src=\"https:\/\/fmp-components.com\/wp-content\/uploads\/2025\/03\/telescopic-hydraulic-cylinder-8.webp\" alt=\"teleskopik hidrolik silindir\" width=\"861\" height=\"861\" title=\"\" srcset=\"https:\/\/fmp-components.com\/wp-content\/uploads\/2025\/03\/telescopic-hydraulic-cylinder-8.webp 861w, https:\/\/fmp-components.com\/wp-content\/uploads\/2025\/03\/telescopic-hydraulic-cylinder-8-480x480.webp 480w\" sizes=\"(min-width: 0px) and (max-width: 480px) 480px, (min-width: 481px) 861px, 100vw\" \/><\/p>\n<h3>\u00dcr\u00fcn \u00d6zellikleri ve Teknik \u00d6zellikleri<\/h3>\n<p>Bu hidrolik silindir, 28 kg a\u011f\u0131rl\u0131\u011f\u0131nda olup 1 y\u0131l garantilidir. Hidrolik enerjiyle \u00e7al\u0131\u015fan standart piston silindir yap\u0131s\u0131na sahiptir ve maksimum dayan\u0131kl\u0131l\u0131k i\u00e7in y\u00fcksek kaliteli \u00e7elikten \u00fcretilmi\u015ftir. Maksimum 3000 itme ve 20 ton \u00e7ekme g\u00fcc\u00fcne sahiptir. Siyah renkli ve \u00e7ok kademeli bir hidrolik silindirdir.<\/p>\n<table style=\"width: 95.1506%; height: 115px;\" border=\"\">\n<tbody>\n<tr style=\"height: 23px;\">\n<th style=\"width: 43.5028%; height: 23px;\">Delik Boyutu<\/th>\n<td style=\"width: 459.393%; height: 23px;\">2-6 in\u00e7<\/td>\n<\/tr>\n<tr style=\"height: 23px;\">\n<th style=\"width: 43.5028%; height: 23px;\">\u00c7ubuk Boyutu<\/th>\n<td style=\"width: 459.393%; height: 23px;\">1.125-4 in\u00e7<\/td>\n<\/tr>\n<tr style=\"height: 23px;\">\n<th style=\"width: 43.5028%; height: 23px;\">Vuru\u015f Boyutu<\/th>\n<td style=\"width: 459.393%; height: 23px;\">4-100 in\u00e7<\/td>\n<\/tr>\n<tr style=\"height: 23px;\">\n<th style=\"width: 43.5028%; height: 23px;\">Pin Boyutu<\/th>\n<td style=\"width: 459.393%; height: 23px;\">0,5-2 in\u00e7<\/td>\n<\/tr>\n<tr style=\"height: 23px;\">\n<th style=\"width: 43.5028%; height: 23px;\">Limanlar<\/th>\n<td style=\"width: 459.393%; height: 23px;\">G\/SAE\/NPT\/M<\/td>\n<\/tr>\n<\/tbody>\n<\/table>\n<h2>Benzersiz \u00d6zellikler ve Avantajlar<\/h2>\n<p>Bu hidrolik silindir, enerji verimlili\u011fi, y\u00fcksek performans ve g\u00fcvenlik odakl\u0131 olarak tasarlanm\u0131\u015ft\u0131r ve bu da onu pazarda lider bir tercih haline getirir. Yenilik\u00e7i \u00f6zellikleri, \u00e7evresel etkiyi en aza indirirken en y\u00fcksek performansta \u00e7al\u0131\u015fmas\u0131n\u0131 sa\u011flar. Hidrolik enerji d\u00f6n\u00fc\u015f\u00fcm\u00fcn\u00fc optimize ederek, bu silindir yaln\u0131zca enerji maliyetlerini d\u00fc\u015f\u00fcrmekle kalmaz, ayn\u0131 zamanda s\u00fcrd\u00fcr\u00fclebilir uygulamalar\u0131 da destekler. Ayr\u0131ca, sa\u011flam yap\u0131s\u0131 ve geli\u015fmi\u015f m\u00fchendisli\u011fi, s\u0131k\u0131 g\u00fcvenlik standartlar\u0131n\u0131 kar\u015f\u0131layarak ve zorlu ko\u015fullarda g\u00fcvenilir \u00e7al\u0131\u015fma sa\u011flayarak g\u00f6n\u00fcl rahatl\u0131\u011f\u0131 sa\u011flar.<\/p>\n<h3>Hidrolik Sistemler ve \u00c7al\u0131\u015fma Prensipleri<\/h3>\n<p>Hidrolik silindir, hidrolik enerjiyi mekanik harekete d\u00f6n\u00fc\u015ft\u00fcrme temel prensibiyle \u00e7al\u0131\u015f\u0131r. Bu i\u015flem, bas\u0131nc\u0131 kuvvete d\u00f6n\u00fc\u015ft\u00fcrmeyi i\u00e7erir ve bu da silindirin \u00e7e\u015fitli mekanik g\u00f6revleri hassas bir \u015fekilde yerine getirmesini sa\u011flar. Hidrolik s\u0131v\u0131 bas\u0131n\u00e7land\u0131r\u0131ld\u0131\u011f\u0131nda, silindir i\u00e7indeki bir pistona bask\u0131 yaparak do\u011frusal hareket olu\u015fturur. Bu verimli enerji d\u00f6n\u00fc\u015f\u00fcm\u00fc, hidrolik silindirleri bir\u00e7ok makine ve m\u00fchendislik uygulamas\u0131nda vazge\u00e7ilmez bir bile\u015fen haline getirerek operat\u00f6rlerin a\u011f\u0131r y\u00fckleri kolayl\u0131kla kald\u0131rmas\u0131n\u0131, itmesini veya \u00e7ekmesini sa\u011flar.<\/p>\n<p><img loading=\"lazy\" decoding=\"async\" class=\"alignnone  wp-image-6665\" src=\"https:\/\/fmp-components.com\/wp-content\/uploads\/2025\/03\/telescopic-hydraulic-cylinder-9.webp\" alt=\"teleskopik hidrolik silindir\" width=\"912\" height=\"912\" title=\"\" srcset=\"https:\/\/fmp-components.com\/wp-content\/uploads\/2025\/03\/telescopic-hydraulic-cylinder-9.webp 912w, https:\/\/fmp-components.com\/wp-content\/uploads\/2025\/03\/telescopic-hydraulic-cylinder-9-480x480.webp 480w\" sizes=\"(min-width: 0px) and (max-width: 480px) 480px, (min-width: 481px) 912px, 100vw\" \/><\/p>\n<h3>Uygulama Senaryolar\u0131<\/h3>\n<p>Bu hidrolik silindir, a\u015fa\u011f\u0131dakiler de dahil olmak \u00fczere \u00e7ok \u00e7e\u015fitli sekt\u00f6rlerde kapsaml\u0131 uygulamalar bulmaktad\u0131r:<\/p>\n<ul>\n<li><strong>Makine Tamir At\u00f6lyeleri:<\/strong> Onar\u0131m ortamlar\u0131nda hidrolik silindirler, a\u011f\u0131r makine par\u00e7alar\u0131n\u0131n kald\u0131r\u0131lmas\u0131n\u0131 ve konumland\u0131r\u0131lmas\u0131n\u0131 kolayla\u015ft\u0131rarak bak\u0131m s\u00fcre\u00e7lerini kolayla\u015ft\u0131r\u0131r ve operasyonel verimlili\u011fi art\u0131r\u0131r.<\/li>\n<li><strong>\u00c7ift\u00e7ilik:<\/strong> Tar\u0131m sekt\u00f6r\u00fcnde bu silindirler, trakt\u00f6r ve bi\u00e7erd\u00f6ver gibi ekipmanlar\u0131n \u00e7al\u0131\u015ft\u0131r\u0131lmas\u0131 i\u00e7in hayati \u00f6nem ta\u015f\u0131r. Kald\u0131rma, s\u00fcrme ve mal ta\u015f\u0131ma gibi i\u015flerde yard\u0131mc\u0131 olarak \u00e7iftliklerdeki verimlili\u011fi \u00f6nemli \u00f6l\u00e7\u00fcde art\u0131r\u0131rlar.<\/li>\n<li><strong>Enerji ve Madencilik:<\/strong> Hidrolik silindirler, sondaj, kaz\u0131 ve malzeme ta\u015f\u0131ma gibi enerji ve madencilik faaliyetlerinde hayati \u00f6nem ta\u015f\u0131r. Zorlu ko\u015fullarda g\u00fcvenilir bir \u015fekilde \u00e7al\u0131\u015fabilmeleri, onlar\u0131 bu sekt\u00f6rlerdeki ekipmanlar i\u00e7in vazge\u00e7ilmez k\u0131lar.<\/li>\n<li><strong>Makine \u0130malat\u0131:<\/strong> \u00dcretim ortamlar\u0131nda hidrolik silindirler, s\u00fcre\u00e7leri otomatikle\u015ftirmek, a\u011f\u0131r malzemeleri kald\u0131rmak ve montaj hatlar\u0131na g\u00fc\u00e7 sa\u011flamak i\u00e7in kullan\u0131l\u0131r. Verimlilikleri, \u00fcretimde \u00fcretkenli\u011fin ve hassasiyetin artmas\u0131na katk\u0131da bulunur.<\/li>\n<li><strong>Makine Fabrikalar\u0131:<\/strong> Bu silindirler, \u00e7e\u015fitli makine par\u00e7alar\u0131n\u0131n montaj\u0131nda \u200b\u200bve \u00e7al\u0131\u015ft\u0131r\u0131lmas\u0131nda \u00f6nemli bir rol oynayarak fabrika ortamlar\u0131nda sorunsuz i\u015f ak\u0131\u015flar\u0131 ve etkili malzeme elle\u00e7lemesi sa\u011flar.<\/li>\n<\/ul>\n<h2>Hidrolik Silindirler ve G\u00fc\u00e7 \u00dcniteleri<\/h2>\n<p>Hidrolik silindirler ve g\u00fc\u00e7 \u00fcniteleri, g\u00fcvenilir g\u00fc\u00e7 ve kontrol sa\u011flamak i\u00e7in birlikte \u00e7al\u0131\u015fan her hidrolik sistemin temel bile\u015fenleridir. Hidrolik silindir, hidrolik enerjiyi mekanik harekete d\u00f6n\u00fc\u015ft\u00fcren bir akt\u00fcat\u00f6r g\u00f6revi g\u00f6r\u00fcrken, g\u00fc\u00e7 \u00fcnitesi \u00e7al\u0131\u015fma i\u00e7in gereken hidrolik bas\u0131nc\u0131 \u00fcretir ve d\u00fczenler. Bu simbiyotik ili\u015fki, hidrolik teknolojisinin \u00e7e\u015fitli end\u00fcstrilerde yayg\u0131n olarak uygulanmas\u0131n\u0131 sa\u011flayarak m\u00fchendislik ve mekanik ekipmanlar\u0131n etkili ve verimli bir \u015fekilde \u00e7al\u0131\u015fmas\u0131n\u0131 sa\u011flar. \u0130\u015fletmeler, y\u00fcksek kaliteli hidrolik silindirleri geli\u015fmi\u015f g\u00fc\u00e7 \u00fcniteleriyle entegre ederek, operasyonlar\u0131nda optimum performans ve g\u00fcvenilirlik elde edebilir, kendi alanlar\u0131nda \u00fcretkenli\u011fi ve inovasyonu art\u0131rabilirler.<\/p>\n<h2>SSS<\/h2>\n<p><b>S: Siz bir ticaret \u015firketi misiniz yoksa \u00fcretici misiniz?<\/b><br \/>\nA: Biz bir fabrikay\u0131z.<\/p>\n<p><b>S: Teslimat s\u00fcreniz ne kadard\u0131r?<\/b><br \/>\nA: Genellikle 25-35 g\u00fcnd\u00fcr.<\/p>\n<p><b>S: Numune sa\u011fl\u0131yor musunuz? \u00dccretsiz mi yoksa ekstra m\u0131?<\/b><br \/>\nC: Evet, numune sunabiliriz ancak \u00fccretsiz de\u011fil.<\/p>\n<h3>FMP Hakk\u0131nda<\/h3>\n<p class=\"break-words\">FMP, y\u00fcksek kaliteli hidrolik silindirlerin tasar\u0131m\u0131, geli\u015ftirilmesi ve \u00fcretiminde uzmanla\u015fm\u0131\u015f lider bir \u0130talyan \u00fcreticisidir. Onlarca y\u0131ll\u0131k uzmanl\u0131\u011fa dayanan zengin bir mirasa sahip olarak, \u0130talyan i\u015f\u00e7ili\u011fini en son teknolojiyle gururla birle\u015ftirerek, k\u00fcresel m\u00fc\u015fterilerimizin \u00e7e\u015fitli ihtiya\u00e7lar\u0131n\u0131 kar\u015f\u0131lamak \u00fczere tasarlanm\u0131\u015f ola\u011fan\u00fcst\u00fc hidrolik \u00e7\u00f6z\u00fcmler sunuyoruz. M\u00fchendislik m\u00fckemmelli\u011finin merkezi \u0130talya'da bulunan FMP, hidrolik sekt\u00f6r\u00fcnde g\u00fcvenilir bir isim olarak \u00f6ne \u00e7\u0131kmakta ve d\u00fcnya \u00e7ap\u0131ndaki i\u015fletmelere g\u00fc\u00e7 katan g\u00fcvenilir, dayan\u0131kl\u0131 ve yenilik\u00e7i \u00fcr\u00fcnler sunmaya kendini adam\u0131\u015ft\u0131r.<\/p>\n<p class=\"break-words\">\u015eirketimiz, ileri d\u00fczey \u00fcretim geleneklerinin en iyilerini ileri g\u00f6r\u00fc\u015fl\u00fc bir yakla\u015f\u0131mla birle\u015ftiriyor. Hidrolik sistemlerdeki uzun y\u0131llara dayanan deneyiminden g\u00fc\u00e7 alan FMP, ara\u015ft\u0131rma, tasar\u0131m ve \u00fcretimde m\u00fckemmellik g\u00f6steren modern bir kurulu\u015fa d\u00f6n\u00fc\u015fm\u00fc\u015ft\u00fcr. \u00c7ift etkili silindirler, otomotiv kald\u0131rma silindirleri, tar\u0131m makineleri silindirleri ve \u00e7e\u015fitli end\u00fcstriyel uygulamalar i\u00e7in \u00f6zel olarak tasarlanm\u0131\u015f \u00e7\u00f6z\u00fcmler de dahil olmak \u00fczere geni\u015f bir hidrolik silindir yelpazesinde uzmanla\u015f\u0131yoruz. \u0130ster in\u015faat, ister end\u00fcstriyel tesisler, ister tar\u0131m veya a\u011f\u0131r makineler olsun, hidrolik silindirlerimiz en zorlu ko\u015fullarda bile g\u00fcvenlik, verimlilik ve uzun \u00f6m\u00fcr sa\u011flayacak \u015fekilde \u00fcretilmi\u015ftir.<\/p>\n<p><img loading=\"lazy\" decoding=\"async\" class=\"alignnone size-full wp-image-6720\" src=\"https:\/\/fmp-components.com\/wp-content\/uploads\/2025\/03\/hydraulic-cylinder-8.webp\" alt=\"Teleskopik Hidrolik Silindirler\" width=\"933\" height=\"526\" title=\"\" srcset=\"https:\/\/fmp-components.com\/wp-content\/uploads\/2025\/03\/hydraulic-cylinder-8.webp 933w, https:\/\/fmp-components.com\/wp-content\/uploads\/2025\/03\/hydraulic-cylinder-8-480x271.webp 480w\" sizes=\"(min-width: 0px) and (max-width: 480px) 480px, (min-width: 481px) 933px, 100vw\" \/><\/p>\n<p class=\"break-words\">FMP olarak, hassas makineler ve geli\u015fmi\u015f test sistemleriyle donat\u0131lm\u0131\u015f son teknoloji \u00fcretim tesislerimizle gurur duyuyoruz. \u00dcretim s\u00fcre\u00e7lerimiz, fabrikam\u0131zdan \u00e7\u0131kan her hidrolik silindirin \u00fcst\u00fcn kalite ve g\u00fcvenilirlikte olmas\u0131n\u0131 sa\u011flayan s\u0131k\u0131 ulusal ve uluslararas\u0131 standartlara uygundur. Son teknoloji ekipmanlarla bir araya gelen yetenekli teknik ekibimiz, hammadde se\u00e7iminden son kontrole kadar \u00fcretimin her a\u015famas\u0131nda s\u0131k\u0131 bir kalite kontrol\u00fc sa\u011flamam\u0131z\u0131 sa\u011flar. M\u00fckemmelli\u011fe olan bu ba\u011fl\u0131l\u0131\u011f\u0131m\u0131z, bize sekt\u00f6r otoritelerinden sertifikalar ve takdirler kazand\u0131rarak, g\u00fcvenilir bir i\u015f orta\u011f\u0131 olarak itibar\u0131m\u0131z\u0131 daha da sa\u011flamla\u015ft\u0131rm\u0131\u015ft\u0131r.<\/p>\n<p class=\"break-words\">Misyonumuz basit ama iddial\u0131: M\u00fc\u015fterilerimize performans, dayan\u0131kl\u0131l\u0131k ve de\u011fer a\u00e7\u0131s\u0131ndan beklentileri a\u015fan hidrolik silindirler sunmak. Profesyonellik, d\u00fcr\u00fcstl\u00fck ve m\u00fc\u015fteri odakl\u0131l\u0131k ilkeleriyle \u00e7al\u0131\u015f\u0131yoruz. Yenilik\u00e7ilik ve hassasiyet k\u00fclt\u00fcr\u00fcn\u00fc benimseyerek, rekabet\u00e7i bir pazarda \u00f6ne \u00e7\u0131kmak i\u00e7in \u00fcr\u00fcnlerimizi s\u00fcrekli olarak geli\u015ftiriyoruz. Kapsaml\u0131 \u00fcr\u00fcn yelpazemiz ve ki\u015fiye \u00f6zel \u00e7\u00f6z\u00fcmler sunma becerimiz, bizi y\u00fcksek performansl\u0131 hidrolik silindir arayan i\u015fletmeler i\u00e7in vazge\u00e7ilmez k\u0131l\u0131yor.<\/p>\n<p class=\"break-words\">FMP, yaln\u0131zca bir \u00fcreticiden daha fazlas\u0131d\u0131r; ba\u015far\u0131n\u0131z\u0131n orta\u011f\u0131y\u0131z. M\u00fc\u015fterilerimizin \u00fcretkenliklerini ve g\u00fcvenliklerini art\u0131ran ara\u00e7lar sunmam\u0131z i\u00e7in bize g\u00fcvendi\u011finin fark\u0131nday\u0131z. Bu nedenle, yaln\u0131zca birinci s\u0131n\u0131f \u00fcr\u00fcnler sunmakla kalmay\u0131p ayn\u0131 zamanda ola\u011fan\u00fcst\u00fc hizmet de sunmaya kararl\u0131y\u0131z. \u0130lk dan\u0131\u015fmanl\u0131ktan sat\u0131\u015f sonras\u0131 deste\u011fe kadar, ihtiya\u00e7lar\u0131n\u0131n profesyonellik ve \u00f6zenle kar\u015f\u0131lanmas\u0131n\u0131 sa\u011flamak i\u00e7in m\u00fc\u015fterilerimizle yak\u0131n bir \u015fekilde \u00e7al\u0131\u015f\u0131yoruz. Rekabet\u00e7i fiyatlar\u0131m\u0131z ve kaliteye olan sars\u0131lmaz ba\u011fl\u0131l\u0131\u011f\u0131m\u0131z, FMP'yi g\u00fcvenebilecekleri hidrolik \u00e7\u00f6z\u00fcmlere yat\u0131r\u0131m yapmak isteyen \u015firketler i\u00e7in ak\u0131ll\u0131 bir tercih haline getiriyor.<\/p>","protected":false},"excerpt":{"rendered":"<p>5 Stage Hydraulic Hoist Cylinder Dump Truck Hydraulic Cylinder The 5 Stage Hydraulic Hoist Cylinder Dump Truck hydraulic cylinder is a state-of-the-art product designed to provide the highest level of efficiency and power. Its reliable and durable design makes it an essential component in machinery repair shops, farms, energy and mining sectors, machinery manufacturing and [&hellip;]<\/p>","protected":false},"featured_media":6767,"comment_status":"closed","ping_status":"closed","template":"","meta":{"_et_pb_use_builder":"","_et_pb_old_content":"","_et_gb_content_width":""},"product_brand":[],"product_cat":[103],"product_tag":[34,105],"class_list":{"0":"post-6645","1":"product","2":"type-product","3":"status-publish","4":"has-post-thumbnail","6":"product_cat-telescopic-hydraulic-cylinders","7":"product_tag-hydraulic-cylinder","8":"product_tag-telescopic-hydraulic-cylinders","10":"first","11":"instock","12":"product-type-simple"},"_links":{"self":[{"href":"https:\/\/fmp-components.com\/tr\/wp-json\/wp\/v2\/product\/6645","targetHints":{"allow":["GET"]}}],"collection":[{"href":"https:\/\/fmp-components.com\/tr\/wp-json\/wp\/v2\/product"}],"about":[{"href":"https:\/\/fmp-components.com\/tr\/wp-json\/wp\/v2\/types\/product"}],"replies":[{"embeddable":true,"href":"https:\/\/fmp-components.com\/tr\/wp-json\/wp\/v2\/comments?post=6645"}],"wp:featuredmedia":[{"embeddable":true,"href":"https:\/\/fmp-components.com\/tr\/wp-json\/wp\/v2\/media\/6767"}],"wp:attachment":[{"href":"https:\/\/fmp-components.com\/tr\/wp-json\/wp\/v2\/media?parent=6645"}],"wp:term":[{"taxonomy":"product_brand","embeddable":true,"href":"https:\/\/fmp-components.com\/tr\/wp-json\/wp\/v2\/product_brand?post=6645"},{"taxonomy":"product_cat","embeddable":true,"href":"https:\/\/fmp-components.com\/tr\/wp-json\/wp\/v2\/product_cat?post=6645"},{"taxonomy":"product_tag","embeddable":true,"href":"https:\/\/fmp-components.com\/tr\/wp-json\/wp\/v2\/product_tag?post=6645"}],"curies":[{"name":"wp","href":"https:\/\/api.w.org\/{rel}","templated":true}]}}