{"id":6644,"date":"2025-03-11T06:35:17","date_gmt":"2025-03-11T06:35:17","guid":{"rendered":"https:\/\/fmp-components.com\/product\/long-stroke-double-acting-telescopic-hydraulic-cylinder"},"modified":"2025-03-12T08:31:23","modified_gmt":"2025-03-12T08:31:23","slug":"long-stroke-double-acting-telescopic-hydraulic-cylinder","status":"publish","type":"product","link":"https:\/\/fmp-components.com\/tr\/product\/long-stroke-double-acting-telescopic-hydraulic-cylinder\/","title":{"rendered":"Uzun Stroklu \u00c7ift Etkili Teleskopik Hidrolik Silindir"},"content":{"rendered":"<h2>Uzun Stroklu \u00c7ift Etkili Teleskopik Hidrolik Silindir<\/h2>\n<p>Bu yepyeni uzun stroklu \u00e7ift etkili teleskopik hidrolik silindir, end\u00fcstriyel makineleriniz i\u00e7in m\u00fckemmel bir tamamlay\u0131c\u0131d\u0131r. 32 kg a\u011f\u0131rl\u0131\u011f\u0131 ve bir y\u0131l garantisiyle, makine tamir at\u00f6lyeleri, \u00e7iftlikler, enerji ve madencilik, makine imalat\u0131 ve makine fabrikalar\u0131 i\u00e7in ideal bir se\u00e7imdir.<\/p>\n<h3>\u00dcr\u00fcn \u00d6zellikleri<\/h3>\n<table style=\"width: 91.7171%;\" border=\"\">\n<tbody>\n<tr>\n<th style=\"width: 16.9576%;\">Delik Boyutu<\/th>\n<th style=\"width: 20.4489%;\">\u00c7ubuk Boyutu<\/th>\n<th style=\"width: 19.9501%;\">Vuru\u015f Boyutu<\/th>\n<th style=\"width: 16.4589%;\">Pin Boyutu<\/th>\n<th style=\"width: 134.775%;\">Limanlar<\/th>\n<\/tr>\n<tr>\n<td style=\"width: 16.9576%;\">2-6 in\u00e7<\/td>\n<td style=\"width: 20.4489%;\">1.125-4 in\u00e7<\/td>\n<td style=\"width: 19.9501%;\">4-100 in\u00e7<\/td>\n<td style=\"width: 16.4589%;\">0,5-2 in\u00e7<\/td>\n<td style=\"width: 134.775%;\">G\/SAE\/NPT\/M<\/td>\n<\/tr>\n<\/tbody>\n<\/table>\n<p>Hidrolik silindirimiz, dayan\u0131kl\u0131l\u0131k ve uzun \u00f6m\u00fcr sa\u011flayan y\u00fcksek kaliteli \u00e7elikten \u00fcretilmi\u015ftir. Maksimum 3000 ton itme kuvveti ve 20 ton \u00e7ekme kuvvetine sahip standart bir pistonlu silindirdir. Bu \u00e7ok kademeli hidrolik silindir, en y\u00fcksek kalite standartlar\u0131n\u0131 garanti eden ISO9001:2000 sertifikas\u0131na sahiptir.<\/p>\n<h2>Benzersiz \u00d6zellikler ve Avantajlar<\/h2>\n<ul>\n<li>Enerji verimli: Hidrolik silindirimiz hidrolik g\u00fc\u00e7 kullan\u0131r, bu da optimum performans\u0131 korurken enerji maliyetlerini d\u00fc\u015f\u00fcr\u00fcr.<\/li>\n<li>Son derece verimli: Maksimum 3000 itme g\u00fcc\u00fcyle silindirimiz g\u00fc\u00e7l\u00fc bir performans sunar.<\/li>\n<li>G\u00fcvenli: ISO9001:2000 sertifikas\u0131na sahip hidrolik silindirimiz, uluslararas\u0131 g\u00fcvenlik standartlar\u0131na uygundur.<\/li>\n<\/ul>\n<p><img loading=\"lazy\" decoding=\"async\" class=\"alignnone  wp-image-6663\" src=\"https:\/\/fmp-components.com\/wp-content\/uploads\/2025\/03\/telescopic-hydraulic-cylinder-11.webp\" alt=\"teleskopik hidrolik silindir\" width=\"886\" height=\"886\" title=\"\" srcset=\"https:\/\/fmp-components.com\/wp-content\/uploads\/2025\/03\/telescopic-hydraulic-cylinder-11.webp 886w, https:\/\/fmp-components.com\/wp-content\/uploads\/2025\/03\/telescopic-hydraulic-cylinder-11-480x480.webp 480w\" sizes=\"(min-width: 0px) and (max-width: 480px) 480px, (min-width: 481px) 886px, 100vw\" \/><\/p>\n<h2>\u00c7al\u0131\u015fma Prensibi ve Uygulamalar\u0131<\/h2>\n<p>Hidrolik silindir, hidrolik g\u00fcc\u00fc mekanik harekete d\u00f6n\u00fc\u015ft\u00fcrerek \u00e7al\u0131\u015f\u0131r. Hidrolik s\u0131v\u0131 bas\u0131n\u00e7land\u0131r\u0131ld\u0131\u011f\u0131nda, silindir i\u00e7indeki bir pistona kuvvet uygular ve pistonun do\u011frusal y\u00f6nde hareket etmesine neden olur. Bu enerji d\u00f6n\u00fc\u015f\u00fcm\u00fc, hidrolik silindirin \u00e7e\u015fitli mekanik g\u00f6revleri verimli ve etkili bir \u015fekilde ger\u00e7ekle\u015ftirmesini sa\u011flar.<\/p>\n<p>Uzun stroklu \u00e7ift etkili teleskopik hidrolik silindirimiz, a\u015fa\u011f\u0131dakiler de dahil olmak \u00fczere \u00e7e\u015fitli sekt\u00f6rlerdeki bir dizi uygulama i\u00e7in \u00f6zellikle uygundur:<\/p>\n<ul>\n<li><strong>Makine \u0130malat\u0131 ve Tamir At\u00f6lyeleri:<\/strong> Bu ortamlarda hidrolik silindirimiz, a\u011f\u0131r makine par\u00e7alar\u0131n\u0131 kald\u0131rmak, onar\u0131mlar\u0131 kolayla\u015ft\u0131rmak ve montaj hatlar\u0131nda sorunsuz \u00e7al\u0131\u015fmay\u0131 sa\u011flamak i\u00e7in kullan\u0131l\u0131r. Sa\u011flam tasar\u0131m\u0131, yo\u011fun end\u00fcstriyel ortamlarda g\u00fcnl\u00fck kullan\u0131m\u0131n zorluklar\u0131na dayanmas\u0131n\u0131 sa\u011flar.<\/li>\n<li><strong>\u00c7iftlikler:<\/strong> Tar\u0131m faaliyetlerinde, ekipman kald\u0131rma ve konumland\u0131rma, pulluk \u00e7al\u0131\u015ft\u0131rma ve trakt\u00f6rlerin i\u015flevselli\u011fini art\u0131rma gibi i\u015flerde hidrolik silindirimiz b\u00fcy\u00fck fayda sa\u011flar. Y\u00fcksek itme kapasitesi, tar\u0131m uygulamalar\u0131nda tipik olan a\u011f\u0131r y\u00fckleri kald\u0131rabilmesini sa\u011flar.<\/li>\n<li><strong>Enerji ve Madencilik:<\/strong> Enerji ve madencilik sekt\u00f6rlerinde, hidrolik silindirimiz sondaj, kaz\u0131 ve malzeme ta\u015f\u0131ma i\u015flemleri i\u00e7in vazge\u00e7ilmezdir. A\u015f\u0131r\u0131 ko\u015fullar alt\u0131nda g\u00fcvenilir bir \u015fekilde \u00e7al\u0131\u015fabilme \u00f6zelli\u011fi, zorlu ortamlarda \u00e7al\u0131\u015fan ekipmanlar i\u00e7in onu vazge\u00e7ilmez k\u0131lmaktad\u0131r.<\/li>\n<li><strong>Fabrikalar:<\/strong> \u00dcretim tesislerinde hidrolik silindirimiz, s\u00fcre\u00e7lerin otomasyonunda, malzeme kald\u0131rmada ve makinelerin \u00e7al\u0131\u015ft\u0131r\u0131lmas\u0131nda kritik bir rol oynamaktad\u0131r. Verimlili\u011fi ve g\u00fcc\u00fc, \u00fcretkenli\u011fin artmas\u0131na ve i\u015flemlerin kolayla\u015ft\u0131r\u0131lmas\u0131na katk\u0131da bulunur.<\/li>\n<\/ul>\n<p>Genel olarak, uzun stroklu \u00e7ift etkili teleskopik hidrolik silindirimizin \u00e7ok y\u00f6nl\u00fcl\u00fc\u011f\u00fc, onu \u00e7e\u015fitli end\u00fcstrilerde vazge\u00e7ilmez bir bile\u015fen haline getirerek, geni\u015f bir uygulama yelpazesinde verimlili\u011fi ve etkinli\u011fi art\u0131rmaktad\u0131r.<\/p>\n<h2>SSS<\/h2>\n<h3>S: Siz bir ticaret \u015firketi misiniz yoksa \u00fcretici misiniz?<\/h3>\n<p>A: Biz \u00fcreticiyiz.<\/p>\n<h3>S: Teslimat s\u00fcreniz ne kadard\u0131r?<\/h3>\n<p>A: Genellikle 25-35 g\u00fcnd\u00fcr.<\/p>\n<h3>S: Numune sa\u011fl\u0131yor musunuz?<\/h3>\n<p>C: Evet, numune sunabiliriz ancak \u00fccretsiz de\u011fil.<\/p>\n<h3>FMP Hakk\u0131nda<\/h3>\n<p>FMP, y\u00fcksek kaliteli hidrolik silindirlerin tasar\u0131m\u0131, geli\u015ftirilmesi ve \u00fcretimindeki uzmanl\u0131\u011f\u0131yla tan\u0131nan \u00f6nde gelen bir \u0130talyan \u00fcreticisidir. Onlarca y\u0131ll\u0131k sekt\u00f6r deneyimimizle, geleneksel \u0130talyan i\u015f\u00e7ili\u011fini en son teknolojiyle kusursuz bir \u015fekilde harmanlayarak, k\u00fcresel m\u00fc\u015fterilerimizin \u00e7e\u015fitli ihtiya\u00e7lar\u0131na \u00f6zel, ola\u011fan\u00fcst\u00fc hidrolik \u00e7\u00f6z\u00fcmler sunuyoruz. M\u00fchendislikte m\u00fckemmelli\u011fin merkezi olan \u0130talya'da bulunan FMP, d\u00fcnya \u00e7ap\u0131ndaki i\u015fletmelere g\u00fc\u00e7 katan g\u00fcvenilir, dayan\u0131kl\u0131 ve yenilik\u00e7i \u00fcr\u00fcnler sunmaya kendini adam\u0131\u015f, hidrolik sekt\u00f6r\u00fcnde g\u00fcvenilir bir isim olarak kendini kan\u0131tlam\u0131\u015ft\u0131r.<\/p>\n<p>\u015eirketimiz, en geli\u015fmi\u015f \u00fcretim uygulamalar\u0131n\u0131 ileri g\u00f6r\u00fc\u015fl\u00fc bir yakla\u015f\u0131mla bir araya getiriyor. Hidrolik sistemlerdeki uzun y\u0131llara dayanan deneyiminden yararlanan FMP, ara\u015ft\u0131rma, tasar\u0131m ve \u00fcretimde m\u00fckemmellik g\u00f6steren modern bir kurulu\u015fa d\u00f6n\u00fc\u015fm\u00fc\u015ft\u00fcr. \u00c7ift etkili silindirler, otomotiv kald\u0131rma silindirleri, tar\u0131m makineleri silindirleri ve \u00e7e\u015fitli end\u00fcstriyel uygulamalar i\u00e7in \u00f6zel olarak tasarlanm\u0131\u015f \u00e7\u00f6z\u00fcmler de dahil olmak \u00fczere geni\u015f bir hidrolik silindir yelpazesi sunuyoruz. \u0130ster in\u015faat, ister end\u00fcstriyel tesisler, ister tar\u0131m veya a\u011f\u0131r makineler olsun, hidrolik silindirlerimiz en zorlu ko\u015fullarda bile g\u00fcvenlik, verimlilik ve uzun \u00f6m\u00fcr sa\u011flayacak \u015fekilde tasarlanm\u0131\u015ft\u0131r.<\/p>\n<p>FMP olarak, hassas makineler ve geli\u015fmi\u015f test sistemleriyle donat\u0131lm\u0131\u015f son teknoloji \u00fcretim tesislerimizle gurur duyuyoruz. \u00dcretim s\u00fcre\u00e7lerimiz, s\u0131k\u0131 ulusal ve uluslararas\u0131 standartlara uygun olup, \u00fcretilen her hidrolik silindirin en y\u00fcksek kalite ve g\u00fcvenilirlik standartlar\u0131n\u0131 kar\u015f\u0131lamas\u0131n\u0131 garanti eder. Nitelikli teknik ekibimiz ve son teknoloji ekipmanlar\u0131m\u0131z sayesinde, hammadde se\u00e7iminden son kontrole kadar \u00fcretimin her a\u015famas\u0131nda s\u0131k\u0131 bir kalite kontrol uyguluyoruz. M\u00fckemmelli\u011fe olan bu ba\u011fl\u0131l\u0131\u011f\u0131m\u0131z, bize sekt\u00f6r otoritelerinden sertifikalar ve takdirler kazand\u0131rarak g\u00fcvenilir bir ortak olarak itibar\u0131m\u0131z\u0131 peki\u015ftirmi\u015ftir.<\/p>\n<p><img loading=\"lazy\" decoding=\"async\" class=\"alignnone size-full wp-image-6720\" src=\"https:\/\/fmp-components.com\/wp-content\/uploads\/2025\/03\/hydraulic-cylinder-8.webp\" alt=\"Teleskopik Hidrolik Silindirler\" width=\"933\" height=\"526\" title=\"\" srcset=\"https:\/\/fmp-components.com\/wp-content\/uploads\/2025\/03\/hydraulic-cylinder-8.webp 933w, https:\/\/fmp-components.com\/wp-content\/uploads\/2025\/03\/hydraulic-cylinder-8-480x271.webp 480w\" sizes=\"(min-width: 0px) and (max-width: 480px) 480px, (min-width: 481px) 933px, 100vw\" \/><\/p>\n<p>Misyonumuz hem basit hem de iddial\u0131d\u0131r: M\u00fc\u015fterilerimize performans, dayan\u0131kl\u0131l\u0131k ve de\u011fer a\u00e7\u0131s\u0131ndan beklentileri a\u015fan hidrolik silindirler sunmak. Profesyonellik, d\u00fcr\u00fcstl\u00fck ve m\u00fc\u015fteri odakl\u0131l\u0131k temel ilkelerine ba\u011fl\u0131 kal\u0131yoruz. Yenilik\u00e7ilik ve hassasiyet k\u00fclt\u00fcr\u00fcn\u00fc destekleyerek, rekabet\u00e7i bir pazarda \u00f6ne \u00e7\u0131kmak i\u00e7in \u00fcr\u00fcnlerimizi s\u00fcrekli geli\u015ftiriyoruz. Geni\u015f \u00fcr\u00fcn yelpazemiz ve ki\u015fiye \u00f6zel \u00e7\u00f6z\u00fcmler sunma becerimiz, bizi y\u00fcksek performansl\u0131 hidrolik silindir arayan i\u015fletmeler i\u00e7in tercih edilen se\u00e7enek haline getiriyor.<\/p>\n<p>FMP, yaln\u0131zca bir \u00fcreticiden daha fazlas\u0131d\u0131r; ba\u015far\u0131n\u0131z i\u00e7in kararl\u0131 bir ortakt\u0131r. M\u00fc\u015fterilerimizin, \u00fcretkenli\u011fi ve g\u00fcvenli\u011fi art\u0131ran ara\u00e7lar sa\u011flamam\u0131z i\u00e7in bize g\u00fcvendi\u011finin fark\u0131nday\u0131z. Bu nedenle, yaln\u0131zca birinci s\u0131n\u0131f \u00fcr\u00fcnler sunmakla kalmay\u0131p ayn\u0131 zamanda ola\u011fan\u00fcst\u00fc hizmet de sunmaya kendimizi adad\u0131k. \u0130lk dan\u0131\u015fmanl\u0131ktan sat\u0131\u015f sonras\u0131 deste\u011fe kadar, m\u00fc\u015fterilerimizin ihtiya\u00e7lar\u0131n\u0131n profesyonellik ve \u00f6zenle kar\u015f\u0131lanmas\u0131n\u0131 sa\u011flamak i\u00e7in m\u00fc\u015fterilerimizle yak\u0131n i\u015f birli\u011fi i\u00e7indeyiz. Rekabet\u00e7i fiyatlar\u0131m\u0131z ve kaliteye olan sars\u0131lmaz ba\u011fl\u0131l\u0131\u011f\u0131m\u0131z, FMP'yi g\u00fcvenilir hidrolik \u00e7\u00f6z\u00fcmlere yat\u0131r\u0131m yapmak isteyen \u015firketler i\u00e7in ak\u0131ll\u0131 bir tercih haline getiriyor.<\/p>","protected":false},"excerpt":{"rendered":"<p>Long Stroke Double Acting Telescopic Hydraulic Cylinder This brand new Long Stroke Double Acting Telescopic hydraulic cylinder is the perfect addition to your industrial machinery. With a weight of 32 KG and a one-year warranty, it&#8217;s the ideal choice for machinery repair shops, farms, energy &amp; mining, machinery manufacturing, and machinery factories. Product Specifications Bore [&hellip;]<\/p>","protected":false},"featured_media":6765,"comment_status":"closed","ping_status":"closed","template":"","meta":{"_et_pb_use_builder":"","_et_pb_old_content":"","_et_gb_content_width":""},"product_brand":[],"product_cat":[103],"product_tag":[34,105],"class_list":{"0":"post-6644","1":"product","2":"type-product","3":"status-publish","4":"has-post-thumbnail","6":"product_cat-telescopic-hydraulic-cylinders","7":"product_tag-hydraulic-cylinder","8":"product_tag-telescopic-hydraulic-cylinders","10":"first","11":"instock","12":"product-type-simple"},"_links":{"self":[{"href":"https:\/\/fmp-components.com\/tr\/wp-json\/wp\/v2\/product\/6644","targetHints":{"allow":["GET"]}}],"collection":[{"href":"https:\/\/fmp-components.com\/tr\/wp-json\/wp\/v2\/product"}],"about":[{"href":"https:\/\/fmp-components.com\/tr\/wp-json\/wp\/v2\/types\/product"}],"replies":[{"embeddable":true,"href":"https:\/\/fmp-components.com\/tr\/wp-json\/wp\/v2\/comments?post=6644"}],"wp:featuredmedia":[{"embeddable":true,"href":"https:\/\/fmp-components.com\/tr\/wp-json\/wp\/v2\/media\/6765"}],"wp:attachment":[{"href":"https:\/\/fmp-components.com\/tr\/wp-json\/wp\/v2\/media?parent=6644"}],"wp:term":[{"taxonomy":"product_brand","embeddable":true,"href":"https:\/\/fmp-components.com\/tr\/wp-json\/wp\/v2\/product_brand?post=6644"},{"taxonomy":"product_cat","embeddable":true,"href":"https:\/\/fmp-components.com\/tr\/wp-json\/wp\/v2\/product_cat?post=6644"},{"taxonomy":"product_tag","embeddable":true,"href":"https:\/\/fmp-components.com\/tr\/wp-json\/wp\/v2\/product_tag?post=6644"}],"curies":[{"name":"wp","href":"https:\/\/api.w.org\/{rel}","templated":true}]}}