{"id":6643,"date":"2025-03-11T06:35:17","date_gmt":"2025-03-11T06:35:17","guid":{"rendered":"https:\/\/fmp-components.com\/product\/excellent-quality-3-stage-multistage-double-acting-hydraulic-cylinder"},"modified":"2025-03-18T01:03:20","modified_gmt":"2025-03-18T01:03:20","slug":"excellent-quality-3-stage-multistage-double-acting-hydraulic-cylinder","status":"publish","type":"product","link":"https:\/\/fmp-components.com\/tr\/product\/excellent-quality-3-stage-multistage-double-acting-hydraulic-cylinder\/","title":{"rendered":"M\u00fckemmel Kalite 3 Kademeli \u00c7ok Kademeli \u00c7ift Etkili Hidrolik Silindir"},"content":{"rendered":"<h2>M\u00fckemmel Kalite 3 Kademeli \u00c7ok Kademeli \u00c7ift Etkili Hidrolik Silindir<\/h2>\n<p>3 Kademeli \u00c7ok Kademeli \u00c7ift Etkili hidrolik silindirimizin \u00fcst\u00fcn performans\u0131n\u0131 deneyimleyin. \u00c7e\u015fitli sekt\u00f6rler i\u00e7in \u00f6zenle tasarlanan bu \u00fcr\u00fcn, verimlilik ve dayan\u0131kl\u0131l\u0131\u011f\u0131n m\u00fckemmel bir kar\u0131\u015f\u0131m\u0131d\u0131r. Yeni 2025 \u00fcr\u00fcn serisi alt\u0131nda piyasaya s\u00fcr\u00fclen, en kaliteli hidrolik silindir koleksiyonumuza yeni bir ektir.<\/p>\n<h3>Temel \u00d6zellikler ve Avantajlar<\/h3>\n<ul>\n<li><strong>Kaliteli Malzeme:<\/strong> Y\u00fcksek kaliteli \u00e7elikten \u00fcretilmi\u015f olup uzun s\u00fcreli kullan\u0131m ve sa\u011flaml\u0131k sa\u011flar.<\/li>\n<li><strong>\u00c7ift Etkili:<\/strong> Hem itme hem \u00e7ekme y\u00f6n\u00fcnde p\u00fcr\u00fczs\u00fcz ve verimli bir \u00e7al\u0131\u015fma sa\u011flar.<\/li>\n<li><strong>Standart Boyut:<\/strong> 2-6 in\u00e7 delik \u00e7ap\u0131 ve 1.125-4 in\u00e7 \u00e7ubuk \u00e7ap\u0131na sahip standart end\u00fcstriyel uygulamalar i\u00e7in uygundur.<\/li>\n<li><strong>Y\u00fcksek Kapasite:<\/strong> Maksimum 3000 itme g\u00fcc\u00fcne ve 20 tona kadar \u00e7ekme kapasitesine sahiptir.<\/li>\n<li><strong>Garanti:<\/strong> \u00c7ekirdek bile\u015fenlerde 1 y\u0131ll\u0131k garantiyle birlikte gelir, g\u00f6n\u00fcl rahatl\u0131\u011f\u0131 sa\u011flar.<\/li>\n<\/ul>\n<h3>Teknik \u00d6zellikler<\/h3>\n<table style=\"width: 96.9706%;\" border=\"\">\n<tbody>\n<tr>\n<td style=\"width: 43.4286%;\"><strong>Delik Boyutu<\/strong><\/td>\n<td style=\"width: 402.857%;\">2-6 in\u00e7<\/td>\n<\/tr>\n<tr>\n<td style=\"width: 43.4286%;\"><strong>\u00c7ubuk Boyutu<\/strong><\/td>\n<td style=\"width: 402.857%;\">1.125-4 in\u00e7<\/td>\n<\/tr>\n<tr>\n<td style=\"width: 43.4286%;\"><strong>Vuru\u015f Boyutu<\/strong><\/td>\n<td style=\"width: 402.857%;\">4-100 in\u00e7<\/td>\n<\/tr>\n<tr>\n<td style=\"width: 43.4286%;\"><strong>Pin Boyutu<\/strong><\/td>\n<td style=\"width: 402.857%;\">0,5-2 in\u00e7<\/td>\n<\/tr>\n<tr>\n<td style=\"width: 43.4286%;\"><strong>Limanlar<\/strong><\/td>\n<td style=\"width: 402.857%;\">G\/SAE\/NPT\/M<\/td>\n<\/tr>\n<\/tbody>\n<\/table>\n<h2>Hidrolik Sistemleri Anlamak<\/h2>\n<p>\u00c7ok kademeli hidrolik silindirimiz gibi hidrolik sistemler, g\u00fcc\u00fc iletmek i\u00e7in s\u0131v\u0131 kullan\u0131r. Sistemin verimlili\u011fi ve g\u00fcvenli\u011fi, onu makine tamir at\u00f6lyelerinden \u00e7iftliklere, enerji, madencilik ve makine imalat\u0131na kadar \u00e7e\u015fitli sekt\u00f6rler i\u00e7in ideal bir se\u00e7im haline getirir.<\/p>\n<p><img loading=\"lazy\" decoding=\"async\" class=\"alignnone wp-image-6661\" src=\"https:\/\/fmp-components.com\/wp-content\/uploads\/2025\/03\/telescopic-hydraulic-cylinder-10.webp\" alt=\"teleskopik hidrolik silindir\" width=\"904\" height=\"904\" title=\"\" srcset=\"https:\/\/fmp-components.com\/wp-content\/uploads\/2025\/03\/telescopic-hydraulic-cylinder-10.webp 904w, https:\/\/fmp-components.com\/wp-content\/uploads\/2025\/03\/telescopic-hydraulic-cylinder-10-480x480.webp 480w\" sizes=\"(min-width: 0px) and (max-width: 480px) 480px, (min-width: 481px) 904px, 100vw\" \/><\/p>\n<h2>Hidrolik Silindirlerin Uygulamalar\u0131<\/h2>\n<p>Hidrolik silindirlerimiz \u00e7ok y\u00f6nl\u00fcd\u00fcr ve \u00e7e\u015fitli end\u00fcstrilerde yayg\u0131n olarak kullan\u0131l\u0131r. \u00d6zellikle a\u011f\u0131r makinelerde ve end\u00fcstriyel ekipmanlarda gerekli g\u00fc\u00e7 ve kontrol\u00fc sa\u011flamak i\u00e7in olduk\u00e7a faydal\u0131d\u0131rlar.<\/p>\n<h2>Hidrolik Silindirler ve g\u00fc\u00e7 \u00fcniteleri<\/h2>\n<p>Hidrolik silindirler ve g\u00fc\u00e7 \u00fcniteleri, hidrolik sistemlerin ayr\u0131lmaz par\u00e7alar\u0131d\u0131r. Birlikte \u00e7al\u0131\u015fma fonksiyonlar\u0131, hidrolik teknolojisinin end\u00fcstriyel alanlarda yayg\u0131n olarak uygulanmas\u0131n\u0131 sa\u011flayarak \u00e7e\u015fitli m\u00fchendislik ve makine ekipmanlar\u0131 i\u00e7in g\u00fcvenilir g\u00fc\u00e7 ve kontrol deste\u011fi sa\u011flar. Ayr\u0131ca FMP'de sat\u0131l\u0131k g\u00fc\u00e7 \u00fcniteleri de sunuyoruz.<\/p>\n<h2>SSS<\/h2>\n<ol>\n<li><strong>S: Siz bir ticaret \u015firketi misiniz yoksa \u00fcretici misiniz?<\/strong><br \/>\nA: Biz bir fabrikay\u0131z.<\/li>\n<li><strong>S: Teslimat s\u00fcreniz ne kadard\u0131r?<\/strong><br \/>\nA: Genellikle 25-35 g\u00fcnd\u00fcr.<\/li>\n<li><strong>S: Numunelere g\u00f6re \u00fcretim yapabilir misiniz?<\/strong><br \/>\nC: Evet, numuneleriniz veya teknik \u00e7izimleriniz do\u011frultusunda \u00fcretim yapabiliriz. Kal\u0131p ve aparatlar\u0131 biz \u00fcretebiliriz.<\/li>\n<\/ol>\n<h3>FMP Hakk\u0131nda<\/h3>\n<p class=\"break-words\">FMP, y\u00fcksek kaliteli hidrolik silindirlerin tasar\u0131m\u0131, geli\u015ftirilmesi ve \u00fcretiminde uzmanla\u015fm\u0131\u015f lider bir \u0130talyan \u00fcreticisidir. Onlarca y\u0131ll\u0131k uzmanl\u0131\u011fa dayanan zengin bir mirasa sahip olarak, \u0130talyan i\u015f\u00e7ili\u011fini en son teknolojiyle gururla birle\u015ftirerek, k\u00fcresel m\u00fc\u015fterilerimizin \u00e7e\u015fitli ihtiya\u00e7lar\u0131n\u0131 kar\u015f\u0131lamak \u00fczere tasarlanm\u0131\u015f ola\u011fan\u00fcst\u00fc hidrolik \u00e7\u00f6z\u00fcmler sunuyoruz. M\u00fchendislik m\u00fckemmelli\u011finin merkezi \u0130talya'da bulunan FMP, hidrolik sekt\u00f6r\u00fcnde g\u00fcvenilir bir isim olarak \u00f6ne \u00e7\u0131kmakta ve d\u00fcnya \u00e7ap\u0131ndaki i\u015fletmelere g\u00fc\u00e7 katan g\u00fcvenilir, dayan\u0131kl\u0131 ve yenilik\u00e7i \u00fcr\u00fcnler sunmaya kendini adam\u0131\u015ft\u0131r.<\/p>\n<p class=\"break-words\">\u015eirketimiz, ileri d\u00fczey \u00fcretim geleneklerinin en iyilerini ileri g\u00f6r\u00fc\u015fl\u00fc bir yakla\u015f\u0131mla birle\u015ftiriyor. Hidrolik sistemlerdeki uzun y\u0131llara dayanan deneyiminden g\u00fc\u00e7 alan FMP, ara\u015ft\u0131rma, tasar\u0131m ve \u00fcretimde m\u00fckemmellik g\u00f6steren modern bir kurulu\u015fa d\u00f6n\u00fc\u015fm\u00fc\u015ft\u00fcr. \u00c7ift etkili silindirler, otomotiv kald\u0131rma silindirleri, tar\u0131m makineleri silindirleri ve \u00e7e\u015fitli end\u00fcstriyel uygulamalar i\u00e7in \u00f6zel olarak tasarlanm\u0131\u015f \u00e7\u00f6z\u00fcmler de dahil olmak \u00fczere geni\u015f bir hidrolik silindir yelpazesinde uzmanla\u015f\u0131yoruz. \u0130ster in\u015faat, ister end\u00fcstriyel tesisler, ister tar\u0131m veya a\u011f\u0131r makineler olsun, hidrolik silindirlerimiz en zorlu ko\u015fullarda bile g\u00fcvenlik, verimlilik ve uzun \u00f6m\u00fcr sa\u011flayacak \u015fekilde \u00fcretilmi\u015ftir.<\/p>\n<p><img loading=\"lazy\" decoding=\"async\" class=\"alignnone size-full wp-image-6720\" src=\"https:\/\/fmp-components.com\/wp-content\/uploads\/2025\/03\/hydraulic-cylinder-8.webp\" alt=\"Teleskopik Hidrolik Silindirler\" width=\"933\" height=\"526\" title=\"\" srcset=\"https:\/\/fmp-components.com\/wp-content\/uploads\/2025\/03\/hydraulic-cylinder-8.webp 933w, https:\/\/fmp-components.com\/wp-content\/uploads\/2025\/03\/hydraulic-cylinder-8-480x271.webp 480w\" sizes=\"(min-width: 0px) and (max-width: 480px) 480px, (min-width: 481px) 933px, 100vw\" \/><\/p>\n<p class=\"break-words\">FMP olarak, hassas makineler ve geli\u015fmi\u015f test sistemleriyle donat\u0131lm\u0131\u015f son teknoloji \u00fcretim tesislerimizle gurur duyuyoruz. \u00dcretim s\u00fcre\u00e7lerimiz, fabrikam\u0131zdan \u00e7\u0131kan her hidrolik silindirin \u00fcst\u00fcn kalite ve g\u00fcvenilirlikte olmas\u0131n\u0131 sa\u011flayan s\u0131k\u0131 ulusal ve uluslararas\u0131 standartlara uygundur. Son teknoloji ekipmanlarla bir araya gelen yetenekli teknik ekibimiz, hammadde se\u00e7iminden son kontrole kadar \u00fcretimin her a\u015famas\u0131nda s\u0131k\u0131 bir kalite kontrol\u00fc sa\u011flamam\u0131z\u0131 sa\u011flar. M\u00fckemmelli\u011fe olan bu ba\u011fl\u0131l\u0131\u011f\u0131m\u0131z, bize sekt\u00f6r otoritelerinden sertifikalar ve takdirler kazand\u0131rarak, g\u00fcvenilir bir i\u015f orta\u011f\u0131 olarak itibar\u0131m\u0131z\u0131 daha da sa\u011flamla\u015ft\u0131rm\u0131\u015ft\u0131r.<\/p>\n<p class=\"break-words\">Misyonumuz basit ama iddial\u0131: M\u00fc\u015fterilerimize performans, dayan\u0131kl\u0131l\u0131k ve de\u011fer a\u00e7\u0131s\u0131ndan beklentileri a\u015fan hidrolik silindirler sunmak. Profesyonellik, d\u00fcr\u00fcstl\u00fck ve m\u00fc\u015fteri odakl\u0131l\u0131k ilkeleriyle \u00e7al\u0131\u015f\u0131yoruz. Yenilik\u00e7ilik ve hassasiyet k\u00fclt\u00fcr\u00fcn\u00fc benimseyerek, rekabet\u00e7i bir pazarda \u00f6ne \u00e7\u0131kmak i\u00e7in \u00fcr\u00fcnlerimizi s\u00fcrekli olarak geli\u015ftiriyoruz. Kapsaml\u0131 \u00fcr\u00fcn yelpazemiz ve ki\u015fiye \u00f6zel \u00e7\u00f6z\u00fcmler sunma becerimiz, bizi y\u00fcksek performansl\u0131 hidrolik silindir arayan i\u015fletmeler i\u00e7in vazge\u00e7ilmez k\u0131l\u0131yor.<\/p>\n<p class=\"break-words\">FMP, yaln\u0131zca bir \u00fcreticiden daha fazlas\u0131d\u0131r; ba\u015far\u0131n\u0131z\u0131n orta\u011f\u0131y\u0131z. M\u00fc\u015fterilerimizin \u00fcretkenliklerini ve g\u00fcvenliklerini art\u0131ran ara\u00e7lar sunmam\u0131z i\u00e7in bize g\u00fcvendi\u011finin fark\u0131nday\u0131z. Bu nedenle, yaln\u0131zca birinci s\u0131n\u0131f \u00fcr\u00fcnler sunmakla kalmay\u0131p ayn\u0131 zamanda ola\u011fan\u00fcst\u00fc hizmet de sunmaya kararl\u0131y\u0131z. \u0130lk dan\u0131\u015fmanl\u0131ktan sat\u0131\u015f sonras\u0131 deste\u011fe kadar, ihtiya\u00e7lar\u0131n\u0131n profesyonellik ve \u00f6zenle kar\u015f\u0131lanmas\u0131n\u0131 sa\u011flamak i\u00e7in m\u00fc\u015fterilerimizle yak\u0131n bir \u015fekilde \u00e7al\u0131\u015f\u0131yoruz. Rekabet\u00e7i fiyatlar\u0131m\u0131z ve kaliteye olan sars\u0131lmaz ba\u011fl\u0131l\u0131\u011f\u0131m\u0131z, FMP'yi g\u00fcvenebilecekleri hidrolik \u00e7\u00f6z\u00fcmlere yat\u0131r\u0131m yapmak isteyen \u015firketler i\u00e7in ak\u0131ll\u0131 bir tercih haline getiriyor.<\/p>","protected":false},"excerpt":{"rendered":"<p>Excellent Quality 3 Stage Multistage Double Acting Hydraulic Cylinder Experience the superior performance of our 3 Stage Multistage Double Acting hydraulic cylinder. Crafted carefully for a variety of industries, this product is a perfect blend of efficiency and durability. It&#8217;s a new addition to our top-quality hydraulic cylinders collection, launched under the new product 2025 [&hellip;]<\/p>","protected":false},"featured_media":6782,"comment_status":"closed","ping_status":"closed","template":"","meta":{"_et_pb_use_builder":"","_et_pb_old_content":"","_et_gb_content_width":""},"product_brand":[],"product_cat":[103],"product_tag":[34,105],"class_list":{"0":"post-6643","1":"product","2":"type-product","3":"status-publish","4":"has-post-thumbnail","6":"product_cat-telescopic-hydraulic-cylinders","7":"product_tag-hydraulic-cylinder","8":"product_tag-telescopic-hydraulic-cylinders","10":"first","11":"instock","12":"product-type-simple"},"_links":{"self":[{"href":"https:\/\/fmp-components.com\/tr\/wp-json\/wp\/v2\/product\/6643","targetHints":{"allow":["GET"]}}],"collection":[{"href":"https:\/\/fmp-components.com\/tr\/wp-json\/wp\/v2\/product"}],"about":[{"href":"https:\/\/fmp-components.com\/tr\/wp-json\/wp\/v2\/types\/product"}],"replies":[{"embeddable":true,"href":"https:\/\/fmp-components.com\/tr\/wp-json\/wp\/v2\/comments?post=6643"}],"wp:featuredmedia":[{"embeddable":true,"href":"https:\/\/fmp-components.com\/tr\/wp-json\/wp\/v2\/media\/6782"}],"wp:attachment":[{"href":"https:\/\/fmp-components.com\/tr\/wp-json\/wp\/v2\/media?parent=6643"}],"wp:term":[{"taxonomy":"product_brand","embeddable":true,"href":"https:\/\/fmp-components.com\/tr\/wp-json\/wp\/v2\/product_brand?post=6643"},{"taxonomy":"product_cat","embeddable":true,"href":"https:\/\/fmp-components.com\/tr\/wp-json\/wp\/v2\/product_cat?post=6643"},{"taxonomy":"product_tag","embeddable":true,"href":"https:\/\/fmp-components.com\/tr\/wp-json\/wp\/v2\/product_tag?post=6643"}],"curies":[{"name":"wp","href":"https:\/\/api.w.org\/{rel}","templated":true}]}}