{"id":6640,"date":"2025-03-11T06:35:17","date_gmt":"2025-03-11T06:35:17","guid":{"rendered":"https:\/\/fmp-components.com\/product\/mini-two-stage-hydraulic-cylinder-telescopic-hydraulic-cylinder"},"modified":"2025-03-18T01:03:15","modified_gmt":"2025-03-18T01:03:15","slug":"mini-two-stage-hydraulic-cylinder-telescopic-hydraulic-cylinder","status":"publish","type":"product","link":"https:\/\/fmp-components.com\/tr\/product\/mini-two-stage-hydraulic-cylinder-telescopic-hydraulic-cylinder\/","title":{"rendered":"Mini \u0130ki Kademeli Hidrolik Silindir Teleskopik Hidrolik Silindir"},"content":{"rendered":"<h2>Mini \u0130ki Kademeli Hidrolik Silindir Teleskopik Hidrolik Silindir<\/h2>\n<p>Mini \u0130ki Kademeli Hidrolik Silindir Teleskopik Hidrolik Silindirimizle hidrolik teknolojisinin zirvesini deneyimleyin. 2025 y\u0131l\u0131nda piyasaya s\u00fcr\u00fclen bu \u00fcst d\u00fczey \u00fcr\u00fcn, makine tamir at\u00f6lyeleri, \u00e7iftlikler, enerji ve madencilik, makine imalat\u0131 ve makine fabrikalar\u0131 dahil olmak \u00fczere \u00e7ok \u00e7e\u015fitli sekt\u00f6rler i\u00e7in tasarlanm\u0131\u015ft\u0131r.<\/p>\n<h3>\u00d6zellikler ve Teknik \u00d6zellikler<\/h3>\n<p>Hidrolik silindirimiz sa\u011flam, verimli ve g\u00fcvenilir olacak \u015fekilde tasarlanm\u0131\u015ft\u0131r. Rulmanlar ve hidrolik silindir gibi temel bile\u015fenlerden olu\u015fur ve bunlar\u0131n tamam\u0131 sa\u011flam bir \u00e7elik g\u00f6vde i\u00e7ine yerle\u015ftirilmi\u015ftir. Hidrolik enerji kayna\u011f\u0131na sahip standart \u00e7ok kademeli bir hidrolik silindirdir.<\/p>\n<table style=\"width: 97.3637%;\" border=\"\">\n<tbody>\n<tr>\n<td style=\"width: 42.8571%;\"><i>Delik Boyutu<\/i><\/td>\n<td style=\"width: 394.857%;\">2-6 in\u00e7<\/td>\n<\/tr>\n<tr>\n<td style=\"width: 42.8571%;\"><i>\u00c7ubuk Boyutu<\/i><\/td>\n<td style=\"width: 394.857%;\">1.125-4 in\u00e7<\/td>\n<\/tr>\n<tr>\n<td style=\"width: 42.8571%;\"><i>Vuru\u015f Boyutu<\/i><\/td>\n<td style=\"width: 394.857%;\">4-100 in\u00e7<\/td>\n<\/tr>\n<tr>\n<td style=\"width: 42.8571%;\"><i>Pin Boyutu<\/i><\/td>\n<td style=\"width: 394.857%;\">0,5-2 in\u00e7<\/td>\n<\/tr>\n<tr>\n<td style=\"width: 42.8571%;\"><i>Limanlar<\/i><\/td>\n<td style=\"width: 394.857%;\">G\/SAE\/NPT\/M<\/td>\n<\/tr>\n<\/tbody>\n<\/table>\n<h2>\u00d6ne \u00c7\u0131kan \u00d6zellikler<\/h2>\n<p>Hidrolik silindir, 3000'lik maksimum itme g\u00fcc\u00fcne ve 20 tona kadar \u00e7ekme kapasitesine sahiptir. ISO9001:2000 sertifikal\u0131d\u0131r ve temel bile\u015fenleri i\u00e7in 1 y\u0131l garantilidir. Siyah rengi, her t\u00fcrl\u00fc end\u00fcstriyel ortama uyum sa\u011flayan \u015f\u0131k ve profesyonel bir g\u00f6r\u00fcn\u00fcm kazand\u0131r\u0131r.<\/p>\n<h2>Hidrolik Sistemler Nas\u0131l \u00c7al\u0131\u015f\u0131r?<\/h2>\n<p>Hidrolik sistemler, kuvvet ve hareket \u00fcretmek i\u00e7in s\u0131v\u0131 bas\u0131nc\u0131n\u0131n g\u00fcc\u00fcnden yararlan\u0131r ve bu da onlar\u0131 \u00e7e\u015fitli end\u00fcstriyel uygulamalarda temel bir teknoloji haline getirir. Bu sistemlerin kalbinde, hidrolik s\u0131v\u0131y\u0131 i\u00e7erecek \u015fekilde tasarlanm\u0131\u015f bir piston yap\u0131s\u0131ndan olu\u015fan hidrolik silindir bulunur. Bu s\u0131v\u0131, genellikle bir hidrolik pompa taraf\u0131ndan bas\u0131n\u00e7land\u0131r\u0131ld\u0131\u011f\u0131nda, hassas bir \u015fekilde kontrol edilebilen g\u00fc\u00e7l\u00fc bir itme kuvveti olu\u015fturur. Bu itme kuvveti daha sonra, a\u011f\u0131r y\u00fckleri kald\u0131rmaktan makineleri \u00e7al\u0131\u015ft\u0131rmaya kadar farkl\u0131 end\u00fcstrilerde \u00e7ok \u00e7e\u015fitli g\u00f6revleri yerine getirmek i\u00e7in kullan\u0131l\u0131r.<\/p>\n<p><img loading=\"lazy\" decoding=\"async\" class=\"alignnone wp-image-6717\" src=\"https:\/\/fmp-components.com\/wp-content\/uploads\/2025\/03\/hydraulic-cylinder-211.webp\" alt=\"Hidrolik Silindirler\" width=\"805\" height=\"807\" title=\"\" srcset=\"https:\/\/fmp-components.com\/wp-content\/uploads\/2025\/03\/hydraulic-cylinder-211.webp 805w, https:\/\/fmp-components.com\/wp-content\/uploads\/2025\/03\/hydraulic-cylinder-211-480x481.webp 480w\" sizes=\"(min-width: 0px) and (max-width: 480px) 480px, (min-width: 481px) 805px, 100vw\" \/><\/p>\n<h2>Hidrolik Silindirin Uygulamalar\u0131<\/h2>\n<p>Hidrolik silindirlerin \u00e7ok y\u00f6nl\u00fcl\u00fc\u011f\u00fc en b\u00fcy\u00fck avantajlar\u0131ndan biridir. Bu silindirler y\u00fcksek \u00e7ekme ve itme kapasiteleri sunarak a\u011f\u0131r i\u015f makinelerinde ve ekipmanlar\u0131nda vazge\u00e7ilmez hale gelirler. \u00d6rne\u011fin, tar\u0131mda, trakt\u00f6r ve bi\u00e7erd\u00f6ver gibi tar\u0131m ekipmanlar\u0131nda aletleri kald\u0131rmak ve indirmek i\u00e7in hidrolik silindirler kullan\u0131l\u0131r. Madencilikte ise sondaj ve kaz\u0131 makinelerine g\u00fc\u00e7 sa\u011flayarak b\u00fcy\u00fck y\u00fcklerin kolayl\u0131kla hareket ettirilmesini sa\u011flarlar. Ayr\u0131ca, hidrolik silindirler in\u015faat ekipmanlar\u0131nda, otomotiv kald\u0131rma sistemlerinde ve hatta havac\u0131l\u0131k teknolojisinde bile uygulama alan\u0131 bularak yayg\u0131n kullan\u0131\u015fl\u0131l\u0131klar\u0131n\u0131 ve sa\u011flaml\u0131klar\u0131n\u0131 g\u00f6stermektedir.<\/p>\n<h2>Hidrolik Silindirler ve g\u00fc\u00e7 \u00fcniteleri<\/h2>\n<p>Hidrolik silindirler ve g\u00fc\u00e7 \u00fcniteleri, verimlili\u011fi ve etkinli\u011fi en \u00fcst d\u00fczeye \u00e7\u0131karmak i\u00e7in birlikte \u00e7al\u0131\u015fan, hidrolik sistemin iki vazge\u00e7ilmez bile\u015fenidir. Hidrolik silindir, hidrolik enerjiyi mekanik harekete d\u00f6n\u00fc\u015ft\u00fcr\u00fcrken, g\u00fc\u00e7 \u00fcnitesi gerekli bas\u0131nc\u0131 ve hidrolik s\u0131v\u0131 ak\u0131\u015f\u0131n\u0131 sa\u011flar. Bu bile\u015fenler birlikte, \u00e7e\u015fitli end\u00fcstriyel alanlarda hidrolik teknolojisinin g\u00fcvenilir \u00e7al\u0131\u015fmas\u0131n\u0131 sa\u011flar. \u00dcretim s\u00fcre\u00e7lerinden ula\u015f\u0131m sistemlerine kadar geni\u015f bir yelpazedeki m\u00fchendislik ve mekanik ekipman i\u00e7in temel g\u00fc\u00e7 ve kontrol deste\u011fi sa\u011flarlar. Bu sinerji, yaln\u0131zca verimlili\u011fi art\u0131rmakla kalmaz, ayn\u0131 zamanda hareketler \u00fczerinde hassas kontrol sa\u011flar ve hidrolik sistemleri modern m\u00fchendislikte kritik bir unsur haline getirir.<\/p>\n<p>\u00d6zetle, s\u0131v\u0131 bas\u0131nc\u0131n\u0131 mekanik kuvvete d\u00f6n\u00fc\u015ft\u00fcrme yetenekleriyle hidrolik sistemler, \u00e7ok \u00e7e\u015fitli end\u00fcstrilerde hayati bir rol oynamakta ve a\u011f\u0131r i\u015fler ile karma\u015f\u0131k makine i\u015flemleri i\u00e7in g\u00fc\u00e7l\u00fc \u00e7\u00f6z\u00fcmler sunmaktad\u0131r.<\/p>\n<h2>SSS<\/h2>\n<p><b>S: Siz bir ticaret \u015firketi misiniz yoksa \u00fcretici misiniz?<\/b><br \/>\nA: Biz \u00fcreticiyiz.<\/p>\n<p><b>S: Teslimat s\u00fcreniz ne kadard\u0131r?<\/b><br \/>\nA: Genellikle 25-35 g\u00fcnd\u00fcr.<\/p>\n<p><b>S: Numune sa\u011fl\u0131yor musunuz? \u00dccretsiz mi yoksa ekstra m\u0131?<\/b><br \/>\nC: Evet, numune sunabiliriz ancak \u00fccretsiz de\u011fil.<\/p>\n<h3>FMP Hakk\u0131nda<\/h3>\n<p class=\"break-words\">FMP, y\u00fcksek kaliteli hidrolik silindirlerin tasar\u0131m\u0131, geli\u015ftirilmesi ve \u00fcretiminde uzmanla\u015fm\u0131\u015f lider bir \u0130talyan \u00fcreticisidir. Onlarca y\u0131ll\u0131k uzmanl\u0131\u011fa dayanan zengin bir mirasa sahip olarak, \u0130talyan i\u015f\u00e7ili\u011fini en son teknolojiyle gururla birle\u015ftirerek, k\u00fcresel m\u00fc\u015fterilerimizin \u00e7e\u015fitli ihtiya\u00e7lar\u0131n\u0131 kar\u015f\u0131lamak \u00fczere tasarlanm\u0131\u015f ola\u011fan\u00fcst\u00fc hidrolik \u00e7\u00f6z\u00fcmler sunuyoruz. M\u00fchendislik m\u00fckemmelli\u011finin merkezi \u0130talya'da bulunan FMP, hidrolik sekt\u00f6r\u00fcnde g\u00fcvenilir bir isim olarak \u00f6ne \u00e7\u0131kmakta ve d\u00fcnya \u00e7ap\u0131ndaki i\u015fletmelere g\u00fc\u00e7 katan g\u00fcvenilir, dayan\u0131kl\u0131 ve yenilik\u00e7i \u00fcr\u00fcnler sunmaya kendini adam\u0131\u015ft\u0131r.<\/p>\n<p class=\"break-words\">\u015eirketimiz, ileri d\u00fczey \u00fcretim geleneklerinin en iyilerini ileri g\u00f6r\u00fc\u015fl\u00fc bir yakla\u015f\u0131mla birle\u015ftiriyor. Hidrolik sistemlerdeki uzun y\u0131llara dayanan deneyiminden g\u00fc\u00e7 alan FMP, ara\u015ft\u0131rma, tasar\u0131m ve \u00fcretimde m\u00fckemmellik g\u00f6steren modern bir kurulu\u015fa d\u00f6n\u00fc\u015fm\u00fc\u015ft\u00fcr. \u00c7ift etkili silindirler, otomotiv kald\u0131rma silindirleri, tar\u0131m makineleri silindirleri ve \u00e7e\u015fitli end\u00fcstriyel uygulamalar i\u00e7in \u00f6zel olarak tasarlanm\u0131\u015f \u00e7\u00f6z\u00fcmler de dahil olmak \u00fczere geni\u015f bir hidrolik silindir yelpazesinde uzmanla\u015f\u0131yoruz. \u0130ster in\u015faat, ister end\u00fcstriyel tesisler, ister tar\u0131m veya a\u011f\u0131r makineler olsun, hidrolik silindirlerimiz en zorlu ko\u015fullarda bile g\u00fcvenlik, verimlilik ve uzun \u00f6m\u00fcr sa\u011flayacak \u015fekilde \u00fcretilmi\u015ftir.<\/p>\n<p><img loading=\"lazy\" decoding=\"async\" class=\"alignnone size-full wp-image-6720\" src=\"https:\/\/fmp-components.com\/wp-content\/uploads\/2025\/03\/hydraulic-cylinder-8.webp\" alt=\"Teleskopik Hidrolik Silindirler\" width=\"933\" height=\"526\" title=\"\" srcset=\"https:\/\/fmp-components.com\/wp-content\/uploads\/2025\/03\/hydraulic-cylinder-8.webp 933w, https:\/\/fmp-components.com\/wp-content\/uploads\/2025\/03\/hydraulic-cylinder-8-480x271.webp 480w\" sizes=\"(min-width: 0px) and (max-width: 480px) 480px, (min-width: 481px) 933px, 100vw\" \/><\/p>\n<p class=\"break-words\">FMP olarak, hassas makineler ve geli\u015fmi\u015f test sistemleriyle donat\u0131lm\u0131\u015f son teknoloji \u00fcretim tesislerimizle gurur duyuyoruz. \u00dcretim s\u00fcre\u00e7lerimiz, fabrikam\u0131zdan \u00e7\u0131kan her hidrolik silindirin \u00fcst\u00fcn kalite ve g\u00fcvenilirlikte olmas\u0131n\u0131 sa\u011flayan s\u0131k\u0131 ulusal ve uluslararas\u0131 standartlara uygundur. Son teknoloji ekipmanlarla bir araya gelen yetenekli teknik ekibimiz, hammadde se\u00e7iminden son kontrole kadar \u00fcretimin her a\u015famas\u0131nda s\u0131k\u0131 bir kalite kontrol\u00fc sa\u011flamam\u0131z\u0131 sa\u011flar. M\u00fckemmelli\u011fe olan bu ba\u011fl\u0131l\u0131\u011f\u0131m\u0131z, bize sekt\u00f6r otoritelerinden sertifikalar ve takdirler kazand\u0131rarak, g\u00fcvenilir bir i\u015f orta\u011f\u0131 olarak itibar\u0131m\u0131z\u0131 daha da sa\u011flamla\u015ft\u0131rm\u0131\u015ft\u0131r.<\/p>\n<p class=\"break-words\">Misyonumuz basit ama iddial\u0131: M\u00fc\u015fterilerimize performans, dayan\u0131kl\u0131l\u0131k ve de\u011fer a\u00e7\u0131s\u0131ndan beklentileri a\u015fan hidrolik silindirler sunmak. Profesyonellik, d\u00fcr\u00fcstl\u00fck ve m\u00fc\u015fteri odakl\u0131l\u0131k ilkeleriyle \u00e7al\u0131\u015f\u0131yoruz. Yenilik\u00e7ilik ve hassasiyet k\u00fclt\u00fcr\u00fcn\u00fc benimseyerek, rekabet\u00e7i bir pazarda \u00f6ne \u00e7\u0131kmak i\u00e7in \u00fcr\u00fcnlerimizi s\u00fcrekli olarak geli\u015ftiriyoruz. Kapsaml\u0131 \u00fcr\u00fcn yelpazemiz ve ki\u015fiye \u00f6zel \u00e7\u00f6z\u00fcmler sunma becerimiz, bizi y\u00fcksek performansl\u0131 hidrolik silindir arayan i\u015fletmeler i\u00e7in vazge\u00e7ilmez k\u0131l\u0131yor.<\/p>\n<p class=\"break-words\">FMP, yaln\u0131zca bir \u00fcreticiden daha fazlas\u0131d\u0131r; ba\u015far\u0131n\u0131z\u0131n orta\u011f\u0131y\u0131z. M\u00fc\u015fterilerimizin \u00fcretkenliklerini ve g\u00fcvenliklerini art\u0131ran ara\u00e7lar sunmam\u0131z i\u00e7in bize g\u00fcvendi\u011finin fark\u0131nday\u0131z. Bu nedenle, yaln\u0131zca birinci s\u0131n\u0131f \u00fcr\u00fcnler sunmakla kalmay\u0131p ayn\u0131 zamanda ola\u011fan\u00fcst\u00fc hizmet de sunmaya kararl\u0131y\u0131z. \u0130lk dan\u0131\u015fmanl\u0131ktan sat\u0131\u015f sonras\u0131 deste\u011fe kadar, ihtiya\u00e7lar\u0131n\u0131n profesyonellik ve \u00f6zenle kar\u015f\u0131lanmas\u0131n\u0131 sa\u011flamak i\u00e7in m\u00fc\u015fterilerimizle yak\u0131n bir \u015fekilde \u00e7al\u0131\u015f\u0131yoruz. Rekabet\u00e7i fiyatlar\u0131m\u0131z ve kaliteye olan sars\u0131lmaz ba\u011fl\u0131l\u0131\u011f\u0131m\u0131z, FMP'yi g\u00fcvenebilecekleri hidrolik \u00e7\u00f6z\u00fcmlere yat\u0131r\u0131m yapmak isteyen \u015firketler i\u00e7in ak\u0131ll\u0131 bir tercih haline getiriyor.<\/p>","protected":false},"excerpt":{"rendered":"<p>Mini Two Stage Hydraulic Cylinder Telescopic Hydraulic Cylinder Experience the pinnacle of hydraulic technology with our Mini Two Stage Hydraulic Cylinder Telescopic Hydraulic Cylinder. This top-of-the-line product, new to the market in 2025, is designed for a wide range of industries, including machinery repair shops, farms, energy &amp; mining, machinery manufacturing, and machinery factories. Features [&hellip;]<\/p>","protected":false},"featured_media":6784,"comment_status":"closed","ping_status":"closed","template":"","meta":{"_et_pb_use_builder":"","_et_pb_old_content":"","_et_gb_content_width":""},"product_brand":[],"product_cat":[103],"product_tag":[34,105],"class_list":{"0":"post-6640","1":"product","2":"type-product","3":"status-publish","4":"has-post-thumbnail","6":"product_cat-telescopic-hydraulic-cylinders","7":"product_tag-hydraulic-cylinder","8":"product_tag-telescopic-hydraulic-cylinders","10":"first","11":"instock","12":"product-type-simple"},"_links":{"self":[{"href":"https:\/\/fmp-components.com\/tr\/wp-json\/wp\/v2\/product\/6640","targetHints":{"allow":["GET"]}}],"collection":[{"href":"https:\/\/fmp-components.com\/tr\/wp-json\/wp\/v2\/product"}],"about":[{"href":"https:\/\/fmp-components.com\/tr\/wp-json\/wp\/v2\/types\/product"}],"replies":[{"embeddable":true,"href":"https:\/\/fmp-components.com\/tr\/wp-json\/wp\/v2\/comments?post=6640"}],"wp:featuredmedia":[{"embeddable":true,"href":"https:\/\/fmp-components.com\/tr\/wp-json\/wp\/v2\/media\/6784"}],"wp:attachment":[{"href":"https:\/\/fmp-components.com\/tr\/wp-json\/wp\/v2\/media?parent=6640"}],"wp:term":[{"taxonomy":"product_brand","embeddable":true,"href":"https:\/\/fmp-components.com\/tr\/wp-json\/wp\/v2\/product_brand?post=6640"},{"taxonomy":"product_cat","embeddable":true,"href":"https:\/\/fmp-components.com\/tr\/wp-json\/wp\/v2\/product_cat?post=6640"},{"taxonomy":"product_tag","embeddable":true,"href":"https:\/\/fmp-components.com\/tr\/wp-json\/wp\/v2\/product_tag?post=6640"}],"curies":[{"name":"wp","href":"https:\/\/api.w.org\/{rel}","templated":true}]}}