{"id":6638,"date":"2025-03-11T06:35:17","date_gmt":"2025-03-11T06:35:17","guid":{"rendered":"https:\/\/fmp-components.com\/product\/double-acting-dump-truck-4-stage-hydraulic-cylinder-telescopic-hydraulic-cylinder"},"modified":"2025-03-12T09:00:33","modified_gmt":"2025-03-12T09:00:33","slug":"double-acting-dump-truck-4-stage-hydraulic-cylinder-telescopic-hydraulic-cylinder","status":"publish","type":"product","link":"https:\/\/fmp-components.com\/tr\/product\/double-acting-dump-truck-4-stage-hydraulic-cylinder-telescopic-hydraulic-cylinder\/","title":{"rendered":"\u00c7ift Etkili Damperli Kamyon 4 Kademeli Hidrolik Silindir Teleskopik Hidrolik Silindir"},"content":{"rendered":"<h2>\u00c7ift Etkili Damperli Kamyon 4 Kademeli Hidrolik Silindir Teleskopik Hidrolik Silindir<\/h2>\n<p>Yepyeni \u00c7ift Etkili Damperli Kamyon 4 Kademeli Hidrolik Silindir Teleskopik Hidrolik Silindiri tan\u0131t\u0131yoruz. Bu devrim niteli\u011findeki hidrolik silindir, makine i\u015flemlerinizde maksimum verimlilik ve performans elde etmenize yard\u0131mc\u0131 olmak i\u00e7in tasarlanm\u0131\u015ft\u0131r.<\/p>\n<h3>Temel \u00d6zellikler ve \u0130\u015flevler<\/h3>\n<p>Hidrolik silindir, makine tamir at\u00f6lyelerinde, \u00e7iftliklerde, enerji, madencilik, makine imalat\u0131 ve makine fabrikalar\u0131nda temel bir bile\u015fendir. A\u011f\u0131r hizmet makineleri i\u00e7in vazge\u00e7ilmez bir ara\u00e7 olup, 3000 tonluk maksimum itme kuvveti ve 20 tonluk maksimum \u00e7ekme kuvveti sunar. Silindir, en zorlu \u00e7al\u0131\u015fma ko\u015fullar\u0131na bile dayanabilmesini sa\u011flayan dayan\u0131kl\u0131 \u00e7elik malzemeden \u00fcretilmi\u015ftir.<\/p>\n<h3>Teknik Parametreler<\/h3>\n<table style=\"width: 95.0937%;\" border=\"\">\n<tbody>\n<tr>\n<td style=\"width: 42.8571%;\"><i>Delik Boyutu<\/i><\/td>\n<td style=\"width: 384.571%;\">2-6 in\u00e7<\/td>\n<\/tr>\n<tr>\n<td style=\"width: 42.8571%;\"><i>\u00c7ubuk Boyutu<\/i><\/td>\n<td style=\"width: 384.571%;\">1.125-4 in\u00e7<\/td>\n<\/tr>\n<tr>\n<td style=\"width: 42.8571%;\"><i>Vuru\u015f Boyutu<\/i><\/td>\n<td style=\"width: 384.571%;\">4-100 in\u00e7<\/td>\n<\/tr>\n<tr>\n<td style=\"width: 42.8571%;\"><i>Pin Boyutu<\/i><\/td>\n<td style=\"width: 384.571%;\">0,5-2 in\u00e7<\/td>\n<\/tr>\n<tr>\n<td style=\"width: 42.8571%;\"><i>Limanlar<\/i><\/td>\n<td style=\"width: 384.571%;\">G\/SAE\/NPT\/M<\/td>\n<\/tr>\n<\/tbody>\n<\/table>\n<h2>Benzersiz Avantajlar<\/h2>\n<ul>\n<li>Enerji verimlili\u011fi<\/li>\n<li>Y\u00fcksek performans<\/li>\n<li>G\u00fcvenlik ve g\u00fcvenilirlik<\/li>\n<\/ul>\n<h3>Hidrolik Sistemler ve \u00c7al\u0131\u015fma Prensibi<\/h3>\n<p>Hidrolik silindir, hidrolik enerjiyi mekanik harekete d\u00f6n\u00fc\u015ft\u00fcrerek, bas\u0131nc\u0131 kuvvete \u00e7evirir. Silindir, hidrolik sistemin sorunsuz ve verimli \u00e7al\u0131\u015fmas\u0131n\u0131 sa\u011flayan \u00f6nemli bir bile\u015fendir.<\/p>\n<p><img loading=\"lazy\" decoding=\"async\" class=\"alignnone  wp-image-6659\" src=\"https:\/\/fmp-components.com\/wp-content\/uploads\/2025\/03\/telescopic-hydraulic-cylinder-12.webp\" alt=\"teleskopik hidrolik silindir\" width=\"773\" height=\"773\" title=\"\" srcset=\"https:\/\/fmp-components.com\/wp-content\/uploads\/2025\/03\/telescopic-hydraulic-cylinder-12.webp 773w, https:\/\/fmp-components.com\/wp-content\/uploads\/2025\/03\/telescopic-hydraulic-cylinder-12-480x480.webp 480w\" sizes=\"(min-width: 0px) and (max-width: 480px) 480px, (min-width: 481px) 773px, 100vw\" \/><\/p>\n<h3>Uygulama Senaryolar\u0131<\/h3>\n<p>Hidrolik silindirlerimiz, makine tamir at\u00f6lyeleri, \u00e7iftlikler, enerji ve madencilik sekt\u00f6rleri de dahil olmak \u00fczere \u00e7e\u015fitli sekt\u00f6rlerde yayg\u0131n olarak kullan\u0131lmaktad\u0131r. Zorlu ko\u015fullar alt\u0131nda \u00e7al\u0131\u015fmak \u00fczere tasarlanm\u0131\u015f olup ola\u011fan\u00fcst\u00fc dayan\u0131kl\u0131l\u0131k ve performans sunmaktad\u0131rlar.<\/p>\n<h2>Hidrolik Silindirler ve g\u00fc\u00e7 \u00fcniteleri<\/h2>\n<p>Hidrolik silindir ve g\u00fc\u00e7 \u00fcnitesi, hidrolik sistemin temel bile\u015fenleridir. End\u00fcstriyel alanda hidrolik teknolojisinin geni\u015f \u00e7apl\u0131 uygulanmas\u0131n\u0131 sa\u011flamak i\u00e7in birlikte \u00e7al\u0131\u015f\u0131rlar ve \u00e7e\u015fitli m\u00fchendislik ve mekanik ekipmanlar i\u00e7in g\u00fcvenilir g\u00fc\u00e7 ve kontrol deste\u011fi sa\u011flarlar. Bir tahrik eleman\u0131 olarak hidrolik silindir, hidrolik enerjiyi mekanik harekete, bas\u0131nc\u0131 kuvvete d\u00f6n\u00fc\u015ft\u00fcrmekten sorumludur. G\u00fc\u00e7 \u00fcnitesi ise, hidrolik sistemin ihtiya\u00e7 duydu\u011fu enerjiyi ve kontrol sinyallerini sa\u011flayan \u00e7ekirdektir.<\/p>\n<h3>SSS<\/h3>\n<p><b>S: Hidrolik silindirin maksimum \u00e7ekme kuvveti nedir?<\/b><br \/>\nA: Hidrolik silindirimizin maksimum \u00e7ekme g\u00fcc\u00fc 20 tondur.<\/p>\n<p><b>S: Hidrolik silindir hangi malzemeden yap\u0131lm\u0131\u015ft\u0131r?<\/b><br \/>\nA: Hidrolik silindirimiz sa\u011flam ve dayan\u0131kl\u0131 \u00e7elikten \u00fcretilmi\u015ftir.<\/p>\n<p><b>S: Ki\u015fiye \u00f6zel hizmetler sunuyor musunuz?<\/b><br \/>\nA: Evet, \u00f6zelle\u015ftirilmi\u015f hizmetler sunuyoruz. Hidrolik silindirlerinizi \u00f6zel ihtiya\u00e7lar\u0131n\u0131za g\u00f6re uyarlayabilirsiniz.<\/p>\n<h3>FMP Hakk\u0131nda<\/h3>\n<p class=\"break-words\">FMP, y\u00fcksek kaliteli hidrolik silindirlerin tasar\u0131m\u0131, geli\u015ftirilmesi ve \u00fcretiminde uzmanla\u015fm\u0131\u015f lider bir \u0130talyan \u00fcreticisidir. Onlarca y\u0131ll\u0131k uzmanl\u0131\u011fa dayanan zengin bir mirasa sahip olarak, \u0130talyan i\u015f\u00e7ili\u011fini en son teknolojiyle gururla birle\u015ftirerek, k\u00fcresel m\u00fc\u015fterilerimizin \u00e7e\u015fitli ihtiya\u00e7lar\u0131n\u0131 kar\u015f\u0131lamak \u00fczere tasarlanm\u0131\u015f ola\u011fan\u00fcst\u00fc hidrolik \u00e7\u00f6z\u00fcmler sunuyoruz. M\u00fchendislik m\u00fckemmelli\u011finin merkezi \u0130talya'da bulunan FMP, hidrolik sekt\u00f6r\u00fcnde g\u00fcvenilir bir isim olarak \u00f6ne \u00e7\u0131kmakta ve d\u00fcnya \u00e7ap\u0131ndaki i\u015fletmelere g\u00fc\u00e7 katan g\u00fcvenilir, dayan\u0131kl\u0131 ve yenilik\u00e7i \u00fcr\u00fcnler sunmaya kendini adam\u0131\u015ft\u0131r.<\/p>\n<p class=\"break-words\">\u015eirketimiz, ileri d\u00fczey \u00fcretim geleneklerinin en iyilerini ileri g\u00f6r\u00fc\u015fl\u00fc bir yakla\u015f\u0131mla birle\u015ftiriyor. Hidrolik sistemlerdeki uzun y\u0131llara dayanan deneyiminden g\u00fc\u00e7 alan FMP, ara\u015ft\u0131rma, tasar\u0131m ve \u00fcretimde m\u00fckemmellik g\u00f6steren modern bir kurulu\u015fa d\u00f6n\u00fc\u015fm\u00fc\u015ft\u00fcr. \u00c7ift etkili silindirler, otomotiv kald\u0131rma silindirleri, tar\u0131m makineleri silindirleri ve \u00e7e\u015fitli end\u00fcstriyel uygulamalar i\u00e7in \u00f6zel olarak tasarlanm\u0131\u015f \u00e7\u00f6z\u00fcmler de dahil olmak \u00fczere geni\u015f bir hidrolik silindir yelpazesinde uzmanla\u015f\u0131yoruz. \u0130ster in\u015faat, ister end\u00fcstriyel tesisler, ister tar\u0131m veya a\u011f\u0131r makineler olsun, hidrolik silindirlerimiz en zorlu ko\u015fullarda bile g\u00fcvenlik, verimlilik ve uzun \u00f6m\u00fcr sa\u011flayacak \u015fekilde \u00fcretilmi\u015ftir.<\/p>\n<p><img loading=\"lazy\" decoding=\"async\" class=\"alignnone size-full wp-image-6720\" src=\"https:\/\/fmp-components.com\/wp-content\/uploads\/2025\/03\/hydraulic-cylinder-8.webp\" alt=\"Teleskopik Hidrolik Silindirler\" width=\"933\" height=\"526\" title=\"\" srcset=\"https:\/\/fmp-components.com\/wp-content\/uploads\/2025\/03\/hydraulic-cylinder-8.webp 933w, https:\/\/fmp-components.com\/wp-content\/uploads\/2025\/03\/hydraulic-cylinder-8-480x271.webp 480w\" sizes=\"(min-width: 0px) and (max-width: 480px) 480px, (min-width: 481px) 933px, 100vw\" \/><\/p>\n<p class=\"break-words\">FMP olarak, hassas makineler ve geli\u015fmi\u015f test sistemleriyle donat\u0131lm\u0131\u015f son teknoloji \u00fcretim tesislerimizle gurur duyuyoruz. \u00dcretim s\u00fcre\u00e7lerimiz, fabrikam\u0131zdan \u00e7\u0131kan her hidrolik silindirin \u00fcst\u00fcn kalite ve g\u00fcvenilirlikte olmas\u0131n\u0131 sa\u011flayan s\u0131k\u0131 ulusal ve uluslararas\u0131 standartlara uygundur. Son teknoloji ekipmanlarla bir araya gelen yetenekli teknik ekibimiz, hammadde se\u00e7iminden son kontrole kadar \u00fcretimin her a\u015famas\u0131nda s\u0131k\u0131 bir kalite kontrol\u00fc sa\u011flamam\u0131z\u0131 sa\u011flar. M\u00fckemmelli\u011fe olan bu ba\u011fl\u0131l\u0131\u011f\u0131m\u0131z, bize sekt\u00f6r otoritelerinden sertifikalar ve takdirler kazand\u0131rarak, g\u00fcvenilir bir i\u015f orta\u011f\u0131 olarak itibar\u0131m\u0131z\u0131 daha da sa\u011flamla\u015ft\u0131rm\u0131\u015ft\u0131r.<\/p>\n<p class=\"break-words\">Misyonumuz basit ama iddial\u0131: M\u00fc\u015fterilerimize performans, dayan\u0131kl\u0131l\u0131k ve de\u011fer a\u00e7\u0131s\u0131ndan beklentileri a\u015fan hidrolik silindirler sunmak. Profesyonellik, d\u00fcr\u00fcstl\u00fck ve m\u00fc\u015fteri odakl\u0131l\u0131k ilkeleriyle \u00e7al\u0131\u015f\u0131yoruz. Yenilik\u00e7ilik ve hassasiyet k\u00fclt\u00fcr\u00fcn\u00fc benimseyerek, rekabet\u00e7i bir pazarda \u00f6ne \u00e7\u0131kmak i\u00e7in \u00fcr\u00fcnlerimizi s\u00fcrekli olarak geli\u015ftiriyoruz. Kapsaml\u0131 \u00fcr\u00fcn yelpazemiz ve ki\u015fiye \u00f6zel \u00e7\u00f6z\u00fcmler sunma becerimiz, bizi y\u00fcksek performansl\u0131 hidrolik silindir arayan i\u015fletmeler i\u00e7in vazge\u00e7ilmez k\u0131l\u0131yor.<\/p>\n<p class=\"break-words\">FMP, yaln\u0131zca bir \u00fcreticiden daha fazlas\u0131d\u0131r; ba\u015far\u0131n\u0131z\u0131n orta\u011f\u0131y\u0131z. M\u00fc\u015fterilerimizin \u00fcretkenliklerini ve g\u00fcvenliklerini art\u0131ran ara\u00e7lar sunmam\u0131z i\u00e7in bize g\u00fcvendi\u011finin fark\u0131nday\u0131z. Bu nedenle, yaln\u0131zca birinci s\u0131n\u0131f \u00fcr\u00fcnler sunmakla kalmay\u0131p ayn\u0131 zamanda ola\u011fan\u00fcst\u00fc hizmet de sunmaya kararl\u0131y\u0131z. \u0130lk dan\u0131\u015fmanl\u0131ktan sat\u0131\u015f sonras\u0131 deste\u011fe kadar, ihtiya\u00e7lar\u0131n\u0131n profesyonellik ve \u00f6zenle kar\u015f\u0131lanmas\u0131n\u0131 sa\u011flamak i\u00e7in m\u00fc\u015fterilerimizle yak\u0131n bir \u015fekilde \u00e7al\u0131\u015f\u0131yoruz. Rekabet\u00e7i fiyatlar\u0131m\u0131z ve kaliteye olan sars\u0131lmaz ba\u011fl\u0131l\u0131\u011f\u0131m\u0131z, FMP'yi g\u00fcvenebilecekleri hidrolik \u00e7\u00f6z\u00fcmlere yat\u0131r\u0131m yapmak isteyen \u015firketler i\u00e7in ak\u0131ll\u0131 bir tercih haline getiriyor.<\/p>","protected":false},"excerpt":{"rendered":"<p>Double Acting Dump Truck 4 Stage Hydraulic Cylinder Telescopic Hydraulic Cylinder Introducing the brand new Double Acting Dump Truck 4 Stage hydraulic cylinder Telescopic Hydraulic Cylinder. This revolutionary hydraulic cylinder is designed to help you achieve maximum efficiency and performance in your machinery operations. Key Features and Functions The hydraulic cylinder is a core component [&hellip;]<\/p>","protected":false},"featured_media":6778,"comment_status":"closed","ping_status":"closed","template":"","meta":{"_et_pb_use_builder":"","_et_pb_old_content":"","_et_gb_content_width":""},"product_brand":[],"product_cat":[103],"product_tag":[34,105],"class_list":{"0":"post-6638","1":"product","2":"type-product","3":"status-publish","4":"has-post-thumbnail","6":"product_cat-telescopic-hydraulic-cylinders","7":"product_tag-hydraulic-cylinder","8":"product_tag-telescopic-hydraulic-cylinders","10":"first","11":"instock","12":"product-type-simple"},"_links":{"self":[{"href":"https:\/\/fmp-components.com\/tr\/wp-json\/wp\/v2\/product\/6638","targetHints":{"allow":["GET"]}}],"collection":[{"href":"https:\/\/fmp-components.com\/tr\/wp-json\/wp\/v2\/product"}],"about":[{"href":"https:\/\/fmp-components.com\/tr\/wp-json\/wp\/v2\/types\/product"}],"replies":[{"embeddable":true,"href":"https:\/\/fmp-components.com\/tr\/wp-json\/wp\/v2\/comments?post=6638"}],"wp:featuredmedia":[{"embeddable":true,"href":"https:\/\/fmp-components.com\/tr\/wp-json\/wp\/v2\/media\/6778"}],"wp:attachment":[{"href":"https:\/\/fmp-components.com\/tr\/wp-json\/wp\/v2\/media?parent=6638"}],"wp:term":[{"taxonomy":"product_brand","embeddable":true,"href":"https:\/\/fmp-components.com\/tr\/wp-json\/wp\/v2\/product_brand?post=6638"},{"taxonomy":"product_cat","embeddable":true,"href":"https:\/\/fmp-components.com\/tr\/wp-json\/wp\/v2\/product_cat?post=6638"},{"taxonomy":"product_tag","embeddable":true,"href":"https:\/\/fmp-components.com\/tr\/wp-json\/wp\/v2\/product_tag?post=6638"}],"curies":[{"name":"wp","href":"https:\/\/api.w.org\/{rel}","templated":true}]}}