{"id":6631,"date":"2025-03-11T06:35:17","date_gmt":"2025-03-11T06:35:17","guid":{"rendered":"https:\/\/fmp-components.com\/product\/3-stage-small-dump-truck-hydraulic-cylinder-for-dump-trailer"},"modified":"2025-03-12T08:41:53","modified_gmt":"2025-03-12T08:41:53","slug":"3-stage-small-dump-truck-hydraulic-cylinder-for-dump-trailer","status":"publish","type":"product","link":"https:\/\/fmp-components.com\/tr\/product\/3-stage-small-dump-truck-hydraulic-cylinder-for-dump-trailer\/","title":{"rendered":"Damperli R\u00f6mork i\u00e7in 3 A\u015famal\u0131 K\u00fc\u00e7\u00fck Damperli Kamyon Hidrolik Silindiri"},"content":{"rendered":"<h2>Damperli R\u00f6mork i\u00e7in 3 A\u015famal\u0131 K\u00fc\u00e7\u00fck Damperli Kamyon Hidrolik Silindiri<\/h2>\n<p>Bu 3 Kademeli K\u00fc\u00e7\u00fck Damperli Kamyon Hidrolik Silindiri, damperli r\u00f6morklarda kullan\u0131lmak \u00fczere tasarlanm\u0131\u015f \u00e7ok y\u00f6nl\u00fc ve verimli bir hidrolik sistemdir. Silindir, dayan\u0131kl\u0131l\u0131k ve uzun \u00f6m\u00fcr sa\u011flayan sa\u011flam bir \u00e7elik g\u00f6vde malzemesiyle \u00fcretilmi\u015ftir. 3000 tonluk maksimum itme g\u00fcc\u00fc ve 20 tonluk maksimum \u00e7ekme g\u00fcc\u00fcyle bu hidrolik silindir, a\u011f\u0131r i\u015fleriniz i\u00e7in g\u00fc\u00e7l\u00fc ve g\u00fcvenilir bir performans sunar.<\/p>\n<h3>Fonksiyonlar ve \u00d6zellikler<\/h3>\n<p>Hidrolik silindir, makinenizin temel bir bile\u015feni olarak i\u015flev g\u00f6rerek hidrolik g\u00fcc\u00fc mekanik harekete d\u00f6n\u00fc\u015ft\u00fcr\u00fcr. Bu \u00e7ok kademeli hidrolik silindir, Standart veya Standart D\u0131\u015f\u0131: Standart, Yap\u0131: Piston Silindiri, G\u00fc\u00e7: Hidrolik, Delik \u00c7ap\u0131: 2-6 in\u00e7, \u00c7ubuk \u00c7ap\u0131: 1,125-4 in\u00e7, Strok \u00c7ap\u0131: 4-100 in\u00e7, Pim \u00c7ap\u0131: 0,5-2 in\u00e7 gibi \u00e7e\u015fitli \u00f6zellikler sunar. Bu \u00f6zellikler, onu makineleriniz i\u00e7in g\u00fcvenilir ve verimli bir se\u00e7enek haline getirir.<\/p>\n<h3>\u00dcr\u00fcn \u00d6zellikleri<\/h3>\n<table style=\"width: 95.4718%;\" border=\"\">\n<tbody>\n<tr>\n<td style=\"width: 42.8571%;\"><i>Delik Boyutu<\/i><\/td>\n<td style=\"width: 386.286%;\">2-6 in\u00e7<\/td>\n<\/tr>\n<tr>\n<td style=\"width: 42.8571%;\"><i>\u00c7ubuk Boyutu<\/i><\/td>\n<td style=\"width: 386.286%;\">1.125-4 in\u00e7<\/td>\n<\/tr>\n<tr>\n<td style=\"width: 42.8571%;\"><i>Vuru\u015f Boyutu<\/i><\/td>\n<td style=\"width: 386.286%;\">4-100 in\u00e7<\/td>\n<\/tr>\n<tr>\n<td style=\"width: 42.8571%;\"><i>Pin Boyutu<\/i><\/td>\n<td style=\"width: 386.286%;\">0,5-2 in\u00e7<\/td>\n<\/tr>\n<tr>\n<td style=\"width: 42.8571%;\"><i>Limanlar<\/i><\/td>\n<td style=\"width: 386.286%;\">G\/SAE\/NPT\/M<\/td>\n<\/tr>\n<\/tbody>\n<\/table>\n<h2>Benzersiz \u00d6zellikler ve Avantajlar<\/h2>\n<ul>\n<li>Enerji verimlili\u011fi<\/li>\n<li>Y\u00fcksek performans<\/li>\n<li>Kullan\u0131m\u0131 g\u00fcvenlidir<\/li>\n<li>Dayan\u0131kl\u0131 ve uzun \u00f6m\u00fcrl\u00fc<\/li>\n<\/ul>\n<p><img loading=\"lazy\" decoding=\"async\" class=\"alignnone  wp-image-6661\" src=\"https:\/\/fmp-components.com\/wp-content\/uploads\/2025\/03\/telescopic-hydraulic-cylinder-10.webp\" alt=\"teleskopik hidrolik silindir\" width=\"800\" height=\"800\" title=\"\" srcset=\"https:\/\/fmp-components.com\/wp-content\/uploads\/2025\/03\/telescopic-hydraulic-cylinder-10.webp 800w, https:\/\/fmp-components.com\/wp-content\/uploads\/2025\/03\/telescopic-hydraulic-cylinder-10-480x480.webp 480w\" sizes=\"(min-width: 0px) and (max-width: 480px) 480px, (min-width: 481px) 800px, 100vw\" \/><\/p>\n<h2>Hidrolik Sistemler ve \u00c7al\u0131\u015fma Prensibi<\/h2>\n<p>Hidrolik silindir, s\u0131v\u0131 bas\u0131nc\u0131n\u0131 kullanarak kuvvet \u00fcretir ve bu kuvvet daha sonra do\u011frusal harekete d\u00f6n\u00fc\u015ft\u00fcr\u00fcl\u00fcr. Hidrolik s\u0131v\u0131 silindire pompaland\u0131\u011f\u0131nda, i\u00e7indeki bir pistona bas\u0131n\u00e7 uygular. Bu bas\u0131n\u00e7, pistonun hareket etmesini sa\u011flayarak \u00e7ok \u00e7e\u015fitli mekanik g\u00f6revlerin ger\u00e7ekle\u015ftirilmesinde kullan\u0131labilen do\u011frusal bir hareket \u00fcretir. Bu sistemin verimlili\u011fi, hidrolik s\u0131v\u0131n\u0131n s\u0131k\u0131\u015ft\u0131r\u0131lamaz yap\u0131s\u0131ndan kaynaklan\u0131r ve bu da hem h\u0131z\u0131n hem de kuvvetin hassas bir \u015fekilde kontrol edilmesini sa\u011flar. Sonu\u00e7 olarak, hidrolik silindirler ak\u0131c\u0131 ve kontroll\u00fc hareketleri korurken \u00f6nemli bir g\u00fc\u00e7 sa\u011flayabilir ve bu da onlar\u0131 \u00e7e\u015fitli makine ve ekipmanlar\u0131n \u00e7al\u0131\u015ft\u0131r\u0131lmas\u0131 i\u00e7in ideal hale getirir.<\/p>\n<p>\u00d6z\u00fcnde, silindir taraf\u0131ndan \u00fcretilen hidrolik g\u00fc\u00e7 bir\u00e7ok uygulama i\u00e7in hayati \u00f6nem ta\u015f\u0131r. Hidrolik silindirler, ak\u0131\u015fkan enerjisini mekanik i\u015fe d\u00f6n\u00fc\u015ft\u00fcrerek makinelerin a\u011f\u0131r y\u00fckleri kolayl\u0131kla kald\u0131rmas\u0131n\u0131, itmesini, \u00e7ekmesini veya d\u00f6nd\u00fcrmesini sa\u011flar. Bu \u00e7ok y\u00f6nl\u00fcl\u00fck, hidrolik sistemlerin in\u015faattan imalata kadar farkl\u0131 sekt\u00f6rlerde yayg\u0131n olarak kullan\u0131lmas\u0131n\u0131n temel nedenlerinden biridir.<\/p>\n<h2>Hidrolik Silindir Uygulamas\u0131<\/h2>\n<p>3 Kademeli K\u00fc\u00e7\u00fck Damperli Kamyon Hidrolik Silindiri, bir\u00e7ok sekt\u00f6rdeki \u00e7e\u015fitli uygulamalar i\u00e7in \u00f6zel olarak tasarlanm\u0131\u015ft\u0131r ve uyarlanabilirli\u011fini ve etkinli\u011fini sergiler. Baz\u0131 \u00f6nemli sekt\u00f6rler \u015funlard\u0131r:<\/p>\n<ul>\n<li><strong>Makine Tamir At\u00f6lyeleri:<\/strong> Onar\u0131m ortamlar\u0131nda, bu hidrolik silindir a\u011f\u0131r bile\u015fenlerin kald\u0131r\u0131lmas\u0131 ve konumland\u0131r\u0131lmas\u0131nda hayati bir rol oynar, bak\u0131m g\u00f6revlerini kolayla\u015ft\u0131r\u0131r ve i\u015f ak\u0131\u015f\u0131 verimlili\u011fini art\u0131r\u0131r. G\u00fc\u00e7l\u00fc kald\u0131rma kapasitesi, b\u00fcy\u00fck makine par\u00e7alar\u0131n\u0131n g\u00fcvenli bir \u015fekilde ta\u015f\u0131nmas\u0131 i\u00e7in olmazsa olmazd\u0131r.<\/li>\n<li><strong>\u00c7iftlikler:<\/strong> Damperli kamyonlarda ve di\u011fer ekipmanlarda kullan\u0131lan bu hidrolik silindirin kullan\u0131m\u0131, tar\u0131msal faaliyetlerde \u00f6nemli faydalar sa\u011flar. Toprak, \u00fcr\u00fcn ve malzeme ta\u015f\u0131ma gibi i\u015flerde yard\u0131mc\u0131 olarak, tar\u0131m faaliyetlerini daha verimli ve \u00fcretken hale getirir.<\/li>\n<li><strong>Enerji ve Madencilik:<\/strong> Enerji ve madencilik sekt\u00f6rlerinde, hidrolik silindirler \u00e7\u0131karma ve malzeme ta\u015f\u0131mada kullan\u0131lan ekipmanlar\u0131n \u00e7al\u0131\u015ft\u0131r\u0131lmas\u0131 i\u00e7in hayati \u00f6nem ta\u015f\u0131r. 3 Kademeli K\u00fc\u00e7\u00fck Damperli Kamyon Hidrolik Silindiri, a\u011f\u0131r y\u00fckleri kald\u0131rabildi\u011fi ve zorlu ortamlarda g\u00fcvenilir bir \u015fekilde \u00e7al\u0131\u015fabildi\u011fi bu uygulamalarda \u00f6zellikle etkilidir.<\/li>\n<li><strong>Makine \u0130malat\u0131:<\/strong> \u00dcretim tesislerinde, bu hidrolik silindir montaj hatlar\u0131nda ve makine operasyonlar\u0131nda kullan\u0131l\u0131r. P\u00fcr\u00fczs\u00fcz ve g\u00fc\u00e7l\u00fc hareket sa\u011flama kapasitesi, \u00fcretkenli\u011fi ve hassasiyeti art\u0131rarak \u00fcreticilerin y\u00fcksek kalite standartlar\u0131n\u0131 korurken \u00fcretim kapasitelerini art\u0131rmalar\u0131na olanak tan\u0131r.<\/li>\n<li><strong>Makine Fabrikalar\u0131:<\/strong> Makine \u00fcretimine adanm\u0131\u015f fabrikalarda, hidrolik silindirler \u00e7e\u015fitli kald\u0131rma ve ta\u015f\u0131ma g\u00f6revleri i\u00e7in olmazsa olmazd\u0131r. 3 Kademeli K\u00fc\u00e7\u00fck Damperli Kamyon Hidrolik Silindiri, ekipman\u0131n verimli bir \u015fekilde \u00e7al\u0131\u015ft\u0131r\u0131lmas\u0131n\u0131 sa\u011flayarak, \u00fcretim s\u00fcre\u00e7lerinin sorunsuz ilerlemesine ve etkili malzeme elle\u00e7lemesine katk\u0131da bulunur.<\/li>\n<\/ul>\n<p>Genel olarak, 3 Kademeli K\u00fc\u00e7\u00fck Damperli Kamyon Hidrolik Silindirinin \u00e7ok y\u00f6nl\u00fcl\u00fc\u011f\u00fc ve g\u00fcvenilirli\u011fi, onu \u00e7ok say\u0131da end\u00fcstride vazge\u00e7ilmez bir bile\u015fen haline getirerek, \u00e7ok \u00e7e\u015fitli uygulamalarda verimlili\u011fi ve etkinli\u011fi art\u0131r\u0131r.<\/p>\n<h3>SSS<\/h3>\n<p><b>S: Siz bir ticaret \u015firketi misiniz yoksa \u00fcretici misiniz?<\/b><br \/>\nA: Biz bir fabrikay\u0131z.<\/p>\n<p><b>S: Teslimat s\u00fcreniz ne kadard\u0131r?<\/b><br \/>\nA: Genellikle 25-35 g\u00fcnd\u00fcr.<\/p>\n<p><b>S: Numune sa\u011fl\u0131yor musunuz? \u00dccretsiz mi yoksa ekstra m\u0131?<\/b><br \/>\nC: Evet, numune sunabiliriz ancak \u00fccretsiz de\u011fil.<\/p>\n<h3>FMP Hakk\u0131nda<\/h3>\n<p class=\"break-words\">FMP, y\u00fcksek kaliteli hidrolik silindirlerin tasar\u0131m\u0131, geli\u015ftirilmesi ve \u00fcretiminde uzmanla\u015fm\u0131\u015f lider bir \u0130talyan \u00fcreticisidir. Onlarca y\u0131ll\u0131k uzmanl\u0131\u011fa dayanan zengin bir mirasa sahip olarak, \u0130talyan i\u015f\u00e7ili\u011fini en son teknolojiyle gururla birle\u015ftirerek, k\u00fcresel m\u00fc\u015fterilerimizin \u00e7e\u015fitli ihtiya\u00e7lar\u0131n\u0131 kar\u015f\u0131lamak \u00fczere tasarlanm\u0131\u015f ola\u011fan\u00fcst\u00fc hidrolik \u00e7\u00f6z\u00fcmler sunuyoruz. M\u00fchendislik m\u00fckemmelli\u011finin merkezi \u0130talya'da bulunan FMP, hidrolik sekt\u00f6r\u00fcnde g\u00fcvenilir bir isim olarak \u00f6ne \u00e7\u0131kmakta ve d\u00fcnya \u00e7ap\u0131ndaki i\u015fletmelere g\u00fc\u00e7 katan g\u00fcvenilir, dayan\u0131kl\u0131 ve yenilik\u00e7i \u00fcr\u00fcnler sunmaya kendini adam\u0131\u015ft\u0131r.<\/p>\n<p class=\"break-words\">\u015eirketimiz, ileri d\u00fczey \u00fcretim geleneklerinin en iyilerini ileri g\u00f6r\u00fc\u015fl\u00fc bir yakla\u015f\u0131mla birle\u015ftiriyor. Hidrolik sistemlerdeki uzun y\u0131llara dayanan deneyiminden g\u00fc\u00e7 alan FMP, ara\u015ft\u0131rma, tasar\u0131m ve \u00fcretimde m\u00fckemmellik g\u00f6steren modern bir kurulu\u015fa d\u00f6n\u00fc\u015fm\u00fc\u015ft\u00fcr. \u00c7ift etkili silindirler, otomotiv kald\u0131rma silindirleri, tar\u0131m makineleri silindirleri ve \u00e7e\u015fitli end\u00fcstriyel uygulamalar i\u00e7in \u00f6zel olarak tasarlanm\u0131\u015f \u00e7\u00f6z\u00fcmler de dahil olmak \u00fczere geni\u015f bir hidrolik silindir yelpazesinde uzmanla\u015f\u0131yoruz. \u0130ster in\u015faat, ister end\u00fcstriyel tesisler, ister tar\u0131m veya a\u011f\u0131r makineler olsun, hidrolik silindirlerimiz en zorlu ko\u015fullarda bile g\u00fcvenlik, verimlilik ve uzun \u00f6m\u00fcr sa\u011flayacak \u015fekilde \u00fcretilmi\u015ftir.<\/p>\n<p><img loading=\"lazy\" decoding=\"async\" class=\"alignnone size-full wp-image-6720\" src=\"https:\/\/fmp-components.com\/wp-content\/uploads\/2025\/03\/hydraulic-cylinder-8.webp\" alt=\"Teleskopik Hidrolik Silindirler\" width=\"933\" height=\"526\" title=\"\" srcset=\"https:\/\/fmp-components.com\/wp-content\/uploads\/2025\/03\/hydraulic-cylinder-8.webp 933w, https:\/\/fmp-components.com\/wp-content\/uploads\/2025\/03\/hydraulic-cylinder-8-480x271.webp 480w\" sizes=\"(min-width: 0px) and (max-width: 480px) 480px, (min-width: 481px) 933px, 100vw\" \/><\/p>\n<p class=\"break-words\">FMP olarak, hassas makineler ve geli\u015fmi\u015f test sistemleriyle donat\u0131lm\u0131\u015f son teknoloji \u00fcretim tesislerimizle gurur duyuyoruz. \u00dcretim s\u00fcre\u00e7lerimiz, fabrikam\u0131zdan \u00e7\u0131kan her hidrolik silindirin \u00fcst\u00fcn kalite ve g\u00fcvenilirlikte olmas\u0131n\u0131 sa\u011flayan s\u0131k\u0131 ulusal ve uluslararas\u0131 standartlara uygundur. Son teknoloji ekipmanlarla bir araya gelen yetenekli teknik ekibimiz, hammadde se\u00e7iminden son kontrole kadar \u00fcretimin her a\u015famas\u0131nda s\u0131k\u0131 bir kalite kontrol\u00fc sa\u011flamam\u0131z\u0131 sa\u011flar. M\u00fckemmelli\u011fe olan bu ba\u011fl\u0131l\u0131\u011f\u0131m\u0131z, bize sekt\u00f6r otoritelerinden sertifikalar ve takdirler kazand\u0131rarak, g\u00fcvenilir bir i\u015f orta\u011f\u0131 olarak itibar\u0131m\u0131z\u0131 daha da sa\u011flamla\u015ft\u0131rm\u0131\u015ft\u0131r.<\/p>\n<p class=\"break-words\">Misyonumuz basit ama iddial\u0131: M\u00fc\u015fterilerimize performans, dayan\u0131kl\u0131l\u0131k ve de\u011fer a\u00e7\u0131s\u0131ndan beklentileri a\u015fan hidrolik silindirler sunmak. Profesyonellik, d\u00fcr\u00fcstl\u00fck ve m\u00fc\u015fteri odakl\u0131l\u0131k ilkeleriyle \u00e7al\u0131\u015f\u0131yoruz. Yenilik\u00e7ilik ve hassasiyet k\u00fclt\u00fcr\u00fcn\u00fc benimseyerek, rekabet\u00e7i bir pazarda \u00f6ne \u00e7\u0131kmak i\u00e7in \u00fcr\u00fcnlerimizi s\u00fcrekli olarak geli\u015ftiriyoruz. Kapsaml\u0131 \u00fcr\u00fcn yelpazemiz ve ki\u015fiye \u00f6zel \u00e7\u00f6z\u00fcmler sunma becerimiz, bizi y\u00fcksek performansl\u0131 hidrolik silindir arayan i\u015fletmeler i\u00e7in vazge\u00e7ilmez k\u0131l\u0131yor.<\/p>\n<p class=\"break-words\">FMP, yaln\u0131zca bir \u00fcreticiden daha fazlas\u0131d\u0131r; ba\u015far\u0131n\u0131z\u0131n orta\u011f\u0131y\u0131z. M\u00fc\u015fterilerimizin \u00fcretkenliklerini ve g\u00fcvenliklerini art\u0131ran ara\u00e7lar sunmam\u0131z i\u00e7in bize g\u00fcvendi\u011finin fark\u0131nday\u0131z. Bu nedenle, yaln\u0131zca birinci s\u0131n\u0131f \u00fcr\u00fcnler sunmakla kalmay\u0131p ayn\u0131 zamanda ola\u011fan\u00fcst\u00fc hizmet de sunmaya kararl\u0131y\u0131z. \u0130lk dan\u0131\u015fmanl\u0131ktan sat\u0131\u015f sonras\u0131 deste\u011fe kadar, ihtiya\u00e7lar\u0131n\u0131n profesyonellik ve \u00f6zenle kar\u015f\u0131lanmas\u0131n\u0131 sa\u011flamak i\u00e7in m\u00fc\u015fterilerimizle yak\u0131n bir \u015fekilde \u00e7al\u0131\u015f\u0131yoruz. Rekabet\u00e7i fiyatlar\u0131m\u0131z ve kaliteye olan sars\u0131lmaz ba\u011fl\u0131l\u0131\u011f\u0131m\u0131z, FMP'yi g\u00fcvenebilecekleri hidrolik \u00e7\u00f6z\u00fcmlere yat\u0131r\u0131m yapmak isteyen \u015firketler i\u00e7in ak\u0131ll\u0131 bir tercih haline getiriyor.<\/p>","protected":false},"excerpt":{"rendered":"<p>3 Stage Small Dump Truck Hydraulic Cylinder for Dump Trailer This 3 Stage Small Dump Truck Hydraulic Cylinder is a versatile and efficient hydraulic system designed for use in dump trailers. The cylinder is manufactured with a robust steel body material, ensuring durability and longevity. With a max thrust of 3000 and a max pull [&hellip;]<\/p>","protected":false},"featured_media":6770,"comment_status":"closed","ping_status":"closed","template":"","meta":{"_et_pb_use_builder":"","_et_pb_old_content":"","_et_gb_content_width":""},"product_brand":[],"product_cat":[103],"product_tag":[34,105],"class_list":{"0":"post-6631","1":"product","2":"type-product","3":"status-publish","4":"has-post-thumbnail","6":"product_cat-telescopic-hydraulic-cylinders","7":"product_tag-hydraulic-cylinder","8":"product_tag-telescopic-hydraulic-cylinders","10":"first","11":"instock","12":"product-type-simple"},"_links":{"self":[{"href":"https:\/\/fmp-components.com\/tr\/wp-json\/wp\/v2\/product\/6631","targetHints":{"allow":["GET"]}}],"collection":[{"href":"https:\/\/fmp-components.com\/tr\/wp-json\/wp\/v2\/product"}],"about":[{"href":"https:\/\/fmp-components.com\/tr\/wp-json\/wp\/v2\/types\/product"}],"replies":[{"embeddable":true,"href":"https:\/\/fmp-components.com\/tr\/wp-json\/wp\/v2\/comments?post=6631"}],"wp:featuredmedia":[{"embeddable":true,"href":"https:\/\/fmp-components.com\/tr\/wp-json\/wp\/v2\/media\/6770"}],"wp:attachment":[{"href":"https:\/\/fmp-components.com\/tr\/wp-json\/wp\/v2\/media?parent=6631"}],"wp:term":[{"taxonomy":"product_brand","embeddable":true,"href":"https:\/\/fmp-components.com\/tr\/wp-json\/wp\/v2\/product_brand?post=6631"},{"taxonomy":"product_cat","embeddable":true,"href":"https:\/\/fmp-components.com\/tr\/wp-json\/wp\/v2\/product_cat?post=6631"},{"taxonomy":"product_tag","embeddable":true,"href":"https:\/\/fmp-components.com\/tr\/wp-json\/wp\/v2\/product_tag?post=6631"}],"curies":[{"name":"wp","href":"https:\/\/api.w.org\/{rel}","templated":true}]}}