{"id":6625,"date":"2025-03-11T06:33:57","date_gmt":"2025-03-11T06:33:57","guid":{"rendered":"https:\/\/fmp-components.com\/product\/professional-small-dump-truck-hydraulic-hoist-cylinder-multistage-hydraulic-cylinder"},"modified":"2025-03-14T01:51:38","modified_gmt":"2025-03-14T01:51:38","slug":"professional-small-dump-truck-hydraulic-hoist-cylinder-multistage-hydraulic-cylinder","status":"publish","type":"product","link":"https:\/\/fmp-components.com\/tr\/product\/professional-small-dump-truck-hydraulic-hoist-cylinder-multistage-hydraulic-cylinder\/","title":{"rendered":"Profesyonel K\u00fc\u00e7\u00fck Damperli Kamyon Hidrolik Kald\u0131rma Silindiri \u00c7ok Kademeli Hidrolik Silindir"},"content":{"rendered":"<h2>Profesyonel K\u00fc\u00e7\u00fck Damperli Kamyon Hidrolik Kald\u0131rma Silindiri \u00c7ok Kademeli Hidrolik Silindir<\/h2>\n<p>Profesyonel K\u00fc\u00e7\u00fck Damperli Kamyon Hidrolik Kald\u0131rma Silindiri \u00c7ok Kademeli hidrolik silindirimiz, benzersiz kalite ve performans sunan son teknoloji bir \u00fcr\u00fcnd\u00fcr. Verimlilik ve g\u00fcvenilirlik g\u00f6z \u00f6n\u00fcnde bulundurularak tasarlanan bu hidrolik silindir, makine tamir at\u00f6lyeleri, \u00e7iftlikler, enerji ve madencilik end\u00fcstrileri, makine imalat ve fabrikalar\u0131ndaki \u00e7e\u015fitli uygulamalar i\u00e7in m\u00fckemmeldir.<\/p>\n<h3>Temel \u00d6zellikler ve Avantajlar<\/h3>\n<ul>\n<li>\u00dcst\u00fcn G\u00fc\u00e7: 3000'lik maksimum itme g\u00fcc\u00fc ve 20 tona kadar \u00e7ekme kabiliyetiyle bu hidrolik silindir, g\u00fc\u00e7 ve dayan\u0131kl\u0131l\u0131\u011f\u0131n bir g\u00fc\u00e7 merkezidir.<\/li>\n<li>Kaliteli Malzemeler: Y\u00fcksek kaliteli \u00e7elikten \u00fcretilmi\u015ftir, uzun \u00f6m\u00fcrl\u00fc kullan\u0131m ve a\u015f\u0131nma ve y\u0131pranmaya kar\u015f\u0131 diren\u00e7 sa\u011flar.<\/li>\n<li>Y\u00fcksek Verimlilik: \u00c7ok a\u015famal\u0131 \u00f6zelli\u011fi sayesinde \u00e7e\u015fitli g\u00f6revlerde verimlili\u011fi ve i\u015flevselli\u011fi art\u0131r\u0131r.<\/li>\n<li>Enerji Tasarrufu: Hidrolik silindirimiz, g\u00fcc\u00fc verimli kullanacak \u015fekilde tasarlanm\u0131\u015ft\u0131r, b\u00f6ylece enerji t\u00fcketimi ve i\u015fletme maliyetleri azal\u0131r.<\/li>\n<li>G\u00fcvenlik: Temel bile\u015fenlerinin g\u00fcvenli\u011fini ve uzun vadeli performans\u0131n\u0131 garanti alt\u0131na alan 1 y\u0131ll\u0131k garantiyle birlikte gelir.<\/li>\n<\/ul>\n<h3>Teknik \u00d6zellikler<\/h3>\n<table style=\"width: 95.5978%;\" border=\"\">\n<tbody>\n<tr>\n<td style=\"width: 42.8571%;\"><i>Delik Boyutu<\/i><\/td>\n<td style=\"width: 386.857%;\">2-6 in\u00e7<\/td>\n<\/tr>\n<tr>\n<td style=\"width: 42.8571%;\"><i>\u00c7ubuk Boyutu<\/i><\/td>\n<td style=\"width: 386.857%;\">1.125-4 in\u00e7<\/td>\n<\/tr>\n<tr>\n<td style=\"width: 42.8571%;\"><i>Vuru\u015f Boyutu<\/i><\/td>\n<td style=\"width: 386.857%;\">4-100 in\u00e7<\/td>\n<\/tr>\n<tr>\n<td style=\"width: 42.8571%;\"><i>Pin Boyutu<\/i><\/td>\n<td style=\"width: 386.857%;\">0,5-2 in\u00e7<\/td>\n<\/tr>\n<tr>\n<td style=\"width: 42.8571%;\"><i>Limanlar<\/i><\/td>\n<td style=\"width: 386.857%;\">G\/SAE\/NPT\/M<\/td>\n<\/tr>\n<\/tbody>\n<\/table>\n<h2>Benzersiz \u00d6zellikler ve Avantajlar<\/h2>\n<ul>\n<li>Enerji Tasarrufu: Hidrolik silindirin tasar\u0131m\u0131 ve \u00e7al\u0131\u015fmas\u0131 enerji verimlili\u011fi i\u00e7in optimize edilmi\u015ftir.<\/li>\n<li>Y\u00fcksek Verimlilik: G\u00f6revleri h\u0131zl\u0131 ve hassas bir \u015fekilde ger\u00e7ekle\u015ftirir, bu da onu olduk\u00e7a verimli bir ara\u00e7 haline getirir.<\/li>\n<li>G\u00fcvenlik: Kullan\u0131c\u0131y\u0131 ve \u00e7al\u0131\u015ft\u0131rd\u0131\u011f\u0131 makineleri korumak i\u00e7in g\u00fcvenlik \u00f6zellikleriyle \u00fcretilmi\u015ftir.<\/li>\n<\/ul>\n<h2>Hidrolik Sistemler ve \u00c7al\u0131\u015fma Prensibi<\/h2>\n<p>Hidrolik silindirimiz, \u00e7e\u015fitli end\u00fcstriyel uygulamalar i\u00e7in olmazsa olmaz bir s\u00fcre\u00e7 olan hidrolik enerjiyi mekanik enerjiye d\u00f6n\u00fc\u015ft\u00fcrme temel prensibiyle \u00e7al\u0131\u015f\u0131r. Bu d\u00f6n\u00fc\u015f\u00fcm, silindire y\u00f6nlendirilen bas\u0131n\u00e7l\u0131 hidrolik s\u0131v\u0131n\u0131n hareketi ile ger\u00e7ekle\u015fir. S\u0131v\u0131 i\u00e7eri girdi\u011finde, silindir i\u00e7indeki pistona kuvvet uygular. Bu kuvvet, pistonun hareket etmesini sa\u011flayarak hidrolik enerjiyi mekanik harekete d\u00f6n\u00fc\u015ft\u00fcr\u00fcr.<\/p>\n<p>Pistonun hareketi, a\u011f\u0131r y\u00fckleri kald\u0131rmak, makine par\u00e7alar\u0131n\u0131 \u00e7al\u0131\u015ft\u0131rmak veya hatta \u00fcretim s\u00fcre\u00e7lerinde karma\u015f\u0131k g\u00f6revleri yerine getirmek gibi faydal\u0131 i\u015fler i\u00e7in kullan\u0131labilir. Bu sistemin verimlili\u011fi b\u00fcy\u00fck \u00f6l\u00e7\u00fcde, hidrolik s\u0131v\u0131n\u0131n s\u0131k\u0131\u015ft\u0131r\u0131lamazl\u0131\u011f\u0131ndan kaynaklanmaktad\u0131r ve bu da kuvvetin g\u00fc\u00e7l\u00fc bir \u015fekilde art\u0131r\u0131lmas\u0131n\u0131 sa\u011flar. Nispeten k\u00fc\u00e7\u00fck giri\u015f kuvvetlerini kullanarak, hidrolik silindirlerimiz \u00f6nemli \u00e7\u0131k\u0131\u015f kuvvetleri \u00fcretebilir ve bu da onlar\u0131 g\u00fc\u00e7 ve hassasiyet gerektiren g\u00f6revler i\u00e7in ideal hale getirir.<\/p>\n<p>Bu hidrolik \u00e7al\u0131\u015fma prensibi yaln\u0131zca etkili olmakla kalmaz, ayn\u0131 zamanda mekanik sistemlerle tek ba\u015f\u0131na elde edilmesi zor bir kontrol seviyesi de sa\u011flar. Operat\u00f6rler, pistonun hareketini hassas bir \u015fekilde ayarlamak i\u00e7in hidrolik s\u0131v\u0131n\u0131n bas\u0131nc\u0131n\u0131 ve ak\u0131\u015f h\u0131z\u0131n\u0131 kolayca ayarlayabilir ve bu da \u00e7e\u015fitli ortamlarda hassas operasyonlara olanak tan\u0131r.<\/p>\n<p><img loading=\"lazy\" decoding=\"async\" class=\"alignnone  wp-image-6664\" src=\"https:\/\/fmp-components.com\/wp-content\/uploads\/2025\/03\/telescopic-hydraulic-cylinder-8.webp\" alt=\"teleskopik hidrolik silindir\" width=\"778\" height=\"778\" title=\"\" srcset=\"https:\/\/fmp-components.com\/wp-content\/uploads\/2025\/03\/telescopic-hydraulic-cylinder-8.webp 778w, https:\/\/fmp-components.com\/wp-content\/uploads\/2025\/03\/telescopic-hydraulic-cylinder-8-480x480.webp 480w\" sizes=\"(min-width: 0px) and (max-width: 480px) 480px, (min-width: 481px) 778px, 100vw\" \/><\/p>\n<h2>Hidrolik Silindirimizin Uygulamalar\u0131<\/h2>\n<p>Hidrolik silindirimiz son derece \u00e7ok y\u00f6nl\u00fcd\u00fcr ve \u00e7e\u015fitli end\u00fcstrilerde \u00e7ok \u00e7e\u015fitli uygulamalarda kullan\u0131labilir. Ba\u015fl\u0131ca kullan\u0131m alanlar\u0131ndan biri, a\u011f\u0131r ekipmanlar\u0131n bak\u0131m ve onar\u0131m g\u00f6revleri i\u00e7in kald\u0131r\u0131lmas\u0131n\u0131 ve konumland\u0131r\u0131lmas\u0131n\u0131 kolayla\u015ft\u0131rd\u0131\u011f\u0131 makine tamir at\u00f6lyeleridir. B\u00fcy\u00fck par\u00e7alar\u0131 g\u00fcvenli ve verimli bir \u015fekilde kald\u0131rma ve manevra kabiliyeti, makinelerin \u00e7al\u0131\u015f\u0131r durumda ve bak\u0131ml\u0131 kalmas\u0131n\u0131 sa\u011flamak i\u00e7in \u00e7ok \u00f6nemlidir.<\/p>\n<p>Tar\u0131m sekt\u00f6r\u00fcnde, trakt\u00f6r, saban ve bi\u00e7erd\u00f6ver gibi tar\u0131m makinelerinin \u00e7al\u0131\u015ft\u0131r\u0131lmas\u0131 i\u00e7in hidrolik silindirlerimiz olmazsa olmazd\u0131r. \u00c7ift\u00e7ilerin saban kald\u0131rma ve ekipman ayarlama gibi g\u00f6revleri kolayl\u0131kla ger\u00e7ekle\u015ftirmelerini sa\u011flayarak verimlili\u011fi \u00f6nemli \u00f6l\u00e7\u00fcde art\u0131r\u0131r ve el i\u015f\u00e7ili\u011fini azalt\u0131r.<\/p>\n<p>Enerji ve madencilik sekt\u00f6rleri de hidrolik silindirlerimizin g\u00fc\u00e7l\u00fc performans\u0131ndan faydalanmaktad\u0131r. Bu sekt\u00f6rlerde, ekskavat\u00f6r ve matkap gibi a\u011f\u0131r makinelerin \u00e7al\u0131\u015ft\u0131r\u0131lmas\u0131nda, malzemelerin \u00e7\u0131kar\u0131lmas\u0131 ve ta\u015f\u0131nmas\u0131nda kullan\u0131l\u0131rlar. Zorlu ko\u015fullardaki dayan\u0131kl\u0131l\u0131klar\u0131 ve g\u00fcvenilirlikleri, onlar\u0131 bu zorlu ortamlarda vazge\u00e7ilmez k\u0131lar.<\/p>\n<p>Hidrolik silindirlerimiz ayr\u0131ca makine imalat\u0131nda ve fabrika ortamlar\u0131nda da yayg\u0131n olarak kullan\u0131lmaktad\u0131r. Montaj hatlar\u0131 i\u00e7in hayati \u00f6neme sahip olan bu silindirler, bile\u015fenlerin hareketini ve yerle\u015fimini kolayla\u015ft\u0131rarak \u00fcretim s\u00fcre\u00e7lerinin ak\u0131c\u0131l\u0131\u011f\u0131na katk\u0131da bulunur. Hidrolik silindirlerimizin sa\u011flad\u0131\u011f\u0131 hassasiyet ve g\u00fc\u00e7, genel operasyonel verimlili\u011fi art\u0131rarak onlar\u0131 modern \u00fcretimde hayati bir bile\u015fen haline getirir.<\/p>\n<p>\u00d6zetle, hidrolik silindirlerimiz \u00e7e\u015fitli end\u00fcstrilerin \u00e7e\u015fitli ihtiya\u00e7lar\u0131n\u0131 kar\u015f\u0131lamak \u00fczere tasarlanm\u0131\u015f olup, kald\u0131rma, ta\u015f\u0131ma ve makine i\u015fletme i\u00e7in g\u00fcvenilir ve verimli \u00e7\u00f6z\u00fcmler sunmaktad\u0131r. Geni\u015f uygulama yelpazesi, bir\u00e7ok sekt\u00f6rde \u00fcretkenli\u011fi ve g\u00fcvenli\u011fi art\u0131rmadaki \u00f6nemlerini vurgulamaktad\u0131r.<\/p>\n<h2>Hidrolik Silindirler ve G\u00fc\u00e7 \u00dcniteleri<\/h2>\n<p>Hidrolik silindirler ve g\u00fc\u00e7 \u00fcniteleri, hidrolik sistemlerin vazge\u00e7ilmez bile\u015fenleridir. Birlikte \u00e7al\u0131\u015fmalar\u0131, hidrolik teknolojisinin end\u00fcstriyel alanda yayg\u0131n olarak uygulanmas\u0131n\u0131 sa\u011flayarak \u00e7e\u015fitli m\u00fchendislik ve mekanik ekipmanlara g\u00fcvenilir g\u00fc\u00e7 ve kontrol deste\u011fi sa\u011flar. Bir akt\u00fcat\u00f6r olarak hidrolik silindir, hidrolik enerjiyi mekanik harekete, bas\u0131nc\u0131 da kuvvete d\u00f6n\u00fc\u015ft\u00fcrmekten sorumludur. G\u00fc\u00e7 \u00fcnitesi ise hidrolik sistemin ihtiya\u00e7 duydu\u011fu enerji ve kontrol sinyallerini sa\u011flayan \u00e7ekirdektir.<\/p>\n<h2>SSS<\/h2>\n<dl>\n<dt>S: Siz bir ticaret \u015firketi misiniz yoksa \u00fcretici misiniz?<\/dt>\n<dd>A: Biz \u00fcreticiyiz.<\/dd>\n<dt>S: Teslimat s\u00fcreniz ne kadard\u0131r?<\/dt>\n<dd>A: Genellikle 25-35 g\u00fcnd\u00fcr.<\/dd>\n<dt>S: Numune sa\u011fl\u0131yor musunuz? \u00dccretsiz mi yoksa ekstra m\u0131?<\/dt>\n<dd>C: Evet, numune sunabiliriz ancak \u00fccretsiz de\u011fil.<\/dd>\n<\/dl>\n<h3>FMP Hakk\u0131nda<\/h3>\n<p class=\"break-words\">FMP, y\u00fcksek kaliteli hidrolik silindirlerin tasar\u0131m\u0131, geli\u015ftirilmesi ve \u00fcretiminde uzmanla\u015fm\u0131\u015f lider bir \u0130talyan \u00fcreticisidir. Onlarca y\u0131ll\u0131k uzmanl\u0131\u011fa dayanan zengin bir mirasa sahip olarak, \u0130talyan i\u015f\u00e7ili\u011fini en son teknolojiyle gururla birle\u015ftirerek, k\u00fcresel m\u00fc\u015fterilerimizin \u00e7e\u015fitli ihtiya\u00e7lar\u0131n\u0131 kar\u015f\u0131lamak \u00fczere tasarlanm\u0131\u015f ola\u011fan\u00fcst\u00fc hidrolik \u00e7\u00f6z\u00fcmler sunuyoruz. M\u00fchendislik m\u00fckemmelli\u011finin merkezi \u0130talya'da bulunan FMP, hidrolik sekt\u00f6r\u00fcnde g\u00fcvenilir bir isim olarak \u00f6ne \u00e7\u0131kmakta ve d\u00fcnya \u00e7ap\u0131ndaki i\u015fletmelere g\u00fc\u00e7 katan g\u00fcvenilir, dayan\u0131kl\u0131 ve yenilik\u00e7i \u00fcr\u00fcnler sunmaya kendini adam\u0131\u015ft\u0131r.<\/p>\n<p class=\"break-words\">\u015eirketimiz, ileri d\u00fczey \u00fcretim geleneklerinin en iyilerini ileri g\u00f6r\u00fc\u015fl\u00fc bir yakla\u015f\u0131mla birle\u015ftiriyor. Hidrolik sistemlerdeki uzun y\u0131llara dayanan deneyiminden g\u00fc\u00e7 alan FMP, ara\u015ft\u0131rma, tasar\u0131m ve \u00fcretimde m\u00fckemmellik g\u00f6steren modern bir kurulu\u015fa d\u00f6n\u00fc\u015fm\u00fc\u015ft\u00fcr. \u00c7ift etkili silindirler, otomotiv kald\u0131rma silindirleri, tar\u0131m makineleri silindirleri ve \u00e7e\u015fitli end\u00fcstriyel uygulamalar i\u00e7in \u00f6zel olarak tasarlanm\u0131\u015f \u00e7\u00f6z\u00fcmler de dahil olmak \u00fczere geni\u015f bir hidrolik silindir yelpazesinde uzmanla\u015f\u0131yoruz. \u0130ster in\u015faat, ister end\u00fcstriyel tesisler, ister tar\u0131m veya a\u011f\u0131r makineler olsun, hidrolik silindirlerimiz en zorlu ko\u015fullarda bile g\u00fcvenlik, verimlilik ve uzun \u00f6m\u00fcr sa\u011flayacak \u015fekilde \u00fcretilmi\u015ftir.<\/p>\n<p><img loading=\"lazy\" decoding=\"async\" class=\"alignnone size-full wp-image-6720\" src=\"https:\/\/fmp-components.com\/wp-content\/uploads\/2025\/03\/hydraulic-cylinder-8.webp\" alt=\"Teleskopik Hidrolik Silindirler\" width=\"933\" height=\"526\" title=\"\" srcset=\"https:\/\/fmp-components.com\/wp-content\/uploads\/2025\/03\/hydraulic-cylinder-8.webp 933w, https:\/\/fmp-components.com\/wp-content\/uploads\/2025\/03\/hydraulic-cylinder-8-480x271.webp 480w\" sizes=\"(min-width: 0px) and (max-width: 480px) 480px, (min-width: 481px) 933px, 100vw\" \/><\/p>\n<p class=\"break-words\">FMP olarak, hassas makineler ve geli\u015fmi\u015f test sistemleriyle donat\u0131lm\u0131\u015f son teknoloji \u00fcretim tesislerimizle gurur duyuyoruz. \u00dcretim s\u00fcre\u00e7lerimiz, fabrikam\u0131zdan \u00e7\u0131kan her hidrolik silindirin \u00fcst\u00fcn kalite ve g\u00fcvenilirlikte olmas\u0131n\u0131 sa\u011flayan s\u0131k\u0131 ulusal ve uluslararas\u0131 standartlara uygundur. Son teknoloji ekipmanlarla bir araya gelen yetenekli teknik ekibimiz, hammadde se\u00e7iminden son kontrole kadar \u00fcretimin her a\u015famas\u0131nda s\u0131k\u0131 bir kalite kontrol\u00fc sa\u011flamam\u0131z\u0131 sa\u011flar. M\u00fckemmelli\u011fe olan bu ba\u011fl\u0131l\u0131\u011f\u0131m\u0131z, bize sekt\u00f6r otoritelerinden sertifikalar ve takdirler kazand\u0131rarak, g\u00fcvenilir bir i\u015f orta\u011f\u0131 olarak itibar\u0131m\u0131z\u0131 daha da sa\u011flamla\u015ft\u0131rm\u0131\u015ft\u0131r.<\/p>\n<p class=\"break-words\">Misyonumuz basit ama iddial\u0131: M\u00fc\u015fterilerimize performans, dayan\u0131kl\u0131l\u0131k ve de\u011fer a\u00e7\u0131s\u0131ndan beklentileri a\u015fan hidrolik silindirler sunmak. Profesyonellik, d\u00fcr\u00fcstl\u00fck ve m\u00fc\u015fteri odakl\u0131l\u0131k ilkeleriyle \u00e7al\u0131\u015f\u0131yoruz. Yenilik\u00e7ilik ve hassasiyet k\u00fclt\u00fcr\u00fcn\u00fc benimseyerek, rekabet\u00e7i bir pazarda \u00f6ne \u00e7\u0131kmak i\u00e7in \u00fcr\u00fcnlerimizi s\u00fcrekli olarak geli\u015ftiriyoruz. Kapsaml\u0131 \u00fcr\u00fcn yelpazemiz ve ki\u015fiye \u00f6zel \u00e7\u00f6z\u00fcmler sunma becerimiz, bizi y\u00fcksek performansl\u0131 hidrolik silindir arayan i\u015fletmeler i\u00e7in vazge\u00e7ilmez k\u0131l\u0131yor.<\/p>\n<p class=\"break-words\">FMP, yaln\u0131zca bir \u00fcreticiden daha fazlas\u0131d\u0131r; ba\u015far\u0131n\u0131z\u0131n orta\u011f\u0131y\u0131z. M\u00fc\u015fterilerimizin \u00fcretkenliklerini ve g\u00fcvenliklerini art\u0131ran ara\u00e7lar sunmam\u0131z i\u00e7in bize g\u00fcvendi\u011finin fark\u0131nday\u0131z. Bu nedenle, yaln\u0131zca birinci s\u0131n\u0131f \u00fcr\u00fcnler sunmakla kalmay\u0131p ayn\u0131 zamanda ola\u011fan\u00fcst\u00fc hizmet de sunmaya kararl\u0131y\u0131z. \u0130lk dan\u0131\u015fmanl\u0131ktan sat\u0131\u015f sonras\u0131 deste\u011fe kadar, ihtiya\u00e7lar\u0131n\u0131n profesyonellik ve \u00f6zenle kar\u015f\u0131lanmas\u0131n\u0131 sa\u011flamak i\u00e7in m\u00fc\u015fterilerimizle yak\u0131n bir \u015fekilde \u00e7al\u0131\u015f\u0131yoruz. Rekabet\u00e7i fiyatlar\u0131m\u0131z ve kaliteye olan sars\u0131lmaz ba\u011fl\u0131l\u0131\u011f\u0131m\u0131z, FMP'yi g\u00fcvenebilecekleri hidrolik \u00e7\u00f6z\u00fcmlere yat\u0131r\u0131m yapmak isteyen \u015firketler i\u00e7in ak\u0131ll\u0131 bir tercih haline getiriyor.<\/p>","protected":false},"excerpt":{"rendered":"<p>Professional Small Dump Truck Hydraulic Hoist Cylinder Multistage Hydraulic Cylinder Our Professional Small Dump Truck Hydraulic Hoist Cylinder Multistage hydraulic cylinder is a state-of-the-art product that offers unparalleled quality and performance. Designed with efficiency and reliability in mind, this hydraulic cylinder is perfect for various applications in machinery repair shops, farms, energy and mining industries, [&hellip;]<\/p>","protected":false},"featured_media":6806,"comment_status":"closed","ping_status":"closed","template":"","meta":{"_et_pb_use_builder":"","_et_pb_old_content":"","_et_gb_content_width":""},"product_brand":[],"product_cat":[103],"product_tag":[34,105],"class_list":{"0":"post-6625","1":"product","2":"type-product","3":"status-publish","4":"has-post-thumbnail","6":"product_cat-telescopic-hydraulic-cylinders","7":"product_tag-hydraulic-cylinder","8":"product_tag-telescopic-hydraulic-cylinders","10":"first","11":"instock","12":"product-type-simple"},"_links":{"self":[{"href":"https:\/\/fmp-components.com\/tr\/wp-json\/wp\/v2\/product\/6625","targetHints":{"allow":["GET"]}}],"collection":[{"href":"https:\/\/fmp-components.com\/tr\/wp-json\/wp\/v2\/product"}],"about":[{"href":"https:\/\/fmp-components.com\/tr\/wp-json\/wp\/v2\/types\/product"}],"replies":[{"embeddable":true,"href":"https:\/\/fmp-components.com\/tr\/wp-json\/wp\/v2\/comments?post=6625"}],"wp:featuredmedia":[{"embeddable":true,"href":"https:\/\/fmp-components.com\/tr\/wp-json\/wp\/v2\/media\/6806"}],"wp:attachment":[{"href":"https:\/\/fmp-components.com\/tr\/wp-json\/wp\/v2\/media?parent=6625"}],"wp:term":[{"taxonomy":"product_brand","embeddable":true,"href":"https:\/\/fmp-components.com\/tr\/wp-json\/wp\/v2\/product_brand?post=6625"},{"taxonomy":"product_cat","embeddable":true,"href":"https:\/\/fmp-components.com\/tr\/wp-json\/wp\/v2\/product_cat?post=6625"},{"taxonomy":"product_tag","embeddable":true,"href":"https:\/\/fmp-components.com\/tr\/wp-json\/wp\/v2\/product_tag?post=6625"}],"curies":[{"name":"wp","href":"https:\/\/api.w.org\/{rel}","templated":true}]}}