{"id":6622,"date":"2025-03-11T06:33:57","date_gmt":"2025-03-11T06:33:57","guid":{"rendered":"https:\/\/fmp-components.com\/product\/professional-craftsmanship-3-stages-multistage-hydraulic-cylinder-for-dump-truck"},"modified":"2025-03-18T01:57:06","modified_gmt":"2025-03-18T01:57:06","slug":"professional-craftsmanship-3-stages-multistage-hydraulic-cylinder-for-dump-truck","status":"publish","type":"product","link":"https:\/\/fmp-components.com\/tr\/product\/professional-craftsmanship-3-stages-multistage-hydraulic-cylinder-for-dump-truck\/","title":{"rendered":"Damperli Kamyon \u0130\u00e7in Profesyonel \u0130\u015f\u00e7ilik 3 A\u015famal\u0131 \u00c7ok Kademeli Hidrolik Silindir"},"content":{"rendered":"<h2>Damperli Kamyon \u0130\u00e7in Profesyonel \u0130\u015f\u00e7ilik 3 A\u015famal\u0131 \u00c7ok Kademeli Hidrolik Silindir<\/h2>\n<p>\u00dcst\u00fcn kaliteli, profesyonel 3 Kademeli \u00c7ok Kademeli Hidrolik Silindirimiz, damperli kamyonlar i\u00e7in \u00f6zel olarak tasarlanm\u0131\u015ft\u0131r. \u00dcst\u00fcn i\u015f\u00e7ilikle \u00fcretilen bu son teknoloji hidrolik silindir, \u00e7ok \u00e7e\u015fitli uygulamalar i\u00e7in y\u00fcksek performans ve sa\u011flaml\u0131k sa\u011flar. Makine tamir at\u00f6lyeleri, \u00e7iftlikler, enerji ve madencilik, makine \u00fcretimi ve makine fabrikalar\u0131 i\u00e7in ideal olan bu hidrolik silindir, a\u011f\u0131r hizmet tipi operasyonlar i\u00e7in en \u00fcst d\u00fczey ara\u00e7t\u0131r.<\/p>\n<h3>\u00dcr\u00fcn \u00d6zellikleri<\/h3>\n<table style=\"width: 101.042%;\" border=\"\">\n<tbody>\n<tr>\n<td style=\"width: 43.4286%;\"><b>Delik Boyutu<\/b><\/td>\n<td style=\"width: 421.714%;\">2-6 in\u00e7<\/td>\n<\/tr>\n<tr>\n<td style=\"width: 43.4286%;\"><b>\u00c7ubuk Boyutu<\/b><\/td>\n<td style=\"width: 421.714%;\">1.125-4 in\u00e7<\/td>\n<\/tr>\n<tr>\n<td style=\"width: 43.4286%;\"><b>Vuru\u015f Boyutu<\/b><\/td>\n<td style=\"width: 421.714%;\">4-100 in\u00e7<\/td>\n<\/tr>\n<tr>\n<td style=\"width: 43.4286%;\"><b>Pin Boyutu<\/b><\/td>\n<td style=\"width: 421.714%;\">0,5-2 in\u00e7<\/td>\n<\/tr>\n<tr>\n<td style=\"width: 43.4286%;\"><b>Limanlar<\/b><\/td>\n<td style=\"width: 421.714%;\">G\/SAE\/NPT\/M<\/td>\n<\/tr>\n<\/tbody>\n<\/table>\n<h2>Temel \u00d6zellikler ve Avantajlar<\/h2>\n<ul>\n<li>Enerji Verimlili\u011fi: \u00c7ok Kademeli Hidrolik Silindirimiz, enerji kullan\u0131m\u0131n\u0131 optimize ederek i\u015fletme maliyetlerini d\u00fc\u015f\u00fcrecek \u015fekilde tasarlanm\u0131\u015ft\u0131r.<\/li>\n<li>Y\u00fcksek Verimlilik: Maksimum \u00fcretkenli\u011fi garanti alt\u0131na alarak y\u00fcksek g\u00fc\u00e7 \u00e7\u0131k\u0131\u015f\u0131 sa\u011flamak \u00fczere tasarlanm\u0131\u015ft\u0131r.<\/li>\n<li>G\u00fcvenlik: G\u00fcvenlik d\u00fc\u015f\u00fcn\u00fclerek tasarlanan hidrolik silindirimiz, risksiz \u00e7al\u0131\u015fmay\u0131 garanti eder.<\/li>\n<\/ul>\n<h2>Hidrolik Sistemi Anlamak<\/h2>\n<p>Hidrolik sistemler, s\u0131k\u0131\u015ft\u0131r\u0131lamayan bir ak\u0131\u015fkan kullan\u0131larak bir noktadan di\u011ferine kuvvet aktar\u0131m\u0131 prensibiyle \u00e7al\u0131\u015f\u0131r. 3 Kademeli \u00c7ok Kademeli Hidrolik Silindirimizde, sistem hidrolik bas\u0131nc\u0131, damperli kamyonlarda a\u011f\u0131r y\u00fckleri kald\u0131rmak i\u00e7in kullan\u0131lan do\u011frusal harekete d\u00f6n\u00fc\u015ft\u00fcrerek \u00e7al\u0131\u015f\u0131r.<\/p>\n<p><img loading=\"lazy\" decoding=\"async\" class=\"alignnone size-full wp-image-6793\" src=\"https:\/\/fmp-components.com\/wp-content\/uploads\/2025\/03\/Telescopic-Hydraulic-Cylinders-9.webp\" alt=\"Teleskopik Hidrolik Silindirler\" width=\"800\" height=\"800\" title=\"\" srcset=\"https:\/\/fmp-components.com\/wp-content\/uploads\/2025\/03\/Telescopic-Hydraulic-Cylinders-9.webp 800w, https:\/\/fmp-components.com\/wp-content\/uploads\/2025\/03\/Telescopic-Hydraulic-Cylinders-9-480x480.webp 480w\" sizes=\"(min-width: 0px) and (max-width: 480px) 480px, (min-width: 481px) 800px, 100vw\" \/><\/p>\n<h2>3 Kademeli \u00c7ok Kademeli Hidrolik Silindirimizin Uygulamalar\u0131<\/h2>\n<p>Hidrolik silindirimiz \u00e7ok y\u00f6nl\u00fcd\u00fcr ve makine tamir at\u00f6lyeleri, \u00e7iftlikler, enerji ve madencilik, makine imalat\u0131 ve makine fabrikalar\u0131 dahil olmak \u00fczere \u00e7e\u015fitli sekt\u00f6rlerde kullan\u0131labilir. Y\u00fcksek g\u00fc\u00e7 \u00e7\u0131k\u0131\u015f\u0131 ve sa\u011flaml\u0131k gerektiren her t\u00fcrl\u00fc a\u011f\u0131r hizmet tipi uygulama i\u00e7in m\u00fckemmeldir.<\/p>\n<h2>Hidrolik Silindirler ve G\u00fc\u00e7 \u00dcniteleri<\/h2>\n<p>Hidrolik silindirler ve g\u00fc\u00e7 \u00fcniteleri, her hidrolik sistemin ayr\u0131lmaz par\u00e7alar\u0131d\u0131r. FMP, bu bile\u015fenlerin \u00f6nemini anl\u0131yor ve sat\u0131\u015fa y\u00fcksek kaliteli g\u00fc\u00e7 \u00fcniteleri sunuyor.<\/p>\n<h2>S\u0131k\u00e7a Sorulan Sorular<\/h2>\n<ul>\n<li><b>S: Teslimat s\u00fcreniz ne kadard\u0131r?<\/b><br \/>\nA: Standart teslimat s\u00fcremiz 25-35 g\u00fcnd\u00fcr.<\/li>\n<li><b>S: Numune sa\u011fl\u0131yor musunuz?<\/b><br \/>\nC: Evet, numune sa\u011flayabiliriz ancak \u00fccretsiz de\u011fil.<\/li>\n<li><b>S: \u00dcr\u00fcnleri numunelere veya teknik \u00e7izimlere g\u00f6re \u00f6zelle\u015ftirebilir misiniz?<\/b><br \/>\nC: Evet, numunelerinize veya teknik \u00e7izimlerinize g\u00f6re \u00fcr\u00fcnleri \u00f6zelle\u015ftirebiliriz.<\/li>\n<\/ul>\n<h3>FMP Hakk\u0131nda<\/h3>\n<p class=\"break-words\">FMP, y\u00fcksek kaliteli hidrolik silindirlerin tasar\u0131m\u0131, geli\u015ftirilmesi ve \u00fcretiminde uzmanla\u015fm\u0131\u015f lider bir \u0130talyan \u00fcreticisidir. Onlarca y\u0131ll\u0131k uzmanl\u0131\u011fa dayanan zengin bir mirasa sahip olarak, \u0130talyan i\u015f\u00e7ili\u011fini en son teknolojiyle gururla birle\u015ftirerek, k\u00fcresel m\u00fc\u015fterilerimizin \u00e7e\u015fitli ihtiya\u00e7lar\u0131n\u0131 kar\u015f\u0131lamak \u00fczere tasarlanm\u0131\u015f ola\u011fan\u00fcst\u00fc hidrolik \u00e7\u00f6z\u00fcmler sunuyoruz. M\u00fchendislik m\u00fckemmelli\u011finin merkezi \u0130talya'da bulunan FMP, hidrolik sekt\u00f6r\u00fcnde g\u00fcvenilir bir isim olarak \u00f6ne \u00e7\u0131kmakta ve d\u00fcnya \u00e7ap\u0131ndaki i\u015fletmelere g\u00fc\u00e7 katan g\u00fcvenilir, dayan\u0131kl\u0131 ve yenilik\u00e7i \u00fcr\u00fcnler sunmaya kendini adam\u0131\u015ft\u0131r.<\/p>\n<p class=\"break-words\">\u015eirketimiz, ileri d\u00fczey \u00fcretim geleneklerinin en iyilerini ileri g\u00f6r\u00fc\u015fl\u00fc bir yakla\u015f\u0131mla birle\u015ftiriyor. Hidrolik sistemlerdeki uzun y\u0131llara dayanan deneyiminden g\u00fc\u00e7 alan FMP, ara\u015ft\u0131rma, tasar\u0131m ve \u00fcretimde m\u00fckemmellik g\u00f6steren modern bir kurulu\u015fa d\u00f6n\u00fc\u015fm\u00fc\u015ft\u00fcr. \u00c7ift etkili silindirler, otomotiv kald\u0131rma silindirleri, tar\u0131m makineleri silindirleri ve \u00e7e\u015fitli end\u00fcstriyel uygulamalar i\u00e7in \u00f6zel olarak tasarlanm\u0131\u015f \u00e7\u00f6z\u00fcmler de dahil olmak \u00fczere geni\u015f bir hidrolik silindir yelpazesinde uzmanla\u015f\u0131yoruz. \u0130ster in\u015faat, ister end\u00fcstriyel tesisler, ister tar\u0131m veya a\u011f\u0131r makineler olsun, hidrolik silindirlerimiz en zorlu ko\u015fullarda bile g\u00fcvenlik, verimlilik ve uzun \u00f6m\u00fcr sa\u011flayacak \u015fekilde \u00fcretilmi\u015ftir.<\/p>\n<p><img loading=\"lazy\" decoding=\"async\" class=\"alignnone size-full wp-image-6720\" src=\"https:\/\/fmp-components.com\/wp-content\/uploads\/2025\/03\/hydraulic-cylinder-8.webp\" alt=\"Teleskopik Hidrolik Silindirler\" width=\"933\" height=\"526\" title=\"\" srcset=\"https:\/\/fmp-components.com\/wp-content\/uploads\/2025\/03\/hydraulic-cylinder-8.webp 933w, https:\/\/fmp-components.com\/wp-content\/uploads\/2025\/03\/hydraulic-cylinder-8-480x271.webp 480w\" sizes=\"(min-width: 0px) and (max-width: 480px) 480px, (min-width: 481px) 933px, 100vw\" \/><\/p>\n<p class=\"break-words\">FMP olarak, hassas makineler ve geli\u015fmi\u015f test sistemleriyle donat\u0131lm\u0131\u015f son teknoloji \u00fcretim tesislerimizle gurur duyuyoruz. \u00dcretim s\u00fcre\u00e7lerimiz, fabrikam\u0131zdan \u00e7\u0131kan her hidrolik silindirin \u00fcst\u00fcn kalite ve g\u00fcvenilirlikte olmas\u0131n\u0131 sa\u011flayan s\u0131k\u0131 ulusal ve uluslararas\u0131 standartlara uygundur. Son teknoloji ekipmanlarla bir araya gelen yetenekli teknik ekibimiz, hammadde se\u00e7iminden son kontrole kadar \u00fcretimin her a\u015famas\u0131nda s\u0131k\u0131 bir kalite kontrol\u00fc sa\u011flamam\u0131z\u0131 sa\u011flar. M\u00fckemmelli\u011fe olan bu ba\u011fl\u0131l\u0131\u011f\u0131m\u0131z, bize sekt\u00f6r otoritelerinden sertifikalar ve takdirler kazand\u0131rarak, g\u00fcvenilir bir i\u015f orta\u011f\u0131 olarak itibar\u0131m\u0131z\u0131 daha da sa\u011flamla\u015ft\u0131rm\u0131\u015ft\u0131r.<\/p>\n<p class=\"break-words\">Misyonumuz basit ama iddial\u0131: M\u00fc\u015fterilerimize performans, dayan\u0131kl\u0131l\u0131k ve de\u011fer a\u00e7\u0131s\u0131ndan beklentileri a\u015fan hidrolik silindirler sunmak. Profesyonellik, d\u00fcr\u00fcstl\u00fck ve m\u00fc\u015fteri odakl\u0131l\u0131k ilkeleriyle \u00e7al\u0131\u015f\u0131yoruz. Yenilik\u00e7ilik ve hassasiyet k\u00fclt\u00fcr\u00fcn\u00fc benimseyerek, rekabet\u00e7i bir pazarda \u00f6ne \u00e7\u0131kmak i\u00e7in \u00fcr\u00fcnlerimizi s\u00fcrekli olarak geli\u015ftiriyoruz. Kapsaml\u0131 \u00fcr\u00fcn yelpazemiz ve ki\u015fiye \u00f6zel \u00e7\u00f6z\u00fcmler sunma becerimiz, bizi y\u00fcksek performansl\u0131 hidrolik silindir arayan i\u015fletmeler i\u00e7in vazge\u00e7ilmez k\u0131l\u0131yor.<\/p>\n<p class=\"break-words\">FMP, yaln\u0131zca bir \u00fcreticiden daha fazlas\u0131d\u0131r; ba\u015far\u0131n\u0131z\u0131n orta\u011f\u0131y\u0131z. M\u00fc\u015fterilerimizin \u00fcretkenliklerini ve g\u00fcvenliklerini art\u0131ran ara\u00e7lar sunmam\u0131z i\u00e7in bize g\u00fcvendi\u011finin fark\u0131nday\u0131z. Bu nedenle, yaln\u0131zca birinci s\u0131n\u0131f \u00fcr\u00fcnler sunmakla kalmay\u0131p ayn\u0131 zamanda ola\u011fan\u00fcst\u00fc hizmet de sunmaya kararl\u0131y\u0131z. \u0130lk dan\u0131\u015fmanl\u0131ktan sat\u0131\u015f sonras\u0131 deste\u011fe kadar, ihtiya\u00e7lar\u0131n\u0131n profesyonellik ve \u00f6zenle kar\u015f\u0131lanmas\u0131n\u0131 sa\u011flamak i\u00e7in m\u00fc\u015fterilerimizle yak\u0131n bir \u015fekilde \u00e7al\u0131\u015f\u0131yoruz. Rekabet\u00e7i fiyatlar\u0131m\u0131z ve kaliteye olan sars\u0131lmaz ba\u011fl\u0131l\u0131\u011f\u0131m\u0131z, FMP'yi g\u00fcvenebilecekleri hidrolik \u00e7\u00f6z\u00fcmlere yat\u0131r\u0131m yapmak isteyen \u015firketler i\u00e7in ak\u0131ll\u0131 bir tercih haline getiriyor.<\/p>","protected":false},"excerpt":{"rendered":"<p>Professional Craftsmanship 3 Stages Multistage Hydraulic Cylinder For Dump Truck Our top-quality, professional-grade 3 Stages Multistage Hydraulic Cylinder is designed specifically for dump trucks. Built with superior craftsmanship, this state-of-the-art hydraulic cylinder provides high performance and robustness for a wide range of applications. Ideal for machinery repair shops, farms, energy &amp; mining, machinery manufacturing, and [&hellip;]<\/p>","protected":false},"featured_media":6790,"comment_status":"closed","ping_status":"closed","template":"","meta":{"_et_pb_use_builder":"","_et_pb_old_content":"","_et_gb_content_width":""},"product_brand":[],"product_cat":[103],"product_tag":[34,105],"class_list":{"0":"post-6622","1":"product","2":"type-product","3":"status-publish","4":"has-post-thumbnail","6":"product_cat-telescopic-hydraulic-cylinders","7":"product_tag-hydraulic-cylinder","8":"product_tag-telescopic-hydraulic-cylinders","10":"first","11":"instock","12":"product-type-simple"},"_links":{"self":[{"href":"https:\/\/fmp-components.com\/tr\/wp-json\/wp\/v2\/product\/6622","targetHints":{"allow":["GET"]}}],"collection":[{"href":"https:\/\/fmp-components.com\/tr\/wp-json\/wp\/v2\/product"}],"about":[{"href":"https:\/\/fmp-components.com\/tr\/wp-json\/wp\/v2\/types\/product"}],"replies":[{"embeddable":true,"href":"https:\/\/fmp-components.com\/tr\/wp-json\/wp\/v2\/comments?post=6622"}],"wp:featuredmedia":[{"embeddable":true,"href":"https:\/\/fmp-components.com\/tr\/wp-json\/wp\/v2\/media\/6790"}],"wp:attachment":[{"href":"https:\/\/fmp-components.com\/tr\/wp-json\/wp\/v2\/media?parent=6622"}],"wp:term":[{"taxonomy":"product_brand","embeddable":true,"href":"https:\/\/fmp-components.com\/tr\/wp-json\/wp\/v2\/product_brand?post=6622"},{"taxonomy":"product_cat","embeddable":true,"href":"https:\/\/fmp-components.com\/tr\/wp-json\/wp\/v2\/product_cat?post=6622"},{"taxonomy":"product_tag","embeddable":true,"href":"https:\/\/fmp-components.com\/tr\/wp-json\/wp\/v2\/product_tag?post=6622"}],"curies":[{"name":"wp","href":"https:\/\/api.w.org\/{rel}","templated":true}]}}