{"id":6617,"date":"2025-03-11T06:33:57","date_gmt":"2025-03-11T06:33:57","guid":{"rendered":"https:\/\/fmp-components.com\/product\/high-quality-flatbed-tow-truck-hydraulic-cylinder-hydraulic-telescopic-cylinder"},"modified":"2025-03-14T01:33:37","modified_gmt":"2025-03-14T01:33:37","slug":"high-quality-flatbed-tow-truck-hydraulic-cylinder-hydraulic-telescopic-cylinder","status":"publish","type":"product","link":"https:\/\/fmp-components.com\/tr\/product\/high-quality-flatbed-tow-truck-hydraulic-cylinder-hydraulic-telescopic-cylinder\/","title":{"rendered":"Y\u00fcksek Kaliteli D\u00fcz Yatakl\u0131 \u00c7ekici Hidrolik Silindiri Hidrolik Teleskopik Silindir"},"content":{"rendered":"<h2>Y\u00fcksek Kaliteli D\u00fcz Yatakl\u0131 \u00c7ekici Hidrolik Silindiri Hidrolik Teleskopik Silindir<\/h2>\n<p>Y\u00fcksek Kaliteli D\u00fcz Yatakl\u0131 \u00c7ekici Hidrolik Silindirimiz<b>R<\/b> Hidrolik Teleskopik Silindir, hidrolik sekt\u00f6r\u00fcn\u00fcn lider \u00fcreticilerinden FMP'nin \u00fcst\u00fcn bir \u00fcr\u00fcn\u00fcd\u00fcr. Bu sa\u011flam ekipman, y\u00fcksek performans, verimlilik ve g\u00fcvenilirlik i\u00e7in tasarlanm\u0131\u015ft\u0131r ve bu da onu makine tamir at\u00f6lyeleri, \u00e7iftlikler, enerji ve madencilik end\u00fcstrileri ve makine \u00fcretim fabrikalar\u0131 i\u00e7in vazge\u00e7ilmez bir ara\u00e7 haline getirir.<\/p>\n<h3>\u00dcr\u00fcn \u00d6zellikleri<\/h3>\n<table style=\"width: 101.5%;\" border=\"\">\n<tbody>\n<tr>\n<td style=\"width: 47.9042%;\"><b>Delik Boyutu<\/b><\/td>\n<td style=\"width: 426.347%;\">2-6 in\u00e7<\/td>\n<\/tr>\n<tr>\n<td style=\"width: 47.9042%;\"><b>\u00c7ubuk Boyutu<\/b><\/td>\n<td style=\"width: 426.347%;\">1.125-4 in\u00e7<\/td>\n<\/tr>\n<tr>\n<td style=\"width: 47.9042%;\"><b>Vuru\u015f Boyutu<\/b><\/td>\n<td style=\"width: 426.347%;\">4-100 in\u00e7<\/td>\n<\/tr>\n<tr>\n<td style=\"width: 47.9042%;\"><b>Pin Boyutu<\/b><\/td>\n<td style=\"width: 426.347%;\">0,5-2 in\u00e7<\/td>\n<\/tr>\n<\/tbody>\n<\/table>\n<h3>Benzersiz \u00d6zellikler ve Avantajlar<\/h3>\n<ul>\n<li>Enerji Verimlili\u011fi: Hidrolik silindirimiz enerji tasarrufu sa\u011flayacak \u015fekilde tasarlanm\u0131\u015ft\u0131r ve bu da i\u015fletmeniz i\u00e7in maliyet tasarrufu sa\u011flar.<\/li>\n<li>Y\u00fcksek Verimlilik: Silindir, operasyonlar\u0131n\u0131z\u0131n sorunsuz bir \u015fekilde y\u00fcr\u00fct\u00fclmesini sa\u011flayarak maksimum verimlilik i\u00e7in tasarlanm\u0131\u015ft\u0131r.<\/li>\n<li>G\u00fcvenlik: G\u00fcvenlik en b\u00fcy\u00fck \u00f6nceli\u011fimizdir. Hidrolik silindirimiz, g\u00fcvenli \u00e7al\u0131\u015fmay\u0131 garantilemek i\u00e7in \u00e7ok say\u0131da g\u00fcvenlik \u00f6zelli\u011fiyle donat\u0131lm\u0131\u015ft\u0131r.<\/li>\n<\/ul>\n<h2>Hidrolik Sistem ve \u00c7al\u0131\u015fma Prensipleri<\/h2>\n<p>Hidrolik silindirimiz, ak\u0131\u015fkanlar\u0131n hareketsiz ve hareket halindeki davran\u0131\u015flar\u0131n\u0131 inceleyen bir fizik dal\u0131 olan ak\u0131\u015fkanlar mekani\u011fi prensiplerine g\u00f6re \u00e7al\u0131\u015f\u0131r. Hidrolik ak\u0131\u015fkan\u0131n \u00f6zelliklerinden yararlanan silindir, hidrolik enerjiyi etkili bir \u015fekilde mekanik enerjiye d\u00f6n\u00fc\u015ft\u00fcr\u00fcr. Bu d\u00f6n\u00fc\u015f\u00fcm s\u00fcreci, kuvvet ve hassasiyet gerektiren \u00e7e\u015fitli g\u00f6revlerin ger\u00e7ekle\u015ftirilmesini sa\u011flad\u0131\u011f\u0131 i\u00e7in makinelere g\u00fc\u00e7 sa\u011flamak i\u00e7in olmazsa olmazd\u0131r. Hidrolik ak\u0131\u015fkan bas\u0131n\u00e7land\u0131r\u0131l\u0131p silindire y\u00f6nlendirildi\u011finde, pistona kuvvet uygulayarak hareket etmesini sa\u011flar. Bu hareket mekanik harekete d\u00f6n\u00fc\u015ferek, hidrolik silindirin a\u011f\u0131r y\u00fckleri kald\u0131rmaktan karma\u015f\u0131k \u00fcretim s\u00fcre\u00e7lerini kolayla\u015ft\u0131rmaya kadar \u00e7ok \u00e7e\u015fitli i\u015flevleri yerine getirmesini sa\u011flar.<\/p>\n<p>Hidrolik sistemlerin verimlili\u011fi b\u00fcy\u00fck \u00f6l\u00e7\u00fcde kuvveti art\u0131rma kabiliyetlerinden kaynaklanmaktad\u0131r. Hidrolik s\u0131v\u0131ya nispeten k\u00fc\u00e7\u00fck bir giri\u015f kuvveti uygulanarak \u00e7ok daha b\u00fcy\u00fck bir \u00e7\u0131k\u0131\u015f kuvveti \u00fcretilebilir ve bu da hidrolik silindirleri mukavemet gerektiren uygulamalarda paha bi\u00e7ilmez k\u0131lar. Bu prensip, yaln\u0131zca makinelerin performans\u0131n\u0131 art\u0131rmakla kalmaz, ayn\u0131 zamanda g\u00fcvenli\u011fin ve operasyonel verimlili\u011fin de artmas\u0131na katk\u0131da bulunur.<\/p>\n<p><img loading=\"lazy\" decoding=\"async\" class=\"alignnone size-full wp-image-6798\" src=\"https:\/\/fmp-components.com\/wp-content\/uploads\/2025\/03\/Telescopic-Hydraulic-Cylinders-14.webp\" alt=\"Teleskopik Hidrolik Silindirler\" width=\"800\" height=\"800\" title=\"\" srcset=\"https:\/\/fmp-components.com\/wp-content\/uploads\/2025\/03\/Telescopic-Hydraulic-Cylinders-14.webp 800w, https:\/\/fmp-components.com\/wp-content\/uploads\/2025\/03\/Telescopic-Hydraulic-Cylinders-14-480x480.webp 480w\" sizes=\"(min-width: 0px) and (max-width: 480px) 480px, (min-width: 481px) 800px, 100vw\" \/><\/p>\n<h2>Hidrolik Silindir Uygulamas\u0131<\/h2>\n<p>Bu hidrolik silindir, \u00e7ok y\u00f6nl\u00fcl\u00fc\u011f\u00fcn\u00fc ve etkinli\u011fini kan\u0131tlayarak \u00e7e\u015fitli end\u00fcstrilerde geni\u015f bir uygulama yelpazesine sahiptir. Makine imalat\u0131nda presler, otomasyon sistemleri ve montaj hatlar\u0131 gibi ekipmanlar\u0131n \u00e7al\u0131\u015fmas\u0131nda \u00f6nemli bir rol oynar. Sa\u011flam yap\u0131s\u0131 ve g\u00fcvenilirli\u011fi, a\u011f\u0131r hizmet operasyonlar\u0131 i\u00e7in pop\u00fcler bir se\u00e7im olmas\u0131n\u0131 sa\u011flayarak, makinelerin zorlu ko\u015fullar alt\u0131nda tutarl\u0131 bir performans g\u00f6stermesini sa\u011flar.<\/p>\n<p>Enerji sekt\u00f6r\u00fcnde, hidrolik silindirler enerji \u00fcretim ve iletim ekipmanlar\u0131n\u0131n \u00e7al\u0131\u015ft\u0131r\u0131lmas\u0131 i\u00e7in olmazsa olmazd\u0131r. R\u00fczg\u00e2r t\u00fcrbinlerinde, hidroelektrik santrallerinde ve hassas kontrol ve g\u00fc\u00e7l\u00fc kald\u0131rma kabiliyetlerinin gerekli oldu\u011fu di\u011fer uygulamalarda kullan\u0131l\u0131rlar. Benzer \u015fekilde, madencilikte de bu silindirler ekskavat\u00f6rlerin, sondaj makinelerinin ve di\u011fer makinelerin \u00e7al\u0131\u015fmas\u0131n\u0131 kolayla\u015ft\u0131rarak kaynaklar\u0131n verimli bir \u015fekilde \u00e7\u0131kar\u0131lmas\u0131n\u0131 sa\u011flar.<\/p>\n<p>Ayr\u0131ca, trakt\u00f6rlerde ve di\u011fer tar\u0131m ekipmanlar\u0131nda kullan\u0131lan hidrolik silindirler tar\u0131m sekt\u00f6r\u00fcnde de \u00f6nemli bir avantaj sa\u011flamaktad\u0131r. A\u011f\u0131r ekipmanlar\u0131 kald\u0131rma ve ta\u015f\u0131ma yetenekleri, \u00e7ift\u00e7ilerin makineleri daha verimli kullanmalar\u0131na, \u00fcretkenli\u011fi art\u0131rmalar\u0131na ve el i\u015f\u00e7ili\u011fini azaltmalar\u0131na olanak tan\u0131r.<\/p>\n<h2>Hidrolik Silindirler ve G\u00fc\u00e7 \u00dcniteleri<\/h2>\n<p>Hidrolik silindir ve g\u00fc\u00e7 \u00fcnitesi, hidrolik sistemin ayr\u0131lmaz par\u00e7alar\u0131d\u0131r ve her biri, hidrolik teknolojisinin end\u00fcstriyel sekt\u00f6rde etkili bir \u015fekilde uygulanmas\u0131n\u0131 sa\u011flayan kritik bir i\u015flevi yerine getirir. Hidrolik silindir, hidrolik bas\u0131nc\u0131 mekanik harekete d\u00f6n\u00fc\u015ft\u00fcren bir akt\u00fcat\u00f6r g\u00f6revi g\u00f6r\u00fcrken, g\u00fc\u00e7 \u00fcnitesi silindiri \u00e7al\u0131\u015ft\u0131rmak i\u00e7in gereken hidrolik s\u0131v\u0131 bas\u0131nc\u0131n\u0131 \u00fcretir ve d\u00fczenler.<\/p>\n<p>Kusursuz i\u015f birlikleri, \u00e7e\u015fitli m\u00fchendislik ve mekanik ekipmanlar i\u00e7in g\u00fcvenilir g\u00fc\u00e7 ve kontrol deste\u011fi sa\u011flamak a\u00e7\u0131s\u0131ndan hayati \u00f6nem ta\u015f\u0131r. \u00d6rne\u011fin, \u00fcretim ortamlar\u0131nda bu i\u015f birli\u011fi, hem mukavemet hem de hassasiyet gerektiren makinelerin \u00e7al\u0131\u015ft\u0131r\u0131lmas\u0131na olanak tan\u0131r. Ak\u0131\u015fkan ak\u0131\u015f\u0131n\u0131 ve bas\u0131nc\u0131n\u0131 kontrol edebilme yetene\u011fi, operat\u00f6rlerin hassas hareketler elde etmesini sa\u011flayarak hidrolik sistemleri a\u011f\u0131r kald\u0131rmadan karma\u015f\u0131k montaj g\u00f6revlerine kadar \u00e7ok \u00e7e\u015fitli uygulamalar i\u00e7in uygun hale getirir.<\/p>\n<p>Ayr\u0131ca, hidrolik silindirlerin g\u00fc\u00e7 \u00fcniteleriyle entegrasyonu, hidrolik sistemlerin genel verimlili\u011fini art\u0131r\u0131r. Bu sinerji, yaln\u0131zca verimlili\u011fi art\u0131rmakla kalmaz, ayn\u0131 zamanda \u00e7e\u015fitli end\u00fcstriyel uygulamalardaki operasyonlar\u0131n emniyet ve g\u00fcvenilirli\u011fine de katk\u0131da bulunur. Hidrolik silindirlerin ve g\u00fc\u00e7 \u00fcnitelerinin birle\u015fik yeteneklerinden yararlanarak, end\u00fcstriler hidrolik teknolojisinin t\u00fcm potansiyelinden yararlanabilir, s\u00fcre\u00e7lerinde inovasyon ve verimlili\u011fi art\u0131rabilirler.<\/p>\n<h2>S\u0131k\u00e7a Sorulan Sorular<\/h2>\n<dl>\n<dt>S: Siz bir ticaret \u015firketi misiniz yoksa \u00fcretici misiniz?<\/dt>\n<dd>A: Biz \u00fcreticiyiz.<\/dd>\n<dt>S: Teslimat s\u00fcreniz ne kadard\u0131r?<\/dt>\n<dd>A: Genellikle teslimat s\u00fcremiz 25-35 g\u00fcnd\u00fcr.<\/dd>\n<dt>S: Numune sa\u011fl\u0131yor musunuz? \u00dccretsiz mi yoksa ekstra m\u0131?<\/dt>\n<dd>C: Evet, numune sa\u011fl\u0131yoruz ancak \u00fccretsiz de\u011fil.<\/dd>\n<\/dl>\n<h3>FMP Hakk\u0131nda<\/h3>\n<p class=\"break-words\">FMP, y\u00fcksek kaliteli hidrolik silindirlerin tasar\u0131m\u0131, geli\u015ftirilmesi ve \u00fcretiminde uzmanla\u015fm\u0131\u015f lider bir \u0130talyan \u00fcreticisidir. Onlarca y\u0131ll\u0131k uzmanl\u0131\u011fa dayanan zengin bir mirasa sahip olarak, \u0130talyan i\u015f\u00e7ili\u011fini en son teknolojiyle gururla birle\u015ftirerek, k\u00fcresel m\u00fc\u015fterilerimizin \u00e7e\u015fitli ihtiya\u00e7lar\u0131n\u0131 kar\u015f\u0131lamak \u00fczere tasarlanm\u0131\u015f ola\u011fan\u00fcst\u00fc hidrolik \u00e7\u00f6z\u00fcmler sunuyoruz. M\u00fchendislik m\u00fckemmelli\u011finin merkezi \u0130talya'da bulunan FMP, hidrolik sekt\u00f6r\u00fcnde g\u00fcvenilir bir isim olarak \u00f6ne \u00e7\u0131kmakta ve d\u00fcnya \u00e7ap\u0131ndaki i\u015fletmelere g\u00fc\u00e7 katan g\u00fcvenilir, dayan\u0131kl\u0131 ve yenilik\u00e7i \u00fcr\u00fcnler sunmaya kendini adam\u0131\u015ft\u0131r.<\/p>\n<p class=\"break-words\">\u015eirketimiz, ileri d\u00fczey \u00fcretim geleneklerinin en iyilerini ileri g\u00f6r\u00fc\u015fl\u00fc bir yakla\u015f\u0131mla birle\u015ftiriyor. Hidrolik sistemlerdeki uzun y\u0131llara dayanan deneyiminden g\u00fc\u00e7 alan FMP, ara\u015ft\u0131rma, tasar\u0131m ve \u00fcretimde m\u00fckemmellik g\u00f6steren modern bir kurulu\u015fa d\u00f6n\u00fc\u015fm\u00fc\u015ft\u00fcr. \u00c7ift etkili silindirler, otomotiv kald\u0131rma silindirleri, tar\u0131m makineleri silindirleri ve \u00e7e\u015fitli end\u00fcstriyel uygulamalar i\u00e7in \u00f6zel olarak tasarlanm\u0131\u015f \u00e7\u00f6z\u00fcmler de dahil olmak \u00fczere geni\u015f bir hidrolik silindir yelpazesinde uzmanla\u015f\u0131yoruz. \u0130ster in\u015faat, ister end\u00fcstriyel tesisler, ister tar\u0131m veya a\u011f\u0131r makineler olsun, hidrolik silindirlerimiz en zorlu ko\u015fullarda bile g\u00fcvenlik, verimlilik ve uzun \u00f6m\u00fcr sa\u011flayacak \u015fekilde \u00fcretilmi\u015ftir.<\/p>\n<p><img loading=\"lazy\" decoding=\"async\" class=\"alignnone size-full wp-image-6720\" src=\"https:\/\/fmp-components.com\/wp-content\/uploads\/2025\/03\/hydraulic-cylinder-8.webp\" alt=\"Teleskopik Hidrolik Silindirler\" width=\"933\" height=\"526\" title=\"\" srcset=\"https:\/\/fmp-components.com\/wp-content\/uploads\/2025\/03\/hydraulic-cylinder-8.webp 933w, https:\/\/fmp-components.com\/wp-content\/uploads\/2025\/03\/hydraulic-cylinder-8-480x271.webp 480w\" sizes=\"(min-width: 0px) and (max-width: 480px) 480px, (min-width: 481px) 933px, 100vw\" \/><\/p>\n<p class=\"break-words\">FMP olarak, hassas makineler ve geli\u015fmi\u015f test sistemleriyle donat\u0131lm\u0131\u015f son teknoloji \u00fcretim tesislerimizle gurur duyuyoruz. \u00dcretim s\u00fcre\u00e7lerimiz, fabrikam\u0131zdan \u00e7\u0131kan her hidrolik silindirin \u00fcst\u00fcn kalite ve g\u00fcvenilirlikte olmas\u0131n\u0131 sa\u011flayan s\u0131k\u0131 ulusal ve uluslararas\u0131 standartlara uygundur. Son teknoloji ekipmanlarla bir araya gelen yetenekli teknik ekibimiz, hammadde se\u00e7iminden son kontrole kadar \u00fcretimin her a\u015famas\u0131nda s\u0131k\u0131 bir kalite kontrol\u00fc sa\u011flamam\u0131z\u0131 sa\u011flar. M\u00fckemmelli\u011fe olan bu ba\u011fl\u0131l\u0131\u011f\u0131m\u0131z, bize sekt\u00f6r otoritelerinden sertifikalar ve takdirler kazand\u0131rarak, g\u00fcvenilir bir i\u015f orta\u011f\u0131 olarak itibar\u0131m\u0131z\u0131 daha da sa\u011flamla\u015ft\u0131rm\u0131\u015ft\u0131r.<\/p>\n<p class=\"break-words\">Misyonumuz basit ama iddial\u0131: M\u00fc\u015fterilerimize performans, dayan\u0131kl\u0131l\u0131k ve de\u011fer a\u00e7\u0131s\u0131ndan beklentileri a\u015fan hidrolik silindirler sunmak. Profesyonellik, d\u00fcr\u00fcstl\u00fck ve m\u00fc\u015fteri odakl\u0131l\u0131k ilkeleriyle \u00e7al\u0131\u015f\u0131yoruz. Yenilik\u00e7ilik ve hassasiyet k\u00fclt\u00fcr\u00fcn\u00fc benimseyerek, rekabet\u00e7i bir pazarda \u00f6ne \u00e7\u0131kmak i\u00e7in \u00fcr\u00fcnlerimizi s\u00fcrekli olarak geli\u015ftiriyoruz. Kapsaml\u0131 \u00fcr\u00fcn yelpazemiz ve ki\u015fiye \u00f6zel \u00e7\u00f6z\u00fcmler sunma becerimiz, bizi y\u00fcksek performansl\u0131 hidrolik silindir arayan i\u015fletmeler i\u00e7in vazge\u00e7ilmez k\u0131l\u0131yor.<\/p>\n<p class=\"break-words\">FMP, yaln\u0131zca bir \u00fcreticiden daha fazlas\u0131d\u0131r; ba\u015far\u0131n\u0131z\u0131n orta\u011f\u0131y\u0131z. M\u00fc\u015fterilerimizin \u00fcretkenliklerini ve g\u00fcvenliklerini art\u0131ran ara\u00e7lar sunmam\u0131z i\u00e7in bize g\u00fcvendi\u011finin fark\u0131nday\u0131z. Bu nedenle, yaln\u0131zca birinci s\u0131n\u0131f \u00fcr\u00fcnler sunmakla kalmay\u0131p ayn\u0131 zamanda ola\u011fan\u00fcst\u00fc hizmet de sunmaya kararl\u0131y\u0131z. \u0130lk dan\u0131\u015fmanl\u0131ktan sat\u0131\u015f sonras\u0131 deste\u011fe kadar, ihtiya\u00e7lar\u0131n\u0131n profesyonellik ve \u00f6zenle kar\u015f\u0131lanmas\u0131n\u0131 sa\u011flamak i\u00e7in m\u00fc\u015fterilerimizle yak\u0131n bir \u015fekilde \u00e7al\u0131\u015f\u0131yoruz. Rekabet\u00e7i fiyatlar\u0131m\u0131z ve kaliteye olan sars\u0131lmaz ba\u011fl\u0131l\u0131\u011f\u0131m\u0131z, FMP'yi g\u00fcvenebilecekleri hidrolik \u00e7\u00f6z\u00fcmlere yat\u0131r\u0131m yapmak isteyen \u015firketler i\u00e7in ak\u0131ll\u0131 bir tercih haline getiriyor.<\/p>","protected":false},"excerpt":{"rendered":"<p>High Quality Flatbed Tow Truck Hydraulic Cylinder Hydraulic Telescopic Cylinder Our High Quality Flatbed Tow Truck hydraulic cylinder Hydraulic Telescopic Cylinder is a superior product from FMP, a leading manufacturer in the hydraulic industry. This robust equipment is designed for high performance, efficiency, and reliability, making it an indispensable tool for machinery repair shops, farms, [&hellip;]<\/p>","protected":false},"featured_media":6798,"comment_status":"closed","ping_status":"closed","template":"","meta":{"_et_pb_use_builder":"","_et_pb_old_content":"","_et_gb_content_width":""},"product_brand":[],"product_cat":[103],"product_tag":[34,105],"class_list":{"0":"post-6617","1":"product","2":"type-product","3":"status-publish","4":"has-post-thumbnail","6":"product_cat-telescopic-hydraulic-cylinders","7":"product_tag-hydraulic-cylinder","8":"product_tag-telescopic-hydraulic-cylinders","10":"first","11":"instock","12":"product-type-simple"},"_links":{"self":[{"href":"https:\/\/fmp-components.com\/tr\/wp-json\/wp\/v2\/product\/6617","targetHints":{"allow":["GET"]}}],"collection":[{"href":"https:\/\/fmp-components.com\/tr\/wp-json\/wp\/v2\/product"}],"about":[{"href":"https:\/\/fmp-components.com\/tr\/wp-json\/wp\/v2\/types\/product"}],"replies":[{"embeddable":true,"href":"https:\/\/fmp-components.com\/tr\/wp-json\/wp\/v2\/comments?post=6617"}],"wp:featuredmedia":[{"embeddable":true,"href":"https:\/\/fmp-components.com\/tr\/wp-json\/wp\/v2\/media\/6798"}],"wp:attachment":[{"href":"https:\/\/fmp-components.com\/tr\/wp-json\/wp\/v2\/media?parent=6617"}],"wp:term":[{"taxonomy":"product_brand","embeddable":true,"href":"https:\/\/fmp-components.com\/tr\/wp-json\/wp\/v2\/product_brand?post=6617"},{"taxonomy":"product_cat","embeddable":true,"href":"https:\/\/fmp-components.com\/tr\/wp-json\/wp\/v2\/product_cat?post=6617"},{"taxonomy":"product_tag","embeddable":true,"href":"https:\/\/fmp-components.com\/tr\/wp-json\/wp\/v2\/product_tag?post=6617"}],"curies":[{"name":"wp","href":"https:\/\/api.w.org\/{rel}","templated":true}]}}