{"id":6611,"date":"2025-03-11T06:33:57","date_gmt":"2025-03-11T06:33:57","guid":{"rendered":"https:\/\/fmp-components.com\/product\/factory-direct-sale-high-quality-hydraulic-cylinder-for-caravan"},"modified":"2025-03-18T01:57:16","modified_gmt":"2025-03-18T01:57:16","slug":"factory-direct-sale-high-quality-hydraulic-cylinder-for-caravan","status":"publish","type":"product","link":"https:\/\/fmp-components.com\/tr\/product\/factory-direct-sale-high-quality-hydraulic-cylinder-for-caravan\/","title":{"rendered":"Karavan i\u00e7in Fabrika Do\u011frudan Sat\u0131\u015f Y\u00fcksek Kaliteli Hidrolik Silindir"},"content":{"rendered":"<h2>Karavan i\u00e7in Fabrika Do\u011frudan Sat\u0131\u015f Y\u00fcksek Kaliteli Hidrolik Silindir<\/h2>\n<p>Y\u00fcksek kaliteli hidrolik silindirleri do\u011frudan fabrikadan en iyi fiyatlarla sat\u0131n al\u0131n. Sekt\u00f6rde sayg\u0131n bir isim olan FMP taraf\u0131ndan \u00fcretilen bu silindirler, \u00fcretim tesisleri, makine tamir at\u00f6lyeleri, \u00e7iftlikler ve enerji ve madencilik sekt\u00f6r\u00fc dahil olmak \u00fczere \u00e7ok \u00e7e\u015fitli uygulamalar i\u00e7in m\u00fckemmeldir.<\/p>\n<h3>\u00dcr\u00fcn A\u00e7\u0131klamas\u0131<\/h3>\n<p>Bu yeni, standart dijital hidrolik silindir, 1 y\u0131l garantilidir ve dayan\u0131kl\u0131l\u0131k ve uzun \u00f6m\u00fcr sa\u011flamak i\u00e7in sa\u011flam bir \u00e7elik g\u00f6vde ile tasarlanm\u0131\u015ft\u0131r. 3000 tonluk maksimum itme g\u00fcc\u00fc ve 20 tonluk maksimum \u00e7ekme g\u00fcc\u00fcyle, \u00e7e\u015fitli g\u00f6revlerin \u00fcstesinden gelmek \u00fczere tasarlanm\u0131\u015f sa\u011flam bir \u00fcnitedir.<\/p>\n<h3>Teknik \u00d6zellikler<\/h3>\n<table style=\"width: 95.7364%;\" border=\"1\">\n<tbody>\n<tr>\n<th style=\"width: 43.4286%;\">Delik Boyutu<\/th>\n<td style=\"width: 397.143%;\">2-6 in\u00e7<\/td>\n<\/tr>\n<tr>\n<th style=\"width: 43.4286%;\">\u00c7ubuk Boyutu<\/th>\n<td style=\"width: 397.143%;\">1.125-4 in\u00e7<\/td>\n<\/tr>\n<tr>\n<th style=\"width: 43.4286%;\">Vuru\u015f Boyutu<\/th>\n<td style=\"width: 397.143%;\">4-100 in\u00e7<\/td>\n<\/tr>\n<tr>\n<th style=\"width: 43.4286%;\">Pin Boyutu<\/th>\n<td style=\"width: 397.143%;\">0,5-2 in\u00e7<\/td>\n<\/tr>\n<tr>\n<th style=\"width: 43.4286%;\">Limanlar<\/th>\n<td style=\"width: 397.143%;\">G\/SAE\/NPT\/M<\/td>\n<\/tr>\n<\/tbody>\n<\/table>\n<h2>Benzersiz \u00d6zellikler ve Avantajlar<\/h2>\n<p>Bu hidrolik silindir, enerji verimlili\u011fi, y\u00fcksek performans\u0131 ve g\u00fcvenli\u011fiyle \u00f6ne \u00e7\u0131k\u0131yor. Rulmanlar ve di\u015fliler gibi temel bile\u015fenlerle tasarlanan bu sistem, sorunsuz ve tutarl\u0131 bir \u00e7al\u0131\u015fma sa\u011fl\u0131yor.<\/p>\n<h2>Hidrolik Sistem ve \u00c7al\u0131\u015fma Prensibi<\/h2>\n<p>Hidrolik silindir, hidrolik g\u00fcc\u00fc mekanik g\u00fcce d\u00f6n\u00fc\u015ft\u00fcrerek \u00e7al\u0131\u015f\u0131r. Pistona etki eden s\u0131v\u0131 bas\u0131nc\u0131, pistonu hareket ettirmek i\u00e7in gereken kuvveti sa\u011flar ve bu da \u00e7ubu\u011fu hareket ettirerek i\u015fi ger\u00e7ekle\u015ftirir.<\/p>\n<h2>Ba\u015fvuru<\/h2>\n<p>Hidrolik silindirler, imalat, makine tamiri, tar\u0131m, enerji ve madencilik gibi \u00e7e\u015fitli end\u00fcstrilerde yayg\u0131n olarak kullan\u0131lmaktad\u0131r. Bu sekt\u00f6rlerdeki a\u011f\u0131r makine ve ekipmanlar\u0131n \u00e7al\u0131\u015ft\u0131r\u0131lmas\u0131nda vazge\u00e7ilmez bir rol oynarlar.<\/p>\n<h2>Hidrolik Silindirler ve g\u00fc\u00e7 \u00fcniteleri<\/h2>\n<p>Hidrolik silindirler ve g\u00fc\u00e7 \u00fcniteleri, bir hidrolik sistemin ayr\u0131lmaz par\u00e7alar\u0131d\u0131r. Birbirleriyle uyumlu \u00e7al\u0131\u015fmalar\u0131, hidrolik teknolojisinin \u00e7e\u015fitli alanlarda yayg\u0131n olarak uygulanmas\u0131n\u0131 sa\u011flayarak, \u00e7e\u015fitli m\u00fchendislik ve mekanik ekipmanlara g\u00fcvenilir g\u00fc\u00e7 ve kontrol deste\u011fi sa\u011flar.<\/p>\n<h2>SSS<\/h2>\n<h3>S: Siz bir ticaret \u015firketi misiniz yoksa \u00fcretici misiniz?<\/h3>\n<p>A: Biz \u00fcreticiyiz.<\/p>\n<h3>S: Teslimat s\u00fcreniz ne kadard\u0131r?<\/h3>\n<p>A: Teslimat s\u00fcremiz genellikle 25-35 g\u00fcnd\u00fcr.<\/p>\n<h3>S: Numune sa\u011fl\u0131yor musunuz ve \u00fccretsiz mi?<\/h3>\n<p>C: Evet, numune sa\u011fl\u0131yoruz ancak \u00fccretsiz de\u011fil.<\/p>\n<h3>FMP Hakk\u0131nda<\/h3>\n<p class=\"break-words\">FMP, y\u00fcksek kaliteli hidrolik silindirlerin tasar\u0131m\u0131, geli\u015ftirilmesi ve \u00fcretiminde uzmanla\u015fm\u0131\u015f lider bir \u0130talyan \u00fcreticisidir. Onlarca y\u0131ll\u0131k uzmanl\u0131\u011fa dayanan zengin bir mirasa sahip olarak, \u0130talyan i\u015f\u00e7ili\u011fini en son teknolojiyle gururla birle\u015ftirerek, k\u00fcresel m\u00fc\u015fterilerimizin \u00e7e\u015fitli ihtiya\u00e7lar\u0131n\u0131 kar\u015f\u0131lamak \u00fczere tasarlanm\u0131\u015f ola\u011fan\u00fcst\u00fc hidrolik \u00e7\u00f6z\u00fcmler sunuyoruz. M\u00fchendislik m\u00fckemmelli\u011finin merkezi \u0130talya'da bulunan FMP, hidrolik sekt\u00f6r\u00fcnde g\u00fcvenilir bir isim olarak \u00f6ne \u00e7\u0131kmakta ve d\u00fcnya \u00e7ap\u0131ndaki i\u015fletmelere g\u00fc\u00e7 katan g\u00fcvenilir, dayan\u0131kl\u0131 ve yenilik\u00e7i \u00fcr\u00fcnler sunmaya kendini adam\u0131\u015ft\u0131r.<\/p>\n<p class=\"break-words\">\u015eirketimiz, ileri d\u00fczey \u00fcretim geleneklerinin en iyilerini ileri g\u00f6r\u00fc\u015fl\u00fc bir yakla\u015f\u0131mla birle\u015ftiriyor. Hidrolik sistemlerdeki uzun y\u0131llara dayanan deneyiminden g\u00fc\u00e7 alan FMP, ara\u015ft\u0131rma, tasar\u0131m ve \u00fcretimde m\u00fckemmellik g\u00f6steren modern bir kurulu\u015fa d\u00f6n\u00fc\u015fm\u00fc\u015ft\u00fcr. \u00c7ift etkili silindirler, otomotiv kald\u0131rma silindirleri, tar\u0131m makineleri silindirleri ve \u00e7e\u015fitli end\u00fcstriyel uygulamalar i\u00e7in \u00f6zel olarak tasarlanm\u0131\u015f \u00e7\u00f6z\u00fcmler de dahil olmak \u00fczere geni\u015f bir hidrolik silindir yelpazesinde uzmanla\u015f\u0131yoruz. \u0130ster in\u015faat, ister end\u00fcstriyel tesisler, ister tar\u0131m veya a\u011f\u0131r makineler olsun, hidrolik silindirlerimiz en zorlu ko\u015fullarda bile g\u00fcvenlik, verimlilik ve uzun \u00f6m\u00fcr sa\u011flayacak \u015fekilde \u00fcretilmi\u015ftir.<\/p>\n<p><img loading=\"lazy\" decoding=\"async\" class=\"alignnone size-full wp-image-6720\" src=\"https:\/\/fmp-components.com\/wp-content\/uploads\/2025\/03\/hydraulic-cylinder-8.webp\" alt=\"Teleskopik Hidrolik Silindirler\" width=\"933\" height=\"526\" title=\"\" srcset=\"https:\/\/fmp-components.com\/wp-content\/uploads\/2025\/03\/hydraulic-cylinder-8.webp 933w, https:\/\/fmp-components.com\/wp-content\/uploads\/2025\/03\/hydraulic-cylinder-8-480x271.webp 480w\" sizes=\"(min-width: 0px) and (max-width: 480px) 480px, (min-width: 481px) 933px, 100vw\" \/><\/p>\n<p class=\"break-words\">FMP olarak, hassas makineler ve geli\u015fmi\u015f test sistemleriyle donat\u0131lm\u0131\u015f son teknoloji \u00fcretim tesislerimizle gurur duyuyoruz. \u00dcretim s\u00fcre\u00e7lerimiz, fabrikam\u0131zdan \u00e7\u0131kan her hidrolik silindirin \u00fcst\u00fcn kalite ve g\u00fcvenilirlikte olmas\u0131n\u0131 sa\u011flayan s\u0131k\u0131 ulusal ve uluslararas\u0131 standartlara uygundur. Son teknoloji ekipmanlarla bir araya gelen yetenekli teknik ekibimiz, hammadde se\u00e7iminden son kontrole kadar \u00fcretimin her a\u015famas\u0131nda s\u0131k\u0131 bir kalite kontrol\u00fc sa\u011flamam\u0131z\u0131 sa\u011flar. M\u00fckemmelli\u011fe olan bu ba\u011fl\u0131l\u0131\u011f\u0131m\u0131z, bize sekt\u00f6r otoritelerinden sertifikalar ve takdirler kazand\u0131rarak, g\u00fcvenilir bir i\u015f orta\u011f\u0131 olarak itibar\u0131m\u0131z\u0131 daha da sa\u011flamla\u015ft\u0131rm\u0131\u015ft\u0131r.<\/p>\n<p class=\"break-words\">Misyonumuz basit ama iddial\u0131: M\u00fc\u015fterilerimize performans, dayan\u0131kl\u0131l\u0131k ve de\u011fer a\u00e7\u0131s\u0131ndan beklentileri a\u015fan hidrolik silindirler sunmak. Profesyonellik, d\u00fcr\u00fcstl\u00fck ve m\u00fc\u015fteri odakl\u0131l\u0131k ilkeleriyle \u00e7al\u0131\u015f\u0131yoruz. Yenilik\u00e7ilik ve hassasiyet k\u00fclt\u00fcr\u00fcn\u00fc benimseyerek, rekabet\u00e7i bir pazarda \u00f6ne \u00e7\u0131kmak i\u00e7in \u00fcr\u00fcnlerimizi s\u00fcrekli olarak geli\u015ftiriyoruz. Kapsaml\u0131 \u00fcr\u00fcn yelpazemiz ve ki\u015fiye \u00f6zel \u00e7\u00f6z\u00fcmler sunma becerimiz, bizi y\u00fcksek performansl\u0131 hidrolik silindir arayan i\u015fletmeler i\u00e7in vazge\u00e7ilmez k\u0131l\u0131yor.<\/p>\n<p class=\"break-words\">FMP, yaln\u0131zca bir \u00fcreticiden daha fazlas\u0131d\u0131r; ba\u015far\u0131n\u0131z\u0131n orta\u011f\u0131y\u0131z. M\u00fc\u015fterilerimizin \u00fcretkenliklerini ve g\u00fcvenliklerini art\u0131ran ara\u00e7lar sunmam\u0131z i\u00e7in bize g\u00fcvendi\u011finin fark\u0131nday\u0131z. Bu nedenle, yaln\u0131zca birinci s\u0131n\u0131f \u00fcr\u00fcnler sunmakla kalmay\u0131p ayn\u0131 zamanda ola\u011fan\u00fcst\u00fc hizmet de sunmaya kararl\u0131y\u0131z. \u0130lk dan\u0131\u015fmanl\u0131ktan sat\u0131\u015f sonras\u0131 deste\u011fe kadar, ihtiya\u00e7lar\u0131n\u0131n profesyonellik ve \u00f6zenle kar\u015f\u0131lanmas\u0131n\u0131 sa\u011flamak i\u00e7in m\u00fc\u015fterilerimizle yak\u0131n bir \u015fekilde \u00e7al\u0131\u015f\u0131yoruz. Rekabet\u00e7i fiyatlar\u0131m\u0131z ve kaliteye olan sars\u0131lmaz ba\u011fl\u0131l\u0131\u011f\u0131m\u0131z, FMP'yi g\u00fcvenebilecekleri hidrolik \u00e7\u00f6z\u00fcmlere yat\u0131r\u0131m yapmak isteyen \u015firketler i\u00e7in ak\u0131ll\u0131 bir tercih haline getiriyor.<\/p>","protected":false},"excerpt":{"rendered":"<p>Factory Direct Sale High Quality Hydraulic Cylinder for Caravan Get the best deal on high-quality hydraulic cylinders directly from the factory. Manufactured by FMP, a reputable name in the industry, these cylinders are perfect for a wide range of applications including manufacturing plants, machinery repair shops, farms, and the energy and mining industry. Product Description [&hellip;]<\/p>","protected":false},"featured_media":6791,"comment_status":"closed","ping_status":"closed","template":"","meta":{"_et_pb_use_builder":"","_et_pb_old_content":"","_et_gb_content_width":""},"product_brand":[],"product_cat":[103],"product_tag":[34,105],"class_list":{"0":"post-6611","1":"product","2":"type-product","3":"status-publish","4":"has-post-thumbnail","6":"product_cat-telescopic-hydraulic-cylinders","7":"product_tag-hydraulic-cylinder","8":"product_tag-telescopic-hydraulic-cylinders","10":"first","11":"instock","12":"product-type-simple"},"_links":{"self":[{"href":"https:\/\/fmp-components.com\/tr\/wp-json\/wp\/v2\/product\/6611","targetHints":{"allow":["GET"]}}],"collection":[{"href":"https:\/\/fmp-components.com\/tr\/wp-json\/wp\/v2\/product"}],"about":[{"href":"https:\/\/fmp-components.com\/tr\/wp-json\/wp\/v2\/types\/product"}],"replies":[{"embeddable":true,"href":"https:\/\/fmp-components.com\/tr\/wp-json\/wp\/v2\/comments?post=6611"}],"wp:featuredmedia":[{"embeddable":true,"href":"https:\/\/fmp-components.com\/tr\/wp-json\/wp\/v2\/media\/6791"}],"wp:attachment":[{"href":"https:\/\/fmp-components.com\/tr\/wp-json\/wp\/v2\/media?parent=6611"}],"wp:term":[{"taxonomy":"product_brand","embeddable":true,"href":"https:\/\/fmp-components.com\/tr\/wp-json\/wp\/v2\/product_brand?post=6611"},{"taxonomy":"product_cat","embeddable":true,"href":"https:\/\/fmp-components.com\/tr\/wp-json\/wp\/v2\/product_cat?post=6611"},{"taxonomy":"product_tag","embeddable":true,"href":"https:\/\/fmp-components.com\/tr\/wp-json\/wp\/v2\/product_tag?post=6611"}],"curies":[{"name":"wp","href":"https:\/\/api.w.org\/{rel}","templated":true}]}}