{"id":6610,"date":"2025-03-11T06:33:57","date_gmt":"2025-03-11T06:33:57","guid":{"rendered":"https:\/\/fmp-components.com\/product\/small-telescopic-hydraulic-cylinder-with-long-stroke-for-dump-truck"},"modified":"2025-03-17T08:44:57","modified_gmt":"2025-03-17T08:44:57","slug":"small-telescopic-hydraulic-cylinder-with-long-stroke-for-dump-truck","status":"publish","type":"product","link":"https:\/\/fmp-components.com\/tr\/product\/small-telescopic-hydraulic-cylinder-with-long-stroke-for-dump-truck\/","title":{"rendered":"Damperli Kamyonlar \u0130\u00e7in Uzun Stroklu K\u00fc\u00e7\u00fck Teleskopik Hidrolik Silindir"},"content":{"rendered":"<h2>FMP'den \u0130talya \u00dcreticisi Treyler Teleskopik \u00c7ok Kademeli Hidrolik Silindir Damperli Kamyon \u0130\u00e7in Kullan\u0131ld\u0131<\/h2>\n<p>Treyler Teleskopik \u00c7ok Kademeli hidrolik silindir, \u0130talya merkezli tan\u0131nm\u0131\u015f bir \u00fcretici olan FMP'nin birinci s\u0131n\u0131f bir \u00fcr\u00fcn\u00fcd\u00fcr. FMP, \u00fcretim tesisleri, makine tamir at\u00f6lyeleri, \u00e7iftlikler ve enerji &amp; madencilik firmalar\u0131 dahil olmak \u00fczere \u00e7e\u015fitli sekt\u00f6rlere y\u00fcksek kaliteli hidrolik \u00e7\u00f6z\u00fcmler sunmaya kendini adam\u0131\u015ft\u0131r.<\/p>\n<p><img loading=\"lazy\" decoding=\"async\" class=\"alignnone wp-image-6754\" src=\"https:\/\/fmp-components.com\/wp-content\/uploads\/2025\/03\/Telescopic-Hydraulic-Cylinders-111.webp\" alt=\"Teleskopik Hidrolik Silindirler\" width=\"780\" height=\"780\" title=\"\" srcset=\"https:\/\/fmp-components.com\/wp-content\/uploads\/2025\/03\/Telescopic-Hydraulic-Cylinders-111.webp 780w, https:\/\/fmp-components.com\/wp-content\/uploads\/2025\/03\/Telescopic-Hydraulic-Cylinders-111-480x480.webp 480w\" sizes=\"(min-width: 0px) and (max-width: 480px) 480px, (min-width: 481px) 780px, 100vw\" \/><\/p>\n<h2>\u00d6zellikler ve Avantajlar<\/h2>\n<ul>\n<li><strong>\u00c7evre dostu:<\/strong> Hidrolik silindirlerimiz \u00e7al\u0131\u015fma ortam\u0131 olarak ya\u011f kullan\u0131r ve bu da \u00e7evre dostu bir \u00e7al\u0131\u015fma sa\u011flar.<\/li>\n<li><strong>Verimli:<\/strong> 3000'lik maksimum itme g\u00fcc\u00fc ve 600'l\u00fck \u00e7ekme kuvvetiyle silindirlerimiz verimlilik i\u00e7in tasarlanm\u0131\u015ft\u0131r.<\/li>\n<li><strong>G\u00fcvenli:<\/strong> T\u00fcm \u00fcr\u00fcnlerimiz 1 y\u0131l garantilidir ve m\u00fc\u015fterilerimizin g\u00fcvenli\u011fini ve g\u00f6n\u00fcl rahatl\u0131\u011f\u0131n\u0131 sa\u011flar.<\/li>\n<\/ul>\n<h2>Uygulamalar<\/h2>\n<p>Bu hidrolik silindirler, y\u00fcksek g\u00fc\u00e7 ve hassas kontrol gerektiren damperli kamyonlar ve di\u011fer a\u011f\u0131r hizmet uygulamalar\u0131 i\u00e7in idealdir.<\/p>\n<h2>Hidrolik Silindirler ve g\u00fc\u00e7 \u00fcniteleri<\/h2>\n<p>Hidrolik silindirlerimiz ve g\u00fc\u00e7 \u00fcnitelerimiz, herhangi bir hidrolik sistemin ayr\u0131lmaz bile\u015fenleridir. \u00c7ok \u00e7e\u015fitli end\u00fcstriyel uygulamalar i\u00e7in g\u00fcvenilir g\u00fc\u00e7 ve kontrol sa\u011flamak \u00fczere birlikte \u00e7al\u0131\u015f\u0131rlar. Ayr\u0131ca, eksiksiz bir hidrolik \u00e7\u00f6z\u00fcme sahip olman\u0131z\u0131 sa\u011flamak i\u00e7in g\u00fc\u00e7 \u00fcnitelerini sat\u0131\u015fa da sunuyoruz.<\/p>\n<h2>SSS<\/h2>\n<dl>\n<dt>S1: Hidrolik silindirlerinizin garantisi nedir?<\/dt>\n<dd>A1: T\u00fcm hidrolik silindirlerimiz i\u00e7in 1 y\u0131l garanti sunuyoruz.<\/dd>\n<dt>S2: Hidrolik silindir \u00f6zellikleri \u00f6zelle\u015ftirilebilir mi?<\/dt>\n<dd>A2: Evet, hidrolik silindirleri sizin \u00f6zel gereksinimlerinize g\u00f6re tasarlayabiliriz.<\/dd>\n<dt>S3: G\u00fc\u00e7 \u00fcniteleri de sunuyor musunuz?<\/dt>\n<dd>A3: Evet, hidrolik silindirlerimizi tamamlayacak g\u00fc\u00e7 \u00fcniteleri de sa\u011fl\u0131yoruz.<\/dd>\n<\/dl>\n<h3>FMP Hakk\u0131nda<\/h3>\n<p class=\"break-words\">FMP, y\u00fcksek kaliteli hidrolik silindirlerin tasar\u0131m\u0131, geli\u015ftirilmesi ve \u00fcretiminde uzmanla\u015fm\u0131\u015f lider bir \u0130talyan \u00fcreticisidir. Onlarca y\u0131ll\u0131k uzmanl\u0131\u011fa dayanan zengin bir mirasa sahip olarak, \u0130talyan i\u015f\u00e7ili\u011fini en son teknolojiyle gururla birle\u015ftirerek, k\u00fcresel m\u00fc\u015fterilerimizin \u00e7e\u015fitli ihtiya\u00e7lar\u0131n\u0131 kar\u015f\u0131lamak \u00fczere tasarlanm\u0131\u015f ola\u011fan\u00fcst\u00fc hidrolik \u00e7\u00f6z\u00fcmler sunuyoruz. M\u00fchendislik m\u00fckemmelli\u011finin merkezi \u0130talya'da bulunan FMP, hidrolik sekt\u00f6r\u00fcnde g\u00fcvenilir bir isim olarak \u00f6ne \u00e7\u0131kmakta ve d\u00fcnya \u00e7ap\u0131ndaki i\u015fletmelere g\u00fc\u00e7 katan g\u00fcvenilir, dayan\u0131kl\u0131 ve yenilik\u00e7i \u00fcr\u00fcnler sunmaya kendini adam\u0131\u015ft\u0131r.<\/p>\n<p class=\"break-words\">\u015eirketimiz, ileri d\u00fczey \u00fcretim geleneklerinin en iyilerini ileri g\u00f6r\u00fc\u015fl\u00fc bir yakla\u015f\u0131mla birle\u015ftiriyor. Hidrolik sistemlerdeki uzun y\u0131llara dayanan deneyiminden g\u00fc\u00e7 alan FMP, ara\u015ft\u0131rma, tasar\u0131m ve \u00fcretimde m\u00fckemmellik g\u00f6steren modern bir kurulu\u015fa d\u00f6n\u00fc\u015fm\u00fc\u015ft\u00fcr. \u00c7ift etkili silindirler, otomotiv kald\u0131rma silindirleri, tar\u0131m makineleri silindirleri ve \u00e7e\u015fitli end\u00fcstriyel uygulamalar i\u00e7in \u00f6zel olarak tasarlanm\u0131\u015f \u00e7\u00f6z\u00fcmler de dahil olmak \u00fczere geni\u015f bir hidrolik silindir yelpazesinde uzmanla\u015f\u0131yoruz. \u0130ster in\u015faat, ister end\u00fcstriyel tesisler, ister tar\u0131m veya a\u011f\u0131r makineler olsun, hidrolik silindirlerimiz en zorlu ko\u015fullarda bile g\u00fcvenlik, verimlilik ve uzun \u00f6m\u00fcr sa\u011flayacak \u015fekilde \u00fcretilmi\u015ftir.<\/p>\n<p><img loading=\"lazy\" decoding=\"async\" class=\"alignnone size-full wp-image-6720\" src=\"https:\/\/fmp-components.com\/wp-content\/uploads\/2025\/03\/hydraulic-cylinder-8.webp\" alt=\"Teleskopik Hidrolik Silindirler\" width=\"933\" height=\"526\" title=\"\" srcset=\"https:\/\/fmp-components.com\/wp-content\/uploads\/2025\/03\/hydraulic-cylinder-8.webp 933w, https:\/\/fmp-components.com\/wp-content\/uploads\/2025\/03\/hydraulic-cylinder-8-480x271.webp 480w\" sizes=\"(min-width: 0px) and (max-width: 480px) 480px, (min-width: 481px) 933px, 100vw\" \/><\/p>\n<p class=\"break-words\">FMP olarak, hassas makineler ve geli\u015fmi\u015f test sistemleriyle donat\u0131lm\u0131\u015f son teknoloji \u00fcretim tesislerimizle gurur duyuyoruz. \u00dcretim s\u00fcre\u00e7lerimiz, fabrikam\u0131zdan \u00e7\u0131kan her hidrolik silindirin \u00fcst\u00fcn kalite ve g\u00fcvenilirlikte olmas\u0131n\u0131 sa\u011flayan s\u0131k\u0131 ulusal ve uluslararas\u0131 standartlara uygundur. Son teknoloji ekipmanlarla bir araya gelen yetenekli teknik ekibimiz, hammadde se\u00e7iminden son kontrole kadar \u00fcretimin her a\u015famas\u0131nda s\u0131k\u0131 bir kalite kontrol\u00fc sa\u011flamam\u0131z\u0131 sa\u011flar. M\u00fckemmelli\u011fe olan bu ba\u011fl\u0131l\u0131\u011f\u0131m\u0131z, bize sekt\u00f6r otoritelerinden sertifikalar ve takdirler kazand\u0131rarak, g\u00fcvenilir bir i\u015f orta\u011f\u0131 olarak itibar\u0131m\u0131z\u0131 daha da sa\u011flamla\u015ft\u0131rm\u0131\u015ft\u0131r.<\/p>\n<p class=\"break-words\">Misyonumuz basit ama iddial\u0131: M\u00fc\u015fterilerimize performans, dayan\u0131kl\u0131l\u0131k ve de\u011fer a\u00e7\u0131s\u0131ndan beklentileri a\u015fan hidrolik silindirler sunmak. Profesyonellik, d\u00fcr\u00fcstl\u00fck ve m\u00fc\u015fteri odakl\u0131l\u0131k ilkeleriyle \u00e7al\u0131\u015f\u0131yoruz. Yenilik\u00e7ilik ve hassasiyet k\u00fclt\u00fcr\u00fcn\u00fc benimseyerek, rekabet\u00e7i bir pazarda \u00f6ne \u00e7\u0131kmak i\u00e7in \u00fcr\u00fcnlerimizi s\u00fcrekli olarak geli\u015ftiriyoruz. Kapsaml\u0131 \u00fcr\u00fcn yelpazemiz ve ki\u015fiye \u00f6zel \u00e7\u00f6z\u00fcmler sunma becerimiz, bizi y\u00fcksek performansl\u0131 hidrolik silindir arayan i\u015fletmeler i\u00e7in vazge\u00e7ilmez k\u0131l\u0131yor.<\/p>\n<p class=\"break-words\">FMP, yaln\u0131zca bir \u00fcreticiden daha fazlas\u0131d\u0131r; ba\u015far\u0131n\u0131z\u0131n orta\u011f\u0131y\u0131z. M\u00fc\u015fterilerimizin \u00fcretkenliklerini ve g\u00fcvenliklerini art\u0131ran ara\u00e7lar sunmam\u0131z i\u00e7in bize g\u00fcvendi\u011finin fark\u0131nday\u0131z. Bu nedenle, yaln\u0131zca birinci s\u0131n\u0131f \u00fcr\u00fcnler sunmakla kalmay\u0131p ayn\u0131 zamanda ola\u011fan\u00fcst\u00fc hizmet de sunmaya kararl\u0131y\u0131z. \u0130lk dan\u0131\u015fmanl\u0131ktan sat\u0131\u015f sonras\u0131 deste\u011fe kadar, ihtiya\u00e7lar\u0131n\u0131n profesyonellik ve \u00f6zenle kar\u015f\u0131lanmas\u0131n\u0131 sa\u011flamak i\u00e7in m\u00fc\u015fterilerimizle yak\u0131n bir \u015fekilde \u00e7al\u0131\u015f\u0131yoruz. Rekabet\u00e7i fiyatlar\u0131m\u0131z ve kaliteye olan sars\u0131lmaz ba\u011fl\u0131l\u0131\u011f\u0131m\u0131z, FMP'yi g\u00fcvenebilecekleri hidrolik \u00e7\u00f6z\u00fcmlere yat\u0131r\u0131m yapmak isteyen \u015firketler i\u00e7in ak\u0131ll\u0131 bir tercih haline getiriyor.<\/p>","protected":false},"excerpt":{"rendered":"<p>Italy Manufacturer Trailer Telescopic Multi Stages Hydraulic Cylinder Used For Dump Truck From FMP The Trailer Telescopic Multi Stages hydraulic cylinder is a premium product From FMP, a renowned manufacturer based in Italy City. FMP has been dedicated to providing high-quality hydraulic solutions for various industries including manufacturing plants, machinery repair shops, farms, and energy [&hellip;]<\/p>","protected":false},"featured_media":6808,"comment_status":"closed","ping_status":"closed","template":"","meta":{"_et_pb_use_builder":"","_et_pb_old_content":"","_et_gb_content_width":""},"product_brand":[],"product_cat":[103],"product_tag":[34,105],"class_list":{"0":"post-6610","1":"product","2":"type-product","3":"status-publish","4":"has-post-thumbnail","6":"product_cat-telescopic-hydraulic-cylinders","7":"product_tag-hydraulic-cylinder","8":"product_tag-telescopic-hydraulic-cylinders","10":"first","11":"instock","12":"product-type-simple"},"_links":{"self":[{"href":"https:\/\/fmp-components.com\/tr\/wp-json\/wp\/v2\/product\/6610","targetHints":{"allow":["GET"]}}],"collection":[{"href":"https:\/\/fmp-components.com\/tr\/wp-json\/wp\/v2\/product"}],"about":[{"href":"https:\/\/fmp-components.com\/tr\/wp-json\/wp\/v2\/types\/product"}],"replies":[{"embeddable":true,"href":"https:\/\/fmp-components.com\/tr\/wp-json\/wp\/v2\/comments?post=6610"}],"wp:featuredmedia":[{"embeddable":true,"href":"https:\/\/fmp-components.com\/tr\/wp-json\/wp\/v2\/media\/6808"}],"wp:attachment":[{"href":"https:\/\/fmp-components.com\/tr\/wp-json\/wp\/v2\/media?parent=6610"}],"wp:term":[{"taxonomy":"product_brand","embeddable":true,"href":"https:\/\/fmp-components.com\/tr\/wp-json\/wp\/v2\/product_brand?post=6610"},{"taxonomy":"product_cat","embeddable":true,"href":"https:\/\/fmp-components.com\/tr\/wp-json\/wp\/v2\/product_cat?post=6610"},{"taxonomy":"product_tag","embeddable":true,"href":"https:\/\/fmp-components.com\/tr\/wp-json\/wp\/v2\/product_tag?post=6610"}],"curies":[{"name":"wp","href":"https:\/\/api.w.org\/{rel}","templated":true}]}}