{"id":6609,"date":"2025-03-11T06:33:57","date_gmt":"2025-03-11T06:33:57","guid":{"rendered":"https:\/\/fmp-components.com\/product\/professional-double-acting-multi-stage-hydraulic-cylinder-for-press"},"modified":"2025-03-14T01:21:24","modified_gmt":"2025-03-14T01:21:24","slug":"professional-double-acting-multi-stage-hydraulic-cylinder-for-press","status":"publish","type":"product","link":"https:\/\/fmp-components.com\/tr\/product\/professional-double-acting-multi-stage-hydraulic-cylinder-for-press\/","title":{"rendered":"Pres i\u00e7in Profesyonel \u00c7ift Etkili \u00c7ok Kademeli Hidrolik Silindir"},"content":{"rendered":"<h2>Pres i\u00e7in Profesyonel \u00c7ift Etkili \u00c7ok Kademeli Hidrolik Silindir<\/h2>\n<p>Presler i\u00e7in Profesyonel \u00c7ift Etkili \u00c7ok Kademeli Hidrolik Silindir, hidrolik d\u00fcnyas\u0131nda sa\u011flam ve g\u00fcvenilir bir bile\u015fendir. Hassasiyetle tasarlanan bu silindir, makine tamir at\u00f6lyeleri, enerji ve madencilik gibi \u00e7e\u015fitli sekt\u00f6rlerdeki pres uygulamalar\u0131 i\u00e7in idealdir.<\/p>\n<h3>\u00dcr\u00fcn \u00d6zellikleri ve Teknik \u00d6zellikleri<\/h3>\n<p>Bu hidrolik silindir, onu kendi alan\u0131nda \u00f6ne \u00e7\u0131karan bir dizi \u00f6zelli\u011fe sahiptir. 3000 tonluk maksimum itme kuvveti ve 20 tonluk maksimum \u00e7ekme kuvveti sunar. Silindir, dayan\u0131kl\u0131 \u00e7elikten \u00fcretilmi\u015ftir ve 2-6 in\u00e7lik bir delik \u00e7ap\u0131na, 1,125-4 in\u00e7lik bir \u00e7ubuk \u00e7ap\u0131na ve 4-100 in\u00e7lik bir strok \u00e7ap\u0131na sahiptir.<\/p>\n<h3>Teknik Parametreler<\/h3>\n<table style=\"width: 96.4775%;\" border=\"\">\n<tbody>\n<tr>\n<th style=\"width: 43.4286%;\">Delik Boyutu<\/th>\n<td style=\"width: 400.571%;\">2-6 in\u00e7<\/td>\n<\/tr>\n<tr>\n<th style=\"width: 43.4286%;\">\u00c7ubuk Boyutu<\/th>\n<td style=\"width: 400.571%;\">1.125-4 in\u00e7<\/td>\n<\/tr>\n<tr>\n<th style=\"width: 43.4286%;\">Vuru\u015f Boyutu<\/th>\n<td style=\"width: 400.571%;\">4-100 in\u00e7<\/td>\n<\/tr>\n<tr>\n<th style=\"width: 43.4286%;\">Pin Boyutu<\/th>\n<td style=\"width: 400.571%;\">0,5-2 in\u00e7<\/td>\n<\/tr>\n<tr>\n<th style=\"width: 43.4286%;\">Limanlar<\/th>\n<td style=\"width: 400.571%;\">G\/SAE\/NPT\/M<\/td>\n<\/tr>\n<\/tbody>\n<\/table>\n<h2>Benzersiz Avantajlar<\/h2>\n<p>Bu hidrolik silindir enerji tasarruflu, y\u00fcksek performansl\u0131 ve g\u00fcvenlidir. \u00c7ift etkili \u00f6zelli\u011fi, verimlili\u011fi ve g\u00fcc\u00fc art\u0131r\u0131r. Hidrolik silindir ayr\u0131ca kalite ve g\u00fcvenilirli\u011fi garanti eden ISO9001:2000 sertifikal\u0131d\u0131r.<\/p>\n<h2>Hidrolik Sistemler ve \u00c7al\u0131\u015fma Prensipleri<\/h2>\n<p>Hidrolik silindirler, hidrolik enerjinin mekanik harekete d\u00f6n\u00fc\u015ft\u00fcr\u00fclmesinde \u00f6nemli bir rol oynayan, her hidrolik sistemin temel bir bile\u015fenidir. Bu d\u00f6n\u00fc\u015f\u00fcm, bas\u0131n\u00e7land\u0131r\u0131lan ve silindire y\u00f6nlendirilen hidrolik s\u0131v\u0131 kullan\u0131larak sa\u011flan\u0131r. S\u0131v\u0131 i\u00e7eri girdi\u011finde, silindir i\u00e7indeki pistona kuvvet uygulayarak hareket etmesini sa\u011flar. Bu hareket, a\u011f\u0131r y\u00fckleri kald\u0131rmaktan makineleri hassas bir \u015fekilde \u00e7al\u0131\u015ft\u0131rmaya kadar \u00e7e\u015fitli end\u00fcstriyel g\u00f6revleri ger\u00e7ekle\u015ftirmek i\u00e7in kullan\u0131labilen do\u011frusal harekete d\u00f6n\u00fc\u015f\u00fcr.<\/p>\n<p>En \u00e7ok y\u00f6nl\u00fc hidrolik silindir t\u00fcrlerinden biri \u00e7ift etkili hidrolik silindirdir. Sadece tek y\u00f6nde hareket edebilen tek etkili silindirlerin aksine, \u00e7ift etkili silindirler her iki y\u00f6nde de hidrolik g\u00fc\u00e7 kullanarak geri \u00e7ekilebilir ve a\u00e7\u0131labilir. Bu \u00f6zellik, onlar\u0131 in\u015faat makineleri, otomotiv asans\u00f6rleri ve malzeme ta\u015f\u0131ma ekipmanlar\u0131 dahil olmak \u00fczere \u00e7ok \u00e7e\u015fitli uygulamalar i\u00e7in ideal hale getirir. Hareketi her iki y\u00f6nde de kontrol edebilme yetene\u011fi, operasyonlarda daha fazla esneklik ve verimlilik sa\u011flayarak \u00e7ift etkili silindirleri bir\u00e7ok end\u00fcstriyel ortamda tercih edilen bir se\u00e7enek haline getirir.<\/p>\n<p><img loading=\"lazy\" decoding=\"async\" class=\"alignnone size-full wp-image-6795\" src=\"https:\/\/fmp-components.com\/wp-content\/uploads\/2025\/03\/Telescopic-Hydraulic-Cylinders-11.webp\" alt=\"Teleskopik Hidrolik Silindirler\" width=\"800\" height=\"800\" title=\"\" srcset=\"https:\/\/fmp-components.com\/wp-content\/uploads\/2025\/03\/Telescopic-Hydraulic-Cylinders-11.webp 800w, https:\/\/fmp-components.com\/wp-content\/uploads\/2025\/03\/Telescopic-Hydraulic-Cylinders-11-480x480.webp 480w\" sizes=\"(min-width: 0px) and (max-width: 480px) 480px, (min-width: 481px) 800px, 100vw\" \/><\/p>\n<h2>Hidrolik Silindirler ve G\u00fc\u00e7 \u00dcniteleri<\/h2>\n<p>Hidrolik silindirler ve g\u00fc\u00e7 \u00fcniteleri, hidrolik sistemin kritik bile\u015fenleridir ve hidroli\u011fin g\u00fcc\u00fcnden etkin bir \u015fekilde yararlanmak i\u00e7in birlikte \u00e7al\u0131\u015f\u0131rlar. Hidrolik silindir, g\u00fc\u00e7 \u00fcnitesi taraf\u0131ndan \u00fcretilen hidrolik bas\u0131nc\u0131 mekanik harekete d\u00f6n\u00fc\u015ft\u00fcren akt\u00fcat\u00f6r g\u00f6revi g\u00f6r\u00fcr. G\u00fc\u00e7 \u00fcnitesi ise hidrolik s\u0131v\u0131 bas\u0131nc\u0131n\u0131 \u00fcretip d\u00fczenlemekten ve sisteme gerekli enerjiyi sa\u011flamaktan sorumludur.<\/p>\n<p>Bu i\u015f birli\u011fi, hidrolik teknolojisinin end\u00fcstriyel sekt\u00f6rde yayg\u0131n olarak uygulanmas\u0131 i\u00e7in hayati \u00f6nem ta\u015f\u0131maktad\u0131r. Hidrolik silindirler ve g\u00fc\u00e7 \u00fcniteleri birlikte, \u00e7e\u015fitli m\u00fchendislik ve mekanik ekipmanlar i\u00e7in g\u00fcvenilir g\u00fc\u00e7 ve hassas kontrol sa\u011flar. \u00d6rne\u011fin, \u00fcretim ortamlar\u0131nda bu sinerji, preslerin, konvey\u00f6rlerin ve robotik sistemlerin \u00e7al\u0131\u015fmas\u0131n\u0131 sa\u011flayarak \u00fcretkenli\u011fi ve verimlili\u011fi art\u0131r\u0131r.<\/p>\n<p>Ayr\u0131ca, hidrolik silindirlerin g\u00fc\u00e7 \u00fcniteleriyle entegrasyonu, hem g\u00fc\u00e7 hem de hassasiyet gerektiren karma\u015f\u0131k g\u00f6revlerin ger\u00e7ekle\u015ftirilmesine olanak tan\u0131r. Operat\u00f6rler, hidrolik s\u0131v\u0131n\u0131n bas\u0131nc\u0131n\u0131 ve ak\u0131\u015f\u0131n\u0131 ayarlayarak hareketler \u00fczerinde hassas kontrol sa\u011flayabilir ve bu da hidrolik sistemleri a\u011f\u0131r kald\u0131rma i\u015flemlerinden karma\u015f\u0131k montaj i\u015flemlerine kadar \u00e7e\u015fitli uygulamalar i\u00e7in uygun hale getirir.<\/p>\n<p>\u00d6zetle, hidrolik silindirler ve g\u00fc\u00e7 \u00fcnitelerinin birle\u015fimi, modern end\u00fcstriyel uygulamalarda hidrolik sistemlerin etkinli\u011fini \u00f6rneklemektedir. Kusursuz bir \u015fekilde birlikte \u00e7al\u0131\u015fabilme yetenekleri, end\u00fcstrilerin \u00e7ok \u00e7e\u015fitli uygulamalarda operasyonel verimlili\u011fi art\u0131rmak, g\u00fcvenli\u011fi geli\u015ftirmek ve genel \u00fcretkenli\u011fi art\u0131rmak i\u00e7in hidrolik teknolojisinden yararlanabilmelerini sa\u011flar.<\/p>\n<h2>SSS<\/h2>\n<p>S: Siz bir ticaret \u015firketi misiniz yoksa \u00fcretici misiniz?<br \/>\nA: Biz bir fabrikay\u0131z.<\/p>\n<p>S: Teslimat s\u00fcreniz ne kadard\u0131r?<br \/>\nA: Genellikle 25-35 g\u00fcnd\u00fcr.<\/p>\n<p>S: Numunelere g\u00f6re \u00fcretim yapabilir misiniz?<br \/>\nC: Evet, numuneleriniz veya teknik \u00e7izimleriniz do\u011frultusunda \u00fcretim yapabiliriz. Kal\u0131p ve aparatlar\u0131 biz \u00fcretebiliriz.<\/p>\n<h3>FMP Hakk\u0131nda<\/h3>\n<p class=\"break-words\">FMP, y\u00fcksek kaliteli hidrolik silindirlerin tasar\u0131m\u0131, geli\u015ftirilmesi ve \u00fcretiminde uzmanla\u015fm\u0131\u015f lider bir \u0130talyan \u00fcreticisidir. Onlarca y\u0131ll\u0131k uzmanl\u0131\u011fa dayanan zengin bir mirasa sahip olarak, \u0130talyan i\u015f\u00e7ili\u011fini en son teknolojiyle gururla birle\u015ftirerek, k\u00fcresel m\u00fc\u015fterilerimizin \u00e7e\u015fitli ihtiya\u00e7lar\u0131n\u0131 kar\u015f\u0131lamak \u00fczere tasarlanm\u0131\u015f ola\u011fan\u00fcst\u00fc hidrolik \u00e7\u00f6z\u00fcmler sunuyoruz. M\u00fchendislik m\u00fckemmelli\u011finin merkezi \u0130talya'da bulunan FMP, hidrolik sekt\u00f6r\u00fcnde g\u00fcvenilir bir isim olarak \u00f6ne \u00e7\u0131kmakta ve d\u00fcnya \u00e7ap\u0131ndaki i\u015fletmelere g\u00fc\u00e7 katan g\u00fcvenilir, dayan\u0131kl\u0131 ve yenilik\u00e7i \u00fcr\u00fcnler sunmaya kendini adam\u0131\u015ft\u0131r.<\/p>\n<p class=\"break-words\">\u015eirketimiz, ileri d\u00fczey \u00fcretim geleneklerinin en iyilerini ileri g\u00f6r\u00fc\u015fl\u00fc bir yakla\u015f\u0131mla birle\u015ftiriyor. Hidrolik sistemlerdeki uzun y\u0131llara dayanan deneyiminden g\u00fc\u00e7 alan FMP, ara\u015ft\u0131rma, tasar\u0131m ve \u00fcretimde m\u00fckemmellik g\u00f6steren modern bir kurulu\u015fa d\u00f6n\u00fc\u015fm\u00fc\u015ft\u00fcr. \u00c7ift etkili silindirler, otomotiv kald\u0131rma silindirleri, tar\u0131m makineleri silindirleri ve \u00e7e\u015fitli end\u00fcstriyel uygulamalar i\u00e7in \u00f6zel olarak tasarlanm\u0131\u015f \u00e7\u00f6z\u00fcmler de dahil olmak \u00fczere geni\u015f bir hidrolik silindir yelpazesinde uzmanla\u015f\u0131yoruz. \u0130ster in\u015faat, ister end\u00fcstriyel tesisler, ister tar\u0131m veya a\u011f\u0131r makineler olsun, hidrolik silindirlerimiz en zorlu ko\u015fullarda bile g\u00fcvenlik, verimlilik ve uzun \u00f6m\u00fcr sa\u011flayacak \u015fekilde \u00fcretilmi\u015ftir.<\/p>\n<p><img loading=\"lazy\" decoding=\"async\" class=\"alignnone size-full wp-image-6720\" src=\"https:\/\/fmp-components.com\/wp-content\/uploads\/2025\/03\/hydraulic-cylinder-8.webp\" alt=\"Teleskopik Hidrolik Silindirler\" width=\"933\" height=\"526\" title=\"\" srcset=\"https:\/\/fmp-components.com\/wp-content\/uploads\/2025\/03\/hydraulic-cylinder-8.webp 933w, https:\/\/fmp-components.com\/wp-content\/uploads\/2025\/03\/hydraulic-cylinder-8-480x271.webp 480w\" sizes=\"(min-width: 0px) and (max-width: 480px) 480px, (min-width: 481px) 933px, 100vw\" \/><\/p>\n<p class=\"break-words\">FMP olarak, hassas makineler ve geli\u015fmi\u015f test sistemleriyle donat\u0131lm\u0131\u015f son teknoloji \u00fcretim tesislerimizle gurur duyuyoruz. \u00dcretim s\u00fcre\u00e7lerimiz, fabrikam\u0131zdan \u00e7\u0131kan her hidrolik silindirin \u00fcst\u00fcn kalite ve g\u00fcvenilirlikte olmas\u0131n\u0131 sa\u011flayan s\u0131k\u0131 ulusal ve uluslararas\u0131 standartlara uygundur. Son teknoloji ekipmanlarla bir araya gelen yetenekli teknik ekibimiz, hammadde se\u00e7iminden son kontrole kadar \u00fcretimin her a\u015famas\u0131nda s\u0131k\u0131 bir kalite kontrol\u00fc sa\u011flamam\u0131z\u0131 sa\u011flar. M\u00fckemmelli\u011fe olan bu ba\u011fl\u0131l\u0131\u011f\u0131m\u0131z, bize sekt\u00f6r otoritelerinden sertifikalar ve takdirler kazand\u0131rarak, g\u00fcvenilir bir i\u015f orta\u011f\u0131 olarak itibar\u0131m\u0131z\u0131 daha da sa\u011flamla\u015ft\u0131rm\u0131\u015ft\u0131r.<\/p>\n<p class=\"break-words\">Misyonumuz basit ama iddial\u0131: M\u00fc\u015fterilerimize performans, dayan\u0131kl\u0131l\u0131k ve de\u011fer a\u00e7\u0131s\u0131ndan beklentileri a\u015fan hidrolik silindirler sunmak. Profesyonellik, d\u00fcr\u00fcstl\u00fck ve m\u00fc\u015fteri odakl\u0131l\u0131k ilkeleriyle \u00e7al\u0131\u015f\u0131yoruz. Yenilik\u00e7ilik ve hassasiyet k\u00fclt\u00fcr\u00fcn\u00fc benimseyerek, rekabet\u00e7i bir pazarda \u00f6ne \u00e7\u0131kmak i\u00e7in \u00fcr\u00fcnlerimizi s\u00fcrekli olarak geli\u015ftiriyoruz. Kapsaml\u0131 \u00fcr\u00fcn yelpazemiz ve ki\u015fiye \u00f6zel \u00e7\u00f6z\u00fcmler sunma becerimiz, bizi y\u00fcksek performansl\u0131 hidrolik silindir arayan i\u015fletmeler i\u00e7in vazge\u00e7ilmez k\u0131l\u0131yor.<\/p>\n<p class=\"break-words\">FMP, yaln\u0131zca bir \u00fcreticiden daha fazlas\u0131d\u0131r; ba\u015far\u0131n\u0131z\u0131n orta\u011f\u0131y\u0131z. M\u00fc\u015fterilerimizin \u00fcretkenliklerini ve g\u00fcvenliklerini art\u0131ran ara\u00e7lar sunmam\u0131z i\u00e7in bize g\u00fcvendi\u011finin fark\u0131nday\u0131z. Bu nedenle, yaln\u0131zca birinci s\u0131n\u0131f \u00fcr\u00fcnler sunmakla kalmay\u0131p ayn\u0131 zamanda ola\u011fan\u00fcst\u00fc hizmet de sunmaya kararl\u0131y\u0131z. \u0130lk dan\u0131\u015fmanl\u0131ktan sat\u0131\u015f sonras\u0131 deste\u011fe kadar, ihtiya\u00e7lar\u0131n\u0131n profesyonellik ve \u00f6zenle kar\u015f\u0131lanmas\u0131n\u0131 sa\u011flamak i\u00e7in m\u00fc\u015fterilerimizle yak\u0131n bir \u015fekilde \u00e7al\u0131\u015f\u0131yoruz. Rekabet\u00e7i fiyatlar\u0131m\u0131z ve kaliteye olan sars\u0131lmaz ba\u011fl\u0131l\u0131\u011f\u0131m\u0131z, FMP'yi g\u00fcvenebilecekleri hidrolik \u00e7\u00f6z\u00fcmlere yat\u0131r\u0131m yapmak isteyen \u015firketler i\u00e7in ak\u0131ll\u0131 bir tercih haline getiriyor.<\/p>","protected":false},"excerpt":{"rendered":"<p>Professional Double Acting Multi Stage Hydraulic Cylinder for Press The Professional Double Acting multi stage hydraulic cylinder for press is a robust and reliable component in the world of hydraulics. Designed with precision, this cylinder is ideal for press applications in various industries such as machinery repair shops, energy, and mining. Product Features and Specifications [&hellip;]<\/p>","protected":false},"featured_media":6795,"comment_status":"closed","ping_status":"closed","template":"","meta":{"_et_pb_use_builder":"","_et_pb_old_content":"","_et_gb_content_width":""},"product_brand":[],"product_cat":[103],"product_tag":[34,105],"class_list":{"0":"post-6609","1":"product","2":"type-product","3":"status-publish","4":"has-post-thumbnail","6":"product_cat-telescopic-hydraulic-cylinders","7":"product_tag-hydraulic-cylinder","8":"product_tag-telescopic-hydraulic-cylinders","10":"first","11":"instock","12":"product-type-simple"},"_links":{"self":[{"href":"https:\/\/fmp-components.com\/tr\/wp-json\/wp\/v2\/product\/6609","targetHints":{"allow":["GET"]}}],"collection":[{"href":"https:\/\/fmp-components.com\/tr\/wp-json\/wp\/v2\/product"}],"about":[{"href":"https:\/\/fmp-components.com\/tr\/wp-json\/wp\/v2\/types\/product"}],"replies":[{"embeddable":true,"href":"https:\/\/fmp-components.com\/tr\/wp-json\/wp\/v2\/comments?post=6609"}],"wp:featuredmedia":[{"embeddable":true,"href":"https:\/\/fmp-components.com\/tr\/wp-json\/wp\/v2\/media\/6795"}],"wp:attachment":[{"href":"https:\/\/fmp-components.com\/tr\/wp-json\/wp\/v2\/media?parent=6609"}],"wp:term":[{"taxonomy":"product_brand","embeddable":true,"href":"https:\/\/fmp-components.com\/tr\/wp-json\/wp\/v2\/product_brand?post=6609"},{"taxonomy":"product_cat","embeddable":true,"href":"https:\/\/fmp-components.com\/tr\/wp-json\/wp\/v2\/product_cat?post=6609"},{"taxonomy":"product_tag","embeddable":true,"href":"https:\/\/fmp-components.com\/tr\/wp-json\/wp\/v2\/product_tag?post=6609"}],"curies":[{"name":"wp","href":"https:\/\/api.w.org\/{rel}","templated":true}]}}