{"id":6608,"date":"2025-03-11T06:33:57","date_gmt":"2025-03-11T06:33:57","guid":{"rendered":"https:\/\/fmp-components.com\/product\/customized-trailer-telescopic-hydraulic-cylinder-used-for-dump-truck-from-fmp"},"modified":"2025-03-14T01:34:20","modified_gmt":"2025-03-14T01:34:20","slug":"customized-trailer-telescopic-hydraulic-cylinder-used-for-dump-truck-from-fmp","status":"publish","type":"product","link":"https:\/\/fmp-components.com\/tr\/product\/customized-trailer-telescopic-hydraulic-cylinder-used-for-dump-truck-from-fmp\/","title":{"rendered":"FMP'den Damperli Kamyon \u0130\u00e7in \u00d6zelle\u015ftirilmi\u015f Teleskopik Hidrolik Silindir"},"content":{"rendered":"<h2>FMP'den Damperli Kamyon \u0130\u00e7in \u00d6zelle\u015ftirilmi\u015f Teleskopik Hidrolik Silindir<\/h2>\n<p>FMP'nin birinci s\u0131n\u0131f \u00fcr\u00fcn\u00fc olan \u00d6zelle\u015ftirilmi\u015f Treyler Teleskopik hidrolik silindirinin g\u00fcc\u00fcn\u00fc ve verimlili\u011fini deneyimleyin. Damperli kamyonlar i\u00e7in \u00f6zel olarak tasarlanan bu hidrolik silindir, e\u015fsiz performans ve g\u00fcvenilirlik sunar.<\/p>\n<h3>Temel \u00d6zellikler ve Teknik \u00d6zellikler<\/h3>\n<h4>\u00d6zellikler<\/h4>\n<ul>\n<li>Durum: Yeni<\/li>\n<li>Garanti: 1 Y\u0131l<\/li>\n<li>Yap\u0131: Piston Silindir<\/li>\n<li>G\u00fc\u00e7: Hidrolik<\/li>\n<li>G\u00f6vde Malzemesi: \u00c7elik<\/li>\n<li>Maksimum \u0130ti\u015f G\u00fcc\u00fc: 3000<\/li>\n<li>S\u0131v\u0131: Ya\u011f<\/li>\n<li>Maksimum \u00c7ekme: 600<\/li>\n<li>Sertifikasyon: ISO9001:2000<\/li>\n<\/ul>\n<h4><span style=\"font-size: 26px;\">Benzersiz \u00d6zellikler ve Avantajlar<\/span><\/h4>\n<p>Hidrolik silindirimiz, enerji tasarrufu, y\u00fcksek verimlilik ve g\u00fcvenlik \u00f6zellikleriyle \u00f6ne \u00e7\u0131k\u0131yor. \u0130htiya\u00e7lar\u0131n\u0131za g\u00f6re \u00f6zelle\u015ftirilebilen standart bir \u00fcr\u00fcn olup, \u00fcretim tesisleri, makine tamir at\u00f6lyeleri, \u00e7iftlikler ve enerji ve madencilik sekt\u00f6rleri gibi \u00e7e\u015fitli sekt\u00f6rler i\u00e7in ideal bir \u00e7\u00f6z\u00fcm sunuyor.<\/p>\n<p><img loading=\"lazy\" decoding=\"async\" class=\"alignnone size-full wp-image-6757\" src=\"https:\/\/fmp-components.com\/wp-content\/uploads\/2025\/03\/Telescopic-Hydraulic-Cylinders-114.webp\" alt=\"Teleskopik Hidrolik Silindirler\" width=\"2160\" height=\"2160\" title=\"\" srcset=\"https:\/\/fmp-components.com\/wp-content\/uploads\/2025\/03\/Telescopic-Hydraulic-Cylinders-114.webp 2160w, https:\/\/fmp-components.com\/wp-content\/uploads\/2025\/03\/Telescopic-Hydraulic-Cylinders-114-1280x1280.webp 1280w, https:\/\/fmp-components.com\/wp-content\/uploads\/2025\/03\/Telescopic-Hydraulic-Cylinders-114-980x980.webp 980w, https:\/\/fmp-components.com\/wp-content\/uploads\/2025\/03\/Telescopic-Hydraulic-Cylinders-114-480x480.webp 480w\" sizes=\"(min-width: 0px) and (max-width: 480px) 480px, (min-width: 481px) and (max-width: 980px) 980px, (min-width: 981px) and (max-width: 1280px) 1280px, (min-width: 1281px) 2160px, 100vw\" \/><\/p>\n<h2>Hidrolik Sistem ve \u00c7al\u0131\u015fma Prensibi<\/h2>\n<p>Hidrolik silindir, hidrolik enerjiyi mekanik harekete, bas\u0131nc\u0131 da g\u00fcce d\u00f6n\u00fc\u015ft\u00fcrerek \u00e7al\u0131\u015f\u0131r. Hidrolik sistemin sorunsuz \u00e7al\u0131\u015fmas\u0131n\u0131 sa\u011flayan temel bir bile\u015fendir. Silindirin delik \u00e7ap\u0131, strok boyutu ve di\u011fer parametreleri ihtiya\u00e7lar\u0131n\u0131za g\u00f6re ayarlanabilir ve i\u015fletmeniz i\u00e7in esnek ve \u00f6zelle\u015ftirilmi\u015f bir \u00e7\u00f6z\u00fcm sunar.<\/p>\n<h2>Uygulama Senaryolar\u0131<\/h2>\n<p>Bu hidrolik silindir, \u00e7e\u015fitli kald\u0131rma ve bo\u015faltma g\u00f6revleri i\u00e7in hayati \u00f6nem ta\u015f\u0131yan g\u00fcvenilir ve verimli bir performans sa\u011flad\u0131\u011f\u0131 damperli kamyonlarda yayg\u0131n olarak kullan\u0131l\u0131r. Sa\u011flam yap\u0131s\u0131, in\u015faat ve nakliye ortamlar\u0131nda s\u0131kl\u0131kla kar\u015f\u0131la\u015f\u0131lan zorlu ko\u015fullara dayanacak \u015fekilde tasarlanm\u0131\u015ft\u0131r. Y\u00fcksek itme kabiliyetine sahip bu hidrolik silindir, damperli kamyonun kasas\u0131n\u0131 sorunsuz bir \u015fekilde kald\u0131r\u0131p indirebilmesini sa\u011flayarak \u00e7ak\u0131l, kum ve in\u015faat at\u0131klar\u0131 gibi malzemelerin h\u0131zl\u0131 ve verimli bir \u015fekilde bo\u015falt\u0131lmas\u0131n\u0131 sa\u011flar.<\/p>\n<p>A\u011f\u0131r y\u00fckler alt\u0131nda ve zorlu ko\u015fullarda \u00e7al\u0131\u015fabilme kabiliyeti, bu hidrolik silindiri damperli kamyonlar\u0131n vazge\u00e7ilmez bir par\u00e7as\u0131 haline getirir. G\u00fcvenilirli\u011fi, daha h\u0131zl\u0131 malzeme ta\u015f\u0131may\u0131 kolayla\u015ft\u0131r\u0131p ar\u0131za s\u00fcrelerini azaltt\u0131\u011f\u0131 i\u00e7in in\u015faat projelerinin genel verimlili\u011fini do\u011frudan etkiler. \u0130ster kentsel \u015fantiyelerde ister uzak madencilik operasyonlar\u0131nda olsun, hidrolik silindirin tutarl\u0131 performans\u0131 damperli kamyon operasyonlar\u0131n\u0131n verimlili\u011fine ve etkinli\u011fine katk\u0131da bulunur.<\/p>\n<p>Bu hidrolik silindirler, damperli kamyonlar\u0131n yan\u0131 s\u0131ra ekskavat\u00f6rler, y\u00fckleyiciler ve hatta tar\u0131m makineleri gibi \u00e7e\u015fitli uygulamalarda da kullan\u0131lmaktad\u0131r. \u00c7ok y\u00f6nl\u00fcl\u00fckleri ve dayan\u0131kl\u0131l\u0131klar\u0131, a\u011f\u0131r ekipmanlar\u0131n kald\u0131r\u0131lmas\u0131 ve ta\u015f\u0131nmas\u0131ndan \u00fcretim ortamlar\u0131nda hassas operasyonlar\u0131n ger\u00e7ekle\u015ftirilmesine kadar \u00e7ok \u00e7e\u015fitli g\u00f6revler i\u00e7in uygun olmalar\u0131n\u0131 sa\u011flar.<\/p>\n<h2>Hidrolik Silindirler ve g\u00fc\u00e7 \u00fcniteleri<\/h2>\n<p>Hidrolik silindirler ve g\u00fc\u00e7 \u00fcniteleri, hidrolik sistemin ayr\u0131lmaz par\u00e7alar\u0131d\u0131r ve her biri, hidrolik teknolojisinin end\u00fcstriyel sekt\u00f6rlerde etkili bir \u015fekilde uygulanmas\u0131n\u0131 sa\u011flamada hayati bir rol oynar. Hidrolik silindir, hidrolik enerjiyi mekanik harekete d\u00f6n\u00fc\u015ft\u00fcren akt\u00fcat\u00f6r g\u00f6revi g\u00f6r\u00fcrken, g\u00fc\u00e7 \u00fcnitesi silindirin \u00e7al\u0131\u015fmas\u0131 i\u00e7in gerekli hidrolik s\u0131v\u0131 bas\u0131nc\u0131n\u0131 \u00fcretir ve d\u00fczenler.<\/p>\n<p>Bu bile\u015fenler bir araya gelerek, hidrolik sistemlerin \u00e7e\u015fitli m\u00fchendislik ve mekanik ekipmanlar i\u00e7in g\u00fcvenilir g\u00fc\u00e7 ve kontrol deste\u011fi sa\u011flamas\u0131n\u0131 garantiler. \u00d6rne\u011fin, \u00fcretim tesislerinde hidrolik silindirler ve g\u00fc\u00e7 \u00fcniteleri aras\u0131ndaki i\u015f birli\u011fi, presler, robotik kollar ve konvey\u00f6r sistemleri gibi makinelerin \u00e7al\u0131\u015fmas\u0131n\u0131 sa\u011flar. Bu ortakl\u0131k, hem g\u00fc\u00e7 hem de hassasiyet gerektiren karma\u015f\u0131k g\u00f6revlerin y\u00fcr\u00fct\u00fclmesini sa\u011flayarak genel verimlili\u011fi art\u0131r\u0131r.<\/p>\n<p>Ayr\u0131ca, hidrolik sistemlerin verimlili\u011fi, ak\u0131\u015fkan bas\u0131nc\u0131n\u0131 ve ak\u0131\u015f\u0131n\u0131 kontrol etme yetene\u011fi sayesinde daha da art\u0131r\u0131l\u0131r. Bu, operat\u00f6rlerin hassas hareketler elde etmesini sa\u011flayarak, hidrolik teknolojisini a\u011f\u0131r kald\u0131rma i\u015flemlerinden karma\u015f\u0131k montaj i\u015flemlerine kadar \u00e7ok \u00e7e\u015fitli uygulamalar i\u00e7in uygun hale getirir.<\/p>\n<p>\u00d6zetle, hidrolik silindirler ve g\u00fc\u00e7 \u00fcniteleri aras\u0131ndaki sinerji, modern end\u00fcstride hidrolik sistemlerin etkinli\u011fini \u00f6rneklemektedir. Bu sistemlerin birle\u015fik i\u015flevselli\u011fi, operasyonel verimlili\u011fi art\u0131rman\u0131n yan\u0131 s\u0131ra \u00e7e\u015fitli uygulamalarda g\u00fcvenlik ve g\u00fcvenilirli\u011fe de \u00f6nemli \u00f6l\u00e7\u00fcde katk\u0131da bulunarak, end\u00fcstriyel alanda inovasyon ve \u00fcretkenli\u011fi te\u015fvik etmektedir.<\/p>\n<h3>FMP Hakk\u0131nda<\/h3>\n<p class=\"break-words\">FMP, y\u00fcksek kaliteli hidrolik silindirlerin tasar\u0131m\u0131, geli\u015ftirilmesi ve \u00fcretiminde uzmanla\u015fm\u0131\u015f lider bir \u0130talyan \u00fcreticisidir. Onlarca y\u0131ll\u0131k uzmanl\u0131\u011fa dayanan zengin bir mirasa sahip olarak, \u0130talyan i\u015f\u00e7ili\u011fini en son teknolojiyle gururla birle\u015ftirerek, k\u00fcresel m\u00fc\u015fterilerimizin \u00e7e\u015fitli ihtiya\u00e7lar\u0131n\u0131 kar\u015f\u0131lamak \u00fczere tasarlanm\u0131\u015f ola\u011fan\u00fcst\u00fc hidrolik \u00e7\u00f6z\u00fcmler sunuyoruz. M\u00fchendislik m\u00fckemmelli\u011finin merkezi \u0130talya'da bulunan FMP, hidrolik sekt\u00f6r\u00fcnde g\u00fcvenilir bir isim olarak \u00f6ne \u00e7\u0131kmakta ve d\u00fcnya \u00e7ap\u0131ndaki i\u015fletmelere g\u00fc\u00e7 katan g\u00fcvenilir, dayan\u0131kl\u0131 ve yenilik\u00e7i \u00fcr\u00fcnler sunmaya kendini adam\u0131\u015ft\u0131r.<\/p>\n<p class=\"break-words\">\u015eirketimiz, ileri d\u00fczey \u00fcretim geleneklerinin en iyilerini ileri g\u00f6r\u00fc\u015fl\u00fc bir yakla\u015f\u0131mla birle\u015ftiriyor. Hidrolik sistemlerdeki uzun y\u0131llara dayanan deneyiminden g\u00fc\u00e7 alan FMP, ara\u015ft\u0131rma, tasar\u0131m ve \u00fcretimde m\u00fckemmellik g\u00f6steren modern bir kurulu\u015fa d\u00f6n\u00fc\u015fm\u00fc\u015ft\u00fcr. \u00c7ift etkili silindirler, otomotiv kald\u0131rma silindirleri, tar\u0131m makineleri silindirleri ve \u00e7e\u015fitli end\u00fcstriyel uygulamalar i\u00e7in \u00f6zel olarak tasarlanm\u0131\u015f \u00e7\u00f6z\u00fcmler de dahil olmak \u00fczere geni\u015f bir hidrolik silindir yelpazesinde uzmanla\u015f\u0131yoruz. \u0130ster in\u015faat, ister end\u00fcstriyel tesisler, ister tar\u0131m veya a\u011f\u0131r makineler olsun, hidrolik silindirlerimiz en zorlu ko\u015fullarda bile g\u00fcvenlik, verimlilik ve uzun \u00f6m\u00fcr sa\u011flayacak \u015fekilde \u00fcretilmi\u015ftir.<\/p>\n<p><img loading=\"lazy\" decoding=\"async\" class=\"alignnone size-full wp-image-6720\" src=\"https:\/\/fmp-components.com\/wp-content\/uploads\/2025\/03\/hydraulic-cylinder-8.webp\" alt=\"Teleskopik Hidrolik Silindirler\" width=\"933\" height=\"526\" title=\"\" srcset=\"https:\/\/fmp-components.com\/wp-content\/uploads\/2025\/03\/hydraulic-cylinder-8.webp 933w, https:\/\/fmp-components.com\/wp-content\/uploads\/2025\/03\/hydraulic-cylinder-8-480x271.webp 480w\" sizes=\"(min-width: 0px) and (max-width: 480px) 480px, (min-width: 481px) 933px, 100vw\" \/><\/p>\n<p class=\"break-words\">FMP olarak, hassas makineler ve geli\u015fmi\u015f test sistemleriyle donat\u0131lm\u0131\u015f son teknoloji \u00fcretim tesislerimizle gurur duyuyoruz. \u00dcretim s\u00fcre\u00e7lerimiz, fabrikam\u0131zdan \u00e7\u0131kan her hidrolik silindirin \u00fcst\u00fcn kalite ve g\u00fcvenilirlikte olmas\u0131n\u0131 sa\u011flayan s\u0131k\u0131 ulusal ve uluslararas\u0131 standartlara uygundur. Son teknoloji ekipmanlarla bir araya gelen yetenekli teknik ekibimiz, hammadde se\u00e7iminden son kontrole kadar \u00fcretimin her a\u015famas\u0131nda s\u0131k\u0131 bir kalite kontrol\u00fc sa\u011flamam\u0131z\u0131 sa\u011flar. M\u00fckemmelli\u011fe olan bu ba\u011fl\u0131l\u0131\u011f\u0131m\u0131z, bize sekt\u00f6r otoritelerinden sertifikalar ve takdirler kazand\u0131rarak, g\u00fcvenilir bir i\u015f orta\u011f\u0131 olarak itibar\u0131m\u0131z\u0131 daha da sa\u011flamla\u015ft\u0131rm\u0131\u015ft\u0131r.<\/p>\n<p class=\"break-words\">Misyonumuz basit ama iddial\u0131: M\u00fc\u015fterilerimize performans, dayan\u0131kl\u0131l\u0131k ve de\u011fer a\u00e7\u0131s\u0131ndan beklentileri a\u015fan hidrolik silindirler sunmak. Profesyonellik, d\u00fcr\u00fcstl\u00fck ve m\u00fc\u015fteri odakl\u0131l\u0131k ilkeleriyle \u00e7al\u0131\u015f\u0131yoruz. Yenilik\u00e7ilik ve hassasiyet k\u00fclt\u00fcr\u00fcn\u00fc benimseyerek, rekabet\u00e7i bir pazarda \u00f6ne \u00e7\u0131kmak i\u00e7in \u00fcr\u00fcnlerimizi s\u00fcrekli olarak geli\u015ftiriyoruz. Kapsaml\u0131 \u00fcr\u00fcn yelpazemiz ve ki\u015fiye \u00f6zel \u00e7\u00f6z\u00fcmler sunma becerimiz, bizi y\u00fcksek performansl\u0131 hidrolik silindir arayan i\u015fletmeler i\u00e7in vazge\u00e7ilmez k\u0131l\u0131yor.<\/p>\n<p class=\"break-words\">FMP, yaln\u0131zca bir \u00fcreticiden daha fazlas\u0131d\u0131r; ba\u015far\u0131n\u0131z\u0131n orta\u011f\u0131y\u0131z. M\u00fc\u015fterilerimizin \u00fcretkenliklerini ve g\u00fcvenliklerini art\u0131ran ara\u00e7lar sunmam\u0131z i\u00e7in bize g\u00fcvendi\u011finin fark\u0131nday\u0131z. Bu nedenle, yaln\u0131zca birinci s\u0131n\u0131f \u00fcr\u00fcnler sunmakla kalmay\u0131p ayn\u0131 zamanda ola\u011fan\u00fcst\u00fc hizmet de sunmaya kararl\u0131y\u0131z. \u0130lk dan\u0131\u015fmanl\u0131ktan sat\u0131\u015f sonras\u0131 deste\u011fe kadar, ihtiya\u00e7lar\u0131n\u0131n profesyonellik ve \u00f6zenle kar\u015f\u0131lanmas\u0131n\u0131 sa\u011flamak i\u00e7in m\u00fc\u015fterilerimizle yak\u0131n bir \u015fekilde \u00e7al\u0131\u015f\u0131yoruz. Rekabet\u00e7i fiyatlar\u0131m\u0131z ve kaliteye olan sars\u0131lmaz ba\u011fl\u0131l\u0131\u011f\u0131m\u0131z, FMP'yi g\u00fcvenebilecekleri hidrolik \u00e7\u00f6z\u00fcmlere yat\u0131r\u0131m yapmak isteyen \u015firketler i\u00e7in ak\u0131ll\u0131 bir tercih haline getiriyor.<\/p>","protected":false},"excerpt":{"rendered":"<p>Customized Trailer Telescopic Hydraulic Cylinder Used For Dump Truck From FMP Experience the power and efficiency of the Customized Trailer Telescopic hydraulic cylinder, a top-notch product From FMP. Designed specifically for dump trucks, this hydraulic cylinder offers unmatched performance and reliability. Key Features and Specifications Features Condition: New Warranty: 1 Year Structure: Piston Cylinder Power: [&hellip;]<\/p>","protected":false},"featured_media":6801,"comment_status":"closed","ping_status":"closed","template":"","meta":{"_et_pb_use_builder":"","_et_pb_old_content":"","_et_gb_content_width":""},"product_brand":[],"product_cat":[103],"product_tag":[34,105],"class_list":{"0":"post-6608","1":"product","2":"type-product","3":"status-publish","4":"has-post-thumbnail","6":"product_cat-telescopic-hydraulic-cylinders","7":"product_tag-hydraulic-cylinder","8":"product_tag-telescopic-hydraulic-cylinders","10":"first","11":"instock","12":"product-type-simple"},"_links":{"self":[{"href":"https:\/\/fmp-components.com\/tr\/wp-json\/wp\/v2\/product\/6608","targetHints":{"allow":["GET"]}}],"collection":[{"href":"https:\/\/fmp-components.com\/tr\/wp-json\/wp\/v2\/product"}],"about":[{"href":"https:\/\/fmp-components.com\/tr\/wp-json\/wp\/v2\/types\/product"}],"replies":[{"embeddable":true,"href":"https:\/\/fmp-components.com\/tr\/wp-json\/wp\/v2\/comments?post=6608"}],"wp:featuredmedia":[{"embeddable":true,"href":"https:\/\/fmp-components.com\/tr\/wp-json\/wp\/v2\/media\/6801"}],"wp:attachment":[{"href":"https:\/\/fmp-components.com\/tr\/wp-json\/wp\/v2\/media?parent=6608"}],"wp:term":[{"taxonomy":"product_brand","embeddable":true,"href":"https:\/\/fmp-components.com\/tr\/wp-json\/wp\/v2\/product_brand?post=6608"},{"taxonomy":"product_cat","embeddable":true,"href":"https:\/\/fmp-components.com\/tr\/wp-json\/wp\/v2\/product_cat?post=6608"},{"taxonomy":"product_tag","embeddable":true,"href":"https:\/\/fmp-components.com\/tr\/wp-json\/wp\/v2\/product_tag?post=6608"}],"curies":[{"name":"wp","href":"https:\/\/api.w.org\/{rel}","templated":true}]}}