{"id":6603,"date":"2025-03-11T06:32:38","date_gmt":"2025-03-11T06:32:38","guid":{"rendered":"https:\/\/fmp-components.com\/product\/3ton-high-quality-telescopic-for-trailer-hydraulic-cylinders-from-fmp"},"modified":"2025-03-14T01:58:45","modified_gmt":"2025-03-14T01:58:45","slug":"3ton-high-quality-telescopic-for-trailer-hydraulic-cylinders-from-fmp","status":"publish","type":"product","link":"https:\/\/fmp-components.com\/tr\/product\/3ton-high-quality-telescopic-for-trailer-hydraulic-cylinders-from-fmp\/","title":{"rendered":"FMP'den 3 tonluk Y\u00fcksek Kaliteli Teleskopik R\u00f6mork Hidrolik Silindirleri"},"content":{"rendered":"<h2>FMP'den 3 tonluk Y\u00fcksek Kaliteli Teleskopik R\u00f6mork Hidrolik Silindirleri<\/h2>\n<p>R\u00f6morklar i\u00e7in tasarlanm\u0131\u015f 3 tonluk y\u00fcksek kaliteli teleskopik hidrolik silindirlerimizle makinelerinizi y\u00fckseltin. 2006 y\u0131l\u0131nda kurulan FMP'nin bu y\u00fcksek performansl\u0131 \u00fcr\u00fcn\u00fc, makinelerinizin \u00e7al\u0131\u015fmas\u0131nda verimlilik ve g\u00fcvenilirlik sa\u011flar.<\/p>\n<h3>\u00d6zellikler ve \u0130\u015flevler<\/h3>\n<p>Hidrolik silindirlerimiz, genellikle ya\u011f olmak \u00fczere s\u0131v\u0131 ile \u00e7al\u0131\u015f\u0131r ve piston yap\u0131s\u0131yla tasarlanm\u0131\u015ft\u0131r. Maksimum 3000 itme ve 600 \u00e7ekme g\u00fcc\u00fc sunarlar. Silindirlerimizin standart d\u0131\u015f\u0131 yap\u0131s\u0131, \u00e7e\u015fitli makine kurulumlar\u0131na uyum sa\u011flar. G\u00f6vde, dayan\u0131kl\u0131l\u0131k ve a\u015f\u0131nma ve y\u0131pranmaya kar\u015f\u0131 diren\u00e7 sa\u011flayan sa\u011flam \u00e7elikten yap\u0131lm\u0131\u015ft\u0131r.<\/p>\n<h3>Teknik \u00d6zellikler<\/h3>\n<p>Hidrolik silindirlerimiz, \u00f6zel ihtiya\u00e7lar\u0131n\u0131za g\u00f6re tasarlanm\u0131\u015f bir delik \u00e7ap\u0131 ve 20 ila 250 mm aras\u0131nda de\u011fi\u015fen bir silindir \u00e7ap\u0131 ile sunulmaktad\u0131r. ISO 9001:2000 sertifikal\u0131 olan \u00fcr\u00fcnlerimiz, kalite y\u00f6netimine s\u0131k\u0131 s\u0131k\u0131ya ba\u011fl\u0131 kald\u0131\u011f\u0131m\u0131z\u0131 ve m\u00fc\u015fteri ve yasal gereklilikleri kar\u015f\u0131layan \u00fcr\u00fcnlerin s\u00fcrekli olarak tedarik edildi\u011fini g\u00f6stermektedir.<\/p>\n<table style=\"width: 92.7585%;\" border=\"\">\n<tbody>\n<tr>\n<td style=\"width: 45.9016%;\">D\u0131\u015f \u00c7ap Boyutu<\/td>\n<td style=\"width: 365.027%;\">3,75-4,5 in\u00e7<\/td>\n<\/tr>\n<tr>\n<td style=\"width: 45.9016%;\">Kapasite<\/td>\n<td style=\"width: 365.027%;\">7-12 ton<\/td>\n<\/tr>\n<tr>\n<td style=\"width: 45.9016%;\">Vuru\u015f boyutu<\/td>\n<td style=\"width: 365.027%;\">78-144 in\u00e7<\/td>\n<\/tr>\n<tr>\n<td style=\"width: 45.9016%;\">Pin boyutu<\/td>\n<td style=\"width: 365.027%;\">1.015<\/td>\n<\/tr>\n<tr>\n<td style=\"width: 45.9016%;\">Limanlar<\/td>\n<td style=\"width: 365.027%;\">G\/SAE\/NPT\/M<\/td>\n<\/tr>\n<\/tbody>\n<\/table>\n<h2>Benzersiz \u00d6zellikler ve Avantajlar<\/h2>\n<ul>\n<li>Enerji Verimlili\u011fi: Hidrolik silindirler daha az g\u00fc\u00e7 t\u00fcketti\u011finden enerji verimlili\u011fi y\u00fcksektir.<\/li>\n<li>Y\u00fcksek Performans: Bu silindirler y\u00fcksek seviyede itme ve \u00e7ekmeyi kald\u0131rabilir.<\/li>\n<li>G\u00fcvenlik: S\u0131k\u0131 g\u00fcvenlik standartlar\u0131yla tasarlanan bu silindirler, g\u00fcvenli operasyonlar sa\u011flar.<\/li>\n<\/ul>\n<p><img loading=\"lazy\" decoding=\"async\" class=\"alignnone size-full wp-image-6757\" src=\"https:\/\/fmp-components.com\/wp-content\/uploads\/2025\/03\/Telescopic-Hydraulic-Cylinders-114.webp\" alt=\"Teleskopik Hidrolik Silindirler\" width=\"2160\" height=\"2160\" title=\"\" srcset=\"https:\/\/fmp-components.com\/wp-content\/uploads\/2025\/03\/Telescopic-Hydraulic-Cylinders-114.webp 2160w, https:\/\/fmp-components.com\/wp-content\/uploads\/2025\/03\/Telescopic-Hydraulic-Cylinders-114-1280x1280.webp 1280w, https:\/\/fmp-components.com\/wp-content\/uploads\/2025\/03\/Telescopic-Hydraulic-Cylinders-114-980x980.webp 980w, https:\/\/fmp-components.com\/wp-content\/uploads\/2025\/03\/Telescopic-Hydraulic-Cylinders-114-480x480.webp 480w\" sizes=\"(min-width: 0px) and (max-width: 480px) 480px, (min-width: 481px) and (max-width: 980px) 980px, (min-width: 981px) and (max-width: 1280px) 1280px, (min-width: 1281px) 2160px, 100vw\" \/><\/p>\n<h2>Hidrolik Silindirler ve G\u00fc\u00e7 \u00dcniteleri<\/h2>\n<p>Hidrolik silindirler ve g\u00fc\u00e7 \u00fcniteleri, hidrolik sistemlerin vazge\u00e7ilmezleridir. Birbirleriyle uyumlu \u00e7al\u0131\u015fmalar\u0131, hidrolik teknolojisinin end\u00fcstriyel alanda yayg\u0131n olarak kullan\u0131lmas\u0131n\u0131 sa\u011flayarak \u00e7e\u015fitli m\u00fchendislik ve mekanik ekipmanlara g\u00fcvenilir g\u00fc\u00e7 ve kontrol deste\u011fi sa\u011flar. Akt\u00fcat\u00f6r olarak hidrolik silindir, hidrolik enerjiyi mekanik harekete, bas\u0131nc\u0131 da kuvvete d\u00f6n\u00fc\u015ft\u00fcrmekten sorumludur. G\u00fc\u00e7 \u00fcnitesi ise hidrolik sistemin ihtiya\u00e7 duydu\u011fu enerji ve kontrol sinyallerini sa\u011flayan \u00e7ekirdektir. Bu ikisinin koordinasyonu, hidrolik sistemin normal \u00e7al\u0131\u015fmas\u0131n\u0131 sa\u011flar. FMP ayr\u0131ca sat\u0131l\u0131k g\u00fc\u00e7 \u00fcniteleri de sunmaktad\u0131r.<\/p>\n<h3>FMP Hakk\u0131nda<\/h3>\n<p class=\"break-words\">FMP, y\u00fcksek kaliteli hidrolik silindirlerin tasar\u0131m\u0131, geli\u015ftirilmesi ve \u00fcretiminde uzmanla\u015fm\u0131\u015f lider bir \u0130talyan \u00fcreticisidir. Onlarca y\u0131ll\u0131k uzmanl\u0131\u011fa dayanan zengin bir mirasa sahip olarak, \u0130talyan i\u015f\u00e7ili\u011fini en son teknolojiyle gururla birle\u015ftirerek, k\u00fcresel m\u00fc\u015fterilerimizin \u00e7e\u015fitli ihtiya\u00e7lar\u0131n\u0131 kar\u015f\u0131lamak \u00fczere tasarlanm\u0131\u015f ola\u011fan\u00fcst\u00fc hidrolik \u00e7\u00f6z\u00fcmler sunuyoruz. M\u00fchendislik m\u00fckemmelli\u011finin merkezi \u0130talya'da bulunan FMP, hidrolik sekt\u00f6r\u00fcnde g\u00fcvenilir bir isim olarak \u00f6ne \u00e7\u0131kmakta ve d\u00fcnya \u00e7ap\u0131ndaki i\u015fletmelere g\u00fc\u00e7 katan g\u00fcvenilir, dayan\u0131kl\u0131 ve yenilik\u00e7i \u00fcr\u00fcnler sunmaya kendini adam\u0131\u015ft\u0131r.<\/p>\n<p class=\"break-words\">\u015eirketimiz, ileri d\u00fczey \u00fcretim geleneklerinin en iyilerini ileri g\u00f6r\u00fc\u015fl\u00fc bir yakla\u015f\u0131mla birle\u015ftiriyor. Hidrolik sistemlerdeki uzun y\u0131llara dayanan deneyiminden g\u00fc\u00e7 alan FMP, ara\u015ft\u0131rma, tasar\u0131m ve \u00fcretimde m\u00fckemmellik g\u00f6steren modern bir kurulu\u015fa d\u00f6n\u00fc\u015fm\u00fc\u015ft\u00fcr. \u00c7ift etkili silindirler, otomotiv kald\u0131rma silindirleri, tar\u0131m makineleri silindirleri ve \u00e7e\u015fitli end\u00fcstriyel uygulamalar i\u00e7in \u00f6zel olarak tasarlanm\u0131\u015f \u00e7\u00f6z\u00fcmler de dahil olmak \u00fczere geni\u015f bir hidrolik silindir yelpazesinde uzmanla\u015f\u0131yoruz. \u0130ster in\u015faat, ister end\u00fcstriyel tesisler, ister tar\u0131m veya a\u011f\u0131r makineler olsun, hidrolik silindirlerimiz en zorlu ko\u015fullarda bile g\u00fcvenlik, verimlilik ve uzun \u00f6m\u00fcr sa\u011flayacak \u015fekilde \u00fcretilmi\u015ftir.<\/p>\n<p><img loading=\"lazy\" decoding=\"async\" class=\"alignnone size-full wp-image-6720\" src=\"https:\/\/fmp-components.com\/wp-content\/uploads\/2025\/03\/hydraulic-cylinder-8.webp\" alt=\"Teleskopik Hidrolik Silindirler\" width=\"933\" height=\"526\" title=\"\" srcset=\"https:\/\/fmp-components.com\/wp-content\/uploads\/2025\/03\/hydraulic-cylinder-8.webp 933w, https:\/\/fmp-components.com\/wp-content\/uploads\/2025\/03\/hydraulic-cylinder-8-480x271.webp 480w\" sizes=\"(min-width: 0px) and (max-width: 480px) 480px, (min-width: 481px) 933px, 100vw\" \/><\/p>\n<p class=\"break-words\">FMP olarak, hassas makineler ve geli\u015fmi\u015f test sistemleriyle donat\u0131lm\u0131\u015f son teknoloji \u00fcretim tesislerimizle gurur duyuyoruz. \u00dcretim s\u00fcre\u00e7lerimiz, fabrikam\u0131zdan \u00e7\u0131kan her hidrolik silindirin \u00fcst\u00fcn kalite ve g\u00fcvenilirlikte olmas\u0131n\u0131 sa\u011flayan s\u0131k\u0131 ulusal ve uluslararas\u0131 standartlara uygundur. Son teknoloji ekipmanlarla bir araya gelen yetenekli teknik ekibimiz, hammadde se\u00e7iminden son kontrole kadar \u00fcretimin her a\u015famas\u0131nda s\u0131k\u0131 bir kalite kontrol\u00fc sa\u011flamam\u0131z\u0131 sa\u011flar. M\u00fckemmelli\u011fe olan bu ba\u011fl\u0131l\u0131\u011f\u0131m\u0131z, bize sekt\u00f6r otoritelerinden sertifikalar ve takdirler kazand\u0131rarak, g\u00fcvenilir bir i\u015f orta\u011f\u0131 olarak itibar\u0131m\u0131z\u0131 daha da sa\u011flamla\u015ft\u0131rm\u0131\u015ft\u0131r.<\/p>\n<p class=\"break-words\">Misyonumuz basit ama iddial\u0131: M\u00fc\u015fterilerimize performans, dayan\u0131kl\u0131l\u0131k ve de\u011fer a\u00e7\u0131s\u0131ndan beklentileri a\u015fan hidrolik silindirler sunmak. Profesyonellik, d\u00fcr\u00fcstl\u00fck ve m\u00fc\u015fteri odakl\u0131l\u0131k ilkeleriyle \u00e7al\u0131\u015f\u0131yoruz. Yenilik\u00e7ilik ve hassasiyet k\u00fclt\u00fcr\u00fcn\u00fc benimseyerek, rekabet\u00e7i bir pazarda \u00f6ne \u00e7\u0131kmak i\u00e7in \u00fcr\u00fcnlerimizi s\u00fcrekli olarak geli\u015ftiriyoruz. Kapsaml\u0131 \u00fcr\u00fcn yelpazemiz ve ki\u015fiye \u00f6zel \u00e7\u00f6z\u00fcmler sunma becerimiz, bizi y\u00fcksek performansl\u0131 hidrolik silindir arayan i\u015fletmeler i\u00e7in vazge\u00e7ilmez k\u0131l\u0131yor.<\/p>\n<p class=\"break-words\">FMP, yaln\u0131zca bir \u00fcreticiden daha fazlas\u0131d\u0131r; ba\u015far\u0131n\u0131z\u0131n orta\u011f\u0131y\u0131z. M\u00fc\u015fterilerimizin \u00fcretkenliklerini ve g\u00fcvenliklerini art\u0131ran ara\u00e7lar sunmam\u0131z i\u00e7in bize g\u00fcvendi\u011finin fark\u0131nday\u0131z. Bu nedenle, yaln\u0131zca birinci s\u0131n\u0131f \u00fcr\u00fcnler sunmakla kalmay\u0131p ayn\u0131 zamanda ola\u011fan\u00fcst\u00fc hizmet de sunmaya kararl\u0131y\u0131z. \u0130lk dan\u0131\u015fmanl\u0131ktan sat\u0131\u015f sonras\u0131 deste\u011fe kadar, ihtiya\u00e7lar\u0131n\u0131n profesyonellik ve \u00f6zenle kar\u015f\u0131lanmas\u0131n\u0131 sa\u011flamak i\u00e7in m\u00fc\u015fterilerimizle yak\u0131n bir \u015fekilde \u00e7al\u0131\u015f\u0131yoruz. Rekabet\u00e7i fiyatlar\u0131m\u0131z ve kaliteye olan sars\u0131lmaz ba\u011fl\u0131l\u0131\u011f\u0131m\u0131z, FMP'yi g\u00fcvenebilecekleri hidrolik \u00e7\u00f6z\u00fcmlere yat\u0131r\u0131m yapmak isteyen \u015firketler i\u00e7in ak\u0131ll\u0131 bir tercih haline getiriyor.<\/p>","protected":false},"excerpt":{"rendered":"<p>3ton High Quality Telescopic for Trailer Hydraulic Cylinders From FMP Upgrade your machinery with our 3-ton high-quality telescopic hydraulic cylinders designed for trailers. This high-performance product From FMP, established in 2006, ensures efficiency and reliability in the operations of your machinery. Features and Functionality Our hydraulic cylinders are powered by fluid, typically oil, and are [&hellip;]<\/p>","protected":false},"featured_media":6804,"comment_status":"closed","ping_status":"closed","template":"","meta":{"_et_pb_use_builder":"","_et_pb_old_content":"","_et_gb_content_width":""},"product_brand":[],"product_cat":[103],"product_tag":[34,105],"class_list":{"0":"post-6603","1":"product","2":"type-product","3":"status-publish","4":"has-post-thumbnail","6":"product_cat-telescopic-hydraulic-cylinders","7":"product_tag-hydraulic-cylinder","8":"product_tag-telescopic-hydraulic-cylinders","10":"first","11":"instock","12":"product-type-simple"},"_links":{"self":[{"href":"https:\/\/fmp-components.com\/tr\/wp-json\/wp\/v2\/product\/6603","targetHints":{"allow":["GET"]}}],"collection":[{"href":"https:\/\/fmp-components.com\/tr\/wp-json\/wp\/v2\/product"}],"about":[{"href":"https:\/\/fmp-components.com\/tr\/wp-json\/wp\/v2\/types\/product"}],"replies":[{"embeddable":true,"href":"https:\/\/fmp-components.com\/tr\/wp-json\/wp\/v2\/comments?post=6603"}],"wp:featuredmedia":[{"embeddable":true,"href":"https:\/\/fmp-components.com\/tr\/wp-json\/wp\/v2\/media\/6804"}],"wp:attachment":[{"href":"https:\/\/fmp-components.com\/tr\/wp-json\/wp\/v2\/media?parent=6603"}],"wp:term":[{"taxonomy":"product_brand","embeddable":true,"href":"https:\/\/fmp-components.com\/tr\/wp-json\/wp\/v2\/product_brand?post=6603"},{"taxonomy":"product_cat","embeddable":true,"href":"https:\/\/fmp-components.com\/tr\/wp-json\/wp\/v2\/product_cat?post=6603"},{"taxonomy":"product_tag","embeddable":true,"href":"https:\/\/fmp-components.com\/tr\/wp-json\/wp\/v2\/product_tag?post=6603"}],"curies":[{"name":"wp","href":"https:\/\/api.w.org\/{rel}","templated":true}]}}