{"id":6600,"date":"2025-03-11T06:32:38","date_gmt":"2025-03-11T06:32:38","guid":{"rendered":"https:\/\/fmp-components.com\/product\/3tons-5tons-7tons-12-tons-telescopic-multistages-tipper-truck-hydraulic-cylinder-from-fmp"},"modified":"2025-03-12T03:14:59","modified_gmt":"2025-03-12T03:14:59","slug":"3tons-5tons-7tons-12-tons-telescopic-multistages-tipper-truck-hydraulic-cylinder-from-fmp","status":"publish","type":"product","link":"https:\/\/fmp-components.com\/tr\/product\/3tons-5tons-7tons-12-tons-telescopic-multistages-tipper-truck-hydraulic-cylinder-from-fmp\/","title":{"rendered":"FMP'den 3 ton, 5 ton, 7 ton ve 12 ton Teleskopik\/\u00c7ok Kademeli Damperli Kamyon Hidrolik Silindiri"},"content":{"rendered":"<h2>FMP'den 3 ton, 5 ton, 7 ton ve 12 ton Teleskopik\/\u00c7ok Kademeli Damperli Kamyon Hidrolik Silindiri<\/h2>\n<p>FMP'nin Teleskopik\/\u00c7ok Kademeli hidrolik silindiri, damperli kamyonlar i\u00e7in yenilik\u00e7i bir \u00e7\u00f6z\u00fcmd\u00fcr. Bu hidrolik silindir, 3 tonluk, 5 tonluk, 7 tonluk ve 12 tonluk kamyonlar i\u00e7in tasarlanm\u0131\u015ft\u0131r ve ola\u011fan\u00fcst\u00fc g\u00fc\u00e7 ve hassasiyet sa\u011flar. Y\u00fcksek kaliteli \u00e7elikten \u00fcretilen bu hidrolik silindirler, optimum performans ve dayan\u0131kl\u0131l\u0131k sa\u011flar.<\/p>\n<h3>\u00d6zellikler ve \u0130\u015flevler<\/h3>\n<p>Hidrolik silindirlerimiz, \u00fcretimde m\u00fckemmelli\u011fe olan ba\u011fl\u0131l\u0131\u011f\u0131m\u0131z\u0131 yans\u0131tan \u00fcst\u00fcn kalite ve performans\u0131n bir g\u00f6stergesi olan ISO 9001:2000 sertifikal\u0131d\u0131r. 3000'lik etkileyici maksimum itme ve 600'l\u00fck maksimum \u00e7ekme de\u011ferleriyle bu silindirler, \u00e7ok \u00e7e\u015fitli end\u00fcstriyel uygulamalara uygun g\u00fc\u00e7l\u00fc bir performans sunar. Silindirlerin \u00e7ap\u0131 20 mm ile 250 mm aras\u0131nda de\u011fi\u015ferek, \u00e7e\u015fitli operasyonel gereksinimleri kar\u015f\u0131lamak i\u00e7in benzersiz bir \u00e7ok y\u00f6nl\u00fcl\u00fck sunar. \u0130ster dar alanlar i\u00e7in kompakt bir \u00e7\u00f6z\u00fcme, ister a\u011f\u0131r i\u015fler i\u00e7in daha b\u00fcy\u00fck bir silindire ihtiyac\u0131n\u0131z olsun, \u00fcr\u00fcnlerimiz \u00f6zel ihtiya\u00e7lar\u0131n\u0131z\u0131 kar\u015f\u0131layacak \u015fekilde uyarlanabilir.<\/p>\n<p><img loading=\"lazy\" decoding=\"async\" class=\"alignnone  wp-image-6657\" src=\"https:\/\/fmp-components.com\/wp-content\/uploads\/2025\/03\/telescopic-hydraulic-cylinder-3.webp\" alt=\"teleskopik hidrolik silindir\" width=\"902\" height=\"902\" title=\"\" srcset=\"https:\/\/fmp-components.com\/wp-content\/uploads\/2025\/03\/telescopic-hydraulic-cylinder-3.webp 902w, https:\/\/fmp-components.com\/wp-content\/uploads\/2025\/03\/telescopic-hydraulic-cylinder-3-480x480.webp 480w\" sizes=\"(min-width: 0px) and (max-width: 480px) 480px, (min-width: 481px) 902px, 100vw\" \/><\/p>\n<h3>\u00dcr\u00fcn \u00d6zellikleri<\/h3>\n<p>Her bir hidrolik silindir, hassas teknik \u00f6zelliklere g\u00f6re uzmanca tasarlan\u0131p \u00fcretilir. Silindir \u00e7ap\u0131 tamamen \u00f6zelle\u015ftirilebilir oldu\u011fundan, uygulaman\u0131z\u0131n gereksinimlerine en uygun boyutlar\u0131 se\u00e7ebilirsiniz. Bu esneklik, operasyonel taleplerinizle m\u00fckemmel uyum sa\u011flayan bir \u00fcr\u00fcn alman\u0131z\u0131 sa\u011flar. Ayr\u0131ca, bu silindirler, performanslar\u0131n\u0131 ve dayan\u0131kl\u0131l\u0131klar\u0131n\u0131 \u00f6nemli \u00f6l\u00e7\u00fcde art\u0131ran temel bile\u015fenler olarak y\u00fcksek kaliteli rulmanlarla donat\u0131lm\u0131\u015ft\u0131r. Rulman kullan\u0131m\u0131 s\u00fcrt\u00fcnmeyi ve a\u015f\u0131nmay\u0131 azaltarak daha sorunsuz bir \u00e7al\u0131\u015fma sa\u011flar ve hidrolik silindirin \u00f6mr\u00fcn\u00fc uzat\u0131r.<\/p>\n<h3>Benzersiz \u00d6zellikler<\/h3>\n<ul>\n<li><strong>Enerji Tasarrufu:<\/strong> Hidrolik silindirlerimiz enerji tasarrufu g\u00f6z \u00f6n\u00fcnde bulundurularak tasarlanm\u0131\u015ft\u0131r. Bu tasar\u0131m, i\u015fletme maliyetlerini d\u00fc\u015f\u00fcrmeye yard\u0131mc\u0131 olman\u0131n yan\u0131 s\u0131ra, \u00e7al\u0131\u015fma s\u0131ras\u0131nda enerji israf\u0131n\u0131 en aza indirerek \u00e7evresel s\u00fcrd\u00fcr\u00fclebilirli\u011fe de katk\u0131da bulunur. Hidrolik s\u0131v\u0131 kullan\u0131m\u0131n\u0131 optimize eden silindirlerimiz, i\u015fletmelerin enerji t\u00fcketimini g\u00f6z \u00f6n\u00fcnde bulundurarak hedeflerine verimli bir \u015fekilde ula\u015fmalar\u0131n\u0131 sa\u011flar.<\/li>\n<li><strong>Verimli:<\/strong> Geli\u015fmi\u015f hidrolik teknolojisini kullanan silindirlerimiz, y\u00fcksek verimlilik ve performans seviyeleri sunar. Bu verimlilik, daha h\u0131zl\u0131 \u00e7evrim s\u00fcreleri ve geli\u015fmi\u015f \u00fcretkenlik anlam\u0131na gelir ve end\u00fcstrilerin s\u00fcre\u00e7lerini kolayla\u015ft\u0131r\u0131p genel operasyonel verimlili\u011fi art\u0131rmalar\u0131na olanak tan\u0131r.<\/li>\n<li><strong>Emniyet:<\/strong> End\u00fcstriyel uygulamalarda g\u00fcvenlik en \u00f6nemli unsurdur ve hidrolik silindirlerimiz, en zorlu \u00e7al\u0131\u015fma ko\u015fullar\u0131nda bile dayan\u0131kl\u0131l\u0131k sa\u011flayan y\u00fcksek kaliteli malzemelerden \u00fcretilmi\u015ftir. \u00dcr\u00fcnlerimizin en y\u00fcksek g\u00fcvenlik standartlar\u0131n\u0131 kar\u015f\u0131lamas\u0131n\u0131 garanti alt\u0131na almak i\u00e7in titiz testler ve kalite g\u00fcvence protokolleri uygulanmaktad\u0131r. Bu sa\u011flam yap\u0131, operat\u00f6rleri korumakla kalmaz, ayn\u0131 zamanda makinelerin g\u00fcvenilirli\u011fini de art\u0131rarak daha g\u00fcvenli bir \u00e7al\u0131\u015fma ortam\u0131 sa\u011flar.<\/li>\n<\/ul>\n<p>Hidrolik silindirlerimiz, performans, g\u00fcvenlik ve verimlilikte m\u00fckemmellik sa\u011flayacak \u015fekilde tasarlanm\u0131\u015ft\u0131r ve bu da onlar\u0131 \u00e7e\u015fitli end\u00fcstriyel uygulamalar i\u00e7in ideal bir se\u00e7im haline getirir. \u00d6zelle\u015ftirilebilir \u00f6zelliklerimiz ve kaliteye olan ba\u011fl\u0131l\u0131\u011f\u0131m\u0131zla, i\u015fletmelerin etkili ve g\u00fcvenli bir \u015fekilde faaliyet g\u00f6stermelerini sa\u011flayan \u00e7\u00f6z\u00fcmler sunuyoruz.<\/p>\n<h3>FMP Hakk\u0131nda<\/h3>\n<p class=\"break-words\">FMP, y\u00fcksek kaliteli hidrolik silindirlerin tasar\u0131m\u0131, geli\u015ftirilmesi ve \u00fcretiminde uzmanla\u015fm\u0131\u015f lider bir \u0130talyan \u00fcreticisidir. Onlarca y\u0131ll\u0131k uzmanl\u0131\u011fa dayanan zengin bir mirasa sahip olarak, \u0130talyan i\u015f\u00e7ili\u011fini en son teknolojiyle gururla birle\u015ftirerek, k\u00fcresel m\u00fc\u015fterilerimizin \u00e7e\u015fitli ihtiya\u00e7lar\u0131n\u0131 kar\u015f\u0131lamak \u00fczere tasarlanm\u0131\u015f ola\u011fan\u00fcst\u00fc hidrolik \u00e7\u00f6z\u00fcmler sunuyoruz. M\u00fchendislik m\u00fckemmelli\u011finin merkezi \u0130talya'da bulunan FMP, hidrolik sekt\u00f6r\u00fcnde g\u00fcvenilir bir isim olarak \u00f6ne \u00e7\u0131kmakta ve d\u00fcnya \u00e7ap\u0131ndaki i\u015fletmelere g\u00fc\u00e7 katan g\u00fcvenilir, dayan\u0131kl\u0131 ve yenilik\u00e7i \u00fcr\u00fcnler sunmaya kendini adam\u0131\u015ft\u0131r.<\/p>\n<p class=\"break-words\">\u015eirketimiz, ileri d\u00fczey \u00fcretim geleneklerinin en iyilerini ileri g\u00f6r\u00fc\u015fl\u00fc bir yakla\u015f\u0131mla birle\u015ftiriyor. Hidrolik sistemlerdeki uzun y\u0131llara dayanan deneyiminden g\u00fc\u00e7 alan FMP, ara\u015ft\u0131rma, tasar\u0131m ve \u00fcretimde m\u00fckemmellik g\u00f6steren modern bir kurulu\u015fa d\u00f6n\u00fc\u015fm\u00fc\u015ft\u00fcr. \u00c7ift etkili silindirler, otomotiv kald\u0131rma silindirleri, tar\u0131m makineleri silindirleri ve \u00e7e\u015fitli end\u00fcstriyel uygulamalar i\u00e7in \u00f6zel olarak tasarlanm\u0131\u015f \u00e7\u00f6z\u00fcmler de dahil olmak \u00fczere geni\u015f bir hidrolik silindir yelpazesinde uzmanla\u015f\u0131yoruz. \u0130ster in\u015faat, ister end\u00fcstriyel tesisler, ister tar\u0131m veya a\u011f\u0131r makineler olsun, hidrolik silindirlerimiz en zorlu ko\u015fullarda bile g\u00fcvenlik, verimlilik ve uzun \u00f6m\u00fcr sa\u011flayacak \u015fekilde \u00fcretilmi\u015ftir.<\/p>\n<p><img loading=\"lazy\" decoding=\"async\" class=\"alignnone size-full wp-image-6720\" src=\"https:\/\/fmp-components.com\/wp-content\/uploads\/2025\/03\/hydraulic-cylinder-8.webp\" alt=\"Teleskopik Hidrolik Silindirler\" width=\"933\" height=\"526\" title=\"\" srcset=\"https:\/\/fmp-components.com\/wp-content\/uploads\/2025\/03\/hydraulic-cylinder-8.webp 933w, https:\/\/fmp-components.com\/wp-content\/uploads\/2025\/03\/hydraulic-cylinder-8-480x271.webp 480w\" sizes=\"(min-width: 0px) and (max-width: 480px) 480px, (min-width: 481px) 933px, 100vw\" \/><\/p>\n<p class=\"break-words\">FMP olarak, hassas makineler ve geli\u015fmi\u015f test sistemleriyle donat\u0131lm\u0131\u015f son teknoloji \u00fcretim tesislerimizle gurur duyuyoruz. \u00dcretim s\u00fcre\u00e7lerimiz, fabrikam\u0131zdan \u00e7\u0131kan her hidrolik silindirin \u00fcst\u00fcn kalite ve g\u00fcvenilirlikte olmas\u0131n\u0131 sa\u011flayan s\u0131k\u0131 ulusal ve uluslararas\u0131 standartlara uygundur. Son teknoloji ekipmanlarla bir araya gelen yetenekli teknik ekibimiz, hammadde se\u00e7iminden son kontrole kadar \u00fcretimin her a\u015famas\u0131nda s\u0131k\u0131 bir kalite kontrol\u00fc sa\u011flamam\u0131z\u0131 sa\u011flar. M\u00fckemmelli\u011fe olan bu ba\u011fl\u0131l\u0131\u011f\u0131m\u0131z, bize sekt\u00f6r otoritelerinden sertifikalar ve takdirler kazand\u0131rarak, g\u00fcvenilir bir i\u015f orta\u011f\u0131 olarak itibar\u0131m\u0131z\u0131 daha da sa\u011flamla\u015ft\u0131rm\u0131\u015ft\u0131r.<\/p>\n<p class=\"break-words\">Misyonumuz basit ama iddial\u0131: M\u00fc\u015fterilerimize performans, dayan\u0131kl\u0131l\u0131k ve de\u011fer a\u00e7\u0131s\u0131ndan beklentileri a\u015fan hidrolik silindirler sunmak. Profesyonellik, d\u00fcr\u00fcstl\u00fck ve m\u00fc\u015fteri odakl\u0131l\u0131k ilkeleriyle \u00e7al\u0131\u015f\u0131yoruz. Yenilik\u00e7ilik ve hassasiyet k\u00fclt\u00fcr\u00fcn\u00fc benimseyerek, rekabet\u00e7i bir pazarda \u00f6ne \u00e7\u0131kmak i\u00e7in \u00fcr\u00fcnlerimizi s\u00fcrekli olarak geli\u015ftiriyoruz. Kapsaml\u0131 \u00fcr\u00fcn yelpazemiz ve ki\u015fiye \u00f6zel \u00e7\u00f6z\u00fcmler sunma becerimiz, bizi y\u00fcksek performansl\u0131 hidrolik silindir arayan i\u015fletmeler i\u00e7in vazge\u00e7ilmez k\u0131l\u0131yor.<\/p>\n<p class=\"break-words\">FMP, yaln\u0131zca bir \u00fcreticiden daha fazlas\u0131d\u0131r; ba\u015far\u0131n\u0131z\u0131n orta\u011f\u0131y\u0131z. M\u00fc\u015fterilerimizin \u00fcretkenliklerini ve g\u00fcvenliklerini art\u0131ran ara\u00e7lar sunmam\u0131z i\u00e7in bize g\u00fcvendi\u011finin fark\u0131nday\u0131z. Bu nedenle, yaln\u0131zca birinci s\u0131n\u0131f \u00fcr\u00fcnler sunmakla kalmay\u0131p ayn\u0131 zamanda ola\u011fan\u00fcst\u00fc hizmet de sunmaya kararl\u0131y\u0131z. \u0130lk dan\u0131\u015fmanl\u0131ktan sat\u0131\u015f sonras\u0131 deste\u011fe kadar, ihtiya\u00e7lar\u0131n\u0131n profesyonellik ve \u00f6zenle kar\u015f\u0131lanmas\u0131n\u0131 sa\u011flamak i\u00e7in m\u00fc\u015fterilerimizle yak\u0131n bir \u015fekilde \u00e7al\u0131\u015f\u0131yoruz. Rekabet\u00e7i fiyatlar\u0131m\u0131z ve kaliteye olan sars\u0131lmaz ba\u011fl\u0131l\u0131\u011f\u0131m\u0131z, FMP'yi g\u00fcvenebilecekleri hidrolik \u00e7\u00f6z\u00fcmlere yat\u0131r\u0131m yapmak isteyen \u015firketler i\u00e7in ak\u0131ll\u0131 bir tercih haline getiriyor.<\/p>\n<h2>SSS<\/h2>\n<h3>S1: Hidrolik silindirlerin garantisi nedir?<\/h3>\n<p>Hidrolik silindirlerimize 1 y\u0131l garanti vererek kalite ve performanslar\u0131n\u0131 garanti alt\u0131na al\u0131yoruz.<\/p>\n<h3>S2: Hidrolik silindirin delik boyutunu \u00f6zelle\u015ftirebilir miyim?<\/h3>\n<p>Evet, hidrolik silindirlerimizin delik \u00e7ap\u0131 \u00f6zel ihtiya\u00e7lar\u0131n\u0131za g\u00f6re \u00f6zelle\u015ftirilebilir.<\/p>\n<h3>S3: Hidrolik silindirlerin maksimum itme ve \u00e7ekme kuvvetleri nedir?<\/h3>\n<p>Hidrolik silindirlerimizin maksimum itme kuvveti 3000, maksimum \u00e7ekme kuvveti ise 600'd\u00fcr.<\/p>\n<p><img loading=\"lazy\" decoding=\"async\" class=\"alignnone  wp-image-6717\" src=\"https:\/\/fmp-components.com\/wp-content\/uploads\/2025\/03\/hydraulic-cylinder-211.webp\" alt=\"Hidrolik Silindirler\" width=\"893\" height=\"895\" title=\"\" srcset=\"https:\/\/fmp-components.com\/wp-content\/uploads\/2025\/03\/hydraulic-cylinder-211.webp 893w, https:\/\/fmp-components.com\/wp-content\/uploads\/2025\/03\/hydraulic-cylinder-211-480x481.webp 480w\" sizes=\"(min-width: 0px) and (max-width: 480px) 480px, (min-width: 481px) 893px, 100vw\" \/><\/p>","protected":false},"excerpt":{"rendered":"<p>FMP'den 3 ton, 5 ton, 7 ton, 12 tonluk Teleskopik\/\u00c7ok Kademeli Damperli Kamyon Hidrolik Silindiri. FMP'nin Teleskopik\/\u00c7ok Kademeli hidrolik silindiri, damperli kamyonlar i\u00e7in yenilik\u00e7i bir \u00e7\u00f6z\u00fcmd\u00fcr. Bu hidrolik silindir, 3 ton, 5 ton, 7 ton ve 12 tonluk kamyonlar i\u00e7in tasarlanm\u0131\u015f olup ola\u011fan\u00fcst\u00fc g\u00fc\u00e7 ve hassasiyet sa\u011flar. Y\u00fcksek kaliteli \u00e7elikten \u00fcretilen bu hidrolik silindirler, optimum performans ve dayan\u0131kl\u0131l\u0131k sa\u011flar. [\u2026]<\/p>","protected":false},"featured_media":6710,"comment_status":"closed","ping_status":"closed","template":"","meta":{"_et_pb_use_builder":"","_et_pb_old_content":"","_et_gb_content_width":""},"product_brand":[],"product_cat":[103],"product_tag":[34,105],"class_list":{"0":"post-6600","1":"product","2":"type-product","3":"status-publish","4":"has-post-thumbnail","6":"product_cat-telescopic-hydraulic-cylinders","7":"product_tag-hydraulic-cylinder","8":"product_tag-telescopic-hydraulic-cylinders","10":"first","11":"instock","12":"product-type-simple"},"_links":{"self":[{"href":"https:\/\/fmp-components.com\/tr\/wp-json\/wp\/v2\/product\/6600","targetHints":{"allow":["GET"]}}],"collection":[{"href":"https:\/\/fmp-components.com\/tr\/wp-json\/wp\/v2\/product"}],"about":[{"href":"https:\/\/fmp-components.com\/tr\/wp-json\/wp\/v2\/types\/product"}],"replies":[{"embeddable":true,"href":"https:\/\/fmp-components.com\/tr\/wp-json\/wp\/v2\/comments?post=6600"}],"wp:featuredmedia":[{"embeddable":true,"href":"https:\/\/fmp-components.com\/tr\/wp-json\/wp\/v2\/media\/6710"}],"wp:attachment":[{"href":"https:\/\/fmp-components.com\/tr\/wp-json\/wp\/v2\/media?parent=6600"}],"wp:term":[{"taxonomy":"product_brand","embeddable":true,"href":"https:\/\/fmp-components.com\/tr\/wp-json\/wp\/v2\/product_brand?post=6600"},{"taxonomy":"product_cat","embeddable":true,"href":"https:\/\/fmp-components.com\/tr\/wp-json\/wp\/v2\/product_cat?post=6600"},{"taxonomy":"product_tag","embeddable":true,"href":"https:\/\/fmp-components.com\/tr\/wp-json\/wp\/v2\/product_tag?post=6600"}],"curies":[{"name":"wp","href":"https:\/\/api.w.org\/{rel}","templated":true}]}}