{"id":6599,"date":"2025-03-11T06:32:38","date_gmt":"2025-03-11T06:32:38","guid":{"rendered":"https:\/\/fmp-components.com\/product\/telescopic-multi-stages-tipper-truck-hydraulic-cylinder-from-fmp"},"modified":"2025-03-12T03:13:48","modified_gmt":"2025-03-12T03:13:48","slug":"telescopic-multi-stages-tipper-truck-hydraulic-cylinder-from-fmp","status":"publish","type":"product","link":"https:\/\/fmp-components.com\/tr\/product\/telescopic-multi-stages-tipper-truck-hydraulic-cylinder-from-fmp\/","title":{"rendered":"FMP'den Teleskopik \u00c7ok Kademeli Damperli Kamyon Hidrolik Silindiri"},"content":{"rendered":"<h2>FMP'den Teleskopik \u00c7ok Kademeli Damperli Kamyon Hidrolik Silindiri<\/h2>\n<p>FMP'nin teleskopik \u00e7ok kademeli damperli kamyon hidrolik silindiri ile hidroli\u011fin g\u00fcc\u00fcn\u00fc ke\u015ffedin. Bu yenilik\u00e7i \u00fcr\u00fcn, m\u00fckemmel performans, g\u00fcvenilirlik ve uzun \u00f6m\u00fcr sunmak \u00fczere tasarlanm\u0131\u015ft\u0131r ve imalat tesisleri, makine tamir at\u00f6lyeleri, \u00e7iftlikler ve enerji &amp; madencilik sekt\u00f6r\u00fc gibi \u00e7e\u015fitli sekt\u00f6rler i\u00e7in de\u011ferli bir katk\u0131 sa\u011flar.<\/p>\n<h2>\u00dcr\u00fcn \u00d6zellikleri ve Teknik \u00d6zellikleri<\/h2>\n<p>Teleskopik \u00c7ok Kademeli Damperli Kamyon Hidrolik Silindirimiz, onu piyasada \u00f6ne \u00e7\u0131karan bir dizi \u00f6zelli\u011fe sahiptir. \u0130\u015fte \u00fcr\u00fcn \u00f6zelliklerine dair detayl\u0131 bir bak\u0131\u015f:<\/p>\n<ul>\n<li>Durum: Yeni<\/li>\n<li>Garanti: 1 Y\u0131l<\/li>\n<li>Uygulanabilir Sekt\u00f6rler: \u0130malat Tesisleri, Makine Tamir At\u00f6lyeleri, \u00c7iftlikler, Enerji ve Madencilik<\/li>\n<li>\u00c7\u0131k\u0131\u015f denetimi video kayd\u0131: Sa\u011fland\u0131<\/li>\n<li>Makine Test Raporu: Sa\u011fland\u0131<\/li>\n<li>Pazarlama T\u00fcr\u00fc: Yeni \u00dcr\u00fcn 2021<\/li>\n<li>Ana bile\u015fenlerin garantisi: 1 y\u0131l<\/li>\n<li>Ana Bile\u015fenler: Rulman<\/li>\n<li>Standart veya Standart D\u0131\u015f\u0131: Standart<\/li>\n<li>Yap\u0131: Piston Silindir<\/li>\n<li>G\u00fc\u00e7: Hidrolik<\/li>\n<li>G\u00f6vde Malzemesi: \u00c7elik<\/li>\n<li>Maksimum \u0130ti\u015f G\u00fcc\u00fc: 3000<\/li>\n<li>Tip: K\u00fc\u00e7\u00fck Hidrolik Silindirler<\/li>\n<li>Delik \u00c7ap\u0131: \u0130htiya\u00e7lar\u0131n\u0131za G\u00f6re<\/li>\n<li>Maksimum \u00c7ekme: 600<\/li>\n<li>Sertifikasyon: ISO9001:2000<\/li>\n<li>S\u0131v\u0131: Ya\u011f<\/li>\n<li>Silindir \u00c7ap\u0131: 20~250mm<\/li>\n<li>Paketleme Detaylar\u0131: Demir kasa, kontrplak kasa veya karton kutu<\/li>\n<\/ul>\n<h2>Benzersiz \u00d6zellikler ve Avantajlar<\/h2>\n<p>Teleskopik \u00c7ok Kademeli Damperli Kamyon Hidrolik Silindirimiz, enerji verimlili\u011fi, y\u00fcksek performans, g\u00fcvenlik ve daha bir\u00e7ok benzersiz \u00f6zellik ve avantaja sahiptir. Sorunsuz \u00e7al\u0131\u015fma sa\u011flayarak i\u015fletmelerin verimlili\u011fi en \u00fcst d\u00fczeye \u00e7\u0131karmas\u0131na ve ar\u0131za s\u00fcrelerini en aza indirmesine yard\u0131mc\u0131 olur.<\/p>\n<h2>Hidrolik Sistemler ve \u00c7al\u0131\u015fma Prensipleri<\/h2>\n<p>Hidrolik silindirimiz basit prensiplerle \u00e7al\u0131\u015f\u0131r: Bas\u0131n\u00e7l\u0131 s\u0131v\u0131n\u0131n g\u00fcc\u00fc, do\u011frusal bir hareket \u00fcretmek i\u00e7in kullan\u0131l\u0131r. Bu mekanizma, sa\u011flam ve g\u00fcvenilir performans sa\u011flayarak bir\u00e7ok end\u00fcstriyel uygulaman\u0131n vazge\u00e7ilmez bir par\u00e7as\u0131 haline gelir.<\/p>\n<p><img loading=\"lazy\" decoding=\"async\" class=\"alignnone  wp-image-6658\" src=\"https:\/\/fmp-components.com\/wp-content\/uploads\/2025\/03\/telescopic-hydraulic-cylinder-6.webp\" alt=\"teleskopik hidrolik silindir\" width=\"928\" height=\"928\" title=\"\" srcset=\"https:\/\/fmp-components.com\/wp-content\/uploads\/2025\/03\/telescopic-hydraulic-cylinder-6.webp 928w, https:\/\/fmp-components.com\/wp-content\/uploads\/2025\/03\/telescopic-hydraulic-cylinder-6-480x480.webp 480w\" sizes=\"(min-width: 0px) and (max-width: 480px) 480px, (min-width: 481px) 928px, 100vw\" \/><\/p>\n<h2>Hidrolik Silindirler ve g\u00fc\u00e7 \u00fcniteleri<\/h2>\n<p>Hidrolik silindirler ve g\u00fc\u00e7 \u00fcniteleri, hidrolik sistemin ayr\u0131lmaz bile\u015fenleridir. Bu ikisinin sinerjisi, hidrolik teknolojisinin end\u00fcstriyel sekt\u00f6rde geni\u015f uygulama alan\u0131na sahip olmas\u0131n\u0131 sa\u011flayarak, \u00e7e\u015fitli m\u00fchendislik ve makine ekipmanlar\u0131 i\u00e7in g\u00fcvenilir g\u00fc\u00e7 ve kontrol deste\u011fi sunar. Akt\u00fcat\u00f6r g\u00f6revi g\u00f6ren hidrolik silindir, hidrolik enerjiyi mekanik harekete d\u00f6n\u00fc\u015ft\u00fcrmekten, bas\u0131nc\u0131 kuvvete \u00e7evirmekten sorumludur. Bu arada, g\u00fc\u00e7 \u00fcnitesi, hidrolik sistemin ihtiya\u00e7 duydu\u011fu enerjiyi ve kontrol sinyallerini sa\u011flayan \u00e7ekirdektir. Koordineli \u00e7al\u0131\u015fmalar\u0131, hidrolik sistemin d\u00fczg\u00fcn \u00e7al\u0131\u015fmas\u0131n\u0131 sa\u011flar. FMP olarak, g\u00fc\u00e7 \u00fcnitelerini de sat\u0131\u015fa sunuyoruz.<\/p>\n<h2>SSS<\/h2>\n<p><strong>S1: Teleskopik \u00c7ok Kademeli Damperli Kamyon Hidrolik Silindirinin garanti s\u00fcresi ne kadard\u0131r?<\/strong><br \/>\nA1: \u00dcr\u00fcn\u00fcn garanti s\u00fcresi 1 y\u0131ld\u0131r.<\/p>\n<p><strong>S2: Hidrolik silindir, gereksinimlerimize g\u00f6re \u00f6zelle\u015ftirilebilir mi?<\/strong><br \/>\nA2: Evet, iste\u011finiz do\u011frultusunda hidrolik silindiri sizin i\u00e7in tasarlayabiliriz.<\/p>\n<p><strong>S3: Hidrolik silindirin temel bile\u015fenleri nelerdir?<\/strong><br \/>\nA3: Hidrolik silindirin temel bile\u015feni rulmand\u0131r.<\/p>\n<h3>FMP Hakk\u0131nda<\/h3>\n<p class=\"break-words\">FMP, y\u00fcksek kaliteli hidrolik silindirlerin tasar\u0131m\u0131, geli\u015ftirilmesi ve \u00fcretiminde uzmanla\u015fm\u0131\u015f lider bir \u0130talyan \u00fcreticisidir. Onlarca y\u0131ll\u0131k uzmanl\u0131\u011fa dayanan zengin bir mirasa sahip olarak, \u0130talyan i\u015f\u00e7ili\u011fini en son teknolojiyle gururla birle\u015ftirerek, k\u00fcresel m\u00fc\u015fterilerimizin \u00e7e\u015fitli ihtiya\u00e7lar\u0131n\u0131 kar\u015f\u0131lamak \u00fczere tasarlanm\u0131\u015f ola\u011fan\u00fcst\u00fc hidrolik \u00e7\u00f6z\u00fcmler sunuyoruz. M\u00fchendislik m\u00fckemmelli\u011finin merkezi \u0130talya'da bulunan FMP, hidrolik sekt\u00f6r\u00fcnde g\u00fcvenilir bir isim olarak \u00f6ne \u00e7\u0131kmakta ve d\u00fcnya \u00e7ap\u0131ndaki i\u015fletmelere g\u00fc\u00e7 katan g\u00fcvenilir, dayan\u0131kl\u0131 ve yenilik\u00e7i \u00fcr\u00fcnler sunmaya kendini adam\u0131\u015ft\u0131r.<\/p>\n<p class=\"break-words\">\u015eirketimiz, ileri d\u00fczey \u00fcretim geleneklerinin en iyilerini ileri g\u00f6r\u00fc\u015fl\u00fc bir yakla\u015f\u0131mla birle\u015ftiriyor. Hidrolik sistemlerdeki uzun y\u0131llara dayanan deneyiminden g\u00fc\u00e7 alan FMP, ara\u015ft\u0131rma, tasar\u0131m ve \u00fcretimde m\u00fckemmellik g\u00f6steren modern bir kurulu\u015fa d\u00f6n\u00fc\u015fm\u00fc\u015ft\u00fcr. \u00c7ift etkili silindirler, otomotiv kald\u0131rma silindirleri, tar\u0131m makineleri silindirleri ve \u00e7e\u015fitli end\u00fcstriyel uygulamalar i\u00e7in \u00f6zel olarak tasarlanm\u0131\u015f \u00e7\u00f6z\u00fcmler de dahil olmak \u00fczere geni\u015f bir hidrolik silindir yelpazesinde uzmanla\u015f\u0131yoruz. \u0130ster in\u015faat, ister end\u00fcstriyel tesisler, ister tar\u0131m veya a\u011f\u0131r makineler olsun, hidrolik silindirlerimiz en zorlu ko\u015fullarda bile g\u00fcvenlik, verimlilik ve uzun \u00f6m\u00fcr sa\u011flayacak \u015fekilde \u00fcretilmi\u015ftir.<\/p>\n<p><img loading=\"lazy\" decoding=\"async\" class=\"alignnone size-full wp-image-6720\" src=\"https:\/\/fmp-components.com\/wp-content\/uploads\/2025\/03\/hydraulic-cylinder-8.webp\" alt=\"Teleskopik Hidrolik Silindirler\" width=\"933\" height=\"526\" title=\"\" srcset=\"https:\/\/fmp-components.com\/wp-content\/uploads\/2025\/03\/hydraulic-cylinder-8.webp 933w, https:\/\/fmp-components.com\/wp-content\/uploads\/2025\/03\/hydraulic-cylinder-8-480x271.webp 480w\" sizes=\"(min-width: 0px) and (max-width: 480px) 480px, (min-width: 481px) 933px, 100vw\" \/><\/p>\n<p class=\"break-words\">FMP olarak, hassas makineler ve geli\u015fmi\u015f test sistemleriyle donat\u0131lm\u0131\u015f son teknoloji \u00fcretim tesislerimizle gurur duyuyoruz. \u00dcretim s\u00fcre\u00e7lerimiz, fabrikam\u0131zdan \u00e7\u0131kan her hidrolik silindirin \u00fcst\u00fcn kalite ve g\u00fcvenilirlikte olmas\u0131n\u0131 sa\u011flayan s\u0131k\u0131 ulusal ve uluslararas\u0131 standartlara uygundur. Son teknoloji ekipmanlarla bir araya gelen yetenekli teknik ekibimiz, hammadde se\u00e7iminden son kontrole kadar \u00fcretimin her a\u015famas\u0131nda s\u0131k\u0131 bir kalite kontrol\u00fc sa\u011flamam\u0131z\u0131 sa\u011flar. M\u00fckemmelli\u011fe olan bu ba\u011fl\u0131l\u0131\u011f\u0131m\u0131z, bize sekt\u00f6r otoritelerinden sertifikalar ve takdirler kazand\u0131rarak, g\u00fcvenilir bir i\u015f orta\u011f\u0131 olarak itibar\u0131m\u0131z\u0131 daha da sa\u011flamla\u015ft\u0131rm\u0131\u015ft\u0131r.<\/p>\n<p class=\"break-words\">Misyonumuz basit ama iddial\u0131: M\u00fc\u015fterilerimize performans, dayan\u0131kl\u0131l\u0131k ve de\u011fer a\u00e7\u0131s\u0131ndan beklentileri a\u015fan hidrolik silindirler sunmak. Profesyonellik, d\u00fcr\u00fcstl\u00fck ve m\u00fc\u015fteri odakl\u0131l\u0131k ilkeleriyle \u00e7al\u0131\u015f\u0131yoruz. Yenilik\u00e7ilik ve hassasiyet k\u00fclt\u00fcr\u00fcn\u00fc benimseyerek, rekabet\u00e7i bir pazarda \u00f6ne \u00e7\u0131kmak i\u00e7in \u00fcr\u00fcnlerimizi s\u00fcrekli olarak geli\u015ftiriyoruz. Kapsaml\u0131 \u00fcr\u00fcn yelpazemiz ve ki\u015fiye \u00f6zel \u00e7\u00f6z\u00fcmler sunma becerimiz, bizi y\u00fcksek performansl\u0131 hidrolik silindir arayan i\u015fletmeler i\u00e7in vazge\u00e7ilmez k\u0131l\u0131yor.<\/p>\n<p class=\"break-words\">FMP, yaln\u0131zca bir \u00fcreticiden daha fazlas\u0131d\u0131r; ba\u015far\u0131n\u0131z\u0131n orta\u011f\u0131y\u0131z. M\u00fc\u015fterilerimizin \u00fcretkenliklerini ve g\u00fcvenliklerini art\u0131ran ara\u00e7lar sunmam\u0131z i\u00e7in bize g\u00fcvendi\u011finin fark\u0131nday\u0131z. Bu nedenle, yaln\u0131zca birinci s\u0131n\u0131f \u00fcr\u00fcnler sunmakla kalmay\u0131p ayn\u0131 zamanda ola\u011fan\u00fcst\u00fc hizmet de sunmaya kararl\u0131y\u0131z. \u0130lk dan\u0131\u015fmanl\u0131ktan sat\u0131\u015f sonras\u0131 deste\u011fe kadar, ihtiya\u00e7lar\u0131n\u0131n profesyonellik ve \u00f6zenle kar\u015f\u0131lanmas\u0131n\u0131 sa\u011flamak i\u00e7in m\u00fc\u015fterilerimizle yak\u0131n bir \u015fekilde \u00e7al\u0131\u015f\u0131yoruz. Rekabet\u00e7i fiyatlar\u0131m\u0131z ve kaliteye olan sars\u0131lmaz ba\u011fl\u0131l\u0131\u011f\u0131m\u0131z, FMP'yi g\u00fcvenebilecekleri hidrolik \u00e7\u00f6z\u00fcmlere yat\u0131r\u0131m yapmak isteyen \u015firketler i\u00e7in ak\u0131ll\u0131 bir tercih haline getiriyor.<\/p>","protected":false},"excerpt":{"rendered":"<p>Telescopic Multi Stages Tipper Truck Hydraulic Cylinder From FMP Discover the power of hydraulics with our Telescopic Multi Stages Tipper Truck Hydraulic Cylinder. This innovative product From FMP is designed to offer excellent performance, reliability, and longevity, making it a valuable addition to various industries such as manufacturing plants, machinery repair shops, farms, and the [&hellip;]<\/p>","protected":false},"featured_media":6709,"comment_status":"closed","ping_status":"closed","template":"","meta":{"_et_pb_use_builder":"","_et_pb_old_content":"","_et_gb_content_width":""},"product_brand":[],"product_cat":[103],"product_tag":[34,105],"class_list":{"0":"post-6599","1":"product","2":"type-product","3":"status-publish","4":"has-post-thumbnail","6":"product_cat-telescopic-hydraulic-cylinders","7":"product_tag-hydraulic-cylinder","8":"product_tag-telescopic-hydraulic-cylinders","10":"first","11":"instock","12":"product-type-simple"},"_links":{"self":[{"href":"https:\/\/fmp-components.com\/tr\/wp-json\/wp\/v2\/product\/6599","targetHints":{"allow":["GET"]}}],"collection":[{"href":"https:\/\/fmp-components.com\/tr\/wp-json\/wp\/v2\/product"}],"about":[{"href":"https:\/\/fmp-components.com\/tr\/wp-json\/wp\/v2\/types\/product"}],"replies":[{"embeddable":true,"href":"https:\/\/fmp-components.com\/tr\/wp-json\/wp\/v2\/comments?post=6599"}],"wp:featuredmedia":[{"embeddable":true,"href":"https:\/\/fmp-components.com\/tr\/wp-json\/wp\/v2\/media\/6709"}],"wp:attachment":[{"href":"https:\/\/fmp-components.com\/tr\/wp-json\/wp\/v2\/media?parent=6599"}],"wp:term":[{"taxonomy":"product_brand","embeddable":true,"href":"https:\/\/fmp-components.com\/tr\/wp-json\/wp\/v2\/product_brand?post=6599"},{"taxonomy":"product_cat","embeddable":true,"href":"https:\/\/fmp-components.com\/tr\/wp-json\/wp\/v2\/product_cat?post=6599"},{"taxonomy":"product_tag","embeddable":true,"href":"https:\/\/fmp-components.com\/tr\/wp-json\/wp\/v2\/product_tag?post=6599"}],"curies":[{"name":"wp","href":"https:\/\/api.w.org\/{rel}","templated":true}]}}