{"id":6598,"date":"2025-03-11T06:32:38","date_gmt":"2025-03-11T06:32:38","guid":{"rendered":"https:\/\/fmp-components.com\/product\/3-ton-telescopic-multi-stages-trailer-ram-for-agriculture-machinery-from-fmp"},"modified":"2025-03-12T03:06:42","modified_gmt":"2025-03-12T03:06:42","slug":"3-ton-telescopic-multi-stages-trailer-ram-for-agriculture-machinery-from-fmp","status":"publish","type":"product","link":"https:\/\/fmp-components.com\/tr\/product\/3-ton-telescopic-multi-stages-trailer-ram-for-agriculture-machinery-from-fmp\/","title":{"rendered":"FMP'den Tar\u0131m Makineleri \u0130\u00e7in 3 Ton Teleskopik \u00c7ok Kademeli R\u00f6mork Rami"},"content":{"rendered":"<h2>FMP'den Tar\u0131m Makineleri \u0130\u00e7in 3 Ton Teleskopik \u00c7ok Kademeli R\u00f6mork Rami<\/h2>\n<p>FMP'nin y\u00fcksek kaliteli hidrolik silindirlerinin d\u00fcnyas\u0131na ho\u015f geldiniz. 3 Tonluk Teleskopik \u00c7ok Kademeli R\u00f6mork Ram'\u0131m\u0131z, tar\u0131m makineleri i\u00e7in \u00f6zel olarak tasarlanm\u0131\u015f olup \u00fcst\u00fcn performans ve dayan\u0131kl\u0131l\u0131k sunar. Kompakt yap\u0131s\u0131, y\u00fcksek g\u00fcvenilirli\u011fi ve m\u00fckemmel verimlili\u011fi, makine ihtiya\u00e7lar\u0131n\u0131z i\u00e7in m\u00fckemmel bir se\u00e7imdir.<\/p>\n<h3>\u00dcr\u00fcn Detaylar\u0131<\/h3>\n<p>\u00dcr\u00fcn\u00fcm\u00fcz 3 ton ta\u015f\u0131ma kapasitesine sahip olup, 3000 itme ve 600 \u00e7ekme g\u00fcc\u00fcne sahiptir. Hidrolik tahrikli standart bir piston silindir yap\u0131s\u0131na sahiptir. \u00dcr\u00fcn\u00fcn g\u00f6vdesi sa\u011flam \u00e7elikten yap\u0131lm\u0131\u015ft\u0131r. Silindir \u00e7ap\u0131, \u00f6zel ihtiya\u00e7lar\u0131n\u0131za g\u00f6re \u00f6zelle\u015ftirilebilir ve 20 mm ile 250 mm aras\u0131nda de\u011fi\u015fir.<\/p>\n<p>Bu hidrolik silindir ISO9001:2000 sertifikal\u0131d\u0131r ve s\u0131v\u0131 olarak ya\u011f kullan\u0131r. Demir kasa, kontrplak kasa veya karton kutu i\u00e7inde paketlenmi\u015ftir.<\/p>\n<p><img loading=\"lazy\" decoding=\"async\" class=\"alignnone  wp-image-6659\" src=\"https:\/\/fmp-components.com\/wp-content\/uploads\/2025\/03\/telescopic-hydraulic-cylinder-12.webp\" alt=\"teleskopik hidrolik silindir\" width=\"888\" height=\"888\" title=\"\" srcset=\"https:\/\/fmp-components.com\/wp-content\/uploads\/2025\/03\/telescopic-hydraulic-cylinder-12.webp 888w, https:\/\/fmp-components.com\/wp-content\/uploads\/2025\/03\/telescopic-hydraulic-cylinder-12-480x480.webp 480w\" sizes=\"(min-width: 0px) and (max-width: 480px) 480px, (min-width: 481px) 888px, 100vw\" \/><\/p>\n<h3>Temel \u00d6zellikler<\/h3>\n<ul>\n<li>Enerji verimlili\u011fi: Hidrolik silindirlerimiz, enerji t\u00fcketimini en aza indirirken verimlili\u011fi en \u00fcst d\u00fczeye \u00e7\u0131karmak i\u00e7in tasarlanm\u0131\u015ft\u0131r.<\/li>\n<li>Y\u00fcksek Performans: Bu silindirler zorlu ko\u015fullarda bile m\u00fckemmel performans sunar.<\/li>\n<li>G\u00fcvenlik: Sa\u011flam yap\u0131s\u0131 ve y\u00fcksek kaliteli bile\u015fenleri ile bu silindirler her zaman g\u00fcvenli \u00e7al\u0131\u015fma sa\u011flar.<\/li>\n<\/ul>\n<h3>Uygulamalar ve \u00c7al\u0131\u015fma Prensibi<\/h3>\n<p>Hidrolik silindirlerimiz, \u00fcretim tesislerinde, makine tamir at\u00f6lyelerinde, \u00e7iftliklerde ve enerji ve madencilik sekt\u00f6rlerinde yayg\u0131n uygulama alan\u0131na sahiptir. Hidrolik enerjiyi mekanik harekete d\u00f6n\u00fc\u015ft\u00fcrme prensibiyle \u00e7al\u0131\u015fan bu silindirler, end\u00fcstriyel makineleriniz i\u00e7in g\u00fcvenilir bir g\u00fc\u00e7 kayna\u011f\u0131 sa\u011flar.<\/p>\n<h2>Hidrolik Silindirler ve G\u00fc\u00e7 \u00dcniteleri<\/h2>\n<p>Hidrolik silindirler ve g\u00fc\u00e7 \u00fcniteleri, her hidrolik sistemin ayr\u0131lmaz par\u00e7alar\u0131d\u0131r. Birlikte \u00e7al\u0131\u015fmalar\u0131, hidrolik teknolojisinin end\u00fcstriyel sekt\u00f6rde yayg\u0131n olarak kullan\u0131lmas\u0131n\u0131 sa\u011flayarak \u00e7e\u015fitli m\u00fchendislik ve mekanik ekipmanlara g\u00fcvenilir g\u00fc\u00e7 ve kontrol deste\u011fi sa\u011flar. Akt\u00fcat\u00f6r olarak hidrolik silindir, hidrolik enerjiyi mekanik harekete d\u00f6n\u00fc\u015ft\u00fcrerek bas\u0131nc\u0131 kuvvete d\u00f6n\u00fc\u015ft\u00fcr\u00fcr. G\u00fc\u00e7 \u00fcnitesi ise hidrolik sistemin ihtiya\u00e7 duydu\u011fu enerji ve kontrol sinyallerini sa\u011flar. Koordineli \u00e7al\u0131\u015fmalar\u0131, hidrolik sistemin sorunsuz \u00e7al\u0131\u015fmas\u0131n\u0131 sa\u011flar. FMP olarak hem hidrolik silindirler hem de g\u00fc\u00e7 \u00fcniteleri tedarik ediyoruz.<\/p>\n<h2>S\u0131k\u00e7a Sorulan Sorular<\/h2>\n<dl>\n<dt>S1: Hidrolik silindirin delik boyutu \u00f6zelle\u015ftirilebilir mi?<\/dt>\n<dd>A1: Evet, ihtiya\u00e7lar\u0131n\u0131za g\u00f6re delik boyutunu tasarlayabiliriz.<\/dd>\n<dt>S2: Hidrolik silindirin garanti s\u00fcresi nedir?<\/dt>\n<dd>C2: Hidrolik silindirlerimize 1 y\u0131l garanti veriyoruz.<\/dd>\n<dt>S3: Sat\u0131\u015f sonras\u0131 destek sa\u011fl\u0131yor musunuz?<\/dt>\n<dd>C3: Evet, garanti s\u00fcresi dolduktan sonra da online destek sa\u011fl\u0131yoruz.<\/dd>\n<\/dl>\n<h3>FMP Hakk\u0131nda<\/h3>\n<p class=\"break-words\">FMP, y\u00fcksek kaliteli hidrolik silindirlerin tasar\u0131m\u0131, geli\u015ftirilmesi ve \u00fcretiminde uzmanla\u015fm\u0131\u015f lider bir \u0130talyan \u00fcreticisidir. Onlarca y\u0131ll\u0131k uzmanl\u0131\u011fa dayanan zengin bir mirasa sahip olarak, \u0130talyan i\u015f\u00e7ili\u011fini en son teknolojiyle gururla birle\u015ftirerek, k\u00fcresel m\u00fc\u015fterilerimizin \u00e7e\u015fitli ihtiya\u00e7lar\u0131n\u0131 kar\u015f\u0131lamak \u00fczere tasarlanm\u0131\u015f ola\u011fan\u00fcst\u00fc hidrolik \u00e7\u00f6z\u00fcmler sunuyoruz. M\u00fchendislik m\u00fckemmelli\u011finin merkezi \u0130talya'da bulunan FMP, hidrolik sekt\u00f6r\u00fcnde g\u00fcvenilir bir isim olarak \u00f6ne \u00e7\u0131kmakta ve d\u00fcnya \u00e7ap\u0131ndaki i\u015fletmelere g\u00fc\u00e7 katan g\u00fcvenilir, dayan\u0131kl\u0131 ve yenilik\u00e7i \u00fcr\u00fcnler sunmaya kendini adam\u0131\u015ft\u0131r.<\/p>\n<p class=\"break-words\">\u015eirketimiz, ileri d\u00fczey \u00fcretim geleneklerinin en iyilerini ileri g\u00f6r\u00fc\u015fl\u00fc bir yakla\u015f\u0131mla birle\u015ftiriyor. Hidrolik sistemlerdeki uzun y\u0131llara dayanan deneyiminden g\u00fc\u00e7 alan FMP, ara\u015ft\u0131rma, tasar\u0131m ve \u00fcretimde m\u00fckemmellik g\u00f6steren modern bir kurulu\u015fa d\u00f6n\u00fc\u015fm\u00fc\u015ft\u00fcr. \u00c7ift etkili silindirler, otomotiv kald\u0131rma silindirleri, tar\u0131m makineleri silindirleri ve \u00e7e\u015fitli end\u00fcstriyel uygulamalar i\u00e7in \u00f6zel olarak tasarlanm\u0131\u015f \u00e7\u00f6z\u00fcmler de dahil olmak \u00fczere geni\u015f bir hidrolik silindir yelpazesinde uzmanla\u015f\u0131yoruz. \u0130ster in\u015faat, ister end\u00fcstriyel tesisler, ister tar\u0131m veya a\u011f\u0131r makineler olsun, hidrolik silindirlerimiz en zorlu ko\u015fullarda bile g\u00fcvenlik, verimlilik ve uzun \u00f6m\u00fcr sa\u011flayacak \u015fekilde \u00fcretilmi\u015ftir.<\/p>\n<p><img loading=\"lazy\" decoding=\"async\" class=\"alignnone size-full wp-image-6720\" src=\"https:\/\/fmp-components.com\/wp-content\/uploads\/2025\/03\/hydraulic-cylinder-8.webp\" alt=\"Teleskopik Hidrolik Silindirler\" width=\"933\" height=\"526\" title=\"\" srcset=\"https:\/\/fmp-components.com\/wp-content\/uploads\/2025\/03\/hydraulic-cylinder-8.webp 933w, https:\/\/fmp-components.com\/wp-content\/uploads\/2025\/03\/hydraulic-cylinder-8-480x271.webp 480w\" sizes=\"(min-width: 0px) and (max-width: 480px) 480px, (min-width: 481px) 933px, 100vw\" \/><\/p>\n<p class=\"break-words\">FMP olarak, hassas makineler ve geli\u015fmi\u015f test sistemleriyle donat\u0131lm\u0131\u015f son teknoloji \u00fcretim tesislerimizle gurur duyuyoruz. \u00dcretim s\u00fcre\u00e7lerimiz, fabrikam\u0131zdan \u00e7\u0131kan her hidrolik silindirin \u00fcst\u00fcn kalite ve g\u00fcvenilirlikte olmas\u0131n\u0131 sa\u011flayan s\u0131k\u0131 ulusal ve uluslararas\u0131 standartlara uygundur. Son teknoloji ekipmanlarla bir araya gelen yetenekli teknik ekibimiz, hammadde se\u00e7iminden son kontrole kadar \u00fcretimin her a\u015famas\u0131nda s\u0131k\u0131 bir kalite kontrol\u00fc sa\u011flamam\u0131z\u0131 sa\u011flar. M\u00fckemmelli\u011fe olan bu ba\u011fl\u0131l\u0131\u011f\u0131m\u0131z, bize sekt\u00f6r otoritelerinden sertifikalar ve takdirler kazand\u0131rarak, g\u00fcvenilir bir i\u015f orta\u011f\u0131 olarak itibar\u0131m\u0131z\u0131 daha da sa\u011flamla\u015ft\u0131rm\u0131\u015ft\u0131r.<\/p>\n<p class=\"break-words\">Misyonumuz basit ama iddial\u0131: M\u00fc\u015fterilerimize performans, dayan\u0131kl\u0131l\u0131k ve de\u011fer a\u00e7\u0131s\u0131ndan beklentileri a\u015fan hidrolik silindirler sunmak. Profesyonellik, d\u00fcr\u00fcstl\u00fck ve m\u00fc\u015fteri odakl\u0131l\u0131k ilkeleriyle \u00e7al\u0131\u015f\u0131yoruz. Yenilik\u00e7ilik ve hassasiyet k\u00fclt\u00fcr\u00fcn\u00fc benimseyerek, rekabet\u00e7i bir pazarda \u00f6ne \u00e7\u0131kmak i\u00e7in \u00fcr\u00fcnlerimizi s\u00fcrekli olarak geli\u015ftiriyoruz. Kapsaml\u0131 \u00fcr\u00fcn yelpazemiz ve ki\u015fiye \u00f6zel \u00e7\u00f6z\u00fcmler sunma becerimiz, bizi y\u00fcksek performansl\u0131 hidrolik silindir arayan i\u015fletmeler i\u00e7in vazge\u00e7ilmez k\u0131l\u0131yor.<\/p>\n<p class=\"break-words\">FMP, yaln\u0131zca bir \u00fcreticiden daha fazlas\u0131d\u0131r; ba\u015far\u0131n\u0131z\u0131n orta\u011f\u0131y\u0131z. M\u00fc\u015fterilerimizin \u00fcretkenliklerini ve g\u00fcvenliklerini art\u0131ran ara\u00e7lar sunmam\u0131z i\u00e7in bize g\u00fcvendi\u011finin fark\u0131nday\u0131z. Bu nedenle, yaln\u0131zca birinci s\u0131n\u0131f \u00fcr\u00fcnler sunmakla kalmay\u0131p ayn\u0131 zamanda ola\u011fan\u00fcst\u00fc hizmet de sunmaya kararl\u0131y\u0131z. \u0130lk dan\u0131\u015fmanl\u0131ktan sat\u0131\u015f sonras\u0131 deste\u011fe kadar, ihtiya\u00e7lar\u0131n\u0131n profesyonellik ve \u00f6zenle kar\u015f\u0131lanmas\u0131n\u0131 sa\u011flamak i\u00e7in m\u00fc\u015fterilerimizle yak\u0131n bir \u015fekilde \u00e7al\u0131\u015f\u0131yoruz. Rekabet\u00e7i fiyatlar\u0131m\u0131z ve kaliteye olan sars\u0131lmaz ba\u011fl\u0131l\u0131\u011f\u0131m\u0131z, FMP'yi g\u00fcvenebilecekleri hidrolik \u00e7\u00f6z\u00fcmlere yat\u0131r\u0131m yapmak isteyen \u015firketler i\u00e7in ak\u0131ll\u0131 bir tercih haline getiriyor.<\/p>","protected":false},"excerpt":{"rendered":"<p>3 Ton Telescopic Multi Stages Trailer Ram For Agriculture Machinery From FMP Welcome to the world of high-quality hydraulic cylinders From FMP. Our 3 Ton Telescopic Multi Stages Trailer Ram is specifically designed for agricultural machinery, providing superior performance and durability. Its compact structure, high reliability, and excellent efficiency make it the perfect choice for [&hellip;]<\/p>","protected":false},"featured_media":6708,"comment_status":"closed","ping_status":"closed","template":"","meta":{"_et_pb_use_builder":"","_et_pb_old_content":"","_et_gb_content_width":""},"product_brand":[],"product_cat":[103],"product_tag":[34,105],"class_list":{"0":"post-6598","1":"product","2":"type-product","3":"status-publish","4":"has-post-thumbnail","6":"product_cat-telescopic-hydraulic-cylinders","7":"product_tag-hydraulic-cylinder","8":"product_tag-telescopic-hydraulic-cylinders","10":"first","11":"instock","12":"product-type-simple"},"_links":{"self":[{"href":"https:\/\/fmp-components.com\/tr\/wp-json\/wp\/v2\/product\/6598","targetHints":{"allow":["GET"]}}],"collection":[{"href":"https:\/\/fmp-components.com\/tr\/wp-json\/wp\/v2\/product"}],"about":[{"href":"https:\/\/fmp-components.com\/tr\/wp-json\/wp\/v2\/types\/product"}],"replies":[{"embeddable":true,"href":"https:\/\/fmp-components.com\/tr\/wp-json\/wp\/v2\/comments?post=6598"}],"wp:featuredmedia":[{"embeddable":true,"href":"https:\/\/fmp-components.com\/tr\/wp-json\/wp\/v2\/media\/6708"}],"wp:attachment":[{"href":"https:\/\/fmp-components.com\/tr\/wp-json\/wp\/v2\/media?parent=6598"}],"wp:term":[{"taxonomy":"product_brand","embeddable":true,"href":"https:\/\/fmp-components.com\/tr\/wp-json\/wp\/v2\/product_brand?post=6598"},{"taxonomy":"product_cat","embeddable":true,"href":"https:\/\/fmp-components.com\/tr\/wp-json\/wp\/v2\/product_cat?post=6598"},{"taxonomy":"product_tag","embeddable":true,"href":"https:\/\/fmp-components.com\/tr\/wp-json\/wp\/v2\/product_tag?post=6598"}],"curies":[{"name":"wp","href":"https:\/\/api.w.org\/{rel}","templated":true}]}}