{"id":6597,"date":"2025-03-11T06:32:38","date_gmt":"2025-03-11T06:32:38","guid":{"rendered":"https:\/\/fmp-components.com\/product\/italy-manufacture-telescopic-multi-stages-hydraulic-cylinder-for-dump-truck-trailer-and-tipper-truck-from-fmp"},"modified":"2025-03-12T03:03:04","modified_gmt":"2025-03-12T03:03:04","slug":"italy-manufacture-telescopic-multi-stages-hydraulic-cylinder-for-dump-truck-trailer-and-tipper-truck-from-fmp","status":"publish","type":"product","link":"https:\/\/fmp-components.com\/tr\/product\/italy-manufacture-telescopic-multi-stages-hydraulic-cylinder-for-dump-truck-trailer-and-tipper-truck-from-fmp\/","title":{"rendered":"\u0130talya'da FMP'den Damperli Kamyon\/Treyler ve Damperli Kamyonlar \u0130\u00e7in Teleskopik\/\u00c7ok Kademeli Hidrolik Silindir \u00dcretildi"},"content":{"rendered":"<h2>\u0130talya'da FMP'den Damperli Kamyon\/Treyler ve Damperli Kamyonlar \u0130\u00e7in Teleskopik\/\u00c7ok Kademeli Hidrolik Silindir \u00dcretildi<\/h2>\n<p>FMP, damperli kamyon, treyler ve devrilme kamyonlar\u0131 i\u00e7in m\u00fckemmel bir \u00e7\u00f6z\u00fcm olan en verimli ve g\u00fc\u00e7l\u00fc Teleskopik\/\u00c7ok Kademeli Hidrolik Silindiri sunuyor. Bu end\u00fcstriyel s\u0131n\u0131f hidrolik silindir, e\u015fsiz performans ve sa\u011flaml\u0131k sa\u011flamak \u00fczere tasarlanm\u0131\u015ft\u0131r. 2021 y\u0131l\u0131n\u0131n yeni \u00fcr\u00fcn\u00fc olan bu silindir, en geli\u015fmi\u015f teknoloji ve kaliteyi vaat ediyor.<\/p>\n<h3>\u00dcr\u00fcn \u00d6zellikleri ve Teknik \u00d6zellikleri<\/h3>\n<p>Bu hidrolik silindir, bir y\u0131l garantili olup en y\u00fcksek kalitede temel bile\u015fenlere sahiptir. Sa\u011flam \u00e7elik g\u00f6vdesiyle \u00fcretilen bu silindir, ya\u011f ile \u00e7al\u0131\u015f\u0131r ve ISO9001:2000 sertifikas\u0131na sahiptir. Hidrolik g\u00fcc\u00fc sayesinde imalat tesisleri, makine tamir at\u00f6lyeleri, \u00e7iftlikler, enerji ve madencilik sekt\u00f6rleri de dahil olmak \u00fczere \u00e7e\u015fitli sekt\u00f6rler i\u00e7in ideal bir se\u00e7imdir.<\/p>\n<p><img loading=\"lazy\" decoding=\"async\" class=\"alignnone  wp-image-6661\" src=\"https:\/\/fmp-components.com\/wp-content\/uploads\/2025\/03\/telescopic-hydraulic-cylinder-10.webp\" alt=\"teleskopik hidrolik silindir\" width=\"901\" height=\"901\" title=\"\" srcset=\"https:\/\/fmp-components.com\/wp-content\/uploads\/2025\/03\/telescopic-hydraulic-cylinder-10.webp 901w, https:\/\/fmp-components.com\/wp-content\/uploads\/2025\/03\/telescopic-hydraulic-cylinder-10-480x480.webp 480w\" sizes=\"(min-width: 0px) and (max-width: 480px) 480px, (min-width: 481px) 901px, 100vw\" \/><\/p>\n<h3>Benzersiz \u00d6zellikler ve Avantajlar<\/h3>\n<ul>\n<li>Enerji tasarruflu ve y\u00fcksek verimli<\/li>\n<li>A\u011f\u0131r i\u015f makineleri i\u00e7in g\u00fcvenli ve g\u00fcvenilir.<\/li>\n<li>\u00d6zel ihtiya\u00e7lara uyacak \u015fekilde \u00f6zelle\u015ftirilebilir.<\/li>\n<li>Uzun \u00f6m\u00fcrl\u00fc ve dayan\u0131kl\u0131.<\/li>\n<\/ul>\n<h2>Hidrolik Sistem ve \u00c7al\u0131\u015fma Prensibi<\/h2>\n<p>Hidrolik silindir, hidrolik g\u00fcc\u00fc mekanik harekete d\u00f6n\u00fc\u015ft\u00fcrme temel prensibiyle \u00e7al\u0131\u015f\u0131r. Silindir hidrolik s\u0131v\u0131 ile doldurulup bas\u0131n\u00e7land\u0131r\u0131ld\u0131\u011f\u0131nda, bir y\u00fck\u00fc etkili bir \u015fekilde hareket ettirebilecek bir kuvvet \u00fcretir. Bu mekanizma, a\u011f\u0131r nesneleri kald\u0131rmak veya karma\u015f\u0131k end\u00fcstriyel makineleri \u00e7al\u0131\u015ft\u0131rmak gibi \u00e7e\u015fitli uygulamalarda \u00f6zellikle kullan\u0131\u015fl\u0131d\u0131r. Prensip, kapal\u0131 bir s\u0131v\u0131ya uygulanan bas\u0131nc\u0131n her y\u00f6ne e\u015fit olarak iletildi\u011fini belirten Pascal yasas\u0131na dayanmaktad\u0131r. Sonu\u00e7 olarak, az miktarda hidrolik s\u0131v\u0131 giri\u015fi bile \u00f6nemli bir kald\u0131rma g\u00fcc\u00fc \u00fcretebilir; bu da hidrolik silindirleri hem g\u00fc\u00e7 hem de hassasiyet gerektiren i\u015fler i\u00e7in vazge\u00e7ilmez k\u0131lar.<\/p>\n<h2>Hidrolik Silindir Uygulamas\u0131<\/h2>\n<p>FMP'nin hidrolik silindiri, bir\u00e7ok sekt\u00f6rde geni\u015f bir uygulama yelpazesine sahiptir. \u00d6zellikle damperli kamyon ve r\u00f6morklarda, \u00e7ak\u0131l, toprak veya moloz gibi malzemelerin bo\u015falt\u0131lmas\u0131 i\u00e7in gerekli kald\u0131rma ve devirme mekanizmalar\u0131n\u0131 kolayla\u015ft\u0131rd\u0131\u011f\u0131 i\u00e7in etkilidir. \u0130n\u015faat makinelerinde ise hidrolik silindirler, ekskavat\u00f6rler, kaz\u0131c\u0131lar ve buldozerler gibi ekipmanlar\u0131n a\u011f\u0131r kald\u0131rma ve hassas hareketler gerektiren g\u00f6revleri yerine getirmelerini sa\u011flayarak hayati \u00f6neme sahiptir.<\/p>\n<p>Ayr\u0131ca, bu silindirler tar\u0131m makinelerinde yayg\u0131n olarak kullan\u0131lmakta olup, pulluk, tohum ekme makinesi ve tar\u0131m faaliyetleri i\u00e7in gerekli di\u011fer aletlerin kald\u0131r\u0131lmas\u0131 gibi g\u00f6revlerde yard\u0131mc\u0131 olmaktad\u0131r. Hidrolik silindirlerin \u00e7ok y\u00f6nl\u00fcl\u00fc\u011f\u00fc, montaj hatlar\u0131nda ve otomatik s\u00fcre\u00e7lerde kullan\u0131ld\u0131klar\u0131 \u00fcretim tesisleri ve a\u011f\u0131r ekipmanlar\u0131n bak\u0131m i\u00e7in kald\u0131r\u0131lmas\u0131na ve konumland\u0131r\u0131lmas\u0131na yard\u0131mc\u0131 olduklar\u0131 makine tamir at\u00f6lyeleri de dahil olmak \u00fczere \u00e7e\u015fitli sekt\u00f6rlere uzanmaktad\u0131r. Enerji ve madencilik sekt\u00f6rleri de sondaj ve malzeme ta\u015f\u0131ma gibi g\u00f6revler i\u00e7in hidrolik silindirlere g\u00fcvenmekte ve modern end\u00fcstriyel uygulamalardaki vazge\u00e7ilmez rollerini g\u00f6stermektedir.<\/p>\n<p><img loading=\"lazy\" decoding=\"async\" class=\"alignnone size-full wp-image-6660\" src=\"https:\/\/fmp-components.com\/wp-content\/uploads\/2025\/03\/hydraulic-cylinder-workshop-4.webp\" alt=\"teleskopik hidrolik silindir\" width=\"914\" height=\"733\" title=\"\" srcset=\"https:\/\/fmp-components.com\/wp-content\/uploads\/2025\/03\/hydraulic-cylinder-workshop-4.webp 914w, https:\/\/fmp-components.com\/wp-content\/uploads\/2025\/03\/hydraulic-cylinder-workshop-4-480x385.webp 480w\" sizes=\"(min-width: 0px) and (max-width: 480px) 480px, (min-width: 481px) 914px, 100vw\" \/><\/p>\n<h2>Hidrolik Silindirler ve G\u00fc\u00e7 \u00dcniteleri<\/h2>\n<p>Hidrolik silindirler ve g\u00fc\u00e7 \u00fcniteleri, herhangi bir hidrolik sistemin vazge\u00e7ilmez bile\u015fenleridir. Bunlar\u0131n koordineli \u00e7al\u0131\u015fmas\u0131, end\u00fcstriyel alanda hidrolik teknolojisinin etkin uygulanmas\u0131 i\u00e7in hayati \u00f6nem ta\u015f\u0131r ve \u00e7e\u015fitli m\u00fchendislik ve mekanik ekipmanlar i\u00e7in g\u00fcvenilir g\u00fc\u00e7 ve kontrol deste\u011fi sa\u011flar. Hidrolik silindir, hidrolik enerjiyi mekanik harekete d\u00f6n\u00fc\u015ft\u00fcrerek, gerekli g\u00f6revleri hassasiyetle yerine getiren bir akt\u00fcat\u00f6r g\u00f6revi g\u00f6r\u00fcr.<\/p>\n<p>Buna kar\u015f\u0131l\u0131k, g\u00fc\u00e7 \u00fcnitesi hidrolik sistemin enerji santrali g\u00f6revi g\u00f6r\u00fcr ve sistem boyunca s\u0131v\u0131y\u0131 hareket ettirmek ve optimum ak\u0131\u015f h\u0131zlar\u0131n\u0131 korumak i\u00e7in gereken hidrolik bas\u0131nc\u0131 \u00fcretir. Tipik olarak bir motor, pompa, depo ve kontrol vanalar\u0131ndan olu\u015fan g\u00fc\u00e7 \u00fcnitesi, hidrolik silindirin sorunsuz ve verimli bir \u015fekilde \u00e7al\u0131\u015fmas\u0131n\u0131 sa\u011flar. Hidrolik silindir ve g\u00fc\u00e7 \u00fcnitesi aras\u0131ndaki bu sinerji, hidrolik sistemlerin sorunsuz \u00e7al\u0131\u015fmas\u0131 i\u00e7in \u00e7ok \u00f6nemlidir ve end\u00fcstrilerin hidrolik teknolojisinin t\u00fcm potansiyelinden yararlanmas\u0131n\u0131 sa\u011flar. FMP olarak, m\u00fc\u015fterilerimizin \u00f6zel operasyonel ihtiya\u00e7lar\u0131na g\u00f6re uyarlanm\u0131\u015f tamamen entegre hidrolik sistemler olu\u015fturmalar\u0131n\u0131 sa\u011flayan y\u00fcksek kaliteli g\u00fc\u00e7 \u00fcnitelerini de sat\u0131\u015fa sunuyoruz.<\/p>\n<h2>SSS<\/h2>\n<ol>\n<li>S: Hidrolik silindirin garanti s\u00fcresi nedir?<br \/>\nA: Hidrolik silindirlerimiz i\u00e7in bir y\u0131l garanti veriyoruz.<\/li>\n<li>S: Hidrolik silindir \u00f6zelle\u015ftirilebilir mi?<br \/>\nA: Evet, hidrolik silindiri sizin \u00f6zel gereksinimlerinize g\u00f6re tasarlayabilir ve \u00fcretebiliriz.<\/li>\n<li>S: Bu hidrolik silindir hangi end\u00fcstrilerde kullan\u0131labilir?<br \/>\nA: Hidrolik silindir, imalathaneler, makine tamir at\u00f6lyeleri, \u00e7iftlikler, enerji ve madencilik sekt\u00f6rleri gibi \u00e7e\u015fitli end\u00fcstrilerde kullan\u0131labilir.<\/li>\n<\/ol>\n<h3>FMP Hakk\u0131nda<\/h3>\n<p class=\"break-words\">FMP, y\u00fcksek kaliteli hidrolik silindirlerin tasar\u0131m\u0131, geli\u015ftirilmesi ve \u00fcretiminde uzmanla\u015fm\u0131\u015f lider bir \u0130talyan \u00fcreticisidir. Onlarca y\u0131ll\u0131k uzmanl\u0131\u011fa dayanan zengin bir mirasa sahip olarak, \u0130talyan i\u015f\u00e7ili\u011fini en son teknolojiyle gururla birle\u015ftirerek, k\u00fcresel m\u00fc\u015fterilerimizin \u00e7e\u015fitli ihtiya\u00e7lar\u0131n\u0131 kar\u015f\u0131lamak \u00fczere tasarlanm\u0131\u015f ola\u011fan\u00fcst\u00fc hidrolik \u00e7\u00f6z\u00fcmler sunuyoruz. M\u00fchendislik m\u00fckemmelli\u011finin merkezi \u0130talya'da bulunan FMP, hidrolik sekt\u00f6r\u00fcnde g\u00fcvenilir bir isim olarak \u00f6ne \u00e7\u0131kmakta ve d\u00fcnya \u00e7ap\u0131ndaki i\u015fletmelere g\u00fc\u00e7 katan g\u00fcvenilir, dayan\u0131kl\u0131 ve yenilik\u00e7i \u00fcr\u00fcnler sunmaya kendini adam\u0131\u015ft\u0131r.<\/p>\n<p class=\"break-words\">\u015eirketimiz, ileri d\u00fczey \u00fcretim geleneklerinin en iyilerini ileri g\u00f6r\u00fc\u015fl\u00fc bir yakla\u015f\u0131mla birle\u015ftiriyor. Hidrolik sistemlerdeki uzun y\u0131llara dayanan deneyiminden g\u00fc\u00e7 alan FMP, ara\u015ft\u0131rma, tasar\u0131m ve \u00fcretimde m\u00fckemmellik g\u00f6steren modern bir kurulu\u015fa d\u00f6n\u00fc\u015fm\u00fc\u015ft\u00fcr. \u00c7ift etkili silindirler, otomotiv kald\u0131rma silindirleri, tar\u0131m makineleri silindirleri ve \u00e7e\u015fitli end\u00fcstriyel uygulamalar i\u00e7in \u00f6zel olarak tasarlanm\u0131\u015f \u00e7\u00f6z\u00fcmler de dahil olmak \u00fczere geni\u015f bir hidrolik silindir yelpazesinde uzmanla\u015f\u0131yoruz. \u0130ster in\u015faat, ister end\u00fcstriyel tesisler, ister tar\u0131m veya a\u011f\u0131r makineler olsun, hidrolik silindirlerimiz en zorlu ko\u015fullarda bile g\u00fcvenlik, verimlilik ve uzun \u00f6m\u00fcr sa\u011flayacak \u015fekilde \u00fcretilmi\u015ftir.<\/p>\n<p><img loading=\"lazy\" decoding=\"async\" class=\"alignnone size-full wp-image-6720\" src=\"https:\/\/fmp-components.com\/wp-content\/uploads\/2025\/03\/hydraulic-cylinder-8.webp\" alt=\"Teleskopik Hidrolik Silindirler\" width=\"933\" height=\"526\" title=\"\" srcset=\"https:\/\/fmp-components.com\/wp-content\/uploads\/2025\/03\/hydraulic-cylinder-8.webp 933w, https:\/\/fmp-components.com\/wp-content\/uploads\/2025\/03\/hydraulic-cylinder-8-480x271.webp 480w\" sizes=\"(min-width: 0px) and (max-width: 480px) 480px, (min-width: 481px) 933px, 100vw\" \/><\/p>\n<p class=\"break-words\">FMP olarak, hassas makineler ve geli\u015fmi\u015f test sistemleriyle donat\u0131lm\u0131\u015f son teknoloji \u00fcretim tesislerimizle gurur duyuyoruz. \u00dcretim s\u00fcre\u00e7lerimiz, fabrikam\u0131zdan \u00e7\u0131kan her hidrolik silindirin \u00fcst\u00fcn kalite ve g\u00fcvenilirlikte olmas\u0131n\u0131 sa\u011flayan s\u0131k\u0131 ulusal ve uluslararas\u0131 standartlara uygundur. Son teknoloji ekipmanlarla bir araya gelen yetenekli teknik ekibimiz, hammadde se\u00e7iminden son kontrole kadar \u00fcretimin her a\u015famas\u0131nda s\u0131k\u0131 bir kalite kontrol\u00fc sa\u011flamam\u0131z\u0131 sa\u011flar. M\u00fckemmelli\u011fe olan bu ba\u011fl\u0131l\u0131\u011f\u0131m\u0131z, bize sekt\u00f6r otoritelerinden sertifikalar ve takdirler kazand\u0131rarak, g\u00fcvenilir bir i\u015f orta\u011f\u0131 olarak itibar\u0131m\u0131z\u0131 daha da sa\u011flamla\u015ft\u0131rm\u0131\u015ft\u0131r.<\/p>\n<p class=\"break-words\">Misyonumuz basit ama iddial\u0131: M\u00fc\u015fterilerimize performans, dayan\u0131kl\u0131l\u0131k ve de\u011fer a\u00e7\u0131s\u0131ndan beklentileri a\u015fan hidrolik silindirler sunmak. Profesyonellik, d\u00fcr\u00fcstl\u00fck ve m\u00fc\u015fteri odakl\u0131l\u0131k ilkeleriyle \u00e7al\u0131\u015f\u0131yoruz. Yenilik\u00e7ilik ve hassasiyet k\u00fclt\u00fcr\u00fcn\u00fc benimseyerek, rekabet\u00e7i bir pazarda \u00f6ne \u00e7\u0131kmak i\u00e7in \u00fcr\u00fcnlerimizi s\u00fcrekli olarak geli\u015ftiriyoruz. Kapsaml\u0131 \u00fcr\u00fcn yelpazemiz ve ki\u015fiye \u00f6zel \u00e7\u00f6z\u00fcmler sunma becerimiz, bizi y\u00fcksek performansl\u0131 hidrolik silindir arayan i\u015fletmeler i\u00e7in vazge\u00e7ilmez k\u0131l\u0131yor.<\/p>\n<p class=\"break-words\">FMP, yaln\u0131zca bir \u00fcreticiden daha fazlas\u0131d\u0131r; ba\u015far\u0131n\u0131z\u0131n orta\u011f\u0131y\u0131z. M\u00fc\u015fterilerimizin \u00fcretkenliklerini ve g\u00fcvenliklerini art\u0131ran ara\u00e7lar sunmam\u0131z i\u00e7in bize g\u00fcvendi\u011finin fark\u0131nday\u0131z. Bu nedenle, yaln\u0131zca birinci s\u0131n\u0131f \u00fcr\u00fcnler sunmakla kalmay\u0131p ayn\u0131 zamanda ola\u011fan\u00fcst\u00fc hizmet de sunmaya kararl\u0131y\u0131z. \u0130lk dan\u0131\u015fmanl\u0131ktan sat\u0131\u015f sonras\u0131 deste\u011fe kadar, ihtiya\u00e7lar\u0131n\u0131n profesyonellik ve \u00f6zenle kar\u015f\u0131lanmas\u0131n\u0131 sa\u011flamak i\u00e7in m\u00fc\u015fterilerimizle yak\u0131n bir \u015fekilde \u00e7al\u0131\u015f\u0131yoruz. Rekabet\u00e7i fiyatlar\u0131m\u0131z ve kaliteye olan sars\u0131lmaz ba\u011fl\u0131l\u0131\u011f\u0131m\u0131z, FMP'yi g\u00fcvenebilecekleri hidrolik \u00e7\u00f6z\u00fcmlere yat\u0131r\u0131m yapmak isteyen \u015firketler i\u00e7in ak\u0131ll\u0131 bir tercih haline getiriyor.<\/p>","protected":false},"excerpt":{"rendered":"<p>Italy Manufacture Telescopic \/Multi Stages Hydraulic Cylinder For Dump Truck \/Trailer and Tipper Truck From FMP FMP brings you the most efficient and powerful Telescopic\/Multi Stages Hydraulic Cylinder, a perfect solution for dump truck, trailer, and tipper truck. This industry-grade hydraulic cylinder is designed to provide unmatched performance and sturdiness. It&#8217;s a new product of [&hellip;]<\/p>","protected":false},"featured_media":6707,"comment_status":"closed","ping_status":"closed","template":"","meta":{"_et_pb_use_builder":"","_et_pb_old_content":"","_et_gb_content_width":""},"product_brand":[],"product_cat":[103],"product_tag":[34,105],"class_list":{"0":"post-6597","1":"product","2":"type-product","3":"status-publish","4":"has-post-thumbnail","6":"product_cat-telescopic-hydraulic-cylinders","7":"product_tag-hydraulic-cylinder","8":"product_tag-telescopic-hydraulic-cylinders","10":"first","11":"instock","12":"product-type-simple"},"_links":{"self":[{"href":"https:\/\/fmp-components.com\/tr\/wp-json\/wp\/v2\/product\/6597","targetHints":{"allow":["GET"]}}],"collection":[{"href":"https:\/\/fmp-components.com\/tr\/wp-json\/wp\/v2\/product"}],"about":[{"href":"https:\/\/fmp-components.com\/tr\/wp-json\/wp\/v2\/types\/product"}],"replies":[{"embeddable":true,"href":"https:\/\/fmp-components.com\/tr\/wp-json\/wp\/v2\/comments?post=6597"}],"wp:featuredmedia":[{"embeddable":true,"href":"https:\/\/fmp-components.com\/tr\/wp-json\/wp\/v2\/media\/6707"}],"wp:attachment":[{"href":"https:\/\/fmp-components.com\/tr\/wp-json\/wp\/v2\/media?parent=6597"}],"wp:term":[{"taxonomy":"product_brand","embeddable":true,"href":"https:\/\/fmp-components.com\/tr\/wp-json\/wp\/v2\/product_brand?post=6597"},{"taxonomy":"product_cat","embeddable":true,"href":"https:\/\/fmp-components.com\/tr\/wp-json\/wp\/v2\/product_cat?post=6597"},{"taxonomy":"product_tag","embeddable":true,"href":"https:\/\/fmp-components.com\/tr\/wp-json\/wp\/v2\/product_tag?post=6597"}],"curies":[{"name":"wp","href":"https:\/\/api.w.org\/{rel}","templated":true}]}}