{"id":6595,"date":"2025-03-11T06:32:38","date_gmt":"2025-03-11T06:32:38","guid":{"rendered":"https:\/\/fmp-components.com\/product\/factory-serving-stainless-steel-hydraulic-cylinder-for-seeder"},"modified":"2025-03-12T02:50:08","modified_gmt":"2025-03-12T02:50:08","slug":"factory-serving-stainless-steel-hydraulic-cylinder-for-seeder","status":"publish","type":"product","link":"https:\/\/fmp-components.com\/tr\/product\/factory-serving-stainless-steel-hydraulic-cylinder-for-seeder\/","title":{"rendered":"Ekim Makinesi \u0130\u00e7in Fabrika Servis Paslanmaz \u00c7elik Hidrolik Silindir"},"content":{"rendered":"<h2>Ekim Makinesi \u0130\u00e7in Fabrika Servis Paslanmaz \u00c7elik Hidrolik Silindir<\/h2>\n<p>FMP, hidrolik teknolojisinde \u00e7\u0131\u011f\u0131r a\u00e7an yeni paslanmaz \u00e7elik ekim makinesi hidrolik silindirini sunuyor. M\u00fckemmellik i\u00e7in tasarlanan bu g\u00fc\u00e7l\u00fc makine, \u00e7iftliklerde, makine tamir at\u00f6lyelerinde, enerji ve madencilik sekt\u00f6rlerinde ve makine imalat\u0131nda \u00e7al\u0131\u015fma \u015feklinizi de\u011fi\u015ftirecek. \u00dcst d\u00fczey \u00f6zellikleri ve sa\u011flam yap\u0131s\u0131, maksimum verimlilik ve uzun \u00f6m\u00fcr sa\u011fl\u0131yor.<\/p>\n<h2>Teknik \u00d6zellikler<\/h2>\n<p>Hidrolik silindir, \u00e7e\u015fitli sekt\u00f6rlerin y\u00fcksek talepleri g\u00f6z \u00f6n\u00fcnde bulundurularak \u00f6zenle tasarlanm\u0131\u015ft\u0131r. \u00dcr\u00fcn 1 y\u0131l garantilidir ve 38 kg a\u011f\u0131rl\u0131\u011f\u0131ndad\u0131r. Ayr\u0131nt\u0131l\u0131 teknik \u00f6zellikleri a\u015fa\u011f\u0131dad\u0131r:<\/p>\n<table style=\"width: 100.51%;\" border=\"\">\n<tbody>\n<tr>\n<td style=\"width: 42.9379%;\"><i>Delik Boyutu<\/i><\/td>\n<td style=\"width: 476.836%;\">2-6 in\u00e7<\/td>\n<\/tr>\n<tr>\n<td style=\"width: 42.9379%;\"><i>\u00c7ubuk Boyutu<\/i><\/td>\n<td style=\"width: 476.836%;\">1.125-4 in\u00e7<\/td>\n<\/tr>\n<tr>\n<td style=\"width: 42.9379%;\"><i>Vuru\u015f Boyutu<\/i><\/td>\n<td style=\"width: 476.836%;\">4-100 in\u00e7<\/td>\n<\/tr>\n<tr>\n<td style=\"width: 42.9379%;\"><i>Pin Boyutu<\/i><\/td>\n<td style=\"width: 476.836%;\">0,5-2 in\u00e7<\/td>\n<\/tr>\n<tr>\n<td style=\"width: 42.9379%;\"><i>Limanlar<\/i><\/td>\n<td style=\"width: 476.836%;\">G\/SAE\/NPT\/M<\/td>\n<\/tr>\n<\/tbody>\n<\/table>\n<h2>Benzersiz \u00d6zellikler ve Avantajlar<\/h2>\n<ul>\n<li>Enerji verimlili\u011fi<\/li>\n<li>Y\u00fcksek verimlilik ve performans<\/li>\n<li>G\u00fcvenli ve g\u00fcvenilir<\/li>\n<li>Piston silindirli standart yap\u0131<\/li>\n<li>Maksimum itme: 3000 ve maksimum \u00e7ekme: 20 ton<\/li>\n<li>ISO9001:2000 sertifikal\u0131<\/li>\n<\/ul>\n<h3>Hidrolik Sistemlerin \u00c7al\u0131\u015fma Prensibi<\/h3>\n<p>Hidrolik silindir, do\u011frusal hareketle sonu\u00e7lanan bas\u0131n\u00e7l\u0131 s\u0131v\u0131n\u0131n temel prensibine g\u00f6re \u00e7al\u0131\u015f\u0131r. Hidrolik s\u0131v\u0131 silindire verildi\u011finde, bir g\u00fc\u00e7 \u00fcnitesi taraf\u0131ndan bas\u0131n\u00e7land\u0131r\u0131l\u0131r ve silindir i\u00e7indeki pistona etki eden bir kuvvet olu\u015fturulur. Bu kuvvet, pistonu do\u011frusal bir y\u00f6nde iterek kontroll\u00fc hareket sa\u011flar. Hidrolik sistemlerin benzersiz tasar\u0131m\u0131, az miktarda s\u0131v\u0131n\u0131n bile \u00f6nemli bir kuvvet \u00fcretebilmesini sa\u011flayarak a\u011f\u0131r y\u00fckleri kald\u0131rma veya itme gerektiren g\u00f6revler i\u00e7in olduk\u00e7a etkilidir. Bu ak\u0131\u015fkan dinami\u011fi prensibi, hidrolik silindirlerin \u00e7e\u015fitli uygulamalarda hassas ve g\u00fcvenilir performans g\u00f6stermesini sa\u011flar.<\/p>\n<p><img loading=\"lazy\" decoding=\"async\" class=\"alignnone  wp-image-6664\" src=\"https:\/\/fmp-components.com\/wp-content\/uploads\/2025\/03\/telescopic-hydraulic-cylinder-8.webp\" alt=\"teleskopik hidrolik silindir\" width=\"884\" height=\"884\" title=\"\" srcset=\"https:\/\/fmp-components.com\/wp-content\/uploads\/2025\/03\/telescopic-hydraulic-cylinder-8.webp 884w, https:\/\/fmp-components.com\/wp-content\/uploads\/2025\/03\/telescopic-hydraulic-cylinder-8-480x480.webp 480w\" sizes=\"(min-width: 0px) and (max-width: 480px) 480px, (min-width: 481px) 884px, 100vw\" \/><\/p>\n<h3>Uygulama Alanlar\u0131<\/h3>\n<p>Bu \u00e7ok kademeli hidrolik silindir, \u00f6zellikle g\u00fc\u00e7l\u00fc kald\u0131rma ve hareket kabiliyetleri gerektiren end\u00fcstrilerde olmak \u00fczere \u00e7ok \u00e7e\u015fitli uygulamalar i\u00e7in m\u00fckemmeldir. \u00d6rne\u011fin, \u00e7ak\u0131l, kum veya in\u015faat at\u0131klar\u0131 gibi a\u011f\u0131r malzemelerin bo\u015falt\u0131lmas\u0131 i\u00e7in gerekli olan devrilme mekanizmas\u0131n\u0131 kolayla\u015ft\u0131rd\u0131\u011f\u0131 damperli r\u00f6morklarda kullan\u0131m i\u00e7in idealdir. Ayr\u0131ca, y\u00fcksek kapasitesi ve uzun stro\u011fu, a\u011f\u0131r ekipmanlar\u0131 bak\u0131m ve onar\u0131m i\u00e7in kald\u0131r\u0131p konumland\u0131rabildi\u011fi makine tamir at\u00f6lyeleri i\u00e7in de uygundur. Tar\u0131m sekt\u00f6r\u00fcnde, bu hidrolik silindir, trakt\u00f6r ve y\u00fckleyici gibi ekipmanlar\u0131n \u00e7al\u0131\u015ft\u0131r\u0131lmas\u0131 i\u00e7in paha bi\u00e7ilmezdir ve \u00e7ift\u00e7ilerin \u00e7e\u015fitli g\u00f6revleri verimli bir \u015fekilde ger\u00e7ekle\u015ftirmelerini sa\u011flar. Enerji ve madencilik end\u00fcstrileri de, g\u00fcvenilir kald\u0131rma g\u00fcc\u00fcn\u00fcn hayati \u00f6nem ta\u015f\u0131d\u0131\u011f\u0131 sondaj ve kaz\u0131 ekipmanlar\u0131nda kullan\u0131m\u0131ndan faydalan\u0131r. Genel olarak, bu \u00e7ok kademeli hidrolik silindir, a\u011f\u0131r hizmet uygulamalar\u0131 i\u00e7in gereken mukavemeti ve \u00e7ok y\u00f6nl\u00fcl\u00fc\u011f\u00fc sa\u011flayarak \u00e7e\u015fitli sekt\u00f6rlerin zorlu ihtiya\u00e7lar\u0131n\u0131 kar\u015f\u0131lamak \u00fczere tasarlanm\u0131\u015ft\u0131r.<\/p>\n<h2>Hidrolik Silindirler ve G\u00fc\u00e7 \u00dcniteleri<\/h2>\n<p>Hidrolik silindirler ve g\u00fc\u00e7 \u00fcniteleri, optimum performans ve verimlilik sa\u011flamak i\u00e7in birlikte \u00e7al\u0131\u015fan her hidrolik sistemin ayr\u0131lmaz par\u00e7alar\u0131d\u0131r. Hidrolik silindir, hidrolik enerjiyi mekanik harekete d\u00f6n\u00fc\u015ft\u00fcrmekten sorumlu akt\u00fcat\u00f6r g\u00f6revi g\u00f6r\u00fcr. Hidrolik s\u0131v\u0131n\u0131n \u00fcretti\u011fi bas\u0131nc\u0131 do\u011frusal harekete d\u00f6n\u00fc\u015ft\u00fcrerek, kald\u0131rma, itme veya \u00e7ekme gibi g\u00f6revleri b\u00fcy\u00fck bir kuvvetle ger\u00e7ekle\u015ftirmesini sa\u011flar.<\/p>\n<p>\u00d6te yandan, g\u00fc\u00e7 \u00fcnitesi hidrolik sistemin kalbi olarak g\u00f6rev yapar. S\u0131v\u0131y\u0131 sistem i\u00e7inde hareket ettirmek ve tutarl\u0131 ak\u0131\u015f h\u0131zlar\u0131n\u0131 korumak i\u00e7in gereken hidrolik bas\u0131nc\u0131 \u00fcretmekten sorumludur. Genellikle bir motor, pompa, rezervuar ve kontrol valflerinden olu\u015fan g\u00fc\u00e7 \u00fcnitesi, hidrolik silindirin sorunsuz ve verimli bir \u015fekilde \u00e7al\u0131\u015fmas\u0131n\u0131 sa\u011flar. Bu iki bile\u015fen aras\u0131ndaki sinerji, hidrolik sistemlerin etkili \u00e7al\u0131\u015fmas\u0131 i\u00e7in olmazsa olmazd\u0131r ve end\u00fcstrilerin hidrolik teknolojisinden \u00e7ok \u00e7e\u015fitli uygulamalar i\u00e7in yararlanmas\u0131n\u0131 sa\u011flar. \u0130\u015fletmeler, hem hidrolik silindirler hem de g\u00fc\u00e7 \u00fcniteleri sa\u011flayarak, operasyonlar\u0131nda \u00fcretkenli\u011fi ve performans\u0131 art\u0131ran tamamen entegre sistemler olu\u015fturabilirler.<\/p>\n<p><img loading=\"lazy\" decoding=\"async\" class=\"alignnone  wp-image-6663\" src=\"https:\/\/fmp-components.com\/wp-content\/uploads\/2025\/03\/telescopic-hydraulic-cylinder-11.webp\" alt=\"teleskopik hidrolik silindir\" width=\"930\" height=\"930\" title=\"\" srcset=\"https:\/\/fmp-components.com\/wp-content\/uploads\/2025\/03\/telescopic-hydraulic-cylinder-11.webp 930w, https:\/\/fmp-components.com\/wp-content\/uploads\/2025\/03\/telescopic-hydraulic-cylinder-11-480x480.webp 480w\" sizes=\"(min-width: 0px) and (max-width: 480px) 480px, (min-width: 481px) 930px, 100vw\" \/><\/p>\n<h2>SSS<\/h2>\n<p>S: Siz bir ticaret \u015firketi misiniz yoksa \u00fcretici misiniz?<br \/>\nA: Biz bir fabrikay\u0131z.<\/p>\n<p>S: Teslimat s\u00fcreniz ne kadard\u0131r?<br \/>\nA: Genellikle 25-35 g\u00fcnd\u00fcr.<br \/>\n<img alt=\"\" \/><br \/>\nS: Numune sa\u011fl\u0131yor musunuz? \u00dccretsiz mi yoksa ekstra m\u0131?<br \/>\nC: Evet, numune sunabiliriz ancak \u00fccretsiz de\u011fil.<\/p>\n<h3>FMP Hakk\u0131nda<\/h3>\n<p class=\"break-words\">FMP, y\u00fcksek kaliteli hidrolik silindirlerin tasar\u0131m\u0131, geli\u015ftirilmesi ve \u00fcretiminde uzmanla\u015fm\u0131\u015f lider bir \u0130talyan \u00fcreticisidir. Onlarca y\u0131ll\u0131k uzmanl\u0131\u011fa dayanan zengin bir mirasa sahip olarak, \u0130talyan i\u015f\u00e7ili\u011fini en son teknolojiyle gururla birle\u015ftirerek, k\u00fcresel m\u00fc\u015fterilerimizin \u00e7e\u015fitli ihtiya\u00e7lar\u0131n\u0131 kar\u015f\u0131lamak \u00fczere tasarlanm\u0131\u015f ola\u011fan\u00fcst\u00fc hidrolik \u00e7\u00f6z\u00fcmler sunuyoruz. M\u00fchendislik m\u00fckemmelli\u011finin merkezi \u0130talya'da bulunan FMP, hidrolik sekt\u00f6r\u00fcnde g\u00fcvenilir bir isim olarak \u00f6ne \u00e7\u0131kmakta ve d\u00fcnya \u00e7ap\u0131ndaki i\u015fletmelere g\u00fc\u00e7 katan g\u00fcvenilir, dayan\u0131kl\u0131 ve yenilik\u00e7i \u00fcr\u00fcnler sunmaya kendini adam\u0131\u015ft\u0131r.<\/p>\n<p class=\"break-words\">\u015eirketimiz, ileri d\u00fczey \u00fcretim geleneklerinin en iyilerini ileri g\u00f6r\u00fc\u015fl\u00fc bir yakla\u015f\u0131mla birle\u015ftiriyor. Hidrolik sistemlerdeki uzun y\u0131llara dayanan deneyiminden g\u00fc\u00e7 alan FMP, ara\u015ft\u0131rma, tasar\u0131m ve \u00fcretimde m\u00fckemmellik g\u00f6steren modern bir kurulu\u015fa d\u00f6n\u00fc\u015fm\u00fc\u015ft\u00fcr. \u00c7ift etkili silindirler, otomotiv kald\u0131rma silindirleri, tar\u0131m makineleri silindirleri ve \u00e7e\u015fitli end\u00fcstriyel uygulamalar i\u00e7in \u00f6zel olarak tasarlanm\u0131\u015f \u00e7\u00f6z\u00fcmler de dahil olmak \u00fczere geni\u015f bir hidrolik silindir yelpazesinde uzmanla\u015f\u0131yoruz. \u0130ster in\u015faat, ister end\u00fcstriyel tesisler, ister tar\u0131m veya a\u011f\u0131r makineler olsun, hidrolik silindirlerimiz en zorlu ko\u015fullarda bile g\u00fcvenlik, verimlilik ve uzun \u00f6m\u00fcr sa\u011flayacak \u015fekilde \u00fcretilmi\u015ftir.<\/p>\n<p><img loading=\"lazy\" decoding=\"async\" class=\"alignnone size-full wp-image-6720\" src=\"https:\/\/fmp-components.com\/wp-content\/uploads\/2025\/03\/hydraulic-cylinder-8.webp\" alt=\"Teleskopik Hidrolik Silindirler\" width=\"933\" height=\"526\" title=\"\" srcset=\"https:\/\/fmp-components.com\/wp-content\/uploads\/2025\/03\/hydraulic-cylinder-8.webp 933w, https:\/\/fmp-components.com\/wp-content\/uploads\/2025\/03\/hydraulic-cylinder-8-480x271.webp 480w\" sizes=\"(min-width: 0px) and (max-width: 480px) 480px, (min-width: 481px) 933px, 100vw\" \/><\/p>\n<p class=\"break-words\">FMP olarak, hassas makineler ve geli\u015fmi\u015f test sistemleriyle donat\u0131lm\u0131\u015f son teknoloji \u00fcretim tesislerimizle gurur duyuyoruz. \u00dcretim s\u00fcre\u00e7lerimiz, fabrikam\u0131zdan \u00e7\u0131kan her hidrolik silindirin \u00fcst\u00fcn kalite ve g\u00fcvenilirlikte olmas\u0131n\u0131 sa\u011flayan s\u0131k\u0131 ulusal ve uluslararas\u0131 standartlara uygundur. Son teknoloji ekipmanlarla bir araya gelen yetenekli teknik ekibimiz, hammadde se\u00e7iminden son kontrole kadar \u00fcretimin her a\u015famas\u0131nda s\u0131k\u0131 bir kalite kontrol\u00fc sa\u011flamam\u0131z\u0131 sa\u011flar. M\u00fckemmelli\u011fe olan bu ba\u011fl\u0131l\u0131\u011f\u0131m\u0131z, bize sekt\u00f6r otoritelerinden sertifikalar ve takdirler kazand\u0131rarak, g\u00fcvenilir bir i\u015f orta\u011f\u0131 olarak itibar\u0131m\u0131z\u0131 daha da sa\u011flamla\u015ft\u0131rm\u0131\u015ft\u0131r.<\/p>\n<p class=\"break-words\">Misyonumuz basit ama iddial\u0131: M\u00fc\u015fterilerimize performans, dayan\u0131kl\u0131l\u0131k ve de\u011fer a\u00e7\u0131s\u0131ndan beklentileri a\u015fan hidrolik silindirler sunmak. Profesyonellik, d\u00fcr\u00fcstl\u00fck ve m\u00fc\u015fteri odakl\u0131l\u0131k ilkeleriyle \u00e7al\u0131\u015f\u0131yoruz. Yenilik\u00e7ilik ve hassasiyet k\u00fclt\u00fcr\u00fcn\u00fc benimseyerek, rekabet\u00e7i bir pazarda \u00f6ne \u00e7\u0131kmak i\u00e7in \u00fcr\u00fcnlerimizi s\u00fcrekli olarak geli\u015ftiriyoruz. Kapsaml\u0131 \u00fcr\u00fcn yelpazemiz ve ki\u015fiye \u00f6zel \u00e7\u00f6z\u00fcmler sunma becerimiz, bizi y\u00fcksek performansl\u0131 hidrolik silindir arayan i\u015fletmeler i\u00e7in vazge\u00e7ilmez k\u0131l\u0131yor.<\/p>\n<p class=\"break-words\">FMP, yaln\u0131zca bir \u00fcreticiden daha fazlas\u0131d\u0131r; ba\u015far\u0131n\u0131z\u0131n orta\u011f\u0131y\u0131z. M\u00fc\u015fterilerimizin \u00fcretkenliklerini ve g\u00fcvenliklerini art\u0131ran ara\u00e7lar sunmam\u0131z i\u00e7in bize g\u00fcvendi\u011finin fark\u0131nday\u0131z. Bu nedenle, yaln\u0131zca birinci s\u0131n\u0131f \u00fcr\u00fcnler sunmakla kalmay\u0131p ayn\u0131 zamanda ola\u011fan\u00fcst\u00fc hizmet de sunmaya kararl\u0131y\u0131z. \u0130lk dan\u0131\u015fmanl\u0131ktan sat\u0131\u015f sonras\u0131 deste\u011fe kadar, ihtiya\u00e7lar\u0131n\u0131n profesyonellik ve \u00f6zenle kar\u015f\u0131lanmas\u0131n\u0131 sa\u011flamak i\u00e7in m\u00fc\u015fterilerimizle yak\u0131n bir \u015fekilde \u00e7al\u0131\u015f\u0131yoruz. Rekabet\u00e7i fiyatlar\u0131m\u0131z ve kaliteye olan sars\u0131lmaz ba\u011fl\u0131l\u0131\u011f\u0131m\u0131z, FMP'yi g\u00fcvenebilecekleri hidrolik \u00e7\u00f6z\u00fcmlere yat\u0131r\u0131m yapmak isteyen \u015firketler i\u00e7in ak\u0131ll\u0131 bir tercih haline getiriyor.<\/p>","protected":false},"excerpt":{"rendered":"<p>Factory Serving Stainless Steel Hydraulic Cylinder For Seeder FMP brings you the new stainless steel hydraulic cylinder for seeder, a breakthrough in hydraulic technology. Made for perfection, this powerhouse is set to change the way you work in farms, machinery repair shops, energy &amp; mining sectors, and machinery manufacturing. Its high-end features and robust build [&hellip;]<\/p>","protected":false},"featured_media":6705,"comment_status":"closed","ping_status":"closed","template":"","meta":{"_et_pb_use_builder":"","_et_pb_old_content":"","_et_gb_content_width":""},"product_brand":[],"product_cat":[103],"product_tag":[34,105],"class_list":{"0":"post-6595","1":"product","2":"type-product","3":"status-publish","4":"has-post-thumbnail","6":"product_cat-telescopic-hydraulic-cylinders","7":"product_tag-hydraulic-cylinder","8":"product_tag-telescopic-hydraulic-cylinders","10":"first","11":"instock","12":"product-type-simple"},"_links":{"self":[{"href":"https:\/\/fmp-components.com\/tr\/wp-json\/wp\/v2\/product\/6595","targetHints":{"allow":["GET"]}}],"collection":[{"href":"https:\/\/fmp-components.com\/tr\/wp-json\/wp\/v2\/product"}],"about":[{"href":"https:\/\/fmp-components.com\/tr\/wp-json\/wp\/v2\/types\/product"}],"replies":[{"embeddable":true,"href":"https:\/\/fmp-components.com\/tr\/wp-json\/wp\/v2\/comments?post=6595"}],"wp:featuredmedia":[{"embeddable":true,"href":"https:\/\/fmp-components.com\/tr\/wp-json\/wp\/v2\/media\/6705"}],"wp:attachment":[{"href":"https:\/\/fmp-components.com\/tr\/wp-json\/wp\/v2\/media?parent=6595"}],"wp:term":[{"taxonomy":"product_brand","embeddable":true,"href":"https:\/\/fmp-components.com\/tr\/wp-json\/wp\/v2\/product_brand?post=6595"},{"taxonomy":"product_cat","embeddable":true,"href":"https:\/\/fmp-components.com\/tr\/wp-json\/wp\/v2\/product_cat?post=6595"},{"taxonomy":"product_tag","embeddable":true,"href":"https:\/\/fmp-components.com\/tr\/wp-json\/wp\/v2\/product_tag?post=6595"}],"curies":[{"name":"wp","href":"https:\/\/api.w.org\/{rel}","templated":true}]}}