{"id":6579,"date":"2025-03-11T06:31:13","date_gmt":"2025-03-11T06:31:13","guid":{"rendered":"https:\/\/fmp-components.com\/product\/chinese-factory-dump-trailer-multi-stage-telescopic-hydraulic-cylinder"},"modified":"2025-03-12T05:28:10","modified_gmt":"2025-03-12T05:28:10","slug":"italian-factory-dump-trailer-multi-stage-telescopic-hydraulic-cylinder","status":"publish","type":"product","link":"https:\/\/fmp-components.com\/tr\/product\/italian-factory-dump-trailer-multi-stage-telescopic-hydraulic-cylinder\/","title":{"rendered":"\u0130talyan Fabrika Damperli R\u00f6mork \u00c7ok Kademeli Teleskopik Hidrolik Silindir"},"content":{"rendered":"<h2>\u0130talyan Fabrika Damperli R\u00f6mork \u00c7ok Kademeli Teleskopik Hidrolik Silindir<\/h2>\n<p>\u0130talyan Fabrika Damperli Treyler \u00c7ok Kademeli Teleskopik hidrolik silindir, \u00e7e\u015fitli uygulamalarda ola\u011fan\u00fcst\u00fc i\u015flevsellik ve performans sa\u011flamak \u00fczere tasarlanm\u0131\u015ft\u0131r. Standart yap\u0131s\u0131 ve hidrolik g\u00fcc\u00fcyle, makine tamir at\u00f6lyelerinden \u00e7iftliklere, enerji ve madencilik operasyonlar\u0131na kadar \u00e7e\u015fitli sekt\u00f6rler i\u00e7in ideal bir se\u00e7imdir.<\/p>\n<h2>Temel \u00d6zellikler ve Avantajlar<\/h2>\n<ul>\n<li>\u00c7ok y\u00f6nl\u00fcd\u00fcr, \u00e7e\u015fitli end\u00fcstrilerde kullan\u0131labilir<\/li>\n<li>Uzun \u00f6m\u00fcrl\u00fc dayan\u0131kl\u0131l\u0131k i\u00e7in sa\u011flam \u00e7elik g\u00f6vde ile \u00fcretilmi\u015ftir<\/li>\n<li>Optimum verimlilik i\u00e7in \u00e7ok kademeli bir hidrolik silindire sahiptir<\/li>\n<li>3000 tonluk maksimum itme ve 20 tonluk maksimum \u00e7ekme g\u00fcc\u00fc sa\u011flayacak \u015fekilde tasarlanm\u0131\u015ft\u0131r<\/li>\n<li>ISO9001:2000 sertifikal\u0131, y\u00fcksek kaliteli performans\u0131 garantiliyor<\/li>\n<\/ul>\n<h2>Teknik \u00d6zellikler<\/h2>\n<table style=\"width: 102.139%;\" border=\"\">\n<tbody>\n<tr>\n<td style=\"width: 42.9379%;\"><i>Delik Boyutu<\/i><\/td>\n<td style=\"width: 485.311%;\">2-6 in\u00e7<\/td>\n<\/tr>\n<tr>\n<td style=\"width: 42.9379%;\"><i>\u00c7ubuk Boyutu<\/i><\/td>\n<td style=\"width: 485.311%;\">1.125-4 in\u00e7<\/td>\n<\/tr>\n<tr>\n<td style=\"width: 42.9379%;\"><i>Vuru\u015f Boyutu<\/i><\/td>\n<td style=\"width: 485.311%;\">4-100 in\u00e7<\/td>\n<\/tr>\n<tr>\n<td style=\"width: 42.9379%;\"><i>Pin Boyutu<\/i><\/td>\n<td style=\"width: 485.311%;\">0,5-2 in\u00e7<\/td>\n<\/tr>\n<tr>\n<td style=\"width: 42.9379%;\"><i>Limanlar<\/i><\/td>\n<td style=\"width: 485.311%;\">G\/SAE\/NPT\/M<\/td>\n<\/tr>\n<\/tbody>\n<\/table>\n<h2>Benzersiz \u00d6zellikler ve Avantajlar<\/h2>\n<p>Bu hidrolik silindir, performans\u0131n\u0131 ve kullan\u0131labilirli\u011fini art\u0131ran ay\u0131rt edici \u00f6zellikleriyle pazarda \u00f6ne \u00e7\u0131k\u0131yor. Ba\u015fl\u0131ca avantajlar\u0131ndan biri, \u00e7al\u0131\u015fma s\u0131ras\u0131nda y\u00fcksek verimlilik sa\u011flayan enerji tasarrufu sa\u011flayan tasar\u0131m\u0131d\u0131r. Bu yenilik\u00e7i yakla\u015f\u0131m, enerji t\u00fcketimini azaltman\u0131n yan\u0131 s\u0131ra kullan\u0131c\u0131lar i\u00e7in i\u015fletme maliyetlerini de d\u00fc\u015f\u00fcr\u00fcr. Ayr\u0131ca, silindir, g\u00fcvenlik ve uzun \u00f6m\u00fcr sa\u011flayan sa\u011flam malzemelerden \u00fcretilmi\u015ftir ve bu da onu zorlu uygulamalar i\u00e7in g\u00fcvenilir bir se\u00e7enek haline getirir. Dayan\u0131kl\u0131l\u0131\u011f\u0131, daha az s\u0131kl\u0131kta de\u011fi\u015ftirilmesini sa\u011flayarak zaman i\u00e7inde maliyet etkinli\u011fini daha da art\u0131r\u0131r.<\/p>\n<p>\u00dcstelik bu hidrolik silindir, \u00e7e\u015fitli hidrolik sistemlere kolay entegrasyon sa\u011flayacak \u015fekilde tasarlanm\u0131\u015ft\u0131r. Uyarlanabilir tasar\u0131m\u0131, mevcut kurulumlara sorunsuz bir \u015fekilde uyum sa\u011flayarak h\u0131zl\u0131 kurulum sa\u011flar ve ar\u0131za s\u00fcresini en aza indirir. Bu \u00e7ok y\u00f6nl\u00fcl\u00fck, onu \u00e7ok \u00e7e\u015fitli uygulamalar i\u00e7in uygun hale getirerek kullan\u0131c\u0131lar\u0131n farkl\u0131 ortamlarda etkili bir \u015fekilde kullanabilmesini sa\u011flar.<\/p>\n<h2>Hidrolik Silindirlerin \u00c7al\u0131\u015fma Prensibi ve Uygulamalar\u0131<\/h2>\n<p>Hidrolik silindir, hidrolik g\u00fcc\u00fc mekanik harekete d\u00f6n\u00fc\u015ft\u00fcrerek \u00e7al\u0131\u015f\u0131r ve bas\u0131n\u00e7 uygulayarak kuvvet \u00fcretir. Hidrolik s\u0131v\u0131 silindire y\u00f6nlendirildi\u011finde, pistona etki eden bir bas\u0131n\u00e7 olu\u015fturur ve bu da do\u011frusal hareketle sonu\u00e7lan\u0131r. Bu temel \u00e7al\u0131\u015fma \u015fekli, hidrolik silindirleri bir\u00e7ok sekt\u00f6rde vazge\u00e7ilmez k\u0131lar.<\/p>\n<p>\u00d6rne\u011fin, in\u015faat sekt\u00f6r\u00fcnde hidrolik silindirler a\u011f\u0131r malzemeleri kald\u0131rmak, vin\u00e7leri \u00e7al\u0131\u015ft\u0131rmak ve kaz\u0131 ekipmanlar\u0131na g\u00fc\u00e7 sa\u011flamak i\u00e7in olmazsa olmazd\u0131r ve projelerin verimli ve g\u00fcvenli bir \u015fekilde tamamlanmas\u0131n\u0131 sa\u011flar. \u00dcretimde ise montaj hatlar\u0131nda, bile\u015fenleri ve makineleri hassas bir \u015fekilde hareket ettirmede kritik bir rol oynarlar. Ayr\u0131ca, tar\u0131m sekt\u00f6r\u00fcnde hidrolik silindirler, trakt\u00f6rlerde ve di\u011fer tar\u0131m ekipmanlar\u0131nda malzemeleri kald\u0131rmak, e\u011fmek ve bo\u015faltmak i\u00e7in kullan\u0131l\u0131r ve tar\u0131msal faaliyetlerde verimlili\u011fi ve etkinli\u011fi art\u0131r\u0131r.<\/p>\n<p><img loading=\"lazy\" decoding=\"async\" class=\"alignnone  wp-image-6664\" src=\"https:\/\/fmp-components.com\/wp-content\/uploads\/2025\/03\/telescopic-hydraulic-cylinder-8.webp\" alt=\"teleskopik hidrolik silindir\" width=\"896\" height=\"896\" title=\"\" srcset=\"https:\/\/fmp-components.com\/wp-content\/uploads\/2025\/03\/telescopic-hydraulic-cylinder-8.webp 896w, https:\/\/fmp-components.com\/wp-content\/uploads\/2025\/03\/telescopic-hydraulic-cylinder-8-480x480.webp 480w\" sizes=\"(min-width: 0px) and (max-width: 480px) 480px, (min-width: 481px) 896px, 100vw\" \/><\/p>\n<h2>Hidrolik Silindirler ve G\u00fc\u00e7 \u00dcniteleri<\/h2>\n<p>Hidrolik silindirler ve g\u00fc\u00e7 \u00fcniteleri, her hidrolik sistemin ayr\u0131lmaz par\u00e7alar\u0131d\u0131r ve her biri sistemin genel i\u015flevselli\u011finde \u00f6nemli bir rol oynar. Hidrolik silindir, hidrolik enerjiyi mekanik harekete d\u00f6n\u00fc\u015ft\u00fcrerek i\u015f yapan bir akt\u00fcat\u00f6r g\u00f6revi g\u00f6r\u00fcrken, g\u00fc\u00e7 \u00fcnitesi ise hidrolik bas\u0131n\u00e7 kayna\u011f\u0131 olarak g\u00f6rev yaparak sistemi \u00e7al\u0131\u015ft\u0131rmak i\u00e7in gerekli enerjiyi sa\u011flar.<\/p>\n<p>Birlikte, birle\u015fik i\u015flevsellikleri, hidrolik teknolojisinin \u00e7e\u015fitli end\u00fcstrilerde yayg\u0131n olarak uygulanmas\u0131n\u0131 sa\u011flar. Bu sinerji, \u00e7ok say\u0131da m\u00fchendislik ve mekanik makine i\u00e7in g\u00fcvenilir g\u00fc\u00e7 ve kontrol deste\u011fi sa\u011flayarak i\u015fletmelerin verimli ve etkili bir \u015fekilde faaliyet g\u00f6stermesini sa\u011flar. FMP olarak, m\u00fc\u015fterilerimizin \u00f6zel ihtiya\u00e7lar\u0131na g\u00f6re uyarlanm\u0131\u015f eksiksiz hidrolik \u00e7\u00f6z\u00fcmler bulmalar\u0131na olanak tan\u0131yan g\u00fc\u00e7 \u00fcniteleri de sat\u0131\u015fa sunuyoruz. Bu kapsaml\u0131 yakla\u015f\u0131m, t\u00fcm bile\u015fenlerin uyumlu bir \u015fekilde \u00e7al\u0131\u015fmas\u0131n\u0131 sa\u011flayarak, \u00e7e\u015fitli uygulamalarda hidrolik sistemlerin performans\u0131n\u0131 ve g\u00fcvenilirli\u011fini en \u00fcst d\u00fczeye \u00e7\u0131kar\u0131r.<\/p>\n<h2>S\u0131k\u00e7a Sorulan Sorular<\/h2>\n<p><span>S: Ticaret \u015firketi misiniz yoksa \u00fcretici misiniz?<\/span><span>A: Biz \u00fcreticiyiz.<\/span><br \/>\n<span>S: Teslimat s\u00fcreniz ne kadard\u0131r?<\/span><span>A: Standart teslimat s\u00fcremiz 25-35 g\u00fcnd\u00fcr.<\/span><br \/>\n<span>S: Numunelere g\u00f6re \u00fcretim yapabilir misiniz?<\/span><span>C: Evet, numuneleriniz veya teknik \u00e7izimleriniz do\u011frultusunda \u00fcretim yapabiliriz. Kal\u0131p ve aparatlar\u0131 biz \u00fcretebiliriz.<\/span>&#8221;<\/p>\n<h3>FMP Hakk\u0131nda<\/h3>\n<p class=\"break-words\">FMP, y\u00fcksek kaliteli hidrolik silindirlerin tasar\u0131m\u0131, geli\u015ftirilmesi ve \u00fcretiminde uzmanla\u015fm\u0131\u015f lider bir \u0130talyan \u00fcreticisidir. Onlarca y\u0131ll\u0131k uzmanl\u0131\u011fa dayanan zengin bir mirasa sahip olarak, \u0130talyan i\u015f\u00e7ili\u011fini en son teknolojiyle gururla birle\u015ftirerek, k\u00fcresel m\u00fc\u015fterilerimizin \u00e7e\u015fitli ihtiya\u00e7lar\u0131n\u0131 kar\u015f\u0131lamak \u00fczere tasarlanm\u0131\u015f ola\u011fan\u00fcst\u00fc hidrolik \u00e7\u00f6z\u00fcmler sunuyoruz. M\u00fchendislik m\u00fckemmelli\u011finin merkezi \u0130talya'da bulunan FMP, hidrolik sekt\u00f6r\u00fcnde g\u00fcvenilir bir isim olarak \u00f6ne \u00e7\u0131kmakta ve d\u00fcnya \u00e7ap\u0131ndaki i\u015fletmelere g\u00fc\u00e7 katan g\u00fcvenilir, dayan\u0131kl\u0131 ve yenilik\u00e7i \u00fcr\u00fcnler sunmaya kendini adam\u0131\u015ft\u0131r.<\/p>\n<p class=\"break-words\">\u015eirketimiz, ileri d\u00fczey \u00fcretim geleneklerinin en iyilerini ileri g\u00f6r\u00fc\u015fl\u00fc bir yakla\u015f\u0131mla birle\u015ftiriyor. Hidrolik sistemlerdeki uzun y\u0131llara dayanan deneyiminden g\u00fc\u00e7 alan FMP, ara\u015ft\u0131rma, tasar\u0131m ve \u00fcretimde m\u00fckemmellik g\u00f6steren modern bir kurulu\u015fa d\u00f6n\u00fc\u015fm\u00fc\u015ft\u00fcr. \u00c7ift etkili silindirler, otomotiv kald\u0131rma silindirleri, tar\u0131m makineleri silindirleri ve \u00e7e\u015fitli end\u00fcstriyel uygulamalar i\u00e7in \u00f6zel olarak tasarlanm\u0131\u015f \u00e7\u00f6z\u00fcmler de dahil olmak \u00fczere geni\u015f bir hidrolik silindir yelpazesinde uzmanla\u015f\u0131yoruz. \u0130ster in\u015faat, ister end\u00fcstriyel tesisler, ister tar\u0131m veya a\u011f\u0131r makineler olsun, hidrolik silindirlerimiz en zorlu ko\u015fullarda bile g\u00fcvenlik, verimlilik ve uzun \u00f6m\u00fcr sa\u011flayacak \u015fekilde \u00fcretilmi\u015ftir.<\/p>\n<p><img loading=\"lazy\" decoding=\"async\" class=\"alignnone size-full wp-image-6720\" src=\"https:\/\/fmp-components.com\/wp-content\/uploads\/2025\/03\/hydraulic-cylinder-8.webp\" alt=\"Teleskopik Hidrolik Silindirler\" width=\"933\" height=\"526\" title=\"\" srcset=\"https:\/\/fmp-components.com\/wp-content\/uploads\/2025\/03\/hydraulic-cylinder-8.webp 933w, https:\/\/fmp-components.com\/wp-content\/uploads\/2025\/03\/hydraulic-cylinder-8-480x271.webp 480w\" sizes=\"(min-width: 0px) and (max-width: 480px) 480px, (min-width: 481px) 933px, 100vw\" \/><\/p>\n<p class=\"break-words\">FMP olarak, hassas makineler ve geli\u015fmi\u015f test sistemleriyle donat\u0131lm\u0131\u015f son teknoloji \u00fcretim tesislerimizle gurur duyuyoruz. \u00dcretim s\u00fcre\u00e7lerimiz, fabrikam\u0131zdan \u00e7\u0131kan her hidrolik silindirin \u00fcst\u00fcn kalite ve g\u00fcvenilirlikte olmas\u0131n\u0131 sa\u011flayan s\u0131k\u0131 ulusal ve uluslararas\u0131 standartlara uygundur. Son teknoloji ekipmanlarla bir araya gelen yetenekli teknik ekibimiz, hammadde se\u00e7iminden son kontrole kadar \u00fcretimin her a\u015famas\u0131nda s\u0131k\u0131 bir kalite kontrol\u00fc sa\u011flamam\u0131z\u0131 sa\u011flar. M\u00fckemmelli\u011fe olan bu ba\u011fl\u0131l\u0131\u011f\u0131m\u0131z, bize sekt\u00f6r otoritelerinden sertifikalar ve takdirler kazand\u0131rarak, g\u00fcvenilir bir i\u015f orta\u011f\u0131 olarak itibar\u0131m\u0131z\u0131 daha da sa\u011flamla\u015ft\u0131rm\u0131\u015ft\u0131r.<\/p>\n<p class=\"break-words\">Misyonumuz basit ama iddial\u0131: M\u00fc\u015fterilerimize performans, dayan\u0131kl\u0131l\u0131k ve de\u011fer a\u00e7\u0131s\u0131ndan beklentileri a\u015fan hidrolik silindirler sunmak. Profesyonellik, d\u00fcr\u00fcstl\u00fck ve m\u00fc\u015fteri odakl\u0131l\u0131k ilkeleriyle \u00e7al\u0131\u015f\u0131yoruz. Yenilik\u00e7ilik ve hassasiyet k\u00fclt\u00fcr\u00fcn\u00fc benimseyerek, rekabet\u00e7i bir pazarda \u00f6ne \u00e7\u0131kmak i\u00e7in \u00fcr\u00fcnlerimizi s\u00fcrekli olarak geli\u015ftiriyoruz. Kapsaml\u0131 \u00fcr\u00fcn yelpazemiz ve ki\u015fiye \u00f6zel \u00e7\u00f6z\u00fcmler sunma becerimiz, bizi y\u00fcksek performansl\u0131 hidrolik silindir arayan i\u015fletmeler i\u00e7in vazge\u00e7ilmez k\u0131l\u0131yor.<\/p>\n<p class=\"break-words\">FMP, yaln\u0131zca bir \u00fcreticiden daha fazlas\u0131d\u0131r; ba\u015far\u0131n\u0131z\u0131n orta\u011f\u0131y\u0131z. M\u00fc\u015fterilerimizin \u00fcretkenliklerini ve g\u00fcvenliklerini art\u0131ran ara\u00e7lar sunmam\u0131z i\u00e7in bize g\u00fcvendi\u011finin fark\u0131nday\u0131z. Bu nedenle, yaln\u0131zca birinci s\u0131n\u0131f \u00fcr\u00fcnler sunmakla kalmay\u0131p ayn\u0131 zamanda ola\u011fan\u00fcst\u00fc hizmet de sunmaya kararl\u0131y\u0131z. \u0130lk dan\u0131\u015fmanl\u0131ktan sat\u0131\u015f sonras\u0131 deste\u011fe kadar, ihtiya\u00e7lar\u0131n\u0131n profesyonellik ve \u00f6zenle kar\u015f\u0131lanmas\u0131n\u0131 sa\u011flamak i\u00e7in m\u00fc\u015fterilerimizle yak\u0131n bir \u015fekilde \u00e7al\u0131\u015f\u0131yoruz. Rekabet\u00e7i fiyatlar\u0131m\u0131z ve kaliteye olan sars\u0131lmaz ba\u011fl\u0131l\u0131\u011f\u0131m\u0131z, FMP'yi g\u00fcvenebilecekleri hidrolik \u00e7\u00f6z\u00fcmlere yat\u0131r\u0131m yapmak isteyen \u015firketler i\u00e7in ak\u0131ll\u0131 bir tercih haline getiriyor.<\/p>","protected":false},"excerpt":{"rendered":"<p>Italian Factory Dump Trailer Multi Stage Telescopic Hydraulic Cylinder The Italian Factory Dump Trailer Multi Stage Telescopic hydraulic cylinder is designed to provide exceptional functionality and performance in a variety of applications. With its standard structure and hydraulic power, it&#8217;s the ideal choice for a range of industries, from machinery repair shops and farms to [&hellip;]<\/p>","protected":false},"featured_media":6722,"comment_status":"closed","ping_status":"closed","template":"","meta":{"_et_pb_use_builder":"","_et_pb_old_content":"","_et_gb_content_width":""},"product_brand":[],"product_cat":[103],"product_tag":[34,105],"class_list":{"0":"post-6579","1":"product","2":"type-product","3":"status-publish","4":"has-post-thumbnail","6":"product_cat-telescopic-hydraulic-cylinders","7":"product_tag-hydraulic-cylinder","8":"product_tag-telescopic-hydraulic-cylinders","10":"first","11":"instock","12":"product-type-simple"},"_links":{"self":[{"href":"https:\/\/fmp-components.com\/tr\/wp-json\/wp\/v2\/product\/6579","targetHints":{"allow":["GET"]}}],"collection":[{"href":"https:\/\/fmp-components.com\/tr\/wp-json\/wp\/v2\/product"}],"about":[{"href":"https:\/\/fmp-components.com\/tr\/wp-json\/wp\/v2\/types\/product"}],"replies":[{"embeddable":true,"href":"https:\/\/fmp-components.com\/tr\/wp-json\/wp\/v2\/comments?post=6579"}],"wp:featuredmedia":[{"embeddable":true,"href":"https:\/\/fmp-components.com\/tr\/wp-json\/wp\/v2\/media\/6722"}],"wp:attachment":[{"href":"https:\/\/fmp-components.com\/tr\/wp-json\/wp\/v2\/media?parent=6579"}],"wp:term":[{"taxonomy":"product_brand","embeddable":true,"href":"https:\/\/fmp-components.com\/tr\/wp-json\/wp\/v2\/product_brand?post=6579"},{"taxonomy":"product_cat","embeddable":true,"href":"https:\/\/fmp-components.com\/tr\/wp-json\/wp\/v2\/product_cat?post=6579"},{"taxonomy":"product_tag","embeddable":true,"href":"https:\/\/fmp-components.com\/tr\/wp-json\/wp\/v2\/product_tag?post=6579"}],"curies":[{"name":"wp","href":"https:\/\/api.w.org\/{rel}","templated":true}]}}