{"id":6577,"date":"2025-03-11T06:31:13","date_gmt":"2025-03-11T06:31:13","guid":{"rendered":"https:\/\/fmp-components.com\/product\/factory-direct-sale-20-ton-dump-truck-hoist-hydraulic-cylinder"},"modified":"2025-03-12T05:11:27","modified_gmt":"2025-03-12T05:11:27","slug":"factory-direct-sale-20-ton-dump-truck-hoist-hydraulic-cylinder","status":"publish","type":"product","link":"https:\/\/fmp-components.com\/tr\/product\/factory-direct-sale-20-ton-dump-truck-hoist-hydraulic-cylinder\/","title":{"rendered":"Fabrika Do\u011frudan Sat\u0131\u015f 20 Tonluk Damperli Kamyon Kald\u0131rma Hidrolik Silindiri"},"content":{"rendered":"<h2>Fabrika Do\u011frudan Sat\u0131\u015f 20 Tonluk Damperli Kamyon Kald\u0131rma Hidrolik Silindiri<\/h2>\n<p>Fabrikadan Do\u011frudan Sat\u0131\u015f 20 Tonluk Damperli Kamyon Kald\u0131rma Hidrolik Silindirimize daha yak\u0131ndan bak\u0131n. A\u011f\u0131r y\u00fckleri hassasiyet ve kolayl\u0131kla kald\u0131rmak i\u00e7in tasarlanm\u0131\u015f bu ekipman, makine tamiri, tar\u0131m, enerji ve madencilik ve makine imalat sekt\u00f6rlerinde vazge\u00e7ilmez bir ara\u00e7t\u0131r. \u0130ster eski bir hidrolik silindiri de\u011fi\u015ftirmek, ister daha verimli bir modele y\u00fckseltmek isteyin, bu \u00fcr\u00fcn\u00fc de\u011ferlendirmeye de\u011fer.<\/p>\n<h3>\u00d6zellikler ve Teknik \u00d6zellikler<\/h3>\n<p>Hidrolik silindirimiz, a\u011f\u0131r hizmet ko\u015fullar\u0131na dayan\u0131kl\u0131 sa\u011flam bir \u00e7elik yap\u0131ya sahiptir. Hidrolik g\u00fc\u00e7le \u00e7al\u0131\u015f\u0131r, bu da onu a\u011f\u0131r y\u00fckleri kald\u0131rmak ve ta\u015f\u0131mak i\u00e7in son derece g\u00fcvenilir ve verimli bir ara\u00e7 haline getirir. Bu silindir ayr\u0131ca, kalitesini ve g\u00fcvenilirli\u011fini garanti eden ISO9001:2000 sertifikal\u0131d\u0131r.<\/p>\n<table style=\"width: 99.9058%;\" border=\"\">\n<tbody>\n<tr>\n<th style=\"width: 16.9576%;\">Delik Boyutu<\/th>\n<th style=\"width: 20.4489%;\">\u00c7ubuk Boyutu<\/th>\n<th style=\"width: 19.9501%;\">Vuru\u015f Boyutu<\/th>\n<th style=\"width: 16.4589%;\">Pin Boyutu<\/th>\n<th style=\"width: 153.616%;\">Limanlar<\/th>\n<\/tr>\n<tr>\n<td style=\"width: 16.9576%;\">2-6 in\u00e7<\/td>\n<td style=\"width: 20.4489%;\">1.125-4 in\u00e7<\/td>\n<td style=\"width: 19.9501%;\">4-100 in\u00e7<\/td>\n<td style=\"width: 16.4589%;\">0,5-2 in\u00e7<\/td>\n<td style=\"width: 153.616%;\">G\/SAE\/NPT\/M<\/td>\n<\/tr>\n<\/tbody>\n<\/table>\n<h2>Benzersiz Avantajlar<\/h2>\n<ul>\n<li>Enerji verimlili\u011fi<\/li>\n<li>Son derece verimli<\/li>\n<li>G\u00fcvenlik sa\u011fland\u0131<\/li>\n<\/ul>\n<p><img loading=\"lazy\" decoding=\"async\" class=\"alignnone  wp-image-6657\" src=\"https:\/\/fmp-components.com\/wp-content\/uploads\/2025\/03\/telescopic-hydraulic-cylinder-3.webp\" alt=\"teleskopik hidrolik silindir\" width=\"940\" height=\"940\" title=\"\" srcset=\"https:\/\/fmp-components.com\/wp-content\/uploads\/2025\/03\/telescopic-hydraulic-cylinder-3.webp 940w, https:\/\/fmp-components.com\/wp-content\/uploads\/2025\/03\/telescopic-hydraulic-cylinder-3-480x480.webp 480w\" sizes=\"(min-width: 0px) and (max-width: 480px) 480px, (min-width: 481px) 940px, 100vw\" \/><\/p>\n<h2>Hidrolik Sistem ve \u00c7al\u0131\u015fma Prensibi<\/h2>\n<p>Hidrolik silindir, s\u0131v\u0131 bas\u0131nc\u0131n\u0131 bir y\u00fck\u00fc etkili bir \u015fekilde hareket ettirebilecek veya mekanik i\u015f yapabilecek bir kuvvete d\u00f6n\u00fc\u015ft\u00fcrme prensibiyle \u00e7al\u0131\u015f\u0131r. Hidrolik s\u0131v\u0131 bir hazneden silindire pompaland\u0131\u011f\u0131nda, s\u0131v\u0131 ak\u0131\u015f\u0131n\u0131 d\u00fczenleyen bir y\u00f6n kontrol valfinden ge\u00e7er. Bu bas\u0131n\u00e7l\u0131 s\u0131v\u0131 silindiri doldurarak i\u00e7erideki pistona bask\u0131 uygulayan bir kuvvet olu\u015fturur. Piston hareket ettik\u00e7e do\u011frusal hareket \u00fcretir ve hidrolik silindirin a\u011f\u0131r nesneleri kald\u0131rma, itme veya \u00e7ekme gibi \u00e7e\u015fitli g\u00f6revleri yerine getirmesini sa\u011flar. Ak\u0131\u015fkanlar dinami\u011fi arac\u0131l\u0131\u011f\u0131yla enerjinin bu verimli aktar\u0131m\u0131, hidrolik sistemleri \u00e7ok \u00e7e\u015fitli uygulamalarda \u00f6zellikle g\u00fc\u00e7l\u00fc ve etkili k\u0131lar.<\/p>\n<p>Hidrolik silindirin tasar\u0131m\u0131, sa\u011flam malzemeleri ve hassas m\u00fchendisli\u011fi sayesinde y\u00fcksek bas\u0131n\u00e7lara ve a\u011f\u0131r y\u00fcklere dayanabilir, performans\u0131n\u0131 ve g\u00fcvenilirli\u011fini en \u00fcst d\u00fczeye \u00e7\u0131kar\u0131r. \u0130ster kald\u0131rma operasyonlar\u0131nda ister karma\u015f\u0131k makine proseslerinde kullan\u0131ls\u0131n, hidrolik silindirin hidrolik enerjiyi mekanik harekete d\u00f6n\u00fc\u015ft\u00fcrme yetene\u011fi, i\u015flevselli\u011finin temel bir unsurudur.<\/p>\n<p><img loading=\"lazy\" decoding=\"async\" class=\"alignnone  wp-image-6656\" src=\"https:\/\/fmp-components.com\/wp-content\/uploads\/2025\/03\/telescopic-hydraulic-cylinder-5.webp\" alt=\"teleskopik hidrolik silindir\" width=\"969\" height=\"969\" title=\"\" srcset=\"https:\/\/fmp-components.com\/wp-content\/uploads\/2025\/03\/telescopic-hydraulic-cylinder-5.webp 969w, https:\/\/fmp-components.com\/wp-content\/uploads\/2025\/03\/telescopic-hydraulic-cylinder-5-480x480.webp 480w\" sizes=\"(min-width: 0px) and (max-width: 480px) 480px, (min-width: 481px) 969px, 100vw\" \/><\/p>\n<h2>Hidrolik Silindir Uygulamas\u0131<\/h2>\n<p>Bu hidrolik silindir, bir\u00e7ok sekt\u00f6rdeki \u00e7e\u015fitli uygulamalar i\u00e7in \u00f6zellikle uygundur. Makine tamir at\u00f6lyelerinde, a\u011f\u0131r ekipmanlar\u0131n kald\u0131r\u0131lmas\u0131 ve konumland\u0131r\u0131lmas\u0131 i\u00e7in \u00f6nemli bir ara\u00e7 g\u00f6revi g\u00f6r\u00fcr ve aksi takdirde zorlu veya g\u00fcvenli olmayan bak\u0131m g\u00f6revlerini kolayla\u015ft\u0131r\u0131r. Silindirin \u00f6nemli y\u00fckleri kald\u0131rabilme kabiliyeti, onu bu ortamlarda vazge\u00e7ilmez k\u0131lar.<\/p>\n<p>Tar\u0131msal ortamlarda hidrolik silindir, trakt\u00f6r ve bi\u00e7erd\u00f6ver gibi \u00e7e\u015fitli makinelerde a\u011f\u0131r malzemeleri kald\u0131rmak ve ta\u015f\u0131mak i\u00e7in kullan\u0131l\u0131r ve \u00e7iftliklerde operasyonel verimlili\u011fi ve \u00fcretkenli\u011fi art\u0131r\u0131r. Sa\u011flam tasar\u0131m\u0131, d\u0131\u015f mekan kullan\u0131m\u0131n\u0131n zorluklar\u0131na ve tar\u0131msal i\u015flerin gerekliliklerine dayanabilmesini sa\u011flar.<\/p>\n<p>Enerji ve madencilik sekt\u00f6rlerinde bu hidrolik silindir, kaz\u0131 ve malzeme ta\u015f\u0131ma gibi operasyonlarda hayati bir rol oynar. A\u011f\u0131r y\u00fckleri hassasiyet ve g\u00fcvenilirlikle kald\u0131rma kabiliyeti, hem g\u00fc\u00e7 hem de hassasiyet gerektiren g\u00f6revler i\u00e7in olmazsa olmazd\u0131r. Ayr\u0131ca, makine imalat sanayinde hidrolik silindir, montaj hatlar\u0131nda ve otomasyonlu proseslerde bile\u015fenlerin kald\u0131r\u0131lmas\u0131na ve \u00fcretimin kolayla\u015ft\u0131r\u0131lmas\u0131na yard\u0131mc\u0131 olmak i\u00e7in kullan\u0131l\u0131r.<\/p>\n<p>Genel olarak, hidrolik silindir, a\u011f\u0131r y\u00fckleri kald\u0131rmak ve kritik g\u00f6revleri verimli ve g\u00fcvenli bir \u015fekilde ger\u00e7ekle\u015ftirmek i\u00e7in gerekli g\u00fc\u00e7 ve kontrol\u00fc sa\u011flayan bu end\u00fcstrilerde olmazsa olmaz bir ara\u00e7t\u0131r. \u00c7ok y\u00f6nl\u00fcl\u00fc\u011f\u00fc ve g\u00fcvenilirli\u011fi, onu \u00e7e\u015fitli makine ve ekipmanlar\u0131n \u00e7al\u0131\u015fmas\u0131nda \u00f6nemli bir bile\u015fen haline getirir.<\/p>\n<h2>SSS<\/h2>\n<ol>\n<li><strong>S: Hidrolik silindir farkl\u0131 sekt\u00f6rlerde kullan\u0131labilir mi?<\/strong><br \/>\nC: Evet, hidrolik silindirimiz \u00e7ok y\u00f6nl\u00fcd\u00fcr ve in\u015faat, madencilik, tar\u0131m ve daha bir\u00e7ok farkl\u0131 end\u00fcstride kullan\u0131labilir.<\/li>\n<li><strong>S: Hidrolik silindir i\u00e7in garanti veriyor musunuz?<\/strong><br \/>\nC: Evet, hidrolik silindirlerimiz i\u00e7in 1 y\u0131l garanti veriyoruz.<\/li>\n<li><strong>S: Fabrikan\u0131z\u0131 ziyaret edebilir miyim?<\/strong><br \/>\nC: Evet, m\u00fc\u015fterilerimizi fabrikam\u0131z\u0131 ziyaret etmeye davet ediyoruz. Ayr\u0131ca, yukar\u0131daki ba\u011flant\u0131dan fabrikam\u0131z\u0131n sanal turunu da ger\u00e7ekle\u015ftirebilirsiniz.<\/li>\n<\/ol>\n<h3>FMP Hakk\u0131nda<\/h3>\n<p>FMP, y\u00fcksek kaliteli hidrolik silindirlerin tasar\u0131m\u0131, geli\u015ftirilmesi ve \u00fcretiminde uzmanla\u015fm\u0131\u015f, \u00f6nde gelen bir \u0130talyan \u00fcreticisidir. Onlarca y\u0131ll\u0131k uzmanl\u0131\u011fa dayanan miras\u0131m\u0131zla, \u0130talyan i\u015f\u00e7ili\u011fini yenilik\u00e7i teknolojiyle ustal\u0131kla harmanlayarak, k\u00fcresel m\u00fc\u015fterilerimizin \u00e7e\u015fitli ihtiya\u00e7lar\u0131na \u00f6zel, ola\u011fan\u00fcst\u00fc hidrolik \u00e7\u00f6z\u00fcmler sunuyoruz. M\u00fchendislikte m\u00fckemmelli\u011fin merkezi olan \u0130talya'da bulunan FMP, hidrolik sekt\u00f6r\u00fcnde g\u00fcvenilir bir isim olup, d\u00fcnya \u00e7ap\u0131ndaki i\u015fletmelere g\u00fc\u00e7 katan g\u00fcvenilir, dayan\u0131kl\u0131 ve yenilik\u00e7i \u00fcr\u00fcnler sunmaya kendini adam\u0131\u015ft\u0131r.<\/p>\n<p>\u015eirketimiz, ileri \u00fcretim geleneklerini ileri g\u00f6r\u00fc\u015fl\u00fc bir yakla\u015f\u0131mla birle\u015ftiriyor. Hidrolik sistemlerdeki uzun y\u0131llara dayanan deneyiminden yararlanan FMP, ara\u015ft\u0131rma, tasar\u0131m ve \u00fcretimde m\u00fckemmellik g\u00f6steren modern bir kurulu\u015fa d\u00f6n\u00fc\u015fm\u00fc\u015ft\u00fcr. \u00c7ift etkili silindirler, otomotiv kald\u0131rma silindirleri, tar\u0131m makineleri silindirleri ve \u00e7e\u015fitli end\u00fcstriyel uygulamalar i\u00e7in \u00f6zel olarak tasarlanm\u0131\u015f \u00e7\u00f6z\u00fcmler de dahil olmak \u00fczere geni\u015f bir hidrolik silindir yelpazesi sunuyoruz. \u0130ster in\u015faat, ister end\u00fcstriyel tesisler, ister tar\u0131m veya a\u011f\u0131r makineler olsun, hidrolik silindirlerimiz en zorlu ko\u015fullarda performans g\u00f6sterecek \u015fekilde tasarlanm\u0131\u015f olup g\u00fcvenlik, verimlilik ve uzun \u00f6m\u00fcr sa\u011flar.<\/p>\n<p>FMP olarak, hassas makineler ve geli\u015fmi\u015f test sistemleriyle donat\u0131lm\u0131\u015f son teknoloji \u00fcretim tesislerimizle gurur duyuyoruz. \u00dcretim s\u00fcre\u00e7lerimiz, s\u0131k\u0131 ulusal ve uluslararas\u0131 standartlara uygun olup, \u00fcretilen her hidrolik silindirin en y\u00fcksek kalite ve g\u00fcvenilirlik standartlar\u0131n\u0131 kar\u015f\u0131lamas\u0131n\u0131 garanti eder. Son teknoloji ekipmanlarla desteklenen yetenekli teknik ekibimiz, hammadde se\u00e7iminden son kontrole kadar \u00fcretimin her a\u015famas\u0131nda titiz bir kalite kontrol\u00fc sa\u011flamam\u0131z\u0131 m\u00fcmk\u00fcn k\u0131lar. M\u00fckemmelli\u011fe olan bu ba\u011fl\u0131l\u0131\u011f\u0131m\u0131z, sekt\u00f6r otoritelerinden sertifikalar ve takdirler almam\u0131z\u0131 sa\u011flayarak, g\u00fcvenilir bir i\u015f orta\u011f\u0131 olarak itibar\u0131m\u0131z\u0131 daha da sa\u011flamla\u015ft\u0131rm\u0131\u015ft\u0131r.<\/p>\n<p><img loading=\"lazy\" decoding=\"async\" class=\"alignnone size-full wp-image-6720\" src=\"https:\/\/fmp-components.com\/wp-content\/uploads\/2025\/03\/hydraulic-cylinder-8.webp\" alt=\"Teleskopik Hidrolik Silindirler\" width=\"933\" height=\"526\" title=\"\" srcset=\"https:\/\/fmp-components.com\/wp-content\/uploads\/2025\/03\/hydraulic-cylinder-8.webp 933w, https:\/\/fmp-components.com\/wp-content\/uploads\/2025\/03\/hydraulic-cylinder-8-480x271.webp 480w\" sizes=\"(min-width: 0px) and (max-width: 480px) 480px, (min-width: 481px) 933px, 100vw\" \/><\/p>\n<p>Misyonumuz basit ama iddial\u0131: Performans, dayan\u0131kl\u0131l\u0131k ve de\u011fer a\u00e7\u0131s\u0131ndan beklentileri a\u015fan hidrolik silindirler sunmak. Profesyonellik, d\u00fcr\u00fcstl\u00fck ve m\u00fc\u015fteri odakl\u0131l\u0131k ilkeleriyle, yenilik\u00e7ilik ve hassasiyet k\u00fclt\u00fcr\u00fcn\u00fc benimsiyor ve pazarda rekabet\u00e7i kalabilmek i\u00e7in \u00fcr\u00fcnlerimizi s\u00fcrekli geli\u015ftiriyoruz. Kapsaml\u0131 \u00fcr\u00fcn yelpazemiz ve ki\u015fiye \u00f6zel \u00e7\u00f6z\u00fcmler sunma kapasitemiz, bizi y\u00fcksek performansl\u0131 hidrolik silindir arayan i\u015fletmeler i\u00e7in tercih edilen se\u00e7enek haline getiriyor.<\/p>\n<p>FMP, bir \u00fcreticiden \u00e7ok daha fazlas\u0131d\u0131r; ba\u015far\u0131n\u0131z\u0131n orta\u011f\u0131y\u0131z. M\u00fc\u015fterilerimizin \u00fcretkenli\u011fi ve g\u00fcvenli\u011fi art\u0131ran ara\u00e7lar i\u00e7in bize g\u00fcvendi\u011finin fark\u0131nday\u0131z. Bu nedenle, yaln\u0131zca birinci s\u0131n\u0131f \u00fcr\u00fcnler sunmakla kalmay\u0131p ayn\u0131 zamanda ola\u011fan\u00fcst\u00fc hizmet sunmaya da kararl\u0131y\u0131z. \u0130lk dan\u0131\u015fmanl\u0131ktan sat\u0131\u015f sonras\u0131 deste\u011fe kadar, m\u00fc\u015fterilerimizin ihtiya\u00e7lar\u0131n\u0131n profesyonellik ve \u00f6zenle kar\u015f\u0131lanmas\u0131n\u0131 sa\u011flamak i\u00e7in m\u00fc\u015fterilerimizle yak\u0131n i\u015f birli\u011fi i\u00e7indeyiz. Rekabet\u00e7i fiyatlar\u0131m\u0131z ve kaliteye olan sars\u0131lmaz ba\u011fl\u0131l\u0131\u011f\u0131m\u0131z, FMP'yi g\u00fcvenilir hidrolik \u00e7\u00f6z\u00fcmlere yat\u0131r\u0131m yapmak isteyen \u015firketler i\u00e7in ak\u0131ll\u0131 bir tercih haline getiriyor.<\/p>","protected":false},"excerpt":{"rendered":"<p>Factory Direct Sale 20 Ton Dump Truck Hoist Hydraulic Cylinder Take a closer look at our Factory Direct Sale 20 Ton Dump Truck Hoist Hydraulic Cylinder. This piece of equipment, designed to lift heavy loads with precision and ease, is an essential tool in the machinery repair, farming, energy &amp; mining, and machinery manufacturing industries. [&hellip;]<\/p>","protected":false},"featured_media":6719,"comment_status":"closed","ping_status":"closed","template":"","meta":{"_et_pb_use_builder":"","_et_pb_old_content":"","_et_gb_content_width":""},"product_brand":[],"product_cat":[103],"product_tag":[34,105],"class_list":{"0":"post-6577","1":"product","2":"type-product","3":"status-publish","4":"has-post-thumbnail","6":"product_cat-telescopic-hydraulic-cylinders","7":"product_tag-hydraulic-cylinder","8":"product_tag-telescopic-hydraulic-cylinders","10":"first","11":"instock","12":"product-type-simple"},"_links":{"self":[{"href":"https:\/\/fmp-components.com\/tr\/wp-json\/wp\/v2\/product\/6577","targetHints":{"allow":["GET"]}}],"collection":[{"href":"https:\/\/fmp-components.com\/tr\/wp-json\/wp\/v2\/product"}],"about":[{"href":"https:\/\/fmp-components.com\/tr\/wp-json\/wp\/v2\/types\/product"}],"replies":[{"embeddable":true,"href":"https:\/\/fmp-components.com\/tr\/wp-json\/wp\/v2\/comments?post=6577"}],"wp:featuredmedia":[{"embeddable":true,"href":"https:\/\/fmp-components.com\/tr\/wp-json\/wp\/v2\/media\/6719"}],"wp:attachment":[{"href":"https:\/\/fmp-components.com\/tr\/wp-json\/wp\/v2\/media?parent=6577"}],"wp:term":[{"taxonomy":"product_brand","embeddable":true,"href":"https:\/\/fmp-components.com\/tr\/wp-json\/wp\/v2\/product_brand?post=6577"},{"taxonomy":"product_cat","embeddable":true,"href":"https:\/\/fmp-components.com\/tr\/wp-json\/wp\/v2\/product_cat?post=6577"},{"taxonomy":"product_tag","embeddable":true,"href":"https:\/\/fmp-components.com\/tr\/wp-json\/wp\/v2\/product_tag?post=6577"}],"curies":[{"name":"wp","href":"https:\/\/api.w.org\/{rel}","templated":true}]}}