{"id":6576,"date":"2025-03-11T06:31:13","date_gmt":"2025-03-11T06:31:13","guid":{"rendered":"https:\/\/fmp-components.com\/product\/high-quality-mini-dump-truck-hydraulic-hoist-cylinder-telescopic-hydraulic-cylinder"},"modified":"2025-03-12T05:08:32","modified_gmt":"2025-03-12T05:08:32","slug":"high-quality-mini-dump-truck-hydraulic-hoist-cylinder-telescopic-hydraulic-cylinder","status":"publish","type":"product","link":"https:\/\/fmp-components.com\/tr\/product\/high-quality-mini-dump-truck-hydraulic-hoist-cylinder-telescopic-hydraulic-cylinder\/","title":{"rendered":"Y\u00fcksek Kaliteli Mini Damperli Kamyon Hidrolik Kald\u0131rma Silindiri Teleskopik Hidrolik Silindir"},"content":{"rendered":"<h2>Y\u00fcksek Kaliteli Mini Damperli Kamyon Hidrolik Kald\u0131rma Silindiri Teleskopik Hidrolik Silindir<\/h2>\n<p>Y\u00fcksek Kaliteli Mini Damperli Kamyon Hidrolik Kald\u0131rma Silindiri Teleskopik Hidrolik Silindir, optimum i\u015flevsellik ve uzun \u00f6m\u00fcr sa\u011flayan birinci s\u0131n\u0131f bir \u00fcr\u00fcnd\u00fcr. \u00d6ncelikle makine tamir at\u00f6lyelerinde, \u00e7iftliklerde, enerji ve madencilik sekt\u00f6rlerinde, makine imalat\u0131nda ve fabrikalarda kullan\u0131lan bu hidrolik silindir, rakipsiz performans sunmak \u00fczere tasarlanm\u0131\u015ft\u0131r.<\/p>\n<p><img loading=\"lazy\" decoding=\"async\" class=\"alignnone  wp-image-6657\" src=\"https:\/\/fmp-components.com\/wp-content\/uploads\/2025\/03\/telescopic-hydraulic-cylinder-3.webp\" alt=\"teleskopik hidrolik silindir\" width=\"911\" height=\"911\" title=\"\" srcset=\"https:\/\/fmp-components.com\/wp-content\/uploads\/2025\/03\/telescopic-hydraulic-cylinder-3.webp 911w, https:\/\/fmp-components.com\/wp-content\/uploads\/2025\/03\/telescopic-hydraulic-cylinder-3-480x480.webp 480w\" sizes=\"(min-width: 0px) and (max-width: 480px) 480px, (min-width: 481px) 911px, 100vw\" \/><\/p>\n<h3>\u00dcr\u00fcn \u00d6zellikleri<\/h3>\n<p>Silindirimiz, hidrolikle \u00e7al\u0131\u015fan standart bir piston silindiri yap\u0131s\u0131na sahiptir. Sa\u011flam \u00e7elik g\u00f6vdeye, \u00e7ok kademeli hidrolik silindir tipine ve maksimum 3000 itme g\u00fcc\u00fcne sahiptir. Bu \u00fcr\u00fcn, en y\u00fcksek kalite seviyesini garanti eden ISO9001:2000 sertifika standartlar\u0131na uygundur.<\/p>\n<table style=\"width: 97.2621%;\" border=\"\">\n<tbody>\n<tr>\n<td style=\"width: 43.5028%;\"><b>Delik Boyutu<\/b><\/td>\n<td style=\"width: 470.621%;\">2-6 in\u00e7<\/td>\n<\/tr>\n<tr>\n<td style=\"width: 43.5028%;\"><b>\u00c7ubuk Boyutu<\/b><\/td>\n<td style=\"width: 470.621%;\">1.125-4 in\u00e7<\/td>\n<\/tr>\n<tr>\n<td style=\"width: 43.5028%;\"><b>Vuru\u015f Boyutu<\/b><\/td>\n<td style=\"width: 470.621%;\">4-100 in\u00e7<\/td>\n<\/tr>\n<tr>\n<td style=\"width: 43.5028%;\"><b>Pin Boyutu<\/b><\/td>\n<td style=\"width: 470.621%;\">0,5-2 in\u00e7<\/td>\n<\/tr>\n<tr>\n<td style=\"width: 43.5028%;\"><b>Limanlar<\/b><\/td>\n<td style=\"width: 470.621%;\">G\/SAE\/NPT\/M<\/td>\n<\/tr>\n<\/tbody>\n<\/table>\n<h3>Ay\u0131rt Edici \u00d6zellikler ve Avantajlar<\/h3>\n<ul>\n<li>Y\u00fcksek performans: 3000 tonluk maksimum itme ve 20 tonluk maksimum \u00e7ekme kapasitesine sahip bu hidrolik silindir, \u00fcst d\u00fczey performans\u0131 garanti eder.<\/li>\n<li>G\u00fcvenlik: Hidrolik silindirimiz ISO9001:2000 sertifikasyon standartlar\u0131na uygun olup en \u00fcst d\u00fczeyde g\u00fcvenli\u011fi garanti alt\u0131na almaktad\u0131r.<\/li>\n<li>Enerji verimlili\u011fi: Y\u00fcksek Kaliteli Mini Damperli Kamyon Hidrolik Kald\u0131rma Silindiri Teleskopik Hidrolik Silindir, operasyonlar\u0131n\u0131z\u0131n maliyet a\u00e7\u0131s\u0131ndan etkili olmas\u0131n\u0131 sa\u011flayarak optimum enerji verimlili\u011fi i\u00e7in tasarlanm\u0131\u015ft\u0131r.<\/li>\n<\/ul>\n<h2>Hidrolik Sistemler ve \u00c7al\u0131\u015fma Prensibi<\/h2>\n<p>Hidrolik silindirimizin \u00e7al\u0131\u015fma prensibi son derece basittir: Hidrolik enerjiyi mekanik harekete d\u00f6n\u00fc\u015ft\u00fcrerek hidrolik bas\u0131nc\u0131 etkili bir \u015fekilde g\u00fcce d\u00f6n\u00fc\u015ft\u00fcr\u00fcr. Bu temel prensip, hidrolik sistemlerin omurgas\u0131n\u0131 olu\u015fturur ve g\u00fcc\u00fcn verimli bir \u015fekilde iletilmesini sa\u011flar. Silindirin tasar\u0131m\u0131, hidrolik s\u0131v\u0131n\u0131n bas\u0131n\u00e7 uygulayabilece\u011fi alan\u0131 en \u00fcst d\u00fczeye \u00e7\u0131kararak \u00fcretilen kuvveti art\u0131rd\u0131\u011f\u0131 i\u00e7in bu s\u00fcre\u00e7te \u00f6nemli bir rol oynar. M\u00fchendislik ve i\u015flevselli\u011fin bu birle\u015fimi, hidrolik silindirlerimizin in\u015faattan imalata kadar, g\u00fcvenilir ve g\u00fc\u00e7l\u00fc performans\u0131n vazge\u00e7ilmez oldu\u011fu \u00e7ok \u00e7e\u015fitli sekt\u00f6rlerde yayg\u0131n olarak kullan\u0131lmas\u0131n\u0131 sa\u011flar.<\/p>\n<p><img loading=\"lazy\" decoding=\"async\" class=\"alignnone  wp-image-6658\" src=\"https:\/\/fmp-components.com\/wp-content\/uploads\/2025\/03\/telescopic-hydraulic-cylinder-6.webp\" alt=\"teleskopik hidrolik silindir\" width=\"938\" height=\"938\" title=\"\" srcset=\"https:\/\/fmp-components.com\/wp-content\/uploads\/2025\/03\/telescopic-hydraulic-cylinder-6.webp 938w, https:\/\/fmp-components.com\/wp-content\/uploads\/2025\/03\/telescopic-hydraulic-cylinder-6-480x480.webp 480w\" sizes=\"(min-width: 0px) and (max-width: 480px) 480px, (min-width: 481px) 938px, 100vw\" \/><\/p>\n<h2>Uygulama Senaryolar\u0131<\/h2>\n<p>Y\u00fcksek Kaliteli Mini Damperli Kamyon Hidrolik Kald\u0131rma Silindiri, \u00f6zellikle teleskopik tasar\u0131m\u0131yla inan\u0131lmaz derecede \u00e7ok y\u00f6nl\u00fcd\u00fcr ve \u00e7e\u015fitli uygulama senaryolar\u0131 i\u00e7in uygundur. Makine tamir at\u00f6lyelerinde, a\u011f\u0131r ekipmanlar\u0131n kald\u0131r\u0131lmas\u0131 ve manevra ettirilmesi i\u00e7in paha bi\u00e7ilmezdir ve bak\u0131m i\u015flerinin verimli ve g\u00fcvenli bir \u015fekilde ger\u00e7ekle\u015ftirilmesini sa\u011flar. \u00c7iftliklerde ise bu hidrolik silindir, y\u00fck kald\u0131rma, e\u011fme ve malzeme bo\u015faltma gibi i\u015flerde tar\u0131m makinelerinde kullan\u0131larak \u00e7iftlik operasyonlar\u0131n\u0131 daha verimli hale getirir.<\/p>\n<p>Enerji ve madencilik sekt\u00f6rlerinde, hidrolik kald\u0131rma silindiri, g\u00fc\u00e7l\u00fc performans ve g\u00fcvenilirli\u011fin kritik \u00f6neme sahip oldu\u011fu kaz\u0131, delme ve malzeme ta\u015f\u0131ma uygulamalar\u0131 i\u00e7in olmazsa olmazd\u0131r. Ayr\u0131ca, makine imalat\u0131 ve fabrikalarda, bu hidrolik silindir montaj hatlar\u0131nda ve otomatik ekipmanlarda kullan\u0131larak, \u00fcretim s\u00fcre\u00e7lerinin ak\u0131c\u0131 hale getirilmesine ve operasyonel verimlili\u011fin art\u0131r\u0131lmas\u0131na katk\u0131da bulunur. Uyarlanabilirli\u011fi ve g\u00fc\u00e7l\u00fc performans\u0131, g\u00fcvenilir kald\u0131rma ve ta\u015f\u0131ma kabiliyetleri gerektiren her t\u00fcrl\u00fc end\u00fcstriyel ortam i\u00e7in ideal bir se\u00e7im olmas\u0131n\u0131 sa\u011flayarak, i\u015fletmelerin kendi alanlar\u0131nda etkin bir \u015fekilde faaliyet g\u00f6stermelerini sa\u011flar.<\/p>\n<h2>SSS<\/h2>\n<p><b>Q:<\/b> Siz bir ticaret \u015firketi misiniz yoksa \u00fcretici misiniz?<br \/>\n<b>A:<\/b> Biz bir \u00fcreticiyiz.<\/p>\n<p><b>Q:<\/b> Teslimat s\u00fcreniz ne kadar?<br \/>\n<b>A:<\/b> Teslimat s\u00fcresi genellikle 25-35 g\u00fcnd\u00fcr.<\/p>\n<p><b>Q:<\/b> Numune veriyor musunuz? \u00dccretsiz mi, yoksa ekstra m\u0131?<br \/>\n<b>A:<\/b> Evet, numune sa\u011fl\u0131yoruz ancak bunlar \u00fccretsiz de\u011fil.<\/p>\n<h3>FMP Hakk\u0131nda<\/h3>\n<p>FMP, y\u00fcksek kaliteli hidrolik silindirlerin tasar\u0131m\u0131, geli\u015ftirilmesi ve \u00fcretiminde uzmanla\u015fm\u0131\u015f, \u00f6nde gelen bir \u0130talyan \u00fcreticisidir. Onlarca y\u0131ll\u0131k uzmanl\u0131\u011fa dayanan miras\u0131m\u0131zla, \u0130talyan i\u015f\u00e7ili\u011fini yenilik\u00e7i teknolojiyle ustal\u0131kla harmanlayarak, k\u00fcresel m\u00fc\u015fterilerimizin \u00e7e\u015fitli ihtiya\u00e7lar\u0131na \u00f6zel, ola\u011fan\u00fcst\u00fc hidrolik \u00e7\u00f6z\u00fcmler sunuyoruz. M\u00fchendislikte m\u00fckemmelli\u011fin merkezi olan \u0130talya'da bulunan FMP, hidrolik sekt\u00f6r\u00fcnde g\u00fcvenilir bir isim olup, d\u00fcnya \u00e7ap\u0131ndaki i\u015fletmelere g\u00fc\u00e7 katan g\u00fcvenilir, dayan\u0131kl\u0131 ve yenilik\u00e7i \u00fcr\u00fcnler sunmaya kendini adam\u0131\u015ft\u0131r.<\/p>\n<p>\u015eirketimiz, ileri \u00fcretim geleneklerini ileri g\u00f6r\u00fc\u015fl\u00fc bir yakla\u015f\u0131mla birle\u015ftiriyor. Hidrolik sistemlerdeki uzun y\u0131llara dayanan deneyiminden yararlanan FMP, ara\u015ft\u0131rma, tasar\u0131m ve \u00fcretimde m\u00fckemmellik g\u00f6steren modern bir kurulu\u015fa d\u00f6n\u00fc\u015fm\u00fc\u015ft\u00fcr. \u00c7ift etkili silindirler, otomotiv kald\u0131rma silindirleri, tar\u0131m makineleri silindirleri ve \u00e7e\u015fitli end\u00fcstriyel uygulamalar i\u00e7in \u00f6zel olarak tasarlanm\u0131\u015f \u00e7\u00f6z\u00fcmler de dahil olmak \u00fczere geni\u015f bir hidrolik silindir yelpazesi sunuyoruz. \u0130ster in\u015faat, ister end\u00fcstriyel tesisler, ister tar\u0131m veya a\u011f\u0131r makineler olsun, hidrolik silindirlerimiz en zorlu ko\u015fullarda performans g\u00f6sterecek \u015fekilde tasarlanm\u0131\u015f olup g\u00fcvenlik, verimlilik ve uzun \u00f6m\u00fcr sa\u011flar.<\/p>\n<p>FMP olarak, hassas makineler ve geli\u015fmi\u015f test sistemleriyle donat\u0131lm\u0131\u015f son teknoloji \u00fcretim tesislerimizle gurur duyuyoruz. \u00dcretim s\u00fcre\u00e7lerimiz, s\u0131k\u0131 ulusal ve uluslararas\u0131 standartlara uygun olup, \u00fcretilen her hidrolik silindirin en y\u00fcksek kalite ve g\u00fcvenilirlik standartlar\u0131n\u0131 kar\u015f\u0131lamas\u0131n\u0131 garanti eder. Son teknoloji ekipmanlarla desteklenen yetenekli teknik ekibimiz, hammadde se\u00e7iminden son kontrole kadar \u00fcretimin her a\u015famas\u0131nda titiz bir kalite kontrol\u00fc sa\u011flamam\u0131z\u0131 m\u00fcmk\u00fcn k\u0131lar. M\u00fckemmelli\u011fe olan bu ba\u011fl\u0131l\u0131\u011f\u0131m\u0131z, sekt\u00f6r otoritelerinden sertifikalar ve takdirler almam\u0131z\u0131 sa\u011flayarak, g\u00fcvenilir bir i\u015f orta\u011f\u0131 olarak itibar\u0131m\u0131z\u0131 daha da sa\u011flamla\u015ft\u0131rm\u0131\u015ft\u0131r.<\/p>\n<p><img loading=\"lazy\" decoding=\"async\" class=\"alignnone size-full wp-image-6720\" src=\"https:\/\/fmp-components.com\/wp-content\/uploads\/2025\/03\/hydraulic-cylinder-8.webp\" alt=\"Teleskopik Hidrolik Silindirler\" width=\"933\" height=\"526\" title=\"\" srcset=\"https:\/\/fmp-components.com\/wp-content\/uploads\/2025\/03\/hydraulic-cylinder-8.webp 933w, https:\/\/fmp-components.com\/wp-content\/uploads\/2025\/03\/hydraulic-cylinder-8-480x271.webp 480w\" sizes=\"(min-width: 0px) and (max-width: 480px) 480px, (min-width: 481px) 933px, 100vw\" \/><\/p>\n<p>Misyonumuz basit ama iddial\u0131: Performans, dayan\u0131kl\u0131l\u0131k ve de\u011fer a\u00e7\u0131s\u0131ndan beklentileri a\u015fan hidrolik silindirler sunmak. Profesyonellik, d\u00fcr\u00fcstl\u00fck ve m\u00fc\u015fteri odakl\u0131l\u0131k ilkeleriyle, yenilik\u00e7ilik ve hassasiyet k\u00fclt\u00fcr\u00fcn\u00fc benimsiyor ve pazarda rekabet\u00e7i kalabilmek i\u00e7in \u00fcr\u00fcnlerimizi s\u00fcrekli geli\u015ftiriyoruz. Kapsaml\u0131 \u00fcr\u00fcn yelpazemiz ve ki\u015fiye \u00f6zel \u00e7\u00f6z\u00fcmler sunma kapasitemiz, bizi y\u00fcksek performansl\u0131 hidrolik silindir arayan i\u015fletmeler i\u00e7in tercih edilen se\u00e7enek haline getiriyor.<\/p>\n<p>FMP, bir \u00fcreticiden \u00e7ok daha fazlas\u0131d\u0131r; ba\u015far\u0131n\u0131z\u0131n orta\u011f\u0131y\u0131z. M\u00fc\u015fterilerimizin \u00fcretkenli\u011fi ve g\u00fcvenli\u011fi art\u0131ran ara\u00e7lar i\u00e7in bize g\u00fcvendi\u011finin fark\u0131nday\u0131z. Bu nedenle, yaln\u0131zca birinci s\u0131n\u0131f \u00fcr\u00fcnler sunmakla kalmay\u0131p ayn\u0131 zamanda ola\u011fan\u00fcst\u00fc hizmet sunmaya da kararl\u0131y\u0131z. \u0130lk dan\u0131\u015fmanl\u0131ktan sat\u0131\u015f sonras\u0131 deste\u011fe kadar, m\u00fc\u015fterilerimizin ihtiya\u00e7lar\u0131n\u0131n profesyonellik ve \u00f6zenle kar\u015f\u0131lanmas\u0131n\u0131 sa\u011flamak i\u00e7in m\u00fc\u015fterilerimizle yak\u0131n i\u015f birli\u011fi i\u00e7indeyiz. Rekabet\u00e7i fiyatlar\u0131m\u0131z ve kaliteye olan sars\u0131lmaz ba\u011fl\u0131l\u0131\u011f\u0131m\u0131z, FMP'yi g\u00fcvenilir hidrolik \u00e7\u00f6z\u00fcmlere yat\u0131r\u0131m yapmak isteyen \u015firketler i\u00e7in ak\u0131ll\u0131 bir tercih haline getiriyor.<\/p>","protected":false},"excerpt":{"rendered":"<p>High Quality Mini Dump Truck Hydraulic Hoist Cylinder Telescopic Hydraulic Cylinder The High Quality Mini Dump Truck Hydraulic Hoist Cylinder Telescopic Hydraulic Cylinder is a top-tier product that ensures optimal functionality and longevity. Primarily used in machinery repair shops, farms, energy and mining sectors, machinery manufacturing and factories, this hydraulic cylinder is designed to deliver [&hellip;]<\/p>","protected":false},"featured_media":6718,"comment_status":"closed","ping_status":"closed","template":"","meta":{"_et_pb_use_builder":"","_et_pb_old_content":"","_et_gb_content_width":""},"product_brand":[],"product_cat":[103],"product_tag":[34,105],"class_list":{"0":"post-6576","1":"product","2":"type-product","3":"status-publish","4":"has-post-thumbnail","6":"product_cat-telescopic-hydraulic-cylinders","7":"product_tag-hydraulic-cylinder","8":"product_tag-telescopic-hydraulic-cylinders","10":"first","11":"instock","12":"product-type-simple"},"_links":{"self":[{"href":"https:\/\/fmp-components.com\/tr\/wp-json\/wp\/v2\/product\/6576","targetHints":{"allow":["GET"]}}],"collection":[{"href":"https:\/\/fmp-components.com\/tr\/wp-json\/wp\/v2\/product"}],"about":[{"href":"https:\/\/fmp-components.com\/tr\/wp-json\/wp\/v2\/types\/product"}],"replies":[{"embeddable":true,"href":"https:\/\/fmp-components.com\/tr\/wp-json\/wp\/v2\/comments?post=6576"}],"wp:featuredmedia":[{"embeddable":true,"href":"https:\/\/fmp-components.com\/tr\/wp-json\/wp\/v2\/media\/6718"}],"wp:attachment":[{"href":"https:\/\/fmp-components.com\/tr\/wp-json\/wp\/v2\/media?parent=6576"}],"wp:term":[{"taxonomy":"product_brand","embeddable":true,"href":"https:\/\/fmp-components.com\/tr\/wp-json\/wp\/v2\/product_brand?post=6576"},{"taxonomy":"product_cat","embeddable":true,"href":"https:\/\/fmp-components.com\/tr\/wp-json\/wp\/v2\/product_cat?post=6576"},{"taxonomy":"product_tag","embeddable":true,"href":"https:\/\/fmp-components.com\/tr\/wp-json\/wp\/v2\/product_tag?post=6576"}],"curies":[{"name":"wp","href":"https:\/\/api.w.org\/{rel}","templated":true}]}}