{"id":6573,"date":"2025-03-11T06:31:13","date_gmt":"2025-03-11T06:31:13","guid":{"rendered":"https:\/\/fmp-components.com\/product\/good-quality-4-stage-double-acting-telescopic-multistage-hydraulic-cylinder"},"modified":"2025-03-14T02:28:31","modified_gmt":"2025-03-14T02:28:31","slug":"good-quality-4-stage-double-acting-telescopic-multistage-hydraulic-cylinder","status":"publish","type":"product","link":"https:\/\/fmp-components.com\/tr\/product\/good-quality-4-stage-double-acting-telescopic-multistage-hydraulic-cylinder\/","title":{"rendered":"\u0130yi Kalite 4 Kademeli \u00c7ift Etkili Teleskopik \u00c7ok Kademeli Hidrolik Silindir"},"content":{"rendered":"<h2>\u0130yi Kalite 4 Kademeli \u00c7ift Etkili Teleskopik \u00c7ok Kademeli Hidrolik Silindir<\/h2>\n<p>Birinci s\u0131n\u0131f, y\u00fcksek performansl\u0131 4 Kademeli \u00c7ift Etkili Teleskopik hidrolik silindiri sunuyoruz. Bu hidrolik silindir, Makine Tamir At\u00f6lyeleri, \u00c7iftlikler, Enerji ve Madencilik, Makine \u0130malat\u0131 ve Makine Fabrikalar\u0131 dahil olmak \u00fczere \u00e7e\u015fitli sekt\u00f6rlere uyacak \u015fekilde tasarlanm\u0131\u015f, \u00fcst\u00fcn kalite ve sa\u011flam m\u00fchendisli\u011fin m\u00fckemmel bir kar\u0131\u015f\u0131m\u0131d\u0131r.<\/p>\n<h3>Temel \u00d6zellikler ve \u0130\u015flevler<\/h3>\n<p>Hidrolik silindir, hidrolik enerjiyi mekanik enerjiye d\u00f6n\u00fc\u015ft\u00fcren ve makine ba\u011flant\u0131lar\u0131n\u0131 ve ekipmanlar\u0131n\u0131 hareket ettirmek i\u00e7in gereken do\u011frusal hareketi ve kuvveti \u00fcreten hidrolik sistemlerin temel bir bile\u015fenidir. Bu \u00fcr\u00fcn, maksimum 3000 ton itme g\u00fcc\u00fc ve tam 20 ton \u00e7ekme g\u00fcc\u00fcyle tasarlanm\u0131\u015ft\u0131r ve bu da onu a\u011f\u0131r hizmet uygulamalar\u0131 i\u00e7in m\u00fckemmel bir se\u00e7im haline getirir.<\/p>\n<h3>\u00d6zellikler<\/h3>\n<p>Bu \u00fcr\u00fcn\u00fcn \u00f6zellikleri, maksimum verimlilik ve uzun \u00f6m\u00fcr sa\u011flamak i\u00e7in titizlikle tasarlanm\u0131\u015ft\u0131r.<\/p>\n<table style=\"width: 97.8678%;\" border=\"\">\n<tbody>\n<tr>\n<th style=\"width: 42.8571%;\">Delik Boyutu<\/th>\n<th style=\"width: 397.143%;\">2-6 in\u00e7<\/th>\n<\/tr>\n<tr>\n<td style=\"width: 42.8571%;\">\u00c7ubuk Boyutu<\/td>\n<td style=\"width: 397.143%;\">1.125-4 in\u00e7<\/td>\n<\/tr>\n<tr>\n<td style=\"width: 42.8571%;\">Vuru\u015f Boyutu<\/td>\n<td style=\"width: 397.143%;\">4-100 in\u00e7<\/td>\n<\/tr>\n<tr>\n<td style=\"width: 42.8571%;\">Pin Boyutu<\/td>\n<td style=\"width: 397.143%;\">0,5-2 in\u00e7<\/td>\n<\/tr>\n<tr>\n<td style=\"width: 42.8571%;\">Limanlar<\/td>\n<td style=\"width: 397.143%;\">G\/SAE\/NPT\/M<\/td>\n<\/tr>\n<\/tbody>\n<\/table>\n<h2>Ay\u0131rt Edici \u00d6zellikler<\/h2>\n<ul>\n<li>Enerji Verimlili\u011fi: Bu hidrolik silindir, enerji t\u00fcketimini en aza indirirken \u00e7\u0131kt\u0131y\u0131 en \u00fcst d\u00fczeye \u00e7\u0131karmak i\u00e7in tasarlanm\u0131\u015ft\u0131r.<\/li>\n<li>Y\u00fcksek Performans: 3000 tonluk maksimum itme g\u00fcc\u00fc ve 20 tonluk maksimum \u00e7ekme g\u00fcc\u00fcyle benzersiz bir performans sunar.<\/li>\n<li>G\u00fcvenlik: \u00dcr\u00fcn, risksiz \u00e7al\u0131\u015fmay\u0131 garantilemek i\u00e7in en y\u00fcksek g\u00fcvenlik standartlar\u0131yla tasarlanm\u0131\u015ft\u0131r.<\/li>\n<\/ul>\n<p><img loading=\"lazy\" decoding=\"async\" class=\"alignnone  wp-image-6663\" src=\"https:\/\/fmp-components.com\/wp-content\/uploads\/2025\/03\/telescopic-hydraulic-cylinder-11.webp\" alt=\"teleskopik hidrolik silindir\" width=\"794\" height=\"794\" title=\"\" srcset=\"https:\/\/fmp-components.com\/wp-content\/uploads\/2025\/03\/telescopic-hydraulic-cylinder-11.webp 794w, https:\/\/fmp-components.com\/wp-content\/uploads\/2025\/03\/telescopic-hydraulic-cylinder-11-480x480.webp 480w\" sizes=\"(min-width: 0px) and (max-width: 480px) 480px, (min-width: 481px) 794px, 100vw\" \/><\/p>\n<h2>Hidrolik Sistemler ve \u00c7al\u0131\u015fma Prensipleri<\/h2>\n<p>Hidrolik silindir, do\u011frusal kuvvet ve hareket \u00fcretmek i\u00e7in bas\u0131n\u00e7l\u0131 hidrolik s\u0131v\u0131 kullanma temel prensibiyle \u00e7al\u0131\u015f\u0131r. Hidrolik s\u0131v\u0131 silindir i\u00e7inde bas\u0131n\u00e7land\u0131r\u0131ld\u0131\u011f\u0131nda, pistona etki eden bir kuvvet olu\u015fturur ve bu da harekete neden olur. Bu mekanizma, hidrolik enerjiyi mekanik enerjiye d\u00f6n\u00fc\u015ft\u00fcrerek g\u00fc\u00e7 ve hassasiyet gerektiren \u00e7e\u015fitli g\u00f6revlerin ger\u00e7ekle\u015ftirilmesini sa\u011flar. Hidrolik silindirlerin \u00e7ok y\u00f6nl\u00fcl\u00fc\u011f\u00fc, \u00f6zellikle g\u00fcvenilir ve g\u00fc\u00e7l\u00fc performans\u0131n \u00f6nemli oldu\u011fu a\u011f\u0131r makineler, in\u015faat ekipmanlar\u0131 ve b\u00fcy\u00fck aletler gibi bir\u00e7ok uygulamada onlar\u0131 vazge\u00e7ilmez k\u0131lar.<\/p>\n<p>Hidrolik sistemler, \u00e7e\u015fitli sekt\u00f6rlerde operasyonel verimlili\u011fi art\u0131rmak i\u00e7in bu prensipten yararlan\u0131r. Hidrolik s\u0131v\u0131 kullanarak, bu sistemler g\u00fcc\u00fc \u00f6nemli bir kay\u0131p olmadan uzun mesafelere iletebilir ve bu da onlar\u0131 alan ve a\u011f\u0131rl\u0131k k\u0131s\u0131tlamalar\u0131n\u0131n \u00f6nemli oldu\u011fu uygulamalar i\u00e7in ideal hale getirir. Bu kabiliyet, hidrolik silindirlerin a\u011f\u0131r y\u00fckleri kald\u0131rmak, makine par\u00e7alar\u0131n\u0131 hareket ettirmek ve karma\u015f\u0131k g\u00f6revleri kolayl\u0131kla ger\u00e7ekle\u015ftirmek i\u00e7in gerekli kuvveti sa\u011flamas\u0131n\u0131 sa\u011flar.<\/p>\n<h2>Uygulamalar<\/h2>\n<p>Hidrolik silindirlerimiz, Makine Tamir At\u00f6lyeleri, \u00c7iftlikler, Enerji ve Madencilik, Makine \u0130malat\u0131 ve Makine Fabrikalar\u0131 dahil olmak \u00fczere \u00e7e\u015fitli sekt\u00f6rlerde yayg\u0131n olarak kullan\u0131lmaktad\u0131r. Makine tamir at\u00f6lyelerinde, a\u011f\u0131r ekipmanlar\u0131n g\u00fcvenli bir \u015fekilde kald\u0131r\u0131lmas\u0131n\u0131 ve konumland\u0131r\u0131lmas\u0131n\u0131 kolayla\u015ft\u0131rarak teknisyenlerin bak\u0131m ve onar\u0131mlar\u0131n\u0131 etkili bir \u015fekilde ger\u00e7ekle\u015ftirmelerini sa\u011flar. Bu i\u015flevsellik, makinelerin \u00e7al\u0131\u015f\u0131r durumda ve g\u00fcvenli bir \u015fekilde kullan\u0131lmas\u0131n\u0131 sa\u011flamak i\u00e7in kritik \u00f6neme sahiptir.<\/p>\n<p>Tar\u0131msal ortamlarda, trakt\u00f6r, saban ve bi\u00e7erd\u00f6ver gibi tar\u0131m makinelerinin \u00e7al\u0131\u015ft\u0131r\u0131lmas\u0131 i\u00e7in hidrolik silindirler olmazsa olmazd\u0131r. \u00c7ift\u00e7ilerin ekipmanlar\u0131 verimli bir \u015fekilde kald\u0131r\u0131p ayarlamalar\u0131n\u0131 sa\u011flayarak verimlili\u011fi \u00f6nemli \u00f6l\u00e7\u00fcde art\u0131r\u0131r ve manuel i\u015f g\u00fcc\u00fcyle ili\u015fkili fiziksel zorlanmay\u0131 azalt\u0131r.<\/p>\n<p>Enerji ve madencilik sekt\u00f6rleri de ekskavat\u00f6r ve sondaj makineleri gibi ekipmanlara g\u00fc\u00e7 sa\u011flamak i\u00e7in b\u00fcy\u00fck \u00f6l\u00e7\u00fcde hidrolik silindirlere g\u00fcvenmektedir. Bu silindirler, zorlu g\u00f6revleri yerine getirmek i\u00e7in gereken g\u00fcc\u00fc sa\u011flayarak zorlu ortamlarda verimli kaynak \u00e7\u0131kar\u0131m\u0131 ve elle\u00e7lemeyi garanti alt\u0131na al\u0131r.<\/p>\n<p>Makine imalat sekt\u00f6r\u00fcnde, hidrolik silindirlerimiz montaj hatlar\u0131 ve \u00fcretim s\u00fcre\u00e7lerinin ayr\u0131lmaz bir par\u00e7as\u0131d\u0131r. Bile\u015fenlerin hassas hareketine yard\u0131mc\u0131 olarak i\u015f ak\u0131\u015f\u0131n\u0131 ve operasyonel verimlili\u011fi iyile\u015ftirmeye katk\u0131da bulunurlar. G\u00fcvenilirlikleri ve performanslar\u0131, y\u00fcksek \u00fcretim standartlar\u0131n\u0131n korunmas\u0131 ve duru\u015f s\u00fcrelerinin en aza indirilmesi a\u00e7\u0131s\u0131ndan kritik \u00f6neme sahiptir.<\/p>\n<h2>Hidrolik Silindirler ve G\u00fc\u00e7 \u00dcniteleri<\/h2>\n<p>Hidrolik silindirler ve g\u00fc\u00e7 \u00fcniteleri, etkili g\u00fc\u00e7 ve kontrol sa\u011flamak i\u00e7in i\u015f birli\u011fi i\u00e7inde \u00e7al\u0131\u015fan, her hidrolik sistemin ayr\u0131lmaz bile\u015fenleridir. G\u00fc\u00e7 \u00fcnitesi, hidrolik silindirleri \u00e7al\u0131\u015ft\u0131rmak i\u00e7in gereken hidrolik s\u0131v\u0131 bas\u0131nc\u0131n\u0131 \u00fcretip d\u00fczenleyerek sistemin enerji kayna\u011f\u0131 g\u00f6revi g\u00f6r\u00fcr. Bu sinerji, silindirlerin i\u015flevlerini verimli bir \u015fekilde yerine getirmeleri i\u00e7in gereken kuvveti almas\u0131n\u0131 sa\u011flar.<\/p>\n<p>Hidrolik silindirler ve g\u00fc\u00e7 \u00fcnitelerinin birle\u015fimi, hidrolik teknolojisinin end\u00fcstriyel alanda geni\u015f bir uygulama alan\u0131na sahip olmas\u0131n\u0131 sa\u011flar. Birlikte, \u00e7e\u015fitli m\u00fchendislik ve mekanik ekipmanlar i\u00e7in g\u00fcvenilir g\u00fc\u00e7 ve kontrol deste\u011fi sa\u011flayarak, i\u015fletmelerin operasyonel hedeflerine g\u00fcvenle ula\u015fmalar\u0131n\u0131 sa\u011flar.<\/p>\n<p>FMP olarak, yaln\u0131zca y\u00fcksek kaliteli hidrolik silindirler de\u011fil, ayn\u0131 zamanda sat\u0131\u015fa sunulan \u00e7e\u015fitli g\u00fc\u00e7 \u00fcniteleri de sunuyoruz. Bu kapsaml\u0131 yakla\u015f\u0131m, m\u00fc\u015fterilerimizin \u00f6zel ihtiya\u00e7lar\u0131na g\u00f6re uyarlanm\u0131\u015f eksiksiz hidrolik \u00e7\u00f6z\u00fcmlere eri\u015fmesini sa\u011flar. Her iki bile\u015feni de sa\u011flayarak, i\u015fletmelerin hidrolik sistemlerini optimize etmelerine, \u00e7e\u015fitli uygulamalarda verimlili\u011fi, g\u00fcvenilirli\u011fi ve genel \u00fcretkenli\u011fi art\u0131rmalar\u0131na yard\u0131mc\u0131 oluyoruz.<\/p>\n<h2>SSS<\/h2>\n<p><strong>S: Siz bir ticaret \u015firketi misiniz yoksa \u00fcretici misiniz?<\/strong><\/p>\n<p>A: Biz bir fabrikay\u0131z.<\/p>\n<p><strong>S: Teslimat s\u00fcreniz ne kadard\u0131r?<\/strong><\/p>\n<p>A: Genellikle 25-35 g\u00fcnd\u00fcr.<\/p>\n<p><strong>S: Numune sa\u011fl\u0131yor musunuz?<\/strong><\/p>\n<p>C: Evet, numune sunabiliriz ancak \u00fccretsiz de\u011fil.<\/p>\n<h3>FMP Hakk\u0131nda<\/h3>\n<p class=\"break-words\">FMP, y\u00fcksek kaliteli hidrolik silindirlerin tasar\u0131m\u0131, geli\u015ftirilmesi ve \u00fcretiminde uzmanla\u015fm\u0131\u015f lider bir \u0130talyan \u00fcreticisidir. Onlarca y\u0131ll\u0131k uzmanl\u0131\u011fa dayanan zengin bir mirasa sahip olarak, \u0130talyan i\u015f\u00e7ili\u011fini en son teknolojiyle gururla birle\u015ftirerek, k\u00fcresel m\u00fc\u015fterilerimizin \u00e7e\u015fitli ihtiya\u00e7lar\u0131n\u0131 kar\u015f\u0131lamak \u00fczere tasarlanm\u0131\u015f ola\u011fan\u00fcst\u00fc hidrolik \u00e7\u00f6z\u00fcmler sunuyoruz. M\u00fchendislik m\u00fckemmelli\u011finin merkezi \u0130talya'da bulunan FMP, hidrolik sekt\u00f6r\u00fcnde g\u00fcvenilir bir isim olarak \u00f6ne \u00e7\u0131kmakta ve d\u00fcnya \u00e7ap\u0131ndaki i\u015fletmelere g\u00fc\u00e7 katan g\u00fcvenilir, dayan\u0131kl\u0131 ve yenilik\u00e7i \u00fcr\u00fcnler sunmaya kendini adam\u0131\u015ft\u0131r.<\/p>\n<p class=\"break-words\">\u015eirketimiz, ileri d\u00fczey \u00fcretim geleneklerinin en iyilerini ileri g\u00f6r\u00fc\u015fl\u00fc bir yakla\u015f\u0131mla birle\u015ftiriyor. Hidrolik sistemlerdeki uzun y\u0131llara dayanan deneyiminden g\u00fc\u00e7 alan FMP, ara\u015ft\u0131rma, tasar\u0131m ve \u00fcretimde m\u00fckemmellik g\u00f6steren modern bir kurulu\u015fa d\u00f6n\u00fc\u015fm\u00fc\u015ft\u00fcr. \u00c7ift etkili silindirler, otomotiv kald\u0131rma silindirleri, tar\u0131m makineleri silindirleri ve \u00e7e\u015fitli end\u00fcstriyel uygulamalar i\u00e7in \u00f6zel olarak tasarlanm\u0131\u015f \u00e7\u00f6z\u00fcmler de dahil olmak \u00fczere geni\u015f bir hidrolik silindir yelpazesinde uzmanla\u015f\u0131yoruz. \u0130ster in\u015faat, ister end\u00fcstriyel tesisler, ister tar\u0131m veya a\u011f\u0131r makineler olsun, hidrolik silindirlerimiz en zorlu ko\u015fullarda bile g\u00fcvenlik, verimlilik ve uzun \u00f6m\u00fcr sa\u011flayacak \u015fekilde \u00fcretilmi\u015ftir.<\/p>\n<p><img loading=\"lazy\" decoding=\"async\" class=\"alignnone size-full wp-image-6720\" src=\"https:\/\/fmp-components.com\/wp-content\/uploads\/2025\/03\/hydraulic-cylinder-8.webp\" alt=\"Teleskopik Hidrolik Silindirler\" width=\"933\" height=\"526\" title=\"\" srcset=\"https:\/\/fmp-components.com\/wp-content\/uploads\/2025\/03\/hydraulic-cylinder-8.webp 933w, https:\/\/fmp-components.com\/wp-content\/uploads\/2025\/03\/hydraulic-cylinder-8-480x271.webp 480w\" sizes=\"(min-width: 0px) and (max-width: 480px) 480px, (min-width: 481px) 933px, 100vw\" \/><\/p>\n<p class=\"break-words\">FMP olarak, hassas makineler ve geli\u015fmi\u015f test sistemleriyle donat\u0131lm\u0131\u015f son teknoloji \u00fcretim tesislerimizle gurur duyuyoruz. \u00dcretim s\u00fcre\u00e7lerimiz, fabrikam\u0131zdan \u00e7\u0131kan her hidrolik silindirin \u00fcst\u00fcn kalite ve g\u00fcvenilirlikte olmas\u0131n\u0131 sa\u011flayan s\u0131k\u0131 ulusal ve uluslararas\u0131 standartlara uygundur. Son teknoloji ekipmanlarla bir araya gelen yetenekli teknik ekibimiz, hammadde se\u00e7iminden son kontrole kadar \u00fcretimin her a\u015famas\u0131nda s\u0131k\u0131 bir kalite kontrol\u00fc sa\u011flamam\u0131z\u0131 sa\u011flar. M\u00fckemmelli\u011fe olan bu ba\u011fl\u0131l\u0131\u011f\u0131m\u0131z, bize sekt\u00f6r otoritelerinden sertifikalar ve takdirler kazand\u0131rarak, g\u00fcvenilir bir i\u015f orta\u011f\u0131 olarak itibar\u0131m\u0131z\u0131 daha da sa\u011flamla\u015ft\u0131rm\u0131\u015ft\u0131r.<\/p>\n<p class=\"break-words\">Misyonumuz basit ama iddial\u0131: M\u00fc\u015fterilerimize performans, dayan\u0131kl\u0131l\u0131k ve de\u011fer a\u00e7\u0131s\u0131ndan beklentileri a\u015fan hidrolik silindirler sunmak. Profesyonellik, d\u00fcr\u00fcstl\u00fck ve m\u00fc\u015fteri odakl\u0131l\u0131k ilkeleriyle \u00e7al\u0131\u015f\u0131yoruz. Yenilik\u00e7ilik ve hassasiyet k\u00fclt\u00fcr\u00fcn\u00fc benimseyerek, rekabet\u00e7i bir pazarda \u00f6ne \u00e7\u0131kmak i\u00e7in \u00fcr\u00fcnlerimizi s\u00fcrekli olarak geli\u015ftiriyoruz. Kapsaml\u0131 \u00fcr\u00fcn yelpazemiz ve ki\u015fiye \u00f6zel \u00e7\u00f6z\u00fcmler sunma becerimiz, bizi y\u00fcksek performansl\u0131 hidrolik silindir arayan i\u015fletmeler i\u00e7in vazge\u00e7ilmez k\u0131l\u0131yor.<\/p>\n<p class=\"break-words\">FMP, yaln\u0131zca bir \u00fcreticiden daha fazlas\u0131d\u0131r; ba\u015far\u0131n\u0131z\u0131n orta\u011f\u0131y\u0131z. M\u00fc\u015fterilerimizin \u00fcretkenliklerini ve g\u00fcvenliklerini art\u0131ran ara\u00e7lar sunmam\u0131z i\u00e7in bize g\u00fcvendi\u011finin fark\u0131nday\u0131z. Bu nedenle, yaln\u0131zca birinci s\u0131n\u0131f \u00fcr\u00fcnler sunmakla kalmay\u0131p ayn\u0131 zamanda ola\u011fan\u00fcst\u00fc hizmet de sunmaya kararl\u0131y\u0131z. \u0130lk dan\u0131\u015fmanl\u0131ktan sat\u0131\u015f sonras\u0131 deste\u011fe kadar, ihtiya\u00e7lar\u0131n\u0131n profesyonellik ve \u00f6zenle kar\u015f\u0131lanmas\u0131n\u0131 sa\u011flamak i\u00e7in m\u00fc\u015fterilerimizle yak\u0131n bir \u015fekilde \u00e7al\u0131\u015f\u0131yoruz. Rekabet\u00e7i fiyatlar\u0131m\u0131z ve kaliteye olan sars\u0131lmaz ba\u011fl\u0131l\u0131\u011f\u0131m\u0131z, FMP'yi g\u00fcvenebilecekleri hidrolik \u00e7\u00f6z\u00fcmlere yat\u0131r\u0131m yapmak isteyen \u015firketler i\u00e7in ak\u0131ll\u0131 bir tercih haline getiriyor.<\/p>","protected":false},"excerpt":{"rendered":"<p>Good Quality 4 Stage Double Acting Telescopic Multistage Hydraulic Cylinder Introducing the top-notch, high-performing 4 Stage Double Acting Telescopic hydraulic cylinder. This hydraulic cylinder is a perfect blend of superior quality and robust engineering, designed to suit a variety of industries including Machinery Repair Shops, Farms, Energy &amp; Mining, Machinery manufacturing, and Machinery factories. Key [&hellip;]<\/p>","protected":false},"featured_media":6800,"comment_status":"closed","ping_status":"closed","template":"","meta":{"_et_pb_use_builder":"","_et_pb_old_content":"","_et_gb_content_width":""},"product_brand":[],"product_cat":[103],"product_tag":[34,105],"class_list":{"0":"post-6573","1":"product","2":"type-product","3":"status-publish","4":"has-post-thumbnail","6":"product_cat-telescopic-hydraulic-cylinders","7":"product_tag-hydraulic-cylinder","8":"product_tag-telescopic-hydraulic-cylinders","10":"first","11":"instock","12":"product-type-simple"},"_links":{"self":[{"href":"https:\/\/fmp-components.com\/tr\/wp-json\/wp\/v2\/product\/6573","targetHints":{"allow":["GET"]}}],"collection":[{"href":"https:\/\/fmp-components.com\/tr\/wp-json\/wp\/v2\/product"}],"about":[{"href":"https:\/\/fmp-components.com\/tr\/wp-json\/wp\/v2\/types\/product"}],"replies":[{"embeddable":true,"href":"https:\/\/fmp-components.com\/tr\/wp-json\/wp\/v2\/comments?post=6573"}],"wp:featuredmedia":[{"embeddable":true,"href":"https:\/\/fmp-components.com\/tr\/wp-json\/wp\/v2\/media\/6800"}],"wp:attachment":[{"href":"https:\/\/fmp-components.com\/tr\/wp-json\/wp\/v2\/media?parent=6573"}],"wp:term":[{"taxonomy":"product_brand","embeddable":true,"href":"https:\/\/fmp-components.com\/tr\/wp-json\/wp\/v2\/product_brand?post=6573"},{"taxonomy":"product_cat","embeddable":true,"href":"https:\/\/fmp-components.com\/tr\/wp-json\/wp\/v2\/product_cat?post=6573"},{"taxonomy":"product_tag","embeddable":true,"href":"https:\/\/fmp-components.com\/tr\/wp-json\/wp\/v2\/product_tag?post=6573"}],"curies":[{"name":"wp","href":"https:\/\/api.w.org\/{rel}","templated":true}]}}