{"id":6568,"date":"2025-03-11T06:31:13","date_gmt":"2025-03-11T06:31:13","guid":{"rendered":"https:\/\/fmp-components.com\/product\/hot-sale-mini-hydraulic-cylinder-for-dump-trailer"},"modified":"2025-03-18T01:05:38","modified_gmt":"2025-03-18T01:05:38","slug":"hot-sale-mini-hydraulic-cylinder-for-dump-trailer","status":"publish","type":"product","link":"https:\/\/fmp-components.com\/tr\/product\/hot-sale-mini-hydraulic-cylinder-for-dump-trailer\/","title":{"rendered":"Damperli R\u00f6mork i\u00e7in S\u0131cak Sat\u0131\u015f Mini Hidrolik Silindir"},"content":{"rendered":"<h2>Damperli R\u00f6mork i\u00e7in S\u0131cak Sat\u0131\u015f Mini Hidrolik Silindir<\/h2>\n<p>Mini hidrolik silindir, makine tamiri, tar\u0131m, enerji, madencilik ve makine imalat\u0131 gibi \u00e7ok \u00e7e\u015fitli sekt\u00f6rlerde hayati bir bile\u015fendir. Bu \u00fcr\u00fcn, hidrolik sistemlere g\u00fc\u00e7 sa\u011flamada ve sorunsuz ve verimli \u00e7al\u0131\u015fma i\u00e7in gerekli kuvveti sa\u011flamada \u00f6nemli bir ara\u00e7t\u0131r.<\/p>\n<h3>\u00dcr\u00fcn \u00d6zellikleri<\/h3>\n<p>Mini Hidrolik Silindir, 2025 y\u0131l\u0131 i\u00e7in etkileyici \u00f6zellikler ve teknik \u00f6zelliklerle donat\u0131lm\u0131\u015f yeni bir \u00fcr\u00fcnd\u00fcr:<\/p>\n<ul>\n<li>A\u011f\u0131rl\u0131k: 42 KG<\/li>\n<li>Tip: \u00c7ok kademeli hidrolik silindir<\/li>\n<li>G\u00f6vde Malzemesi: \u00c7elik<\/li>\n<li>Maksimum \u0130ti\u015f G\u00fcc\u00fc: 3000<\/li>\n<li>Maksimum \u00c7ekme G\u00fcc\u00fc: 20 ton<\/li>\n<li>Limanlar: G\/SAE\/NPT\/M<\/li>\n<li>Sertifikasyon: ISO9001:2000<\/li>\n<li>Delik Boyutu: 2-6 in\u00e7<\/li>\n<li>\u00c7ubuk Boyutu: 1,125-4 in\u00e7<\/li>\n<li>Vuru\u015f Boyutu: 4-100 in\u00e7<\/li>\n<li>Pin Boyutu: 0,5-2 in\u00e7<\/li>\n<li>Renk: Siyah<\/li>\n<\/ul>\n<table style=\"width: 92.7443%;\" border=\"\">\n<tbody>\n<tr>\n<th style=\"width: 42.8571%;\">Delik Boyutu<\/th>\n<th style=\"width: 385.143%;\">2-6 in\u00e7<\/th>\n<\/tr>\n<tr>\n<th style=\"width: 42.8571%;\">\u00c7ubuk Boyutu<\/th>\n<th style=\"width: 385.143%;\">1.125-4 in\u00e7<\/th>\n<\/tr>\n<tr>\n<th style=\"width: 42.8571%;\">Vuru\u015f Boyutu<\/th>\n<th style=\"width: 385.143%;\">4-100 in\u00e7<\/th>\n<\/tr>\n<tr>\n<th style=\"width: 42.8571%;\">Pin Boyutu<\/th>\n<th style=\"width: 385.143%;\">0,5-2 in\u00e7<\/th>\n<\/tr>\n<tr>\n<th style=\"width: 42.8571%;\">Limanlar<\/th>\n<th style=\"width: 385.143%;\">G\/SAE\/NPT\/M<\/th>\n<\/tr>\n<\/tbody>\n<\/table>\n<h3>Benzersiz \u00d6zellikler ve Avantajlar<\/h3>\n<p>Mini hidrolik silindir, enerji verimlili\u011fi ve y\u00fcksek performans i\u00e7in tasarlanm\u0131\u015ft\u0131r. Sa\u011flam \u00e7elik yap\u0131s\u0131 dayan\u0131kl\u0131l\u0131k ve uzun \u00f6m\u00fcr sa\u011flar. 3000 tonluk maksimum itme g\u00fcc\u00fc ve 20 tonluk maksimum \u00e7ekme g\u00fcc\u00fcyle, a\u011f\u0131r hizmet tipi g\u00f6revler i\u00e7in yeterli g\u00fc\u00e7 sa\u011flar.<\/p>\n<h2>Hidrolik Sistemler ve \u00c7al\u0131\u015fma Prensipleri<\/h2>\n<p>Hidrolik silindir, hidrolik enerjiyi mekanik harekete d\u00f6n\u00fc\u015ft\u00fcrerek bas\u0131nc\u0131 kuvvete d\u00f6n\u00fc\u015ft\u00fcr\u00fcr. Bu mekanizma, ba\u015fta makine imalat\u0131 ve onar\u0131m\u0131, tar\u0131m, enerji ve madencilik sekt\u00f6rleri olmak \u00fczere bir\u00e7ok end\u00fcstriyel uygulamada temel bir rol oynar.<\/p>\n<p><img loading=\"lazy\" decoding=\"async\" class=\"alignnone wp-image-6662\" src=\"https:\/\/fmp-components.com\/wp-content\/uploads\/2025\/03\/telescopic-hydraulic-cylinder-4.webp\" alt=\"teleskopik hidrolik silindir\" width=\"802\" height=\"802\" title=\"\" srcset=\"https:\/\/fmp-components.com\/wp-content\/uploads\/2025\/03\/telescopic-hydraulic-cylinder-4.webp 802w, https:\/\/fmp-components.com\/wp-content\/uploads\/2025\/03\/telescopic-hydraulic-cylinder-4-480x480.webp 480w\" sizes=\"(min-width: 0px) and (max-width: 480px) 480px, (min-width: 481px) 802px, 100vw\" \/><\/p>\n<h2>Mini Hidrolik Silindirin Uygulamalar\u0131<\/h2>\n<p>Bu \u00e7ok y\u00f6nl\u00fc \u00fcr\u00fcn, \u00f6zellikle damperli treylerlerde sorunsuz ve verimli \u00e7al\u0131\u015fmay\u0131 kolayla\u015ft\u0131rd\u0131\u011f\u0131 i\u00e7in geni\u015f bir uygulama yelpazesinde kullan\u0131lmak \u00fczere tasarlanm\u0131\u015ft\u0131r.<\/p>\n<h2>Hidrolik Silindirler ve G\u00fc\u00e7 \u00dcniteleri<\/h2>\n<p>Hidrolik silindirler ve g\u00fc\u00e7 \u00fcniteleri, hidrolik sistemlerin ayr\u0131lmaz bile\u015fenleridir. Hidrolik teknolojisinin end\u00fcstriyel sekt\u00f6rde yayg\u0131n olarak kullan\u0131lmas\u0131n\u0131 sa\u011flamak i\u00e7in birlikte \u00e7al\u0131\u015f\u0131rlar ve \u00e7e\u015fitli m\u00fchendislik ve mekanik ekipmanlara g\u00fcvenilir g\u00fc\u00e7 ve kontrol deste\u011fi sa\u011flarlar. Hidrolik silindirler, hidrolik enerjiyi mekanik harekete ve bas\u0131nc\u0131 kuvvete d\u00f6n\u00fc\u015ft\u00fcren tahrik bile\u015fenleri olarak g\u00f6rev yaparlar. G\u00fc\u00e7 \u00fcniteleri ise hidrolik sistem i\u00e7in gerekli enerji ve kontrol sinyallerini sa\u011flar. Bu iki bile\u015fenin koordinasyonu, hidrolik sistemin normal \u00e7al\u0131\u015fmas\u0131n\u0131 sa\u011flar.<\/p>\n<h2>SSS<\/h2>\n<p><strong>S: Siz bir ticaret \u015firketi misiniz yoksa \u00fcretici misiniz?<\/strong><br \/>\nA: Biz bir fabrikay\u0131z.<\/p>\n<p><strong>S: Teslimat s\u00fcreniz ne kadard\u0131r?<\/strong><br \/>\nA: Genellikle 25-35 g\u00fcnd\u00fcr.<\/p>\n<p><strong>S: Numune sa\u011fl\u0131yor musunuz?<\/strong><br \/>\nC: Evet, numune sunabiliriz ancak \u00fccretsiz de\u011fil.<\/p>\n<h3>FMP Hakk\u0131nda<\/h3>\n<p class=\"break-words\">FMP, y\u00fcksek kaliteli hidrolik silindirlerin tasar\u0131m\u0131, geli\u015ftirilmesi ve \u00fcretiminde uzmanla\u015fm\u0131\u015f lider bir \u0130talyan \u00fcreticisidir. Onlarca y\u0131ll\u0131k uzmanl\u0131\u011fa dayanan zengin bir mirasa sahip olarak, \u0130talyan i\u015f\u00e7ili\u011fini en son teknolojiyle gururla birle\u015ftirerek, k\u00fcresel m\u00fc\u015fterilerimizin \u00e7e\u015fitli ihtiya\u00e7lar\u0131n\u0131 kar\u015f\u0131lamak \u00fczere tasarlanm\u0131\u015f ola\u011fan\u00fcst\u00fc hidrolik \u00e7\u00f6z\u00fcmler sunuyoruz. M\u00fchendislik m\u00fckemmelli\u011finin merkezi \u0130talya'da bulunan FMP, hidrolik sekt\u00f6r\u00fcnde g\u00fcvenilir bir isim olarak \u00f6ne \u00e7\u0131kmakta ve d\u00fcnya \u00e7ap\u0131ndaki i\u015fletmelere g\u00fc\u00e7 katan g\u00fcvenilir, dayan\u0131kl\u0131 ve yenilik\u00e7i \u00fcr\u00fcnler sunmaya kendini adam\u0131\u015ft\u0131r.<\/p>\n<p class=\"break-words\">\u015eirketimiz, ileri d\u00fczey \u00fcretim geleneklerinin en iyilerini ileri g\u00f6r\u00fc\u015fl\u00fc bir yakla\u015f\u0131mla birle\u015ftiriyor. Hidrolik sistemlerdeki uzun y\u0131llara dayanan deneyiminden g\u00fc\u00e7 alan FMP, ara\u015ft\u0131rma, tasar\u0131m ve \u00fcretimde m\u00fckemmellik g\u00f6steren modern bir kurulu\u015fa d\u00f6n\u00fc\u015fm\u00fc\u015ft\u00fcr. \u00c7ift etkili silindirler, otomotiv kald\u0131rma silindirleri, tar\u0131m makineleri silindirleri ve \u00e7e\u015fitli end\u00fcstriyel uygulamalar i\u00e7in \u00f6zel olarak tasarlanm\u0131\u015f \u00e7\u00f6z\u00fcmler de dahil olmak \u00fczere geni\u015f bir hidrolik silindir yelpazesinde uzmanla\u015f\u0131yoruz. \u0130ster in\u015faat, ister end\u00fcstriyel tesisler, ister tar\u0131m veya a\u011f\u0131r makineler olsun, hidrolik silindirlerimiz en zorlu ko\u015fullarda bile g\u00fcvenlik, verimlilik ve uzun \u00f6m\u00fcr sa\u011flayacak \u015fekilde \u00fcretilmi\u015ftir.<\/p>\n<p><img loading=\"lazy\" decoding=\"async\" class=\"alignnone size-full wp-image-6720\" src=\"https:\/\/fmp-components.com\/wp-content\/uploads\/2025\/03\/hydraulic-cylinder-8.webp\" alt=\"Teleskopik Hidrolik Silindirler\" width=\"933\" height=\"526\" title=\"\" srcset=\"https:\/\/fmp-components.com\/wp-content\/uploads\/2025\/03\/hydraulic-cylinder-8.webp 933w, https:\/\/fmp-components.com\/wp-content\/uploads\/2025\/03\/hydraulic-cylinder-8-480x271.webp 480w\" sizes=\"(min-width: 0px) and (max-width: 480px) 480px, (min-width: 481px) 933px, 100vw\" \/><\/p>\n<p class=\"break-words\">FMP olarak, hassas makineler ve geli\u015fmi\u015f test sistemleriyle donat\u0131lm\u0131\u015f son teknoloji \u00fcretim tesislerimizle gurur duyuyoruz. \u00dcretim s\u00fcre\u00e7lerimiz, fabrikam\u0131zdan \u00e7\u0131kan her hidrolik silindirin \u00fcst\u00fcn kalite ve g\u00fcvenilirlikte olmas\u0131n\u0131 sa\u011flayan s\u0131k\u0131 ulusal ve uluslararas\u0131 standartlara uygundur. Son teknoloji ekipmanlarla bir araya gelen yetenekli teknik ekibimiz, hammadde se\u00e7iminden son kontrole kadar \u00fcretimin her a\u015famas\u0131nda s\u0131k\u0131 bir kalite kontrol\u00fc sa\u011flamam\u0131z\u0131 sa\u011flar. M\u00fckemmelli\u011fe olan bu ba\u011fl\u0131l\u0131\u011f\u0131m\u0131z, bize sekt\u00f6r otoritelerinden sertifikalar ve takdirler kazand\u0131rarak, g\u00fcvenilir bir i\u015f orta\u011f\u0131 olarak itibar\u0131m\u0131z\u0131 daha da sa\u011flamla\u015ft\u0131rm\u0131\u015ft\u0131r.<\/p>\n<p class=\"break-words\">Misyonumuz basit ama iddial\u0131: M\u00fc\u015fterilerimize performans, dayan\u0131kl\u0131l\u0131k ve de\u011fer a\u00e7\u0131s\u0131ndan beklentileri a\u015fan hidrolik silindirler sunmak. Profesyonellik, d\u00fcr\u00fcstl\u00fck ve m\u00fc\u015fteri odakl\u0131l\u0131k ilkeleriyle \u00e7al\u0131\u015f\u0131yoruz. Yenilik\u00e7ilik ve hassasiyet k\u00fclt\u00fcr\u00fcn\u00fc benimseyerek, rekabet\u00e7i bir pazarda \u00f6ne \u00e7\u0131kmak i\u00e7in \u00fcr\u00fcnlerimizi s\u00fcrekli olarak geli\u015ftiriyoruz. Kapsaml\u0131 \u00fcr\u00fcn yelpazemiz ve ki\u015fiye \u00f6zel \u00e7\u00f6z\u00fcmler sunma becerimiz, bizi y\u00fcksek performansl\u0131 hidrolik silindir arayan i\u015fletmeler i\u00e7in vazge\u00e7ilmez k\u0131l\u0131yor.<\/p>\n<p class=\"break-words\">FMP, yaln\u0131zca bir \u00fcreticiden daha fazlas\u0131d\u0131r; ba\u015far\u0131n\u0131z\u0131n orta\u011f\u0131y\u0131z. M\u00fc\u015fterilerimizin \u00fcretkenliklerini ve g\u00fcvenliklerini art\u0131ran ara\u00e7lar sunmam\u0131z i\u00e7in bize g\u00fcvendi\u011finin fark\u0131nday\u0131z. Bu nedenle, yaln\u0131zca birinci s\u0131n\u0131f \u00fcr\u00fcnler sunmakla kalmay\u0131p ayn\u0131 zamanda ola\u011fan\u00fcst\u00fc hizmet de sunmaya kararl\u0131y\u0131z. \u0130lk dan\u0131\u015fmanl\u0131ktan sat\u0131\u015f sonras\u0131 deste\u011fe kadar, ihtiya\u00e7lar\u0131n\u0131n profesyonellik ve \u00f6zenle kar\u015f\u0131lanmas\u0131n\u0131 sa\u011flamak i\u00e7in m\u00fc\u015fterilerimizle yak\u0131n bir \u015fekilde \u00e7al\u0131\u015f\u0131yoruz. Rekabet\u00e7i fiyatlar\u0131m\u0131z ve kaliteye olan sars\u0131lmaz ba\u011fl\u0131l\u0131\u011f\u0131m\u0131z, FMP'yi g\u00fcvenebilecekleri hidrolik \u00e7\u00f6z\u00fcmlere yat\u0131r\u0131m yapmak isteyen \u015firketler i\u00e7in ak\u0131ll\u0131 bir tercih haline getiriyor.<\/p>","protected":false},"excerpt":{"rendered":"<p>Hot Sale Mini Hydraulic Cylinder for Dump Trailer The mini hydraulic cylinder is a vital component in a wide range of industries such as machinery repair, farming, energy and mining, and machinery manufacturing. This product is an essential tool in powering hydraulic systems and providing the necessary force for smooth and efficient operations. Product Specifications [&hellip;]<\/p>","protected":false},"featured_media":6794,"comment_status":"closed","ping_status":"closed","template":"","meta":{"_et_pb_use_builder":"","_et_pb_old_content":"","_et_gb_content_width":""},"product_brand":[],"product_cat":[103],"product_tag":[34,105],"class_list":{"0":"post-6568","1":"product","2":"type-product","3":"status-publish","4":"has-post-thumbnail","6":"product_cat-telescopic-hydraulic-cylinders","7":"product_tag-hydraulic-cylinder","8":"product_tag-telescopic-hydraulic-cylinders","10":"first","11":"instock","12":"product-type-simple"},"_links":{"self":[{"href":"https:\/\/fmp-components.com\/tr\/wp-json\/wp\/v2\/product\/6568","targetHints":{"allow":["GET"]}}],"collection":[{"href":"https:\/\/fmp-components.com\/tr\/wp-json\/wp\/v2\/product"}],"about":[{"href":"https:\/\/fmp-components.com\/tr\/wp-json\/wp\/v2\/types\/product"}],"replies":[{"embeddable":true,"href":"https:\/\/fmp-components.com\/tr\/wp-json\/wp\/v2\/comments?post=6568"}],"wp:featuredmedia":[{"embeddable":true,"href":"https:\/\/fmp-components.com\/tr\/wp-json\/wp\/v2\/media\/6794"}],"wp:attachment":[{"href":"https:\/\/fmp-components.com\/tr\/wp-json\/wp\/v2\/media?parent=6568"}],"wp:term":[{"taxonomy":"product_brand","embeddable":true,"href":"https:\/\/fmp-components.com\/tr\/wp-json\/wp\/v2\/product_brand?post=6568"},{"taxonomy":"product_cat","embeddable":true,"href":"https:\/\/fmp-components.com\/tr\/wp-json\/wp\/v2\/product_cat?post=6568"},{"taxonomy":"product_tag","embeddable":true,"href":"https:\/\/fmp-components.com\/tr\/wp-json\/wp\/v2\/product_tag?post=6568"}],"curies":[{"name":"wp","href":"https:\/\/api.w.org\/{rel}","templated":true}]}}