{"id":6566,"date":"2025-03-11T06:29:39","date_gmt":"2025-03-11T06:29:39","guid":{"rendered":"https:\/\/fmp-components.com\/product\/quality-assurance-telescopic-hydraulic-cylinder-for-dump-trailer"},"modified":"2025-03-12T06:33:56","modified_gmt":"2025-03-12T06:33:56","slug":"quality-assurance-telescopic-hydraulic-cylinder-for-dump-trailer","status":"publish","type":"product","link":"https:\/\/fmp-components.com\/tr\/product\/quality-assurance-telescopic-hydraulic-cylinder-for-dump-trailer\/","title":{"rendered":"Damperli R\u00f6mork i\u00e7in Kalite G\u00fcvenceli Teleskopik Hidrolik Silindir"},"content":{"rendered":"<h2>Damperli R\u00f6mork i\u00e7in Kalite G\u00fcvenceli Teleskopik Hidrolik Silindir<\/h2>\n<p>En yeni \u00fcr\u00fcn\u00fcm\u00fcz olan Damperli Treyler i\u00e7in Kalite G\u00fcvenceli Teleskopik Hidrolik Silindiri'ni sunuyoruz. Bu, Makine Tamir At\u00f6lyeleri, \u00c7iftlikler, Enerji ve Madencilik ve Makine \u00fcretim tesisleri dahil olmak \u00fczere \u00e7e\u015fitli sekt\u00f6rlerde optimum performans i\u00e7in tasarlanm\u0131\u015f \u00fcst d\u00fczey bir hidrolik silindirdir.<\/p>\n<h2>\u00d6zellikler ve \u0130\u015flevler<\/h2>\n<p>Teleskopik Hidrolik Silindir, pistonlu yap\u0131ya sahip standart, \u00e7ok kademeli bir hidrolik silindirdir. Hidrolik g\u00fc\u00e7le \u00e7al\u0131\u015f\u0131r ve g\u00f6vdesi sa\u011flam \u00e7elikten yap\u0131lm\u0131\u015ft\u0131r. Maksimum 3000 itme g\u00fcc\u00fcne sahiptir ve 20 tona kadar \u00e7ekme kapasitesine sahiptir. Silindir, bir y\u0131l garantilidir ve \u00fcst\u00fcn kalitesini g\u00f6steren ISO9001:2000 sertifikal\u0131d\u0131r.<\/p>\n<table style=\"width: 95.4582%;\" border=\"\">\n<tbody>\n<tr>\n<th style=\"width: 43.5028%;\">Delik Boyutu<\/th>\n<td style=\"width: 461.017%;\">2-6 in\u00e7<\/td>\n<\/tr>\n<tr>\n<th style=\"width: 43.5028%;\">\u00c7ubuk Boyutu<\/th>\n<td style=\"width: 461.017%;\">1.125-4 in\u00e7<\/td>\n<\/tr>\n<tr>\n<th style=\"width: 43.5028%;\">Vuru\u015f Boyutu<\/th>\n<td style=\"width: 461.017%;\">4-100 in\u00e7<\/td>\n<\/tr>\n<tr>\n<th style=\"width: 43.5028%;\">Pin Boyutu<\/th>\n<td style=\"width: 461.017%;\">0,5-2 in\u00e7<\/td>\n<\/tr>\n<tr>\n<th style=\"width: 43.5028%;\">Limanlar<\/th>\n<td style=\"width: 461.017%;\">G\/SAE\/NPT\/M<\/td>\n<\/tr>\n<\/tbody>\n<\/table>\n<h2>Benzersiz Avantajlar<\/h2>\n<ul>\n<li>Enerji Verimlili\u011fi: Maksimum \u00e7\u0131k\u0131\u015f sa\u011flarken daha az g\u00fc\u00e7 t\u00fcketmek \u00fczere tasarlanm\u0131\u015ft\u0131r.<\/li>\n<li>Y\u00fcksek Etkili: 20 tona kadar \u00e7ekme kabiliyeti, onu a\u011f\u0131r hizmet uygulamalar\u0131 i\u00e7in uygun hale getirir.<\/li>\n<li>G\u00fcvenlik: Hidrolik silindir ISO9001:2000 sertifikal\u0131d\u0131r, bu da g\u00fcvenli\u011fini ve g\u00fcvenilirli\u011fini garanti alt\u0131na al\u0131r.<\/li>\n<\/ul>\n<h2>Hidrolik Sistem ve \u00c7al\u0131\u015fma Prensibi<\/h2>\n<p>Hidrolik silindirler, hidrolik enerjiyi mekanik harekete d\u00f6n\u00fc\u015ft\u00fcrme temel prensibiyle \u00e7al\u0131\u015f\u0131r. Bu d\u00f6n\u00fc\u015f\u00fcm, hidrolik silindir ile g\u00fc\u00e7 \u00fcnitesi aras\u0131ndaki kusursuz etkile\u015fim sayesinde ger\u00e7ekle\u015fir. Hidrolik s\u0131v\u0131 bas\u0131n\u00e7land\u0131r\u0131ld\u0131\u011f\u0131nda, pistonu silindir i\u00e7inde hareket ettiren bir kuvvet olu\u015fturur ve bu da do\u011frusal hareketle sonu\u00e7lan\u0131r. Bu s\u00fcre\u00e7, hassas kontrol ve g\u00fc\u00e7l\u00fc \u00e7al\u0131\u015fma sa\u011flayarak hidrolik sistemleri \u00e7e\u015fitli uygulamalar i\u00e7in olduk\u00e7a etkili hale getirir.<\/p>\n<h3>Uygulamalar<\/h3>\n<p>Hidrolik silindirlerimiz a\u015fa\u011f\u0131dakiler de dahil olmak \u00fczere \u00e7ok \u00e7e\u015fitli end\u00fcstrilerde kullan\u0131lmaktad\u0131r:<\/p>\n<ul>\n<li><strong>Makine Tamir At\u00f6lyeleri:<\/strong> A\u011f\u0131r makine par\u00e7alar\u0131n\u0131n bak\u0131m ve onar\u0131m\u0131 i\u00e7in kald\u0131r\u0131lmas\u0131na ve konumland\u0131r\u0131lmas\u0131na yard\u0131mc\u0131 olurlar.<\/li>\n<li><strong>\u00c7iftlikler:<\/strong> Ekipman, toprak ve \u00fcr\u00fcn gibi a\u011f\u0131r y\u00fcklerin verimli bir \u015fekilde ta\u015f\u0131nmas\u0131n\u0131 sa\u011flamak.<\/li>\n<li><strong>Enerji ve Madencilik:<\/strong> Zorlu ortamlarda g\u00fc\u00e7l\u00fc kald\u0131rma ve ta\u015f\u0131ma kabiliyetleri gerektiren operasyonlar\u0131 destekler.<\/li>\n<li><strong>Makine \u0130malat Tesisleri:<\/strong> \u00dcretim s\u00fcre\u00e7lerinde b\u00fcy\u00fck makine par\u00e7alar\u0131n\u0131n montaj\u0131n\u0131 ve hareketini kolayla\u015ft\u0131rmak.<\/li>\n<\/ul>\n<p><img loading=\"lazy\" decoding=\"async\" class=\"alignnone  wp-image-6665\" src=\"https:\/\/fmp-components.com\/wp-content\/uploads\/2025\/03\/telescopic-hydraulic-cylinder-9.webp\" alt=\"teleskopik hidrolik silindir\" width=\"926\" height=\"926\" title=\"\" srcset=\"https:\/\/fmp-components.com\/wp-content\/uploads\/2025\/03\/telescopic-hydraulic-cylinder-9.webp 926w, https:\/\/fmp-components.com\/wp-content\/uploads\/2025\/03\/telescopic-hydraulic-cylinder-9-480x480.webp 480w\" sizes=\"(min-width: 0px) and (max-width: 480px) 480px, (min-width: 481px) 926px, 100vw\" \/><\/p>\n<h2>Hidrolik Silindirler ve G\u00fc\u00e7 \u00dcniteleri<\/h2>\n<p>Hidrolik silindirler ve g\u00fc\u00e7 \u00fcniteleri, hidrolik sistemin hayati bile\u015fenleridir. Entegre \u00e7al\u0131\u015fmalar\u0131, hidrolik teknolojisinin end\u00fcstriyel ortamlarda yayg\u0131n olarak uygulanmas\u0131n\u0131 sa\u011flar. Hidrolik silindir, bas\u0131nc\u0131 kuvvete d\u00f6n\u00fc\u015ft\u00fcrerek hidrolik enerjiyi mekanik harekete d\u00f6n\u00fc\u015ft\u00fcrmekten sorumlu bir akt\u00fcat\u00f6r g\u00f6revi g\u00f6r\u00fcr. Bu, \u00e7ok \u00e7e\u015fitli makinelerin g\u00f6revlerini verimli ve etkili bir \u015fekilde yerine getirmesini sa\u011flar.<\/p>\n<p>\u00d6te yandan g\u00fc\u00e7 \u00fcnitesi, hidrolik sistemin kalbi olarak g\u00f6rev yapar ve gerekli enerjiyi ve kontrol sinyallerini iletir. Bir pompa, rezervuar ve s\u0131v\u0131 ak\u0131\u015f\u0131n\u0131 ve bas\u0131nc\u0131n\u0131 d\u00fczenleyen \u00e7e\u015fitli kontrol mekanizmalar\u0131ndan olu\u015fur. Hidrolik silindir ve g\u00fc\u00e7 \u00fcnitesi birlikte uyum i\u00e7inde \u00e7al\u0131\u015farak hidrolik sistemin sorunsuz ve g\u00fcvenilir bir \u015fekilde \u00e7al\u0131\u015fmas\u0131n\u0131 sa\u011flar.<\/p>\n<p>FMP olarak, \u00e7e\u015fitli uygulamalar\u0131n \u00f6zel ihtiya\u00e7lar\u0131n\u0131 kar\u015f\u0131lamak \u00fczere tasarlanm\u0131\u015f y\u00fcksek kaliteli g\u00fc\u00e7 \u00fcniteleri de sunarak hidrolik sistemlerinize ek destek sa\u011fl\u0131yoruz. Bu kapsaml\u0131 yakla\u015f\u0131m, makinelerinizin optimum performansla \u00e7al\u0131\u015fmas\u0131n\u0131 sa\u011flayarak operasyonlar\u0131n\u0131zda \u00fcretkenli\u011fi ve g\u00fcvenli\u011fi art\u0131r\u0131r.<\/p>\n<p><img loading=\"lazy\" decoding=\"async\" class=\"alignnone  wp-image-6664\" src=\"https:\/\/fmp-components.com\/wp-content\/uploads\/2025\/03\/telescopic-hydraulic-cylinder-8.webp\" alt=\"teleskopik hidrolik silindir\" width=\"910\" height=\"910\" title=\"\" srcset=\"https:\/\/fmp-components.com\/wp-content\/uploads\/2025\/03\/telescopic-hydraulic-cylinder-8.webp 910w, https:\/\/fmp-components.com\/wp-content\/uploads\/2025\/03\/telescopic-hydraulic-cylinder-8-480x480.webp 480w\" sizes=\"(min-width: 0px) and (max-width: 480px) 480px, (min-width: 481px) 910px, 100vw\" \/><\/p>\n<h3>SSS<\/h3>\n<p><strong>S: Hidrolik silindirlerinizin garantisi ne kadard\u0131r?<\/strong><br \/>\nA: Hidrolik silindirlerimiz 1 y\u0131l garantilidir.<\/p>\n<p><strong>S: Hidrolik silindirlerinizin maksimum itme kuvveti nedir?<\/strong><br \/>\nA: Hidrolik silindirlerimizin maksimum itme g\u00fcc\u00fc 3000'dir.<\/p>\n<p><strong>S: \u00dcr\u00fcn\u00fc sat\u0131n almadan \u00f6nce inceleyebilir miyim?<\/strong><br \/>\nC: Evet, m\u00fc\u015fterilerimize video \u00e7\u0131k\u0131\u015f denetimi hizmeti sa\u011fl\u0131yoruz.<\/p>\n<h3>FMP Hakk\u0131nda<\/h3>\n<p>FMP, y\u00fcksek kaliteli hidrolik silindirlerin tasar\u0131m\u0131, geli\u015ftirilmesi ve \u00fcretimiyle tan\u0131nan \u00f6nde gelen bir \u0130talyan \u00fcreticisidir. Onlarca y\u0131ll\u0131k uzmanl\u0131\u011f\u0131m\u0131zla, geleneksel \u0130talyan i\u015f\u00e7ili\u011fini ileri teknolojiyle harmanlayarak k\u00fcresel m\u00fc\u015fterilerimizin \u00e7e\u015fitli ihtiya\u00e7lar\u0131na \u00f6zel, ola\u011fan\u00fcst\u00fc hidrolik \u00e7\u00f6z\u00fcmler sunuyoruz. M\u00fchendislikte m\u00fckemmelli\u011fin merkezi olan \u0130talya'da bulunan FMP, d\u00fcnya \u00e7ap\u0131ndaki i\u015fletmelere g\u00fc\u00e7 katan g\u00fcvenilir, dayan\u0131kl\u0131 ve yenilik\u00e7i \u00fcr\u00fcnler sunmaya kendini adam\u0131\u015f, hidrolik sekt\u00f6r\u00fcnde g\u00fcvenilir bir isim olarak kendini kan\u0131tlam\u0131\u015ft\u0131r.<\/p>\n<p>\u0130leri d\u00fczey \u00fcretim geleneklerinin en iyilerini ileri g\u00f6r\u00fc\u015fl\u00fc bir yakla\u015f\u0131mla birle\u015ftiriyoruz. Hidrolik sistemlerdeki kapsaml\u0131 deneyimimizden yararlanan FMP, ara\u015ft\u0131rma, tasar\u0131m ve \u00fcretimde m\u00fckemmellik g\u00f6steren modern bir kurulu\u015fa d\u00f6n\u00fc\u015fm\u00fc\u015ft\u00fcr. Uzmanl\u0131k alan\u0131m\u0131z, \u00e7ift etkili silindirler, otomotiv kald\u0131rma silindirleri, tar\u0131m makineleri silindirleri ve \u00e7e\u015fitli end\u00fcstriyel uygulamalar i\u00e7in \u00f6zel olarak tasarlanm\u0131\u015f \u00e7\u00f6z\u00fcmler gibi geni\u015f bir hidrolik silindir yelpazesini kapsamaktad\u0131r. En zorlu ko\u015fullarda performans g\u00f6sterecek \u015fekilde tasarlanan hidrolik silindirlerimiz, in\u015faat, end\u00fcstriyel tesisler, tar\u0131m ve a\u011f\u0131r makine gibi sekt\u00f6rlerde g\u00fcvenlik, verimlilik ve uzun \u00f6m\u00fcr sa\u011flar.<\/p>\n<p>FMP olarak, hassas makineler ve geli\u015fmi\u015f test sistemleriyle donat\u0131lm\u0131\u015f son teknoloji \u00fcretim tesislerimizle gurur duyuyoruz. \u00dcretim s\u00fcre\u00e7lerimiz, fabrikam\u0131zdan \u00e7\u0131kan her hidrolik silindirin en y\u00fcksek kalite ve g\u00fcvenilirlik standartlar\u0131n\u0131 kar\u015f\u0131lamas\u0131n\u0131 garanti eden s\u0131k\u0131 ulusal ve uluslararas\u0131 standartlara uygundur. Son teknoloji ekipmanlarla bir araya gelen yetenekli teknik ekibimiz, hammadde se\u00e7iminden son kontrole kadar her \u00fcretim a\u015famas\u0131nda titiz bir kalite kontrol\u00fc sa\u011flamam\u0131z\u0131 m\u00fcmk\u00fcn k\u0131lar. M\u00fckemmelli\u011fe olan bu ba\u011fl\u0131l\u0131\u011f\u0131m\u0131z, sekt\u00f6r otoritelerinden sertifikalar ve \u00f6d\u00fcller almam\u0131z\u0131 sa\u011flayarak g\u00fcvenilir bir ortak olarak itibar\u0131m\u0131z\u0131 peki\u015ftirmi\u015ftir.<\/p>\n<p><img loading=\"lazy\" decoding=\"async\" class=\"alignnone size-full wp-image-6720\" src=\"https:\/\/fmp-components.com\/wp-content\/uploads\/2025\/03\/hydraulic-cylinder-8.webp\" alt=\"Teleskopik Hidrolik Silindirler\" width=\"933\" height=\"526\" title=\"\" srcset=\"https:\/\/fmp-components.com\/wp-content\/uploads\/2025\/03\/hydraulic-cylinder-8.webp 933w, https:\/\/fmp-components.com\/wp-content\/uploads\/2025\/03\/hydraulic-cylinder-8-480x271.webp 480w\" sizes=\"(min-width: 0px) and (max-width: 480px) 480px, (min-width: 481px) 933px, 100vw\" \/><\/p>\n<p>Misyonumuz hem basit hem de iddial\u0131: Performans, dayan\u0131kl\u0131l\u0131k ve de\u011fer a\u00e7\u0131s\u0131ndan beklentileri a\u015fan hidrolik silindirler sunmak. Profesyonellik, d\u00fcr\u00fcstl\u00fck ve m\u00fc\u015fteri odakl\u0131l\u0131k ilkeleriyle, yenilik\u00e7ilik ve hassasiyet k\u00fclt\u00fcr\u00fcn\u00fc benimsiyor ve rekabet\u00e7i pazarda \u00f6ne \u00e7\u0131kmak i\u00e7in \u00fcr\u00fcnlerimizi s\u00fcrekli geli\u015ftiriyoruz. Kapsaml\u0131 \u00fcr\u00fcn yelpazemiz ve ki\u015fiye \u00f6zel \u00e7\u00f6z\u00fcmler sunma yetene\u011fimizle, y\u00fcksek performansl\u0131 hidrolik silindir arayan i\u015fletmeler i\u00e7in tercih edilen bir tercihiz.<\/p>\n<p>FMP, bir \u00fcreticiden \u00e7ok daha fazlas\u0131d\u0131r; ba\u015far\u0131n\u0131z\u0131n orta\u011f\u0131y\u0131z. M\u00fc\u015fterilerimizin \u00fcretkenliklerini ve g\u00fcvenliklerini art\u0131ran ara\u00e7lar sunmam\u0131z i\u00e7in bize g\u00fcvendiklerinin fark\u0131nday\u0131z. Bu nedenle, yaln\u0131zca birinci s\u0131n\u0131f \u00fcr\u00fcnler sunmakla kalmay\u0131p ayn\u0131 zamanda ola\u011fan\u00fcst\u00fc hizmet de sunmaya kararl\u0131y\u0131z. \u0130lk dan\u0131\u015fmanl\u0131ktan sat\u0131\u015f sonras\u0131 deste\u011fe kadar, m\u00fc\u015fterilerimizin ihtiya\u00e7lar\u0131n\u0131n profesyonellik ve \u00f6zenle kar\u015f\u0131lanmas\u0131n\u0131 sa\u011flamak i\u00e7in m\u00fc\u015fterilerimizle yak\u0131n i\u015f birli\u011fi i\u00e7indeyiz. Rekabet\u00e7i fiyatlar\u0131m\u0131z ve kaliteye olan sars\u0131lmaz ba\u011fl\u0131l\u0131\u011f\u0131m\u0131z, FMP'yi g\u00fcvenilir hidrolik \u00e7\u00f6z\u00fcmlere yat\u0131r\u0131m yapmak isteyen \u015firketler i\u00e7in ak\u0131ll\u0131 bir tercih haline getiriyor.<\/p>","protected":false},"excerpt":{"rendered":"<p>Quality Assurance Telescopic Hydraulic Cylinder for Dump Trailer Introducing our newest product &#8211; the Quality Assurance Telescopic Hydraulic Cylinder for Dump Trailer. This is a top-tier hydraulic cylinder designed for optimum performance in various industries including Machinery Repair Shops, Farms, Energy &amp; Mining, and Machinery manufacturing plants. Features and Functionality The Telescopic Hydraulic Cylinder is [&hellip;]<\/p>","protected":false},"featured_media":6745,"comment_status":"closed","ping_status":"closed","template":"","meta":{"_et_pb_use_builder":"","_et_pb_old_content":"","_et_gb_content_width":""},"product_brand":[],"product_cat":[103],"product_tag":[34,105],"class_list":{"0":"post-6566","1":"product","2":"type-product","3":"status-publish","4":"has-post-thumbnail","6":"product_cat-telescopic-hydraulic-cylinders","7":"product_tag-hydraulic-cylinder","8":"product_tag-telescopic-hydraulic-cylinders","10":"first","11":"instock","12":"product-type-simple"},"_links":{"self":[{"href":"https:\/\/fmp-components.com\/tr\/wp-json\/wp\/v2\/product\/6566","targetHints":{"allow":["GET"]}}],"collection":[{"href":"https:\/\/fmp-components.com\/tr\/wp-json\/wp\/v2\/product"}],"about":[{"href":"https:\/\/fmp-components.com\/tr\/wp-json\/wp\/v2\/types\/product"}],"replies":[{"embeddable":true,"href":"https:\/\/fmp-components.com\/tr\/wp-json\/wp\/v2\/comments?post=6566"}],"wp:featuredmedia":[{"embeddable":true,"href":"https:\/\/fmp-components.com\/tr\/wp-json\/wp\/v2\/media\/6745"}],"wp:attachment":[{"href":"https:\/\/fmp-components.com\/tr\/wp-json\/wp\/v2\/media?parent=6566"}],"wp:term":[{"taxonomy":"product_brand","embeddable":true,"href":"https:\/\/fmp-components.com\/tr\/wp-json\/wp\/v2\/product_brand?post=6566"},{"taxonomy":"product_cat","embeddable":true,"href":"https:\/\/fmp-components.com\/tr\/wp-json\/wp\/v2\/product_cat?post=6566"},{"taxonomy":"product_tag","embeddable":true,"href":"https:\/\/fmp-components.com\/tr\/wp-json\/wp\/v2\/product_tag?post=6566"}],"curies":[{"name":"wp","href":"https:\/\/api.w.org\/{rel}","templated":true}]}}